{"id":67534,"date":"2025-06-05T09:53:04","date_gmt":"2025-06-05T07:53:04","guid":{"rendered":"https:\/\/magnetarmagnets.com\/?post_type=product&#038;p=67534"},"modified":"2026-03-18T17:18:11","modified_gmt":"2026-03-18T16:18:11","slug":"magnetar-3d-t-shirt-for-magnetfiske","status":"publish","type":"product","link":"https:\/\/test.magnetarmagnets.com\/sv\/shop\/magnetar-3d-t-shirt-for-magnetfiske\/","title":{"rendered":"Magnetar 3D T-shirt f\u00f6r magnetfiske"},"content":{"rendered":"<p>Vad har du p\u00e5 dig n\u00e4r du magnetfiskar? En Magnetar-t-shirt, sj\u00e4lvklart! Nu har alla fans m\u00f6jlighet att k\u00f6pa en Magnetar-t-shirt. P\u00e5 s\u00e5 s\u00e4tt kan du se elegant ut vid vattenkanten och visa ditt st\u00f6d f\u00f6r v\u00e5rt varum\u00e4rke.<\/p>\n<h2>Bekv\u00e4m passform och utm\u00e4rkt kvalitet<\/h2>\n<p>I utvecklingen av varje produkt str\u00e4var vi efter b\u00e4sta kvalitet. Det \u00e4r inte annorlunda i det h\u00e4r fallet. Magnetar-t-shirten \u00e4r tillverkad av ett tjockt och h\u00f6gkvalitativt tyg som g\u00f6r den slitstark, ett absolut m\u00e5ste vid magnetfiske!<\/p>\n<p>Magnetfiske \u00e4r f\u00f6rst\u00e5s en aktiv hobby. Du r\u00f6r dig mycket och kan bli smutsig. D\u00e4rf\u00f6r har Magnetar-t-shirten en n\u00e5got l\u00f6sare passform. Det g\u00f6r att du kan r\u00f6ra dig utan begr\u00e4nsningar och s\u00e4kerst\u00e4ller att du inte snart blir genomsvettig. T-shirten \u00e4r gjord av bomull.<\/p>\n<h2>H\u00f6gkvalitativ 3D-logotyp<\/h2>\n<p>Magnetar-t-shirten har en h\u00f6gkvalitativ 3D-logotyp. Magnetar-logotypen f\u00f6rblir synlig permanent eftersom den \u00e4r helt broderad. Det finns \u00e4ven en vanlig tryck p\u00e5 baksidan med texten &#8221;MAGNETAR&#8221; och en logga.<\/p>\n<h2>Magnetar-kvalitet<\/h2>\n<p>Magnetar \u00e4r ett litet familje\u00e4gt f\u00f6retag lett av \u00e4kta magnetfiskeentusiaster. Kvalitet \u00e4r v\u00e5r h\u00f6gsta prioritet och det syns i v\u00e5ra produkter. Alla v\u00e5ra produkter \u00e4r designade av v\u00e5rt eget team f\u00f6r att garantera kvalitet. Letar du efter p\u00e5litlig, effektiv och h\u00f6gkvalitativ utrustning f\u00f6r magnetfiske? D\u00e5 har du kommit r\u00e4tt med Magnetar!<\/p>\n","protected":false},"excerpt":{"rendered":"<p>Med denna t-shirt f\u00f6r magnetfiske visar du ditt <strong>st\u00f6d<\/strong> f\u00f6r Magnetar. Tr\u00f6jan har en <strong>vackert broderad 3D-logotyp<\/strong> framtill.<\/p>\n","protected":false},"featured_media":65286,"comment_status":"open","ping_status":"closed","template":"","meta":{"_acf_changed":false,"inline_featured_image":false},"product_brand":[],"product_cat":[270,167,268],"product_tag":[],"class_list":{"0":"post-67534","1":"product","2":"type-product","3":"status-publish","4":"has-post-thumbnail","6":"product_cat-merchandise-sv","7":"product_cat-okategoriserad","8":"product_cat-utrustning","10":"first","11":"instock","12":"taxable","13":"shipping-taxable","14":"purchasable","15":"product-type-variable"},"acf":[],"yoast_head":"<!-- This site is optimized with the Yoast SEO plugin v27.6 - https:\/\/yoast.com\/product\/yoast-seo-wordpress\/ -->\n<title>Magnetar 3D T-shirt f\u00f6r magnetfiske - Magnet fishing with a Magnetar fishing magnet<\/title>\n<meta name=\"description\" content=\"Magnetar 3D T-shirt - stilfull kl\u00e4dsel f\u00f6r magnetfiske\" \/>\n<meta name=\"robots\" content=\"index, follow, max-snippet:-1, max-image-preview:large, max-video-preview:-1\" \/>\n<link rel=\"canonical\" href=\"https:\/\/test.magnetarmagnets.com\/sv\/shop\/magnetar-3d-t-shirt-for-magnetfiske\/\" \/>\n<meta property=\"og:locale\" content=\"sv_SE\" \/>\n<meta property=\"og:type\" content=\"article\" \/>\n<meta property=\"og:title\" content=\"Magnetar 3D T-shirt f\u00f6r magnetfiske - Magnet fishing with a Magnetar fishing magnet\" \/>\n<meta property=\"og:description\" content=\"Magnetar 3D T-shirt - stilfull kl\u00e4dsel f\u00f6r magnetfiske\" \/>\n<meta property=\"og:url\" content=\"https:\/\/test.magnetarmagnets.com\/sv\/shop\/magnetar-3d-t-shirt-for-magnetfiske\/\" \/>\n<meta property=\"og:site_name\" content=\"Magnet fishing with a Magnetar fishing magnet\" \/>\n<meta property=\"article:publisher\" content=\"https:\/\/www.facebook.com\/fishingmagnets\/\" \/>\n<meta property=\"article:modified_time\" content=\"2026-03-18T16:18:11+00:00\" \/>\n<meta property=\"og:image\" content=\"https:\/\/test.magnetarmagnets.com\/wp-content\/uploads\/2023\/09\/JNF-Magnetar-Bedrijfsfotografie-01-09-2023-Foto-0544.jpg\" \/>\n\t<meta property=\"og:image:width\" content=\"1000\" \/>\n\t<meta property=\"og:image:height\" content=\"1000\" \/>\n\t<meta property=\"og:image:type\" content=\"image\/jpeg\" \/>\n<meta name=\"twitter:card\" content=\"summary_large_image\" \/>\n<meta name=\"twitter:label1\" content=\"Ber\u00e4knad l\u00e4stid\" \/>\n\t<meta name=\"twitter:data1\" content=\"2 minuter\" \/>\n<script type=\"application\/ld+json\" class=\"yoast-schema-graph\">{\"@context\":\"https:\\\/\\\/schema.org\",\"@graph\":[{\"@type\":[\"WebPage\",\"ItemPage\"],\"@id\":\"https:\\\/\\\/test.magnetarmagnets.com\\\/sv\\\/shop\\\/magnetar-3d-t-shirt-for-magnetfiske\\\/\",\"url\":\"https:\\\/\\\/test.magnetarmagnets.com\\\/sv\\\/shop\\\/magnetar-3d-t-shirt-for-magnetfiske\\\/\",\"name\":\"Magnetar 3D T-shirt f\u00f6r magnetfiske - Magnet fishing with a Magnetar fishing magnet\",\"isPartOf\":{\"@id\":\"https:\\\/\\\/test.magnetarmagnets.com\\\/sv\\\/#website\"},\"primaryImageOfPage\":{\"@id\":\"https:\\\/\\\/test.magnetarmagnets.com\\\/sv\\\/shop\\\/magnetar-3d-t-shirt-for-magnetfiske\\\/#primaryimage\"},\"image\":{\"@id\":\"https:\\\/\\\/test.magnetarmagnets.com\\\/sv\\\/shop\\\/magnetar-3d-t-shirt-for-magnetfiske\\\/#primaryimage\"},\"thumbnailUrl\":\"https:\\\/\\\/test.magnetarmagnets.com\\\/wp-content\\\/uploads\\\/2023\\\/09\\\/JNF-Magnetar-Bedrijfsfotografie-01-09-2023-Foto-0544.jpg\",\"datePublished\":\"2025-06-05T07:53:04+00:00\",\"dateModified\":\"2026-03-18T16:18:11+00:00\",\"description\":\"Magnetar 3D T-shirt - stilfull kl\u00e4dsel f\u00f6r magnetfiske\",\"breadcrumb\":{\"@id\":\"https:\\\/\\\/test.magnetarmagnets.com\\\/sv\\\/shop\\\/magnetar-3d-t-shirt-for-magnetfiske\\\/#breadcrumb\"},\"inLanguage\":\"sv-SE\",\"potentialAction\":[{\"@type\":\"ReadAction\",\"target\":[\"https:\\\/\\\/test.magnetarmagnets.com\\\/sv\\\/shop\\\/magnetar-3d-t-shirt-for-magnetfiske\\\/\"]}]},{\"@type\":\"ImageObject\",\"inLanguage\":\"sv-SE\",\"@id\":\"https:\\\/\\\/test.magnetarmagnets.com\\\/sv\\\/shop\\\/magnetar-3d-t-shirt-for-magnetfiske\\\/#primaryimage\",\"url\":\"https:\\\/\\\/test.magnetarmagnets.com\\\/wp-content\\\/uploads\\\/2023\\\/09\\\/JNF-Magnetar-Bedrijfsfotografie-01-09-2023-Foto-0544.jpg\",\"contentUrl\":\"https:\\\/\\\/test.magnetarmagnets.com\\\/wp-content\\\/uploads\\\/2023\\\/09\\\/JNF-Magnetar-Bedrijfsfotografie-01-09-2023-Foto-0544.jpg\",\"width\":1000,\"height\":1000},{\"@type\":\"BreadcrumbList\",\"@id\":\"https:\\\/\\\/test.magnetarmagnets.com\\\/sv\\\/shop\\\/magnetar-3d-t-shirt-for-magnetfiske\\\/#breadcrumb\",\"itemListElement\":[{\"@type\":\"ListItem\",\"position\":1,\"name\":\"Home\",\"item\":\"https:\\\/\\\/test.magnetarmagnets.com\\\/sv\\\/\"},{\"@type\":\"ListItem\",\"position\":2,\"name\":\"Butik\",\"item\":\"https:\\\/\\\/test.magnetarmagnets.com\\\/shop\\\/\"},{\"@type\":\"ListItem\",\"position\":3,\"name\":\"Okategoriserad\",\"item\":\"https:\\\/\\\/test.magnetarmagnets.com\\\/sv\\\/collections\\\/okategoriserad\\\/\"},{\"@type\":\"ListItem\",\"position\":4,\"name\":\"Magnetar 3D T-shirt f\u00f6r magnetfiske\"}]},{\"@type\":\"WebSite\",\"@id\":\"https:\\\/\\\/test.magnetarmagnets.com\\\/sv\\\/#website\",\"url\":\"https:\\\/\\\/test.magnetarmagnets.com\\\/sv\\\/\",\"name\":\"Magnet fishing with a Magnetar fishing magnet\",\"description\":\"Powerful magnets for magnet fishing\",\"publisher\":{\"@id\":\"https:\\\/\\\/test.magnetarmagnets.com\\\/sv\\\/#organization\"},\"potentialAction\":[{\"@type\":\"SearchAction\",\"target\":{\"@type\":\"EntryPoint\",\"urlTemplate\":\"https:\\\/\\\/test.magnetarmagnets.com\\\/sv\\\/?s={search_term_string}\"},\"query-input\":{\"@type\":\"PropertyValueSpecification\",\"valueRequired\":true,\"valueName\":\"search_term_string\"}}],\"inLanguage\":\"sv-SE\"},{\"@type\":\"Organization\",\"@id\":\"https:\\\/\\\/test.magnetarmagnets.com\\\/sv\\\/#organization\",\"name\":\"Magnetar\",\"url\":\"https:\\\/\\\/test.magnetarmagnets.com\\\/sv\\\/\",\"logo\":{\"@type\":\"ImageObject\",\"inLanguage\":\"sv-SE\",\"@id\":\"https:\\\/\\\/test.magnetarmagnets.com\\\/sv\\\/#\\\/schema\\\/logo\\\/image\\\/\",\"url\":\"https:\\\/\\\/magnetarmagnets.com\\\/wp-content\\\/uploads\\\/2021\\\/01\\\/magnetarvismagneet_logo.png\",\"contentUrl\":\"https:\\\/\\\/magnetarmagnets.com\\\/wp-content\\\/uploads\\\/2021\\\/01\\\/magnetarvismagneet_logo.png\",\"width\":209,\"height\":100,\"caption\":\"Magnetar\"},\"image\":{\"@id\":\"https:\\\/\\\/test.magnetarmagnets.com\\\/sv\\\/#\\\/schema\\\/logo\\\/image\\\/\"},\"sameAs\":[\"https:\\\/\\\/www.facebook.com\\\/fishingmagnets\\\/\",\"https:\\\/\\\/www.instagram.com\\\/magnetar_magnets\\\/\",\"https:\\\/\\\/www.linkedin.com\\\/company\\\/magnetarbv\\\/?originalSubdomain=nl\",\"https:\\\/\\\/www.youtube.com\\\/c\\\/MagnetarVismagneet\"]}]}<\/script>\n<!-- \/ Yoast SEO plugin. -->","yoast_head_json":{"title":"Magnetar 3D T-shirt f\u00f6r magnetfiske - Magnet fishing with a Magnetar fishing magnet","description":"Magnetar 3D T-shirt - stilfull kl\u00e4dsel f\u00f6r magnetfiske","robots":{"index":"index","follow":"follow","max-snippet":"max-snippet:-1","max-image-preview":"max-image-preview:large","max-video-preview":"max-video-preview:-1"},"canonical":"https:\/\/test.magnetarmagnets.com\/sv\/shop\/magnetar-3d-t-shirt-for-magnetfiske\/","og_locale":"sv_SE","og_type":"article","og_title":"Magnetar 3D T-shirt f\u00f6r magnetfiske - Magnet fishing with a Magnetar fishing magnet","og_description":"Magnetar 3D T-shirt - stilfull kl\u00e4dsel f\u00f6r magnetfiske","og_url":"https:\/\/test.magnetarmagnets.com\/sv\/shop\/magnetar-3d-t-shirt-for-magnetfiske\/","og_site_name":"Magnet fishing with a Magnetar fishing magnet","article_publisher":"https:\/\/www.facebook.com\/fishingmagnets\/","article_modified_time":"2026-03-18T16:18:11+00:00","og_image":[{"width":1000,"height":1000,"url":"https:\/\/test.magnetarmagnets.com\/wp-content\/uploads\/2023\/09\/JNF-Magnetar-Bedrijfsfotografie-01-09-2023-Foto-0544.jpg","type":"image\/jpeg"}],"twitter_card":"summary_large_image","twitter_misc":{"Ber\u00e4knad l\u00e4stid":"2 minuter"},"schema":{"@context":"https:\/\/schema.org","@graph":[{"@type":["WebPage","ItemPage"],"@id":"https:\/\/test.magnetarmagnets.com\/sv\/shop\/magnetar-3d-t-shirt-for-magnetfiske\/","url":"https:\/\/test.magnetarmagnets.com\/sv\/shop\/magnetar-3d-t-shirt-for-magnetfiske\/","name":"Magnetar 3D T-shirt f\u00f6r magnetfiske - Magnet fishing with a Magnetar fishing magnet","isPartOf":{"@id":"https:\/\/test.magnetarmagnets.com\/sv\/#website"},"primaryImageOfPage":{"@id":"https:\/\/test.magnetarmagnets.com\/sv\/shop\/magnetar-3d-t-shirt-for-magnetfiske\/#primaryimage"},"image":{"@id":"https:\/\/test.magnetarmagnets.com\/sv\/shop\/magnetar-3d-t-shirt-for-magnetfiske\/#primaryimage"},"thumbnailUrl":"https:\/\/test.magnetarmagnets.com\/wp-content\/uploads\/2023\/09\/JNF-Magnetar-Bedrijfsfotografie-01-09-2023-Foto-0544.jpg","datePublished":"2025-06-05T07:53:04+00:00","dateModified":"2026-03-18T16:18:11+00:00","description":"Magnetar 3D T-shirt - stilfull kl\u00e4dsel f\u00f6r magnetfiske","breadcrumb":{"@id":"https:\/\/test.magnetarmagnets.com\/sv\/shop\/magnetar-3d-t-shirt-for-magnetfiske\/#breadcrumb"},"inLanguage":"sv-SE","potentialAction":[{"@type":"ReadAction","target":["https:\/\/test.magnetarmagnets.com\/sv\/shop\/magnetar-3d-t-shirt-for-magnetfiske\/"]}]},{"@type":"ImageObject","inLanguage":"sv-SE","@id":"https:\/\/test.magnetarmagnets.com\/sv\/shop\/magnetar-3d-t-shirt-for-magnetfiske\/#primaryimage","url":"https:\/\/test.magnetarmagnets.com\/wp-content\/uploads\/2023\/09\/JNF-Magnetar-Bedrijfsfotografie-01-09-2023-Foto-0544.jpg","contentUrl":"https:\/\/test.magnetarmagnets.com\/wp-content\/uploads\/2023\/09\/JNF-Magnetar-Bedrijfsfotografie-01-09-2023-Foto-0544.jpg","width":1000,"height":1000},{"@type":"BreadcrumbList","@id":"https:\/\/test.magnetarmagnets.com\/sv\/shop\/magnetar-3d-t-shirt-for-magnetfiske\/#breadcrumb","itemListElement":[{"@type":"ListItem","position":1,"name":"Home","item":"https:\/\/test.magnetarmagnets.com\/sv\/"},{"@type":"ListItem","position":2,"name":"Butik","item":"https:\/\/test.magnetarmagnets.com\/shop\/"},{"@type":"ListItem","position":3,"name":"Okategoriserad","item":"https:\/\/test.magnetarmagnets.com\/sv\/collections\/okategoriserad\/"},{"@type":"ListItem","position":4,"name":"Magnetar 3D T-shirt f\u00f6r magnetfiske"}]},{"@type":"WebSite","@id":"https:\/\/test.magnetarmagnets.com\/sv\/#website","url":"https:\/\/test.magnetarmagnets.com\/sv\/","name":"Magnet fishing with a Magnetar fishing magnet","description":"Powerful magnets for magnet fishing","publisher":{"@id":"https:\/\/test.magnetarmagnets.com\/sv\/#organization"},"potentialAction":[{"@type":"SearchAction","target":{"@type":"EntryPoint","urlTemplate":"https:\/\/test.magnetarmagnets.com\/sv\/?s={search_term_string}"},"query-input":{"@type":"PropertyValueSpecification","valueRequired":true,"valueName":"search_term_string"}}],"inLanguage":"sv-SE"},{"@type":"Organization","@id":"https:\/\/test.magnetarmagnets.com\/sv\/#organization","name":"Magnetar","url":"https:\/\/test.magnetarmagnets.com\/sv\/","logo":{"@type":"ImageObject","inLanguage":"sv-SE","@id":"https:\/\/test.magnetarmagnets.com\/sv\/#\/schema\/logo\/image\/","url":"https:\/\/magnetarmagnets.com\/wp-content\/uploads\/2021\/01\/magnetarvismagneet_logo.png","contentUrl":"https:\/\/magnetarmagnets.com\/wp-content\/uploads\/2021\/01\/magnetarvismagneet_logo.png","width":209,"height":100,"caption":"Magnetar"},"image":{"@id":"https:\/\/test.magnetarmagnets.com\/sv\/#\/schema\/logo\/image\/"},"sameAs":["https:\/\/www.facebook.com\/fishingmagnets\/","https:\/\/www.instagram.com\/magnetar_magnets\/","https:\/\/www.linkedin.com\/company\/magnetarbv\/?originalSubdomain=nl","https:\/\/www.youtube.com\/c\/MagnetarVismagneet"]}]}},"_links":{"self":[{"href":"https:\/\/test.magnetarmagnets.com\/sv\/wp-json\/wp\/v2\/product\/67534","targetHints":{"allow":["GET"]}}],"collection":[{"href":"https:\/\/test.magnetarmagnets.com\/sv\/wp-json\/wp\/v2\/product"}],"about":[{"href":"https:\/\/test.magnetarmagnets.com\/sv\/wp-json\/wp\/v2\/types\/product"}],"replies":[{"embeddable":true,"href":"https:\/\/test.magnetarmagnets.com\/sv\/wp-json\/wp\/v2\/comments?post=67534"}],"wp:featuredmedia":[{"embeddable":true,"href":"https:\/\/test.magnetarmagnets.com\/sv\/wp-json\/wp\/v2\/media\/65286"}],"wp:attachment":[{"href":"https:\/\/test.magnetarmagnets.com\/sv\/wp-json\/wp\/v2\/media?parent=67534"}],"wp:term":[{"taxonomy":"product_brand","embeddable":true,"href":"https:\/\/test.magnetarmagnets.com\/sv\/wp-json\/wp\/v2\/product_brand?post=67534"},{"taxonomy":"product_cat","embeddable":true,"href":"https:\/\/test.magnetarmagnets.com\/sv\/wp-json\/wp\/v2\/product_cat?post=67534"},{"taxonomy":"product_tag","embeddable":true,"href":"https:\/\/test.magnetarmagnets.com\/sv\/wp-json\/wp\/v2\/product_tag?post=67534"}],"curies":[{"name":"wp","href":"https:\/\/api.w.org\/{rel}","templated":true}]}}