{"id":67486,"date":"2025-06-05T09:53:46","date_gmt":"2025-06-05T07:53:46","guid":{"rendered":"https:\/\/magnetarmagnets.com\/?post_type=product&#038;p=67486"},"modified":"2026-03-18T19:06:15","modified_gmt":"2026-03-18T18:06:15","slug":"uppvarmd-arbetsvast-magma","status":"publish","type":"product","link":"https:\/\/test.magnetarmagnets.com\/sv\/shop\/uppvarmd-arbetsvast-magma\/","title":{"rendered":"Uppv\u00e4rmd arbetsv\u00e4st Magma"},"content":{"rendered":"<h2><img fetchpriority=\"high\" decoding=\"async\" class=\"aligncenter size-full wp-image-51853\" src=\"https:\/\/test.magnetarmagnets.com\/wp-content\/uploads\/2021\/02\/work-vest-engels.png\" alt=\"arbetsv\u00e4st, v\u00e4rmev\u00e4st, Magnetar Heat, varma kl\u00e4der, hoodie, v\u00e4st, v\u00e4rmande kl\u00e4der\" width=\"765\" height=\"455\" srcset=\"https:\/\/test.magnetarmagnets.com\/wp-content\/uploads\/2021\/02\/work-vest-engels.png 765w, https:\/\/test.magnetarmagnets.com\/wp-content\/uploads\/2021\/02\/work-vest-engels-150x89.png 150w, https:\/\/test.magnetarmagnets.com\/wp-content\/uploads\/2021\/02\/work-vest-engels-600x357.png 600w, https:\/\/test.magnetarmagnets.com\/wp-content\/uploads\/2021\/02\/work-vest-engels-300x178.png 300w\" sizes=\"(max-width: 765px) 100vw, 765px\" \/><\/h2>\n<h2>Den b\u00e4sta uppv\u00e4rmda arbetsv\u00e4sten<\/h2>\n<p><strong>En uppv\u00e4rmd arbetsv\u00e4st?<\/strong> V\u00e5ra arbetsv\u00e4star h\u00e5ller dig varm \u00e4ven under kalla dagar. Denna batteridrivna arbetsv\u00e4st har tre v\u00e4rmeinst\u00e4llningar, s\u00e5 du alltid f\u00e5r en behaglig temperatur. Jobbar du utomhus en kall dag? En sval sommarkv\u00e4ll? I vinden eller sent p\u00e5 kv\u00e4llen? Denna bekv\u00e4ma, vind- och vattent\u00e4ta uppv\u00e4rmda arbetsv\u00e4st h\u00e5ller dig varm. <strong>Magnetar Heat Workwear-vesten \u00e4r stor i storleken, s\u00e5 best\u00e4ll en mindre!<\/strong><\/p>\n<h2>Produktinformation Uppv\u00e4rmd Arbetsv\u00e4st<\/h2>\n<p>Batteriet som ing\u00e5r har storlek som en mobiltelefon och kan h\u00e5lla dig varm i <strong>upp till 9 timmar<\/strong>, beroende p\u00e5 v\u00e4rmeinst\u00e4llning. Arbetsv\u00e4sten <strong>levereras med batteri och laddare.<\/strong> Arbetsv\u00e4sten \u00e4r gjord av vind- och vattenavvisande bomull och det inre fodret \u00e4r av l\u00e4ttsk\u00f6tt nylonmaterial, vilket ger dig full r\u00f6relsefrihet under arbetet. Med denna uppv\u00e4rmda arbetsv\u00e4st beh\u00f6ver du inte b\u00e4ra flera lager kl\u00e4der, till exempel n\u00e4r du arbetar p\u00e5 g\u00e5rden, som v\u00e4garbetare, inom bygg, som m\u00e5lare, p\u00e5 ridskolan, vid jakt, som tr\u00e4dg\u00e5rdsm\u00e4stare med mera. Det \u00e4r en arbetsv\u00e4st som erbjuder h\u00f6g komfort och full r\u00f6relsefrihet.<\/p>\n<p>V\u00e4rmezonerna ger dig behaglig v\u00e4rme precis d\u00e4r du beh\u00f6ver den p\u00e5 \u00f6verkroppen, p\u00e5 br\u00f6stet och ryggen. L\u00e5g-, mellan- och h\u00f6ginst\u00e4llning l\u00e5ter dig anpassa v\u00e4rmen efter omgivningen och h\u00e5lla dig varm hela dagen. Ladda sedan bara upp batteriet p\u00e5 3\u20134 timmar s\u00e5 \u00e4r du redo igen.<\/p>\n<p>V\u00e5ra arbetsv\u00e4star \u00e4r tillverkade av slitstarkt och h\u00f6gkvalitativt material som h\u00e5ller dig varm i alla v\u00e4derf\u00f6rh\u00e5llanden.<\/p>\n<h2>CE-godk\u00e4nd uppv\u00e4rmd v\u00e4st<\/h2>\n<p>De uppv\u00e4rmda arbetsv\u00e4starna \u00e4r CE-godk\u00e4nda. Vi st\u00e5r helt bakom v\u00e5r produkt och erbjuder d\u00e4rf\u00f6r <strong>1 \u00e5rs garanti<\/strong>.<\/p>\n<p><strong>Magnetar Heat Workwear-vesten \u00e4r stor i storleken, s\u00e5 best\u00e4ll en mindre!<\/strong><\/p>\n","protected":false},"excerpt":{"rendered":"<p><span style=\"font-weight: 400;\">Detta \u00e4r en uppv\u00e4rmd arbetsv\u00e4st med tre v\u00e4rmeinst\u00e4llningar. H\u00e5ller dig varm n\u00e4r det beh\u00f6vs. Extra slitstark.<\/span><\/p>\n","protected":false},"featured_media":88306,"comment_status":"open","ping_status":"closed","template":"","meta":{"_acf_changed":false,"inline_featured_image":false},"product_brand":[],"product_cat":[268,271],"product_tag":[],"class_list":{"0":"post-67486","1":"product","2":"type-product","3":"status-publish","4":"has-post-thumbnail","6":"product_cat-utrustning","7":"product_cat-varmeklader","9":"first","10":"instock","11":"taxable","12":"shipping-taxable","13":"product-type-grouped"},"acf":[],"yoast_head":"<!-- This site is optimized with the Yoast SEO plugin v27.6 - https:\/\/yoast.com\/product\/yoast-seo-wordpress\/ -->\n<title>Uppv\u00e4rmd arbetsv\u00e4st Magma - Magnet fishing with a Magnetar fishing magnet<\/title>\n<meta name=\"description\" content=\"Uppv\u00e4rmd arbetsv\u00e4st Magma - H\u00e5ll dig varm med Magnetar\" \/>\n<meta name=\"robots\" content=\"index, follow, max-snippet:-1, max-image-preview:large, max-video-preview:-1\" \/>\n<link rel=\"canonical\" href=\"https:\/\/test.magnetarmagnets.com\/sv\/shop\/uppvarmd-arbetsvast-magma\/\" \/>\n<meta property=\"og:locale\" content=\"sv_SE\" \/>\n<meta property=\"og:type\" content=\"article\" \/>\n<meta property=\"og:title\" content=\"Uppv\u00e4rmd arbetsv\u00e4st Magma - Magnet fishing with a Magnetar fishing magnet\" \/>\n<meta property=\"og:description\" content=\"Uppv\u00e4rmd arbetsv\u00e4st Magma - H\u00e5ll dig varm med Magnetar\" \/>\n<meta property=\"og:url\" content=\"https:\/\/test.magnetarmagnets.com\/sv\/shop\/uppvarmd-arbetsvast-magma\/\" \/>\n<meta property=\"og:site_name\" content=\"Magnet fishing with a Magnetar fishing magnet\" \/>\n<meta property=\"article:publisher\" content=\"https:\/\/www.facebook.com\/fishingmagnets\/\" \/>\n<meta property=\"article:modified_time\" content=\"2026-03-18T18:06:15+00:00\" \/>\n<meta property=\"og:image\" content=\"https:\/\/test.magnetarmagnets.com\/wp-content\/uploads\/2025\/06\/44.jpg\" \/>\n\t<meta property=\"og:image:width\" content=\"1000\" \/>\n\t<meta property=\"og:image:height\" content=\"1000\" \/>\n\t<meta property=\"og:image:type\" content=\"image\/jpeg\" \/>\n<meta name=\"twitter:card\" content=\"summary_large_image\" \/>\n<meta name=\"twitter:label1\" content=\"Ber\u00e4knad l\u00e4stid\" \/>\n\t<meta name=\"twitter:data1\" content=\"2 minuter\" \/>\n<script type=\"application\/ld+json\" class=\"yoast-schema-graph\">{\"@context\":\"https:\\\/\\\/schema.org\",\"@graph\":[{\"@type\":[\"WebPage\",\"ItemPage\"],\"@id\":\"https:\\\/\\\/test.magnetarmagnets.com\\\/sv\\\/shop\\\/uppvarmd-arbetsvast-magma\\\/\",\"url\":\"https:\\\/\\\/test.magnetarmagnets.com\\\/sv\\\/shop\\\/uppvarmd-arbetsvast-magma\\\/\",\"name\":\"Uppv\u00e4rmd arbetsv\u00e4st Magma - Magnet fishing with a Magnetar fishing magnet\",\"isPartOf\":{\"@id\":\"https:\\\/\\\/test.magnetarmagnets.com\\\/sv\\\/#website\"},\"primaryImageOfPage\":{\"@id\":\"https:\\\/\\\/test.magnetarmagnets.com\\\/sv\\\/shop\\\/uppvarmd-arbetsvast-magma\\\/#primaryimage\"},\"image\":{\"@id\":\"https:\\\/\\\/test.magnetarmagnets.com\\\/sv\\\/shop\\\/uppvarmd-arbetsvast-magma\\\/#primaryimage\"},\"thumbnailUrl\":\"https:\\\/\\\/test.magnetarmagnets.com\\\/wp-content\\\/uploads\\\/2025\\\/06\\\/44.jpg\",\"datePublished\":\"2025-06-05T07:53:46+00:00\",\"dateModified\":\"2026-03-18T18:06:15+00:00\",\"description\":\"Uppv\u00e4rmd arbetsv\u00e4st Magma - H\u00e5ll dig varm med Magnetar\",\"breadcrumb\":{\"@id\":\"https:\\\/\\\/test.magnetarmagnets.com\\\/sv\\\/shop\\\/uppvarmd-arbetsvast-magma\\\/#breadcrumb\"},\"inLanguage\":\"sv-SE\",\"potentialAction\":[{\"@type\":\"ReadAction\",\"target\":[\"https:\\\/\\\/test.magnetarmagnets.com\\\/sv\\\/shop\\\/uppvarmd-arbetsvast-magma\\\/\"]}]},{\"@type\":\"ImageObject\",\"inLanguage\":\"sv-SE\",\"@id\":\"https:\\\/\\\/test.magnetarmagnets.com\\\/sv\\\/shop\\\/uppvarmd-arbetsvast-magma\\\/#primaryimage\",\"url\":\"https:\\\/\\\/test.magnetarmagnets.com\\\/wp-content\\\/uploads\\\/2025\\\/06\\\/44.jpg\",\"contentUrl\":\"https:\\\/\\\/test.magnetarmagnets.com\\\/wp-content\\\/uploads\\\/2025\\\/06\\\/44.jpg\",\"width\":1000,\"height\":1000},{\"@type\":\"BreadcrumbList\",\"@id\":\"https:\\\/\\\/test.magnetarmagnets.com\\\/sv\\\/shop\\\/uppvarmd-arbetsvast-magma\\\/#breadcrumb\",\"itemListElement\":[{\"@type\":\"ListItem\",\"position\":1,\"name\":\"Home\",\"item\":\"https:\\\/\\\/test.magnetarmagnets.com\\\/sv\\\/\"},{\"@type\":\"ListItem\",\"position\":2,\"name\":\"Butik\",\"item\":\"https:\\\/\\\/test.magnetarmagnets.com\\\/shop\\\/\"},{\"@type\":\"ListItem\",\"position\":3,\"name\":\"Utrustning\",\"item\":\"https:\\\/\\\/test.magnetarmagnets.com\\\/sv\\\/collections\\\/utrustning\\\/\"},{\"@type\":\"ListItem\",\"position\":4,\"name\":\"V\u00e4rmekl\u00e4der\",\"item\":\"https:\\\/\\\/test.magnetarmagnets.com\\\/sv\\\/collections\\\/utrustning\\\/varmeklader\\\/\"},{\"@type\":\"ListItem\",\"position\":5,\"name\":\"Uppv\u00e4rmd arbetsv\u00e4st Magma\"}]},{\"@type\":\"WebSite\",\"@id\":\"https:\\\/\\\/test.magnetarmagnets.com\\\/sv\\\/#website\",\"url\":\"https:\\\/\\\/test.magnetarmagnets.com\\\/sv\\\/\",\"name\":\"Magnet fishing with a Magnetar fishing magnet\",\"description\":\"Powerful magnets for magnet fishing\",\"publisher\":{\"@id\":\"https:\\\/\\\/test.magnetarmagnets.com\\\/sv\\\/#organization\"},\"potentialAction\":[{\"@type\":\"SearchAction\",\"target\":{\"@type\":\"EntryPoint\",\"urlTemplate\":\"https:\\\/\\\/test.magnetarmagnets.com\\\/sv\\\/?s={search_term_string}\"},\"query-input\":{\"@type\":\"PropertyValueSpecification\",\"valueRequired\":true,\"valueName\":\"search_term_string\"}}],\"inLanguage\":\"sv-SE\"},{\"@type\":\"Organization\",\"@id\":\"https:\\\/\\\/test.magnetarmagnets.com\\\/sv\\\/#organization\",\"name\":\"Magnetar\",\"url\":\"https:\\\/\\\/test.magnetarmagnets.com\\\/sv\\\/\",\"logo\":{\"@type\":\"ImageObject\",\"inLanguage\":\"sv-SE\",\"@id\":\"https:\\\/\\\/test.magnetarmagnets.com\\\/sv\\\/#\\\/schema\\\/logo\\\/image\\\/\",\"url\":\"https:\\\/\\\/magnetarmagnets.com\\\/wp-content\\\/uploads\\\/2021\\\/01\\\/magnetarvismagneet_logo.png\",\"contentUrl\":\"https:\\\/\\\/magnetarmagnets.com\\\/wp-content\\\/uploads\\\/2021\\\/01\\\/magnetarvismagneet_logo.png\",\"width\":209,\"height\":100,\"caption\":\"Magnetar\"},\"image\":{\"@id\":\"https:\\\/\\\/test.magnetarmagnets.com\\\/sv\\\/#\\\/schema\\\/logo\\\/image\\\/\"},\"sameAs\":[\"https:\\\/\\\/www.facebook.com\\\/fishingmagnets\\\/\",\"https:\\\/\\\/www.instagram.com\\\/magnetar_magnets\\\/\",\"https:\\\/\\\/www.linkedin.com\\\/company\\\/magnetarbv\\\/?originalSubdomain=nl\",\"https:\\\/\\\/www.youtube.com\\\/c\\\/MagnetarVismagneet\"]}]}<\/script>\n<!-- \/ Yoast SEO plugin. -->","yoast_head_json":{"title":"Uppv\u00e4rmd arbetsv\u00e4st Magma - Magnet fishing with a Magnetar fishing magnet","description":"Uppv\u00e4rmd arbetsv\u00e4st Magma - H\u00e5ll dig varm med Magnetar","robots":{"index":"index","follow":"follow","max-snippet":"max-snippet:-1","max-image-preview":"max-image-preview:large","max-video-preview":"max-video-preview:-1"},"canonical":"https:\/\/test.magnetarmagnets.com\/sv\/shop\/uppvarmd-arbetsvast-magma\/","og_locale":"sv_SE","og_type":"article","og_title":"Uppv\u00e4rmd arbetsv\u00e4st Magma - Magnet fishing with a Magnetar fishing magnet","og_description":"Uppv\u00e4rmd arbetsv\u00e4st Magma - H\u00e5ll dig varm med Magnetar","og_url":"https:\/\/test.magnetarmagnets.com\/sv\/shop\/uppvarmd-arbetsvast-magma\/","og_site_name":"Magnet fishing with a Magnetar fishing magnet","article_publisher":"https:\/\/www.facebook.com\/fishingmagnets\/","article_modified_time":"2026-03-18T18:06:15+00:00","og_image":[{"width":1000,"height":1000,"url":"https:\/\/test.magnetarmagnets.com\/wp-content\/uploads\/2025\/06\/44.jpg","type":"image\/jpeg"}],"twitter_card":"summary_large_image","twitter_misc":{"Ber\u00e4knad l\u00e4stid":"2 minuter"},"schema":{"@context":"https:\/\/schema.org","@graph":[{"@type":["WebPage","ItemPage"],"@id":"https:\/\/test.magnetarmagnets.com\/sv\/shop\/uppvarmd-arbetsvast-magma\/","url":"https:\/\/test.magnetarmagnets.com\/sv\/shop\/uppvarmd-arbetsvast-magma\/","name":"Uppv\u00e4rmd arbetsv\u00e4st Magma - Magnet fishing with a Magnetar fishing magnet","isPartOf":{"@id":"https:\/\/test.magnetarmagnets.com\/sv\/#website"},"primaryImageOfPage":{"@id":"https:\/\/test.magnetarmagnets.com\/sv\/shop\/uppvarmd-arbetsvast-magma\/#primaryimage"},"image":{"@id":"https:\/\/test.magnetarmagnets.com\/sv\/shop\/uppvarmd-arbetsvast-magma\/#primaryimage"},"thumbnailUrl":"https:\/\/test.magnetarmagnets.com\/wp-content\/uploads\/2025\/06\/44.jpg","datePublished":"2025-06-05T07:53:46+00:00","dateModified":"2026-03-18T18:06:15+00:00","description":"Uppv\u00e4rmd arbetsv\u00e4st Magma - H\u00e5ll dig varm med Magnetar","breadcrumb":{"@id":"https:\/\/test.magnetarmagnets.com\/sv\/shop\/uppvarmd-arbetsvast-magma\/#breadcrumb"},"inLanguage":"sv-SE","potentialAction":[{"@type":"ReadAction","target":["https:\/\/test.magnetarmagnets.com\/sv\/shop\/uppvarmd-arbetsvast-magma\/"]}]},{"@type":"ImageObject","inLanguage":"sv-SE","@id":"https:\/\/test.magnetarmagnets.com\/sv\/shop\/uppvarmd-arbetsvast-magma\/#primaryimage","url":"https:\/\/test.magnetarmagnets.com\/wp-content\/uploads\/2025\/06\/44.jpg","contentUrl":"https:\/\/test.magnetarmagnets.com\/wp-content\/uploads\/2025\/06\/44.jpg","width":1000,"height":1000},{"@type":"BreadcrumbList","@id":"https:\/\/test.magnetarmagnets.com\/sv\/shop\/uppvarmd-arbetsvast-magma\/#breadcrumb","itemListElement":[{"@type":"ListItem","position":1,"name":"Home","item":"https:\/\/test.magnetarmagnets.com\/sv\/"},{"@type":"ListItem","position":2,"name":"Butik","item":"https:\/\/test.magnetarmagnets.com\/shop\/"},{"@type":"ListItem","position":3,"name":"Utrustning","item":"https:\/\/test.magnetarmagnets.com\/sv\/collections\/utrustning\/"},{"@type":"ListItem","position":4,"name":"V\u00e4rmekl\u00e4der","item":"https:\/\/test.magnetarmagnets.com\/sv\/collections\/utrustning\/varmeklader\/"},{"@type":"ListItem","position":5,"name":"Uppv\u00e4rmd arbetsv\u00e4st Magma"}]},{"@type":"WebSite","@id":"https:\/\/test.magnetarmagnets.com\/sv\/#website","url":"https:\/\/test.magnetarmagnets.com\/sv\/","name":"Magnet fishing with a Magnetar fishing magnet","description":"Powerful magnets for magnet fishing","publisher":{"@id":"https:\/\/test.magnetarmagnets.com\/sv\/#organization"},"potentialAction":[{"@type":"SearchAction","target":{"@type":"EntryPoint","urlTemplate":"https:\/\/test.magnetarmagnets.com\/sv\/?s={search_term_string}"},"query-input":{"@type":"PropertyValueSpecification","valueRequired":true,"valueName":"search_term_string"}}],"inLanguage":"sv-SE"},{"@type":"Organization","@id":"https:\/\/test.magnetarmagnets.com\/sv\/#organization","name":"Magnetar","url":"https:\/\/test.magnetarmagnets.com\/sv\/","logo":{"@type":"ImageObject","inLanguage":"sv-SE","@id":"https:\/\/test.magnetarmagnets.com\/sv\/#\/schema\/logo\/image\/","url":"https:\/\/magnetarmagnets.com\/wp-content\/uploads\/2021\/01\/magnetarvismagneet_logo.png","contentUrl":"https:\/\/magnetarmagnets.com\/wp-content\/uploads\/2021\/01\/magnetarvismagneet_logo.png","width":209,"height":100,"caption":"Magnetar"},"image":{"@id":"https:\/\/test.magnetarmagnets.com\/sv\/#\/schema\/logo\/image\/"},"sameAs":["https:\/\/www.facebook.com\/fishingmagnets\/","https:\/\/www.instagram.com\/magnetar_magnets\/","https:\/\/www.linkedin.com\/company\/magnetarbv\/?originalSubdomain=nl","https:\/\/www.youtube.com\/c\/MagnetarVismagneet"]}]}},"_links":{"self":[{"href":"https:\/\/test.magnetarmagnets.com\/sv\/wp-json\/wp\/v2\/product\/67486","targetHints":{"allow":["GET"]}}],"collection":[{"href":"https:\/\/test.magnetarmagnets.com\/sv\/wp-json\/wp\/v2\/product"}],"about":[{"href":"https:\/\/test.magnetarmagnets.com\/sv\/wp-json\/wp\/v2\/types\/product"}],"replies":[{"embeddable":true,"href":"https:\/\/test.magnetarmagnets.com\/sv\/wp-json\/wp\/v2\/comments?post=67486"}],"wp:featuredmedia":[{"embeddable":true,"href":"https:\/\/test.magnetarmagnets.com\/sv\/wp-json\/wp\/v2\/media\/88306"}],"wp:attachment":[{"href":"https:\/\/test.magnetarmagnets.com\/sv\/wp-json\/wp\/v2\/media?parent=67486"}],"wp:term":[{"taxonomy":"product_brand","embeddable":true,"href":"https:\/\/test.magnetarmagnets.com\/sv\/wp-json\/wp\/v2\/product_brand?post=67486"},{"taxonomy":"product_cat","embeddable":true,"href":"https:\/\/test.magnetarmagnets.com\/sv\/wp-json\/wp\/v2\/product_cat?post=67486"},{"taxonomy":"product_tag","embeddable":true,"href":"https:\/\/test.magnetarmagnets.com\/sv\/wp-json\/wp\/v2\/product_tag?post=67486"}],"curies":[{"name":"wp","href":"https:\/\/api.w.org\/{rel}","templated":true}]}}