{"id":67466,"date":"2025-06-05T09:54:14","date_gmt":"2025-06-05T07:54:14","guid":{"rendered":"https:\/\/magnetarmagnets.com\/?post_type=product&#038;p=67466"},"modified":"2025-10-17T10:50:04","modified_gmt":"2025-10-17T08:50:04","slug":"bulldog-800-dubbelsidig-fiskemagnet-800-kg-1760-lb","status":"publish","type":"product","link":"https:\/\/test.magnetarmagnets.com\/sv\/shop\/bulldog-800-dubbelsidig-fiskemagnet-800-kg-1760-lb\/","title":{"rendered":"Bulldog 800 \u2013 dubbelsidig fiskemagnet \u2013 800 kg"},"content":{"rendered":"<p><span style=\"font-weight: 400;\">Magnetar <\/span>Bulldog 800<span style=\"font-weight: 400;\"> \u00e4r storebror till Magnetar <\/span>Bulldog 500<span style=\"font-weight: 400;\"> dubbelsidig fiskemagnet. Bulldog 800 har en extra stor diameter med n\u00e4stan dubbel dragkraft j\u00e4mf\u00f6rt med Bulldog 500. Bulldog 800 \u00e4r ett riktigt kraftpaket. Denna magnet har en kombinerad dragkraft p\u00e5 hela 880 kg. Dragkraften \u00e4r f\u00f6rdelad p\u00e5 tv\u00e5 magneter med 440 kg var: du fiskar alltid med 440 kg dragkraft p\u00e5 varje sida. Det \u00f6kar chansen att g\u00f6ra fynd tack vare ett st\u00f6rre magnetf\u00e4lt. Bulldog har dubbelsidig dragkraft med en ringh\u00f6lje som skyddar magneten. Letar du efter en allround-magnet? Kolla in v\u00e5r <a href=\"https:\/\/test.magnetarmagnets.com\/shop\/beast-magnet\/\">Beast<\/a> fiskemagnet.<\/span><\/p>\n<h2><strong>Bulldog 800<\/strong><\/h2>\n<p><span style=\"font-weight: 400;\">V\u00e5r Bulldog-magnet drar till sig alla f\u00f6rem\u00e5l i vattnet tack vare en kombinerad dragkraft p\u00e5 880 kg. Denna dragkraft \u00e4r f\u00f6rdelad \u00f6ver tv\u00e5 magneter med 440 kg vardera. Den utlovade dragkraften p\u00e5 440 kg\/970 lb n\u00e5s bara under perfekt f\u00f6rh\u00e5llanden: platt metall med 2 cm tjocklek, utan rost eller skr\u00e4p mellan magneten och metallen. D\u00e5 kan du dra 440 kg\/970 lb rakt upp.<\/span><\/p>\n<p><span style=\"font-weight: 400;\">Skillnaden mellan <a href=\"https:\/\/test.magnetarmagnets.com\/double-sided-fishing-magnet\/\" target=\"_blank\" rel=\"noopener\">dubbelsidig fiskemagnet<\/a> och <a href=\"https:\/\/test.magnetarmagnets.com\/collections\/fishing-magnets\/single-sided-classic\/\" target=\"_blank\" rel=\"noopener\">enskilda fiskemagneter<\/a> \u00e4r att du kan fiska p\u00e5 tv\u00e5 s\u00e4tt ist\u00e4llet f\u00f6r ett. Du f\u00e4ster medf\u00f6ljande \u00f6gleskruvar som du vill. Vill du dra magneten plant genom vattnet (vilket \u00f6kar chansen att g\u00f6ra fynd) kan du f\u00e4sta \u00f6gleskruven i sidan. Tack vare tv\u00e5 magneter v\u00e4nder den alltid mot m\u00f6jliga skatter.<\/span><\/p>\n<p><span style=\"font-weight: 400;\">En nackdel med horisontell magnetfiske \u00e4r att magneten ger mindre dragkraft p\u00e5 ett f\u00f6rem\u00e5l. Magnetkraften \u00e4r som b\u00e4st vid vertikalt fiske. Vill du f\u00e5 extra dragkraft f\u00e4ster du \u00f6gleskruven vertikalt mot magnetytan. D\u00e5 kan du dra tyngre f\u00f6rem\u00e5l, precis som med v\u00e5ra klassiska magneter. De olika anv\u00e4ndningss\u00e4tten g\u00f6r magneten mycket m\u00e5ngsidig vid magnetfiske.<\/span><\/p>\n<h2>High quality<\/h2>\n<p>Our magnets are made from the best neodymium around. This means that our <a href=\"https:\/\/test.magnetarmagnets.com\/\" target=\"_blank\" rel=\"noopener\">Magnetar fishing magnets<\/a> keep their magnetic pull and will only lose 1% of that pull in after 100 years! Most other suppliers sell magnets that will lose that kind of percentage in only a few weeks. More and more of those kind of low quality magnets are showing up these days. These magnets contain a low quality neodymium. They do this to lower the price and make the magnet look larger. When purchasing such a magnet you will be throwing away money.<\/p>\n<p>All our magnets are personally drawn, and designed in a way in which you will get the most out of your fishing experience. We test our magnets with professional equipment so the amount magnetic pull we claim is accurate. We know exactly what the best way is to design a magnet, because of our experience in magnet fishing. You can experience this yourself with our high quality, powerful and reliable fishing magnets. Curious about the way we test the magnetic pull? Check our video <a href=\"https:\/\/www.youtube.com\/watch?v=2McW3RURDxs\" target=\"_blank\" rel=\"noopener noreferrer\">about pull force measurements.<\/a><\/p>\n<p>Don&#8217;t forget to checkout the <a href=\"https:\/\/test.magnetarmagnets.com\/magnet-fishing-kit\/\" target=\"_blank\" rel=\"noopener\">best magnet fishing kits<\/a> and our <a href=\"https:\/\/test.magnetarmagnets.com\/accessories\/\" target=\"_blank\" rel=\"noopener\">magnet fishing setup<\/a>.<\/p>\n<h2>Caution!<\/h2>\n<p>Our neodymium magnets are extremely powerful and could latch onto metal objects with high speed when they are in close range. You definitely do not want to get your fingers in between. With some of our most powerful magnets you could easily shatter, break or get blisters on your fingers if your fingers get in between a magnet and a metal object. Always be careful when you use our magnets. Caution: Use of our magnets is at your own risk. Always read our safety warnings before use.<\/p>\n","protected":false},"excerpt":{"rendered":"<p><span style=\"font-weight: 400;\">Extremt stark <strong>neodymmagnet<\/strong> och <strong>dubbelt s\u00e5 kraftfull<\/strong> med 2 x 440 kg \/ 970 lb dragkraft.<\/span><\/p>\n","protected":false},"featured_media":74127,"comment_status":"open","ping_status":"closed","template":"","meta":{"_acf_changed":false,"inline_featured_image":false},"product_brand":[],"product_cat":[265,261,279,280,263],"product_tag":[],"class_list":{"0":"post-67466","1":"product","2":"type-product","3":"status-publish","4":"has-post-thumbnail","6":"product_cat-dubbelsidiga-fiske-magneter","7":"product_cat-fiske-magneter","8":"product_cat-for-avancerade-aventyrare-sv","9":"product_cat-for-proffs","10":"product_cat-starkaste-fiske-magneter","12":"first","13":"instock","14":"taxable","15":"shipping-taxable","16":"purchasable","17":"product-type-simple"},"acf":[],"yoast_head":"<!-- This site is optimized with the Yoast SEO plugin v27.6 - https:\/\/yoast.com\/product\/yoast-seo-wordpress\/ -->\n<title>Magnetar Bulldog 800 kg: kraftfull dubbelsidig neodymmagnet fr\u00e5n Magnetar!<\/title>\n<meta name=\"description\" content=\"Magnetar Bulldog 1940 lb \/ 800 kg - dubbelsidiga magneter\" \/>\n<meta name=\"robots\" content=\"index, follow, max-snippet:-1, max-image-preview:large, max-video-preview:-1\" \/>\n<link rel=\"canonical\" href=\"https:\/\/test.magnetarmagnets.com\/sv\/shop\/bulldog-800-dubbelsidig-fiskemagnet-800-kg-1760-lb\/\" \/>\n<meta property=\"og:locale\" content=\"sv_SE\" \/>\n<meta property=\"og:type\" content=\"article\" \/>\n<meta property=\"og:title\" content=\"Magnetar Bulldog 800 kg: kraftfull dubbelsidig neodymmagnet fr\u00e5n Magnetar!\" \/>\n<meta property=\"og:description\" content=\"Magnetar Bulldog 1940 lb \/ 800 kg - dubbelsidiga magneter\" \/>\n<meta property=\"og:url\" content=\"https:\/\/test.magnetarmagnets.com\/sv\/shop\/bulldog-800-dubbelsidig-fiskemagnet-800-kg-1760-lb\/\" \/>\n<meta property=\"og:site_name\" content=\"Magnet fishing with a Magnetar fishing magnet\" \/>\n<meta property=\"article:publisher\" content=\"https:\/\/www.facebook.com\/fishingmagnets\/\" \/>\n<meta property=\"article:modified_time\" content=\"2025-10-17T08:50:04+00:00\" \/>\n<meta property=\"og:image\" content=\"https:\/\/test.magnetarmagnets.com\/wp-content\/uploads\/2020\/05\/FOTO1496.jpg\" \/>\n\t<meta property=\"og:image:width\" content=\"1000\" \/>\n\t<meta property=\"og:image:height\" content=\"1000\" \/>\n\t<meta property=\"og:image:type\" content=\"image\/jpeg\" \/>\n<meta name=\"twitter:card\" content=\"summary_large_image\" \/>\n<meta name=\"twitter:label1\" content=\"Ber\u00e4knad l\u00e4stid\" \/>\n\t<meta name=\"twitter:data1\" content=\"3 minuter\" \/>\n<script type=\"application\/ld+json\" class=\"yoast-schema-graph\">{\"@context\":\"https:\\\/\\\/schema.org\",\"@graph\":[{\"@type\":[\"WebPage\",\"ItemPage\"],\"@id\":\"https:\\\/\\\/test.magnetarmagnets.com\\\/sv\\\/shop\\\/bulldog-800-dubbelsidig-fiskemagnet-800-kg-1760-lb\\\/\",\"url\":\"https:\\\/\\\/test.magnetarmagnets.com\\\/sv\\\/shop\\\/bulldog-800-dubbelsidig-fiskemagnet-800-kg-1760-lb\\\/\",\"name\":\"Magnetar Bulldog 800 kg: kraftfull dubbelsidig neodymmagnet fr\u00e5n Magnetar!\",\"isPartOf\":{\"@id\":\"https:\\\/\\\/test.magnetarmagnets.com\\\/sv\\\/#website\"},\"primaryImageOfPage\":{\"@id\":\"https:\\\/\\\/test.magnetarmagnets.com\\\/sv\\\/shop\\\/bulldog-800-dubbelsidig-fiskemagnet-800-kg-1760-lb\\\/#primaryimage\"},\"image\":{\"@id\":\"https:\\\/\\\/test.magnetarmagnets.com\\\/sv\\\/shop\\\/bulldog-800-dubbelsidig-fiskemagnet-800-kg-1760-lb\\\/#primaryimage\"},\"thumbnailUrl\":\"https:\\\/\\\/test.magnetarmagnets.com\\\/wp-content\\\/uploads\\\/2020\\\/05\\\/FOTO1496.jpg\",\"datePublished\":\"2025-06-05T07:54:14+00:00\",\"dateModified\":\"2025-10-17T08:50:04+00:00\",\"description\":\"Magnetar Bulldog 1940 lb \\\/ 800 kg - dubbelsidiga magneter\",\"breadcrumb\":{\"@id\":\"https:\\\/\\\/test.magnetarmagnets.com\\\/sv\\\/shop\\\/bulldog-800-dubbelsidig-fiskemagnet-800-kg-1760-lb\\\/#breadcrumb\"},\"inLanguage\":\"sv-SE\",\"potentialAction\":[{\"@type\":\"ReadAction\",\"target\":[\"https:\\\/\\\/test.magnetarmagnets.com\\\/sv\\\/shop\\\/bulldog-800-dubbelsidig-fiskemagnet-800-kg-1760-lb\\\/\"]}]},{\"@type\":\"ImageObject\",\"inLanguage\":\"sv-SE\",\"@id\":\"https:\\\/\\\/test.magnetarmagnets.com\\\/sv\\\/shop\\\/bulldog-800-dubbelsidig-fiskemagnet-800-kg-1760-lb\\\/#primaryimage\",\"url\":\"https:\\\/\\\/test.magnetarmagnets.com\\\/wp-content\\\/uploads\\\/2020\\\/05\\\/FOTO1496.jpg\",\"contentUrl\":\"https:\\\/\\\/test.magnetarmagnets.com\\\/wp-content\\\/uploads\\\/2020\\\/05\\\/FOTO1496.jpg\",\"width\":1000,\"height\":1000,\"caption\":\"BULLDOG 800 fishing magnet\"},{\"@type\":\"BreadcrumbList\",\"@id\":\"https:\\\/\\\/test.magnetarmagnets.com\\\/sv\\\/shop\\\/bulldog-800-dubbelsidig-fiskemagnet-800-kg-1760-lb\\\/#breadcrumb\",\"itemListElement\":[{\"@type\":\"ListItem\",\"position\":1,\"name\":\"Home\",\"item\":\"https:\\\/\\\/test.magnetarmagnets.com\\\/sv\\\/\"},{\"@type\":\"ListItem\",\"position\":2,\"name\":\"Butik\",\"item\":\"https:\\\/\\\/test.magnetarmagnets.com\\\/shop\\\/\"},{\"@type\":\"ListItem\",\"position\":3,\"name\":\"Fiske magneter\",\"item\":\"https:\\\/\\\/test.magnetarmagnets.com\\\/sv\\\/collections\\\/fiske-magneter\\\/\"},{\"@type\":\"ListItem\",\"position\":4,\"name\":\"Dubbelsidiga fiske magneter\",\"item\":\"https:\\\/\\\/test.magnetarmagnets.com\\\/sv\\\/collections\\\/fiske-magneter\\\/dubbelsidiga-fiske-magneter\\\/\"},{\"@type\":\"ListItem\",\"position\":5,\"name\":\"Bulldog 800 \u2013 dubbelsidig fiskemagnet \u2013 800 kg\"}]},{\"@type\":\"WebSite\",\"@id\":\"https:\\\/\\\/test.magnetarmagnets.com\\\/sv\\\/#website\",\"url\":\"https:\\\/\\\/test.magnetarmagnets.com\\\/sv\\\/\",\"name\":\"Magnet fishing with a Magnetar fishing magnet\",\"description\":\"Powerful magnets for magnet fishing\",\"publisher\":{\"@id\":\"https:\\\/\\\/test.magnetarmagnets.com\\\/sv\\\/#organization\"},\"potentialAction\":[{\"@type\":\"SearchAction\",\"target\":{\"@type\":\"EntryPoint\",\"urlTemplate\":\"https:\\\/\\\/test.magnetarmagnets.com\\\/sv\\\/?s={search_term_string}\"},\"query-input\":{\"@type\":\"PropertyValueSpecification\",\"valueRequired\":true,\"valueName\":\"search_term_string\"}}],\"inLanguage\":\"sv-SE\"},{\"@type\":\"Organization\",\"@id\":\"https:\\\/\\\/test.magnetarmagnets.com\\\/sv\\\/#organization\",\"name\":\"Magnetar\",\"url\":\"https:\\\/\\\/test.magnetarmagnets.com\\\/sv\\\/\",\"logo\":{\"@type\":\"ImageObject\",\"inLanguage\":\"sv-SE\",\"@id\":\"https:\\\/\\\/test.magnetarmagnets.com\\\/sv\\\/#\\\/schema\\\/logo\\\/image\\\/\",\"url\":\"https:\\\/\\\/magnetarmagnets.com\\\/wp-content\\\/uploads\\\/2021\\\/01\\\/magnetarvismagneet_logo.png\",\"contentUrl\":\"https:\\\/\\\/magnetarmagnets.com\\\/wp-content\\\/uploads\\\/2021\\\/01\\\/magnetarvismagneet_logo.png\",\"width\":209,\"height\":100,\"caption\":\"Magnetar\"},\"image\":{\"@id\":\"https:\\\/\\\/test.magnetarmagnets.com\\\/sv\\\/#\\\/schema\\\/logo\\\/image\\\/\"},\"sameAs\":[\"https:\\\/\\\/www.facebook.com\\\/fishingmagnets\\\/\",\"https:\\\/\\\/www.instagram.com\\\/magnetar_magnets\\\/\",\"https:\\\/\\\/www.linkedin.com\\\/company\\\/magnetarbv\\\/?originalSubdomain=nl\",\"https:\\\/\\\/www.youtube.com\\\/c\\\/MagnetarVismagneet\"]}]}<\/script>\n<!-- \/ Yoast SEO plugin. -->","yoast_head_json":{"title":"Magnetar Bulldog 800 kg: kraftfull dubbelsidig neodymmagnet fr\u00e5n Magnetar!","description":"Magnetar Bulldog 1940 lb \/ 800 kg - dubbelsidiga magneter","robots":{"index":"index","follow":"follow","max-snippet":"max-snippet:-1","max-image-preview":"max-image-preview:large","max-video-preview":"max-video-preview:-1"},"canonical":"https:\/\/test.magnetarmagnets.com\/sv\/shop\/bulldog-800-dubbelsidig-fiskemagnet-800-kg-1760-lb\/","og_locale":"sv_SE","og_type":"article","og_title":"Magnetar Bulldog 800 kg: kraftfull dubbelsidig neodymmagnet fr\u00e5n Magnetar!","og_description":"Magnetar Bulldog 1940 lb \/ 800 kg - dubbelsidiga magneter","og_url":"https:\/\/test.magnetarmagnets.com\/sv\/shop\/bulldog-800-dubbelsidig-fiskemagnet-800-kg-1760-lb\/","og_site_name":"Magnet fishing with a Magnetar fishing magnet","article_publisher":"https:\/\/www.facebook.com\/fishingmagnets\/","article_modified_time":"2025-10-17T08:50:04+00:00","og_image":[{"width":1000,"height":1000,"url":"https:\/\/test.magnetarmagnets.com\/wp-content\/uploads\/2020\/05\/FOTO1496.jpg","type":"image\/jpeg"}],"twitter_card":"summary_large_image","twitter_misc":{"Ber\u00e4knad l\u00e4stid":"3 minuter"},"schema":{"@context":"https:\/\/schema.org","@graph":[{"@type":["WebPage","ItemPage"],"@id":"https:\/\/test.magnetarmagnets.com\/sv\/shop\/bulldog-800-dubbelsidig-fiskemagnet-800-kg-1760-lb\/","url":"https:\/\/test.magnetarmagnets.com\/sv\/shop\/bulldog-800-dubbelsidig-fiskemagnet-800-kg-1760-lb\/","name":"Magnetar Bulldog 800 kg: kraftfull dubbelsidig neodymmagnet fr\u00e5n Magnetar!","isPartOf":{"@id":"https:\/\/test.magnetarmagnets.com\/sv\/#website"},"primaryImageOfPage":{"@id":"https:\/\/test.magnetarmagnets.com\/sv\/shop\/bulldog-800-dubbelsidig-fiskemagnet-800-kg-1760-lb\/#primaryimage"},"image":{"@id":"https:\/\/test.magnetarmagnets.com\/sv\/shop\/bulldog-800-dubbelsidig-fiskemagnet-800-kg-1760-lb\/#primaryimage"},"thumbnailUrl":"https:\/\/test.magnetarmagnets.com\/wp-content\/uploads\/2020\/05\/FOTO1496.jpg","datePublished":"2025-06-05T07:54:14+00:00","dateModified":"2025-10-17T08:50:04+00:00","description":"Magnetar Bulldog 1940 lb \/ 800 kg - dubbelsidiga magneter","breadcrumb":{"@id":"https:\/\/test.magnetarmagnets.com\/sv\/shop\/bulldog-800-dubbelsidig-fiskemagnet-800-kg-1760-lb\/#breadcrumb"},"inLanguage":"sv-SE","potentialAction":[{"@type":"ReadAction","target":["https:\/\/test.magnetarmagnets.com\/sv\/shop\/bulldog-800-dubbelsidig-fiskemagnet-800-kg-1760-lb\/"]}]},{"@type":"ImageObject","inLanguage":"sv-SE","@id":"https:\/\/test.magnetarmagnets.com\/sv\/shop\/bulldog-800-dubbelsidig-fiskemagnet-800-kg-1760-lb\/#primaryimage","url":"https:\/\/test.magnetarmagnets.com\/wp-content\/uploads\/2020\/05\/FOTO1496.jpg","contentUrl":"https:\/\/test.magnetarmagnets.com\/wp-content\/uploads\/2020\/05\/FOTO1496.jpg","width":1000,"height":1000,"caption":"BULLDOG 800 fishing magnet"},{"@type":"BreadcrumbList","@id":"https:\/\/test.magnetarmagnets.com\/sv\/shop\/bulldog-800-dubbelsidig-fiskemagnet-800-kg-1760-lb\/#breadcrumb","itemListElement":[{"@type":"ListItem","position":1,"name":"Home","item":"https:\/\/test.magnetarmagnets.com\/sv\/"},{"@type":"ListItem","position":2,"name":"Butik","item":"https:\/\/test.magnetarmagnets.com\/shop\/"},{"@type":"ListItem","position":3,"name":"Fiske magneter","item":"https:\/\/test.magnetarmagnets.com\/sv\/collections\/fiske-magneter\/"},{"@type":"ListItem","position":4,"name":"Dubbelsidiga fiske magneter","item":"https:\/\/test.magnetarmagnets.com\/sv\/collections\/fiske-magneter\/dubbelsidiga-fiske-magneter\/"},{"@type":"ListItem","position":5,"name":"Bulldog 800 \u2013 dubbelsidig fiskemagnet \u2013 800 kg"}]},{"@type":"WebSite","@id":"https:\/\/test.magnetarmagnets.com\/sv\/#website","url":"https:\/\/test.magnetarmagnets.com\/sv\/","name":"Magnet fishing with a Magnetar fishing magnet","description":"Powerful magnets for magnet fishing","publisher":{"@id":"https:\/\/test.magnetarmagnets.com\/sv\/#organization"},"potentialAction":[{"@type":"SearchAction","target":{"@type":"EntryPoint","urlTemplate":"https:\/\/test.magnetarmagnets.com\/sv\/?s={search_term_string}"},"query-input":{"@type":"PropertyValueSpecification","valueRequired":true,"valueName":"search_term_string"}}],"inLanguage":"sv-SE"},{"@type":"Organization","@id":"https:\/\/test.magnetarmagnets.com\/sv\/#organization","name":"Magnetar","url":"https:\/\/test.magnetarmagnets.com\/sv\/","logo":{"@type":"ImageObject","inLanguage":"sv-SE","@id":"https:\/\/test.magnetarmagnets.com\/sv\/#\/schema\/logo\/image\/","url":"https:\/\/magnetarmagnets.com\/wp-content\/uploads\/2021\/01\/magnetarvismagneet_logo.png","contentUrl":"https:\/\/magnetarmagnets.com\/wp-content\/uploads\/2021\/01\/magnetarvismagneet_logo.png","width":209,"height":100,"caption":"Magnetar"},"image":{"@id":"https:\/\/test.magnetarmagnets.com\/sv\/#\/schema\/logo\/image\/"},"sameAs":["https:\/\/www.facebook.com\/fishingmagnets\/","https:\/\/www.instagram.com\/magnetar_magnets\/","https:\/\/www.linkedin.com\/company\/magnetarbv\/?originalSubdomain=nl","https:\/\/www.youtube.com\/c\/MagnetarVismagneet"]}]}},"_links":{"self":[{"href":"https:\/\/test.magnetarmagnets.com\/sv\/wp-json\/wp\/v2\/product\/67466","targetHints":{"allow":["GET"]}}],"collection":[{"href":"https:\/\/test.magnetarmagnets.com\/sv\/wp-json\/wp\/v2\/product"}],"about":[{"href":"https:\/\/test.magnetarmagnets.com\/sv\/wp-json\/wp\/v2\/types\/product"}],"replies":[{"embeddable":true,"href":"https:\/\/test.magnetarmagnets.com\/sv\/wp-json\/wp\/v2\/comments?post=67466"}],"wp:featuredmedia":[{"embeddable":true,"href":"https:\/\/test.magnetarmagnets.com\/sv\/wp-json\/wp\/v2\/media\/74127"}],"wp:attachment":[{"href":"https:\/\/test.magnetarmagnets.com\/sv\/wp-json\/wp\/v2\/media?parent=67466"}],"wp:term":[{"taxonomy":"product_brand","embeddable":true,"href":"https:\/\/test.magnetarmagnets.com\/sv\/wp-json\/wp\/v2\/product_brand?post=67466"},{"taxonomy":"product_cat","embeddable":true,"href":"https:\/\/test.magnetarmagnets.com\/sv\/wp-json\/wp\/v2\/product_cat?post=67466"},{"taxonomy":"product_tag","embeddable":true,"href":"https:\/\/test.magnetarmagnets.com\/sv\/wp-json\/wp\/v2\/product_tag?post=67466"}],"curies":[{"name":"wp","href":"https:\/\/api.w.org\/{rel}","templated":true}]}}