{"id":67443,"date":"2025-06-05T09:54:39","date_gmt":"2025-06-05T07:54:39","guid":{"rendered":"https:\/\/magnetarmagnets.com\/?post_type=product&#038;p=67443"},"modified":"2026-01-21T09:53:16","modified_gmt":"2026-01-21T08:53:16","slug":"startpaket-450-lb-200-kg-enkelriktad-neodymmagnet","status":"publish","type":"product","link":"https:\/\/test.magnetarmagnets.com\/sv\/shop\/startpaket-450-lb-200-kg-enkelriktad-neodymmagnet\/","title":{"rendered":"Startpaket &#8211; 200 kg &#8211; enkelriktad neodymmagnet"},"content":{"rendered":"<p>Hur kommer man ig\u00e5ng med magnetfiske? Med Magnetars startpaket \u2013 450 lb (200 kg) enkelriktad \u2013 f\u00e5r du b\u00e4sta m\u00f6jliga start. Paketet inneh\u00e5ller v\u00e5r Classic 200, en enkelriktad magnet, och vi har lagt till en gripkrok, rep f\u00f6r fiskemagnet och magnetlim f\u00f6r att komplettera paketet. P\u00e5 s\u00e5 s\u00e4tt \u00e4r du f\u00f6rberedd p\u00e5 n\u00e4stan allt du kan hitta vid vattenkanten.<\/p>\n<h2>Startpaket \u2013 450 lb (200 kg) enkelriktad<\/h2>\n<p>Den <a href=\"https:\/\/test.magnetarmagnets.com\/shop\/classic-fishing-magnet-440lb-200kg\/\"><strong>Classic Fishing Magnet 440 lb \/ 200 kg<\/strong><\/a> \u00e4r en perfekt magnet f\u00f6r nyb\u00f6rjare och barn. Med ett st\u00e5lskal skyddas produkten mot skador vid fall eller st\u00f6tar. Bara f\u00f6r att vara p\u00e5 den s\u00e4kra sidan. Denna enkelriktade magnet har dragningskraft p\u00e5 endast en sida. Den fulla magnetiska kraften \u00e4r koncentrerad \u00e5t ett h\u00e5ll, vilket g\u00f6r dessa magneter extremt kraftfulla under r\u00e4tt f\u00f6rh\u00e5llanden.<\/p>\n<p>Dragningskraften p\u00e5 450 lb (200 kg) kan endast uppn\u00e5s n\u00e4r f\u00f6rh\u00e5llandena \u00e4r helt optimala. Detta \u00e4r fallet n\u00e4r magneten nuddar en 2 cm tjock, ooxiderad metallpl\u00e5t. Chansen att detta intr\u00e4ffar vid magnetfiske \u00e4r vanligtvis inte s\u00e5 h\u00f6g. Vill du veta hur dragningskraften f\u00f6r en fiskemagnet best\u00e4ms? Titta p\u00e5 v\u00e5r video om v\u00e5rt <a href=\"https:\/\/www.youtube.com\/watch?v=2McW3RURDxs&amp;t=14s\"><strong>magnetic pull test<\/strong><\/a>.<\/p>\n<p>Det medf\u00f6ljande repet \u00e4r designat f\u00f6r magnetfiske. Det har b\u00e5de en f\u00f6rmonterad \u00f6gla och en karbinhake, vilket eliminerar behovet av sv\u00e5ra knopar. En idealisk l\u00f6sning f\u00f6r nyb\u00f6rjare och barn! Dessutom inneh\u00e5ller paketet en gripkrok f\u00f6r att dra upp icke-magnetiska och tunga, st\u00f6rre f\u00f6rem\u00e5l ur vattnet. Slutligen ing\u00e5r en flaska magnetlim som anv\u00e4nds f\u00f6r att s\u00e4kert f\u00e4sta \u00f6gelskruvar och \u00f6gonskruvar p\u00e5 magneten.<\/p>\n<p>S\u00f6ker du ett helt annat paket med en starkare enkelriktad magnet? Kolla in v\u00e5rt <a href=\"https:\/\/test.magnetarmagnets.com\/shop\/advanced-package\/\"><strong>Advanced Package<\/strong><\/a>. Eller vill du ha en 360\u00b0 allt-i-ett-magnet? V\u00e5rt <a href=\"https:\/\/test.magnetarmagnets.com\/shop\/fishmagnet-package-pro\/\"><strong>Pro Package<\/strong><\/a> med <a href=\"https:\/\/test.magnetarmagnets.com\/shop\/hardcore-magnet-2\/\"><strong>Hardcore<\/strong><\/a>-magneten kan vara n\u00e5got f\u00f6r dig.<\/p>\n","protected":false},"excerpt":{"rendered":"<p><span style=\"font-weight: 400;\"><strong>Kom ig\u00e5ng<\/strong> vid vattenkanten med detta <strong>prisv\u00e4rda<\/strong> fiskemagnet-set f\u00f6r <strong>nyb\u00f6rjare<\/strong>.<\/span><\/p>\n","protected":false},"featured_media":73158,"comment_status":"open","ping_status":"closed","template":"","meta":{"_acf_changed":false,"inline_featured_image":false},"product_brand":[],"product_cat":[264,261,277,267],"product_tag":[238],"class_list":{"0":"post-67443","1":"product","2":"type-product","3":"status-publish","4":"has-post-thumbnail","6":"product_cat-enkelsidiga-fiske-magneter","7":"product_cat-fiske-magneter","8":"product_cat-nyborjare-barn","9":"product_cat-magnetfiske-kit","10":"product_tag-free-shipping-2","12":"first","13":"instock","14":"sale","15":"taxable","16":"shipping-taxable","17":"purchasable","18":"product-type-simple"},"acf":[],"yoast_head":"<!-- This site is optimized with the Yoast SEO plugin v27.6 - https:\/\/yoast.com\/product\/yoast-seo-wordpress\/ -->\n<title>Startpaket - 200 kg - enkelriktad neodymmagnet - Magnet fishing with a Magnetar fishing magnet<\/title>\n<meta name=\"description\" content=\"Startpaket - 450 lb \/ 200 kg enkelriktad - Magnetar\" \/>\n<meta name=\"robots\" content=\"index, follow, max-snippet:-1, max-image-preview:large, max-video-preview:-1\" \/>\n<link rel=\"canonical\" href=\"https:\/\/test.magnetarmagnets.com\/sv\/shop\/startpaket-450-lb-200-kg-enkelriktad-neodymmagnet\/\" \/>\n<meta property=\"og:locale\" content=\"sv_SE\" \/>\n<meta property=\"og:type\" content=\"article\" \/>\n<meta property=\"og:title\" content=\"Startpaket - 200 kg - enkelriktad neodymmagnet - Magnet fishing with a Magnetar fishing magnet\" \/>\n<meta property=\"og:description\" content=\"Startpaket - 450 lb \/ 200 kg enkelriktad - Magnetar\" \/>\n<meta property=\"og:url\" content=\"https:\/\/test.magnetarmagnets.com\/sv\/shop\/startpaket-450-lb-200-kg-enkelriktad-neodymmagnet\/\" \/>\n<meta property=\"og:site_name\" content=\"Magnet fishing with a Magnetar fishing magnet\" \/>\n<meta property=\"article:publisher\" content=\"https:\/\/www.facebook.com\/fishingmagnets\/\" \/>\n<meta property=\"article:modified_time\" content=\"2026-01-21T08:53:16+00:00\" \/>\n<meta property=\"og:image\" content=\"https:\/\/test.magnetarmagnets.com\/wp-content\/uploads\/2018\/05\/MAGNETAR-STARTER-SET-GOOGLE.jpg\" \/>\n\t<meta property=\"og:image:width\" content=\"1500\" \/>\n\t<meta property=\"og:image:height\" content=\"1500\" \/>\n\t<meta property=\"og:image:type\" content=\"image\/jpeg\" \/>\n<meta name=\"twitter:card\" content=\"summary_large_image\" \/>\n<meta name=\"twitter:label1\" content=\"Ber\u00e4knad l\u00e4stid\" \/>\n\t<meta name=\"twitter:data1\" content=\"2 minuter\" \/>\n<script type=\"application\/ld+json\" class=\"yoast-schema-graph\">{\"@context\":\"https:\\\/\\\/schema.org\",\"@graph\":[{\"@type\":[\"WebPage\",\"ItemPage\"],\"@id\":\"https:\\\/\\\/test.magnetarmagnets.com\\\/sv\\\/shop\\\/startpaket-450-lb-200-kg-enkelriktad-neodymmagnet\\\/\",\"url\":\"https:\\\/\\\/test.magnetarmagnets.com\\\/sv\\\/shop\\\/startpaket-450-lb-200-kg-enkelriktad-neodymmagnet\\\/\",\"name\":\"Startpaket - 200 kg - enkelriktad neodymmagnet - Magnet fishing with a Magnetar fishing magnet\",\"isPartOf\":{\"@id\":\"https:\\\/\\\/test.magnetarmagnets.com\\\/sv\\\/#website\"},\"primaryImageOfPage\":{\"@id\":\"https:\\\/\\\/test.magnetarmagnets.com\\\/sv\\\/shop\\\/startpaket-450-lb-200-kg-enkelriktad-neodymmagnet\\\/#primaryimage\"},\"image\":{\"@id\":\"https:\\\/\\\/test.magnetarmagnets.com\\\/sv\\\/shop\\\/startpaket-450-lb-200-kg-enkelriktad-neodymmagnet\\\/#primaryimage\"},\"thumbnailUrl\":\"https:\\\/\\\/test.magnetarmagnets.com\\\/wp-content\\\/uploads\\\/2018\\\/05\\\/MAGNETAR-STARTER-SET-GOOGLE.jpg\",\"datePublished\":\"2025-06-05T07:54:39+00:00\",\"dateModified\":\"2026-01-21T08:53:16+00:00\",\"description\":\"Startpaket - 450 lb \\\/ 200 kg enkelriktad - Magnetar\",\"breadcrumb\":{\"@id\":\"https:\\\/\\\/test.magnetarmagnets.com\\\/sv\\\/shop\\\/startpaket-450-lb-200-kg-enkelriktad-neodymmagnet\\\/#breadcrumb\"},\"inLanguage\":\"sv-SE\",\"potentialAction\":[{\"@type\":\"ReadAction\",\"target\":[\"https:\\\/\\\/test.magnetarmagnets.com\\\/sv\\\/shop\\\/startpaket-450-lb-200-kg-enkelriktad-neodymmagnet\\\/\"]}]},{\"@type\":\"ImageObject\",\"inLanguage\":\"sv-SE\",\"@id\":\"https:\\\/\\\/test.magnetarmagnets.com\\\/sv\\\/shop\\\/startpaket-450-lb-200-kg-enkelriktad-neodymmagnet\\\/#primaryimage\",\"url\":\"https:\\\/\\\/test.magnetarmagnets.com\\\/wp-content\\\/uploads\\\/2018\\\/05\\\/MAGNETAR-STARTER-SET-GOOGLE.jpg\",\"contentUrl\":\"https:\\\/\\\/test.magnetarmagnets.com\\\/wp-content\\\/uploads\\\/2018\\\/05\\\/MAGNETAR-STARTER-SET-GOOGLE.jpg\",\"width\":1500,\"height\":1500},{\"@type\":\"BreadcrumbList\",\"@id\":\"https:\\\/\\\/test.magnetarmagnets.com\\\/sv\\\/shop\\\/startpaket-450-lb-200-kg-enkelriktad-neodymmagnet\\\/#breadcrumb\",\"itemListElement\":[{\"@type\":\"ListItem\",\"position\":1,\"name\":\"Home\",\"item\":\"https:\\\/\\\/test.magnetarmagnets.com\\\/sv\\\/\"},{\"@type\":\"ListItem\",\"position\":2,\"name\":\"Butik\",\"item\":\"https:\\\/\\\/test.magnetarmagnets.com\\\/shop\\\/\"},{\"@type\":\"ListItem\",\"position\":3,\"name\":\"Fiske magneter\",\"item\":\"https:\\\/\\\/test.magnetarmagnets.com\\\/sv\\\/collections\\\/fiske-magneter\\\/\"},{\"@type\":\"ListItem\",\"position\":4,\"name\":\"Enkelsidiga fiske magneter\",\"item\":\"https:\\\/\\\/test.magnetarmagnets.com\\\/sv\\\/collections\\\/fiske-magneter\\\/enkelsidiga-fiske-magneter\\\/\"},{\"@type\":\"ListItem\",\"position\":5,\"name\":\"Startpaket &#8211; 200 kg &#8211; enkelriktad neodymmagnet\"}]},{\"@type\":\"WebSite\",\"@id\":\"https:\\\/\\\/test.magnetarmagnets.com\\\/sv\\\/#website\",\"url\":\"https:\\\/\\\/test.magnetarmagnets.com\\\/sv\\\/\",\"name\":\"Magnet fishing with a Magnetar fishing magnet\",\"description\":\"Powerful magnets for magnet fishing\",\"publisher\":{\"@id\":\"https:\\\/\\\/test.magnetarmagnets.com\\\/sv\\\/#organization\"},\"potentialAction\":[{\"@type\":\"SearchAction\",\"target\":{\"@type\":\"EntryPoint\",\"urlTemplate\":\"https:\\\/\\\/test.magnetarmagnets.com\\\/sv\\\/?s={search_term_string}\"},\"query-input\":{\"@type\":\"PropertyValueSpecification\",\"valueRequired\":true,\"valueName\":\"search_term_string\"}}],\"inLanguage\":\"sv-SE\"},{\"@type\":\"Organization\",\"@id\":\"https:\\\/\\\/test.magnetarmagnets.com\\\/sv\\\/#organization\",\"name\":\"Magnetar\",\"url\":\"https:\\\/\\\/test.magnetarmagnets.com\\\/sv\\\/\",\"logo\":{\"@type\":\"ImageObject\",\"inLanguage\":\"sv-SE\",\"@id\":\"https:\\\/\\\/test.magnetarmagnets.com\\\/sv\\\/#\\\/schema\\\/logo\\\/image\\\/\",\"url\":\"https:\\\/\\\/magnetarmagnets.com\\\/wp-content\\\/uploads\\\/2021\\\/01\\\/magnetarvismagneet_logo.png\",\"contentUrl\":\"https:\\\/\\\/magnetarmagnets.com\\\/wp-content\\\/uploads\\\/2021\\\/01\\\/magnetarvismagneet_logo.png\",\"width\":209,\"height\":100,\"caption\":\"Magnetar\"},\"image\":{\"@id\":\"https:\\\/\\\/test.magnetarmagnets.com\\\/sv\\\/#\\\/schema\\\/logo\\\/image\\\/\"},\"sameAs\":[\"https:\\\/\\\/www.facebook.com\\\/fishingmagnets\\\/\",\"https:\\\/\\\/www.instagram.com\\\/magnetar_magnets\\\/\",\"https:\\\/\\\/www.linkedin.com\\\/company\\\/magnetarbv\\\/?originalSubdomain=nl\",\"https:\\\/\\\/www.youtube.com\\\/c\\\/MagnetarVismagneet\"]}]}<\/script>\n<!-- \/ Yoast SEO plugin. -->","yoast_head_json":{"title":"Startpaket - 200 kg - enkelriktad neodymmagnet - Magnet fishing with a Magnetar fishing magnet","description":"Startpaket - 450 lb \/ 200 kg enkelriktad - Magnetar","robots":{"index":"index","follow":"follow","max-snippet":"max-snippet:-1","max-image-preview":"max-image-preview:large","max-video-preview":"max-video-preview:-1"},"canonical":"https:\/\/test.magnetarmagnets.com\/sv\/shop\/startpaket-450-lb-200-kg-enkelriktad-neodymmagnet\/","og_locale":"sv_SE","og_type":"article","og_title":"Startpaket - 200 kg - enkelriktad neodymmagnet - Magnet fishing with a Magnetar fishing magnet","og_description":"Startpaket - 450 lb \/ 200 kg enkelriktad - Magnetar","og_url":"https:\/\/test.magnetarmagnets.com\/sv\/shop\/startpaket-450-lb-200-kg-enkelriktad-neodymmagnet\/","og_site_name":"Magnet fishing with a Magnetar fishing magnet","article_publisher":"https:\/\/www.facebook.com\/fishingmagnets\/","article_modified_time":"2026-01-21T08:53:16+00:00","og_image":[{"width":1500,"height":1500,"url":"https:\/\/test.magnetarmagnets.com\/wp-content\/uploads\/2018\/05\/MAGNETAR-STARTER-SET-GOOGLE.jpg","type":"image\/jpeg"}],"twitter_card":"summary_large_image","twitter_misc":{"Ber\u00e4knad l\u00e4stid":"2 minuter"},"schema":{"@context":"https:\/\/schema.org","@graph":[{"@type":["WebPage","ItemPage"],"@id":"https:\/\/test.magnetarmagnets.com\/sv\/shop\/startpaket-450-lb-200-kg-enkelriktad-neodymmagnet\/","url":"https:\/\/test.magnetarmagnets.com\/sv\/shop\/startpaket-450-lb-200-kg-enkelriktad-neodymmagnet\/","name":"Startpaket - 200 kg - enkelriktad neodymmagnet - Magnet fishing with a Magnetar fishing magnet","isPartOf":{"@id":"https:\/\/test.magnetarmagnets.com\/sv\/#website"},"primaryImageOfPage":{"@id":"https:\/\/test.magnetarmagnets.com\/sv\/shop\/startpaket-450-lb-200-kg-enkelriktad-neodymmagnet\/#primaryimage"},"image":{"@id":"https:\/\/test.magnetarmagnets.com\/sv\/shop\/startpaket-450-lb-200-kg-enkelriktad-neodymmagnet\/#primaryimage"},"thumbnailUrl":"https:\/\/test.magnetarmagnets.com\/wp-content\/uploads\/2018\/05\/MAGNETAR-STARTER-SET-GOOGLE.jpg","datePublished":"2025-06-05T07:54:39+00:00","dateModified":"2026-01-21T08:53:16+00:00","description":"Startpaket - 450 lb \/ 200 kg enkelriktad - Magnetar","breadcrumb":{"@id":"https:\/\/test.magnetarmagnets.com\/sv\/shop\/startpaket-450-lb-200-kg-enkelriktad-neodymmagnet\/#breadcrumb"},"inLanguage":"sv-SE","potentialAction":[{"@type":"ReadAction","target":["https:\/\/test.magnetarmagnets.com\/sv\/shop\/startpaket-450-lb-200-kg-enkelriktad-neodymmagnet\/"]}]},{"@type":"ImageObject","inLanguage":"sv-SE","@id":"https:\/\/test.magnetarmagnets.com\/sv\/shop\/startpaket-450-lb-200-kg-enkelriktad-neodymmagnet\/#primaryimage","url":"https:\/\/test.magnetarmagnets.com\/wp-content\/uploads\/2018\/05\/MAGNETAR-STARTER-SET-GOOGLE.jpg","contentUrl":"https:\/\/test.magnetarmagnets.com\/wp-content\/uploads\/2018\/05\/MAGNETAR-STARTER-SET-GOOGLE.jpg","width":1500,"height":1500},{"@type":"BreadcrumbList","@id":"https:\/\/test.magnetarmagnets.com\/sv\/shop\/startpaket-450-lb-200-kg-enkelriktad-neodymmagnet\/#breadcrumb","itemListElement":[{"@type":"ListItem","position":1,"name":"Home","item":"https:\/\/test.magnetarmagnets.com\/sv\/"},{"@type":"ListItem","position":2,"name":"Butik","item":"https:\/\/test.magnetarmagnets.com\/shop\/"},{"@type":"ListItem","position":3,"name":"Fiske magneter","item":"https:\/\/test.magnetarmagnets.com\/sv\/collections\/fiske-magneter\/"},{"@type":"ListItem","position":4,"name":"Enkelsidiga fiske magneter","item":"https:\/\/test.magnetarmagnets.com\/sv\/collections\/fiske-magneter\/enkelsidiga-fiske-magneter\/"},{"@type":"ListItem","position":5,"name":"Startpaket &#8211; 200 kg &#8211; enkelriktad neodymmagnet"}]},{"@type":"WebSite","@id":"https:\/\/test.magnetarmagnets.com\/sv\/#website","url":"https:\/\/test.magnetarmagnets.com\/sv\/","name":"Magnet fishing with a Magnetar fishing magnet","description":"Powerful magnets for magnet fishing","publisher":{"@id":"https:\/\/test.magnetarmagnets.com\/sv\/#organization"},"potentialAction":[{"@type":"SearchAction","target":{"@type":"EntryPoint","urlTemplate":"https:\/\/test.magnetarmagnets.com\/sv\/?s={search_term_string}"},"query-input":{"@type":"PropertyValueSpecification","valueRequired":true,"valueName":"search_term_string"}}],"inLanguage":"sv-SE"},{"@type":"Organization","@id":"https:\/\/test.magnetarmagnets.com\/sv\/#organization","name":"Magnetar","url":"https:\/\/test.magnetarmagnets.com\/sv\/","logo":{"@type":"ImageObject","inLanguage":"sv-SE","@id":"https:\/\/test.magnetarmagnets.com\/sv\/#\/schema\/logo\/image\/","url":"https:\/\/magnetarmagnets.com\/wp-content\/uploads\/2021\/01\/magnetarvismagneet_logo.png","contentUrl":"https:\/\/magnetarmagnets.com\/wp-content\/uploads\/2021\/01\/magnetarvismagneet_logo.png","width":209,"height":100,"caption":"Magnetar"},"image":{"@id":"https:\/\/test.magnetarmagnets.com\/sv\/#\/schema\/logo\/image\/"},"sameAs":["https:\/\/www.facebook.com\/fishingmagnets\/","https:\/\/www.instagram.com\/magnetar_magnets\/","https:\/\/www.linkedin.com\/company\/magnetarbv\/?originalSubdomain=nl","https:\/\/www.youtube.com\/c\/MagnetarVismagneet"]}]}},"_links":{"self":[{"href":"https:\/\/test.magnetarmagnets.com\/sv\/wp-json\/wp\/v2\/product\/67443","targetHints":{"allow":["GET"]}}],"collection":[{"href":"https:\/\/test.magnetarmagnets.com\/sv\/wp-json\/wp\/v2\/product"}],"about":[{"href":"https:\/\/test.magnetarmagnets.com\/sv\/wp-json\/wp\/v2\/types\/product"}],"replies":[{"embeddable":true,"href":"https:\/\/test.magnetarmagnets.com\/sv\/wp-json\/wp\/v2\/comments?post=67443"}],"wp:featuredmedia":[{"embeddable":true,"href":"https:\/\/test.magnetarmagnets.com\/sv\/wp-json\/wp\/v2\/media\/73158"}],"wp:attachment":[{"href":"https:\/\/test.magnetarmagnets.com\/sv\/wp-json\/wp\/v2\/media?parent=67443"}],"wp:term":[{"taxonomy":"product_brand","embeddable":true,"href":"https:\/\/test.magnetarmagnets.com\/sv\/wp-json\/wp\/v2\/product_brand?post=67443"},{"taxonomy":"product_cat","embeddable":true,"href":"https:\/\/test.magnetarmagnets.com\/sv\/wp-json\/wp\/v2\/product_cat?post=67443"},{"taxonomy":"product_tag","embeddable":true,"href":"https:\/\/test.magnetarmagnets.com\/sv\/wp-json\/wp\/v2\/product_tag?post=67443"}],"curies":[{"name":"wp","href":"https:\/\/api.w.org\/{rel}","templated":true}]}}