{"id":65727,"date":"2014-03-21T18:18:31","date_gmt":"2014-03-21T17:18:31","guid":{"rendered":"https:\/\/magnetarmagnets.com\/faq\/"},"modified":"2025-09-08T12:02:57","modified_gmt":"2025-09-08T10:02:57","slug":"vanliga-fragor","status":"publish","type":"page","link":"https:\/\/test.magnetarmagnets.com\/sv\/vanliga-fragor\/","title":{"rendered":"Vanliga fr\u00e5gor"},"content":{"rendered":"\n<h2 class=\"wp-block-heading\">Magnetfiske<\/h2>\n\n<hr class=\"wp-block-separator has-css-opacity is-style-wide\"\/>\n\n<h2 class=\"wp-block-heading\">Fiskemagneter &amp; Tillbeh\u00f6r<\/h2>\n\n<hr class=\"wp-block-separator has-css-opacity is-style-wide\"\/>\n\n<h2 class=\"wp-block-heading\">V\u00e5ra produkter<\/h2>\n\n<h2 class=\"wp-block-heading\">V\u00e5r service<\/h2>\n\n<p><\/p>\n","protected":false},"excerpt":{"rendered":"<p>Magnetfiske Fiskemagneter &amp; Tillbeh\u00f6r V\u00e5ra produkter V\u00e5r service<\/p>\n","protected":false},"author":1,"featured_media":65426,"parent":0,"menu_order":0,"comment_status":"closed","ping_status":"closed","template":"","meta":{"_acf_changed":false,"inline_featured_image":false,"footnotes":""},"class_list":["post-65727","page","type-page","status-publish","has-post-thumbnail","hentry"],"acf":[],"yoast_head":"<!-- This site is optimized with the Yoast SEO plugin v27.6 - https:\/\/yoast.com\/product\/yoast-seo-wordpress\/ -->\n<title>Hj\u00e4lp &amp; FAQ | Magnetar \u2013 den b\u00e4sta och mest effektiva fiskemagneten<\/title>\n<meta name=\"description\" content=\"Vill du veta mer om v\u00e5ra produkter och v\u00e5r kundservice? P\u00e5 denna FAQ-sida hittar du svar p\u00e5 de vanligaste fr\u00e5gorna.\" \/>\n<meta name=\"robots\" content=\"noindex, nofollow\" \/>\n<meta property=\"og:locale\" content=\"sv_SE\" \/>\n<meta property=\"og:type\" content=\"article\" \/>\n<meta property=\"og:title\" content=\"Hj\u00e4lp &amp; FAQ | Magnetar \u2013 den b\u00e4sta och mest effektiva fiskemagneten\" \/>\n<meta property=\"og:description\" content=\"Vill du veta mer om v\u00e5ra produkter och v\u00e5r kundservice? P\u00e5 denna FAQ-sida hittar du svar p\u00e5 de vanligaste fr\u00e5gorna.\" \/>\n<meta property=\"og:url\" content=\"https:\/\/test.magnetarmagnets.com\/sv\/vanliga-fragor\/\" \/>\n<meta property=\"og:site_name\" content=\"Magnet fishing with a Magnetar fishing magnet\" \/>\n<meta property=\"article:publisher\" content=\"https:\/\/www.facebook.com\/fishingmagnets\/\" \/>\n<meta property=\"article:modified_time\" content=\"2025-09-08T10:02:57+00:00\" \/>\n<meta property=\"og:image\" content=\"https:\/\/test.magnetarmagnets.com\/wp-content\/uploads\/2024\/03\/JNF-Magnetar-B.V.-Bedrijfsfotografie-20-09-2023-Foto-2614-scaled.jpg\" \/>\n\t<meta property=\"og:image:width\" content=\"2560\" \/>\n\t<meta property=\"og:image:height\" content=\"1440\" \/>\n\t<meta property=\"og:image:type\" content=\"image\/jpeg\" \/>\n<meta name=\"twitter:card\" content=\"summary_large_image\" \/>\n<meta name=\"twitter:label1\" content=\"Ber\u00e4knad l\u00e4stid\" \/>\n\t<meta name=\"twitter:data1\" content=\"16 minuter\" \/>\n<script type=\"application\/ld+json\" class=\"yoast-schema-graph\">{\"@context\":\"https:\\\/\\\/schema.org\",\"@graph\":[{\"@type\":[\"WebPage\",\"FAQPage\"],\"@id\":\"https:\\\/\\\/test.magnetarmagnets.com\\\/sv\\\/vanliga-fragor\\\/\",\"url\":\"https:\\\/\\\/test.magnetarmagnets.com\\\/sv\\\/vanliga-fragor\\\/\",\"name\":\"Hj\u00e4lp & FAQ | Magnetar \u2013 den b\u00e4sta och mest effektiva fiskemagneten\",\"isPartOf\":{\"@id\":\"https:\\\/\\\/test.magnetarmagnets.com\\\/sv\\\/#website\"},\"primaryImageOfPage\":{\"@id\":\"https:\\\/\\\/test.magnetarmagnets.com\\\/sv\\\/vanliga-fragor\\\/#primaryimage\"},\"image\":{\"@id\":\"https:\\\/\\\/test.magnetarmagnets.com\\\/sv\\\/vanliga-fragor\\\/#primaryimage\"},\"thumbnailUrl\":\"https:\\\/\\\/test.magnetarmagnets.com\\\/wp-content\\\/uploads\\\/2024\\\/03\\\/JNF-Magnetar-B.V.-Bedrijfsfotografie-20-09-2023-Foto-2614-scaled.jpg\",\"datePublished\":\"2014-03-21T17:18:31+00:00\",\"dateModified\":\"2025-09-08T10:02:57+00:00\",\"description\":\"Vill du veta mer om v\u00e5ra produkter och v\u00e5r kundservice? P\u00e5 denna FAQ-sida hittar du svar p\u00e5 de vanligaste fr\u00e5gorna.\",\"breadcrumb\":{\"@id\":\"https:\\\/\\\/test.magnetarmagnets.com\\\/sv\\\/vanliga-fragor\\\/#breadcrumb\"},\"inLanguage\":\"sv-SE\",\"potentialAction\":[{\"@type\":\"ReadAction\",\"target\":[\"https:\\\/\\\/test.magnetarmagnets.com\\\/sv\\\/vanliga-fragor\\\/\"]}]},{\"@type\":\"ImageObject\",\"inLanguage\":\"sv-SE\",\"@id\":\"https:\\\/\\\/test.magnetarmagnets.com\\\/sv\\\/vanliga-fragor\\\/#primaryimage\",\"url\":\"https:\\\/\\\/test.magnetarmagnets.com\\\/wp-content\\\/uploads\\\/2024\\\/03\\\/JNF-Magnetar-B.V.-Bedrijfsfotografie-20-09-2023-Foto-2614-scaled.jpg\",\"contentUrl\":\"https:\\\/\\\/test.magnetarmagnets.com\\\/wp-content\\\/uploads\\\/2024\\\/03\\\/JNF-Magnetar-B.V.-Bedrijfsfotografie-20-09-2023-Foto-2614-scaled.jpg\",\"width\":2560,\"height\":1440},{\"@type\":\"BreadcrumbList\",\"@id\":\"https:\\\/\\\/test.magnetarmagnets.com\\\/sv\\\/vanliga-fragor\\\/#breadcrumb\",\"itemListElement\":[{\"@type\":\"ListItem\",\"position\":1,\"name\":\"Home\",\"item\":\"https:\\\/\\\/test.magnetarmagnets.com\\\/sv\\\/\"},{\"@type\":\"ListItem\",\"position\":2,\"name\":\"Vanliga fr\u00e5gor\"}]},{\"@type\":\"WebSite\",\"@id\":\"https:\\\/\\\/test.magnetarmagnets.com\\\/sv\\\/#website\",\"url\":\"https:\\\/\\\/test.magnetarmagnets.com\\\/sv\\\/\",\"name\":\"Magnet fishing with a Magnetar fishing magnet\",\"description\":\"Powerful magnets for magnet fishing\",\"publisher\":{\"@id\":\"https:\\\/\\\/test.magnetarmagnets.com\\\/sv\\\/#organization\"},\"potentialAction\":[{\"@type\":\"SearchAction\",\"target\":{\"@type\":\"EntryPoint\",\"urlTemplate\":\"https:\\\/\\\/test.magnetarmagnets.com\\\/sv\\\/?s={search_term_string}\"},\"query-input\":{\"@type\":\"PropertyValueSpecification\",\"valueRequired\":true,\"valueName\":\"search_term_string\"}}],\"inLanguage\":\"sv-SE\"},{\"@type\":\"Organization\",\"@id\":\"https:\\\/\\\/test.magnetarmagnets.com\\\/sv\\\/#organization\",\"name\":\"Magnetar\",\"url\":\"https:\\\/\\\/test.magnetarmagnets.com\\\/sv\\\/\",\"logo\":{\"@type\":\"ImageObject\",\"inLanguage\":\"sv-SE\",\"@id\":\"https:\\\/\\\/test.magnetarmagnets.com\\\/sv\\\/#\\\/schema\\\/logo\\\/image\\\/\",\"url\":\"https:\\\/\\\/magnetarmagnets.com\\\/wp-content\\\/uploads\\\/2021\\\/01\\\/magnetarvismagneet_logo.png\",\"contentUrl\":\"https:\\\/\\\/magnetarmagnets.com\\\/wp-content\\\/uploads\\\/2021\\\/01\\\/magnetarvismagneet_logo.png\",\"width\":209,\"height\":100,\"caption\":\"Magnetar\"},\"image\":{\"@id\":\"https:\\\/\\\/test.magnetarmagnets.com\\\/sv\\\/#\\\/schema\\\/logo\\\/image\\\/\"},\"sameAs\":[\"https:\\\/\\\/www.facebook.com\\\/fishingmagnets\\\/\",\"https:\\\/\\\/www.instagram.com\\\/magnetar_magnets\\\/\",\"https:\\\/\\\/www.linkedin.com\\\/company\\\/magnetarbv\\\/?originalSubdomain=nl\",\"https:\\\/\\\/www.youtube.com\\\/c\\\/MagnetarVismagneet\"]}]}<\/script>\n<!-- \/ Yoast SEO plugin. -->","yoast_head_json":{"title":"Hj\u00e4lp & FAQ | Magnetar \u2013 den b\u00e4sta och mest effektiva fiskemagneten","description":"Vill du veta mer om v\u00e5ra produkter och v\u00e5r kundservice? P\u00e5 denna FAQ-sida hittar du svar p\u00e5 de vanligaste fr\u00e5gorna.","robots":{"index":"noindex","follow":"nofollow"},"og_locale":"sv_SE","og_type":"article","og_title":"Hj\u00e4lp & FAQ | Magnetar \u2013 den b\u00e4sta och mest effektiva fiskemagneten","og_description":"Vill du veta mer om v\u00e5ra produkter och v\u00e5r kundservice? P\u00e5 denna FAQ-sida hittar du svar p\u00e5 de vanligaste fr\u00e5gorna.","og_url":"https:\/\/test.magnetarmagnets.com\/sv\/vanliga-fragor\/","og_site_name":"Magnet fishing with a Magnetar fishing magnet","article_publisher":"https:\/\/www.facebook.com\/fishingmagnets\/","article_modified_time":"2025-09-08T10:02:57+00:00","og_image":[{"width":2560,"height":1440,"url":"https:\/\/test.magnetarmagnets.com\/wp-content\/uploads\/2024\/03\/JNF-Magnetar-B.V.-Bedrijfsfotografie-20-09-2023-Foto-2614-scaled.jpg","type":"image\/jpeg"}],"twitter_card":"summary_large_image","twitter_misc":{"Ber\u00e4knad l\u00e4stid":"16 minuter"},"schema":{"@context":"https:\/\/schema.org","@graph":[{"@type":["WebPage","FAQPage"],"@id":"https:\/\/test.magnetarmagnets.com\/sv\/vanliga-fragor\/","url":"https:\/\/test.magnetarmagnets.com\/sv\/vanliga-fragor\/","name":"Hj\u00e4lp & FAQ | Magnetar \u2013 den b\u00e4sta och mest effektiva fiskemagneten","isPartOf":{"@id":"https:\/\/test.magnetarmagnets.com\/sv\/#website"},"primaryImageOfPage":{"@id":"https:\/\/test.magnetarmagnets.com\/sv\/vanliga-fragor\/#primaryimage"},"image":{"@id":"https:\/\/test.magnetarmagnets.com\/sv\/vanliga-fragor\/#primaryimage"},"thumbnailUrl":"https:\/\/test.magnetarmagnets.com\/wp-content\/uploads\/2024\/03\/JNF-Magnetar-B.V.-Bedrijfsfotografie-20-09-2023-Foto-2614-scaled.jpg","datePublished":"2014-03-21T17:18:31+00:00","dateModified":"2025-09-08T10:02:57+00:00","description":"Vill du veta mer om v\u00e5ra produkter och v\u00e5r kundservice? P\u00e5 denna FAQ-sida hittar du svar p\u00e5 de vanligaste fr\u00e5gorna.","breadcrumb":{"@id":"https:\/\/test.magnetarmagnets.com\/sv\/vanliga-fragor\/#breadcrumb"},"inLanguage":"sv-SE","potentialAction":[{"@type":"ReadAction","target":["https:\/\/test.magnetarmagnets.com\/sv\/vanliga-fragor\/"]}]},{"@type":"ImageObject","inLanguage":"sv-SE","@id":"https:\/\/test.magnetarmagnets.com\/sv\/vanliga-fragor\/#primaryimage","url":"https:\/\/test.magnetarmagnets.com\/wp-content\/uploads\/2024\/03\/JNF-Magnetar-B.V.-Bedrijfsfotografie-20-09-2023-Foto-2614-scaled.jpg","contentUrl":"https:\/\/test.magnetarmagnets.com\/wp-content\/uploads\/2024\/03\/JNF-Magnetar-B.V.-Bedrijfsfotografie-20-09-2023-Foto-2614-scaled.jpg","width":2560,"height":1440},{"@type":"BreadcrumbList","@id":"https:\/\/test.magnetarmagnets.com\/sv\/vanliga-fragor\/#breadcrumb","itemListElement":[{"@type":"ListItem","position":1,"name":"Home","item":"https:\/\/test.magnetarmagnets.com\/sv\/"},{"@type":"ListItem","position":2,"name":"Vanliga fr\u00e5gor"}]},{"@type":"WebSite","@id":"https:\/\/test.magnetarmagnets.com\/sv\/#website","url":"https:\/\/test.magnetarmagnets.com\/sv\/","name":"Magnet fishing with a Magnetar fishing magnet","description":"Powerful magnets for magnet fishing","publisher":{"@id":"https:\/\/test.magnetarmagnets.com\/sv\/#organization"},"potentialAction":[{"@type":"SearchAction","target":{"@type":"EntryPoint","urlTemplate":"https:\/\/test.magnetarmagnets.com\/sv\/?s={search_term_string}"},"query-input":{"@type":"PropertyValueSpecification","valueRequired":true,"valueName":"search_term_string"}}],"inLanguage":"sv-SE"},{"@type":"Organization","@id":"https:\/\/test.magnetarmagnets.com\/sv\/#organization","name":"Magnetar","url":"https:\/\/test.magnetarmagnets.com\/sv\/","logo":{"@type":"ImageObject","inLanguage":"sv-SE","@id":"https:\/\/test.magnetarmagnets.com\/sv\/#\/schema\/logo\/image\/","url":"https:\/\/magnetarmagnets.com\/wp-content\/uploads\/2021\/01\/magnetarvismagneet_logo.png","contentUrl":"https:\/\/magnetarmagnets.com\/wp-content\/uploads\/2021\/01\/magnetarvismagneet_logo.png","width":209,"height":100,"caption":"Magnetar"},"image":{"@id":"https:\/\/test.magnetarmagnets.com\/sv\/#\/schema\/logo\/image\/"},"sameAs":["https:\/\/www.facebook.com\/fishingmagnets\/","https:\/\/www.instagram.com\/magnetar_magnets\/","https:\/\/www.linkedin.com\/company\/magnetarbv\/?originalSubdomain=nl","https:\/\/www.youtube.com\/c\/MagnetarVismagneet"]}]}},"_links":{"self":[{"href":"https:\/\/test.magnetarmagnets.com\/sv\/wp-json\/wp\/v2\/pages\/65727","targetHints":{"allow":["GET"]}}],"collection":[{"href":"https:\/\/test.magnetarmagnets.com\/sv\/wp-json\/wp\/v2\/pages"}],"about":[{"href":"https:\/\/test.magnetarmagnets.com\/sv\/wp-json\/wp\/v2\/types\/page"}],"author":[{"embeddable":true,"href":"https:\/\/test.magnetarmagnets.com\/sv\/wp-json\/wp\/v2\/users\/1"}],"replies":[{"embeddable":true,"href":"https:\/\/test.magnetarmagnets.com\/sv\/wp-json\/wp\/v2\/comments?post=65727"}],"version-history":[{"count":0,"href":"https:\/\/test.magnetarmagnets.com\/sv\/wp-json\/wp\/v2\/pages\/65727\/revisions"}],"wp:featuredmedia":[{"embeddable":true,"href":"https:\/\/test.magnetarmagnets.com\/sv\/wp-json\/wp\/v2\/media\/65426"}],"wp:attachment":[{"href":"https:\/\/test.magnetarmagnets.com\/sv\/wp-json\/wp\/v2\/media?parent=65727"}],"curies":[{"name":"wp","href":"https:\/\/api.w.org\/{rel}","templated":true}]}}