{"id":83748,"date":"2025-06-05T09:53:04","date_gmt":"2025-06-05T07:53:04","guid":{"rendered":"https:\/\/magnetarmagnets.com\/shop\/koszulka-magnetar-3d\/"},"modified":"2026-03-18T17:18:57","modified_gmt":"2026-03-18T16:18:57","slug":"koszulka-magnetar-3d","status":"publish","type":"product","link":"https:\/\/test.magnetarmagnets.com\/pl\/shop\/koszulka-magnetar-3d\/","title":{"rendered":"Koszulka Magnetar 3D"},"content":{"rendered":"<p>Co nosisz podczas \u0142owienia magnesem? Oczywi\u015bcie koszulk\u0119 Magnetar! Teraz wszyscy fani maj\u0105 mo\u017cliwo\u015b\u0107 zakupu koszulki Magnetar. Dzi\u0119ki temu mo\u017cesz wygl\u0105da\u0107 stylowo nad brzegiem wody i pokaza\u0107 swoje wsparcie dla naszej marki.<\/p>\n<h2>Wygodne dopasowanie i doskona\u0142a jako\u015b\u0107<\/h2>\n<p>Podczas tworzenia ka\u017cdego produktu d\u0105\u017cymy do najwy\u017cszej jako\u015bci. Nie inaczej jest w tym wypadku. Koszulka Magnetar wykonana jest z grubego i wysokiej jako\u015bci materia\u0142u, co czyni j\u0105 trwa\u0142\u0105 \u2013 to absolutna konieczno\u015b\u0107 przy <strong>\u0142owieniu magnesem<\/strong>!<\/p>\n<p>\u0141owienie magnesem to oczywi\u015bcie aktywne hobby. Du\u017co si\u0119 ruszasz i mo\u017cesz si\u0119 zabrudzi\u0107. Dlatego koszulka Magnetar ma nieco lu\u017aniejsze dopasowanie. Pozwala to na swobod\u0119 ruch\u00f3w i zapobiega szybkiemu poceniu si\u0119. Koszulka jest wykonana z bawe\u0142ny.<\/p>\n<h2>Wysokiej jako\u015bci logo 3D<\/h2>\n<p>Koszulka Magnetar posiada wysokiej jako\u015bci logo 3D. Logo Magnetar pozostaje trwale widoczne, poniewa\u017c jest w pe\u0142ni wyszywane. Z ty\u0142u znajduje si\u0119 r\u00f3wnie\u017c zwyk\u0142y nadruk z napisem \u201eMAGNETAR\u201d i logo.<\/p>\n<h2>Jako\u015b\u0107 Magnetar<\/h2>\n<p>Magnetar to ma\u0142a, rodzinna firma prowadzona przez prawdziwych entuzjast\u00f3w <strong>\u0142owienia magnesem<\/strong>. Jako\u015b\u0107 jest naszym priorytetem i wida\u0107 to w naszych produktach. Wszystkie nasze produkty projektuje w\u0142asny zesp\u00f3\u0142, by zapewni\u0107 najwy\u017csz\u0105 jako\u015b\u0107. Szukasz niezawodnego, skutecznego i wysokiej jako\u015bci sprz\u0119tu do <strong>\u0142owienia magnesem<\/strong>? Jeste\u015b we w\u0142a\u015bciwym miejscu z Magnetar!<\/p>\n","protected":false},"excerpt":{"rendered":"<p>Z t\u0105 koszulk\u0105 do <strong>\u0142owienia magnesem<\/strong> poka\u017cesz swoje <strong>wsparcie<\/strong> dla Magnetar. Na przodzie znajduje si\u0119 <strong>pi\u0119knie wyszywane logo 3D<\/strong>.<\/p>\n","protected":false},"featured_media":79952,"comment_status":"open","ping_status":"closed","template":"","meta":{"_acf_changed":false,"inline_featured_image":false},"product_brand":[],"product_cat":[590,588,1006],"product_tag":[],"class_list":{"0":"post-83748","1":"product","2":"type-product","3":"status-publish","4":"has-post-thumbnail","6":"product_cat-artykuly-promocyjne","7":"product_cat-sprzet","8":"product_cat-wszystkie-produkty","10":"first","11":"instock","12":"taxable","13":"shipping-taxable","14":"purchasable","15":"product-type-variable"},"acf":[],"yoast_head":"<!-- This site is optimized with the Yoast SEO plugin v27.6 - https:\/\/yoast.com\/product\/yoast-seo-wordpress\/ -->\n<title>Koszulka Magnetar 3D - Magnet fishing with a Magnetar fishing magnet<\/title>\n<meta name=\"description\" content=\"Koszulka Magnetar 3D \u2013 Stylowa odzie\u017c do \u0142owienia magnesem\" \/>\n<meta name=\"robots\" content=\"index, follow, max-snippet:-1, max-image-preview:large, max-video-preview:-1\" \/>\n<link rel=\"canonical\" href=\"https:\/\/test.magnetarmagnets.com\/pl\/shop\/koszulka-magnetar-3d\/\" \/>\n<meta property=\"og:locale\" content=\"pl_PL\" \/>\n<meta property=\"og:type\" content=\"article\" \/>\n<meta property=\"og:title\" content=\"Koszulka Magnetar 3D - Magnet fishing with a Magnetar fishing magnet\" \/>\n<meta property=\"og:description\" content=\"Koszulka Magnetar 3D \u2013 Stylowa odzie\u017c do \u0142owienia magnesem\" \/>\n<meta property=\"og:url\" content=\"https:\/\/test.magnetarmagnets.com\/pl\/shop\/koszulka-magnetar-3d\/\" \/>\n<meta property=\"og:site_name\" content=\"Magnet fishing with a Magnetar fishing magnet\" \/>\n<meta property=\"article:publisher\" content=\"https:\/\/www.facebook.com\/fishingmagnets\/\" \/>\n<meta property=\"article:modified_time\" content=\"2026-03-18T16:18:57+00:00\" \/>\n<meta property=\"og:image\" content=\"https:\/\/test.magnetarmagnets.com\/wp-content\/uploads\/2023\/09\/JNF-Magnetar-Bedrijfsfotografie-01-09-2023-Foto-0544.jpg\" \/>\n\t<meta property=\"og:image:width\" content=\"1000\" \/>\n\t<meta property=\"og:image:height\" content=\"1000\" \/>\n\t<meta property=\"og:image:type\" content=\"image\/jpeg\" \/>\n<meta name=\"twitter:card\" content=\"summary_large_image\" \/>\n<meta name=\"twitter:label1\" content=\"Szacowany czas czytania\" \/>\n\t<meta name=\"twitter:data1\" content=\"2 minuty\" \/>\n<script type=\"application\/ld+json\" class=\"yoast-schema-graph\">{\"@context\":\"https:\\\/\\\/schema.org\",\"@graph\":[{\"@type\":[\"WebPage\",\"ItemPage\"],\"@id\":\"https:\\\/\\\/test.magnetarmagnets.com\\\/pl\\\/shop\\\/koszulka-magnetar-3d\\\/\",\"url\":\"https:\\\/\\\/test.magnetarmagnets.com\\\/pl\\\/shop\\\/koszulka-magnetar-3d\\\/\",\"name\":\"Koszulka Magnetar 3D - Magnet fishing with a Magnetar fishing magnet\",\"isPartOf\":{\"@id\":\"https:\\\/\\\/test.magnetarmagnets.com\\\/pl\\\/#website\"},\"primaryImageOfPage\":{\"@id\":\"https:\\\/\\\/test.magnetarmagnets.com\\\/pl\\\/shop\\\/koszulka-magnetar-3d\\\/#primaryimage\"},\"image\":{\"@id\":\"https:\\\/\\\/test.magnetarmagnets.com\\\/pl\\\/shop\\\/koszulka-magnetar-3d\\\/#primaryimage\"},\"thumbnailUrl\":\"https:\\\/\\\/test.magnetarmagnets.com\\\/wp-content\\\/uploads\\\/2023\\\/09\\\/JNF-Magnetar-Bedrijfsfotografie-01-09-2023-Foto-0544.jpg\",\"datePublished\":\"2025-06-05T07:53:04+00:00\",\"dateModified\":\"2026-03-18T16:18:57+00:00\",\"description\":\"Koszulka Magnetar 3D \u2013 Stylowa odzie\u017c do \u0142owienia magnesem\",\"breadcrumb\":{\"@id\":\"https:\\\/\\\/test.magnetarmagnets.com\\\/pl\\\/shop\\\/koszulka-magnetar-3d\\\/#breadcrumb\"},\"inLanguage\":\"pl-PL\",\"potentialAction\":[{\"@type\":\"ReadAction\",\"target\":[\"https:\\\/\\\/test.magnetarmagnets.com\\\/pl\\\/shop\\\/koszulka-magnetar-3d\\\/\"]}]},{\"@type\":\"ImageObject\",\"inLanguage\":\"pl-PL\",\"@id\":\"https:\\\/\\\/test.magnetarmagnets.com\\\/pl\\\/shop\\\/koszulka-magnetar-3d\\\/#primaryimage\",\"url\":\"https:\\\/\\\/test.magnetarmagnets.com\\\/wp-content\\\/uploads\\\/2023\\\/09\\\/JNF-Magnetar-Bedrijfsfotografie-01-09-2023-Foto-0544.jpg\",\"contentUrl\":\"https:\\\/\\\/test.magnetarmagnets.com\\\/wp-content\\\/uploads\\\/2023\\\/09\\\/JNF-Magnetar-Bedrijfsfotografie-01-09-2023-Foto-0544.jpg\",\"width\":1000,\"height\":1000,\"caption\":\"With this Magnetar t-shirt, you show off your belonging to team Magnetar while magnetic fishing.\"},{\"@type\":\"BreadcrumbList\",\"@id\":\"https:\\\/\\\/test.magnetarmagnets.com\\\/pl\\\/shop\\\/koszulka-magnetar-3d\\\/#breadcrumb\",\"itemListElement\":[{\"@type\":\"ListItem\",\"position\":1,\"name\":\"Home\",\"item\":\"https:\\\/\\\/test.magnetarmagnets.com\\\/pl\\\/\"},{\"@type\":\"ListItem\",\"position\":2,\"name\":\"Sklep\",\"item\":\"https:\\\/\\\/test.magnetarmagnets.com\\\/shop\\\/\"},{\"@type\":\"ListItem\",\"position\":3,\"name\":\"Wszystkie produkty\",\"item\":\"https:\\\/\\\/test.magnetarmagnets.com\\\/pl\\\/collections\\\/wszystkie-produkty\\\/\"},{\"@type\":\"ListItem\",\"position\":4,\"name\":\"Koszulka Magnetar 3D\"}]},{\"@type\":\"WebSite\",\"@id\":\"https:\\\/\\\/test.magnetarmagnets.com\\\/pl\\\/#website\",\"url\":\"https:\\\/\\\/test.magnetarmagnets.com\\\/pl\\\/\",\"name\":\"Magnet fishing with a Magnetar fishing magnet\",\"description\":\"Powerful magnets for magnet fishing\",\"publisher\":{\"@id\":\"https:\\\/\\\/test.magnetarmagnets.com\\\/pl\\\/#organization\"},\"potentialAction\":[{\"@type\":\"SearchAction\",\"target\":{\"@type\":\"EntryPoint\",\"urlTemplate\":\"https:\\\/\\\/test.magnetarmagnets.com\\\/pl\\\/?s={search_term_string}\"},\"query-input\":{\"@type\":\"PropertyValueSpecification\",\"valueRequired\":true,\"valueName\":\"search_term_string\"}}],\"inLanguage\":\"pl-PL\"},{\"@type\":\"Organization\",\"@id\":\"https:\\\/\\\/test.magnetarmagnets.com\\\/pl\\\/#organization\",\"name\":\"Magnetar\",\"url\":\"https:\\\/\\\/test.magnetarmagnets.com\\\/pl\\\/\",\"logo\":{\"@type\":\"ImageObject\",\"inLanguage\":\"pl-PL\",\"@id\":\"https:\\\/\\\/test.magnetarmagnets.com\\\/pl\\\/#\\\/schema\\\/logo\\\/image\\\/\",\"url\":\"https:\\\/\\\/magnetarmagnets.com\\\/wp-content\\\/uploads\\\/2021\\\/01\\\/magnetarvismagneet_logo.png\",\"contentUrl\":\"https:\\\/\\\/magnetarmagnets.com\\\/wp-content\\\/uploads\\\/2021\\\/01\\\/magnetarvismagneet_logo.png\",\"width\":209,\"height\":100,\"caption\":\"Magnetar\"},\"image\":{\"@id\":\"https:\\\/\\\/test.magnetarmagnets.com\\\/pl\\\/#\\\/schema\\\/logo\\\/image\\\/\"},\"sameAs\":[\"https:\\\/\\\/www.facebook.com\\\/fishingmagnets\\\/\",\"https:\\\/\\\/www.instagram.com\\\/magnetar_magnets\\\/\",\"https:\\\/\\\/www.linkedin.com\\\/company\\\/magnetarbv\\\/?originalSubdomain=nl\",\"https:\\\/\\\/www.youtube.com\\\/c\\\/MagnetarVismagneet\"]}]}<\/script>\n<!-- \/ Yoast SEO plugin. -->","yoast_head_json":{"title":"Koszulka Magnetar 3D - Magnet fishing with a Magnetar fishing magnet","description":"Koszulka Magnetar 3D \u2013 Stylowa odzie\u017c do \u0142owienia magnesem","robots":{"index":"index","follow":"follow","max-snippet":"max-snippet:-1","max-image-preview":"max-image-preview:large","max-video-preview":"max-video-preview:-1"},"canonical":"https:\/\/test.magnetarmagnets.com\/pl\/shop\/koszulka-magnetar-3d\/","og_locale":"pl_PL","og_type":"article","og_title":"Koszulka Magnetar 3D - Magnet fishing with a Magnetar fishing magnet","og_description":"Koszulka Magnetar 3D \u2013 Stylowa odzie\u017c do \u0142owienia magnesem","og_url":"https:\/\/test.magnetarmagnets.com\/pl\/shop\/koszulka-magnetar-3d\/","og_site_name":"Magnet fishing with a Magnetar fishing magnet","article_publisher":"https:\/\/www.facebook.com\/fishingmagnets\/","article_modified_time":"2026-03-18T16:18:57+00:00","og_image":[{"width":1000,"height":1000,"url":"https:\/\/test.magnetarmagnets.com\/wp-content\/uploads\/2023\/09\/JNF-Magnetar-Bedrijfsfotografie-01-09-2023-Foto-0544.jpg","type":"image\/jpeg"}],"twitter_card":"summary_large_image","twitter_misc":{"Szacowany czas czytania":"2 minuty"},"schema":{"@context":"https:\/\/schema.org","@graph":[{"@type":["WebPage","ItemPage"],"@id":"https:\/\/test.magnetarmagnets.com\/pl\/shop\/koszulka-magnetar-3d\/","url":"https:\/\/test.magnetarmagnets.com\/pl\/shop\/koszulka-magnetar-3d\/","name":"Koszulka Magnetar 3D - Magnet fishing with a Magnetar fishing magnet","isPartOf":{"@id":"https:\/\/test.magnetarmagnets.com\/pl\/#website"},"primaryImageOfPage":{"@id":"https:\/\/test.magnetarmagnets.com\/pl\/shop\/koszulka-magnetar-3d\/#primaryimage"},"image":{"@id":"https:\/\/test.magnetarmagnets.com\/pl\/shop\/koszulka-magnetar-3d\/#primaryimage"},"thumbnailUrl":"https:\/\/test.magnetarmagnets.com\/wp-content\/uploads\/2023\/09\/JNF-Magnetar-Bedrijfsfotografie-01-09-2023-Foto-0544.jpg","datePublished":"2025-06-05T07:53:04+00:00","dateModified":"2026-03-18T16:18:57+00:00","description":"Koszulka Magnetar 3D \u2013 Stylowa odzie\u017c do \u0142owienia magnesem","breadcrumb":{"@id":"https:\/\/test.magnetarmagnets.com\/pl\/shop\/koszulka-magnetar-3d\/#breadcrumb"},"inLanguage":"pl-PL","potentialAction":[{"@type":"ReadAction","target":["https:\/\/test.magnetarmagnets.com\/pl\/shop\/koszulka-magnetar-3d\/"]}]},{"@type":"ImageObject","inLanguage":"pl-PL","@id":"https:\/\/test.magnetarmagnets.com\/pl\/shop\/koszulka-magnetar-3d\/#primaryimage","url":"https:\/\/test.magnetarmagnets.com\/wp-content\/uploads\/2023\/09\/JNF-Magnetar-Bedrijfsfotografie-01-09-2023-Foto-0544.jpg","contentUrl":"https:\/\/test.magnetarmagnets.com\/wp-content\/uploads\/2023\/09\/JNF-Magnetar-Bedrijfsfotografie-01-09-2023-Foto-0544.jpg","width":1000,"height":1000,"caption":"With this Magnetar t-shirt, you show off your belonging to team Magnetar while magnetic fishing."},{"@type":"BreadcrumbList","@id":"https:\/\/test.magnetarmagnets.com\/pl\/shop\/koszulka-magnetar-3d\/#breadcrumb","itemListElement":[{"@type":"ListItem","position":1,"name":"Home","item":"https:\/\/test.magnetarmagnets.com\/pl\/"},{"@type":"ListItem","position":2,"name":"Sklep","item":"https:\/\/test.magnetarmagnets.com\/shop\/"},{"@type":"ListItem","position":3,"name":"Wszystkie produkty","item":"https:\/\/test.magnetarmagnets.com\/pl\/collections\/wszystkie-produkty\/"},{"@type":"ListItem","position":4,"name":"Koszulka Magnetar 3D"}]},{"@type":"WebSite","@id":"https:\/\/test.magnetarmagnets.com\/pl\/#website","url":"https:\/\/test.magnetarmagnets.com\/pl\/","name":"Magnet fishing with a Magnetar fishing magnet","description":"Powerful magnets for magnet fishing","publisher":{"@id":"https:\/\/test.magnetarmagnets.com\/pl\/#organization"},"potentialAction":[{"@type":"SearchAction","target":{"@type":"EntryPoint","urlTemplate":"https:\/\/test.magnetarmagnets.com\/pl\/?s={search_term_string}"},"query-input":{"@type":"PropertyValueSpecification","valueRequired":true,"valueName":"search_term_string"}}],"inLanguage":"pl-PL"},{"@type":"Organization","@id":"https:\/\/test.magnetarmagnets.com\/pl\/#organization","name":"Magnetar","url":"https:\/\/test.magnetarmagnets.com\/pl\/","logo":{"@type":"ImageObject","inLanguage":"pl-PL","@id":"https:\/\/test.magnetarmagnets.com\/pl\/#\/schema\/logo\/image\/","url":"https:\/\/magnetarmagnets.com\/wp-content\/uploads\/2021\/01\/magnetarvismagneet_logo.png","contentUrl":"https:\/\/magnetarmagnets.com\/wp-content\/uploads\/2021\/01\/magnetarvismagneet_logo.png","width":209,"height":100,"caption":"Magnetar"},"image":{"@id":"https:\/\/test.magnetarmagnets.com\/pl\/#\/schema\/logo\/image\/"},"sameAs":["https:\/\/www.facebook.com\/fishingmagnets\/","https:\/\/www.instagram.com\/magnetar_magnets\/","https:\/\/www.linkedin.com\/company\/magnetarbv\/?originalSubdomain=nl","https:\/\/www.youtube.com\/c\/MagnetarVismagneet"]}]}},"_links":{"self":[{"href":"https:\/\/test.magnetarmagnets.com\/pl\/wp-json\/wp\/v2\/product\/83748","targetHints":{"allow":["GET"]}}],"collection":[{"href":"https:\/\/test.magnetarmagnets.com\/pl\/wp-json\/wp\/v2\/product"}],"about":[{"href":"https:\/\/test.magnetarmagnets.com\/pl\/wp-json\/wp\/v2\/types\/product"}],"replies":[{"embeddable":true,"href":"https:\/\/test.magnetarmagnets.com\/pl\/wp-json\/wp\/v2\/comments?post=83748"}],"wp:featuredmedia":[{"embeddable":true,"href":"https:\/\/test.magnetarmagnets.com\/pl\/wp-json\/wp\/v2\/media\/79952"}],"wp:attachment":[{"href":"https:\/\/test.magnetarmagnets.com\/pl\/wp-json\/wp\/v2\/media?parent=83748"}],"wp:term":[{"taxonomy":"product_brand","embeddable":true,"href":"https:\/\/test.magnetarmagnets.com\/pl\/wp-json\/wp\/v2\/product_brand?post=83748"},{"taxonomy":"product_cat","embeddable":true,"href":"https:\/\/test.magnetarmagnets.com\/pl\/wp-json\/wp\/v2\/product_cat?post=83748"},{"taxonomy":"product_tag","embeddable":true,"href":"https:\/\/test.magnetarmagnets.com\/pl\/wp-json\/wp\/v2\/product_tag?post=83748"}],"curies":[{"name":"wp","href":"https:\/\/api.w.org\/{rel}","templated":true}]}}