{"id":83747,"date":"2025-06-05T09:53:04","date_gmt":"2025-06-05T07:53:04","guid":{"rendered":"https:\/\/magnetarmagnets.com\/shop\/podgrzewana-kamizelka\/"},"modified":"2026-03-18T17:34:29","modified_gmt":"2026-03-18T16:34:29","slug":"podgrzewana-kamizelka","status":"publish","type":"product","link":"https:\/\/test.magnetarmagnets.com\/pl\/shop\/podgrzewana-kamizelka\/","title":{"rendered":"Podgrzewana kamizelka"},"content":{"rendered":"<p>Jesieni\u0105 i zim\u0105 spotykasz wiele ch\u0142odnych i surowych dni. Chcesz zmierzy\u0107 si\u0119 z zimnem w tym okresie? Mo\u017cesz to zrobi\u0107 dzi\u0119ki podgrzewanej kamizelce Lava od Magnetar Heat. Odzie\u017c Magnetar Heat utrzymuje cia\u0142o komfortowo ciep\u0142e. Zachwy\u0107 si\u0119 trzema strefami grzewczymi, mocn\u0105 bateri\u0105 oraz doskona\u0142\u0105 jako\u015bci\u0105.<\/p>\n<h2>Trzy Strefy Grzewcze i Ustawienia Ciep\u0142a<\/h2>\n<p>Podgrzewana kamizelka Lava wyposa\u017cona jest w trzy strefy grzewcze. Dwie znajduj\u0105 si\u0119 z przodu, a jedna z ty\u0142u, co zapewnia ciep\u0142o na ca\u0142ym torsie. Strefy mo\u017cna ustawi\u0107 na trzy r\u00f3\u017cne temperatury: 40\u00b0C, 50\u00b0C oraz 60\u00b0C.<\/p>\n<p>Regulacja ustawie\u0144 ciep\u0142a jest zaskakuj\u0105co prosta. Dokonujesz tego za pomoc\u0105 przycisku na przodzie kamizelki. Jedno naci\u015bni\u0119cie aktywuje podgrzewanie, a ka\u017cde kolejne zwi\u0119ksza temperatur\u0119 o jeden poziom. Je\u015bli zrobi ci si\u0119 za ciep\u0142o, \u0142atwo mo\u017cesz wy\u0142\u0105czy\u0107 kamizelk\u0119.<\/p>\n<h2>D\u0142ugotrwa\u0142e Ciep\u0142o Dzi\u0119ki Mocnej Baterii<\/h2>\n<p>Ciesz si\u0119 ciep\u0142em przez ca\u0142y dzie\u0144 z Magnetar Heat. Mocna bateria zapewnia ciep\u0142o nawet do 10 godzin. Dok\u0142adny czas zale\u017cy od ustawienia temperatury. Oto przegl\u0105d \u017cywotno\u015bci baterii w zale\u017cno\u015bci od ustawie\u0144 ciep\u0142a:<\/p>\n<ul>\n<li>40\u00b0C: 10 godzin<\/li>\n<li>50\u00b0C: 8 godzin<\/li>\n<li>60\u00b0C: 6 godzin<\/li>\n<\/ul>\n<p>Bateria\/power bank (6700mAh) jest dostarczany z \u0142adowark\u0105 i \u0142atwo wymienialny. Oznacza to, \u017ce teoretycznie mo\u017cna u\u017cywa\u0107 kilku baterii, aby cieszy\u0107 si\u0119 podgrzewan\u0105 kamizelk\u0105 Lava jeszcze d\u0142u\u017cej. Dodatkowo bateria posiada wyj\u015bcia USB i 4.0 DC oraz wej\u015bcie USB-C.<\/p>\n<h2>Wiatroszczelna i Wodoodporna<\/h2>\n<p>Wiatr i woda nie s\u0105 problemem dla podgrzewanej kamizelki. Do produkcji u\u017cyto wysokiej jako\u015bci nylonu, zar\u00f3wno od \u015brodka, jak i z zewn\u0105trz. Nylon zapewnia te\u017c, \u017ce ubranie pozostaje lekkie i przypomina zwyk\u0142\u0105, wysokiej klasy kamizelk\u0119.<\/p>\n<h2>Mo\u017cliwo\u015b\u0107 Prania w Pralce<\/h2>\n<p>Po dniu sp\u0119dzonym na aktywno\u015bciach na \u015bwie\u017cym powietrzu, je\u015bli zechcesz wyczy\u015bci\u0107 kamizelk\u0119, nie ma problemu! Mo\u017cesz spokojnie wrzuci\u0107 j\u0105 do pralki, pami\u0119taj\u0105c jednak, by uprzednio wyj\u0105\u0107 bateri\u0119!<\/p>\n","protected":false},"excerpt":{"rendered":"<p>Ta <strong>podgrzewana<\/strong> <strong>kamizelka<\/strong> utrzymuje cia\u0142o w odpowiedniej temperaturze dzi\u0119ki <strong>trzem strefom grzewczym<\/strong>, <strong>mocnej baterii<\/strong> i <strong>trzem ustawieniom ciep\u0142a<\/strong>.<\/p>\n","protected":false},"featured_media":88115,"comment_status":"open","ping_status":"closed","template":"","meta":{"_acf_changed":false,"inline_featured_image":false},"product_brand":[],"product_cat":[591,588],"product_tag":[],"class_list":{"0":"post-83747","1":"product","2":"type-product","3":"status-publish","4":"has-post-thumbnail","6":"product_cat-odziez-podgrzewana","7":"product_cat-sprzet","9":"first","10":"instock","11":"taxable","12":"shipping-taxable","13":"purchasable","14":"product-type-variable"},"acf":[],"yoast_head":"<!-- This site is optimized with the Yoast SEO plugin v27.6 - https:\/\/yoast.com\/product\/yoast-seo-wordpress\/ -->\n<title>Podgrzewana kamizelka - Magnet fishing with a Magnetar fishing magnet<\/title>\n<meta name=\"description\" content=\"Podgrzewana kamizelka - Pozosta\u0144 ciep\u0142y podczas \u0142owienia magnesem\" \/>\n<meta name=\"robots\" content=\"index, follow, max-snippet:-1, max-image-preview:large, max-video-preview:-1\" \/>\n<link rel=\"canonical\" href=\"https:\/\/test.magnetarmagnets.com\/pl\/shop\/podgrzewana-kamizelka\/\" \/>\n<meta property=\"og:locale\" content=\"pl_PL\" \/>\n<meta property=\"og:type\" content=\"article\" \/>\n<meta property=\"og:title\" content=\"Podgrzewana kamizelka - Magnet fishing with a Magnetar fishing magnet\" \/>\n<meta property=\"og:description\" content=\"Podgrzewana kamizelka - Pozosta\u0144 ciep\u0142y podczas \u0142owienia magnesem\" \/>\n<meta property=\"og:url\" content=\"https:\/\/test.magnetarmagnets.com\/pl\/shop\/podgrzewana-kamizelka\/\" \/>\n<meta property=\"og:site_name\" content=\"Magnet fishing with a Magnetar fishing magnet\" \/>\n<meta property=\"article:publisher\" content=\"https:\/\/www.facebook.com\/fishingmagnets\/\" \/>\n<meta property=\"article:modified_time\" content=\"2026-03-18T16:34:29+00:00\" \/>\n<meta property=\"og:image\" content=\"https:\/\/test.magnetarmagnets.com\/wp-content\/uploads\/2025\/06\/LAVA-BLACK-HEATED-VOOR-ACHTER.jpg\" \/>\n\t<meta property=\"og:image:width\" content=\"1000\" \/>\n\t<meta property=\"og:image:height\" content=\"1000\" \/>\n\t<meta property=\"og:image:type\" content=\"image\/jpeg\" \/>\n<meta name=\"twitter:card\" content=\"summary_large_image\" \/>\n<meta name=\"twitter:label1\" content=\"Szacowany czas czytania\" \/>\n\t<meta name=\"twitter:data1\" content=\"2 minuty\" \/>\n<script type=\"application\/ld+json\" class=\"yoast-schema-graph\">{\"@context\":\"https:\\\/\\\/schema.org\",\"@graph\":[{\"@type\":[\"WebPage\",\"ItemPage\"],\"@id\":\"https:\\\/\\\/test.magnetarmagnets.com\\\/pl\\\/shop\\\/podgrzewana-kamizelka\\\/\",\"url\":\"https:\\\/\\\/test.magnetarmagnets.com\\\/pl\\\/shop\\\/podgrzewana-kamizelka\\\/\",\"name\":\"Podgrzewana kamizelka - Magnet fishing with a Magnetar fishing magnet\",\"isPartOf\":{\"@id\":\"https:\\\/\\\/test.magnetarmagnets.com\\\/pl\\\/#website\"},\"primaryImageOfPage\":{\"@id\":\"https:\\\/\\\/test.magnetarmagnets.com\\\/pl\\\/shop\\\/podgrzewana-kamizelka\\\/#primaryimage\"},\"image\":{\"@id\":\"https:\\\/\\\/test.magnetarmagnets.com\\\/pl\\\/shop\\\/podgrzewana-kamizelka\\\/#primaryimage\"},\"thumbnailUrl\":\"https:\\\/\\\/test.magnetarmagnets.com\\\/wp-content\\\/uploads\\\/2025\\\/06\\\/LAVA-BLACK-HEATED-VOOR-ACHTER.jpg\",\"datePublished\":\"2025-06-05T07:53:04+00:00\",\"dateModified\":\"2026-03-18T16:34:29+00:00\",\"description\":\"Podgrzewana kamizelka - Pozosta\u0144 ciep\u0142y podczas \u0142owienia magnesem\",\"breadcrumb\":{\"@id\":\"https:\\\/\\\/test.magnetarmagnets.com\\\/pl\\\/shop\\\/podgrzewana-kamizelka\\\/#breadcrumb\"},\"inLanguage\":\"pl-PL\",\"potentialAction\":[{\"@type\":\"ReadAction\",\"target\":[\"https:\\\/\\\/test.magnetarmagnets.com\\\/pl\\\/shop\\\/podgrzewana-kamizelka\\\/\"]}]},{\"@type\":\"ImageObject\",\"inLanguage\":\"pl-PL\",\"@id\":\"https:\\\/\\\/test.magnetarmagnets.com\\\/pl\\\/shop\\\/podgrzewana-kamizelka\\\/#primaryimage\",\"url\":\"https:\\\/\\\/test.magnetarmagnets.com\\\/wp-content\\\/uploads\\\/2025\\\/06\\\/LAVA-BLACK-HEATED-VOOR-ACHTER.jpg\",\"contentUrl\":\"https:\\\/\\\/test.magnetarmagnets.com\\\/wp-content\\\/uploads\\\/2025\\\/06\\\/LAVA-BLACK-HEATED-VOOR-ACHTER.jpg\",\"width\":1000,\"height\":1000},{\"@type\":\"BreadcrumbList\",\"@id\":\"https:\\\/\\\/test.magnetarmagnets.com\\\/pl\\\/shop\\\/podgrzewana-kamizelka\\\/#breadcrumb\",\"itemListElement\":[{\"@type\":\"ListItem\",\"position\":1,\"name\":\"Home\",\"item\":\"https:\\\/\\\/test.magnetarmagnets.com\\\/pl\\\/\"},{\"@type\":\"ListItem\",\"position\":2,\"name\":\"Sklep\",\"item\":\"https:\\\/\\\/test.magnetarmagnets.com\\\/shop\\\/\"},{\"@type\":\"ListItem\",\"position\":3,\"name\":\"Sprz\u0119t\",\"item\":\"https:\\\/\\\/test.magnetarmagnets.com\\\/pl\\\/collections\\\/sprzet\\\/\"},{\"@type\":\"ListItem\",\"position\":4,\"name\":\"Odzie\u017c podgrzewana\",\"item\":\"https:\\\/\\\/test.magnetarmagnets.com\\\/pl\\\/collections\\\/sprzet\\\/odziez-podgrzewana\\\/\"},{\"@type\":\"ListItem\",\"position\":5,\"name\":\"Podgrzewana kamizelka\"}]},{\"@type\":\"WebSite\",\"@id\":\"https:\\\/\\\/test.magnetarmagnets.com\\\/pl\\\/#website\",\"url\":\"https:\\\/\\\/test.magnetarmagnets.com\\\/pl\\\/\",\"name\":\"Magnet fishing with a Magnetar fishing magnet\",\"description\":\"Powerful magnets for magnet fishing\",\"publisher\":{\"@id\":\"https:\\\/\\\/test.magnetarmagnets.com\\\/pl\\\/#organization\"},\"potentialAction\":[{\"@type\":\"SearchAction\",\"target\":{\"@type\":\"EntryPoint\",\"urlTemplate\":\"https:\\\/\\\/test.magnetarmagnets.com\\\/pl\\\/?s={search_term_string}\"},\"query-input\":{\"@type\":\"PropertyValueSpecification\",\"valueRequired\":true,\"valueName\":\"search_term_string\"}}],\"inLanguage\":\"pl-PL\"},{\"@type\":\"Organization\",\"@id\":\"https:\\\/\\\/test.magnetarmagnets.com\\\/pl\\\/#organization\",\"name\":\"Magnetar\",\"url\":\"https:\\\/\\\/test.magnetarmagnets.com\\\/pl\\\/\",\"logo\":{\"@type\":\"ImageObject\",\"inLanguage\":\"pl-PL\",\"@id\":\"https:\\\/\\\/test.magnetarmagnets.com\\\/pl\\\/#\\\/schema\\\/logo\\\/image\\\/\",\"url\":\"https:\\\/\\\/magnetarmagnets.com\\\/wp-content\\\/uploads\\\/2021\\\/01\\\/magnetarvismagneet_logo.png\",\"contentUrl\":\"https:\\\/\\\/magnetarmagnets.com\\\/wp-content\\\/uploads\\\/2021\\\/01\\\/magnetarvismagneet_logo.png\",\"width\":209,\"height\":100,\"caption\":\"Magnetar\"},\"image\":{\"@id\":\"https:\\\/\\\/test.magnetarmagnets.com\\\/pl\\\/#\\\/schema\\\/logo\\\/image\\\/\"},\"sameAs\":[\"https:\\\/\\\/www.facebook.com\\\/fishingmagnets\\\/\",\"https:\\\/\\\/www.instagram.com\\\/magnetar_magnets\\\/\",\"https:\\\/\\\/www.linkedin.com\\\/company\\\/magnetarbv\\\/?originalSubdomain=nl\",\"https:\\\/\\\/www.youtube.com\\\/c\\\/MagnetarVismagneet\"]}]}<\/script>\n<!-- \/ Yoast SEO plugin. -->","yoast_head_json":{"title":"Podgrzewana kamizelka - Magnet fishing with a Magnetar fishing magnet","description":"Podgrzewana kamizelka - Pozosta\u0144 ciep\u0142y podczas \u0142owienia magnesem","robots":{"index":"index","follow":"follow","max-snippet":"max-snippet:-1","max-image-preview":"max-image-preview:large","max-video-preview":"max-video-preview:-1"},"canonical":"https:\/\/test.magnetarmagnets.com\/pl\/shop\/podgrzewana-kamizelka\/","og_locale":"pl_PL","og_type":"article","og_title":"Podgrzewana kamizelka - Magnet fishing with a Magnetar fishing magnet","og_description":"Podgrzewana kamizelka - Pozosta\u0144 ciep\u0142y podczas \u0142owienia magnesem","og_url":"https:\/\/test.magnetarmagnets.com\/pl\/shop\/podgrzewana-kamizelka\/","og_site_name":"Magnet fishing with a Magnetar fishing magnet","article_publisher":"https:\/\/www.facebook.com\/fishingmagnets\/","article_modified_time":"2026-03-18T16:34:29+00:00","og_image":[{"width":1000,"height":1000,"url":"https:\/\/test.magnetarmagnets.com\/wp-content\/uploads\/2025\/06\/LAVA-BLACK-HEATED-VOOR-ACHTER.jpg","type":"image\/jpeg"}],"twitter_card":"summary_large_image","twitter_misc":{"Szacowany czas czytania":"2 minuty"},"schema":{"@context":"https:\/\/schema.org","@graph":[{"@type":["WebPage","ItemPage"],"@id":"https:\/\/test.magnetarmagnets.com\/pl\/shop\/podgrzewana-kamizelka\/","url":"https:\/\/test.magnetarmagnets.com\/pl\/shop\/podgrzewana-kamizelka\/","name":"Podgrzewana kamizelka - Magnet fishing with a Magnetar fishing magnet","isPartOf":{"@id":"https:\/\/test.magnetarmagnets.com\/pl\/#website"},"primaryImageOfPage":{"@id":"https:\/\/test.magnetarmagnets.com\/pl\/shop\/podgrzewana-kamizelka\/#primaryimage"},"image":{"@id":"https:\/\/test.magnetarmagnets.com\/pl\/shop\/podgrzewana-kamizelka\/#primaryimage"},"thumbnailUrl":"https:\/\/test.magnetarmagnets.com\/wp-content\/uploads\/2025\/06\/LAVA-BLACK-HEATED-VOOR-ACHTER.jpg","datePublished":"2025-06-05T07:53:04+00:00","dateModified":"2026-03-18T16:34:29+00:00","description":"Podgrzewana kamizelka - Pozosta\u0144 ciep\u0142y podczas \u0142owienia magnesem","breadcrumb":{"@id":"https:\/\/test.magnetarmagnets.com\/pl\/shop\/podgrzewana-kamizelka\/#breadcrumb"},"inLanguage":"pl-PL","potentialAction":[{"@type":"ReadAction","target":["https:\/\/test.magnetarmagnets.com\/pl\/shop\/podgrzewana-kamizelka\/"]}]},{"@type":"ImageObject","inLanguage":"pl-PL","@id":"https:\/\/test.magnetarmagnets.com\/pl\/shop\/podgrzewana-kamizelka\/#primaryimage","url":"https:\/\/test.magnetarmagnets.com\/wp-content\/uploads\/2025\/06\/LAVA-BLACK-HEATED-VOOR-ACHTER.jpg","contentUrl":"https:\/\/test.magnetarmagnets.com\/wp-content\/uploads\/2025\/06\/LAVA-BLACK-HEATED-VOOR-ACHTER.jpg","width":1000,"height":1000},{"@type":"BreadcrumbList","@id":"https:\/\/test.magnetarmagnets.com\/pl\/shop\/podgrzewana-kamizelka\/#breadcrumb","itemListElement":[{"@type":"ListItem","position":1,"name":"Home","item":"https:\/\/test.magnetarmagnets.com\/pl\/"},{"@type":"ListItem","position":2,"name":"Sklep","item":"https:\/\/test.magnetarmagnets.com\/shop\/"},{"@type":"ListItem","position":3,"name":"Sprz\u0119t","item":"https:\/\/test.magnetarmagnets.com\/pl\/collections\/sprzet\/"},{"@type":"ListItem","position":4,"name":"Odzie\u017c podgrzewana","item":"https:\/\/test.magnetarmagnets.com\/pl\/collections\/sprzet\/odziez-podgrzewana\/"},{"@type":"ListItem","position":5,"name":"Podgrzewana kamizelka"}]},{"@type":"WebSite","@id":"https:\/\/test.magnetarmagnets.com\/pl\/#website","url":"https:\/\/test.magnetarmagnets.com\/pl\/","name":"Magnet fishing with a Magnetar fishing magnet","description":"Powerful magnets for magnet fishing","publisher":{"@id":"https:\/\/test.magnetarmagnets.com\/pl\/#organization"},"potentialAction":[{"@type":"SearchAction","target":{"@type":"EntryPoint","urlTemplate":"https:\/\/test.magnetarmagnets.com\/pl\/?s={search_term_string}"},"query-input":{"@type":"PropertyValueSpecification","valueRequired":true,"valueName":"search_term_string"}}],"inLanguage":"pl-PL"},{"@type":"Organization","@id":"https:\/\/test.magnetarmagnets.com\/pl\/#organization","name":"Magnetar","url":"https:\/\/test.magnetarmagnets.com\/pl\/","logo":{"@type":"ImageObject","inLanguage":"pl-PL","@id":"https:\/\/test.magnetarmagnets.com\/pl\/#\/schema\/logo\/image\/","url":"https:\/\/magnetarmagnets.com\/wp-content\/uploads\/2021\/01\/magnetarvismagneet_logo.png","contentUrl":"https:\/\/magnetarmagnets.com\/wp-content\/uploads\/2021\/01\/magnetarvismagneet_logo.png","width":209,"height":100,"caption":"Magnetar"},"image":{"@id":"https:\/\/test.magnetarmagnets.com\/pl\/#\/schema\/logo\/image\/"},"sameAs":["https:\/\/www.facebook.com\/fishingmagnets\/","https:\/\/www.instagram.com\/magnetar_magnets\/","https:\/\/www.linkedin.com\/company\/magnetarbv\/?originalSubdomain=nl","https:\/\/www.youtube.com\/c\/MagnetarVismagneet"]}]}},"_links":{"self":[{"href":"https:\/\/test.magnetarmagnets.com\/pl\/wp-json\/wp\/v2\/product\/83747","targetHints":{"allow":["GET"]}}],"collection":[{"href":"https:\/\/test.magnetarmagnets.com\/pl\/wp-json\/wp\/v2\/product"}],"about":[{"href":"https:\/\/test.magnetarmagnets.com\/pl\/wp-json\/wp\/v2\/types\/product"}],"replies":[{"embeddable":true,"href":"https:\/\/test.magnetarmagnets.com\/pl\/wp-json\/wp\/v2\/comments?post=83747"}],"wp:featuredmedia":[{"embeddable":true,"href":"https:\/\/test.magnetarmagnets.com\/pl\/wp-json\/wp\/v2\/media\/88115"}],"wp:attachment":[{"href":"https:\/\/test.magnetarmagnets.com\/pl\/wp-json\/wp\/v2\/media?parent=83747"}],"wp:term":[{"taxonomy":"product_brand","embeddable":true,"href":"https:\/\/test.magnetarmagnets.com\/pl\/wp-json\/wp\/v2\/product_brand?post=83747"},{"taxonomy":"product_cat","embeddable":true,"href":"https:\/\/test.magnetarmagnets.com\/pl\/wp-json\/wp\/v2\/product_cat?post=83747"},{"taxonomy":"product_tag","embeddable":true,"href":"https:\/\/test.magnetarmagnets.com\/pl\/wp-json\/wp\/v2\/product_tag?post=83747"}],"curies":[{"name":"wp","href":"https:\/\/api.w.org\/{rel}","templated":true}]}}