{"id":83745,"date":"2025-06-05T09:53:04","date_gmt":"2025-06-05T07:53:04","guid":{"rendered":"https:\/\/magnetarmagnets.com\/?post_type=product&#038;p=83745"},"modified":"2026-03-18T16:13:53","modified_gmt":"2026-03-18T15:13:53","slug":"pakiet-double-impact","status":"publish","type":"product","link":"https:\/\/test.magnetarmagnets.com\/pl\/shop\/pakiet-double-impact\/","title":{"rendered":"Pakiet Double Impact"},"content":{"rendered":"<p>Czy u\u017cywanie nie jednego, ale dw\u00f3ch magnes\u00f3w do \u0142owienia magnesem brzmi troch\u0119 nietypowo? Po u\u017cyciu Double Impact spojrzysz na to inaczej! Ten pakiet pozwala na poszukiwanie pi\u0119knych podwodnych skarb\u00f3w za pomoc\u0105 dw\u00f3ch magnetycznych magnes\u00f3w Magnetar.<\/p>\n<h2>Zwi\u0119ksz potencja\u0142 swojego po\u0142owu dzi\u0119ki pakietom Double Impact<\/h2>\n<p>Je\u015bli u\u017cywasz magnesu Magnetar do \u0142owienia, wiesz, \u017ce mo\u017cna \u0142atwo wyci\u0105gn\u0105\u0107 wi\u0119kszo\u015b\u0107 przedmiot\u00f3w z wody. Jednak zawsze szukamy sposob\u00f3w na zwi\u0119kszenie potencja\u0142u po\u0142owu podczas \u0142owienia magnesem, i tutaj z pomoc\u0105 przychodz\u0105 pakiety Double Impact.<\/p>\n<p>Double Impact to nowy sprz\u0119t do \u0142owienia magnesem. To pier\u015bcie\u0144 \u0142\u0105cz\u0105cy dwa metalowe pr\u0119ty. Do tych pr\u0119t\u00f3w mo\u017cna przymocowa\u0107 dwa do\u0142\u0105czone magnesy Magnetar.<\/p>\n<p>Dzi\u0119ki Double Impact masz podw\u00f3jny potencja\u0142 po\u0142\u00f3w. Pola magnetyczne magnes\u00f3w do \u0142owienia odpychaj\u0105 si\u0119, znacz\u0105co zwi\u0119kszaj\u0105c ca\u0142kowite pole magnetyczne, co pozytywnie wp\u0142ywa na mo\u017cliwo\u015bci po\u0142owu. Poza wi\u0119kszym polem magnetycznym, ten produkt pozwala dw\u00f3m magnesom efektywnie wsp\u00f3\u0142pracowa\u0107, umo\u017cliwiaj\u0105c wyci\u0105ganie nawet wi\u0119kszych przedmiot\u00f3w z wody.<\/p>\n<h2>Jak korzysta\u0107 z Double Impact?<\/h2>\n<p>\u0141owienie magnesem mo\u017cna wykonywa\u0107 na r\u00f3\u017cne sposoby, a Double Impact mo\u017cna stosowa\u0107 wielorako. Najskuteczniejsze jest jednak u\u017cycie tego narz\u0119dzia w spos\u00f3b ci\u0105gn\u0105cy, co pozwala \u0142atwo pokry\u0107 wi\u0119kszy obszar w wodzie.<\/p>\n<h2>Pakiet Double Impact 1 i Pakiet 2<\/h2>\n<p>Dost\u0119pne s\u0105 dwa pakiety Double Impact. Pierwszy zawiera: dwa magnesy do \u0142owienia <a href=\"https:\/\/test.magnetarmagnets.com\/shop\/easy-magnet\">Easy<\/a>, dwie ochraniacze Easy, jedn\u0105 tubk\u0119 kleju, jedn\u0105 par\u0119 r\u0119kawic oraz 6-milimetrow\u0105 link\u0119.<\/p>\n<p>Drugi, bardziej zaawansowany pakiet, sk\u0142ada si\u0119 z: dw\u00f3ch magnes\u00f3w do \u0142owienia <a href=\"https:\/\/test.magnetarmagnets.com\/shop\/hardcore-magnet-2\">Hardcore<\/a>, dw\u00f3ch ochraniaczy Hardcore, tubki kleju, r\u0119kawic oraz linki 8 mm.<\/p>\n<h2>Ostrze\u017cenie dotycz\u0105ce bezpiecze\u0144stwa<\/h2>\n<p>W Magnetar bezpiecze\u0144stwo jest priorytetem. Dlatego ostrzegamy przed u\u017cyciem Double Impact. Zbli\u017canie pot\u0119\u017cnych magnes\u00f3w mo\u017ce prowadzi\u0107 do niebezpiecznych sytuacji. Nale\u017cy by\u0107 \u015bwiadomym ryzyka podczas monta\u017cu produktu. Magnetar nie ponosi odpowiedzialno\u015bci za obra\u017cenia wynik\u0142e z nieostro\u017cnego u\u017cycia.<\/p>\n<p>Teoretycznie mo\u017cliwe jest u\u017cycie Double Impact w po\u0142\u0105czeniu z <a href=\"https:\/\/test.magnetarmagnets.com\/shop\/exclusive-terror-magnet\">Terror<\/a>, <a href=\"https:\/\/test.magnetarmagnets.com\/shop\/beast-magnet\">Beast<\/a> i <a href=\"https:\/\/test.magnetarmagnets.com\/shop\/barbarian-magnet\">Barbarian<\/a>. Jednak w takim przypadku Magnetar nie odpowiada za ewentualne wypadki.<\/p>\n","protected":false},"excerpt":{"rendered":"<p><strong>Podw\u00f3j swoje szanse<\/strong> na \u0142owienie podczas \u0142owienia magnesem z <strong>pakietami Double Impact<\/strong> od Magnetar! Dzi\u0119ki temu akcesorium mo\u017cesz <strong>po\u0142\u0105czy\u0107 dwa magnesy do \u0142owienia<\/strong>.<\/p>\n","protected":false},"featured_media":80328,"comment_status":"open","ping_status":"closed","template":"","meta":{"_acf_changed":false,"inline_featured_image":false},"product_brand":[],"product_cat":[586,581,583,595,1006,587],"product_tag":[],"class_list":{"0":"post-83745","1":"product","2":"type-product","3":"status-publish","4":"has-post-thumbnail","6":"product_cat-allround-magnesy-do-lowienia-360","7":"product_cat-magnesy-do-lowienia","8":"product_cat-najmocniejsze-magnesy-do-lowienia","9":"product_cat-profesjonalisci","10":"product_cat-wszystkie-produkty","11":"product_cat-zestaw-do-lowienia-magnesem","13":"first","14":"instock","15":"sale","16":"taxable","17":"shipping-taxable","18":"purchasable","19":"product-type-variable"},"acf":[],"yoast_head":"<!-- This site is optimized with the Yoast SEO plugin v27.6 - https:\/\/yoast.com\/product\/yoast-seo-wordpress\/ -->\n<title>Pakiet Double Impact - Magnet fishing with a Magnetar fishing magnet<\/title>\n<meta name=\"description\" content=\"Pakiet Double Impact - niezb\u0119dniki do \u0142owienia Magnetar\" \/>\n<meta name=\"robots\" content=\"index, follow, max-snippet:-1, max-image-preview:large, max-video-preview:-1\" \/>\n<link rel=\"canonical\" href=\"https:\/\/test.magnetarmagnets.com\/pl\/shop\/pakiet-double-impact\/\" \/>\n<meta property=\"og:locale\" content=\"pl_PL\" \/>\n<meta property=\"og:type\" content=\"article\" \/>\n<meta property=\"og:title\" content=\"Pakiet Double Impact - Magnet fishing with a Magnetar fishing magnet\" \/>\n<meta property=\"og:description\" content=\"Pakiet Double Impact - niezb\u0119dniki do \u0142owienia Magnetar\" \/>\n<meta property=\"og:url\" content=\"https:\/\/test.magnetarmagnets.com\/pl\/shop\/pakiet-double-impact\/\" \/>\n<meta property=\"og:site_name\" content=\"Magnet fishing with a Magnetar fishing magnet\" \/>\n<meta property=\"article:publisher\" content=\"https:\/\/www.facebook.com\/fishingmagnets\/\" \/>\n<meta property=\"article:modified_time\" content=\"2026-03-18T15:13:53+00:00\" \/>\n<meta property=\"og:image\" content=\"https:\/\/test.magnetarmagnets.com\/wp-content\/uploads\/2023\/10\/DOUBLE-TROUBLE-HARDCORE.png\" \/>\n\t<meta property=\"og:image:width\" content=\"1500\" \/>\n\t<meta property=\"og:image:height\" content=\"1500\" \/>\n\t<meta property=\"og:image:type\" content=\"image\/png\" \/>\n<meta name=\"twitter:card\" content=\"summary_large_image\" \/>\n<meta name=\"twitter:label1\" content=\"Szacowany czas czytania\" \/>\n\t<meta name=\"twitter:data1\" content=\"2 minuty\" \/>\n<script type=\"application\/ld+json\" class=\"yoast-schema-graph\">{\"@context\":\"https:\\\/\\\/schema.org\",\"@graph\":[{\"@type\":[\"WebPage\",\"ItemPage\"],\"@id\":\"https:\\\/\\\/test.magnetarmagnets.com\\\/pl\\\/shop\\\/pakiet-double-impact\\\/\",\"url\":\"https:\\\/\\\/test.magnetarmagnets.com\\\/pl\\\/shop\\\/pakiet-double-impact\\\/\",\"name\":\"Pakiet Double Impact - Magnet fishing with a Magnetar fishing magnet\",\"isPartOf\":{\"@id\":\"https:\\\/\\\/test.magnetarmagnets.com\\\/pl\\\/#website\"},\"primaryImageOfPage\":{\"@id\":\"https:\\\/\\\/test.magnetarmagnets.com\\\/pl\\\/shop\\\/pakiet-double-impact\\\/#primaryimage\"},\"image\":{\"@id\":\"https:\\\/\\\/test.magnetarmagnets.com\\\/pl\\\/shop\\\/pakiet-double-impact\\\/#primaryimage\"},\"thumbnailUrl\":\"https:\\\/\\\/test.magnetarmagnets.com\\\/wp-content\\\/uploads\\\/2023\\\/10\\\/DOUBLE-TROUBLE-HARDCORE.png\",\"datePublished\":\"2025-06-05T07:53:04+00:00\",\"dateModified\":\"2026-03-18T15:13:53+00:00\",\"description\":\"Pakiet Double Impact - niezb\u0119dniki do \u0142owienia Magnetar\",\"breadcrumb\":{\"@id\":\"https:\\\/\\\/test.magnetarmagnets.com\\\/pl\\\/shop\\\/pakiet-double-impact\\\/#breadcrumb\"},\"inLanguage\":\"pl-PL\",\"potentialAction\":[{\"@type\":\"ReadAction\",\"target\":[\"https:\\\/\\\/test.magnetarmagnets.com\\\/pl\\\/shop\\\/pakiet-double-impact\\\/\"]}]},{\"@type\":\"ImageObject\",\"inLanguage\":\"pl-PL\",\"@id\":\"https:\\\/\\\/test.magnetarmagnets.com\\\/pl\\\/shop\\\/pakiet-double-impact\\\/#primaryimage\",\"url\":\"https:\\\/\\\/test.magnetarmagnets.com\\\/wp-content\\\/uploads\\\/2023\\\/10\\\/DOUBLE-TROUBLE-HARDCORE.png\",\"contentUrl\":\"https:\\\/\\\/test.magnetarmagnets.com\\\/wp-content\\\/uploads\\\/2023\\\/10\\\/DOUBLE-TROUBLE-HARDCORE.png\",\"width\":1500,\"height\":1500,\"caption\":\"Double package 360 magnet\"},{\"@type\":\"BreadcrumbList\",\"@id\":\"https:\\\/\\\/test.magnetarmagnets.com\\\/pl\\\/shop\\\/pakiet-double-impact\\\/#breadcrumb\",\"itemListElement\":[{\"@type\":\"ListItem\",\"position\":1,\"name\":\"Home\",\"item\":\"https:\\\/\\\/test.magnetarmagnets.com\\\/pl\\\/\"},{\"@type\":\"ListItem\",\"position\":2,\"name\":\"Sklep\",\"item\":\"https:\\\/\\\/test.magnetarmagnets.com\\\/shop\\\/\"},{\"@type\":\"ListItem\",\"position\":3,\"name\":\"Magnesy do \u0142owienia\",\"item\":\"https:\\\/\\\/test.magnetarmagnets.com\\\/pl\\\/collections\\\/magnesy-do-lowienia\\\/\"},{\"@type\":\"ListItem\",\"position\":4,\"name\":\"Allround magnesy do \u0142owienia 360\u00b0\",\"item\":\"https:\\\/\\\/test.magnetarmagnets.com\\\/pl\\\/collections\\\/magnesy-do-lowienia\\\/allround-magnesy-do-lowienia-360\\\/\"},{\"@type\":\"ListItem\",\"position\":5,\"name\":\"Pakiet Double Impact\"}]},{\"@type\":\"WebSite\",\"@id\":\"https:\\\/\\\/test.magnetarmagnets.com\\\/pl\\\/#website\",\"url\":\"https:\\\/\\\/test.magnetarmagnets.com\\\/pl\\\/\",\"name\":\"Magnet fishing with a Magnetar fishing magnet\",\"description\":\"Powerful magnets for magnet fishing\",\"publisher\":{\"@id\":\"https:\\\/\\\/test.magnetarmagnets.com\\\/pl\\\/#organization\"},\"potentialAction\":[{\"@type\":\"SearchAction\",\"target\":{\"@type\":\"EntryPoint\",\"urlTemplate\":\"https:\\\/\\\/test.magnetarmagnets.com\\\/pl\\\/?s={search_term_string}\"},\"query-input\":{\"@type\":\"PropertyValueSpecification\",\"valueRequired\":true,\"valueName\":\"search_term_string\"}}],\"inLanguage\":\"pl-PL\"},{\"@type\":\"Organization\",\"@id\":\"https:\\\/\\\/test.magnetarmagnets.com\\\/pl\\\/#organization\",\"name\":\"Magnetar\",\"url\":\"https:\\\/\\\/test.magnetarmagnets.com\\\/pl\\\/\",\"logo\":{\"@type\":\"ImageObject\",\"inLanguage\":\"pl-PL\",\"@id\":\"https:\\\/\\\/test.magnetarmagnets.com\\\/pl\\\/#\\\/schema\\\/logo\\\/image\\\/\",\"url\":\"https:\\\/\\\/magnetarmagnets.com\\\/wp-content\\\/uploads\\\/2021\\\/01\\\/magnetarvismagneet_logo.png\",\"contentUrl\":\"https:\\\/\\\/magnetarmagnets.com\\\/wp-content\\\/uploads\\\/2021\\\/01\\\/magnetarvismagneet_logo.png\",\"width\":209,\"height\":100,\"caption\":\"Magnetar\"},\"image\":{\"@id\":\"https:\\\/\\\/test.magnetarmagnets.com\\\/pl\\\/#\\\/schema\\\/logo\\\/image\\\/\"},\"sameAs\":[\"https:\\\/\\\/www.facebook.com\\\/fishingmagnets\\\/\",\"https:\\\/\\\/www.instagram.com\\\/magnetar_magnets\\\/\",\"https:\\\/\\\/www.linkedin.com\\\/company\\\/magnetarbv\\\/?originalSubdomain=nl\",\"https:\\\/\\\/www.youtube.com\\\/c\\\/MagnetarVismagneet\"]}]}<\/script>\n<!-- \/ Yoast SEO plugin. -->","yoast_head_json":{"title":"Pakiet Double Impact - Magnet fishing with a Magnetar fishing magnet","description":"Pakiet Double Impact - niezb\u0119dniki do \u0142owienia Magnetar","robots":{"index":"index","follow":"follow","max-snippet":"max-snippet:-1","max-image-preview":"max-image-preview:large","max-video-preview":"max-video-preview:-1"},"canonical":"https:\/\/test.magnetarmagnets.com\/pl\/shop\/pakiet-double-impact\/","og_locale":"pl_PL","og_type":"article","og_title":"Pakiet Double Impact - Magnet fishing with a Magnetar fishing magnet","og_description":"Pakiet Double Impact - niezb\u0119dniki do \u0142owienia Magnetar","og_url":"https:\/\/test.magnetarmagnets.com\/pl\/shop\/pakiet-double-impact\/","og_site_name":"Magnet fishing with a Magnetar fishing magnet","article_publisher":"https:\/\/www.facebook.com\/fishingmagnets\/","article_modified_time":"2026-03-18T15:13:53+00:00","og_image":[{"width":1500,"height":1500,"url":"https:\/\/test.magnetarmagnets.com\/wp-content\/uploads\/2023\/10\/DOUBLE-TROUBLE-HARDCORE.png","type":"image\/png"}],"twitter_card":"summary_large_image","twitter_misc":{"Szacowany czas czytania":"2 minuty"},"schema":{"@context":"https:\/\/schema.org","@graph":[{"@type":["WebPage","ItemPage"],"@id":"https:\/\/test.magnetarmagnets.com\/pl\/shop\/pakiet-double-impact\/","url":"https:\/\/test.magnetarmagnets.com\/pl\/shop\/pakiet-double-impact\/","name":"Pakiet Double Impact - Magnet fishing with a Magnetar fishing magnet","isPartOf":{"@id":"https:\/\/test.magnetarmagnets.com\/pl\/#website"},"primaryImageOfPage":{"@id":"https:\/\/test.magnetarmagnets.com\/pl\/shop\/pakiet-double-impact\/#primaryimage"},"image":{"@id":"https:\/\/test.magnetarmagnets.com\/pl\/shop\/pakiet-double-impact\/#primaryimage"},"thumbnailUrl":"https:\/\/test.magnetarmagnets.com\/wp-content\/uploads\/2023\/10\/DOUBLE-TROUBLE-HARDCORE.png","datePublished":"2025-06-05T07:53:04+00:00","dateModified":"2026-03-18T15:13:53+00:00","description":"Pakiet Double Impact - niezb\u0119dniki do \u0142owienia Magnetar","breadcrumb":{"@id":"https:\/\/test.magnetarmagnets.com\/pl\/shop\/pakiet-double-impact\/#breadcrumb"},"inLanguage":"pl-PL","potentialAction":[{"@type":"ReadAction","target":["https:\/\/test.magnetarmagnets.com\/pl\/shop\/pakiet-double-impact\/"]}]},{"@type":"ImageObject","inLanguage":"pl-PL","@id":"https:\/\/test.magnetarmagnets.com\/pl\/shop\/pakiet-double-impact\/#primaryimage","url":"https:\/\/test.magnetarmagnets.com\/wp-content\/uploads\/2023\/10\/DOUBLE-TROUBLE-HARDCORE.png","contentUrl":"https:\/\/test.magnetarmagnets.com\/wp-content\/uploads\/2023\/10\/DOUBLE-TROUBLE-HARDCORE.png","width":1500,"height":1500,"caption":"Double package 360 magnet"},{"@type":"BreadcrumbList","@id":"https:\/\/test.magnetarmagnets.com\/pl\/shop\/pakiet-double-impact\/#breadcrumb","itemListElement":[{"@type":"ListItem","position":1,"name":"Home","item":"https:\/\/test.magnetarmagnets.com\/pl\/"},{"@type":"ListItem","position":2,"name":"Sklep","item":"https:\/\/test.magnetarmagnets.com\/shop\/"},{"@type":"ListItem","position":3,"name":"Magnesy do \u0142owienia","item":"https:\/\/test.magnetarmagnets.com\/pl\/collections\/magnesy-do-lowienia\/"},{"@type":"ListItem","position":4,"name":"Allround magnesy do \u0142owienia 360\u00b0","item":"https:\/\/test.magnetarmagnets.com\/pl\/collections\/magnesy-do-lowienia\/allround-magnesy-do-lowienia-360\/"},{"@type":"ListItem","position":5,"name":"Pakiet Double Impact"}]},{"@type":"WebSite","@id":"https:\/\/test.magnetarmagnets.com\/pl\/#website","url":"https:\/\/test.magnetarmagnets.com\/pl\/","name":"Magnet fishing with a Magnetar fishing magnet","description":"Powerful magnets for magnet fishing","publisher":{"@id":"https:\/\/test.magnetarmagnets.com\/pl\/#organization"},"potentialAction":[{"@type":"SearchAction","target":{"@type":"EntryPoint","urlTemplate":"https:\/\/test.magnetarmagnets.com\/pl\/?s={search_term_string}"},"query-input":{"@type":"PropertyValueSpecification","valueRequired":true,"valueName":"search_term_string"}}],"inLanguage":"pl-PL"},{"@type":"Organization","@id":"https:\/\/test.magnetarmagnets.com\/pl\/#organization","name":"Magnetar","url":"https:\/\/test.magnetarmagnets.com\/pl\/","logo":{"@type":"ImageObject","inLanguage":"pl-PL","@id":"https:\/\/test.magnetarmagnets.com\/pl\/#\/schema\/logo\/image\/","url":"https:\/\/magnetarmagnets.com\/wp-content\/uploads\/2021\/01\/magnetarvismagneet_logo.png","contentUrl":"https:\/\/magnetarmagnets.com\/wp-content\/uploads\/2021\/01\/magnetarvismagneet_logo.png","width":209,"height":100,"caption":"Magnetar"},"image":{"@id":"https:\/\/test.magnetarmagnets.com\/pl\/#\/schema\/logo\/image\/"},"sameAs":["https:\/\/www.facebook.com\/fishingmagnets\/","https:\/\/www.instagram.com\/magnetar_magnets\/","https:\/\/www.linkedin.com\/company\/magnetarbv\/?originalSubdomain=nl","https:\/\/www.youtube.com\/c\/MagnetarVismagneet"]}]}},"_links":{"self":[{"href":"https:\/\/test.magnetarmagnets.com\/pl\/wp-json\/wp\/v2\/product\/83745","targetHints":{"allow":["GET"]}}],"collection":[{"href":"https:\/\/test.magnetarmagnets.com\/pl\/wp-json\/wp\/v2\/product"}],"about":[{"href":"https:\/\/test.magnetarmagnets.com\/pl\/wp-json\/wp\/v2\/types\/product"}],"replies":[{"embeddable":true,"href":"https:\/\/test.magnetarmagnets.com\/pl\/wp-json\/wp\/v2\/comments?post=83745"}],"wp:featuredmedia":[{"embeddable":true,"href":"https:\/\/test.magnetarmagnets.com\/pl\/wp-json\/wp\/v2\/media\/80328"}],"wp:attachment":[{"href":"https:\/\/test.magnetarmagnets.com\/pl\/wp-json\/wp\/v2\/media?parent=83745"}],"wp:term":[{"taxonomy":"product_brand","embeddable":true,"href":"https:\/\/test.magnetarmagnets.com\/pl\/wp-json\/wp\/v2\/product_brand?post=83745"},{"taxonomy":"product_cat","embeddable":true,"href":"https:\/\/test.magnetarmagnets.com\/pl\/wp-json\/wp\/v2\/product_cat?post=83745"},{"taxonomy":"product_tag","embeddable":true,"href":"https:\/\/test.magnetarmagnets.com\/pl\/wp-json\/wp\/v2\/product_tag?post=83745"}],"curies":[{"name":"wp","href":"https:\/\/api.w.org\/{rel}","templated":true}]}}