{"id":83729,"date":"2025-06-04T16:12:42","date_gmt":"2025-06-04T14:12:42","guid":{"rendered":"https:\/\/magnetarmagnets.com\/?post_type=product&#038;p=83729"},"modified":"2025-11-03T15:41:13","modified_gmt":"2025-11-03T14:41:13","slug":"magnetyczny-podnosnik-do-wlazow-kanalizacyjnych-z-mlotkiem","status":"publish","type":"product","link":"https:\/\/test.magnetarmagnets.com\/pl\/shop\/magnetyczny-podnosnik-do-wlazow-kanalizacyjnych-z-mlotkiem\/","title":{"rendered":"Magnetyczny podno\u015bnik do w\u0142az\u00f3w kanalizacyjnych z m\u0142otkiem"},"content":{"rendered":"<p>Czy cz\u0119sto otwierasz w\u0142azy kanalizacyjne? Ten magnetyczny podno\u015bnik do w\u0142az\u00f3w znacznie u\u0142atwi Tw\u00f3j spos\u00f3b pracy. Otwieranie w\u0142az\u00f3w \u015bciekowych mo\u017ce by\u0107 uci\u0105\u017cliwe. Dlatego wprowadzili\u015bmy Magnetar THOR, zaprojektowany, aby otwiera\u0107 r\u00f3\u017cne rodzaje w\u0142az\u00f3w za pomoc\u0105 magnetycznego przyci\u0105gania, podwa\u017ca\u0107 je lub \u2013 gdy s\u0105 zakleszczone \u2013 poluzowa\u0107 uderzeniem.<\/p>\n<p>Tradycyjne podno\u015bniki do w\u0142az\u00f3w zmuszaj\u0105 do schylania si\u0119, a Magnetar THOR pozwala na podnoszenie wszystkich rodzaj\u00f3w pokryw w pozycji stoj\u0105cej. U\u017cywanie tego podno\u015bnika z magnesem neodymowym i hakiem z pewno\u015bci\u0105 zmniejszy fizyczne obci\u0105\u017cenie podczas pracy.<\/p>\n<h2>Opis produktu<\/h2>\n<p>Magnetar THOR to urz\u0105dzenie wyj\u0105tkowe. Ten magnetyczny podno\u015bnik do w\u0142az\u00f3w wyposa\u017cony jest w pot\u0119\u017cny magnes neodymowy. Ponadto posiada tradycyjny hak do podnoszenia pokryw oraz m\u0142otek. Wszystkie te narz\u0119dzia wbudowane w jedno urz\u0105dzenie pozwalaj\u0105 \u0142atwo podnosi\u0107, podwa\u017ca\u0107 lub uderza\u0107 dowolny rodzaj pokrywy w\u0142azu. Wszystko to z ergonomicznej pozycji cia\u0142a, aby czynno\u015b\u0107 ta wymaga\u0142a mniej energii i wysi\u0142ku. Proste, prawda?<\/p>\n<h2>Magnetar THOR \u2013 lepszy ni\u017c zwyk\u0142e podno\u015bniki do w\u0142az\u00f3w<\/h2>\n<p>Osoby cz\u0119sto maj\u0105ce do czynienia z wieloma w\u0142azami, otworami technicznymi, studzienkami czy innymi du\u017cymi otworami z pewno\u015bci\u0105 znaj\u0105 tradycyjne podno\u015bniki, haki lub podobne narz\u0119dzia. Korzystanie z nich wymaga zwykle du\u017cego wysi\u0142ku. Otwieranie ci\u0119\u017ckich pokryw mo\u017ce by\u0107 naprawd\u0119 m\u0119cz\u0105ce. W niekt\u00f3rych przypadkach mo\u017ce to prowadzi\u0107 nawet do kontuzji, kt\u00f3rych za wszelk\u0105 cen\u0119 nale\u017cy unika\u0107.<\/p>\n<p>Magnetar THOR stosuje inne podej\u015bcie. Dzi\u0119ki pot\u0119\u017cnemu magnesowi neodymowemu mo\u017cliwe jest podnoszenie wi\u0119kszo\u015bci w\u0142az\u00f3w z pozycji stoj\u0105cej. Dzi\u0119ki temu u\u017cywasz mniej si\u0142y w nogach i plecach, co d\u0142ugofalowo korzystnie wp\u0142ywa na Twoje zdrowie.<\/p>\n<h2>Trzy funkcje Magnetar THOR<\/h2>\n<p>Z Magnetar THOR po\u0142\u0105czyli\u015bmy hak do w\u0142az\u00f3w, podno\u015bnik i m\u0142otek w jednym produkcie. Dzi\u0119ki temu jeste\u015b przygotowany na ka\u017cd\u0105 sytuacj\u0119, unikasz obci\u0105\u017cenia fizycznego i oszcz\u0119dzasz cenne miejsce. Produkt wyr\u00f3\u017cniaj\u0105 nast\u0119puj\u0105ce cechy:<\/p>\n<ul>\n<li>Podnoszenie<\/li>\n<li>Podwa\u017canie<\/li>\n<li>Uderzanie<\/li>\n<\/ul>\n<p>Czy musisz otworzy\u0107 w\u0142az? W wi\u0119kszo\u015bci przypadk\u00f3w to mo\u017cliwe dzi\u0119ki silnemu magnesowi neodymowemu, podobnemu do u\u017cywanych przez nas magnes\u00f3w do \u0142owienia magnesem. Magnesy te maj\u0105 si\u0142\u0119 przyci\u0105gania oko\u0142o 300 kg. Obracaj\u0105c THOR, chwytaj\u0105c hak i m\u0142otek, mo\u017cesz \u0142atwo podnie\u015b\u0107 pokryw\u0119 z jej obr\u0119czy.<\/p>\n<p>Samo u\u017cycie magnesu mo\u017ce nie wystarczy\u0107 w niekt\u00f3rych sytuacjach. W\u00f3wczas hak s\u0142u\u017cy do podwa\u017cania zakleszczonych pokryw. Dodatkowo wystarczaj\u0105c\u0105 si\u0142\u0119 podnoszenia mo\u017cna uzyska\u0107 wykorzystuj\u0105c d\u017awigni\u0119 dzi\u0119ki d\u0142ugo\u015bci 67 cm trzonka. Gdy pokrywa zacznie si\u0119 rusza\u0107, czas u\u017cy\u0107 magnesu do jej podniesienia.<\/p>\n<p>Je\u015bli pokrywa w og\u00f3le si\u0119 nie rusza, mo\u017cna j\u0105 uderzy\u0107 m\u0142otkiem, co pomaga poluzowa\u0107 obr\u0119cz, a nast\u0119pnie podwa\u017cy\u0107 i podnie\u015b\u0107 za pomoc\u0105 magnesu.<\/p>\n<h2>Cechy magnetycznego podno\u015bnika do w\u0142az\u00f3w<\/h2>\n<p>Magnetar THOR to kompaktowy magnetyczny podno\u015bnik do w\u0142az\u00f3w z m\u0142otkiem. Narz\u0119dzie ma d\u0142ugo\u015b\u0107 67 cm i szeroko\u015b\u0107 nieco ponad 21 cm, co zapewnia \u0142atwe przechowywanie i transport. Wykonane jest z ocynkowanej stali i wa\u017cy oko\u0142o 4 kg, jest wi\u0119c niezwykle wytrzyma\u0142e. R\u0105czka ma \u015brednic\u0119 oko\u0142o 20 mm, co czyni j\u0105 odporn\u0105 na uderzenia.<\/p>\n<h2>Przechowywanie Magnetar THOR<\/h2>\n<p>Magnes neodymowy sprawia, \u017ce nasz magnetyczny podno\u015bnik do w\u0142az\u00f3w jest bardzo praktyczny. U\u017cytkownicy musz\u0105 jednak pami\u0119ta\u0107, \u017ce narz\u0119dzie nie mo\u017ce by\u0107 przechowywane gdzie popadnie. Nie chcesz, aby przypadkowe przedmioty czy pojazdy przykleja\u0142y si\u0119 do magnesu. Przechowuj\u0105c Magnetar THOR w poje\u017adzie s\u0142u\u017cbowym, zaleca si\u0119 zawieszenie strony magnetycznej tak, by by\u0142a wolna od przeszk\u00f3d.<\/p>\n<h2>Kiedy mog\u0119 oczekiwa\u0107 dostawy podno\u015bnika do w\u0142az\u00f3w?<\/h2>\n<p>Dostawa na terenie USA, Kanady i Meksyku nast\u0105pi w ci\u0105gu 2-4 dni roboczych, je\u015bli zam\u00f3wienie Magnetar THOR zostanie z\u0142o\u017cone przed <em>godzin\u0105 14:00 EST.<\/em><\/p>\n<h2>Ile kosztuje wysy\u0142ka?<\/h2>\n<p>Prosimy odwiedzi\u0107 stron\u0119 'Dane dotycz\u0105ce wysy\u0142ki&#8217; w celu uzyskania informacji o kosztach wysy\u0142ki Magnetar THOR.<\/p>\n","protected":false},"excerpt":{"rendered":"<p>Czy regularnie masz do czynienia z <strong>w\u0142azami kanalizacyjnymi<\/strong>? Nasz <strong>magnetyczny hak do podnoszenia w\u0142az\u00f3w z m\u0142otkiem<\/strong> znacznie u\u0142atwi Ci prac\u0119.<\/p>\n<p>Tradycyjne podno\u015bniki do w\u0142az\u00f3w zmuszaj\u0105 do schylania si\u0119, natomiast Magnetar THOR pozwala na <strong>otwieranie r\u00f3\u017cnych w\u0142az\u00f3w w pozycji stoj\u0105cej<\/strong>. U\u017cywanie tego podno\u015bnika do w\u0142az\u00f3w z magnesem i hakiem sprawi, \u017ce praca b\u0119dzie <strong>mniej m\u0119cz\u0105ca fizycznie<\/strong>.<\/p>\n","protected":false},"featured_media":80011,"comment_status":"open","ping_status":"closed","template":"","meta":{"_acf_changed":false,"inline_featured_image":false},"product_brand":[],"product_cat":[166],"product_tag":[],"class_list":{"0":"post-83729","1":"product","2":"type-product","3":"status-publish","4":"has-post-thumbnail","6":"product_cat-uncategorized","8":"first","9":"instock","10":"taxable","11":"shipping-taxable","12":"product-type-simple"},"acf":[],"yoast_head":"<!-- This site is optimized with the Yoast SEO plugin v27.6 - https:\/\/yoast.com\/product\/yoast-seo-wordpress\/ -->\n<title>Magnetyczny podno\u015bnik do w\u0142az\u00f3w kanalizacyjnych z m\u0142otkiem - Magnetar THOR<\/title>\n<meta name=\"description\" content=\"Czy cz\u0119sto otwierasz w\u0142azy kanalizacyjne? Magnetyczny podno\u015bnik do w\u0142az\u00f3w Magnetar THOR znacznie u\u0142atwi Tw\u00f3j spos\u00f3b pracy.\" \/>\n<meta name=\"robots\" content=\"index, follow, max-snippet:-1, max-image-preview:large, max-video-preview:-1\" \/>\n<link rel=\"canonical\" href=\"https:\/\/test.magnetarmagnets.com\/pl\/shop\/magnetyczny-podnosnik-do-wlazow-kanalizacyjnych-z-mlotkiem\/\" \/>\n<meta property=\"og:locale\" content=\"pl_PL\" \/>\n<meta property=\"og:type\" content=\"article\" \/>\n<meta property=\"og:title\" content=\"Magnetyczny podno\u015bnik do w\u0142az\u00f3w kanalizacyjnych z m\u0142otkiem - Magnetar THOR\" \/>\n<meta property=\"og:description\" content=\"Czy cz\u0119sto otwierasz w\u0142azy kanalizacyjne? Magnetyczny podno\u015bnik do w\u0142az\u00f3w Magnetar THOR znacznie u\u0142atwi Tw\u00f3j spos\u00f3b pracy.\" \/>\n<meta property=\"og:url\" content=\"https:\/\/test.magnetarmagnets.com\/pl\/shop\/magnetyczny-podnosnik-do-wlazow-kanalizacyjnych-z-mlotkiem\/\" \/>\n<meta property=\"og:site_name\" content=\"Magnet fishing with a Magnetar fishing magnet\" \/>\n<meta property=\"article:publisher\" content=\"https:\/\/www.facebook.com\/fishingmagnets\/\" \/>\n<meta property=\"article:modified_time\" content=\"2025-11-03T14:41:13+00:00\" \/>\n<meta property=\"og:image\" content=\"https:\/\/test.magnetarmagnets.com\/wp-content\/uploads\/2023\/09\/JNF-Magnetar-Bedrijfsfotografie-01-09-2023-Foto-9955.jpg\" \/>\n\t<meta property=\"og:image:width\" content=\"1000\" \/>\n\t<meta property=\"og:image:height\" content=\"1000\" \/>\n\t<meta property=\"og:image:type\" content=\"image\/jpeg\" \/>\n<meta name=\"twitter:card\" content=\"summary_large_image\" \/>\n<meta name=\"twitter:label1\" content=\"Szacowany czas czytania\" \/>\n\t<meta name=\"twitter:data1\" content=\"3 minuty\" \/>\n<script type=\"application\/ld+json\" class=\"yoast-schema-graph\">{\"@context\":\"https:\\\/\\\/schema.org\",\"@graph\":[{\"@type\":[\"WebPage\",\"ItemPage\"],\"@id\":\"https:\\\/\\\/test.magnetarmagnets.com\\\/pl\\\/shop\\\/magnetyczny-podnosnik-do-wlazow-kanalizacyjnych-z-mlotkiem\\\/\",\"url\":\"https:\\\/\\\/test.magnetarmagnets.com\\\/pl\\\/shop\\\/magnetyczny-podnosnik-do-wlazow-kanalizacyjnych-z-mlotkiem\\\/\",\"name\":\"Magnetyczny podno\u015bnik do w\u0142az\u00f3w kanalizacyjnych z m\u0142otkiem - Magnetar THOR\",\"isPartOf\":{\"@id\":\"https:\\\/\\\/test.magnetarmagnets.com\\\/pl\\\/#website\"},\"primaryImageOfPage\":{\"@id\":\"https:\\\/\\\/test.magnetarmagnets.com\\\/pl\\\/shop\\\/magnetyczny-podnosnik-do-wlazow-kanalizacyjnych-z-mlotkiem\\\/#primaryimage\"},\"image\":{\"@id\":\"https:\\\/\\\/test.magnetarmagnets.com\\\/pl\\\/shop\\\/magnetyczny-podnosnik-do-wlazow-kanalizacyjnych-z-mlotkiem\\\/#primaryimage\"},\"thumbnailUrl\":\"https:\\\/\\\/test.magnetarmagnets.com\\\/wp-content\\\/uploads\\\/2023\\\/09\\\/JNF-Magnetar-Bedrijfsfotografie-01-09-2023-Foto-9955.jpg\",\"datePublished\":\"2025-06-04T14:12:42+00:00\",\"dateModified\":\"2025-11-03T14:41:13+00:00\",\"description\":\"Czy cz\u0119sto otwierasz w\u0142azy kanalizacyjne? Magnetyczny podno\u015bnik do w\u0142az\u00f3w Magnetar THOR znacznie u\u0142atwi Tw\u00f3j spos\u00f3b pracy.\",\"breadcrumb\":{\"@id\":\"https:\\\/\\\/test.magnetarmagnets.com\\\/pl\\\/shop\\\/magnetyczny-podnosnik-do-wlazow-kanalizacyjnych-z-mlotkiem\\\/#breadcrumb\"},\"inLanguage\":\"pl-PL\",\"potentialAction\":[{\"@type\":\"ReadAction\",\"target\":[\"https:\\\/\\\/test.magnetarmagnets.com\\\/pl\\\/shop\\\/magnetyczny-podnosnik-do-wlazow-kanalizacyjnych-z-mlotkiem\\\/\"]}]},{\"@type\":\"ImageObject\",\"inLanguage\":\"pl-PL\",\"@id\":\"https:\\\/\\\/test.magnetarmagnets.com\\\/pl\\\/shop\\\/magnetyczny-podnosnik-do-wlazow-kanalizacyjnych-z-mlotkiem\\\/#primaryimage\",\"url\":\"https:\\\/\\\/test.magnetarmagnets.com\\\/wp-content\\\/uploads\\\/2023\\\/09\\\/JNF-Magnetar-Bedrijfsfotografie-01-09-2023-Foto-9955.jpg\",\"contentUrl\":\"https:\\\/\\\/test.magnetarmagnets.com\\\/wp-content\\\/uploads\\\/2023\\\/09\\\/JNF-Magnetar-Bedrijfsfotografie-01-09-2023-Foto-9955.jpg\",\"width\":1000,\"height\":1000,\"caption\":\"The Magnetar THOR is the best magnetic manhole cover lifter.\"},{\"@type\":\"BreadcrumbList\",\"@id\":\"https:\\\/\\\/test.magnetarmagnets.com\\\/pl\\\/shop\\\/magnetyczny-podnosnik-do-wlazow-kanalizacyjnych-z-mlotkiem\\\/#breadcrumb\",\"itemListElement\":[{\"@type\":\"ListItem\",\"position\":1,\"name\":\"Home\",\"item\":\"https:\\\/\\\/test.magnetarmagnets.com\\\/pl\\\/\"},{\"@type\":\"ListItem\",\"position\":2,\"name\":\"Sklep\",\"item\":\"https:\\\/\\\/test.magnetarmagnets.com\\\/shop\\\/\"},{\"@type\":\"ListItem\",\"position\":3,\"name\":\"Sprz\u0119t\",\"item\":\"https:\\\/\\\/test.magnetarmagnets.com\\\/pl\\\/collections\\\/sprzet\\\/\"},{\"@type\":\"ListItem\",\"position\":4,\"name\":\"Akcesoria magnetyczne\",\"item\":\"https:\\\/\\\/test.magnetarmagnets.com\\\/pl\\\/collections\\\/sprzet\\\/akcesoria-magnetyczne\\\/\"},{\"@type\":\"ListItem\",\"position\":5,\"name\":\"Magnetyczny podno\u015bnik do w\u0142az\u00f3w kanalizacyjnych z m\u0142otkiem\"}]},{\"@type\":\"WebSite\",\"@id\":\"https:\\\/\\\/test.magnetarmagnets.com\\\/pl\\\/#website\",\"url\":\"https:\\\/\\\/test.magnetarmagnets.com\\\/pl\\\/\",\"name\":\"Magnet fishing with a Magnetar fishing magnet\",\"description\":\"Powerful magnets for magnet fishing\",\"publisher\":{\"@id\":\"https:\\\/\\\/test.magnetarmagnets.com\\\/pl\\\/#organization\"},\"potentialAction\":[{\"@type\":\"SearchAction\",\"target\":{\"@type\":\"EntryPoint\",\"urlTemplate\":\"https:\\\/\\\/test.magnetarmagnets.com\\\/pl\\\/?s={search_term_string}\"},\"query-input\":{\"@type\":\"PropertyValueSpecification\",\"valueRequired\":true,\"valueName\":\"search_term_string\"}}],\"inLanguage\":\"pl-PL\"},{\"@type\":\"Organization\",\"@id\":\"https:\\\/\\\/test.magnetarmagnets.com\\\/pl\\\/#organization\",\"name\":\"Magnetar\",\"url\":\"https:\\\/\\\/test.magnetarmagnets.com\\\/pl\\\/\",\"logo\":{\"@type\":\"ImageObject\",\"inLanguage\":\"pl-PL\",\"@id\":\"https:\\\/\\\/test.magnetarmagnets.com\\\/pl\\\/#\\\/schema\\\/logo\\\/image\\\/\",\"url\":\"https:\\\/\\\/magnetarmagnets.com\\\/wp-content\\\/uploads\\\/2021\\\/01\\\/magnetarvismagneet_logo.png\",\"contentUrl\":\"https:\\\/\\\/magnetarmagnets.com\\\/wp-content\\\/uploads\\\/2021\\\/01\\\/magnetarvismagneet_logo.png\",\"width\":209,\"height\":100,\"caption\":\"Magnetar\"},\"image\":{\"@id\":\"https:\\\/\\\/test.magnetarmagnets.com\\\/pl\\\/#\\\/schema\\\/logo\\\/image\\\/\"},\"sameAs\":[\"https:\\\/\\\/www.facebook.com\\\/fishingmagnets\\\/\",\"https:\\\/\\\/www.instagram.com\\\/magnetar_magnets\\\/\",\"https:\\\/\\\/www.linkedin.com\\\/company\\\/magnetarbv\\\/?originalSubdomain=nl\",\"https:\\\/\\\/www.youtube.com\\\/c\\\/MagnetarVismagneet\"]}]}<\/script>\n<!-- \/ Yoast SEO plugin. -->","yoast_head_json":{"title":"Magnetyczny podno\u015bnik do w\u0142az\u00f3w kanalizacyjnych z m\u0142otkiem - Magnetar THOR","description":"Czy cz\u0119sto otwierasz w\u0142azy kanalizacyjne? Magnetyczny podno\u015bnik do w\u0142az\u00f3w Magnetar THOR znacznie u\u0142atwi Tw\u00f3j spos\u00f3b pracy.","robots":{"index":"index","follow":"follow","max-snippet":"max-snippet:-1","max-image-preview":"max-image-preview:large","max-video-preview":"max-video-preview:-1"},"canonical":"https:\/\/test.magnetarmagnets.com\/pl\/shop\/magnetyczny-podnosnik-do-wlazow-kanalizacyjnych-z-mlotkiem\/","og_locale":"pl_PL","og_type":"article","og_title":"Magnetyczny podno\u015bnik do w\u0142az\u00f3w kanalizacyjnych z m\u0142otkiem - Magnetar THOR","og_description":"Czy cz\u0119sto otwierasz w\u0142azy kanalizacyjne? Magnetyczny podno\u015bnik do w\u0142az\u00f3w Magnetar THOR znacznie u\u0142atwi Tw\u00f3j spos\u00f3b pracy.","og_url":"https:\/\/test.magnetarmagnets.com\/pl\/shop\/magnetyczny-podnosnik-do-wlazow-kanalizacyjnych-z-mlotkiem\/","og_site_name":"Magnet fishing with a Magnetar fishing magnet","article_publisher":"https:\/\/www.facebook.com\/fishingmagnets\/","article_modified_time":"2025-11-03T14:41:13+00:00","og_image":[{"width":1000,"height":1000,"url":"https:\/\/test.magnetarmagnets.com\/wp-content\/uploads\/2023\/09\/JNF-Magnetar-Bedrijfsfotografie-01-09-2023-Foto-9955.jpg","type":"image\/jpeg"}],"twitter_card":"summary_large_image","twitter_misc":{"Szacowany czas czytania":"3 minuty"},"schema":{"@context":"https:\/\/schema.org","@graph":[{"@type":["WebPage","ItemPage"],"@id":"https:\/\/test.magnetarmagnets.com\/pl\/shop\/magnetyczny-podnosnik-do-wlazow-kanalizacyjnych-z-mlotkiem\/","url":"https:\/\/test.magnetarmagnets.com\/pl\/shop\/magnetyczny-podnosnik-do-wlazow-kanalizacyjnych-z-mlotkiem\/","name":"Magnetyczny podno\u015bnik do w\u0142az\u00f3w kanalizacyjnych z m\u0142otkiem - Magnetar THOR","isPartOf":{"@id":"https:\/\/test.magnetarmagnets.com\/pl\/#website"},"primaryImageOfPage":{"@id":"https:\/\/test.magnetarmagnets.com\/pl\/shop\/magnetyczny-podnosnik-do-wlazow-kanalizacyjnych-z-mlotkiem\/#primaryimage"},"image":{"@id":"https:\/\/test.magnetarmagnets.com\/pl\/shop\/magnetyczny-podnosnik-do-wlazow-kanalizacyjnych-z-mlotkiem\/#primaryimage"},"thumbnailUrl":"https:\/\/test.magnetarmagnets.com\/wp-content\/uploads\/2023\/09\/JNF-Magnetar-Bedrijfsfotografie-01-09-2023-Foto-9955.jpg","datePublished":"2025-06-04T14:12:42+00:00","dateModified":"2025-11-03T14:41:13+00:00","description":"Czy cz\u0119sto otwierasz w\u0142azy kanalizacyjne? Magnetyczny podno\u015bnik do w\u0142az\u00f3w Magnetar THOR znacznie u\u0142atwi Tw\u00f3j spos\u00f3b pracy.","breadcrumb":{"@id":"https:\/\/test.magnetarmagnets.com\/pl\/shop\/magnetyczny-podnosnik-do-wlazow-kanalizacyjnych-z-mlotkiem\/#breadcrumb"},"inLanguage":"pl-PL","potentialAction":[{"@type":"ReadAction","target":["https:\/\/test.magnetarmagnets.com\/pl\/shop\/magnetyczny-podnosnik-do-wlazow-kanalizacyjnych-z-mlotkiem\/"]}]},{"@type":"ImageObject","inLanguage":"pl-PL","@id":"https:\/\/test.magnetarmagnets.com\/pl\/shop\/magnetyczny-podnosnik-do-wlazow-kanalizacyjnych-z-mlotkiem\/#primaryimage","url":"https:\/\/test.magnetarmagnets.com\/wp-content\/uploads\/2023\/09\/JNF-Magnetar-Bedrijfsfotografie-01-09-2023-Foto-9955.jpg","contentUrl":"https:\/\/test.magnetarmagnets.com\/wp-content\/uploads\/2023\/09\/JNF-Magnetar-Bedrijfsfotografie-01-09-2023-Foto-9955.jpg","width":1000,"height":1000,"caption":"The Magnetar THOR is the best magnetic manhole cover lifter."},{"@type":"BreadcrumbList","@id":"https:\/\/test.magnetarmagnets.com\/pl\/shop\/magnetyczny-podnosnik-do-wlazow-kanalizacyjnych-z-mlotkiem\/#breadcrumb","itemListElement":[{"@type":"ListItem","position":1,"name":"Home","item":"https:\/\/test.magnetarmagnets.com\/pl\/"},{"@type":"ListItem","position":2,"name":"Sklep","item":"https:\/\/test.magnetarmagnets.com\/shop\/"},{"@type":"ListItem","position":3,"name":"Sprz\u0119t","item":"https:\/\/test.magnetarmagnets.com\/pl\/collections\/sprzet\/"},{"@type":"ListItem","position":4,"name":"Akcesoria magnetyczne","item":"https:\/\/test.magnetarmagnets.com\/pl\/collections\/sprzet\/akcesoria-magnetyczne\/"},{"@type":"ListItem","position":5,"name":"Magnetyczny podno\u015bnik do w\u0142az\u00f3w kanalizacyjnych z m\u0142otkiem"}]},{"@type":"WebSite","@id":"https:\/\/test.magnetarmagnets.com\/pl\/#website","url":"https:\/\/test.magnetarmagnets.com\/pl\/","name":"Magnet fishing with a Magnetar fishing magnet","description":"Powerful magnets for magnet fishing","publisher":{"@id":"https:\/\/test.magnetarmagnets.com\/pl\/#organization"},"potentialAction":[{"@type":"SearchAction","target":{"@type":"EntryPoint","urlTemplate":"https:\/\/test.magnetarmagnets.com\/pl\/?s={search_term_string}"},"query-input":{"@type":"PropertyValueSpecification","valueRequired":true,"valueName":"search_term_string"}}],"inLanguage":"pl-PL"},{"@type":"Organization","@id":"https:\/\/test.magnetarmagnets.com\/pl\/#organization","name":"Magnetar","url":"https:\/\/test.magnetarmagnets.com\/pl\/","logo":{"@type":"ImageObject","inLanguage":"pl-PL","@id":"https:\/\/test.magnetarmagnets.com\/pl\/#\/schema\/logo\/image\/","url":"https:\/\/magnetarmagnets.com\/wp-content\/uploads\/2021\/01\/magnetarvismagneet_logo.png","contentUrl":"https:\/\/magnetarmagnets.com\/wp-content\/uploads\/2021\/01\/magnetarvismagneet_logo.png","width":209,"height":100,"caption":"Magnetar"},"image":{"@id":"https:\/\/test.magnetarmagnets.com\/pl\/#\/schema\/logo\/image\/"},"sameAs":["https:\/\/www.facebook.com\/fishingmagnets\/","https:\/\/www.instagram.com\/magnetar_magnets\/","https:\/\/www.linkedin.com\/company\/magnetarbv\/?originalSubdomain=nl","https:\/\/www.youtube.com\/c\/MagnetarVismagneet"]}]}},"_links":{"self":[{"href":"https:\/\/test.magnetarmagnets.com\/pl\/wp-json\/wp\/v2\/product\/83729","targetHints":{"allow":["GET"]}}],"collection":[{"href":"https:\/\/test.magnetarmagnets.com\/pl\/wp-json\/wp\/v2\/product"}],"about":[{"href":"https:\/\/test.magnetarmagnets.com\/pl\/wp-json\/wp\/v2\/types\/product"}],"replies":[{"embeddable":true,"href":"https:\/\/test.magnetarmagnets.com\/pl\/wp-json\/wp\/v2\/comments?post=83729"}],"wp:featuredmedia":[{"embeddable":true,"href":"https:\/\/test.magnetarmagnets.com\/pl\/wp-json\/wp\/v2\/media\/80011"}],"wp:attachment":[{"href":"https:\/\/test.magnetarmagnets.com\/pl\/wp-json\/wp\/v2\/media?parent=83729"}],"wp:term":[{"taxonomy":"product_brand","embeddable":true,"href":"https:\/\/test.magnetarmagnets.com\/pl\/wp-json\/wp\/v2\/product_brand?post=83729"},{"taxonomy":"product_cat","embeddable":true,"href":"https:\/\/test.magnetarmagnets.com\/pl\/wp-json\/wp\/v2\/product_cat?post=83729"},{"taxonomy":"product_tag","embeddable":true,"href":"https:\/\/test.magnetarmagnets.com\/pl\/wp-json\/wp\/v2\/product_tag?post=83729"}],"curies":[{"name":"wp","href":"https:\/\/api.w.org\/{rel}","templated":true}]}}