{"id":83715,"date":"2025-06-05T09:53:44","date_gmt":"2025-06-05T07:53:44","guid":{"rendered":"https:\/\/magnetarmagnets.com\/?post_type=product&#038;p=83715"},"modified":"2026-03-16T19:04:32","modified_gmt":"2026-03-16T18:04:32","slug":"kamizelka-robocza-ogrzewana-magma-l","status":"publish","type":"product","link":"https:\/\/test.magnetarmagnets.com\/pl\/shop\/kamizelka-robocza-ogrzewana-magma-l\/","title":{"rendered":"Kamizelka robocza ogrzewana Magma L"},"content":{"rendered":"<h2><img fetchpriority=\"high\" decoding=\"async\" class=\"aligncenter size-full wp-image-51853\" src=\"https:\/\/test.magnetarmagnets.com\/wp-content\/uploads\/2021\/02\/work-vest-engels.png\" alt=\"kamizelka robocza, kamizelka grzewcza, Magnetar Heat, ciep\u0142a odzie\u017c, bluza z kapturem, kamizelka, ubrania grzewcze\" width=\"765\" height=\"455\" srcset=\"https:\/\/test.magnetarmagnets.com\/wp-content\/uploads\/2021\/02\/work-vest-engels.png 765w, https:\/\/test.magnetarmagnets.com\/wp-content\/uploads\/2021\/02\/work-vest-engels-150x89.png 150w, https:\/\/test.magnetarmagnets.com\/wp-content\/uploads\/2021\/02\/work-vest-engels-600x357.png 600w, https:\/\/test.magnetarmagnets.com\/wp-content\/uploads\/2021\/02\/work-vest-engels-300x178.png 300w\" sizes=\"(max-width: 765px) 100vw, 765px\" \/><\/h2>\n<h2>Najlepsza ogrzewana kamizelka robocza<\/h2>\n<p><strong>Ogrzewana kamizelka robocza?<\/strong> Nasze kamizelki robocze zapewniaj\u0105 ciep\u0142o nawet w ch\u0142odniejsze dni. Ta kamizelka zasilana na bateri\u0119 ma trzy ustawienia grzania, dzi\u0119ki czemu mo\u017cesz zawsze ustawi\u0107 komfortow\u0105 temperatur\u0119. <a href=\"https:\/\/test.magnetarmagnets.com\/pl\/\" target=\"_blank\" rel=\"noopener\">\u0141owienie magnesem<\/a> przez ca\u0142y dzie\u0144? Praca na zewn\u0105trz podczas ch\u0142odniejszych dni? Ch\u0142odny letni wiecz\u00f3r? Praca na wietrze lub p\u00f3\u017an\u0105 noc\u0105? Ta wygodna, wiatro- i wodoodporna ogrzewana kamizelka robocza zapewni Ci ciep\u0142o. <strong>Kamizelka Magnetar Heat jest wi\u0119ksza w rozmiarze, wi\u0119c zam\u00f3w mniejszy rozmiar!<\/strong><\/p>\n<h2>Informacje o produkcie &#8211; ogrzewana kamizelka robocza<\/h2>\n<p>Do\u0142\u0105czona bateria ma rozmiar telefonu kom\u00f3rkowego i mo\u017ce zapewni\u0107 ciep\u0142o do <strong>9 godzin<\/strong>, w zale\u017cno\u015bci od ustawienia grzania. Kamizelka robocza <strong>zawiera bateri\u0119 i \u0142adowark\u0119.<\/strong> Kamizelka jest wykonana z bawe\u0142ny odpornej na wiatr i wod\u0119, a podszewka wewn\u0119trzna wykonana jest z \u0142atwego do czyszczenia nylonu, co daje pe\u0142n\u0105 swobod\u0119 ruchu podczas pracy. Dzi\u0119ki tej ogrzewanej kamizelce roboczej nie musisz ubiera\u0107 si\u0119 warstwowo, na przyk\u0142ad podczas pracy na farmie, drodze, budowie, jako malarz, w stadninie koni, podczas polowania, jako ogrodnik itp. To kamizelka robocza oferuj\u0105ca wysoki komfort i pe\u0142n\u0105 swobod\u0119 ruchu.<\/p>\n<p>Strefy grzewcze zapewniaj\u0105 komfortowe ciep\u0142o dok\u0142adnie tam, gdzie jest potrzebne &#8211; na klatce piersiowej i plecach. Ustawienia niskie, \u015brednie i wysokie pozwalaj\u0105 dostosowa\u0107 si\u0119 do otoczenia i pozosta\u0107 ciep\u0142ym przez ca\u0142y dzie\u0144. Nast\u0119pnie wystarczy na\u0142adowa\u0107 bateri\u0119 w ci\u0105gu 3-4 godzin i mo\u017cna kontynuowa\u0107 prac\u0119.<\/p>\n<p>Nasze kamizelki robocze s\u0105 wykonane z trwa\u0142ego, wysokiej jako\u015bci materia\u0142u, kt\u00f3ry zapewnia ciep\u0142o w ka\u017cdych warunkach pogodowych.<\/p>\n<h2>Kamizelka ogrzewana zatwierdzona CE<\/h2>\n<p>Ogrzewane kamizelki robocze posiadaj\u0105 certyfikat CE. W pe\u0142ni wspieramy nasz produkt i dlatego oferujemy <strong>1 rok gwarancji<\/strong>.<\/p>\n<p><strong>Kamizelka Magnetar Heat jest wi\u0119ksza w rozmiarze, wi\u0119c zam\u00f3w mniejszy rozmiar!<\/strong><\/p>\n","protected":false},"excerpt":{"rendered":"<p><span style=\"font-weight: 400;\">To jest ogrzewana kamizelka robocza z mo\u017cliwo\u015bci\u0105 regulacji temperatury w 3 ustawieniach grzania. Utrzymuje ciep\u0142o, gdy jest to potrzebne. Dodatkowo odporna na \u015bcieranie.<\/span><\/p>\n","protected":false},"featured_media":77852,"comment_status":"open","ping_status":"closed","template":"","meta":{"_acf_changed":false,"inline_featured_image":false},"product_brand":[],"product_cat":[1006],"product_tag":[],"class_list":{"0":"post-83715","1":"product","2":"type-product","3":"status-publish","4":"has-post-thumbnail","6":"product_cat-wszystkie-produkty","8":"first","9":"instock","10":"taxable","11":"shipping-taxable","12":"purchasable","13":"product-type-simple"},"acf":[],"yoast_head":"<!-- This site is optimized with the Yoast SEO plugin v27.6 - https:\/\/yoast.com\/product\/yoast-seo-wordpress\/ -->\n<title>Kamizelka robocza ogrzewana Magma L - Magnet fishing with a Magnetar fishing magnet<\/title>\n<meta name=\"description\" content=\"Kamizelka robocza? Ta kamizelka zasilana bateri\u0105 ma trzy ustawienia grzania, dzi\u0119ki czemu zawsze masz komfortow\u0105 temperatur\u0119.\" \/>\n<meta name=\"robots\" content=\"index, follow, max-snippet:-1, max-image-preview:large, max-video-preview:-1\" \/>\n<link rel=\"canonical\" href=\"https:\/\/test.magnetarmagnets.com\/pl\/shop\/kamizelka-robocza-ogrzewana-magma-l\/\" \/>\n<meta property=\"og:locale\" content=\"pl_PL\" \/>\n<meta property=\"og:type\" content=\"article\" \/>\n<meta property=\"og:title\" content=\"Kamizelka robocza ogrzewana Magma L - Magnet fishing with a Magnetar fishing magnet\" \/>\n<meta property=\"og:description\" content=\"Kamizelka robocza? Ta kamizelka zasilana bateri\u0105 ma trzy ustawienia grzania, dzi\u0119ki czemu zawsze masz komfortow\u0105 temperatur\u0119.\" \/>\n<meta property=\"og:url\" content=\"https:\/\/test.magnetarmagnets.com\/pl\/shop\/kamizelka-robocza-ogrzewana-magma-l\/\" \/>\n<meta property=\"og:site_name\" content=\"Magnet fishing with a Magnetar fishing magnet\" \/>\n<meta property=\"article:publisher\" content=\"https:\/\/www.facebook.com\/fishingmagnets\/\" \/>\n<meta property=\"article:modified_time\" content=\"2026-03-16T18:04:32+00:00\" \/>\n<meta property=\"og:image\" content=\"https:\/\/test.magnetarmagnets.com\/wp-content\/uploads\/2021\/02\/heated-work-jacket-scaled.jpg\" \/>\n\t<meta property=\"og:image:width\" content=\"2330\" \/>\n\t<meta property=\"og:image:height\" content=\"2560\" \/>\n\t<meta property=\"og:image:type\" content=\"image\/jpeg\" \/>\n<meta name=\"twitter:card\" content=\"summary_large_image\" \/>\n<meta name=\"twitter:label1\" content=\"Szacowany czas czytania\" \/>\n\t<meta name=\"twitter:data1\" content=\"2 minuty\" \/>\n<script type=\"application\/ld+json\" class=\"yoast-schema-graph\">{\"@context\":\"https:\\\/\\\/schema.org\",\"@graph\":[{\"@type\":[\"WebPage\",\"ItemPage\"],\"@id\":\"https:\\\/\\\/test.magnetarmagnets.com\\\/pl\\\/shop\\\/kamizelka-robocza-ogrzewana-magma-l\\\/\",\"url\":\"https:\\\/\\\/test.magnetarmagnets.com\\\/pl\\\/shop\\\/kamizelka-robocza-ogrzewana-magma-l\\\/\",\"name\":\"Kamizelka robocza ogrzewana Magma L - Magnet fishing with a Magnetar fishing magnet\",\"isPartOf\":{\"@id\":\"https:\\\/\\\/test.magnetarmagnets.com\\\/pl\\\/#website\"},\"primaryImageOfPage\":{\"@id\":\"https:\\\/\\\/test.magnetarmagnets.com\\\/pl\\\/shop\\\/kamizelka-robocza-ogrzewana-magma-l\\\/#primaryimage\"},\"image\":{\"@id\":\"https:\\\/\\\/test.magnetarmagnets.com\\\/pl\\\/shop\\\/kamizelka-robocza-ogrzewana-magma-l\\\/#primaryimage\"},\"thumbnailUrl\":\"https:\\\/\\\/test.magnetarmagnets.com\\\/wp-content\\\/uploads\\\/2021\\\/02\\\/heated-work-jacket-scaled.jpg\",\"datePublished\":\"2025-06-05T07:53:44+00:00\",\"dateModified\":\"2026-03-16T18:04:32+00:00\",\"description\":\"Kamizelka robocza? Ta kamizelka zasilana bateri\u0105 ma trzy ustawienia grzania, dzi\u0119ki czemu zawsze masz komfortow\u0105 temperatur\u0119.\",\"breadcrumb\":{\"@id\":\"https:\\\/\\\/test.magnetarmagnets.com\\\/pl\\\/shop\\\/kamizelka-robocza-ogrzewana-magma-l\\\/#breadcrumb\"},\"inLanguage\":\"pl-PL\",\"potentialAction\":[{\"@type\":\"ReadAction\",\"target\":[\"https:\\\/\\\/test.magnetarmagnets.com\\\/pl\\\/shop\\\/kamizelka-robocza-ogrzewana-magma-l\\\/\"]}]},{\"@type\":\"ImageObject\",\"inLanguage\":\"pl-PL\",\"@id\":\"https:\\\/\\\/test.magnetarmagnets.com\\\/pl\\\/shop\\\/kamizelka-robocza-ogrzewana-magma-l\\\/#primaryimage\",\"url\":\"https:\\\/\\\/test.magnetarmagnets.com\\\/wp-content\\\/uploads\\\/2021\\\/02\\\/heated-work-jacket-scaled.jpg\",\"contentUrl\":\"https:\\\/\\\/test.magnetarmagnets.com\\\/wp-content\\\/uploads\\\/2021\\\/02\\\/heated-work-jacket-scaled.jpg\",\"width\":2330,\"height\":2560,\"caption\":\"heated workwear jack\"},{\"@type\":\"BreadcrumbList\",\"@id\":\"https:\\\/\\\/test.magnetarmagnets.com\\\/pl\\\/shop\\\/kamizelka-robocza-ogrzewana-magma-l\\\/#breadcrumb\",\"itemListElement\":[{\"@type\":\"ListItem\",\"position\":1,\"name\":\"Home\",\"item\":\"https:\\\/\\\/test.magnetarmagnets.com\\\/pl\\\/\"},{\"@type\":\"ListItem\",\"position\":2,\"name\":\"Sklep\",\"item\":\"https:\\\/\\\/test.magnetarmagnets.com\\\/shop\\\/\"},{\"@type\":\"ListItem\",\"position\":3,\"name\":\"Wszystkie produkty\",\"item\":\"https:\\\/\\\/test.magnetarmagnets.com\\\/pl\\\/collections\\\/wszystkie-produkty\\\/\"},{\"@type\":\"ListItem\",\"position\":4,\"name\":\"Kamizelka robocza ogrzewana Magma L\"}]},{\"@type\":\"WebSite\",\"@id\":\"https:\\\/\\\/test.magnetarmagnets.com\\\/pl\\\/#website\",\"url\":\"https:\\\/\\\/test.magnetarmagnets.com\\\/pl\\\/\",\"name\":\"Magnet fishing with a Magnetar fishing magnet\",\"description\":\"Powerful magnets for magnet fishing\",\"publisher\":{\"@id\":\"https:\\\/\\\/test.magnetarmagnets.com\\\/pl\\\/#organization\"},\"potentialAction\":[{\"@type\":\"SearchAction\",\"target\":{\"@type\":\"EntryPoint\",\"urlTemplate\":\"https:\\\/\\\/test.magnetarmagnets.com\\\/pl\\\/?s={search_term_string}\"},\"query-input\":{\"@type\":\"PropertyValueSpecification\",\"valueRequired\":true,\"valueName\":\"search_term_string\"}}],\"inLanguage\":\"pl-PL\"},{\"@type\":\"Organization\",\"@id\":\"https:\\\/\\\/test.magnetarmagnets.com\\\/pl\\\/#organization\",\"name\":\"Magnetar\",\"url\":\"https:\\\/\\\/test.magnetarmagnets.com\\\/pl\\\/\",\"logo\":{\"@type\":\"ImageObject\",\"inLanguage\":\"pl-PL\",\"@id\":\"https:\\\/\\\/test.magnetarmagnets.com\\\/pl\\\/#\\\/schema\\\/logo\\\/image\\\/\",\"url\":\"https:\\\/\\\/magnetarmagnets.com\\\/wp-content\\\/uploads\\\/2021\\\/01\\\/magnetarvismagneet_logo.png\",\"contentUrl\":\"https:\\\/\\\/magnetarmagnets.com\\\/wp-content\\\/uploads\\\/2021\\\/01\\\/magnetarvismagneet_logo.png\",\"width\":209,\"height\":100,\"caption\":\"Magnetar\"},\"image\":{\"@id\":\"https:\\\/\\\/test.magnetarmagnets.com\\\/pl\\\/#\\\/schema\\\/logo\\\/image\\\/\"},\"sameAs\":[\"https:\\\/\\\/www.facebook.com\\\/fishingmagnets\\\/\",\"https:\\\/\\\/www.instagram.com\\\/magnetar_magnets\\\/\",\"https:\\\/\\\/www.linkedin.com\\\/company\\\/magnetarbv\\\/?originalSubdomain=nl\",\"https:\\\/\\\/www.youtube.com\\\/c\\\/MagnetarVismagneet\"]}]}<\/script>\n<!-- \/ Yoast SEO plugin. -->","yoast_head_json":{"title":"Kamizelka robocza ogrzewana Magma L - Magnet fishing with a Magnetar fishing magnet","description":"Kamizelka robocza? Ta kamizelka zasilana bateri\u0105 ma trzy ustawienia grzania, dzi\u0119ki czemu zawsze masz komfortow\u0105 temperatur\u0119.","robots":{"index":"index","follow":"follow","max-snippet":"max-snippet:-1","max-image-preview":"max-image-preview:large","max-video-preview":"max-video-preview:-1"},"canonical":"https:\/\/test.magnetarmagnets.com\/pl\/shop\/kamizelka-robocza-ogrzewana-magma-l\/","og_locale":"pl_PL","og_type":"article","og_title":"Kamizelka robocza ogrzewana Magma L - Magnet fishing with a Magnetar fishing magnet","og_description":"Kamizelka robocza? Ta kamizelka zasilana bateri\u0105 ma trzy ustawienia grzania, dzi\u0119ki czemu zawsze masz komfortow\u0105 temperatur\u0119.","og_url":"https:\/\/test.magnetarmagnets.com\/pl\/shop\/kamizelka-robocza-ogrzewana-magma-l\/","og_site_name":"Magnet fishing with a Magnetar fishing magnet","article_publisher":"https:\/\/www.facebook.com\/fishingmagnets\/","article_modified_time":"2026-03-16T18:04:32+00:00","og_image":[{"width":2330,"height":2560,"url":"https:\/\/test.magnetarmagnets.com\/wp-content\/uploads\/2021\/02\/heated-work-jacket-scaled.jpg","type":"image\/jpeg"}],"twitter_card":"summary_large_image","twitter_misc":{"Szacowany czas czytania":"2 minuty"},"schema":{"@context":"https:\/\/schema.org","@graph":[{"@type":["WebPage","ItemPage"],"@id":"https:\/\/test.magnetarmagnets.com\/pl\/shop\/kamizelka-robocza-ogrzewana-magma-l\/","url":"https:\/\/test.magnetarmagnets.com\/pl\/shop\/kamizelka-robocza-ogrzewana-magma-l\/","name":"Kamizelka robocza ogrzewana Magma L - Magnet fishing with a Magnetar fishing magnet","isPartOf":{"@id":"https:\/\/test.magnetarmagnets.com\/pl\/#website"},"primaryImageOfPage":{"@id":"https:\/\/test.magnetarmagnets.com\/pl\/shop\/kamizelka-robocza-ogrzewana-magma-l\/#primaryimage"},"image":{"@id":"https:\/\/test.magnetarmagnets.com\/pl\/shop\/kamizelka-robocza-ogrzewana-magma-l\/#primaryimage"},"thumbnailUrl":"https:\/\/test.magnetarmagnets.com\/wp-content\/uploads\/2021\/02\/heated-work-jacket-scaled.jpg","datePublished":"2025-06-05T07:53:44+00:00","dateModified":"2026-03-16T18:04:32+00:00","description":"Kamizelka robocza? Ta kamizelka zasilana bateri\u0105 ma trzy ustawienia grzania, dzi\u0119ki czemu zawsze masz komfortow\u0105 temperatur\u0119.","breadcrumb":{"@id":"https:\/\/test.magnetarmagnets.com\/pl\/shop\/kamizelka-robocza-ogrzewana-magma-l\/#breadcrumb"},"inLanguage":"pl-PL","potentialAction":[{"@type":"ReadAction","target":["https:\/\/test.magnetarmagnets.com\/pl\/shop\/kamizelka-robocza-ogrzewana-magma-l\/"]}]},{"@type":"ImageObject","inLanguage":"pl-PL","@id":"https:\/\/test.magnetarmagnets.com\/pl\/shop\/kamizelka-robocza-ogrzewana-magma-l\/#primaryimage","url":"https:\/\/test.magnetarmagnets.com\/wp-content\/uploads\/2021\/02\/heated-work-jacket-scaled.jpg","contentUrl":"https:\/\/test.magnetarmagnets.com\/wp-content\/uploads\/2021\/02\/heated-work-jacket-scaled.jpg","width":2330,"height":2560,"caption":"heated workwear jack"},{"@type":"BreadcrumbList","@id":"https:\/\/test.magnetarmagnets.com\/pl\/shop\/kamizelka-robocza-ogrzewana-magma-l\/#breadcrumb","itemListElement":[{"@type":"ListItem","position":1,"name":"Home","item":"https:\/\/test.magnetarmagnets.com\/pl\/"},{"@type":"ListItem","position":2,"name":"Sklep","item":"https:\/\/test.magnetarmagnets.com\/shop\/"},{"@type":"ListItem","position":3,"name":"Wszystkie produkty","item":"https:\/\/test.magnetarmagnets.com\/pl\/collections\/wszystkie-produkty\/"},{"@type":"ListItem","position":4,"name":"Kamizelka robocza ogrzewana Magma L"}]},{"@type":"WebSite","@id":"https:\/\/test.magnetarmagnets.com\/pl\/#website","url":"https:\/\/test.magnetarmagnets.com\/pl\/","name":"Magnet fishing with a Magnetar fishing magnet","description":"Powerful magnets for magnet fishing","publisher":{"@id":"https:\/\/test.magnetarmagnets.com\/pl\/#organization"},"potentialAction":[{"@type":"SearchAction","target":{"@type":"EntryPoint","urlTemplate":"https:\/\/test.magnetarmagnets.com\/pl\/?s={search_term_string}"},"query-input":{"@type":"PropertyValueSpecification","valueRequired":true,"valueName":"search_term_string"}}],"inLanguage":"pl-PL"},{"@type":"Organization","@id":"https:\/\/test.magnetarmagnets.com\/pl\/#organization","name":"Magnetar","url":"https:\/\/test.magnetarmagnets.com\/pl\/","logo":{"@type":"ImageObject","inLanguage":"pl-PL","@id":"https:\/\/test.magnetarmagnets.com\/pl\/#\/schema\/logo\/image\/","url":"https:\/\/magnetarmagnets.com\/wp-content\/uploads\/2021\/01\/magnetarvismagneet_logo.png","contentUrl":"https:\/\/magnetarmagnets.com\/wp-content\/uploads\/2021\/01\/magnetarvismagneet_logo.png","width":209,"height":100,"caption":"Magnetar"},"image":{"@id":"https:\/\/test.magnetarmagnets.com\/pl\/#\/schema\/logo\/image\/"},"sameAs":["https:\/\/www.facebook.com\/fishingmagnets\/","https:\/\/www.instagram.com\/magnetar_magnets\/","https:\/\/www.linkedin.com\/company\/magnetarbv\/?originalSubdomain=nl","https:\/\/www.youtube.com\/c\/MagnetarVismagneet"]}]}},"_links":{"self":[{"href":"https:\/\/test.magnetarmagnets.com\/pl\/wp-json\/wp\/v2\/product\/83715","targetHints":{"allow":["GET"]}}],"collection":[{"href":"https:\/\/test.magnetarmagnets.com\/pl\/wp-json\/wp\/v2\/product"}],"about":[{"href":"https:\/\/test.magnetarmagnets.com\/pl\/wp-json\/wp\/v2\/types\/product"}],"replies":[{"embeddable":true,"href":"https:\/\/test.magnetarmagnets.com\/pl\/wp-json\/wp\/v2\/comments?post=83715"}],"wp:featuredmedia":[{"embeddable":true,"href":"https:\/\/test.magnetarmagnets.com\/pl\/wp-json\/wp\/v2\/media\/77852"}],"wp:attachment":[{"href":"https:\/\/test.magnetarmagnets.com\/pl\/wp-json\/wp\/v2\/media?parent=83715"}],"wp:term":[{"taxonomy":"product_brand","embeddable":true,"href":"https:\/\/test.magnetarmagnets.com\/pl\/wp-json\/wp\/v2\/product_brand?post=83715"},{"taxonomy":"product_cat","embeddable":true,"href":"https:\/\/test.magnetarmagnets.com\/pl\/wp-json\/wp\/v2\/product_cat?post=83715"},{"taxonomy":"product_tag","embeddable":true,"href":"https:\/\/test.magnetarmagnets.com\/pl\/wp-json\/wp\/v2\/product_tag?post=83715"}],"curies":[{"name":"wp","href":"https:\/\/api.w.org\/{rel}","templated":true}]}}