{"id":83714,"date":"2025-06-05T09:53:07","date_gmt":"2025-06-05T07:53:07","guid":{"rendered":"https:\/\/magnetarmagnets.com\/?post_type=product&#038;p=83714"},"modified":"2026-03-16T18:57:07","modified_gmt":"2026-03-16T17:57:07","slug":"podgrzewana-kamizelka-robocza-magma-m","status":"publish","type":"product","link":"https:\/\/test.magnetarmagnets.com\/pl\/shop\/podgrzewana-kamizelka-robocza-magma-m\/","title":{"rendered":"Podgrzewana kamizelka robocza Magma M"},"content":{"rendered":"<h2><img fetchpriority=\"high\" decoding=\"async\" class=\"aligncenter size-full wp-image-51853\" src=\"https:\/\/test.magnetarmagnets.com\/wp-content\/uploads\/2021\/02\/work-vest-engels.png\" alt=\"kamizelka robocza, podgrzewana kamizelka, Magnetar Heat, ciep\u0142a odzie\u017c, bluza z kapturem, kamizelka, odzie\u017c grzewcza\" width=\"765\" height=\"455\" srcset=\"https:\/\/test.magnetarmagnets.com\/wp-content\/uploads\/2021\/02\/work-vest-engels.png 765w, https:\/\/test.magnetarmagnets.com\/wp-content\/uploads\/2021\/02\/work-vest-engels-150x89.png 150w, https:\/\/test.magnetarmagnets.com\/wp-content\/uploads\/2021\/02\/work-vest-engels-600x357.png 600w, https:\/\/test.magnetarmagnets.com\/wp-content\/uploads\/2021\/02\/work-vest-engels-300x178.png 300w\" sizes=\"(max-width: 765px) 100vw, 765px\" \/><\/h2>\n<h2>Najlepsza podgrzewana kamizelka robocza<\/h2>\n<p><strong>Podgrzewana kamizelka robocza?<\/strong> Nasze kamizelki robocze utrzymuj\u0105 ciep\u0142o nawet w ch\u0142odniejsze dni. Ta kamizelka robocza na bateri\u0119 ma trzy ustawienia temperatury, dzi\u0119ki czemu zawsze mo\u017cesz si\u0119 cieszy\u0107 komfortow\u0105 temperatur\u0105. <a href=\"https:\/\/test.magnetarmagnets.com\/pl\/\" target=\"_blank\" rel=\"noopener\">\u0141owienie magnesem<\/a> przez ca\u0142y dzie\u0144? Praca na zewn\u0105trz w ch\u0142odny dzie\u0144? Ch\u0142odny letni wiecz\u00f3r? Praca na wietrze lub p\u00f3\u017anym wieczorem? Ta wygodna, wiatro- i wodoodporna podgrzewana kamizelka robocza utrzyma Ci\u0119 w cieple. <strong>Kamizelka Magnetar Heat Workwear jest wi\u0119ksza ni\u017c standardowa, wi\u0119c zam\u00f3w mniejszy rozmiar!<\/strong><\/p>\n<h2>Informacje o produkcie Podgrzewana kamizelka robocza<\/h2>\n<p>Do\u0142\u0105czona bateria ma wielko\u015b\u0107 telefonu kom\u00f3rkowego i mo\u017ce utrzyma\u0107 ciep\u0142o do <strong>9 godzin<\/strong>, w zale\u017cno\u015bci od ustawienia temperatury. Kamizelka robocza dostarczana jest <strong>z bateri\u0105 i \u0142adowark\u0105.<\/strong> Kamizelka wykonana jest z bawe\u0142ny odpornej na wiatr i wod\u0119, a podszewka wewn\u0119trzna wykonana jest z \u0142atwego do czyszczenia nylonu, co zapewnia pe\u0142n\u0105 swobod\u0119 ruch\u00f3w podczas pracy. Z t\u0105 podgrzewan\u0105 kamizelk\u0105 nie musisz zak\u0142ada\u0107 wielu warstw ubra\u0144, na przyk\u0142ad gdy pracujesz na farmie, jako robotnik drogowy, na budowie, malarz, na ranczu koni, polujesz, jeste\u015b ogrodnikiem i tak dalej. To kamizelka robocza oferuj\u0105ca wysoki komfort i pe\u0142n\u0105 swobod\u0119 ruchu.<\/p>\n<p>Strefy grzewcze zapewniaj\u0105 komfortowe ciep\u0142o dok\u0142adnie tam, gdzie jest ono potrzebne \u2013 na klatce piersiowej i plecach. Niskie, \u015brednie i wysokie ustawienia pozwalaj\u0105 dostosowa\u0107 si\u0119 do warunk\u00f3w i utrzyma\u0107 ciep\u0142o przez ca\u0142y dzie\u0144. Nast\u0119pnie wystarczy na\u0142adowa\u0107 bateri\u0119 w ci\u0105gu 3-4 godzin i jeste\u015b gotowy do dzia\u0142ania.<\/p>\n<p>Nasze kamizelki robocze wykonane s\u0105 z trwa\u0142ych i wysokiej jako\u015bci materia\u0142\u00f3w, stworzonych, by zapewni\u0107 Ci ciep\u0142o w ka\u017cdych warunkach pogodowych.<\/p>\n<h2>Kamizelka podgrzewana zatwierdzona przez CE<\/h2>\n<p>Podgrzewane kamizelki robocze posiadaj\u0105 certyfikat CE. W pe\u0142ni wspieramy nasz produkt i dlatego oferujemy <strong>1 rok gwarancji<\/strong>.<\/p>\n<p><strong>Kamizelka Magnetar Heat Workwear jest wi\u0119ksza ni\u017c standardowa, wi\u0119c zam\u00f3w mniejszy rozmiar!<\/strong><\/p>\n","protected":false},"excerpt":{"rendered":"<p>To podgrzewana robocza kamizelka z ogrzewaniem i 3 ustawieniami temperatury. Utrzymuje ciep\u0142o wtedy, gdy jest to potrzebne. Dodatkowo odporna na \u015bcieranie.<\/p>\n","protected":false},"featured_media":77852,"comment_status":"open","ping_status":"closed","template":"","meta":{"_acf_changed":false,"inline_featured_image":false},"product_brand":[],"product_cat":[1006],"product_tag":[],"class_list":{"0":"post-83714","1":"product","2":"type-product","3":"status-publish","4":"has-post-thumbnail","6":"product_cat-wszystkie-produkty","8":"first","9":"outofstock","10":"taxable","11":"shipping-taxable","12":"purchasable","13":"product-type-simple"},"acf":[],"yoast_head":"<!-- This site is optimized with the Yoast SEO plugin v27.6 - https:\/\/yoast.com\/product\/yoast-seo-wordpress\/ -->\n<title>Podgrzewana kamizelka robocza Magma M - Magnet fishing with a Magnetar fishing magnet<\/title>\n<meta name=\"description\" content=\"Kamizelka robocza na bateri\u0119? Ta kamizelka robocza na bateri\u0119 ma trzy ustawienia temperatury, dzi\u0119ki czemu zawsze masz komfortow\u0105 temperatur\u0119.\" \/>\n<meta name=\"robots\" content=\"index, follow, max-snippet:-1, max-image-preview:large, max-video-preview:-1\" \/>\n<link rel=\"canonical\" href=\"https:\/\/test.magnetarmagnets.com\/pl\/shop\/podgrzewana-kamizelka-robocza-magma-m\/\" \/>\n<meta property=\"og:locale\" content=\"pl_PL\" \/>\n<meta property=\"og:type\" content=\"article\" \/>\n<meta property=\"og:title\" content=\"Podgrzewana kamizelka robocza Magma M - Magnet fishing with a Magnetar fishing magnet\" \/>\n<meta property=\"og:description\" content=\"Kamizelka robocza na bateri\u0119? Ta kamizelka robocza na bateri\u0119 ma trzy ustawienia temperatury, dzi\u0119ki czemu zawsze masz komfortow\u0105 temperatur\u0119.\" \/>\n<meta property=\"og:url\" content=\"https:\/\/test.magnetarmagnets.com\/pl\/shop\/podgrzewana-kamizelka-robocza-magma-m\/\" \/>\n<meta property=\"og:site_name\" content=\"Magnet fishing with a Magnetar fishing magnet\" \/>\n<meta property=\"article:publisher\" content=\"https:\/\/www.facebook.com\/fishingmagnets\/\" \/>\n<meta property=\"article:modified_time\" content=\"2026-03-16T17:57:07+00:00\" \/>\n<meta property=\"og:image\" content=\"https:\/\/test.magnetarmagnets.com\/wp-content\/uploads\/2021\/02\/heated-work-jacket-scaled.jpg\" \/>\n\t<meta property=\"og:image:width\" content=\"2330\" \/>\n\t<meta property=\"og:image:height\" content=\"2560\" \/>\n\t<meta property=\"og:image:type\" content=\"image\/jpeg\" \/>\n<meta name=\"twitter:card\" content=\"summary_large_image\" \/>\n<meta name=\"twitter:label1\" content=\"Szacowany czas czytania\" \/>\n\t<meta name=\"twitter:data1\" content=\"2 minuty\" \/>\n<script type=\"application\/ld+json\" class=\"yoast-schema-graph\">{\"@context\":\"https:\\\/\\\/schema.org\",\"@graph\":[{\"@type\":[\"WebPage\",\"ItemPage\"],\"@id\":\"https:\\\/\\\/test.magnetarmagnets.com\\\/pl\\\/shop\\\/podgrzewana-kamizelka-robocza-magma-m\\\/\",\"url\":\"https:\\\/\\\/test.magnetarmagnets.com\\\/pl\\\/shop\\\/podgrzewana-kamizelka-robocza-magma-m\\\/\",\"name\":\"Podgrzewana kamizelka robocza Magma M - Magnet fishing with a Magnetar fishing magnet\",\"isPartOf\":{\"@id\":\"https:\\\/\\\/test.magnetarmagnets.com\\\/pl\\\/#website\"},\"primaryImageOfPage\":{\"@id\":\"https:\\\/\\\/test.magnetarmagnets.com\\\/pl\\\/shop\\\/podgrzewana-kamizelka-robocza-magma-m\\\/#primaryimage\"},\"image\":{\"@id\":\"https:\\\/\\\/test.magnetarmagnets.com\\\/pl\\\/shop\\\/podgrzewana-kamizelka-robocza-magma-m\\\/#primaryimage\"},\"thumbnailUrl\":\"https:\\\/\\\/test.magnetarmagnets.com\\\/wp-content\\\/uploads\\\/2021\\\/02\\\/heated-work-jacket-scaled.jpg\",\"datePublished\":\"2025-06-05T07:53:07+00:00\",\"dateModified\":\"2026-03-16T17:57:07+00:00\",\"description\":\"Kamizelka robocza na bateri\u0119? Ta kamizelka robocza na bateri\u0119 ma trzy ustawienia temperatury, dzi\u0119ki czemu zawsze masz komfortow\u0105 temperatur\u0119.\",\"breadcrumb\":{\"@id\":\"https:\\\/\\\/test.magnetarmagnets.com\\\/pl\\\/shop\\\/podgrzewana-kamizelka-robocza-magma-m\\\/#breadcrumb\"},\"inLanguage\":\"pl-PL\",\"potentialAction\":[{\"@type\":\"ReadAction\",\"target\":[\"https:\\\/\\\/test.magnetarmagnets.com\\\/pl\\\/shop\\\/podgrzewana-kamizelka-robocza-magma-m\\\/\"]}]},{\"@type\":\"ImageObject\",\"inLanguage\":\"pl-PL\",\"@id\":\"https:\\\/\\\/test.magnetarmagnets.com\\\/pl\\\/shop\\\/podgrzewana-kamizelka-robocza-magma-m\\\/#primaryimage\",\"url\":\"https:\\\/\\\/test.magnetarmagnets.com\\\/wp-content\\\/uploads\\\/2021\\\/02\\\/heated-work-jacket-scaled.jpg\",\"contentUrl\":\"https:\\\/\\\/test.magnetarmagnets.com\\\/wp-content\\\/uploads\\\/2021\\\/02\\\/heated-work-jacket-scaled.jpg\",\"width\":2330,\"height\":2560,\"caption\":\"heated workwear jack\"},{\"@type\":\"BreadcrumbList\",\"@id\":\"https:\\\/\\\/test.magnetarmagnets.com\\\/pl\\\/shop\\\/podgrzewana-kamizelka-robocza-magma-m\\\/#breadcrumb\",\"itemListElement\":[{\"@type\":\"ListItem\",\"position\":1,\"name\":\"Home\",\"item\":\"https:\\\/\\\/test.magnetarmagnets.com\\\/pl\\\/\"},{\"@type\":\"ListItem\",\"position\":2,\"name\":\"Sklep\",\"item\":\"https:\\\/\\\/test.magnetarmagnets.com\\\/shop\\\/\"},{\"@type\":\"ListItem\",\"position\":3,\"name\":\"Wszystkie produkty\",\"item\":\"https:\\\/\\\/test.magnetarmagnets.com\\\/pl\\\/collections\\\/wszystkie-produkty\\\/\"},{\"@type\":\"ListItem\",\"position\":4,\"name\":\"Podgrzewana kamizelka robocza Magma M\"}]},{\"@type\":\"WebSite\",\"@id\":\"https:\\\/\\\/test.magnetarmagnets.com\\\/pl\\\/#website\",\"url\":\"https:\\\/\\\/test.magnetarmagnets.com\\\/pl\\\/\",\"name\":\"Magnet fishing with a Magnetar fishing magnet\",\"description\":\"Powerful magnets for magnet fishing\",\"publisher\":{\"@id\":\"https:\\\/\\\/test.magnetarmagnets.com\\\/pl\\\/#organization\"},\"potentialAction\":[{\"@type\":\"SearchAction\",\"target\":{\"@type\":\"EntryPoint\",\"urlTemplate\":\"https:\\\/\\\/test.magnetarmagnets.com\\\/pl\\\/?s={search_term_string}\"},\"query-input\":{\"@type\":\"PropertyValueSpecification\",\"valueRequired\":true,\"valueName\":\"search_term_string\"}}],\"inLanguage\":\"pl-PL\"},{\"@type\":\"Organization\",\"@id\":\"https:\\\/\\\/test.magnetarmagnets.com\\\/pl\\\/#organization\",\"name\":\"Magnetar\",\"url\":\"https:\\\/\\\/test.magnetarmagnets.com\\\/pl\\\/\",\"logo\":{\"@type\":\"ImageObject\",\"inLanguage\":\"pl-PL\",\"@id\":\"https:\\\/\\\/test.magnetarmagnets.com\\\/pl\\\/#\\\/schema\\\/logo\\\/image\\\/\",\"url\":\"https:\\\/\\\/magnetarmagnets.com\\\/wp-content\\\/uploads\\\/2021\\\/01\\\/magnetarvismagneet_logo.png\",\"contentUrl\":\"https:\\\/\\\/magnetarmagnets.com\\\/wp-content\\\/uploads\\\/2021\\\/01\\\/magnetarvismagneet_logo.png\",\"width\":209,\"height\":100,\"caption\":\"Magnetar\"},\"image\":{\"@id\":\"https:\\\/\\\/test.magnetarmagnets.com\\\/pl\\\/#\\\/schema\\\/logo\\\/image\\\/\"},\"sameAs\":[\"https:\\\/\\\/www.facebook.com\\\/fishingmagnets\\\/\",\"https:\\\/\\\/www.instagram.com\\\/magnetar_magnets\\\/\",\"https:\\\/\\\/www.linkedin.com\\\/company\\\/magnetarbv\\\/?originalSubdomain=nl\",\"https:\\\/\\\/www.youtube.com\\\/c\\\/MagnetarVismagneet\"]}]}<\/script>\n<!-- \/ Yoast SEO plugin. -->","yoast_head_json":{"title":"Podgrzewana kamizelka robocza Magma M - Magnet fishing with a Magnetar fishing magnet","description":"Kamizelka robocza na bateri\u0119? Ta kamizelka robocza na bateri\u0119 ma trzy ustawienia temperatury, dzi\u0119ki czemu zawsze masz komfortow\u0105 temperatur\u0119.","robots":{"index":"index","follow":"follow","max-snippet":"max-snippet:-1","max-image-preview":"max-image-preview:large","max-video-preview":"max-video-preview:-1"},"canonical":"https:\/\/test.magnetarmagnets.com\/pl\/shop\/podgrzewana-kamizelka-robocza-magma-m\/","og_locale":"pl_PL","og_type":"article","og_title":"Podgrzewana kamizelka robocza Magma M - Magnet fishing with a Magnetar fishing magnet","og_description":"Kamizelka robocza na bateri\u0119? Ta kamizelka robocza na bateri\u0119 ma trzy ustawienia temperatury, dzi\u0119ki czemu zawsze masz komfortow\u0105 temperatur\u0119.","og_url":"https:\/\/test.magnetarmagnets.com\/pl\/shop\/podgrzewana-kamizelka-robocza-magma-m\/","og_site_name":"Magnet fishing with a Magnetar fishing magnet","article_publisher":"https:\/\/www.facebook.com\/fishingmagnets\/","article_modified_time":"2026-03-16T17:57:07+00:00","og_image":[{"width":2330,"height":2560,"url":"https:\/\/test.magnetarmagnets.com\/wp-content\/uploads\/2021\/02\/heated-work-jacket-scaled.jpg","type":"image\/jpeg"}],"twitter_card":"summary_large_image","twitter_misc":{"Szacowany czas czytania":"2 minuty"},"schema":{"@context":"https:\/\/schema.org","@graph":[{"@type":["WebPage","ItemPage"],"@id":"https:\/\/test.magnetarmagnets.com\/pl\/shop\/podgrzewana-kamizelka-robocza-magma-m\/","url":"https:\/\/test.magnetarmagnets.com\/pl\/shop\/podgrzewana-kamizelka-robocza-magma-m\/","name":"Podgrzewana kamizelka robocza Magma M - Magnet fishing with a Magnetar fishing magnet","isPartOf":{"@id":"https:\/\/test.magnetarmagnets.com\/pl\/#website"},"primaryImageOfPage":{"@id":"https:\/\/test.magnetarmagnets.com\/pl\/shop\/podgrzewana-kamizelka-robocza-magma-m\/#primaryimage"},"image":{"@id":"https:\/\/test.magnetarmagnets.com\/pl\/shop\/podgrzewana-kamizelka-robocza-magma-m\/#primaryimage"},"thumbnailUrl":"https:\/\/test.magnetarmagnets.com\/wp-content\/uploads\/2021\/02\/heated-work-jacket-scaled.jpg","datePublished":"2025-06-05T07:53:07+00:00","dateModified":"2026-03-16T17:57:07+00:00","description":"Kamizelka robocza na bateri\u0119? Ta kamizelka robocza na bateri\u0119 ma trzy ustawienia temperatury, dzi\u0119ki czemu zawsze masz komfortow\u0105 temperatur\u0119.","breadcrumb":{"@id":"https:\/\/test.magnetarmagnets.com\/pl\/shop\/podgrzewana-kamizelka-robocza-magma-m\/#breadcrumb"},"inLanguage":"pl-PL","potentialAction":[{"@type":"ReadAction","target":["https:\/\/test.magnetarmagnets.com\/pl\/shop\/podgrzewana-kamizelka-robocza-magma-m\/"]}]},{"@type":"ImageObject","inLanguage":"pl-PL","@id":"https:\/\/test.magnetarmagnets.com\/pl\/shop\/podgrzewana-kamizelka-robocza-magma-m\/#primaryimage","url":"https:\/\/test.magnetarmagnets.com\/wp-content\/uploads\/2021\/02\/heated-work-jacket-scaled.jpg","contentUrl":"https:\/\/test.magnetarmagnets.com\/wp-content\/uploads\/2021\/02\/heated-work-jacket-scaled.jpg","width":2330,"height":2560,"caption":"heated workwear jack"},{"@type":"BreadcrumbList","@id":"https:\/\/test.magnetarmagnets.com\/pl\/shop\/podgrzewana-kamizelka-robocza-magma-m\/#breadcrumb","itemListElement":[{"@type":"ListItem","position":1,"name":"Home","item":"https:\/\/test.magnetarmagnets.com\/pl\/"},{"@type":"ListItem","position":2,"name":"Sklep","item":"https:\/\/test.magnetarmagnets.com\/shop\/"},{"@type":"ListItem","position":3,"name":"Wszystkie produkty","item":"https:\/\/test.magnetarmagnets.com\/pl\/collections\/wszystkie-produkty\/"},{"@type":"ListItem","position":4,"name":"Podgrzewana kamizelka robocza Magma M"}]},{"@type":"WebSite","@id":"https:\/\/test.magnetarmagnets.com\/pl\/#website","url":"https:\/\/test.magnetarmagnets.com\/pl\/","name":"Magnet fishing with a Magnetar fishing magnet","description":"Powerful magnets for magnet fishing","publisher":{"@id":"https:\/\/test.magnetarmagnets.com\/pl\/#organization"},"potentialAction":[{"@type":"SearchAction","target":{"@type":"EntryPoint","urlTemplate":"https:\/\/test.magnetarmagnets.com\/pl\/?s={search_term_string}"},"query-input":{"@type":"PropertyValueSpecification","valueRequired":true,"valueName":"search_term_string"}}],"inLanguage":"pl-PL"},{"@type":"Organization","@id":"https:\/\/test.magnetarmagnets.com\/pl\/#organization","name":"Magnetar","url":"https:\/\/test.magnetarmagnets.com\/pl\/","logo":{"@type":"ImageObject","inLanguage":"pl-PL","@id":"https:\/\/test.magnetarmagnets.com\/pl\/#\/schema\/logo\/image\/","url":"https:\/\/magnetarmagnets.com\/wp-content\/uploads\/2021\/01\/magnetarvismagneet_logo.png","contentUrl":"https:\/\/magnetarmagnets.com\/wp-content\/uploads\/2021\/01\/magnetarvismagneet_logo.png","width":209,"height":100,"caption":"Magnetar"},"image":{"@id":"https:\/\/test.magnetarmagnets.com\/pl\/#\/schema\/logo\/image\/"},"sameAs":["https:\/\/www.facebook.com\/fishingmagnets\/","https:\/\/www.instagram.com\/magnetar_magnets\/","https:\/\/www.linkedin.com\/company\/magnetarbv\/?originalSubdomain=nl","https:\/\/www.youtube.com\/c\/MagnetarVismagneet"]}]}},"_links":{"self":[{"href":"https:\/\/test.magnetarmagnets.com\/pl\/wp-json\/wp\/v2\/product\/83714","targetHints":{"allow":["GET"]}}],"collection":[{"href":"https:\/\/test.magnetarmagnets.com\/pl\/wp-json\/wp\/v2\/product"}],"about":[{"href":"https:\/\/test.magnetarmagnets.com\/pl\/wp-json\/wp\/v2\/types\/product"}],"replies":[{"embeddable":true,"href":"https:\/\/test.magnetarmagnets.com\/pl\/wp-json\/wp\/v2\/comments?post=83714"}],"wp:featuredmedia":[{"embeddable":true,"href":"https:\/\/test.magnetarmagnets.com\/pl\/wp-json\/wp\/v2\/media\/77852"}],"wp:attachment":[{"href":"https:\/\/test.magnetarmagnets.com\/pl\/wp-json\/wp\/v2\/media?parent=83714"}],"wp:term":[{"taxonomy":"product_brand","embeddable":true,"href":"https:\/\/test.magnetarmagnets.com\/pl\/wp-json\/wp\/v2\/product_brand?post=83714"},{"taxonomy":"product_cat","embeddable":true,"href":"https:\/\/test.magnetarmagnets.com\/pl\/wp-json\/wp\/v2\/product_cat?post=83714"},{"taxonomy":"product_tag","embeddable":true,"href":"https:\/\/test.magnetarmagnets.com\/pl\/wp-json\/wp\/v2\/product_tag?post=83714"}],"curies":[{"name":"wp","href":"https:\/\/api.w.org\/{rel}","templated":true}]}}