{"id":83706,"date":"2025-06-05T09:53:46","date_gmt":"2025-06-05T07:53:46","guid":{"rendered":"https:\/\/magnetarmagnets.com\/?post_type=product&#038;p=83706"},"modified":"2026-03-18T19:05:35","modified_gmt":"2026-03-18T18:05:35","slug":"ogrzewana-kamizelka-robocza-magma","status":"publish","type":"product","link":"https:\/\/test.magnetarmagnets.com\/pl\/shop\/ogrzewana-kamizelka-robocza-magma\/","title":{"rendered":"Ogrzewana kamizelka robocza Magma"},"content":{"rendered":"<h2><img fetchpriority=\"high\" decoding=\"async\" class=\"aligncenter size-full wp-image-51853\" src=\"https:\/\/test.magnetarmagnets.com\/wp-content\/uploads\/2021\/02\/work-vest-engels.png\" alt=\"kamizelka robocza, kamizelka grzewcza, magnetar heat, ciep\u0142a odzie\u017c, bluza z kapturem, kamizelka, ubrania grzewcze\" width=\"765\" height=\"455\" srcset=\"https:\/\/test.magnetarmagnets.com\/wp-content\/uploads\/2021\/02\/work-vest-engels.png 765w, https:\/\/test.magnetarmagnets.com\/wp-content\/uploads\/2021\/02\/work-vest-engels-150x89.png 150w, https:\/\/test.magnetarmagnets.com\/wp-content\/uploads\/2021\/02\/work-vest-engels-600x357.png 600w, https:\/\/test.magnetarmagnets.com\/wp-content\/uploads\/2021\/02\/work-vest-engels-300x178.png 300w\" sizes=\"(max-width: 765px) 100vw, 765px\" \/><\/h2>\n<h2>Najlepsza ogrzewana kamizelka robocza<\/h2>\n<p><strong>Ogrzewana kamizelka robocza?<\/strong> Nasze kamizelki robocze zapewniaj\u0105 ciep\u0142o nawet w ch\u0142odniejsze dni. Ta kamizelka na baterie posiada trzy ustawienia temperatury, dzi\u0119ki czemu zawsze masz komfortow\u0105 temperatur\u0119. Pracujesz na zewn\u0105trz w ch\u0142odniejszy dzie\u0144? Ch\u0142odny letni wiecz\u00f3r? Praca na wietrze lub p\u00f3\u017anym wieczorem? Ta wygodna, wiatro- i wodoodporna ogrzewana kamizelka robocza utrzyma Ci\u0119 w cieple. <strong>Kamizelka Magnetar Heat jest du\u017ca, wi\u0119c zam\u00f3w mniejszy rozmiar!<\/strong><\/p>\n<h2>Informacje o produkcie: ogrzewana kamizelka robocza<\/h2>\n<p>Do\u0142\u0105czona bateria ma rozmiar telefonu kom\u00f3rkowego i mo\u017ce utrzymywa\u0107 ciep\u0142o nawet do <strong>9 godzin<\/strong>, w zale\u017cno\u015bci od ustawienia temperatury. Kamizelka robocza <strong>zawiera bateri\u0119 i \u0142adowark\u0119.<\/strong> Kamizelka wykonana jest z bawe\u0142ny odpornej na wiatr i wod\u0119, a wewn\u0119trzna podszewka z \u0142atwego do czyszczenia nylonu, co zapewnia pe\u0142n\u0105 swobod\u0119 ruch\u00f3w podczas pracy. Dzi\u0119ki tej ogrzewanej kamizelce nie musisz zak\u0142ada\u0107 wielu warstw ubra\u0144, na przyk\u0142ad podczas pracy na farmie, jako pracownik drogowy, na budowie, jako malarz, na ranczu konnym, podczas polowania, ogrodnictwa i innych. To kamizelka robocza oferuj\u0105ca wysoki komfort i pe\u0142n\u0105 swobod\u0119 ruch\u00f3w.<\/p>\n<p>Strefy grzewcze zapewniaj\u0105 komfortowe ciep\u0142o dok\u0142adnie w tych partiach g\u00f3rnej cz\u0119\u015bci cia\u0142a, gdzie najbardziej tego potrzebujesz &#8211; na piersi i plecach. Ustawienia niskie, \u015brednie i wysokie pozwalaj\u0105 dostosowa\u0107 si\u0119 do otoczenia i utrzyma\u0107 ciep\u0142o przez ca\u0142y dzie\u0144. Nast\u0119pnie wystarczy na\u0142adowa\u0107 bateri\u0119 w ci\u0105gu 3-4 godzin i jeste\u015b gotowy do pracy.<\/p>\n<p>Nasze kamizelki robocze s\u0105 wykonane z trwa\u0142ego i wysokiej jako\u015bci materia\u0142u, kt\u00f3ry zapewnia ciep\u0142o w ka\u017cdych warunkach pogodowych.<\/p>\n<h2>Kamizelka ogrzewana z atestem CE<\/h2>\n<p>Kamizelki ogrzewane posiadaj\u0105 certyfikat CE. W pe\u0142ni wspieramy nasz produkt i dlatego oferujemy <strong>roczn\u0105 gwarancj\u0119<\/strong>.<\/p>\n<p><strong>Kamizelka Magnetar Heat jest du\u017ca, wi\u0119c zam\u00f3w mniejszy rozmiar!<\/strong><\/p>\n","protected":false},"excerpt":{"rendered":"<p>To jest ogrzewana kamizelka robocza z funkcj\u0105 podgrzewania i 3 ustawieniami temperatury. Utrzymuje ciep\u0142o wtedy, gdy potrzebujesz. Dodatkowo odporna na \u015bcieranie.<\/p>\n","protected":false},"featured_media":88305,"comment_status":"open","ping_status":"closed","template":"","meta":{"_acf_changed":false,"inline_featured_image":false},"product_brand":[],"product_cat":[591,588],"product_tag":[],"class_list":{"0":"post-83706","1":"product","2":"type-product","3":"status-publish","4":"has-post-thumbnail","6":"product_cat-odziez-podgrzewana","7":"product_cat-sprzet","9":"first","10":"instock","11":"taxable","12":"shipping-taxable","13":"product-type-grouped"},"acf":[],"yoast_head":"<!-- This site is optimized with the Yoast SEO plugin v27.6 - https:\/\/yoast.com\/product\/yoast-seo-wordpress\/ -->\n<title>Ogrzewana kamizelka robocza Magma - Magnet fishing with a Magnetar fishing magnet<\/title>\n<meta name=\"description\" content=\"Ogrzewana kamizelka robocza Magma - Pozosta\u0144 ciep\u0142y z Magnetar\" \/>\n<meta name=\"robots\" content=\"index, follow, max-snippet:-1, max-image-preview:large, max-video-preview:-1\" \/>\n<link rel=\"canonical\" href=\"https:\/\/test.magnetarmagnets.com\/pl\/shop\/ogrzewana-kamizelka-robocza-magma\/\" \/>\n<meta property=\"og:locale\" content=\"pl_PL\" \/>\n<meta property=\"og:type\" content=\"article\" \/>\n<meta property=\"og:title\" content=\"Ogrzewana kamizelka robocza Magma - Magnet fishing with a Magnetar fishing magnet\" \/>\n<meta property=\"og:description\" content=\"Ogrzewana kamizelka robocza Magma - Pozosta\u0144 ciep\u0142y z Magnetar\" \/>\n<meta property=\"og:url\" content=\"https:\/\/test.magnetarmagnets.com\/pl\/shop\/ogrzewana-kamizelka-robocza-magma\/\" \/>\n<meta property=\"og:site_name\" content=\"Magnet fishing with a Magnetar fishing magnet\" \/>\n<meta property=\"article:publisher\" content=\"https:\/\/www.facebook.com\/fishingmagnets\/\" \/>\n<meta property=\"article:modified_time\" content=\"2026-03-18T18:05:35+00:00\" \/>\n<meta property=\"og:image\" content=\"https:\/\/test.magnetarmagnets.com\/wp-content\/uploads\/2025\/06\/44.jpg\" \/>\n\t<meta property=\"og:image:width\" content=\"1000\" \/>\n\t<meta property=\"og:image:height\" content=\"1000\" \/>\n\t<meta property=\"og:image:type\" content=\"image\/jpeg\" \/>\n<meta name=\"twitter:card\" content=\"summary_large_image\" \/>\n<meta name=\"twitter:label1\" content=\"Szacowany czas czytania\" \/>\n\t<meta name=\"twitter:data1\" content=\"2 minuty\" \/>\n<script type=\"application\/ld+json\" class=\"yoast-schema-graph\">{\"@context\":\"https:\\\/\\\/schema.org\",\"@graph\":[{\"@type\":[\"WebPage\",\"ItemPage\"],\"@id\":\"https:\\\/\\\/test.magnetarmagnets.com\\\/pl\\\/shop\\\/ogrzewana-kamizelka-robocza-magma\\\/\",\"url\":\"https:\\\/\\\/test.magnetarmagnets.com\\\/pl\\\/shop\\\/ogrzewana-kamizelka-robocza-magma\\\/\",\"name\":\"Ogrzewana kamizelka robocza Magma - Magnet fishing with a Magnetar fishing magnet\",\"isPartOf\":{\"@id\":\"https:\\\/\\\/test.magnetarmagnets.com\\\/pl\\\/#website\"},\"primaryImageOfPage\":{\"@id\":\"https:\\\/\\\/test.magnetarmagnets.com\\\/pl\\\/shop\\\/ogrzewana-kamizelka-robocza-magma\\\/#primaryimage\"},\"image\":{\"@id\":\"https:\\\/\\\/test.magnetarmagnets.com\\\/pl\\\/shop\\\/ogrzewana-kamizelka-robocza-magma\\\/#primaryimage\"},\"thumbnailUrl\":\"https:\\\/\\\/test.magnetarmagnets.com\\\/wp-content\\\/uploads\\\/2025\\\/06\\\/44.jpg\",\"datePublished\":\"2025-06-05T07:53:46+00:00\",\"dateModified\":\"2026-03-18T18:05:35+00:00\",\"description\":\"Ogrzewana kamizelka robocza Magma - Pozosta\u0144 ciep\u0142y z Magnetar\",\"breadcrumb\":{\"@id\":\"https:\\\/\\\/test.magnetarmagnets.com\\\/pl\\\/shop\\\/ogrzewana-kamizelka-robocza-magma\\\/#breadcrumb\"},\"inLanguage\":\"pl-PL\",\"potentialAction\":[{\"@type\":\"ReadAction\",\"target\":[\"https:\\\/\\\/test.magnetarmagnets.com\\\/pl\\\/shop\\\/ogrzewana-kamizelka-robocza-magma\\\/\"]}]},{\"@type\":\"ImageObject\",\"inLanguage\":\"pl-PL\",\"@id\":\"https:\\\/\\\/test.magnetarmagnets.com\\\/pl\\\/shop\\\/ogrzewana-kamizelka-robocza-magma\\\/#primaryimage\",\"url\":\"https:\\\/\\\/test.magnetarmagnets.com\\\/wp-content\\\/uploads\\\/2025\\\/06\\\/44.jpg\",\"contentUrl\":\"https:\\\/\\\/test.magnetarmagnets.com\\\/wp-content\\\/uploads\\\/2025\\\/06\\\/44.jpg\",\"width\":1000,\"height\":1000},{\"@type\":\"BreadcrumbList\",\"@id\":\"https:\\\/\\\/test.magnetarmagnets.com\\\/pl\\\/shop\\\/ogrzewana-kamizelka-robocza-magma\\\/#breadcrumb\",\"itemListElement\":[{\"@type\":\"ListItem\",\"position\":1,\"name\":\"Home\",\"item\":\"https:\\\/\\\/test.magnetarmagnets.com\\\/pl\\\/\"},{\"@type\":\"ListItem\",\"position\":2,\"name\":\"Sklep\",\"item\":\"https:\\\/\\\/test.magnetarmagnets.com\\\/shop\\\/\"},{\"@type\":\"ListItem\",\"position\":3,\"name\":\"Sprz\u0119t\",\"item\":\"https:\\\/\\\/test.magnetarmagnets.com\\\/pl\\\/collections\\\/sprzet\\\/\"},{\"@type\":\"ListItem\",\"position\":4,\"name\":\"Odzie\u017c podgrzewana\",\"item\":\"https:\\\/\\\/test.magnetarmagnets.com\\\/pl\\\/collections\\\/sprzet\\\/odziez-podgrzewana\\\/\"},{\"@type\":\"ListItem\",\"position\":5,\"name\":\"Ogrzewana kamizelka robocza Magma\"}]},{\"@type\":\"WebSite\",\"@id\":\"https:\\\/\\\/test.magnetarmagnets.com\\\/pl\\\/#website\",\"url\":\"https:\\\/\\\/test.magnetarmagnets.com\\\/pl\\\/\",\"name\":\"Magnet fishing with a Magnetar fishing magnet\",\"description\":\"Powerful magnets for magnet fishing\",\"publisher\":{\"@id\":\"https:\\\/\\\/test.magnetarmagnets.com\\\/pl\\\/#organization\"},\"potentialAction\":[{\"@type\":\"SearchAction\",\"target\":{\"@type\":\"EntryPoint\",\"urlTemplate\":\"https:\\\/\\\/test.magnetarmagnets.com\\\/pl\\\/?s={search_term_string}\"},\"query-input\":{\"@type\":\"PropertyValueSpecification\",\"valueRequired\":true,\"valueName\":\"search_term_string\"}}],\"inLanguage\":\"pl-PL\"},{\"@type\":\"Organization\",\"@id\":\"https:\\\/\\\/test.magnetarmagnets.com\\\/pl\\\/#organization\",\"name\":\"Magnetar\",\"url\":\"https:\\\/\\\/test.magnetarmagnets.com\\\/pl\\\/\",\"logo\":{\"@type\":\"ImageObject\",\"inLanguage\":\"pl-PL\",\"@id\":\"https:\\\/\\\/test.magnetarmagnets.com\\\/pl\\\/#\\\/schema\\\/logo\\\/image\\\/\",\"url\":\"https:\\\/\\\/magnetarmagnets.com\\\/wp-content\\\/uploads\\\/2021\\\/01\\\/magnetarvismagneet_logo.png\",\"contentUrl\":\"https:\\\/\\\/magnetarmagnets.com\\\/wp-content\\\/uploads\\\/2021\\\/01\\\/magnetarvismagneet_logo.png\",\"width\":209,\"height\":100,\"caption\":\"Magnetar\"},\"image\":{\"@id\":\"https:\\\/\\\/test.magnetarmagnets.com\\\/pl\\\/#\\\/schema\\\/logo\\\/image\\\/\"},\"sameAs\":[\"https:\\\/\\\/www.facebook.com\\\/fishingmagnets\\\/\",\"https:\\\/\\\/www.instagram.com\\\/magnetar_magnets\\\/\",\"https:\\\/\\\/www.linkedin.com\\\/company\\\/magnetarbv\\\/?originalSubdomain=nl\",\"https:\\\/\\\/www.youtube.com\\\/c\\\/MagnetarVismagneet\"]}]}<\/script>\n<!-- \/ Yoast SEO plugin. -->","yoast_head_json":{"title":"Ogrzewana kamizelka robocza Magma - Magnet fishing with a Magnetar fishing magnet","description":"Ogrzewana kamizelka robocza Magma - Pozosta\u0144 ciep\u0142y z Magnetar","robots":{"index":"index","follow":"follow","max-snippet":"max-snippet:-1","max-image-preview":"max-image-preview:large","max-video-preview":"max-video-preview:-1"},"canonical":"https:\/\/test.magnetarmagnets.com\/pl\/shop\/ogrzewana-kamizelka-robocza-magma\/","og_locale":"pl_PL","og_type":"article","og_title":"Ogrzewana kamizelka robocza Magma - Magnet fishing with a Magnetar fishing magnet","og_description":"Ogrzewana kamizelka robocza Magma - Pozosta\u0144 ciep\u0142y z Magnetar","og_url":"https:\/\/test.magnetarmagnets.com\/pl\/shop\/ogrzewana-kamizelka-robocza-magma\/","og_site_name":"Magnet fishing with a Magnetar fishing magnet","article_publisher":"https:\/\/www.facebook.com\/fishingmagnets\/","article_modified_time":"2026-03-18T18:05:35+00:00","og_image":[{"width":1000,"height":1000,"url":"https:\/\/test.magnetarmagnets.com\/wp-content\/uploads\/2025\/06\/44.jpg","type":"image\/jpeg"}],"twitter_card":"summary_large_image","twitter_misc":{"Szacowany czas czytania":"2 minuty"},"schema":{"@context":"https:\/\/schema.org","@graph":[{"@type":["WebPage","ItemPage"],"@id":"https:\/\/test.magnetarmagnets.com\/pl\/shop\/ogrzewana-kamizelka-robocza-magma\/","url":"https:\/\/test.magnetarmagnets.com\/pl\/shop\/ogrzewana-kamizelka-robocza-magma\/","name":"Ogrzewana kamizelka robocza Magma - Magnet fishing with a Magnetar fishing magnet","isPartOf":{"@id":"https:\/\/test.magnetarmagnets.com\/pl\/#website"},"primaryImageOfPage":{"@id":"https:\/\/test.magnetarmagnets.com\/pl\/shop\/ogrzewana-kamizelka-robocza-magma\/#primaryimage"},"image":{"@id":"https:\/\/test.magnetarmagnets.com\/pl\/shop\/ogrzewana-kamizelka-robocza-magma\/#primaryimage"},"thumbnailUrl":"https:\/\/test.magnetarmagnets.com\/wp-content\/uploads\/2025\/06\/44.jpg","datePublished":"2025-06-05T07:53:46+00:00","dateModified":"2026-03-18T18:05:35+00:00","description":"Ogrzewana kamizelka robocza Magma - Pozosta\u0144 ciep\u0142y z Magnetar","breadcrumb":{"@id":"https:\/\/test.magnetarmagnets.com\/pl\/shop\/ogrzewana-kamizelka-robocza-magma\/#breadcrumb"},"inLanguage":"pl-PL","potentialAction":[{"@type":"ReadAction","target":["https:\/\/test.magnetarmagnets.com\/pl\/shop\/ogrzewana-kamizelka-robocza-magma\/"]}]},{"@type":"ImageObject","inLanguage":"pl-PL","@id":"https:\/\/test.magnetarmagnets.com\/pl\/shop\/ogrzewana-kamizelka-robocza-magma\/#primaryimage","url":"https:\/\/test.magnetarmagnets.com\/wp-content\/uploads\/2025\/06\/44.jpg","contentUrl":"https:\/\/test.magnetarmagnets.com\/wp-content\/uploads\/2025\/06\/44.jpg","width":1000,"height":1000},{"@type":"BreadcrumbList","@id":"https:\/\/test.magnetarmagnets.com\/pl\/shop\/ogrzewana-kamizelka-robocza-magma\/#breadcrumb","itemListElement":[{"@type":"ListItem","position":1,"name":"Home","item":"https:\/\/test.magnetarmagnets.com\/pl\/"},{"@type":"ListItem","position":2,"name":"Sklep","item":"https:\/\/test.magnetarmagnets.com\/shop\/"},{"@type":"ListItem","position":3,"name":"Sprz\u0119t","item":"https:\/\/test.magnetarmagnets.com\/pl\/collections\/sprzet\/"},{"@type":"ListItem","position":4,"name":"Odzie\u017c podgrzewana","item":"https:\/\/test.magnetarmagnets.com\/pl\/collections\/sprzet\/odziez-podgrzewana\/"},{"@type":"ListItem","position":5,"name":"Ogrzewana kamizelka robocza Magma"}]},{"@type":"WebSite","@id":"https:\/\/test.magnetarmagnets.com\/pl\/#website","url":"https:\/\/test.magnetarmagnets.com\/pl\/","name":"Magnet fishing with a Magnetar fishing magnet","description":"Powerful magnets for magnet fishing","publisher":{"@id":"https:\/\/test.magnetarmagnets.com\/pl\/#organization"},"potentialAction":[{"@type":"SearchAction","target":{"@type":"EntryPoint","urlTemplate":"https:\/\/test.magnetarmagnets.com\/pl\/?s={search_term_string}"},"query-input":{"@type":"PropertyValueSpecification","valueRequired":true,"valueName":"search_term_string"}}],"inLanguage":"pl-PL"},{"@type":"Organization","@id":"https:\/\/test.magnetarmagnets.com\/pl\/#organization","name":"Magnetar","url":"https:\/\/test.magnetarmagnets.com\/pl\/","logo":{"@type":"ImageObject","inLanguage":"pl-PL","@id":"https:\/\/test.magnetarmagnets.com\/pl\/#\/schema\/logo\/image\/","url":"https:\/\/magnetarmagnets.com\/wp-content\/uploads\/2021\/01\/magnetarvismagneet_logo.png","contentUrl":"https:\/\/magnetarmagnets.com\/wp-content\/uploads\/2021\/01\/magnetarvismagneet_logo.png","width":209,"height":100,"caption":"Magnetar"},"image":{"@id":"https:\/\/test.magnetarmagnets.com\/pl\/#\/schema\/logo\/image\/"},"sameAs":["https:\/\/www.facebook.com\/fishingmagnets\/","https:\/\/www.instagram.com\/magnetar_magnets\/","https:\/\/www.linkedin.com\/company\/magnetarbv\/?originalSubdomain=nl","https:\/\/www.youtube.com\/c\/MagnetarVismagneet"]}]}},"_links":{"self":[{"href":"https:\/\/test.magnetarmagnets.com\/pl\/wp-json\/wp\/v2\/product\/83706","targetHints":{"allow":["GET"]}}],"collection":[{"href":"https:\/\/test.magnetarmagnets.com\/pl\/wp-json\/wp\/v2\/product"}],"about":[{"href":"https:\/\/test.magnetarmagnets.com\/pl\/wp-json\/wp\/v2\/types\/product"}],"replies":[{"embeddable":true,"href":"https:\/\/test.magnetarmagnets.com\/pl\/wp-json\/wp\/v2\/comments?post=83706"}],"wp:featuredmedia":[{"embeddable":true,"href":"https:\/\/test.magnetarmagnets.com\/pl\/wp-json\/wp\/v2\/media\/88305"}],"wp:attachment":[{"href":"https:\/\/test.magnetarmagnets.com\/pl\/wp-json\/wp\/v2\/media?parent=83706"}],"wp:term":[{"taxonomy":"product_brand","embeddable":true,"href":"https:\/\/test.magnetarmagnets.com\/pl\/wp-json\/wp\/v2\/product_brand?post=83706"},{"taxonomy":"product_cat","embeddable":true,"href":"https:\/\/test.magnetarmagnets.com\/pl\/wp-json\/wp\/v2\/product_cat?post=83706"},{"taxonomy":"product_tag","embeddable":true,"href":"https:\/\/test.magnetarmagnets.com\/pl\/wp-json\/wp\/v2\/product_tag?post=83706"}],"curies":[{"name":"wp","href":"https:\/\/api.w.org\/{rel}","templated":true}]}}