{"id":83687,"date":"2025-06-05T09:54:13","date_gmt":"2025-06-05T07:54:13","guid":{"rendered":"https:\/\/magnetarmagnets.com\/?post_type=product&#038;p=83687"},"modified":"2025-08-11T10:00:16","modified_gmt":"2025-08-11T08:00:16","slug":"zestaw-magnesow-dwustronnych-880-kg-bulldog","status":"publish","type":"product","link":"https:\/\/test.magnetarmagnets.com\/pl\/shop\/zestaw-magnesow-dwustronnych-880-kg-bulldog\/","title":{"rendered":"Zestaw magnes\u00f3w dwustronnych \u2013 880 kg \u2013 Bulldog"},"content":{"rendered":"<p>Z magnetem Bulldog 800 z pewno\u015bci\u0105 zaczniesz odkrywa\u0107 najciekawsze podwodne skarby. Ten kompleksowy zestaw zawiera wszystko, czego potrzebujesz, by unikn\u0105\u0107 niechcianych niespodzianek przy brzegu. W sk\u0142ad zestawu wchodzi nasz dwustronny magnes do \u0142owienia Bulldog 800, <a href=\"https:\/\/test.magnetarmagnets.com\/shop\/magnet-fishing-glove\/?v=796834e7a283\">r\u0119kawice<\/a>, <a href=\"https:\/\/test.magnetarmagnets.com\/shop\/magnet-fishing-rope\/?v=796834e7a283\">linka do \u0142owienia magnesem<\/a> oraz metalowy klej. Szukasz magnesu 360\u00b0 o pe\u0142nym zakresie dzia\u0142ania? Sprawd\u017a nasz\u00a0<a href=\"https:\/\/test.magnetarmagnets.com\/shop\/fishmagnet-package-pro\/\"><strong>Pro Package<\/strong><\/a>.<\/p>\n<h2>Dwustronny magnes do \u0142owienia Bulldog 800<\/h2>\n<p>Wszystkie nasze magnesy Bulldog maj\u0105 dwie magnetyczne strony. Magnes Bulldog 800 ma \u0142\u0105czn\u0105 si\u0142\u0119 przyci\u0105gania 1940 lb \/ 880 kg, co daje efektywnie 970 lb \/ 440 kg na ka\u017cd\u0105 stron\u0119. Ci\u0119\u017ckie przedmioty, takie jak sejfy, cz\u0119\u015bci samochodowe czy znaki drogowe, nie stanowi\u0105 dla tej pot\u0119gi problemu. W por\u00f3wnaniu do magnes\u00f3w jednostronnych, dwie magnetyczne strony znacznie zwi\u0119kszaj\u0105 szanse na znalezienie warto\u015bciowych skarb\u00f3w.<\/p>\n<p>Magnesy dwustronne mo\u017cna wykorzystywa\u0107 na r\u00f3\u017cne sposoby. Chcesz przeci\u0105gn\u0105\u0107 magnes p\u0142asko przez wod\u0119? Zamontuj \u015brub\u0119 oczkow\u0105 na boku magnesu. Zwykle ta technika daje wi\u0119ksz\u0105 szans\u0119 na przyczepienie si\u0119 do skarbu. Dwie magnetyczne strony sprawiaj\u0105, \u017ce zawsze jest si\u0142a magnetyczna skierowana ku potencjalnym skarbom le\u017c\u0105cym na dnie. Wad\u0105 jest to, \u017ce poziomy ruch magnesu wywiera mniejsz\u0105 si\u0142\u0119 zci\u0105gaj\u0105c\u0105 na znalezione przedmioty. \u0141owienie pionowe z kolei zapewnia zawsze bardziej optymaln\u0105 si\u0142\u0119 magnetyczn\u0105.<\/p>\n<p>Gdy znajdziesz co\u015b warto\u015bciowego i chcesz u\u017cy\u0107 wi\u0119kszej si\u0142y, \u015brub\u0119 oczkow\u0105 mo\u017cna zamocowa\u0107 pionowo. Umo\u017cliwia to silniejsz\u0105 si\u0142\u0119 pionowego ci\u0105gu, pozwalaj\u0105c\u0105 wyci\u0105gn\u0105\u0107 ci\u0119\u017csze przedmioty. Uniwersalne zastosowanie magnes\u00f3w dwustronnych, zamocowanych do linki, czyni je najbardziej wszechstronnymi magnesami, jakie posiadamy.<\/p>\n<p>Jeste\u015b pocz\u0105tkuj\u0105cym i cenisz wszechstronno\u015b\u0107 tego magnesu, ale wolisz nieco mniejsz\u0105 moc? Sprawd\u017a\u00a0<a href=\"https:\/\/test.magnetarmagnets.com\/shop\/bulldog-500-kit\/\"><strong>Bulldog 500<\/strong><\/a>, dwustronny magnes do \u0142owienia o \u0142\u0105cznej sile ci\u0105gu 1100 lb \/ 500 kg. S\u0142ysza\u0142e\u015b o naszych magnesach 360 stopni?\u00a0<a href=\"https:\/\/test.magnetarmagnets.com\/shop\/exclusive-terror-magnet\/\"><strong>Terror<\/strong><\/a>\u00a0to \u015bwietna, por\u00f3wnywalna opcja.<\/p>\n<h2>Wysoka jako\u015b\u0107<\/h2>\n<p>Wszystkie magnesy do \u0142owienia Magnetar s\u0105 wykonane z neodymu. Ten materia\u0142 gwarantuje d\u0142ugotrwa\u0142\u0105 si\u0142\u0119 magnetyczn\u0105. Przy w\u0142a\u015bciwym u\u017cytkowaniu i przechowywaniu magnesy trac\u0105 tylko jeden procent swojej si\u0142y w ci\u0105gu 100 lat. Dlatego jeste\u015bmy pewni, \u017ce oferujemy najwy\u017cszej jako\u015bci <a href=\"https:\/\/test.magnetarmagnets.com\/collections\/fishing-magnets\/\"><strong>magnesy do \u0142owienia<\/strong><\/a> na rynku.<\/p>\n<p>W ostatnich latach rynek zalewany jest produktami niskiej jako\u015bci. Wiele magnes\u00f3w do \u0142owienia innych sprzedawc\u00f3w traci swoj\u0105 si\u0142\u0119 ju\u017c w ci\u0105gu kilku tygodni. Zwykle s\u0105 to wi\u0119ksze rozmiary magnes\u00f3w wykonane z niskiej jako\u015bci neodymu, kt\u00f3re s\u0105 reklamowane w spos\u00f3b wprowadzaj\u0105cy w b\u0142\u0105d. Takie produkty mog\u0105 wydawa\u0107 si\u0119 tanie, ale na d\u0142u\u017csz\u0105 met\u0119 rozczarowuj\u0105.<\/p>\n<p>Magnetar to ma\u0142a firma rodzinna, kt\u00f3rej pasj\u0105 jest \u0142owienie magnesem. Jako\u015b\u0107 jest dla nas najwa\u017cniejsza i wida\u0107 to w naszych produktach. Wszystkie magnesy do \u0142owienia projektujemy w\u0142asnor\u0119cznie, by zapewni\u0107 najwy\u017csz\u0105 jako\u015b\u0107 produkt\u00f3w. Szukasz niezawodnego, skutecznego i jako\u015bciowego magnesu? Wybierz Magnetar! Jeste\u015bmy zobowi\u0105zani dostarcza\u0107 Ci <a href=\"https:\/\/test.magnetarmagnets.com\/\" target=\"_blank\" rel=\"noopener\">najlepsze magnesy do \u0142owienia<\/a>.<\/p>\n<h2>Ostrze\u017cenie:<\/h2>\n<p>Nasze neodymowe magnesy do \u0142owienia s\u0105 bardzo pot\u0119\u017cne. Mog\u0105 spowodowa\u0107, \u017ce inne przedmioty zostan\u0105 przyci\u0105gni\u0119te do magnesu z du\u017c\u0105 pr\u0119dko\u015bci\u0105. To oczywi\u015bcie prowadzi do potencjalnie niebezpiecznych sytuacji, np. palce mog\u0105 si\u0119 zaklinowa\u0107 mi\u0119dzy magnesem a przedmiotem. Zalecamy zawsze ostro\u017cne obchodzenie si\u0119 z tymi magnesami i podkre\u015blamy, \u017ce robisz to na w\u0142asne ryzyko. Przed u\u017cyciem przeczytaj nasze zasady bezpiecze\u0144stwa.<\/p>\n","protected":false},"excerpt":{"rendered":"<p>Z magnetem Bulldog 800 z pewno\u015bci\u0105 zaczniesz odkrywa\u0107 najciekawsze podwodne skarby. Ten kompleksowy zestaw zawiera wszystko, czego potrzebujesz, by unikn\u0105\u0107 niechcianych niespodzianek przy brzegu. W sk\u0142ad zestawu wchodzi nasz dwustronny magnes do \u0142owienia Bulldog 800, r\u0119kawice, linka do \u0142owienia magnesem oraz metalowy klej. Szukasz magnesu 360\u00b0 o pe\u0142nym zakresie dzia\u0142ania? Sprawd\u017a nasz\u00a0Pro Package. Dwustronny magnes [&hellip;]<\/p>\n","protected":false},"featured_media":78875,"comment_status":"open","ping_status":"closed","template":"","meta":{"_acf_changed":false,"inline_featured_image":false},"product_brand":[],"product_cat":[581,585,583,595,1006,594,587],"product_tag":[],"class_list":{"0":"post-83687","1":"product","2":"type-product","3":"status-publish","4":"has-post-thumbnail","6":"product_cat-magnesy-do-lowienia","7":"product_cat-magnesy-do-lowienia-dwustronne","8":"product_cat-najmocniejsze-magnesy-do-lowienia","9":"product_cat-profesjonalisci","10":"product_cat-wszystkie-produkty","11":"product_cat-zaawansowani-poszukiwacze-przygod","12":"product_cat-zestaw-do-lowienia-magnesem","14":"first","15":"instock","16":"sale","17":"taxable","18":"shipping-taxable","19":"purchasable","20":"product-type-simple"},"acf":[],"yoast_head":"<!-- This site is optimized with the Yoast SEO plugin v27.6 - https:\/\/yoast.com\/product\/yoast-seo-wordpress\/ -->\n<title>Zestaw magnes\u00f3w dwustronnych \u2013 880 kg \u2013 Bulldog - Magnet fishing with a Magnetar fishing magnet<\/title>\n<meta name=\"description\" content=\"Zestaw magnes\u00f3w dwustronnych \u2013 880 kg \u2013 Bulldog \u2013 Magnetar\" \/>\n<meta name=\"robots\" content=\"index, follow, max-snippet:-1, max-image-preview:large, max-video-preview:-1\" \/>\n<link rel=\"canonical\" href=\"https:\/\/test.magnetarmagnets.com\/pl\/shop\/zestaw-magnesow-dwustronnych-880-kg-bulldog\/\" \/>\n<meta property=\"og:locale\" content=\"pl_PL\" \/>\n<meta property=\"og:type\" content=\"article\" \/>\n<meta property=\"og:title\" content=\"Zestaw magnes\u00f3w dwustronnych \u2013 880 kg \u2013 Bulldog - Magnet fishing with a Magnetar fishing magnet\" \/>\n<meta property=\"og:description\" content=\"Zestaw magnes\u00f3w dwustronnych \u2013 880 kg \u2013 Bulldog \u2013 Magnetar\" \/>\n<meta property=\"og:url\" content=\"https:\/\/test.magnetarmagnets.com\/pl\/shop\/zestaw-magnesow-dwustronnych-880-kg-bulldog\/\" \/>\n<meta property=\"og:site_name\" content=\"Magnet fishing with a Magnetar fishing magnet\" \/>\n<meta property=\"article:publisher\" content=\"https:\/\/www.facebook.com\/fishingmagnets\/\" \/>\n<meta property=\"article:modified_time\" content=\"2025-08-11T08:00:16+00:00\" \/>\n<meta property=\"og:image\" content=\"https:\/\/test.magnetarmagnets.com\/wp-content\/uploads\/2021\/10\/MAGNETAR-BULLDOG-800-KIT-GOOGLE.jpg\" \/>\n\t<meta property=\"og:image:width\" content=\"1500\" \/>\n\t<meta property=\"og:image:height\" content=\"1500\" \/>\n\t<meta property=\"og:image:type\" content=\"image\/jpeg\" \/>\n<meta name=\"twitter:card\" content=\"summary_large_image\" \/>\n<meta name=\"twitter:label1\" content=\"Szacowany czas czytania\" \/>\n\t<meta name=\"twitter:data1\" content=\"3 minuty\" \/>\n<script type=\"application\/ld+json\" class=\"yoast-schema-graph\">{\"@context\":\"https:\\\/\\\/schema.org\",\"@graph\":[{\"@type\":[\"WebPage\",\"ItemPage\"],\"@id\":\"https:\\\/\\\/test.magnetarmagnets.com\\\/pl\\\/shop\\\/zestaw-magnesow-dwustronnych-880-kg-bulldog\\\/\",\"url\":\"https:\\\/\\\/test.magnetarmagnets.com\\\/pl\\\/shop\\\/zestaw-magnesow-dwustronnych-880-kg-bulldog\\\/\",\"name\":\"Zestaw magnes\u00f3w dwustronnych \u2013 880 kg \u2013 Bulldog - Magnet fishing with a Magnetar fishing magnet\",\"isPartOf\":{\"@id\":\"https:\\\/\\\/test.magnetarmagnets.com\\\/pl\\\/#website\"},\"primaryImageOfPage\":{\"@id\":\"https:\\\/\\\/test.magnetarmagnets.com\\\/pl\\\/shop\\\/zestaw-magnesow-dwustronnych-880-kg-bulldog\\\/#primaryimage\"},\"image\":{\"@id\":\"https:\\\/\\\/test.magnetarmagnets.com\\\/pl\\\/shop\\\/zestaw-magnesow-dwustronnych-880-kg-bulldog\\\/#primaryimage\"},\"thumbnailUrl\":\"https:\\\/\\\/test.magnetarmagnets.com\\\/wp-content\\\/uploads\\\/2021\\\/10\\\/MAGNETAR-BULLDOG-800-KIT-GOOGLE.jpg\",\"datePublished\":\"2025-06-05T07:54:13+00:00\",\"dateModified\":\"2025-08-11T08:00:16+00:00\",\"description\":\"Zestaw magnes\u00f3w dwustronnych \u2013 880 kg \u2013 Bulldog \u2013 Magnetar\",\"breadcrumb\":{\"@id\":\"https:\\\/\\\/test.magnetarmagnets.com\\\/pl\\\/shop\\\/zestaw-magnesow-dwustronnych-880-kg-bulldog\\\/#breadcrumb\"},\"inLanguage\":\"pl-PL\",\"potentialAction\":[{\"@type\":\"ReadAction\",\"target\":[\"https:\\\/\\\/test.magnetarmagnets.com\\\/pl\\\/shop\\\/zestaw-magnesow-dwustronnych-880-kg-bulldog\\\/\"]}]},{\"@type\":\"ImageObject\",\"inLanguage\":\"pl-PL\",\"@id\":\"https:\\\/\\\/test.magnetarmagnets.com\\\/pl\\\/shop\\\/zestaw-magnesow-dwustronnych-880-kg-bulldog\\\/#primaryimage\",\"url\":\"https:\\\/\\\/test.magnetarmagnets.com\\\/wp-content\\\/uploads\\\/2021\\\/10\\\/MAGNETAR-BULLDOG-800-KIT-GOOGLE.jpg\",\"contentUrl\":\"https:\\\/\\\/test.magnetarmagnets.com\\\/wp-content\\\/uploads\\\/2021\\\/10\\\/MAGNETAR-BULLDOG-800-KIT-GOOGLE.jpg\",\"width\":1500,\"height\":1500,\"caption\":\"MAGNETAR-BULLDOG-800-KIT\"},{\"@type\":\"BreadcrumbList\",\"@id\":\"https:\\\/\\\/test.magnetarmagnets.com\\\/pl\\\/shop\\\/zestaw-magnesow-dwustronnych-880-kg-bulldog\\\/#breadcrumb\",\"itemListElement\":[{\"@type\":\"ListItem\",\"position\":1,\"name\":\"Home\",\"item\":\"https:\\\/\\\/test.magnetarmagnets.com\\\/pl\\\/\"},{\"@type\":\"ListItem\",\"position\":2,\"name\":\"Sklep\",\"item\":\"https:\\\/\\\/test.magnetarmagnets.com\\\/shop\\\/\"},{\"@type\":\"ListItem\",\"position\":3,\"name\":\"Magnesy do \u0142owienia\",\"item\":\"https:\\\/\\\/test.magnetarmagnets.com\\\/pl\\\/collections\\\/magnesy-do-lowienia\\\/\"},{\"@type\":\"ListItem\",\"position\":4,\"name\":\"Zestaw do \u0142owienia magnesem\",\"item\":\"https:\\\/\\\/test.magnetarmagnets.com\\\/pl\\\/collections\\\/magnesy-do-lowienia\\\/zestaw-do-lowienia-magnesem\\\/\"},{\"@type\":\"ListItem\",\"position\":5,\"name\":\"Zestaw magnes\u00f3w dwustronnych \u2013 880 kg \u2013 Bulldog\"}]},{\"@type\":\"WebSite\",\"@id\":\"https:\\\/\\\/test.magnetarmagnets.com\\\/pl\\\/#website\",\"url\":\"https:\\\/\\\/test.magnetarmagnets.com\\\/pl\\\/\",\"name\":\"Magnet fishing with a Magnetar fishing magnet\",\"description\":\"Powerful magnets for magnet fishing\",\"publisher\":{\"@id\":\"https:\\\/\\\/test.magnetarmagnets.com\\\/pl\\\/#organization\"},\"potentialAction\":[{\"@type\":\"SearchAction\",\"target\":{\"@type\":\"EntryPoint\",\"urlTemplate\":\"https:\\\/\\\/test.magnetarmagnets.com\\\/pl\\\/?s={search_term_string}\"},\"query-input\":{\"@type\":\"PropertyValueSpecification\",\"valueRequired\":true,\"valueName\":\"search_term_string\"}}],\"inLanguage\":\"pl-PL\"},{\"@type\":\"Organization\",\"@id\":\"https:\\\/\\\/test.magnetarmagnets.com\\\/pl\\\/#organization\",\"name\":\"Magnetar\",\"url\":\"https:\\\/\\\/test.magnetarmagnets.com\\\/pl\\\/\",\"logo\":{\"@type\":\"ImageObject\",\"inLanguage\":\"pl-PL\",\"@id\":\"https:\\\/\\\/test.magnetarmagnets.com\\\/pl\\\/#\\\/schema\\\/logo\\\/image\\\/\",\"url\":\"https:\\\/\\\/magnetarmagnets.com\\\/wp-content\\\/uploads\\\/2021\\\/01\\\/magnetarvismagneet_logo.png\",\"contentUrl\":\"https:\\\/\\\/magnetarmagnets.com\\\/wp-content\\\/uploads\\\/2021\\\/01\\\/magnetarvismagneet_logo.png\",\"width\":209,\"height\":100,\"caption\":\"Magnetar\"},\"image\":{\"@id\":\"https:\\\/\\\/test.magnetarmagnets.com\\\/pl\\\/#\\\/schema\\\/logo\\\/image\\\/\"},\"sameAs\":[\"https:\\\/\\\/www.facebook.com\\\/fishingmagnets\\\/\",\"https:\\\/\\\/www.instagram.com\\\/magnetar_magnets\\\/\",\"https:\\\/\\\/www.linkedin.com\\\/company\\\/magnetarbv\\\/?originalSubdomain=nl\",\"https:\\\/\\\/www.youtube.com\\\/c\\\/MagnetarVismagneet\"]}]}<\/script>\n<!-- \/ Yoast SEO plugin. -->","yoast_head_json":{"title":"Zestaw magnes\u00f3w dwustronnych \u2013 880 kg \u2013 Bulldog - Magnet fishing with a Magnetar fishing magnet","description":"Zestaw magnes\u00f3w dwustronnych \u2013 880 kg \u2013 Bulldog \u2013 Magnetar","robots":{"index":"index","follow":"follow","max-snippet":"max-snippet:-1","max-image-preview":"max-image-preview:large","max-video-preview":"max-video-preview:-1"},"canonical":"https:\/\/test.magnetarmagnets.com\/pl\/shop\/zestaw-magnesow-dwustronnych-880-kg-bulldog\/","og_locale":"pl_PL","og_type":"article","og_title":"Zestaw magnes\u00f3w dwustronnych \u2013 880 kg \u2013 Bulldog - Magnet fishing with a Magnetar fishing magnet","og_description":"Zestaw magnes\u00f3w dwustronnych \u2013 880 kg \u2013 Bulldog \u2013 Magnetar","og_url":"https:\/\/test.magnetarmagnets.com\/pl\/shop\/zestaw-magnesow-dwustronnych-880-kg-bulldog\/","og_site_name":"Magnet fishing with a Magnetar fishing magnet","article_publisher":"https:\/\/www.facebook.com\/fishingmagnets\/","article_modified_time":"2025-08-11T08:00:16+00:00","og_image":[{"width":1500,"height":1500,"url":"https:\/\/test.magnetarmagnets.com\/wp-content\/uploads\/2021\/10\/MAGNETAR-BULLDOG-800-KIT-GOOGLE.jpg","type":"image\/jpeg"}],"twitter_card":"summary_large_image","twitter_misc":{"Szacowany czas czytania":"3 minuty"},"schema":{"@context":"https:\/\/schema.org","@graph":[{"@type":["WebPage","ItemPage"],"@id":"https:\/\/test.magnetarmagnets.com\/pl\/shop\/zestaw-magnesow-dwustronnych-880-kg-bulldog\/","url":"https:\/\/test.magnetarmagnets.com\/pl\/shop\/zestaw-magnesow-dwustronnych-880-kg-bulldog\/","name":"Zestaw magnes\u00f3w dwustronnych \u2013 880 kg \u2013 Bulldog - Magnet fishing with a Magnetar fishing magnet","isPartOf":{"@id":"https:\/\/test.magnetarmagnets.com\/pl\/#website"},"primaryImageOfPage":{"@id":"https:\/\/test.magnetarmagnets.com\/pl\/shop\/zestaw-magnesow-dwustronnych-880-kg-bulldog\/#primaryimage"},"image":{"@id":"https:\/\/test.magnetarmagnets.com\/pl\/shop\/zestaw-magnesow-dwustronnych-880-kg-bulldog\/#primaryimage"},"thumbnailUrl":"https:\/\/test.magnetarmagnets.com\/wp-content\/uploads\/2021\/10\/MAGNETAR-BULLDOG-800-KIT-GOOGLE.jpg","datePublished":"2025-06-05T07:54:13+00:00","dateModified":"2025-08-11T08:00:16+00:00","description":"Zestaw magnes\u00f3w dwustronnych \u2013 880 kg \u2013 Bulldog \u2013 Magnetar","breadcrumb":{"@id":"https:\/\/test.magnetarmagnets.com\/pl\/shop\/zestaw-magnesow-dwustronnych-880-kg-bulldog\/#breadcrumb"},"inLanguage":"pl-PL","potentialAction":[{"@type":"ReadAction","target":["https:\/\/test.magnetarmagnets.com\/pl\/shop\/zestaw-magnesow-dwustronnych-880-kg-bulldog\/"]}]},{"@type":"ImageObject","inLanguage":"pl-PL","@id":"https:\/\/test.magnetarmagnets.com\/pl\/shop\/zestaw-magnesow-dwustronnych-880-kg-bulldog\/#primaryimage","url":"https:\/\/test.magnetarmagnets.com\/wp-content\/uploads\/2021\/10\/MAGNETAR-BULLDOG-800-KIT-GOOGLE.jpg","contentUrl":"https:\/\/test.magnetarmagnets.com\/wp-content\/uploads\/2021\/10\/MAGNETAR-BULLDOG-800-KIT-GOOGLE.jpg","width":1500,"height":1500,"caption":"MAGNETAR-BULLDOG-800-KIT"},{"@type":"BreadcrumbList","@id":"https:\/\/test.magnetarmagnets.com\/pl\/shop\/zestaw-magnesow-dwustronnych-880-kg-bulldog\/#breadcrumb","itemListElement":[{"@type":"ListItem","position":1,"name":"Home","item":"https:\/\/test.magnetarmagnets.com\/pl\/"},{"@type":"ListItem","position":2,"name":"Sklep","item":"https:\/\/test.magnetarmagnets.com\/shop\/"},{"@type":"ListItem","position":3,"name":"Magnesy do \u0142owienia","item":"https:\/\/test.magnetarmagnets.com\/pl\/collections\/magnesy-do-lowienia\/"},{"@type":"ListItem","position":4,"name":"Zestaw do \u0142owienia magnesem","item":"https:\/\/test.magnetarmagnets.com\/pl\/collections\/magnesy-do-lowienia\/zestaw-do-lowienia-magnesem\/"},{"@type":"ListItem","position":5,"name":"Zestaw magnes\u00f3w dwustronnych \u2013 880 kg \u2013 Bulldog"}]},{"@type":"WebSite","@id":"https:\/\/test.magnetarmagnets.com\/pl\/#website","url":"https:\/\/test.magnetarmagnets.com\/pl\/","name":"Magnet fishing with a Magnetar fishing magnet","description":"Powerful magnets for magnet fishing","publisher":{"@id":"https:\/\/test.magnetarmagnets.com\/pl\/#organization"},"potentialAction":[{"@type":"SearchAction","target":{"@type":"EntryPoint","urlTemplate":"https:\/\/test.magnetarmagnets.com\/pl\/?s={search_term_string}"},"query-input":{"@type":"PropertyValueSpecification","valueRequired":true,"valueName":"search_term_string"}}],"inLanguage":"pl-PL"},{"@type":"Organization","@id":"https:\/\/test.magnetarmagnets.com\/pl\/#organization","name":"Magnetar","url":"https:\/\/test.magnetarmagnets.com\/pl\/","logo":{"@type":"ImageObject","inLanguage":"pl-PL","@id":"https:\/\/test.magnetarmagnets.com\/pl\/#\/schema\/logo\/image\/","url":"https:\/\/magnetarmagnets.com\/wp-content\/uploads\/2021\/01\/magnetarvismagneet_logo.png","contentUrl":"https:\/\/magnetarmagnets.com\/wp-content\/uploads\/2021\/01\/magnetarvismagneet_logo.png","width":209,"height":100,"caption":"Magnetar"},"image":{"@id":"https:\/\/test.magnetarmagnets.com\/pl\/#\/schema\/logo\/image\/"},"sameAs":["https:\/\/www.facebook.com\/fishingmagnets\/","https:\/\/www.instagram.com\/magnetar_magnets\/","https:\/\/www.linkedin.com\/company\/magnetarbv\/?originalSubdomain=nl","https:\/\/www.youtube.com\/c\/MagnetarVismagneet"]}]}},"_links":{"self":[{"href":"https:\/\/test.magnetarmagnets.com\/pl\/wp-json\/wp\/v2\/product\/83687","targetHints":{"allow":["GET"]}}],"collection":[{"href":"https:\/\/test.magnetarmagnets.com\/pl\/wp-json\/wp\/v2\/product"}],"about":[{"href":"https:\/\/test.magnetarmagnets.com\/pl\/wp-json\/wp\/v2\/types\/product"}],"replies":[{"embeddable":true,"href":"https:\/\/test.magnetarmagnets.com\/pl\/wp-json\/wp\/v2\/comments?post=83687"}],"wp:featuredmedia":[{"embeddable":true,"href":"https:\/\/test.magnetarmagnets.com\/pl\/wp-json\/wp\/v2\/media\/78875"}],"wp:attachment":[{"href":"https:\/\/test.magnetarmagnets.com\/pl\/wp-json\/wp\/v2\/media?parent=83687"}],"wp:term":[{"taxonomy":"product_brand","embeddable":true,"href":"https:\/\/test.magnetarmagnets.com\/pl\/wp-json\/wp\/v2\/product_brand?post=83687"},{"taxonomy":"product_cat","embeddable":true,"href":"https:\/\/test.magnetarmagnets.com\/pl\/wp-json\/wp\/v2\/product_cat?post=83687"},{"taxonomy":"product_tag","embeddable":true,"href":"https:\/\/test.magnetarmagnets.com\/pl\/wp-json\/wp\/v2\/product_tag?post=83687"}],"curies":[{"name":"wp","href":"https:\/\/api.w.org\/{rel}","templated":true}]}}