{"id":83686,"date":"2025-06-05T09:54:14","date_gmt":"2025-06-05T07:54:14","guid":{"rendered":"https:\/\/magnetarmagnets.com\/?post_type=product&#038;p=83686"},"modified":"2025-08-11T10:01:00","modified_gmt":"2025-08-11T08:01:00","slug":"bulldog-800-magnes-dwustronny-800-kg","status":"publish","type":"product","link":"https:\/\/test.magnetarmagnets.com\/pl\/shop\/bulldog-800-magnes-dwustronny-800-kg\/","title":{"rendered":"Bulldog 800 &#8211; magnes dwustronny &#8211; 800 kg"},"content":{"rendered":"<p><span style=\"font-weight: 400;\">Magnetar <\/span>Bulldog 800<span style=\"font-weight: 400;\"> to starszy brat magnetaru <\/span>Bulldog 500<span style=\"font-weight: 400;\"> \u2013 dwustronnego magnesu do \u0142owienia magnesem. Bulldog 800 ma wi\u0119ksz\u0105 \u015brednic\u0119 i niemal dwukrotnie wi\u0119ksz\u0105 si\u0142\u0119 przyci\u0105gania ni\u017c Bulldog 500. Bulldog 800 to prawdziwa pot\u0119ga. Ten magnes ma \u0142\u0105czn\u0105 si\u0142\u0119 przyci\u0105gania wynosz\u0105c\u0105 a\u017c 880 kg. Si\u0142a magnetyczna rozdzielona jest na dwa magnesy, ka\u017cdy o sile 440 kg: zawsze \u0142owisz wi\u0119c z si\u0142\u0105 magnetyczn\u0105 440 kg po ka\u017cdej stronie. Zwi\u0119ksza to szans\u0119 na znalezienie przedmiot\u00f3w, dzi\u0119ki powi\u0119kszonemu polu magnetycznemu. Bulldog ma dwustronn\u0105 si\u0142\u0119 magnetyczn\u0105 z pier\u015bcieniow\u0105 obudow\u0105 chroni\u0105c\u0105 magnes. Szukasz uniwersalnego magnesu? Sprawd\u017a nasz <a href=\"https:\/\/test.magnetarmagnets.com\/shop\/beast-magnet\/\">magnes Beast<\/a>.<\/span><\/p>\n<h2><strong>Bulldog 800<\/strong><\/h2>\n<p><span style=\"font-weight: 400;\">Nasz magnes Bulldog przyci\u0105ga wszystkie przedmioty znajduj\u0105ce si\u0119 w wodzie dzi\u0119ki \u0142\u0105cznej sile magnetycznej 880 kg. Ta si\u0142a jest podzielona na dwa magnesy po 440 kg ka\u017cdy. Obiecana si\u0142a przyci\u0105gania 440 kg zostanie osi\u0105gni\u0119ta tylko w idealnych warunkach: p\u0142aski metal o grubo\u015bci 2 cm, bez rdzy i \u017cadnych zanieczyszcze\u0144 mi\u0119dzy magnesem a metalem. W takich warunkach mo\u017cesz podnie\u015b\u0107 440 kg prosto do g\u00f3ry. <\/span><\/p>\n<p><span style=\"font-weight: 400;\">R\u00f3\u017cnica mi\u0119dzy <a href=\"https:\/\/test.magnetarmagnets.com\/double-sided-fishing-magnet\/\" target=\"_blank\" rel=\"noopener\">dwustronnym magnesem do \u0142owienia magnesem<\/a> a <a href=\"https:\/\/test.magnetarmagnets.com\/collections\/fishing-magnets\/single-sided-classic\/\" target=\"_blank\" rel=\"noopener\">jednostronnymi magnesami do \u0142owienia magnesem<\/a> polega na tym, \u017ce mo\u017cesz \u0142owi\u0107 na dwa sposoby zamiast jednego. Mo\u017cesz przymocowa\u0107 do\u0142\u0105czone oczka w dowolny spos\u00f3b. Je\u015bli chcesz ci\u0105gn\u0105\u0107 magnes p\u0142asko przez wod\u0119 (co zwi\u0119ksza szanse na znalezienie przedmiot\u00f3w), mo\u017cesz przymocowa\u0107 oczko z boku magnesu. Dzi\u0119ki dw\u00f3m magnesom na magnesie dwustronnym zawsze b\u0119dzie on skierowany w stron\u0119 potencjalnych skarb\u00f3w.<\/span><\/p>\n<p><span style=\"font-weight: 400;\">Negatywnym efektem \u0142owienia magnesem na p\u0142asko jest mniejsza si\u0142a przyci\u0105gania obiektu. Najlepsza si\u0142a przyci\u0105gania jest podczas \u0142owienia pionowego. Je\u015bli chcesz mie\u0107 dodatkow\u0105 si\u0142\u0119 magnetyczn\u0105, powiniene\u015b przymocowa\u0107 oczko pionowo do powierzchni magnesu. Dzi\u0119ki temu b\u0119dziesz m\u00f3g\u0142 wyci\u0105ga\u0107 ci\u0119\u017csze przedmioty, tak jak przy u\u017cyciu naszych klasycznych magnes\u00f3w. R\u00f3\u017cne sposoby u\u017cycia tego magnesu czyni\u0105 go wielofunkcyjnym.<\/span><\/p>\n","protected":false},"excerpt":{"rendered":"<p><span style=\"font-weight: 400;\"><strong>Ekstremalnie silny<\/strong> i <strong>dwukrotnie mocniejszy<\/strong> z si\u0142\u0105 przyci\u0105gania 440 kg.<\/span><\/p>\n","protected":false},"featured_media":80531,"comment_status":"open","ping_status":"closed","template":"","meta":{"_acf_changed":false,"inline_featured_image":false},"product_brand":[],"product_cat":[581,585,583,595,594],"product_tag":[],"class_list":{"0":"post-83686","1":"product","2":"type-product","3":"status-publish","4":"has-post-thumbnail","6":"product_cat-magnesy-do-lowienia","7":"product_cat-magnesy-do-lowienia-dwustronne","8":"product_cat-najmocniejsze-magnesy-do-lowienia","9":"product_cat-profesjonalisci","10":"product_cat-zaawansowani-poszukiwacze-przygod","12":"first","13":"instock","14":"taxable","15":"shipping-taxable","16":"purchasable","17":"product-type-simple"},"acf":[],"yoast_head":"<!-- This site is optimized with the Yoast SEO plugin v27.6 - https:\/\/yoast.com\/product\/yoast-seo-wordpress\/ -->\n<title>Magnetar Bulldog 800 KG: Silne magnesy podw\u00f3jne od Magnetar!<\/title>\n<meta name=\"description\" content=\"Magnetar Bulldog 800 Kg - magnesy podw\u00f3jne\" \/>\n<meta name=\"robots\" content=\"index, follow, max-snippet:-1, max-image-preview:large, max-video-preview:-1\" \/>\n<link rel=\"canonical\" href=\"https:\/\/test.magnetarmagnets.com\/pl\/shop\/bulldog-800-magnes-dwustronny-800-kg\/\" \/>\n<meta property=\"og:locale\" content=\"pl_PL\" \/>\n<meta property=\"og:type\" content=\"article\" \/>\n<meta property=\"og:title\" content=\"Magnetar Bulldog 800 KG: Silne magnesy podw\u00f3jne od Magnetar!\" \/>\n<meta property=\"og:description\" content=\"Magnetar Bulldog 800 Kg - magnesy podw\u00f3jne\" \/>\n<meta property=\"og:url\" content=\"https:\/\/test.magnetarmagnets.com\/pl\/shop\/bulldog-800-magnes-dwustronny-800-kg\/\" \/>\n<meta property=\"og:site_name\" content=\"Magnet fishing with a Magnetar fishing magnet\" \/>\n<meta property=\"article:publisher\" content=\"https:\/\/www.facebook.com\/fishingmagnets\/\" \/>\n<meta property=\"article:modified_time\" content=\"2025-08-11T08:01:00+00:00\" \/>\n<meta property=\"og:image\" content=\"https:\/\/test.magnetarmagnets.com\/wp-content\/uploads\/2020\/05\/FOTO1496.jpg\" \/>\n\t<meta property=\"og:image:width\" content=\"1000\" \/>\n\t<meta property=\"og:image:height\" content=\"1000\" \/>\n\t<meta property=\"og:image:type\" content=\"image\/jpeg\" \/>\n<meta name=\"twitter:card\" content=\"summary_large_image\" \/>\n<meta name=\"twitter:label1\" content=\"Szacowany czas czytania\" \/>\n\t<meta name=\"twitter:data1\" content=\"4 minuty\" \/>\n<script type=\"application\/ld+json\" class=\"yoast-schema-graph\">{\"@context\":\"https:\\\/\\\/schema.org\",\"@graph\":[{\"@type\":[\"WebPage\",\"ItemPage\"],\"@id\":\"https:\\\/\\\/test.magnetarmagnets.com\\\/pl\\\/shop\\\/bulldog-800-magnes-dwustronny-800-kg\\\/\",\"url\":\"https:\\\/\\\/test.magnetarmagnets.com\\\/pl\\\/shop\\\/bulldog-800-magnes-dwustronny-800-kg\\\/\",\"name\":\"Magnetar Bulldog 800 KG: Silne magnesy podw\u00f3jne od Magnetar!\",\"isPartOf\":{\"@id\":\"https:\\\/\\\/test.magnetarmagnets.com\\\/pl\\\/#website\"},\"primaryImageOfPage\":{\"@id\":\"https:\\\/\\\/test.magnetarmagnets.com\\\/pl\\\/shop\\\/bulldog-800-magnes-dwustronny-800-kg\\\/#primaryimage\"},\"image\":{\"@id\":\"https:\\\/\\\/test.magnetarmagnets.com\\\/pl\\\/shop\\\/bulldog-800-magnes-dwustronny-800-kg\\\/#primaryimage\"},\"thumbnailUrl\":\"https:\\\/\\\/test.magnetarmagnets.com\\\/wp-content\\\/uploads\\\/2020\\\/05\\\/FOTO1496.jpg\",\"datePublished\":\"2025-06-05T07:54:14+00:00\",\"dateModified\":\"2025-08-11T08:01:00+00:00\",\"description\":\"Magnetar Bulldog 800 Kg - magnesy podw\u00f3jne\",\"breadcrumb\":{\"@id\":\"https:\\\/\\\/test.magnetarmagnets.com\\\/pl\\\/shop\\\/bulldog-800-magnes-dwustronny-800-kg\\\/#breadcrumb\"},\"inLanguage\":\"pl-PL\",\"potentialAction\":[{\"@type\":\"ReadAction\",\"target\":[\"https:\\\/\\\/test.magnetarmagnets.com\\\/pl\\\/shop\\\/bulldog-800-magnes-dwustronny-800-kg\\\/\"]}]},{\"@type\":\"ImageObject\",\"inLanguage\":\"pl-PL\",\"@id\":\"https:\\\/\\\/test.magnetarmagnets.com\\\/pl\\\/shop\\\/bulldog-800-magnes-dwustronny-800-kg\\\/#primaryimage\",\"url\":\"https:\\\/\\\/test.magnetarmagnets.com\\\/wp-content\\\/uploads\\\/2020\\\/05\\\/FOTO1496.jpg\",\"contentUrl\":\"https:\\\/\\\/test.magnetarmagnets.com\\\/wp-content\\\/uploads\\\/2020\\\/05\\\/FOTO1496.jpg\",\"width\":1000,\"height\":1000,\"caption\":\"BULLDOG 800 fishing magnet\"},{\"@type\":\"BreadcrumbList\",\"@id\":\"https:\\\/\\\/test.magnetarmagnets.com\\\/pl\\\/shop\\\/bulldog-800-magnes-dwustronny-800-kg\\\/#breadcrumb\",\"itemListElement\":[{\"@type\":\"ListItem\",\"position\":1,\"name\":\"Home\",\"item\":\"https:\\\/\\\/test.magnetarmagnets.com\\\/pl\\\/\"},{\"@type\":\"ListItem\",\"position\":2,\"name\":\"Sklep\",\"item\":\"https:\\\/\\\/test.magnetarmagnets.com\\\/shop\\\/\"},{\"@type\":\"ListItem\",\"position\":3,\"name\":\"Magnesy do \u0142owienia\",\"item\":\"https:\\\/\\\/test.magnetarmagnets.com\\\/pl\\\/collections\\\/magnesy-do-lowienia\\\/\"},{\"@type\":\"ListItem\",\"position\":4,\"name\":\"Magnesy do \u0142owienia dwustronne\",\"item\":\"https:\\\/\\\/test.magnetarmagnets.com\\\/pl\\\/collections\\\/magnesy-do-lowienia\\\/magnesy-do-lowienia-dwustronne\\\/\"},{\"@type\":\"ListItem\",\"position\":5,\"name\":\"Bulldog 800 &#8211; magnes dwustronny &#8211; 800 kg\"}]},{\"@type\":\"WebSite\",\"@id\":\"https:\\\/\\\/test.magnetarmagnets.com\\\/pl\\\/#website\",\"url\":\"https:\\\/\\\/test.magnetarmagnets.com\\\/pl\\\/\",\"name\":\"Magnet fishing with a Magnetar fishing magnet\",\"description\":\"Powerful magnets for magnet fishing\",\"publisher\":{\"@id\":\"https:\\\/\\\/test.magnetarmagnets.com\\\/pl\\\/#organization\"},\"potentialAction\":[{\"@type\":\"SearchAction\",\"target\":{\"@type\":\"EntryPoint\",\"urlTemplate\":\"https:\\\/\\\/test.magnetarmagnets.com\\\/pl\\\/?s={search_term_string}\"},\"query-input\":{\"@type\":\"PropertyValueSpecification\",\"valueRequired\":true,\"valueName\":\"search_term_string\"}}],\"inLanguage\":\"pl-PL\"},{\"@type\":\"Organization\",\"@id\":\"https:\\\/\\\/test.magnetarmagnets.com\\\/pl\\\/#organization\",\"name\":\"Magnetar\",\"url\":\"https:\\\/\\\/test.magnetarmagnets.com\\\/pl\\\/\",\"logo\":{\"@type\":\"ImageObject\",\"inLanguage\":\"pl-PL\",\"@id\":\"https:\\\/\\\/test.magnetarmagnets.com\\\/pl\\\/#\\\/schema\\\/logo\\\/image\\\/\",\"url\":\"https:\\\/\\\/magnetarmagnets.com\\\/wp-content\\\/uploads\\\/2021\\\/01\\\/magnetarvismagneet_logo.png\",\"contentUrl\":\"https:\\\/\\\/magnetarmagnets.com\\\/wp-content\\\/uploads\\\/2021\\\/01\\\/magnetarvismagneet_logo.png\",\"width\":209,\"height\":100,\"caption\":\"Magnetar\"},\"image\":{\"@id\":\"https:\\\/\\\/test.magnetarmagnets.com\\\/pl\\\/#\\\/schema\\\/logo\\\/image\\\/\"},\"sameAs\":[\"https:\\\/\\\/www.facebook.com\\\/fishingmagnets\\\/\",\"https:\\\/\\\/www.instagram.com\\\/magnetar_magnets\\\/\",\"https:\\\/\\\/www.linkedin.com\\\/company\\\/magnetarbv\\\/?originalSubdomain=nl\",\"https:\\\/\\\/www.youtube.com\\\/c\\\/MagnetarVismagneet\"]}]}<\/script>\n<!-- \/ Yoast SEO plugin. -->","yoast_head_json":{"title":"Magnetar Bulldog 800 KG: Silne magnesy podw\u00f3jne od Magnetar!","description":"Magnetar Bulldog 800 Kg - magnesy podw\u00f3jne","robots":{"index":"index","follow":"follow","max-snippet":"max-snippet:-1","max-image-preview":"max-image-preview:large","max-video-preview":"max-video-preview:-1"},"canonical":"https:\/\/test.magnetarmagnets.com\/pl\/shop\/bulldog-800-magnes-dwustronny-800-kg\/","og_locale":"pl_PL","og_type":"article","og_title":"Magnetar Bulldog 800 KG: Silne magnesy podw\u00f3jne od Magnetar!","og_description":"Magnetar Bulldog 800 Kg - magnesy podw\u00f3jne","og_url":"https:\/\/test.magnetarmagnets.com\/pl\/shop\/bulldog-800-magnes-dwustronny-800-kg\/","og_site_name":"Magnet fishing with a Magnetar fishing magnet","article_publisher":"https:\/\/www.facebook.com\/fishingmagnets\/","article_modified_time":"2025-08-11T08:01:00+00:00","og_image":[{"width":1000,"height":1000,"url":"https:\/\/test.magnetarmagnets.com\/wp-content\/uploads\/2020\/05\/FOTO1496.jpg","type":"image\/jpeg"}],"twitter_card":"summary_large_image","twitter_misc":{"Szacowany czas czytania":"4 minuty"},"schema":{"@context":"https:\/\/schema.org","@graph":[{"@type":["WebPage","ItemPage"],"@id":"https:\/\/test.magnetarmagnets.com\/pl\/shop\/bulldog-800-magnes-dwustronny-800-kg\/","url":"https:\/\/test.magnetarmagnets.com\/pl\/shop\/bulldog-800-magnes-dwustronny-800-kg\/","name":"Magnetar Bulldog 800 KG: Silne magnesy podw\u00f3jne od Magnetar!","isPartOf":{"@id":"https:\/\/test.magnetarmagnets.com\/pl\/#website"},"primaryImageOfPage":{"@id":"https:\/\/test.magnetarmagnets.com\/pl\/shop\/bulldog-800-magnes-dwustronny-800-kg\/#primaryimage"},"image":{"@id":"https:\/\/test.magnetarmagnets.com\/pl\/shop\/bulldog-800-magnes-dwustronny-800-kg\/#primaryimage"},"thumbnailUrl":"https:\/\/test.magnetarmagnets.com\/wp-content\/uploads\/2020\/05\/FOTO1496.jpg","datePublished":"2025-06-05T07:54:14+00:00","dateModified":"2025-08-11T08:01:00+00:00","description":"Magnetar Bulldog 800 Kg - magnesy podw\u00f3jne","breadcrumb":{"@id":"https:\/\/test.magnetarmagnets.com\/pl\/shop\/bulldog-800-magnes-dwustronny-800-kg\/#breadcrumb"},"inLanguage":"pl-PL","potentialAction":[{"@type":"ReadAction","target":["https:\/\/test.magnetarmagnets.com\/pl\/shop\/bulldog-800-magnes-dwustronny-800-kg\/"]}]},{"@type":"ImageObject","inLanguage":"pl-PL","@id":"https:\/\/test.magnetarmagnets.com\/pl\/shop\/bulldog-800-magnes-dwustronny-800-kg\/#primaryimage","url":"https:\/\/test.magnetarmagnets.com\/wp-content\/uploads\/2020\/05\/FOTO1496.jpg","contentUrl":"https:\/\/test.magnetarmagnets.com\/wp-content\/uploads\/2020\/05\/FOTO1496.jpg","width":1000,"height":1000,"caption":"BULLDOG 800 fishing magnet"},{"@type":"BreadcrumbList","@id":"https:\/\/test.magnetarmagnets.com\/pl\/shop\/bulldog-800-magnes-dwustronny-800-kg\/#breadcrumb","itemListElement":[{"@type":"ListItem","position":1,"name":"Home","item":"https:\/\/test.magnetarmagnets.com\/pl\/"},{"@type":"ListItem","position":2,"name":"Sklep","item":"https:\/\/test.magnetarmagnets.com\/shop\/"},{"@type":"ListItem","position":3,"name":"Magnesy do \u0142owienia","item":"https:\/\/test.magnetarmagnets.com\/pl\/collections\/magnesy-do-lowienia\/"},{"@type":"ListItem","position":4,"name":"Magnesy do \u0142owienia dwustronne","item":"https:\/\/test.magnetarmagnets.com\/pl\/collections\/magnesy-do-lowienia\/magnesy-do-lowienia-dwustronne\/"},{"@type":"ListItem","position":5,"name":"Bulldog 800 &#8211; magnes dwustronny &#8211; 800 kg"}]},{"@type":"WebSite","@id":"https:\/\/test.magnetarmagnets.com\/pl\/#website","url":"https:\/\/test.magnetarmagnets.com\/pl\/","name":"Magnet fishing with a Magnetar fishing magnet","description":"Powerful magnets for magnet fishing","publisher":{"@id":"https:\/\/test.magnetarmagnets.com\/pl\/#organization"},"potentialAction":[{"@type":"SearchAction","target":{"@type":"EntryPoint","urlTemplate":"https:\/\/test.magnetarmagnets.com\/pl\/?s={search_term_string}"},"query-input":{"@type":"PropertyValueSpecification","valueRequired":true,"valueName":"search_term_string"}}],"inLanguage":"pl-PL"},{"@type":"Organization","@id":"https:\/\/test.magnetarmagnets.com\/pl\/#organization","name":"Magnetar","url":"https:\/\/test.magnetarmagnets.com\/pl\/","logo":{"@type":"ImageObject","inLanguage":"pl-PL","@id":"https:\/\/test.magnetarmagnets.com\/pl\/#\/schema\/logo\/image\/","url":"https:\/\/magnetarmagnets.com\/wp-content\/uploads\/2021\/01\/magnetarvismagneet_logo.png","contentUrl":"https:\/\/magnetarmagnets.com\/wp-content\/uploads\/2021\/01\/magnetarvismagneet_logo.png","width":209,"height":100,"caption":"Magnetar"},"image":{"@id":"https:\/\/test.magnetarmagnets.com\/pl\/#\/schema\/logo\/image\/"},"sameAs":["https:\/\/www.facebook.com\/fishingmagnets\/","https:\/\/www.instagram.com\/magnetar_magnets\/","https:\/\/www.linkedin.com\/company\/magnetarbv\/?originalSubdomain=nl","https:\/\/www.youtube.com\/c\/MagnetarVismagneet"]}]}},"_links":{"self":[{"href":"https:\/\/test.magnetarmagnets.com\/pl\/wp-json\/wp\/v2\/product\/83686","targetHints":{"allow":["GET"]}}],"collection":[{"href":"https:\/\/test.magnetarmagnets.com\/pl\/wp-json\/wp\/v2\/product"}],"about":[{"href":"https:\/\/test.magnetarmagnets.com\/pl\/wp-json\/wp\/v2\/types\/product"}],"replies":[{"embeddable":true,"href":"https:\/\/test.magnetarmagnets.com\/pl\/wp-json\/wp\/v2\/comments?post=83686"}],"wp:featuredmedia":[{"embeddable":true,"href":"https:\/\/test.magnetarmagnets.com\/pl\/wp-json\/wp\/v2\/media\/80531"}],"wp:attachment":[{"href":"https:\/\/test.magnetarmagnets.com\/pl\/wp-json\/wp\/v2\/media?parent=83686"}],"wp:term":[{"taxonomy":"product_brand","embeddable":true,"href":"https:\/\/test.magnetarmagnets.com\/pl\/wp-json\/wp\/v2\/product_brand?post=83686"},{"taxonomy":"product_cat","embeddable":true,"href":"https:\/\/test.magnetarmagnets.com\/pl\/wp-json\/wp\/v2\/product_cat?post=83686"},{"taxonomy":"product_tag","embeddable":true,"href":"https:\/\/test.magnetarmagnets.com\/pl\/wp-json\/wp\/v2\/product_tag?post=83686"}],"curies":[{"name":"wp","href":"https:\/\/api.w.org\/{rel}","templated":true}]}}