{"id":83685,"date":"2025-06-05T09:54:14","date_gmt":"2025-06-05T07:54:14","guid":{"rendered":"https:\/\/magnetarmagnets.com\/?post_type=product&#038;p=83685"},"modified":"2025-08-11T10:00:37","modified_gmt":"2025-08-11T08:00:37","slug":"zestaw-magnetyczny-dwustronny-500-kg-bulldog","status":"publish","type":"product","link":"https:\/\/test.magnetarmagnets.com\/pl\/shop\/zestaw-magnetyczny-dwustronny-500-kg-bulldog\/","title":{"rendered":"Zestaw magnetyczny dwustronny &#8211; 500 kg &#8211; Bulldog"},"content":{"rendered":"<p>Czy chcesz rozpocz\u0105\u0107 przygod\u0119 z \u0142owieniem magnesem? Zestaw magnetyczny Bulldog 500 jest do tego idealny. Ten kompletny pakiet zawiera wszystko, czego potrzebujesz, aby unikn\u0105\u0107 nieprzyjemnych niespodzianek nad wod\u0105. W zestawie znajduje si\u0119 nasz dwustronny magnes do \u0142owienia Bulldog 500, r\u0119kawice, lina do \u0142owienia magnesem oraz metalowy klej. Szukasz magnesu 360\u00b0 ca\u0142y dooko\u0142a? Sprawd\u017a nasz <a href=\"https:\/\/test.magnetarmagnets.com\/shop\/fishmagnet-package-pro\/\"><strong>Pro <\/strong><\/a><a href=\"https:\/\/test.magnetarmagnets.com\/shop\/fishmagnet-package-pro\/\"><strong>P<\/strong><\/a><a href=\"https:\/\/test.magnetarmagnets.com\/shop\/fishmagnet-package-pro\/\"><strong>ackage<\/strong><\/a>.<\/p>\n<h2>Dwustronny magnes do \u0142owienia Bulldog 500<\/h2>\n<p>Wszystkie nasze magnesy Bulldog maj\u0105 dwie magnetyczne strony. Bulldog 500 ma \u0142\u0105czn\u0105 si\u0142\u0119 przyci\u0105gania wynosz\u0105c\u0105 1100 lb \/ 500 kg, co przek\u0142ada si\u0119 na efektywn\u0105 si\u0142\u0119 550 lb \/ 250 kg na stron\u0119. Ten magnes jest na tyle silny, \u017ce wyci\u0105gniesz nim z wody najbardziej unikalne przedmioty. W por\u00f3wnaniu z magnesami jednostronnymi dwie strony magnetyczne znacznie zwi\u0119kszaj\u0105 szanse na znalezienie cennych skarb\u00f3w.<\/p>\n<p>Dwustronne magnesy mo\u017cna u\u017cywa\u0107 na kilka sposob\u00f3w. Je\u015bli lubisz przeci\u0105ga\u0107 magnes p\u0142asko przez wod\u0119 \u2014 co zwi\u0119ksza szanse na przyci\u0105gni\u0119cie skarbu \u2014 \u015bruba oczkowa mo\u017ce by\u0107 zamontowana na boku magnesu. Dzi\u0119ki dw\u00f3m magnetycznym stronom magnesu si\u0142a magnetyczna zawsze skierowana jest ku potencjalnym skarbom le\u017c\u0105cym na dnie. Wad\u0105 jest, \u017ce poziomy ruch magnesu wywiera mniejsz\u0105 si\u0142\u0119 przyci\u0105gania na znalezione przedmioty. Natomiast \u0142owienie pionowe zawsze zapewnia bardziej optymaln\u0105 si\u0142\u0119 magnetyczn\u0105.<\/p>\n<p>Gdy trafisz na co\u015b warto\u015bciowego i chcesz u\u017cy\u0107 wi\u0119kszej si\u0142y, \u015bruba oczkowa mo\u017ce by\u0107 przymocowana pionowo. Umo\u017cliwia to silniejsz\u0105 pionow\u0105 si\u0142\u0119 do podci\u0105gania ci\u0119\u017cszych przedmiot\u00f3w, podobnie jak w przypadku naszych <a href=\"https:\/\/test.magnetarmagnets.com\/collections\/fishing-magnets\/single-sided-classic\/\"><strong>klasycznych magnes\u00f3w<\/strong><\/a>. Wszechstronno\u015b\u0107 zastosowa\u0144 magnes\u00f3w dwustronnych, montowanych na linie, czyni je najbardziej wielofunkcyjnymi magnesami w naszej ofercie.<\/p>\n<p>Czy dwustronny magnes to to, czego szukasz, ale masz obawy co do jego si\u0142y? Sprawd\u017a nasz <a href=\"https:\/\/test.magnetarmagnets.com\/shop\/bulldog-800-double-sided\/\"><strong>Bulldog 800<\/strong><\/a>. To ci\u0119\u017cszy i mocniejszy model o \u0142\u0105cznej sile przyci\u0105gania a\u017c 1760 lb \/ 800 kg. Wolisz magnes 360\u00b0 ca\u0142y dooko\u0142a? Zajrzyj na <a href=\"https:\/\/test.magnetarmagnets.com\/shop\/exclusive-terror-magnet\/\"><strong>Terror<\/strong><\/a>. Nie zapomnij tak\u017ce o najlepszych <a href=\"https:\/\/test.magnetarmagnets.com\/collections\/fishing-magnets\/magnet-fishing-kit\/\" target=\"_blank\" rel=\"noopener\">zestawach do \u0142owienia magnesem<\/a> oraz naszym <a href=\"https:\/\/test.magnetarmagnets.com\/accessories\/\" target=\"_blank\" rel=\"noopener\">sprz\u0119cie do \u0142owienia magnesem<\/a>.<\/p>\n<h2>Wysoka jako\u015b\u0107<\/h2>\n<p>Wszystkie magnesy do \u0142owienia Magnetar wykonane s\u0105 z neodymu. Ten materia\u0142 gwarantuje d\u0142ugotrwa\u0142\u0105 si\u0142\u0119 magnetyczn\u0105. Przy odpowiednim u\u017cytkowaniu i przechowywaniu magnesy trac\u0105 zaledwie jeden procent si\u0142y w ci\u0105gu 100 lat. Dlatego jeste\u015bmy pewni, \u017ce oferujemy najw\u017cszej jako\u015bci <a href=\"https:\/\/test.magnetarmagnets.com\/collections\/fishing-magnets\/\"><strong>magnesy do \u0142owienia<\/strong><\/a> na rynku.<\/p>\n<p>W ostatnich latach na rynku pojawi\u0142o si\u0119 wiele niskiej jako\u015bci produkt\u00f3w. Wiele magnes\u00f3w do \u0142owienia innych sprzedawc\u00f3w traci si\u0142\u0119 w ci\u0105gu kilku tygodni. Zazwyczaj spotyka si\u0119 wi\u0119ksze magnesy, ale z neodymu niskiej jako\u015bci, promowane wprowadzaj\u0105cymi w b\u0142\u0105d reklamami. Takie produkty mog\u0105 wydawa\u0107 si\u0119 tanie, ale w d\u0142u\u017cszej perspektywie pozostawi\u0105 Ci\u0119 niezadowolonym.<\/p>\n<p>Magnetar to ma\u0142a firma rodzinna, kt\u00f3rej pasjonaci \u0142owienia magnesem stawiaj\u0105 jako\u015b\u0107 na pierwszym miejscu, co odzwierciedla si\u0119 w naszych produktach. Wszystkie magnesy do \u0142owienia projektujemy samodzielnie, aby zapewni\u0107 produkty najwy\u017cszej klasy. Szukasz niezawodnego, skutecznego i wysokiej jako\u015bci magnesu do \u0142owienia? Wybierz Magnetar!<\/p>\n<h2>Ostrze\u017cenie:<\/h2>\n<p>Nasze magnesy neodymowe do \u0142owienia s\u0105 bardzo mocne. Mo\u017ce to spowodowa\u0107 przyci\u0105ganie innych przedmiot\u00f3w z du\u017c\u0105 pr\u0119dko\u015bci\u0105. Oczywi\u015bcie mo\u017ce to prowadzi\u0107 do niebezpiecznych sytuacji, gdy palce mog\u0105 zosta\u0107 z\u0142apane mi\u0119dzy magnesem a przedmiotem. Zalecamy zawsze obs\u0142ugiwa\u0107 te magnesy ostro\u017cnie i podkre\u015blamy, \u017ce robisz to na w\u0142asne ryzyko. Przeczytaj nasze ostrze\u017cenia dotycz\u0105ce bezpiecze\u0144stwa przed u\u017cyciem.<\/p>\n","protected":false},"excerpt":{"rendered":"<p>Czy chcesz rozpocz\u0105\u0107 przygod\u0119 z \u0142owieniem magnesem? Zestaw magnetyczny Bulldog 500 jest do tego idealny. Ten kompletny pakiet zawiera wszystko, czego potrzebujesz, aby unikn\u0105\u0107 nieprzyjemnych niespodzianek nad wod\u0105. W zestawie znajduje si\u0119 nasz dwustronny magnes do \u0142owienia Bulldog 500, r\u0119kawice, lina do \u0142owienia magnesem oraz metalowy klej. Szukasz magnesu 360\u00b0 ca\u0142y dooko\u0142a? Sprawd\u017a nasz Pro [&hellip;]<\/p>\n","protected":false},"featured_media":78871,"comment_status":"open","ping_status":"closed","template":"","meta":{"_acf_changed":false,"inline_featured_image":false},"product_brand":[],"product_cat":[581,585,593,1006,594,587],"product_tag":[],"class_list":{"0":"post-83685","1":"product","2":"type-product","3":"status-publish","4":"has-post-thumbnail","6":"product_cat-magnesy-do-lowienia","7":"product_cat-magnesy-do-lowienia-dwustronne","8":"product_cat-poczatkujacy-i-dzieci","9":"product_cat-wszystkie-produkty","10":"product_cat-zaawansowani-poszukiwacze-przygod","11":"product_cat-zestaw-do-lowienia-magnesem","13":"first","14":"instock","15":"sale","16":"taxable","17":"shipping-taxable","18":"purchasable","19":"product-type-simple"},"acf":[],"yoast_head":"<!-- This site is optimized with the Yoast SEO plugin v27.6 - https:\/\/yoast.com\/product\/yoast-seo-wordpress\/ -->\n<title>Zestaw magnetyczny dwustronny - 500 kg - Bulldog - Magnet fishing with a Magnetar fishing magnet<\/title>\n<meta name=\"description\" content=\"Magnes dwustronny - 500 Kg - Bulldog - Magnetar\" \/>\n<meta name=\"robots\" content=\"index, follow, max-snippet:-1, max-image-preview:large, max-video-preview:-1\" \/>\n<link rel=\"canonical\" href=\"https:\/\/test.magnetarmagnets.com\/pl\/shop\/zestaw-magnetyczny-dwustronny-500-kg-bulldog\/\" \/>\n<meta property=\"og:locale\" content=\"pl_PL\" \/>\n<meta property=\"og:type\" content=\"article\" \/>\n<meta property=\"og:title\" content=\"Zestaw magnetyczny dwustronny - 500 kg - Bulldog - Magnet fishing with a Magnetar fishing magnet\" \/>\n<meta property=\"og:description\" content=\"Magnes dwustronny - 500 Kg - Bulldog - Magnetar\" \/>\n<meta property=\"og:url\" content=\"https:\/\/test.magnetarmagnets.com\/pl\/shop\/zestaw-magnetyczny-dwustronny-500-kg-bulldog\/\" \/>\n<meta property=\"og:site_name\" content=\"Magnet fishing with a Magnetar fishing magnet\" \/>\n<meta property=\"article:publisher\" content=\"https:\/\/www.facebook.com\/fishingmagnets\/\" \/>\n<meta property=\"article:modified_time\" content=\"2025-08-11T08:00:37+00:00\" \/>\n<meta property=\"og:image\" content=\"https:\/\/test.magnetarmagnets.com\/wp-content\/uploads\/2021\/10\/MAGNETAR-BULLDOG-500-KIT-GOOGLE.jpg\" \/>\n\t<meta property=\"og:image:width\" content=\"1500\" \/>\n\t<meta property=\"og:image:height\" content=\"1500\" \/>\n\t<meta property=\"og:image:type\" content=\"image\/jpeg\" \/>\n<meta name=\"twitter:card\" content=\"summary_large_image\" \/>\n<meta name=\"twitter:label1\" content=\"Szacowany czas czytania\" \/>\n\t<meta name=\"twitter:data1\" content=\"3 minuty\" \/>\n<script type=\"application\/ld+json\" class=\"yoast-schema-graph\">{\"@context\":\"https:\\\/\\\/schema.org\",\"@graph\":[{\"@type\":[\"WebPage\",\"ItemPage\"],\"@id\":\"https:\\\/\\\/test.magnetarmagnets.com\\\/pl\\\/shop\\\/zestaw-magnetyczny-dwustronny-500-kg-bulldog\\\/\",\"url\":\"https:\\\/\\\/test.magnetarmagnets.com\\\/pl\\\/shop\\\/zestaw-magnetyczny-dwustronny-500-kg-bulldog\\\/\",\"name\":\"Zestaw magnetyczny dwustronny - 500 kg - Bulldog - Magnet fishing with a Magnetar fishing magnet\",\"isPartOf\":{\"@id\":\"https:\\\/\\\/test.magnetarmagnets.com\\\/pl\\\/#website\"},\"primaryImageOfPage\":{\"@id\":\"https:\\\/\\\/test.magnetarmagnets.com\\\/pl\\\/shop\\\/zestaw-magnetyczny-dwustronny-500-kg-bulldog\\\/#primaryimage\"},\"image\":{\"@id\":\"https:\\\/\\\/test.magnetarmagnets.com\\\/pl\\\/shop\\\/zestaw-magnetyczny-dwustronny-500-kg-bulldog\\\/#primaryimage\"},\"thumbnailUrl\":\"https:\\\/\\\/test.magnetarmagnets.com\\\/wp-content\\\/uploads\\\/2021\\\/10\\\/MAGNETAR-BULLDOG-500-KIT-GOOGLE.jpg\",\"datePublished\":\"2025-06-05T07:54:14+00:00\",\"dateModified\":\"2025-08-11T08:00:37+00:00\",\"description\":\"Magnes dwustronny - 500 Kg - Bulldog - Magnetar\",\"breadcrumb\":{\"@id\":\"https:\\\/\\\/test.magnetarmagnets.com\\\/pl\\\/shop\\\/zestaw-magnetyczny-dwustronny-500-kg-bulldog\\\/#breadcrumb\"},\"inLanguage\":\"pl-PL\",\"potentialAction\":[{\"@type\":\"ReadAction\",\"target\":[\"https:\\\/\\\/test.magnetarmagnets.com\\\/pl\\\/shop\\\/zestaw-magnetyczny-dwustronny-500-kg-bulldog\\\/\"]}]},{\"@type\":\"ImageObject\",\"inLanguage\":\"pl-PL\",\"@id\":\"https:\\\/\\\/test.magnetarmagnets.com\\\/pl\\\/shop\\\/zestaw-magnetyczny-dwustronny-500-kg-bulldog\\\/#primaryimage\",\"url\":\"https:\\\/\\\/test.magnetarmagnets.com\\\/wp-content\\\/uploads\\\/2021\\\/10\\\/MAGNETAR-BULLDOG-500-KIT-GOOGLE.jpg\",\"contentUrl\":\"https:\\\/\\\/test.magnetarmagnets.com\\\/wp-content\\\/uploads\\\/2021\\\/10\\\/MAGNETAR-BULLDOG-500-KIT-GOOGLE.jpg\",\"width\":1500,\"height\":1500,\"caption\":\"MAGNETAR-BULLDOG-500-KIT\"},{\"@type\":\"BreadcrumbList\",\"@id\":\"https:\\\/\\\/test.magnetarmagnets.com\\\/pl\\\/shop\\\/zestaw-magnetyczny-dwustronny-500-kg-bulldog\\\/#breadcrumb\",\"itemListElement\":[{\"@type\":\"ListItem\",\"position\":1,\"name\":\"Home\",\"item\":\"https:\\\/\\\/test.magnetarmagnets.com\\\/pl\\\/\"},{\"@type\":\"ListItem\",\"position\":2,\"name\":\"Sklep\",\"item\":\"https:\\\/\\\/test.magnetarmagnets.com\\\/shop\\\/\"},{\"@type\":\"ListItem\",\"position\":3,\"name\":\"Magnesy do \u0142owienia\",\"item\":\"https:\\\/\\\/test.magnetarmagnets.com\\\/pl\\\/collections\\\/magnesy-do-lowienia\\\/\"},{\"@type\":\"ListItem\",\"position\":4,\"name\":\"Zestaw do \u0142owienia magnesem\",\"item\":\"https:\\\/\\\/test.magnetarmagnets.com\\\/pl\\\/collections\\\/magnesy-do-lowienia\\\/zestaw-do-lowienia-magnesem\\\/\"},{\"@type\":\"ListItem\",\"position\":5,\"name\":\"Zestaw magnetyczny dwustronny &#8211; 500 kg &#8211; Bulldog\"}]},{\"@type\":\"WebSite\",\"@id\":\"https:\\\/\\\/test.magnetarmagnets.com\\\/pl\\\/#website\",\"url\":\"https:\\\/\\\/test.magnetarmagnets.com\\\/pl\\\/\",\"name\":\"Magnet fishing with a Magnetar fishing magnet\",\"description\":\"Powerful magnets for magnet fishing\",\"publisher\":{\"@id\":\"https:\\\/\\\/test.magnetarmagnets.com\\\/pl\\\/#organization\"},\"potentialAction\":[{\"@type\":\"SearchAction\",\"target\":{\"@type\":\"EntryPoint\",\"urlTemplate\":\"https:\\\/\\\/test.magnetarmagnets.com\\\/pl\\\/?s={search_term_string}\"},\"query-input\":{\"@type\":\"PropertyValueSpecification\",\"valueRequired\":true,\"valueName\":\"search_term_string\"}}],\"inLanguage\":\"pl-PL\"},{\"@type\":\"Organization\",\"@id\":\"https:\\\/\\\/test.magnetarmagnets.com\\\/pl\\\/#organization\",\"name\":\"Magnetar\",\"url\":\"https:\\\/\\\/test.magnetarmagnets.com\\\/pl\\\/\",\"logo\":{\"@type\":\"ImageObject\",\"inLanguage\":\"pl-PL\",\"@id\":\"https:\\\/\\\/test.magnetarmagnets.com\\\/pl\\\/#\\\/schema\\\/logo\\\/image\\\/\",\"url\":\"https:\\\/\\\/magnetarmagnets.com\\\/wp-content\\\/uploads\\\/2021\\\/01\\\/magnetarvismagneet_logo.png\",\"contentUrl\":\"https:\\\/\\\/magnetarmagnets.com\\\/wp-content\\\/uploads\\\/2021\\\/01\\\/magnetarvismagneet_logo.png\",\"width\":209,\"height\":100,\"caption\":\"Magnetar\"},\"image\":{\"@id\":\"https:\\\/\\\/test.magnetarmagnets.com\\\/pl\\\/#\\\/schema\\\/logo\\\/image\\\/\"},\"sameAs\":[\"https:\\\/\\\/www.facebook.com\\\/fishingmagnets\\\/\",\"https:\\\/\\\/www.instagram.com\\\/magnetar_magnets\\\/\",\"https:\\\/\\\/www.linkedin.com\\\/company\\\/magnetarbv\\\/?originalSubdomain=nl\",\"https:\\\/\\\/www.youtube.com\\\/c\\\/MagnetarVismagneet\"]}]}<\/script>\n<!-- \/ Yoast SEO plugin. -->","yoast_head_json":{"title":"Zestaw magnetyczny dwustronny - 500 kg - Bulldog - Magnet fishing with a Magnetar fishing magnet","description":"Magnes dwustronny - 500 Kg - Bulldog - Magnetar","robots":{"index":"index","follow":"follow","max-snippet":"max-snippet:-1","max-image-preview":"max-image-preview:large","max-video-preview":"max-video-preview:-1"},"canonical":"https:\/\/test.magnetarmagnets.com\/pl\/shop\/zestaw-magnetyczny-dwustronny-500-kg-bulldog\/","og_locale":"pl_PL","og_type":"article","og_title":"Zestaw magnetyczny dwustronny - 500 kg - Bulldog - Magnet fishing with a Magnetar fishing magnet","og_description":"Magnes dwustronny - 500 Kg - Bulldog - Magnetar","og_url":"https:\/\/test.magnetarmagnets.com\/pl\/shop\/zestaw-magnetyczny-dwustronny-500-kg-bulldog\/","og_site_name":"Magnet fishing with a Magnetar fishing magnet","article_publisher":"https:\/\/www.facebook.com\/fishingmagnets\/","article_modified_time":"2025-08-11T08:00:37+00:00","og_image":[{"width":1500,"height":1500,"url":"https:\/\/test.magnetarmagnets.com\/wp-content\/uploads\/2021\/10\/MAGNETAR-BULLDOG-500-KIT-GOOGLE.jpg","type":"image\/jpeg"}],"twitter_card":"summary_large_image","twitter_misc":{"Szacowany czas czytania":"3 minuty"},"schema":{"@context":"https:\/\/schema.org","@graph":[{"@type":["WebPage","ItemPage"],"@id":"https:\/\/test.magnetarmagnets.com\/pl\/shop\/zestaw-magnetyczny-dwustronny-500-kg-bulldog\/","url":"https:\/\/test.magnetarmagnets.com\/pl\/shop\/zestaw-magnetyczny-dwustronny-500-kg-bulldog\/","name":"Zestaw magnetyczny dwustronny - 500 kg - Bulldog - Magnet fishing with a Magnetar fishing magnet","isPartOf":{"@id":"https:\/\/test.magnetarmagnets.com\/pl\/#website"},"primaryImageOfPage":{"@id":"https:\/\/test.magnetarmagnets.com\/pl\/shop\/zestaw-magnetyczny-dwustronny-500-kg-bulldog\/#primaryimage"},"image":{"@id":"https:\/\/test.magnetarmagnets.com\/pl\/shop\/zestaw-magnetyczny-dwustronny-500-kg-bulldog\/#primaryimage"},"thumbnailUrl":"https:\/\/test.magnetarmagnets.com\/wp-content\/uploads\/2021\/10\/MAGNETAR-BULLDOG-500-KIT-GOOGLE.jpg","datePublished":"2025-06-05T07:54:14+00:00","dateModified":"2025-08-11T08:00:37+00:00","description":"Magnes dwustronny - 500 Kg - Bulldog - Magnetar","breadcrumb":{"@id":"https:\/\/test.magnetarmagnets.com\/pl\/shop\/zestaw-magnetyczny-dwustronny-500-kg-bulldog\/#breadcrumb"},"inLanguage":"pl-PL","potentialAction":[{"@type":"ReadAction","target":["https:\/\/test.magnetarmagnets.com\/pl\/shop\/zestaw-magnetyczny-dwustronny-500-kg-bulldog\/"]}]},{"@type":"ImageObject","inLanguage":"pl-PL","@id":"https:\/\/test.magnetarmagnets.com\/pl\/shop\/zestaw-magnetyczny-dwustronny-500-kg-bulldog\/#primaryimage","url":"https:\/\/test.magnetarmagnets.com\/wp-content\/uploads\/2021\/10\/MAGNETAR-BULLDOG-500-KIT-GOOGLE.jpg","contentUrl":"https:\/\/test.magnetarmagnets.com\/wp-content\/uploads\/2021\/10\/MAGNETAR-BULLDOG-500-KIT-GOOGLE.jpg","width":1500,"height":1500,"caption":"MAGNETAR-BULLDOG-500-KIT"},{"@type":"BreadcrumbList","@id":"https:\/\/test.magnetarmagnets.com\/pl\/shop\/zestaw-magnetyczny-dwustronny-500-kg-bulldog\/#breadcrumb","itemListElement":[{"@type":"ListItem","position":1,"name":"Home","item":"https:\/\/test.magnetarmagnets.com\/pl\/"},{"@type":"ListItem","position":2,"name":"Sklep","item":"https:\/\/test.magnetarmagnets.com\/shop\/"},{"@type":"ListItem","position":3,"name":"Magnesy do \u0142owienia","item":"https:\/\/test.magnetarmagnets.com\/pl\/collections\/magnesy-do-lowienia\/"},{"@type":"ListItem","position":4,"name":"Zestaw do \u0142owienia magnesem","item":"https:\/\/test.magnetarmagnets.com\/pl\/collections\/magnesy-do-lowienia\/zestaw-do-lowienia-magnesem\/"},{"@type":"ListItem","position":5,"name":"Zestaw magnetyczny dwustronny &#8211; 500 kg &#8211; Bulldog"}]},{"@type":"WebSite","@id":"https:\/\/test.magnetarmagnets.com\/pl\/#website","url":"https:\/\/test.magnetarmagnets.com\/pl\/","name":"Magnet fishing with a Magnetar fishing magnet","description":"Powerful magnets for magnet fishing","publisher":{"@id":"https:\/\/test.magnetarmagnets.com\/pl\/#organization"},"potentialAction":[{"@type":"SearchAction","target":{"@type":"EntryPoint","urlTemplate":"https:\/\/test.magnetarmagnets.com\/pl\/?s={search_term_string}"},"query-input":{"@type":"PropertyValueSpecification","valueRequired":true,"valueName":"search_term_string"}}],"inLanguage":"pl-PL"},{"@type":"Organization","@id":"https:\/\/test.magnetarmagnets.com\/pl\/#organization","name":"Magnetar","url":"https:\/\/test.magnetarmagnets.com\/pl\/","logo":{"@type":"ImageObject","inLanguage":"pl-PL","@id":"https:\/\/test.magnetarmagnets.com\/pl\/#\/schema\/logo\/image\/","url":"https:\/\/magnetarmagnets.com\/wp-content\/uploads\/2021\/01\/magnetarvismagneet_logo.png","contentUrl":"https:\/\/magnetarmagnets.com\/wp-content\/uploads\/2021\/01\/magnetarvismagneet_logo.png","width":209,"height":100,"caption":"Magnetar"},"image":{"@id":"https:\/\/test.magnetarmagnets.com\/pl\/#\/schema\/logo\/image\/"},"sameAs":["https:\/\/www.facebook.com\/fishingmagnets\/","https:\/\/www.instagram.com\/magnetar_magnets\/","https:\/\/www.linkedin.com\/company\/magnetarbv\/?originalSubdomain=nl","https:\/\/www.youtube.com\/c\/MagnetarVismagneet"]}]}},"_links":{"self":[{"href":"https:\/\/test.magnetarmagnets.com\/pl\/wp-json\/wp\/v2\/product\/83685","targetHints":{"allow":["GET"]}}],"collection":[{"href":"https:\/\/test.magnetarmagnets.com\/pl\/wp-json\/wp\/v2\/product"}],"about":[{"href":"https:\/\/test.magnetarmagnets.com\/pl\/wp-json\/wp\/v2\/types\/product"}],"replies":[{"embeddable":true,"href":"https:\/\/test.magnetarmagnets.com\/pl\/wp-json\/wp\/v2\/comments?post=83685"}],"wp:featuredmedia":[{"embeddable":true,"href":"https:\/\/test.magnetarmagnets.com\/pl\/wp-json\/wp\/v2\/media\/78871"}],"wp:attachment":[{"href":"https:\/\/test.magnetarmagnets.com\/pl\/wp-json\/wp\/v2\/media?parent=83685"}],"wp:term":[{"taxonomy":"product_brand","embeddable":true,"href":"https:\/\/test.magnetarmagnets.com\/pl\/wp-json\/wp\/v2\/product_brand?post=83685"},{"taxonomy":"product_cat","embeddable":true,"href":"https:\/\/test.magnetarmagnets.com\/pl\/wp-json\/wp\/v2\/product_cat?post=83685"},{"taxonomy":"product_tag","embeddable":true,"href":"https:\/\/test.magnetarmagnets.com\/pl\/wp-json\/wp\/v2\/product_tag?post=83685"}],"curies":[{"name":"wp","href":"https:\/\/api.w.org\/{rel}","templated":true}]}}