{"id":83672,"date":"2025-06-19T13:55:40","date_gmt":"2025-06-19T11:55:40","guid":{"rendered":"https:\/\/magnetarmagnets.com\/?post_type=product&#038;p=83672"},"modified":"2026-03-17T18:00:09","modified_gmt":"2026-03-17T17:00:09","slug":"lina-do-lowienia-magnesem-20-metrow-65-stop","status":"publish","type":"product","link":"https:\/\/test.magnetarmagnets.com\/pl\/shop\/lina-do-lowienia-magnesem-20-metrow-65-stop\/","title":{"rendered":"Lina do \u0142owienia magnesem || 20 metr\u00f3w \/ 65 st\u00f3p"},"content":{"rendered":"<p><span style=\"font-weight: 400;\">Najlepsza lina do <a href=\"https:\/\/test.magnetarmagnets.com\/pl\/\" target=\"_blank\" rel=\"noopener\">\u0142owienia magnesem<\/a>. Podw\u00f3jnie pleciona lina unosi ci\u0119\u017car do 4000 lbs. Zobacz t\u0119 recenzj\u0119 na YouTube. Do zakupu do\u0142\u0105czony jest darmowy karabinek oraz darmowa wysy\u0142ka w wybranych lokalizacjach\u2026<\/span><\/p>\n<p><span style=\"font-weight: 400;\">Lina jest jednym z niezb\u0119dnych element\u00f3w do \u0142owienia magnesem. Lina do \u0142owienia magnesem musi mie\u0107 wystarczaj\u0105c\u0105 wytrzyma\u0142o\u015b\u0107, aby unie\u015b\u0107 nawet ci\u0119\u017ckie metale i nie powinna si\u0119 urywa\u0107 podczas zaczepiania. Podobnie jak przy zakupie wysokiej jako\u015bci magnesu w\u0119dkarskiego, musisz upewni\u0107 si\u0119, \u017ce kupujesz dobr\u0105 lin\u0119 do \u0142owienia magnesem. Lina do \u0142owienia magnesem to lina, kt\u00f3r\u0105 przywi\u0105zujesz do swojego magnesu. Je\u015bli chcesz wyci\u0105gn\u0105\u0107 metalowe przedmioty z wody, potrzebujesz liny o wysokiej sile naci\u0105gu i d\u0142ugo\u015bci oko\u0142o 20 m (65 st\u00f3p).<\/span><\/p>\n<h2><strong>Dlaczego potrzebuj\u0119 liny do \u0142owienia magnesem?<\/strong><\/h2>\n<p><span style=\"font-weight: 400;\">Wi\u0119kszo\u015b\u0107 entuzjast\u00f3w \u0142owienia magnesem skupia si\u0119 tylko na zakupie najlepszego magnesu. Drugim najwa\u017cniejszym elementem wyposa\u017cenia, kt\u00f3ry mo\u017ce zdecydowa\u0107 o sukcesie podczas \u0142owienia magnesem, jest lina.<\/span><\/p>\n<h2><strong>Na co zwraca\u0107 uwag\u0119 przy wyborze liny do \u0142owienia magnesem?<\/strong><\/h2>\n<p><span style=\"font-weight: 400;\">Bardzo wa\u017cne jest, aby kupi\u0107 mocn\u0105, nieelastyczn\u0105 lin\u0119 podw\u00f3jnie plecion\u0105, poniewa\u017c w przeciwnym razie istnieje du\u017ce ryzyko, \u017ce stracisz magnes w wodzie. Tania lub elastyczna lina nie b\u0119dzie bezpiecznie trzyma\u0107 magnesu i mo\u017ce si\u0119 poluzowa\u0107 w kontakcie z ostrymi przedmiotami, kraw\u0119dziami, lub lina mo\u017ce si\u0119 zerwa\u0107.<\/span><\/p>\n<p><span style=\"font-weight: 400;\">Liny do \u0142owienia magnesem powinny mie\u0107 du\u017c\u0105 si\u0142\u0119 naci\u0105gu. D\u0142u\u017csza lina pozwala na rzucenie magnesu daleko w wod\u0119 i wielokrotne przeci\u0105ganie go w stron\u0119 brzegu. Wi\u0119kszo\u015b\u0107 \u0142owc\u00f3w magnes\u00f3w uwa\u017ca, \u017ce idealna d\u0142ugo\u015b\u0107 to oko\u0142o 20 m (65 st\u00f3p).<\/span><\/p>\n<p><span style=\"font-weight: 400;\">Zawsze warto mie\u0107 lin\u0119 zaprojektowan\u0105 specjalnie do \u0142owienia magnesem, zamiast u\u017cywa\u0107 liny wspinaczkowej. Liny do \u0142owienia magnesem maj\u0105 wi\u0119cej w\u0142a\u015bciwo\u015bci, kt\u00f3re u\u0142atwiaj\u0105 korzystanie podczas tej aktywno\u015bci.<\/span><\/p>\n<h2><strong>Jak u\u017cywa\u0107 liny?<\/strong><\/h2>\n<p><span style=\"font-weight: 400;\">Zapoznaj si\u0119 z poni\u017cszym instrukta\u017cem krok po kroku, jak przymocowa\u0107 <strong>pomara\u0144czow\u0105<\/strong> lin\u0119 do magnesu:<\/span><\/p>\n<ol>\n<li style=\"font-weight: 400;\"><span style=\"font-weight: 400;\"><img decoding=\"async\" class=\"\" src=\"https:\/\/test.magnetarmagnets.com\/wp-content\/uploads\/2021\/09\/0435-300x300-1.png\" alt=\"vismagneet touw\" width=\"78\" height=\"78\" \/>Wyjmij lin\u0119 Magnetar z opakowania i przygotuj magnes do \u0142owienia;<\/span><\/li>\n<li style=\"font-weight: 400;\"><span style=\"font-weight: 400;\"><img decoding=\"async\" class=\"\" src=\"https:\/\/test.magnetarmagnets.com\/wp-content\/uploads\/2021\/09\/0436-300x300-1.png\" alt=\"magneetvis touw\" width=\"78\" height=\"78\" \/>Prze\u0142\u00f3\u017c lin\u0119 przez oczko magnesu;<\/span><\/li>\n<li style=\"font-weight: 400;\"><span style=\"font-weight: 400;\"><img decoding=\"async\" class=\"\" src=\"https:\/\/test.magnetarmagnets.com\/wp-content\/uploads\/2021\/09\/0437-300x300-1.png\" alt=\"touw voor magneetvissen\" width=\"77\" height=\"77\" \/>Przeci\u0105gnij lin\u0119 pod magnesem przed rozpocz\u0119ciem \u0142owienia;<\/span><\/li>\n<li style=\"font-weight: 400;\"><span style=\"font-weight: 400;\"><img loading=\"lazy\" decoding=\"async\" class=\"\" src=\"https:\/\/test.magnetarmagnets.com\/wp-content\/uploads\/2021\/09\/0438-300x300-1.png\" alt=\"touw magneetvissen\" width=\"79\" height=\"79\" \/>Poci\u0105gnij lin\u0119. W ten spos\u00f3b lina sama si\u0119 napi\u0119je. Mo\u017cesz \u0142owi\u0107 magnesem!<\/span><\/li>\n<\/ol>\n<p><span style=\"font-weight: 400;\"><strong>Uwaga<\/strong>: Czy \u0142\u0105czysz lin\u0119 i magnes karabinkiem? Mo\u017cesz tak zrobi\u0107, ale upewnij si\u0119, \u017ce oczko jest przymocowane do magnesu klejem do blokowania. Dokr\u0119\u0107 oczko mocno. Magnes ma przez karabinek wi\u0119cej swobody ruchu, wi\u0119c upewnij si\u0119, \u017ce oczko jest solidnie dokr\u0119cone.<\/span><\/p>\n<p><span style=\"font-weight: 400;\"><strong>Uwaga<\/strong>: Czy masz wi\u0119kszy magnes uniwersalny i p\u0119tla nie mie\u015bci si\u0119 jak powy\u017cej w oczku magnesu? W takim wypadku prosz\u0119 odetnij p\u0119tl\u0119 no\u017cem i obejrzyj ten <a href=\"https:\/\/www.youtube.com\/watch?v=CNox7cn2-Gs&amp;t=9s\" target=\"_blank\" rel=\"noopener\">film.<\/a><\/span><\/p>\n<p><span style=\"font-weight: 400;\">Mo\u017cna zawi\u0105za\u0107 w\u0119ze\u0142 Palomar na ko\u0144cu liny do magnesu. Mo\u017ce to nie wytrzyma\u0107 w ka\u017cdych warunkach. Woleliby\u015bmy u\u017cywa\u0107 mocnego karabinka, dlatego do\u0142\u0105czamy go do ka\u017cdego zakupu liny.<\/span><\/p>\n<p><span style=\"font-weight: 400;\">Obejrzyj <\/span><a href=\"https:\/\/www.youtube.com\/watch?v=1izvqgYbtd8\" target=\"_blank\" rel=\"noopener\"><span style=\"font-weight: 400;\">ten film<\/span><\/a><span style=\"font-weight: 400;\">, aby zobaczy\u0107 jak renomowany <\/span><i><span style=\"font-weight: 400;\">Magnet Fishing A to Z<\/span><\/i><span style=\"font-weight: 400;\"> wykorzystuje nasz\u0105 pomara\u0144czow\u0105 lin\u0119 z naszym uniwersalnym magnesem 360\u00b0.<\/span><\/p>\n","protected":false},"excerpt":{"rendered":"<p><span style=\"font-weight: 400;\">Specjalnie zaprojektowana lina do \u0142owienia magnesem z <strong>p\u0119tl\u0105<\/strong> i <strong>karabinkiem<\/strong>. Koniec z sup\u0142ami i <strong>100% gwarancj\u0105 jako\u015bci<\/strong>.<\/span><\/p>\n","protected":false},"featured_media":77572,"comment_status":"open","ping_status":"closed","template":"","meta":{"_acf_changed":false,"inline_featured_image":false},"product_brand":[],"product_cat":[588,589,1006],"product_tag":[],"class_list":{"0":"post-83672","1":"product","2":"type-product","3":"status-publish","4":"has-post-thumbnail","6":"product_cat-sprzet","7":"product_cat-sprzet-do-lowienia-magnesem","8":"product_cat-wszystkie-produkty","10":"first","11":"instock","12":"taxable","13":"shipping-taxable","14":"purchasable","15":"product-type-variable"},"acf":[],"yoast_head":"<!-- This site is optimized with the Yoast SEO plugin v27.6 - https:\/\/yoast.com\/product\/yoast-seo-wordpress\/ -->\n<title>Lina do \u0142owienia magnesem - Magnetar \u00ae [KUP TERAZ]<\/title>\n<meta name=\"description\" content=\"Kup najlepsz\u0105 lin\u0119 do \u0142owienia magnesem \u27a4 Magnetar \u00ae. Sklep ze wszystkimi akcesoriami do \u0142owienia magnesem. Wysy\u0142ka tego samego dnia!\" \/>\n<meta name=\"robots\" content=\"index, follow, max-snippet:-1, max-image-preview:large, max-video-preview:-1\" \/>\n<link rel=\"canonical\" href=\"https:\/\/test.magnetarmagnets.com\/pl\/shop\/lina-do-lowienia-magnesem-20-metrow-65-stop\/\" \/>\n<meta property=\"og:locale\" content=\"pl_PL\" \/>\n<meta property=\"og:type\" content=\"article\" \/>\n<meta property=\"og:title\" content=\"Lina do \u0142owienia magnesem - Magnetar \u00ae [KUP TERAZ]\" \/>\n<meta property=\"og:description\" content=\"Kup najlepsz\u0105 lin\u0119 do \u0142owienia magnesem \u27a4 Magnetar \u00ae. Sklep ze wszystkimi akcesoriami do \u0142owienia magnesem. Wysy\u0142ka tego samego dnia!\" \/>\n<meta property=\"og:url\" content=\"https:\/\/test.magnetarmagnets.com\/pl\/shop\/lina-do-lowienia-magnesem-20-metrow-65-stop\/\" \/>\n<meta property=\"og:site_name\" content=\"Magnet fishing with a Magnetar fishing magnet\" \/>\n<meta property=\"article:publisher\" content=\"https:\/\/www.facebook.com\/fishingmagnets\/\" \/>\n<meta property=\"article:modified_time\" content=\"2026-03-17T17:00:09+00:00\" \/>\n<meta property=\"og:image\" content=\"https:\/\/test.magnetarmagnets.com\/wp-content\/uploads\/2014\/04\/Vismagneet-touw-1.jpg\" \/>\n\t<meta property=\"og:image:width\" content=\"1000\" \/>\n\t<meta property=\"og:image:height\" content=\"1000\" \/>\n\t<meta property=\"og:image:type\" content=\"image\/jpeg\" \/>\n<meta name=\"twitter:card\" content=\"summary_large_image\" \/>\n<meta name=\"twitter:label1\" content=\"Szacowany czas czytania\" \/>\n\t<meta name=\"twitter:data1\" content=\"3 minuty\" \/>\n<script type=\"application\/ld+json\" class=\"yoast-schema-graph\">{\"@context\":\"https:\\\/\\\/schema.org\",\"@graph\":[{\"@type\":[\"WebPage\",\"ItemPage\"],\"@id\":\"https:\\\/\\\/test.magnetarmagnets.com\\\/pl\\\/shop\\\/lina-do-lowienia-magnesem-20-metrow-65-stop\\\/\",\"url\":\"https:\\\/\\\/test.magnetarmagnets.com\\\/pl\\\/shop\\\/lina-do-lowienia-magnesem-20-metrow-65-stop\\\/\",\"name\":\"Lina do \u0142owienia magnesem - Magnetar \u00ae [KUP TERAZ]\",\"isPartOf\":{\"@id\":\"https:\\\/\\\/test.magnetarmagnets.com\\\/pl\\\/#website\"},\"primaryImageOfPage\":{\"@id\":\"https:\\\/\\\/test.magnetarmagnets.com\\\/pl\\\/shop\\\/lina-do-lowienia-magnesem-20-metrow-65-stop\\\/#primaryimage\"},\"image\":{\"@id\":\"https:\\\/\\\/test.magnetarmagnets.com\\\/pl\\\/shop\\\/lina-do-lowienia-magnesem-20-metrow-65-stop\\\/#primaryimage\"},\"thumbnailUrl\":\"https:\\\/\\\/test.magnetarmagnets.com\\\/wp-content\\\/uploads\\\/2014\\\/04\\\/Vismagneet-touw-1.jpg\",\"datePublished\":\"2025-06-19T11:55:40+00:00\",\"dateModified\":\"2026-03-17T17:00:09+00:00\",\"description\":\"Kup najlepsz\u0105 lin\u0119 do \u0142owienia magnesem \u27a4 Magnetar \u00ae. Sklep ze wszystkimi akcesoriami do \u0142owienia magnesem. Wysy\u0142ka tego samego dnia!\",\"breadcrumb\":{\"@id\":\"https:\\\/\\\/test.magnetarmagnets.com\\\/pl\\\/shop\\\/lina-do-lowienia-magnesem-20-metrow-65-stop\\\/#breadcrumb\"},\"inLanguage\":\"pl-PL\",\"potentialAction\":[{\"@type\":\"ReadAction\",\"target\":[\"https:\\\/\\\/test.magnetarmagnets.com\\\/pl\\\/shop\\\/lina-do-lowienia-magnesem-20-metrow-65-stop\\\/\"]}]},{\"@type\":\"ImageObject\",\"inLanguage\":\"pl-PL\",\"@id\":\"https:\\\/\\\/test.magnetarmagnets.com\\\/pl\\\/shop\\\/lina-do-lowienia-magnesem-20-metrow-65-stop\\\/#primaryimage\",\"url\":\"https:\\\/\\\/test.magnetarmagnets.com\\\/wp-content\\\/uploads\\\/2014\\\/04\\\/Vismagneet-touw-1.jpg\",\"contentUrl\":\"https:\\\/\\\/test.magnetarmagnets.com\\\/wp-content\\\/uploads\\\/2014\\\/04\\\/Vismagneet-touw-1.jpg\",\"width\":1000,\"height\":1000,\"caption\":\"fish magnet rope\"},{\"@type\":\"BreadcrumbList\",\"@id\":\"https:\\\/\\\/test.magnetarmagnets.com\\\/pl\\\/shop\\\/lina-do-lowienia-magnesem-20-metrow-65-stop\\\/#breadcrumb\",\"itemListElement\":[{\"@type\":\"ListItem\",\"position\":1,\"name\":\"Home\",\"item\":\"https:\\\/\\\/test.magnetarmagnets.com\\\/pl\\\/\"},{\"@type\":\"ListItem\",\"position\":2,\"name\":\"Sklep\",\"item\":\"https:\\\/\\\/test.magnetarmagnets.com\\\/shop\\\/\"},{\"@type\":\"ListItem\",\"position\":3,\"name\":\"Sprz\u0119t\",\"item\":\"https:\\\/\\\/test.magnetarmagnets.com\\\/pl\\\/collections\\\/sprzet\\\/\"},{\"@type\":\"ListItem\",\"position\":4,\"name\":\"Sprz\u0119t do \u0142owienia magnesem\",\"item\":\"https:\\\/\\\/test.magnetarmagnets.com\\\/pl\\\/collections\\\/sprzet\\\/sprzet-do-lowienia-magnesem\\\/\"},{\"@type\":\"ListItem\",\"position\":5,\"name\":\"Lina do \u0142owienia magnesem || 20 metr\u00f3w \\\/ 65 st\u00f3p\"}]},{\"@type\":\"WebSite\",\"@id\":\"https:\\\/\\\/test.magnetarmagnets.com\\\/pl\\\/#website\",\"url\":\"https:\\\/\\\/test.magnetarmagnets.com\\\/pl\\\/\",\"name\":\"Magnet fishing with a Magnetar fishing magnet\",\"description\":\"Powerful magnets for magnet fishing\",\"publisher\":{\"@id\":\"https:\\\/\\\/test.magnetarmagnets.com\\\/pl\\\/#organization\"},\"potentialAction\":[{\"@type\":\"SearchAction\",\"target\":{\"@type\":\"EntryPoint\",\"urlTemplate\":\"https:\\\/\\\/test.magnetarmagnets.com\\\/pl\\\/?s={search_term_string}\"},\"query-input\":{\"@type\":\"PropertyValueSpecification\",\"valueRequired\":true,\"valueName\":\"search_term_string\"}}],\"inLanguage\":\"pl-PL\"},{\"@type\":\"Organization\",\"@id\":\"https:\\\/\\\/test.magnetarmagnets.com\\\/pl\\\/#organization\",\"name\":\"Magnetar\",\"url\":\"https:\\\/\\\/test.magnetarmagnets.com\\\/pl\\\/\",\"logo\":{\"@type\":\"ImageObject\",\"inLanguage\":\"pl-PL\",\"@id\":\"https:\\\/\\\/test.magnetarmagnets.com\\\/pl\\\/#\\\/schema\\\/logo\\\/image\\\/\",\"url\":\"https:\\\/\\\/magnetarmagnets.com\\\/wp-content\\\/uploads\\\/2021\\\/01\\\/magnetarvismagneet_logo.png\",\"contentUrl\":\"https:\\\/\\\/magnetarmagnets.com\\\/wp-content\\\/uploads\\\/2021\\\/01\\\/magnetarvismagneet_logo.png\",\"width\":209,\"height\":100,\"caption\":\"Magnetar\"},\"image\":{\"@id\":\"https:\\\/\\\/test.magnetarmagnets.com\\\/pl\\\/#\\\/schema\\\/logo\\\/image\\\/\"},\"sameAs\":[\"https:\\\/\\\/www.facebook.com\\\/fishingmagnets\\\/\",\"https:\\\/\\\/www.instagram.com\\\/magnetar_magnets\\\/\",\"https:\\\/\\\/www.linkedin.com\\\/company\\\/magnetarbv\\\/?originalSubdomain=nl\",\"https:\\\/\\\/www.youtube.com\\\/c\\\/MagnetarVismagneet\"]}]}<\/script>\n<!-- \/ Yoast SEO plugin. -->","yoast_head_json":{"title":"Lina do \u0142owienia magnesem - Magnetar \u00ae [KUP TERAZ]","description":"Kup najlepsz\u0105 lin\u0119 do \u0142owienia magnesem \u27a4 Magnetar \u00ae. Sklep ze wszystkimi akcesoriami do \u0142owienia magnesem. Wysy\u0142ka tego samego dnia!","robots":{"index":"index","follow":"follow","max-snippet":"max-snippet:-1","max-image-preview":"max-image-preview:large","max-video-preview":"max-video-preview:-1"},"canonical":"https:\/\/test.magnetarmagnets.com\/pl\/shop\/lina-do-lowienia-magnesem-20-metrow-65-stop\/","og_locale":"pl_PL","og_type":"article","og_title":"Lina do \u0142owienia magnesem - Magnetar \u00ae [KUP TERAZ]","og_description":"Kup najlepsz\u0105 lin\u0119 do \u0142owienia magnesem \u27a4 Magnetar \u00ae. Sklep ze wszystkimi akcesoriami do \u0142owienia magnesem. Wysy\u0142ka tego samego dnia!","og_url":"https:\/\/test.magnetarmagnets.com\/pl\/shop\/lina-do-lowienia-magnesem-20-metrow-65-stop\/","og_site_name":"Magnet fishing with a Magnetar fishing magnet","article_publisher":"https:\/\/www.facebook.com\/fishingmagnets\/","article_modified_time":"2026-03-17T17:00:09+00:00","og_image":[{"width":1000,"height":1000,"url":"https:\/\/test.magnetarmagnets.com\/wp-content\/uploads\/2014\/04\/Vismagneet-touw-1.jpg","type":"image\/jpeg"}],"twitter_card":"summary_large_image","twitter_misc":{"Szacowany czas czytania":"3 minuty"},"schema":{"@context":"https:\/\/schema.org","@graph":[{"@type":["WebPage","ItemPage"],"@id":"https:\/\/test.magnetarmagnets.com\/pl\/shop\/lina-do-lowienia-magnesem-20-metrow-65-stop\/","url":"https:\/\/test.magnetarmagnets.com\/pl\/shop\/lina-do-lowienia-magnesem-20-metrow-65-stop\/","name":"Lina do \u0142owienia magnesem - Magnetar \u00ae [KUP TERAZ]","isPartOf":{"@id":"https:\/\/test.magnetarmagnets.com\/pl\/#website"},"primaryImageOfPage":{"@id":"https:\/\/test.magnetarmagnets.com\/pl\/shop\/lina-do-lowienia-magnesem-20-metrow-65-stop\/#primaryimage"},"image":{"@id":"https:\/\/test.magnetarmagnets.com\/pl\/shop\/lina-do-lowienia-magnesem-20-metrow-65-stop\/#primaryimage"},"thumbnailUrl":"https:\/\/test.magnetarmagnets.com\/wp-content\/uploads\/2014\/04\/Vismagneet-touw-1.jpg","datePublished":"2025-06-19T11:55:40+00:00","dateModified":"2026-03-17T17:00:09+00:00","description":"Kup najlepsz\u0105 lin\u0119 do \u0142owienia magnesem \u27a4 Magnetar \u00ae. Sklep ze wszystkimi akcesoriami do \u0142owienia magnesem. Wysy\u0142ka tego samego dnia!","breadcrumb":{"@id":"https:\/\/test.magnetarmagnets.com\/pl\/shop\/lina-do-lowienia-magnesem-20-metrow-65-stop\/#breadcrumb"},"inLanguage":"pl-PL","potentialAction":[{"@type":"ReadAction","target":["https:\/\/test.magnetarmagnets.com\/pl\/shop\/lina-do-lowienia-magnesem-20-metrow-65-stop\/"]}]},{"@type":"ImageObject","inLanguage":"pl-PL","@id":"https:\/\/test.magnetarmagnets.com\/pl\/shop\/lina-do-lowienia-magnesem-20-metrow-65-stop\/#primaryimage","url":"https:\/\/test.magnetarmagnets.com\/wp-content\/uploads\/2014\/04\/Vismagneet-touw-1.jpg","contentUrl":"https:\/\/test.magnetarmagnets.com\/wp-content\/uploads\/2014\/04\/Vismagneet-touw-1.jpg","width":1000,"height":1000,"caption":"fish magnet rope"},{"@type":"BreadcrumbList","@id":"https:\/\/test.magnetarmagnets.com\/pl\/shop\/lina-do-lowienia-magnesem-20-metrow-65-stop\/#breadcrumb","itemListElement":[{"@type":"ListItem","position":1,"name":"Home","item":"https:\/\/test.magnetarmagnets.com\/pl\/"},{"@type":"ListItem","position":2,"name":"Sklep","item":"https:\/\/test.magnetarmagnets.com\/shop\/"},{"@type":"ListItem","position":3,"name":"Sprz\u0119t","item":"https:\/\/test.magnetarmagnets.com\/pl\/collections\/sprzet\/"},{"@type":"ListItem","position":4,"name":"Sprz\u0119t do \u0142owienia magnesem","item":"https:\/\/test.magnetarmagnets.com\/pl\/collections\/sprzet\/sprzet-do-lowienia-magnesem\/"},{"@type":"ListItem","position":5,"name":"Lina do \u0142owienia magnesem || 20 metr\u00f3w \/ 65 st\u00f3p"}]},{"@type":"WebSite","@id":"https:\/\/test.magnetarmagnets.com\/pl\/#website","url":"https:\/\/test.magnetarmagnets.com\/pl\/","name":"Magnet fishing with a Magnetar fishing magnet","description":"Powerful magnets for magnet fishing","publisher":{"@id":"https:\/\/test.magnetarmagnets.com\/pl\/#organization"},"potentialAction":[{"@type":"SearchAction","target":{"@type":"EntryPoint","urlTemplate":"https:\/\/test.magnetarmagnets.com\/pl\/?s={search_term_string}"},"query-input":{"@type":"PropertyValueSpecification","valueRequired":true,"valueName":"search_term_string"}}],"inLanguage":"pl-PL"},{"@type":"Organization","@id":"https:\/\/test.magnetarmagnets.com\/pl\/#organization","name":"Magnetar","url":"https:\/\/test.magnetarmagnets.com\/pl\/","logo":{"@type":"ImageObject","inLanguage":"pl-PL","@id":"https:\/\/test.magnetarmagnets.com\/pl\/#\/schema\/logo\/image\/","url":"https:\/\/magnetarmagnets.com\/wp-content\/uploads\/2021\/01\/magnetarvismagneet_logo.png","contentUrl":"https:\/\/magnetarmagnets.com\/wp-content\/uploads\/2021\/01\/magnetarvismagneet_logo.png","width":209,"height":100,"caption":"Magnetar"},"image":{"@id":"https:\/\/test.magnetarmagnets.com\/pl\/#\/schema\/logo\/image\/"},"sameAs":["https:\/\/www.facebook.com\/fishingmagnets\/","https:\/\/www.instagram.com\/magnetar_magnets\/","https:\/\/www.linkedin.com\/company\/magnetarbv\/?originalSubdomain=nl","https:\/\/www.youtube.com\/c\/MagnetarVismagneet"]}]}},"_links":{"self":[{"href":"https:\/\/test.magnetarmagnets.com\/pl\/wp-json\/wp\/v2\/product\/83672","targetHints":{"allow":["GET"]}}],"collection":[{"href":"https:\/\/test.magnetarmagnets.com\/pl\/wp-json\/wp\/v2\/product"}],"about":[{"href":"https:\/\/test.magnetarmagnets.com\/pl\/wp-json\/wp\/v2\/types\/product"}],"replies":[{"embeddable":true,"href":"https:\/\/test.magnetarmagnets.com\/pl\/wp-json\/wp\/v2\/comments?post=83672"}],"wp:featuredmedia":[{"embeddable":true,"href":"https:\/\/test.magnetarmagnets.com\/pl\/wp-json\/wp\/v2\/media\/77572"}],"wp:attachment":[{"href":"https:\/\/test.magnetarmagnets.com\/pl\/wp-json\/wp\/v2\/media?parent=83672"}],"wp:term":[{"taxonomy":"product_brand","embeddable":true,"href":"https:\/\/test.magnetarmagnets.com\/pl\/wp-json\/wp\/v2\/product_brand?post=83672"},{"taxonomy":"product_cat","embeddable":true,"href":"https:\/\/test.magnetarmagnets.com\/pl\/wp-json\/wp\/v2\/product_cat?post=83672"},{"taxonomy":"product_tag","embeddable":true,"href":"https:\/\/test.magnetarmagnets.com\/pl\/wp-json\/wp\/v2\/product_tag?post=83672"}],"curies":[{"name":"wp","href":"https:\/\/api.w.org\/{rel}","templated":true}]}}