{"id":83666,"date":"2025-06-05T09:54:37","date_gmt":"2025-06-05T07:54:37","guid":{"rendered":"https:\/\/magnetarmagnets.com\/?post_type=product&#038;p=83666"},"modified":"2026-02-13T10:26:27","modified_gmt":"2026-02-13T09:26:27","slug":"zestaw-warrior-dwa-magnesy-terror-beast-uniwersalne-360","status":"publish","type":"product","link":"https:\/\/test.magnetarmagnets.com\/pl\/shop\/zestaw-warrior-dwa-magnesy-terror-beast-uniwersalne-360\/","title":{"rendered":"Zestaw Warrior &#8211; Dwa magnesy Terror + Beast &#8211; Uniwersalne 360\u00b0"},"content":{"rendered":"<p><b>UWAGA!<\/b> Ten zestaw zawiera niezwykle pot\u0119\u017cne magnesy. Bardzo wa\u017cne jest, aby zawsze zachowa\u0107 odleg\u0142o\u015b\u0107 co najmniej 1 metra pomi\u0119dzy tymi magnesami. W przeciwnym razie mo\u017ce to prowadzi\u0107 do bardzo niebezpiecznych sytuacji.<\/p>\n<p><span style=\"font-weight: 400;\">Zestaw <b>Warrior<\/b><\/span> jest wyposa\u017cony w najsilniejsze magnesy dost\u0119pne na rynku, <a href=\"https:\/\/test.magnetarmagnets.com\/shop\/exclusive-terror-magnet\/\" target=\"_blank\" rel=\"noopener\">Terror<\/a> oraz <a href=\"https:\/\/test.magnetarmagnets.com\/shop\/beast-magnet\/\" target=\"_blank\" rel=\"noopener\">Beast<\/a>! Te dwa potwory magnetyczne z pewno\u015bci\u0105 przekonaj\u0105 Ci\u0119 swoim uniwersalnym, 360\u00b0 magnesem do \u0142owienia magnesem. Ten zestaw jest przeznaczony dla zaawansowanych magnesowc\u00f3w, kt\u00f3rzy chc\u0105 \u0142owi\u0107 magnesem z najwy\u017cszym prawdopodobie\u0144stwem znalezienia przedmiot\u00f3w. W zestawie znajdziesz r\u00f3wnie\u017c klej do blokowania, 2x lina o \u015brednicy 10 mm, 2x wodoodporne r\u0119kawice oraz ochronne pokrowce na oba magnesy. Chcesz by\u0107 prawdziwym wojownikiem w \u0142owieniu magnesem? Kup szybko ten zestaw z dodatkowym rabatem.<\/p>\n<h2><b>Czy jeste\u015b got\u00f3w spr\u00f3bowa\u0107 magnes\u00f3w Beast i Terror?<\/b><\/h2>\n<p>Nazwa magnes\u00f3w m\u00f3wi sama za siebie \u2013 s\u0105 ekstremalne! Magnes Terror oferuje bardzo dalekosi\u0119\u017cn\u0105 si\u0142\u0119 przyci\u0105gania do 1000 kg. Magnes Beast ma 360\u00b0 si\u0142\u0119 przyci\u0105gania o warto\u015bci 1400 kg. Obiekty przyci\u0105gane s\u0105 ze wszystkich stron przez te magnesy, niezale\u017cnie od warunk\u00f3w podwodnych (b\u0142oto, mu\u0142, pr\u0105d, ska\u0142y), a przy tym nie haczy o kamienie. Zaprojektowane dla zaawansowanych magnesowc\u00f3w, wymagaj\u0105 dodatkowej ostro\u017cno\u015bci i dba\u0142o\u015bci.<\/p>\n<h2><b>Ewolucja magnes\u00f3w<\/b><\/h2>\n<p>Wiele magnes\u00f3w przyci\u0105ga tylko z jednej strony. To klasyczne magnesy do \u0142owienia. Magnetar jako pierwsza firma przebudowa\u0142a ten klasyk na magnes dwustronny. W 2016 roku Magnetar opracowa\u0142 uniwersalny magnes do \u0142owienia z si\u0142\u0105 przyci\u0105gania 360\u00b0. Magnesar przyci\u0105ga magnesowc\u00f3w w ca\u0142ej UE dzi\u0119ki 100% magnesom neodymowym, staj\u0105c si\u0119 numerem 1 w Europie. Nasze magnesy s\u0105 wykonane z najwy\u017csz\u0105 jako\u015bci\u0105, projektem i dba\u0142o\u015bci\u0105 przez zesp\u00f3\u0142 pasjonat\u00f3w \u0142owienia magnesem. Nasi klienci wracaj\u0105, bo z Magnetarem dostaj\u0105 wi\u0119cej ni\u017c magnes \u2013 \u0142owi\u0105 rzeczy skarby.<\/p>\n<h2><strong>Mocna si\u0142a przyci\u0105gania 360\u00b0<\/strong><\/h2>\n<p>Magnes Beast to jeden z najsilniejszych magnes\u00f3w w naszej ofercie, z si\u0142\u0105 przyci\u0105gania do 1400 kg. Jego si\u0142a przyci\u0105gania jest pot\u0119\u017cna i dzia\u0142a na ca\u0142y obszar wok\u00f3\u0142 magnesu, w przeciwie\u0144stwie do magnes\u00f3w jednostronnych os\u0142oni\u0119tych stalow\u0105 obudow\u0105 kieruj\u0105c\u0105 si\u0142\u0119 przyci\u0105gania w jednym kierunku. Chcesz zobaczy\u0107, jak mierzymy si\u0142\u0119 przyci\u0105gania? <a href=\"https:\/\/www.youtube.com\/watch?v=2McW3RURDxs\" target=\"_blank\" rel=\"noopener\">Obejrzyj nasz film o pomiarach si\u0142y przyci\u0105gania<\/a>.<\/p>\n<h2><b>Wysoka jako\u015b\u0107<\/b><\/h2>\n<p>Nasze <a href=\"https:\/\/test.magnetarmagnets.com\/\" target=\"_blank\" rel=\"noopener\">magnesy do \u0142owienia magnesem<\/a> wykonane s\u0105 w 100% z neodymu. Magnesy Magnetar zachowuj\u0105 swoj\u0105 si\u0142\u0119 magnetyczn\u0105 przez dziesi\u0119ciolecia, trac\u0105c tylko 1% na 100 lat (pod warunkiem w\u0142a\u015bciwego przechowywania i piel\u0119gnacji).<\/p>\n<p>Wi\u0119kszo\u015b\u0107 innych dostawc\u00f3w pokazuje spadek si\u0142y ju\u017c po kilku tygodniach. W ostatnich latach zauwa\u017cyli\u015bmy coraz wi\u0119cej niskiej jako\u015bci magnes\u00f3w na rynku: wi\u0119ksze, ale o mniejszej sile przyci\u0105gania, s\u0142abej jako\u015bci neodym, nieuczciwe reklamy. Kupuj\u0105c takie magnesy taniej lub od du\u017cych korporacji, mo\u017cesz si\u0119 rozczarowa\u0107 mimo ni\u017cszej ceny.<\/p>\n<p>Magnetar to ma\u0142a firma rodzinna, kt\u00f3ra stawia jako\u015b\u0107 na pierwszym miejscu. Jeste\u015bmy pasjonatami \u0142owienia magnesem, a wszystkie nasze magnesy s\u0105 zaprojektowane i wykonane przez nasz zesp\u00f3\u0142, aby jak najlepiej spe\u0142ni\u0107 Twoje oczekiwania (albo znale\u017a\u0107 skarby!). Je\u015bli szukasz niezawodnego, skutecznego i <a href=\"https:\/\/test.magnetarmagnets.com\/strong-fishing-magnets\/\" target=\"_blank\" rel=\"noopener\">mocnego magnesu do \u0142owienia magnesem<\/a>, jeste\u015b we w\u0142a\u015bciwym miejscu. Ch\u0119tnie odpowiemy na Twoje pytania, <a href=\"mailto:info@test.magnetarmagnets.com\">skontaktuj si\u0119 z nami tutaj<\/a>.<\/p>\n<h2><b>Pokrowiec ochronny<\/b><\/h2>\n<p>Pokrowiec ochronny w zestawie to idealny dodatek dla os\u00f3b \u0142owi\u0105cych magnesem, kt\u00f3rzy chc\u0105 chroni\u0107 swoje magnesy neodymowe podczas \u0142owienia. Trwa\u0142e pokrowce s\u0105 specjalnie dopasowane do magnesu i zapewniaj\u0105 dodatkow\u0105 warstw\u0119 ochrony przed zarysowaniami, uszkodzeniami i innymi zagro\u017ceniami. Nasze pokrowce s\u0105 wytrzyma\u0142e i odporne na najtrudniejsze warunki. Wykonane ze stali nierdzewnej, gwarantuj\u0105, \u017ce magnes zachowa magnetyzm 360\u00b0. Dzi\u0119ki nim mo\u017cesz \u0142owi\u0107 magnesem bez obaw o uszkodzenia.<\/p>\n<p>(Pami\u0119taj, \u017ce dno magnesu nie jest chronione przez pokrowiec)<\/p>\n<h2><b>U\u017cywaj ostro\u017cnie<\/b><\/h2>\n<p>Nasze magnesy neodymowe s\u0105 bardzo silne i przyci\u0105gaj\u0105 metalowe przedmioty z du\u017c\u0105 si\u0142\u0105 oraz pr\u0119dko\u015bci\u0105, gdy znajduj\u0105 si\u0119 blisko. Silniejsze magnesy, takie jak magnes 360\u00b0 allround, mog\u0105 spowodowa\u0107, \u017ce palce zostan\u0105 z\u0142apane mi\u0119dzy magnes a przedmiot. Obs\u0142uguj magnesy ostro\u017cnie i u\u017cywaj ich na w\u0142asne ryzyko. Przeczytaj zawsze nasze ostrze\u017cenia dotycz\u0105ce bezpiecze\u0144stwa przed u\u017cyciem.<\/p>\n<p>* Dzieci musz\u0105 korzysta\u0107 z magnes\u00f3w pod nadzorem osoby doros\u0142ej.<\/p>\n<p>Nie zapomnij zajrze\u0107 do naszych <a href=\"https:\/\/test.magnetarmagnets.com\/magnet-fishing-kit\/\" target=\"_blank\" rel=\"noopener\">zestaw\u00f3w do \u0142owienia magnesem<\/a> oraz <a href=\"https:\/\/test.magnetarmagnets.com\/accessories\/\" target=\"_blank\" rel=\"noopener\">akcesori\u00f3w do \u0142owienia magnesem<\/a>.<\/p>\n","protected":false},"excerpt":{"rendered":"<p><span style=\"font-weight: 400;\">Postaw na <strong>moc<\/strong> i <strong>si\u0142\u0119<\/strong> z dwoma niezwykle silnymi uniwersalnymi magnesami do \u0142owienia, <strong>Terror<\/strong> oraz <strong>Beast<\/strong>, w jednym zestawie.<\/span><\/p>\n","protected":false},"featured_media":78915,"comment_status":"open","ping_status":"closed","template":"","meta":{"_acf_changed":false,"inline_featured_image":false},"product_brand":[],"product_cat":[586,581,595,1006,587],"product_tag":[],"class_list":{"0":"post-83666","1":"product","2":"type-product","3":"status-publish","4":"has-post-thumbnail","6":"product_cat-allround-magnesy-do-lowienia-360","7":"product_cat-magnesy-do-lowienia","8":"product_cat-profesjonalisci","9":"product_cat-wszystkie-produkty","10":"product_cat-zestaw-do-lowienia-magnesem","12":"first","13":"instock","14":"sale","15":"taxable","16":"shipping-taxable","17":"purchasable","18":"product-type-simple"},"acf":[],"yoast_head":"<!-- This site is optimized with the Yoast SEO plugin v27.6 - https:\/\/yoast.com\/product\/yoast-seo-wordpress\/ -->\n<title>Zestaw Warrior - Dwa magnesy Terror + Beast - Uniwersalne 360\u00b0 - Magnet fishing with a Magnetar fishing magnet<\/title>\n<meta name=\"description\" content=\"Zestaw Warrior - Dwa magnesy: Terror + Beast - Magnetar\" \/>\n<meta name=\"robots\" content=\"index, follow, max-snippet:-1, max-image-preview:large, max-video-preview:-1\" \/>\n<link rel=\"canonical\" href=\"https:\/\/test.magnetarmagnets.com\/pl\/shop\/zestaw-warrior-dwa-magnesy-terror-beast-uniwersalne-360\/\" \/>\n<meta property=\"og:locale\" content=\"pl_PL\" \/>\n<meta property=\"og:type\" content=\"article\" \/>\n<meta property=\"og:title\" content=\"Zestaw Warrior - Dwa magnesy Terror + Beast - Uniwersalne 360\u00b0 - Magnet fishing with a Magnetar fishing magnet\" \/>\n<meta property=\"og:description\" content=\"Zestaw Warrior - Dwa magnesy: Terror + Beast - Magnetar\" \/>\n<meta property=\"og:url\" content=\"https:\/\/test.magnetarmagnets.com\/pl\/shop\/zestaw-warrior-dwa-magnesy-terror-beast-uniwersalne-360\/\" \/>\n<meta property=\"og:site_name\" content=\"Magnet fishing with a Magnetar fishing magnet\" \/>\n<meta property=\"article:publisher\" content=\"https:\/\/www.facebook.com\/fishingmagnets\/\" \/>\n<meta property=\"article:modified_time\" content=\"2026-02-13T09:26:27+00:00\" \/>\n<meta property=\"og:image\" content=\"https:\/\/test.magnetarmagnets.com\/wp-content\/uploads\/2021\/10\/MAGNETAR-WARRIOR-KIT-GOOGLE.jpg\" \/>\n\t<meta property=\"og:image:width\" content=\"1500\" \/>\n\t<meta property=\"og:image:height\" content=\"1500\" \/>\n\t<meta property=\"og:image:type\" content=\"image\/jpeg\" \/>\n<meta name=\"twitter:card\" content=\"summary_large_image\" \/>\n<meta name=\"twitter:label1\" content=\"Szacowany czas czytania\" \/>\n\t<meta name=\"twitter:data1\" content=\"4 minuty\" \/>\n<script type=\"application\/ld+json\" class=\"yoast-schema-graph\">{\"@context\":\"https:\\\/\\\/schema.org\",\"@graph\":[{\"@type\":[\"WebPage\",\"ItemPage\"],\"@id\":\"https:\\\/\\\/test.magnetarmagnets.com\\\/pl\\\/shop\\\/zestaw-warrior-dwa-magnesy-terror-beast-uniwersalne-360\\\/\",\"url\":\"https:\\\/\\\/test.magnetarmagnets.com\\\/pl\\\/shop\\\/zestaw-warrior-dwa-magnesy-terror-beast-uniwersalne-360\\\/\",\"name\":\"Zestaw Warrior - Dwa magnesy Terror + Beast - Uniwersalne 360\u00b0 - Magnet fishing with a Magnetar fishing magnet\",\"isPartOf\":{\"@id\":\"https:\\\/\\\/test.magnetarmagnets.com\\\/pl\\\/#website\"},\"primaryImageOfPage\":{\"@id\":\"https:\\\/\\\/test.magnetarmagnets.com\\\/pl\\\/shop\\\/zestaw-warrior-dwa-magnesy-terror-beast-uniwersalne-360\\\/#primaryimage\"},\"image\":{\"@id\":\"https:\\\/\\\/test.magnetarmagnets.com\\\/pl\\\/shop\\\/zestaw-warrior-dwa-magnesy-terror-beast-uniwersalne-360\\\/#primaryimage\"},\"thumbnailUrl\":\"https:\\\/\\\/test.magnetarmagnets.com\\\/wp-content\\\/uploads\\\/2021\\\/10\\\/MAGNETAR-WARRIOR-KIT-GOOGLE.jpg\",\"datePublished\":\"2025-06-05T07:54:37+00:00\",\"dateModified\":\"2026-02-13T09:26:27+00:00\",\"description\":\"Zestaw Warrior - Dwa magnesy: Terror + Beast - Magnetar\",\"breadcrumb\":{\"@id\":\"https:\\\/\\\/test.magnetarmagnets.com\\\/pl\\\/shop\\\/zestaw-warrior-dwa-magnesy-terror-beast-uniwersalne-360\\\/#breadcrumb\"},\"inLanguage\":\"pl-PL\",\"potentialAction\":[{\"@type\":\"ReadAction\",\"target\":[\"https:\\\/\\\/test.magnetarmagnets.com\\\/pl\\\/shop\\\/zestaw-warrior-dwa-magnesy-terror-beast-uniwersalne-360\\\/\"]}]},{\"@type\":\"ImageObject\",\"inLanguage\":\"pl-PL\",\"@id\":\"https:\\\/\\\/test.magnetarmagnets.com\\\/pl\\\/shop\\\/zestaw-warrior-dwa-magnesy-terror-beast-uniwersalne-360\\\/#primaryimage\",\"url\":\"https:\\\/\\\/test.magnetarmagnets.com\\\/wp-content\\\/uploads\\\/2021\\\/10\\\/MAGNETAR-WARRIOR-KIT-GOOGLE.jpg\",\"contentUrl\":\"https:\\\/\\\/test.magnetarmagnets.com\\\/wp-content\\\/uploads\\\/2021\\\/10\\\/MAGNETAR-WARRIOR-KIT-GOOGLE.jpg\",\"width\":1500,\"height\":1500,\"caption\":\"MAGNETAR-WARRIOR-KIT\"},{\"@type\":\"BreadcrumbList\",\"@id\":\"https:\\\/\\\/test.magnetarmagnets.com\\\/pl\\\/shop\\\/zestaw-warrior-dwa-magnesy-terror-beast-uniwersalne-360\\\/#breadcrumb\",\"itemListElement\":[{\"@type\":\"ListItem\",\"position\":1,\"name\":\"Home\",\"item\":\"https:\\\/\\\/test.magnetarmagnets.com\\\/pl\\\/\"},{\"@type\":\"ListItem\",\"position\":2,\"name\":\"Sklep\",\"item\":\"https:\\\/\\\/test.magnetarmagnets.com\\\/shop\\\/\"},{\"@type\":\"ListItem\",\"position\":3,\"name\":\"Magnesy do \u0142owienia\",\"item\":\"https:\\\/\\\/test.magnetarmagnets.com\\\/pl\\\/collections\\\/magnesy-do-lowienia\\\/\"},{\"@type\":\"ListItem\",\"position\":4,\"name\":\"Allround magnesy do \u0142owienia 360\u00b0\",\"item\":\"https:\\\/\\\/test.magnetarmagnets.com\\\/pl\\\/collections\\\/magnesy-do-lowienia\\\/allround-magnesy-do-lowienia-360\\\/\"},{\"@type\":\"ListItem\",\"position\":5,\"name\":\"Zestaw Warrior &#8211; Dwa magnesy Terror + Beast &#8211; Uniwersalne 360\u00b0\"}]},{\"@type\":\"WebSite\",\"@id\":\"https:\\\/\\\/test.magnetarmagnets.com\\\/pl\\\/#website\",\"url\":\"https:\\\/\\\/test.magnetarmagnets.com\\\/pl\\\/\",\"name\":\"Magnet fishing with a Magnetar fishing magnet\",\"description\":\"Powerful magnets for magnet fishing\",\"publisher\":{\"@id\":\"https:\\\/\\\/test.magnetarmagnets.com\\\/pl\\\/#organization\"},\"potentialAction\":[{\"@type\":\"SearchAction\",\"target\":{\"@type\":\"EntryPoint\",\"urlTemplate\":\"https:\\\/\\\/test.magnetarmagnets.com\\\/pl\\\/?s={search_term_string}\"},\"query-input\":{\"@type\":\"PropertyValueSpecification\",\"valueRequired\":true,\"valueName\":\"search_term_string\"}}],\"inLanguage\":\"pl-PL\"},{\"@type\":\"Organization\",\"@id\":\"https:\\\/\\\/test.magnetarmagnets.com\\\/pl\\\/#organization\",\"name\":\"Magnetar\",\"url\":\"https:\\\/\\\/test.magnetarmagnets.com\\\/pl\\\/\",\"logo\":{\"@type\":\"ImageObject\",\"inLanguage\":\"pl-PL\",\"@id\":\"https:\\\/\\\/test.magnetarmagnets.com\\\/pl\\\/#\\\/schema\\\/logo\\\/image\\\/\",\"url\":\"https:\\\/\\\/magnetarmagnets.com\\\/wp-content\\\/uploads\\\/2021\\\/01\\\/magnetarvismagneet_logo.png\",\"contentUrl\":\"https:\\\/\\\/magnetarmagnets.com\\\/wp-content\\\/uploads\\\/2021\\\/01\\\/magnetarvismagneet_logo.png\",\"width\":209,\"height\":100,\"caption\":\"Magnetar\"},\"image\":{\"@id\":\"https:\\\/\\\/test.magnetarmagnets.com\\\/pl\\\/#\\\/schema\\\/logo\\\/image\\\/\"},\"sameAs\":[\"https:\\\/\\\/www.facebook.com\\\/fishingmagnets\\\/\",\"https:\\\/\\\/www.instagram.com\\\/magnetar_magnets\\\/\",\"https:\\\/\\\/www.linkedin.com\\\/company\\\/magnetarbv\\\/?originalSubdomain=nl\",\"https:\\\/\\\/www.youtube.com\\\/c\\\/MagnetarVismagneet\"]}]}<\/script>\n<!-- \/ Yoast SEO plugin. -->","yoast_head_json":{"title":"Zestaw Warrior - Dwa magnesy Terror + Beast - Uniwersalne 360\u00b0 - Magnet fishing with a Magnetar fishing magnet","description":"Zestaw Warrior - Dwa magnesy: Terror + Beast - Magnetar","robots":{"index":"index","follow":"follow","max-snippet":"max-snippet:-1","max-image-preview":"max-image-preview:large","max-video-preview":"max-video-preview:-1"},"canonical":"https:\/\/test.magnetarmagnets.com\/pl\/shop\/zestaw-warrior-dwa-magnesy-terror-beast-uniwersalne-360\/","og_locale":"pl_PL","og_type":"article","og_title":"Zestaw Warrior - Dwa magnesy Terror + Beast - Uniwersalne 360\u00b0 - Magnet fishing with a Magnetar fishing magnet","og_description":"Zestaw Warrior - Dwa magnesy: Terror + Beast - Magnetar","og_url":"https:\/\/test.magnetarmagnets.com\/pl\/shop\/zestaw-warrior-dwa-magnesy-terror-beast-uniwersalne-360\/","og_site_name":"Magnet fishing with a Magnetar fishing magnet","article_publisher":"https:\/\/www.facebook.com\/fishingmagnets\/","article_modified_time":"2026-02-13T09:26:27+00:00","og_image":[{"width":1500,"height":1500,"url":"https:\/\/test.magnetarmagnets.com\/wp-content\/uploads\/2021\/10\/MAGNETAR-WARRIOR-KIT-GOOGLE.jpg","type":"image\/jpeg"}],"twitter_card":"summary_large_image","twitter_misc":{"Szacowany czas czytania":"4 minuty"},"schema":{"@context":"https:\/\/schema.org","@graph":[{"@type":["WebPage","ItemPage"],"@id":"https:\/\/test.magnetarmagnets.com\/pl\/shop\/zestaw-warrior-dwa-magnesy-terror-beast-uniwersalne-360\/","url":"https:\/\/test.magnetarmagnets.com\/pl\/shop\/zestaw-warrior-dwa-magnesy-terror-beast-uniwersalne-360\/","name":"Zestaw Warrior - Dwa magnesy Terror + Beast - Uniwersalne 360\u00b0 - Magnet fishing with a Magnetar fishing magnet","isPartOf":{"@id":"https:\/\/test.magnetarmagnets.com\/pl\/#website"},"primaryImageOfPage":{"@id":"https:\/\/test.magnetarmagnets.com\/pl\/shop\/zestaw-warrior-dwa-magnesy-terror-beast-uniwersalne-360\/#primaryimage"},"image":{"@id":"https:\/\/test.magnetarmagnets.com\/pl\/shop\/zestaw-warrior-dwa-magnesy-terror-beast-uniwersalne-360\/#primaryimage"},"thumbnailUrl":"https:\/\/test.magnetarmagnets.com\/wp-content\/uploads\/2021\/10\/MAGNETAR-WARRIOR-KIT-GOOGLE.jpg","datePublished":"2025-06-05T07:54:37+00:00","dateModified":"2026-02-13T09:26:27+00:00","description":"Zestaw Warrior - Dwa magnesy: Terror + Beast - Magnetar","breadcrumb":{"@id":"https:\/\/test.magnetarmagnets.com\/pl\/shop\/zestaw-warrior-dwa-magnesy-terror-beast-uniwersalne-360\/#breadcrumb"},"inLanguage":"pl-PL","potentialAction":[{"@type":"ReadAction","target":["https:\/\/test.magnetarmagnets.com\/pl\/shop\/zestaw-warrior-dwa-magnesy-terror-beast-uniwersalne-360\/"]}]},{"@type":"ImageObject","inLanguage":"pl-PL","@id":"https:\/\/test.magnetarmagnets.com\/pl\/shop\/zestaw-warrior-dwa-magnesy-terror-beast-uniwersalne-360\/#primaryimage","url":"https:\/\/test.magnetarmagnets.com\/wp-content\/uploads\/2021\/10\/MAGNETAR-WARRIOR-KIT-GOOGLE.jpg","contentUrl":"https:\/\/test.magnetarmagnets.com\/wp-content\/uploads\/2021\/10\/MAGNETAR-WARRIOR-KIT-GOOGLE.jpg","width":1500,"height":1500,"caption":"MAGNETAR-WARRIOR-KIT"},{"@type":"BreadcrumbList","@id":"https:\/\/test.magnetarmagnets.com\/pl\/shop\/zestaw-warrior-dwa-magnesy-terror-beast-uniwersalne-360\/#breadcrumb","itemListElement":[{"@type":"ListItem","position":1,"name":"Home","item":"https:\/\/test.magnetarmagnets.com\/pl\/"},{"@type":"ListItem","position":2,"name":"Sklep","item":"https:\/\/test.magnetarmagnets.com\/shop\/"},{"@type":"ListItem","position":3,"name":"Magnesy do \u0142owienia","item":"https:\/\/test.magnetarmagnets.com\/pl\/collections\/magnesy-do-lowienia\/"},{"@type":"ListItem","position":4,"name":"Allround magnesy do \u0142owienia 360\u00b0","item":"https:\/\/test.magnetarmagnets.com\/pl\/collections\/magnesy-do-lowienia\/allround-magnesy-do-lowienia-360\/"},{"@type":"ListItem","position":5,"name":"Zestaw Warrior &#8211; Dwa magnesy Terror + Beast &#8211; Uniwersalne 360\u00b0"}]},{"@type":"WebSite","@id":"https:\/\/test.magnetarmagnets.com\/pl\/#website","url":"https:\/\/test.magnetarmagnets.com\/pl\/","name":"Magnet fishing with a Magnetar fishing magnet","description":"Powerful magnets for magnet fishing","publisher":{"@id":"https:\/\/test.magnetarmagnets.com\/pl\/#organization"},"potentialAction":[{"@type":"SearchAction","target":{"@type":"EntryPoint","urlTemplate":"https:\/\/test.magnetarmagnets.com\/pl\/?s={search_term_string}"},"query-input":{"@type":"PropertyValueSpecification","valueRequired":true,"valueName":"search_term_string"}}],"inLanguage":"pl-PL"},{"@type":"Organization","@id":"https:\/\/test.magnetarmagnets.com\/pl\/#organization","name":"Magnetar","url":"https:\/\/test.magnetarmagnets.com\/pl\/","logo":{"@type":"ImageObject","inLanguage":"pl-PL","@id":"https:\/\/test.magnetarmagnets.com\/pl\/#\/schema\/logo\/image\/","url":"https:\/\/magnetarmagnets.com\/wp-content\/uploads\/2021\/01\/magnetarvismagneet_logo.png","contentUrl":"https:\/\/magnetarmagnets.com\/wp-content\/uploads\/2021\/01\/magnetarvismagneet_logo.png","width":209,"height":100,"caption":"Magnetar"},"image":{"@id":"https:\/\/test.magnetarmagnets.com\/pl\/#\/schema\/logo\/image\/"},"sameAs":["https:\/\/www.facebook.com\/fishingmagnets\/","https:\/\/www.instagram.com\/magnetar_magnets\/","https:\/\/www.linkedin.com\/company\/magnetarbv\/?originalSubdomain=nl","https:\/\/www.youtube.com\/c\/MagnetarVismagneet"]}]}},"_links":{"self":[{"href":"https:\/\/test.magnetarmagnets.com\/pl\/wp-json\/wp\/v2\/product\/83666","targetHints":{"allow":["GET"]}}],"collection":[{"href":"https:\/\/test.magnetarmagnets.com\/pl\/wp-json\/wp\/v2\/product"}],"about":[{"href":"https:\/\/test.magnetarmagnets.com\/pl\/wp-json\/wp\/v2\/types\/product"}],"replies":[{"embeddable":true,"href":"https:\/\/test.magnetarmagnets.com\/pl\/wp-json\/wp\/v2\/comments?post=83666"}],"wp:featuredmedia":[{"embeddable":true,"href":"https:\/\/test.magnetarmagnets.com\/pl\/wp-json\/wp\/v2\/media\/78915"}],"wp:attachment":[{"href":"https:\/\/test.magnetarmagnets.com\/pl\/wp-json\/wp\/v2\/media?parent=83666"}],"wp:term":[{"taxonomy":"product_brand","embeddable":true,"href":"https:\/\/test.magnetarmagnets.com\/pl\/wp-json\/wp\/v2\/product_brand?post=83666"},{"taxonomy":"product_cat","embeddable":true,"href":"https:\/\/test.magnetarmagnets.com\/pl\/wp-json\/wp\/v2\/product_cat?post=83666"},{"taxonomy":"product_tag","embeddable":true,"href":"https:\/\/test.magnetarmagnets.com\/pl\/wp-json\/wp\/v2\/product_tag?post=83666"}],"curies":[{"name":"wp","href":"https:\/\/api.w.org\/{rel}","templated":true}]}}