{"id":83656,"date":"2025-06-05T09:54:40","date_gmt":"2025-06-05T07:54:40","guid":{"rendered":"https:\/\/magnetarmagnets.com\/?post_type=product&#038;p=83656"},"modified":"2025-08-11T10:09:55","modified_gmt":"2025-08-11T08:09:55","slug":"klasyczny-magnes-do-lowienia-300kg-magnes-jednostronny","status":"publish","type":"product","link":"https:\/\/test.magnetarmagnets.com\/pl\/shop\/klasyczny-magnes-do-lowienia-300kg-magnes-jednostronny\/","title":{"rendered":"Klasyczny magnes do \u0142owienia &#8211; 300KG &#8211; magnes jednostronny"},"content":{"rendered":"<p>Klasyczny magnes do \u0142owienia 300 to jednostronny neodymowy magnes do \u0142owienia. Ma si\u0142\u0119 przyci\u0105gania do 660LB\/300KG. Klasyczny magnes 300 jest polecany dla pocz\u0105tkuj\u0105cych, kt\u00f3rzy chc\u0105 wyci\u0105ga\u0107 wi\u0119ksze przedmioty z wody. Ten magnes jest odporny na uderzenia. Jest otoczony stalow\u0105 obudow\u0105, kt\u00f3ra chroni go przed uderzeniami. Je\u015bli szukasz magnesu, kt\u00f3rego mog\u0105 u\u017cywa\u0107 wszyscy cz\u0142onkowie rodziny w przyst\u0119pnej cenie, to jest magnes, kt\u00f3ry musisz mie\u0107.<\/p>\n<h2><strong>Mocny, jednostronny magnes do \u0142owienia 660LB\/300KG<\/strong><\/h2>\n<p>Magnes ma obudow\u0119 odporn\u0105 na uderzenia i upadki. W efekcie magnes ma si\u0142\u0119 magnetyczn\u0105 tylko na dole. Wszystkie si\u0142y ci\u0105gni\u0119cia skoncentrowane s\u0105 w d\u00f3\u0142, co sprawia, \u017ce magnes jest niezwykle mocny. <span style=\"font-weight: 400;\">\u00a0Je\u015bli szukasz wszechstronnego magnesu o wi\u0119kszym potencjale, sprawd\u017a nasze magnesy <a href=\"https:\/\/test.magnetarmagnets.com\/shop\/easy-magnet\">Easy<\/a> i <a href=\"https:\/\/test.magnetarmagnets.com\/shop\/hardcore-magnet-2\/\" target=\"_blank\" rel=\"noopener noreferrer\">Hardcore<\/a>.<\/span><\/p>\n<h2>Czy to nie za du\u017ca si\u0142a przyci\u0105gania?<\/h2>\n<p>Nie martw si\u0119! Obiecana si\u0142a przyci\u0105gania 660LB\/300kg jest osi\u0105gana tylko w idealnych warunkach. Warunki te to p\u0142aski metal o grubo\u015bci 0,78 cala \/ 2 cm, brak rdzy i zabrudze\u0144 mi\u0119dzy magnesem a metalem. Szansa na znalezienie czystej metalowej powierzchni w wodzie jest niewielka. Najcz\u0119\u015bciej na skarbach z \u017celaza jest rdza.<\/p>\n<h2><b>Wysoka jako\u015b\u0107<\/b><\/h2>\n<p>Nasze magnesy do \u0142owienia s\u0105 wykonane z neodymu. Magnesy Magnetar zachowuj\u0105 swoj\u0105 si\u0142\u0119 magnesowania przez dziesi\u0119ciolecia z utrat\u0105 tylko 1% na ka\u017cde 100 lat (przy w\u0142a\u015bciwym przechowywaniu, piel\u0119gnacji i ochronie). Dlatego oferujemy jeden z <a href=\"https:\/\/test.magnetarmagnets.com\/\" target=\"_blank\" rel=\"noopener\">najlepszych magnes\u00f3w do \u0142owienia<\/a> na rynku.<\/p>\n<p>Wi\u0119kszo\u015b\u0107 innych dostawc\u00f3w magnes\u00f3w traci si\u0142\u0119 po kilku tygodniach. W ostatnich latach zauwa\u017cyli\u015bmy coraz wi\u0119cej niskiej jako\u015bci magnes\u00f3w na rynku: wi\u0119ksze magnesy o ni\u017cszej sile, niskiej jako\u015bci neodym i fa\u0142szyw\u0105 reklam\u0119. Kiedy kupujesz taki magnes tanio lub od du\u017cej korporacji, mo\u017cesz si\u0119 rozczarowa\u0107, cho\u0107 zaoszcz\u0119dzi\u0142e\u015b troch\u0119 pieni\u0119dzy.<\/p>\n<p>Magnetar to ma\u0142a, rodzinna firma, kt\u00f3ra stawia na jako\u015b\u0107 we wszystkim, co robi. Jeste\u015bmy pasjonatami \u0142owienia magnesem i wszystkie nasze magnesy s\u0105 projektowane, rysowane i produkowane przez nasz zesp\u00f3\u0142, aby zapewni\u0107 najlepszy stosunek jako\u015bci do ceny (lub skarby z Twojego magnesu!). Je\u015bli chcesz niezawodny, skuteczny i mocny magnes do \u0142owienia, trafi\u0142e\u015b idealnie. Nasz zesp\u00f3\u0142 ch\u0119tnie odpowie na Twoje pytania, <a href=\"mailto:info@magnetarmagnets.nl\">skontaktuj si\u0119 z nami tutaj<\/a>.<\/p>\n<h2><b>U\u017cywaj ostro\u017cnie<\/b><\/h2>\n<p>Nasze magnesy neodymowe s\u0105 bardzo mocne i mog\u0105 szybko przyci\u0105ga\u0107 \u017celazne przedmioty, je\u015bli s\u0105 blisko siebie. W przypadku silniejszych magnes\u00f3w do \u0142owienia, takich jak 360\u00b0 allround, istnieje ryzyko, \u017ce palce mog\u0105 zosta\u0107 przyci\u015bni\u0119te mi\u0119dzy magnes a inne przedmioty. Obs\u0142uguj magnesy ostro\u017cnie i u\u017cywaj na w\u0142asne ryzyko. Zawsze czytaj nasze ostrze\u017cenia bezpiecze\u0144stwa przed u\u017cyciem.<\/p>\n<p>* Dzieci musz\u0105 korzysta\u0107 z magnesu pod nadzorem rodzic\u00f3w.<\/p>\n<p>Nie zapomnij sprawdzi\u0107 naszych <a href=\"https:\/\/test.magnetarmagnets.com\/magnet-fishing-kit\/\" target=\"_blank\" rel=\"noopener\">zestaw\u00f3w do \u0142owienia magnesem<\/a> i naszych <a href=\"https:\/\/test.magnetarmagnets.com\/accessories\/\" target=\"_blank\" rel=\"noopener\">narz\u0119dzi do \u0142owienia magnesem<\/a>.<\/p>\n","protected":false},"excerpt":{"rendered":"<p>Rozpocznij swoj\u0105 kolejn\u0105 przygod\u0119 z tym <strong>magnesem jednostronnym do \u0142owienia<\/strong>. Ten magnes jest <strong>odporny na uderzenia<\/strong>, odpowiedni dla ca\u0142ej rodziny i <strong>\u0142atwy w u\u017cyciu<\/strong>. Klasyczny magnes do \u0142owienia 300 sprawdzi\u0142 si\u0119 jako <strong>niezawodny magnes do \u0142owienia magnesem<\/strong>.<\/p>\n","protected":false},"featured_media":80543,"comment_status":"open","ping_status":"closed","template":"","meta":{"_acf_changed":false,"inline_featured_image":false},"product_brand":[],"product_cat":[581,584,593,1006,594],"product_tag":[],"class_list":{"0":"post-83656","1":"product","2":"type-product","3":"status-publish","4":"has-post-thumbnail","6":"product_cat-magnesy-do-lowienia","7":"product_cat-magnesy-do-lowienia-jednostronne","8":"product_cat-poczatkujacy-i-dzieci","9":"product_cat-wszystkie-produkty","10":"product_cat-zaawansowani-poszukiwacze-przygod","12":"first","13":"instock","14":"taxable","15":"shipping-taxable","16":"purchasable","17":"product-type-simple"},"acf":[],"yoast_head":"<!-- This site is optimized with the Yoast SEO plugin v27.6 - https:\/\/yoast.com\/product\/yoast-seo-wordpress\/ -->\n<title>Magnetar magnes do \u0142owienia 300kg, bardzo mocny! Najlepsza jako\u015b\u0107!<\/title>\n<meta name=\"description\" content=\"Magnetar magnes do \u0142owienia 300kg, bardzo mocny! Najlepsza jako\u015b\u0107! Szeroka gama produkt\u00f3w! Zapraszamy do naszego sklepu\" \/>\n<meta name=\"robots\" content=\"index, follow, max-snippet:-1, max-image-preview:large, max-video-preview:-1\" \/>\n<link rel=\"canonical\" href=\"https:\/\/test.magnetarmagnets.com\/pl\/shop\/klasyczny-magnes-do-lowienia-300kg-magnes-jednostronny\/\" \/>\n<meta property=\"og:locale\" content=\"pl_PL\" \/>\n<meta property=\"og:type\" content=\"article\" \/>\n<meta property=\"og:title\" content=\"Magnetar magnes do \u0142owienia 300kg, bardzo mocny! Najlepsza jako\u015b\u0107!\" \/>\n<meta property=\"og:description\" content=\"Magnetar magnes do \u0142owienia 300kg, bardzo mocny! Najlepsza jako\u015b\u0107! Szeroka gama produkt\u00f3w! Zapraszamy do naszego sklepu\" \/>\n<meta property=\"og:url\" content=\"https:\/\/test.magnetarmagnets.com\/pl\/shop\/klasyczny-magnes-do-lowienia-300kg-magnes-jednostronny\/\" \/>\n<meta property=\"og:site_name\" content=\"Magnet fishing with a Magnetar fishing magnet\" \/>\n<meta property=\"article:publisher\" content=\"https:\/\/www.facebook.com\/fishingmagnets\/\" \/>\n<meta property=\"article:modified_time\" content=\"2025-08-11T08:09:55+00:00\" \/>\n<meta property=\"og:image\" content=\"https:\/\/test.magnetarmagnets.com\/wp-content\/uploads\/2020\/05\/Classic-250.jpg\" \/>\n\t<meta property=\"og:image:width\" content=\"1000\" \/>\n\t<meta property=\"og:image:height\" content=\"1000\" \/>\n\t<meta property=\"og:image:type\" content=\"image\/jpeg\" \/>\n<meta name=\"twitter:card\" content=\"summary_large_image\" \/>\n<meta name=\"twitter:label1\" content=\"Szacowany czas czytania\" \/>\n\t<meta name=\"twitter:data1\" content=\"3 minuty\" \/>\n<script type=\"application\/ld+json\" class=\"yoast-schema-graph\">{\"@context\":\"https:\\\/\\\/schema.org\",\"@graph\":[{\"@type\":[\"WebPage\",\"ItemPage\"],\"@id\":\"https:\\\/\\\/test.magnetarmagnets.com\\\/pl\\\/shop\\\/klasyczny-magnes-do-lowienia-300kg-magnes-jednostronny\\\/\",\"url\":\"https:\\\/\\\/test.magnetarmagnets.com\\\/pl\\\/shop\\\/klasyczny-magnes-do-lowienia-300kg-magnes-jednostronny\\\/\",\"name\":\"Magnetar magnes do \u0142owienia 300kg, bardzo mocny! Najlepsza jako\u015b\u0107!\",\"isPartOf\":{\"@id\":\"https:\\\/\\\/test.magnetarmagnets.com\\\/pl\\\/#website\"},\"primaryImageOfPage\":{\"@id\":\"https:\\\/\\\/test.magnetarmagnets.com\\\/pl\\\/shop\\\/klasyczny-magnes-do-lowienia-300kg-magnes-jednostronny\\\/#primaryimage\"},\"image\":{\"@id\":\"https:\\\/\\\/test.magnetarmagnets.com\\\/pl\\\/shop\\\/klasyczny-magnes-do-lowienia-300kg-magnes-jednostronny\\\/#primaryimage\"},\"thumbnailUrl\":\"https:\\\/\\\/test.magnetarmagnets.com\\\/wp-content\\\/uploads\\\/2020\\\/05\\\/Classic-250.jpg\",\"datePublished\":\"2025-06-05T07:54:40+00:00\",\"dateModified\":\"2025-08-11T08:09:55+00:00\",\"description\":\"Magnetar magnes do \u0142owienia 300kg, bardzo mocny! Najlepsza jako\u015b\u0107! Szeroka gama produkt\u00f3w! Zapraszamy do naszego sklepu\",\"breadcrumb\":{\"@id\":\"https:\\\/\\\/test.magnetarmagnets.com\\\/pl\\\/shop\\\/klasyczny-magnes-do-lowienia-300kg-magnes-jednostronny\\\/#breadcrumb\"},\"inLanguage\":\"pl-PL\",\"potentialAction\":[{\"@type\":\"ReadAction\",\"target\":[\"https:\\\/\\\/test.magnetarmagnets.com\\\/pl\\\/shop\\\/klasyczny-magnes-do-lowienia-300kg-magnes-jednostronny\\\/\"]}]},{\"@type\":\"ImageObject\",\"inLanguage\":\"pl-PL\",\"@id\":\"https:\\\/\\\/test.magnetarmagnets.com\\\/pl\\\/shop\\\/klasyczny-magnes-do-lowienia-300kg-magnes-jednostronny\\\/#primaryimage\",\"url\":\"https:\\\/\\\/test.magnetarmagnets.com\\\/wp-content\\\/uploads\\\/2020\\\/05\\\/Classic-250.jpg\",\"contentUrl\":\"https:\\\/\\\/test.magnetarmagnets.com\\\/wp-content\\\/uploads\\\/2020\\\/05\\\/Classic-250.jpg\",\"width\":1000,\"height\":1000,\"caption\":\"Classic 300 fishing magnet\"},{\"@type\":\"BreadcrumbList\",\"@id\":\"https:\\\/\\\/test.magnetarmagnets.com\\\/pl\\\/shop\\\/klasyczny-magnes-do-lowienia-300kg-magnes-jednostronny\\\/#breadcrumb\",\"itemListElement\":[{\"@type\":\"ListItem\",\"position\":1,\"name\":\"Home\",\"item\":\"https:\\\/\\\/test.magnetarmagnets.com\\\/pl\\\/\"},{\"@type\":\"ListItem\",\"position\":2,\"name\":\"Sklep\",\"item\":\"https:\\\/\\\/test.magnetarmagnets.com\\\/shop\\\/\"},{\"@type\":\"ListItem\",\"position\":3,\"name\":\"Magnesy do \u0142owienia\",\"item\":\"https:\\\/\\\/test.magnetarmagnets.com\\\/pl\\\/collections\\\/magnesy-do-lowienia\\\/\"},{\"@type\":\"ListItem\",\"position\":4,\"name\":\"Magnesy do \u0142owienia jednostronne\",\"item\":\"https:\\\/\\\/test.magnetarmagnets.com\\\/pl\\\/collections\\\/magnesy-do-lowienia\\\/magnesy-do-lowienia-jednostronne\\\/\"},{\"@type\":\"ListItem\",\"position\":5,\"name\":\"Klasyczny magnes do \u0142owienia &#8211; 300KG &#8211; magnes jednostronny\"}]},{\"@type\":\"WebSite\",\"@id\":\"https:\\\/\\\/test.magnetarmagnets.com\\\/pl\\\/#website\",\"url\":\"https:\\\/\\\/test.magnetarmagnets.com\\\/pl\\\/\",\"name\":\"Magnet fishing with a Magnetar fishing magnet\",\"description\":\"Powerful magnets for magnet fishing\",\"publisher\":{\"@id\":\"https:\\\/\\\/test.magnetarmagnets.com\\\/pl\\\/#organization\"},\"potentialAction\":[{\"@type\":\"SearchAction\",\"target\":{\"@type\":\"EntryPoint\",\"urlTemplate\":\"https:\\\/\\\/test.magnetarmagnets.com\\\/pl\\\/?s={search_term_string}\"},\"query-input\":{\"@type\":\"PropertyValueSpecification\",\"valueRequired\":true,\"valueName\":\"search_term_string\"}}],\"inLanguage\":\"pl-PL\"},{\"@type\":\"Organization\",\"@id\":\"https:\\\/\\\/test.magnetarmagnets.com\\\/pl\\\/#organization\",\"name\":\"Magnetar\",\"url\":\"https:\\\/\\\/test.magnetarmagnets.com\\\/pl\\\/\",\"logo\":{\"@type\":\"ImageObject\",\"inLanguage\":\"pl-PL\",\"@id\":\"https:\\\/\\\/test.magnetarmagnets.com\\\/pl\\\/#\\\/schema\\\/logo\\\/image\\\/\",\"url\":\"https:\\\/\\\/magnetarmagnets.com\\\/wp-content\\\/uploads\\\/2021\\\/01\\\/magnetarvismagneet_logo.png\",\"contentUrl\":\"https:\\\/\\\/magnetarmagnets.com\\\/wp-content\\\/uploads\\\/2021\\\/01\\\/magnetarvismagneet_logo.png\",\"width\":209,\"height\":100,\"caption\":\"Magnetar\"},\"image\":{\"@id\":\"https:\\\/\\\/test.magnetarmagnets.com\\\/pl\\\/#\\\/schema\\\/logo\\\/image\\\/\"},\"sameAs\":[\"https:\\\/\\\/www.facebook.com\\\/fishingmagnets\\\/\",\"https:\\\/\\\/www.instagram.com\\\/magnetar_magnets\\\/\",\"https:\\\/\\\/www.linkedin.com\\\/company\\\/magnetarbv\\\/?originalSubdomain=nl\",\"https:\\\/\\\/www.youtube.com\\\/c\\\/MagnetarVismagneet\"]}]}<\/script>\n<!-- \/ Yoast SEO plugin. -->","yoast_head_json":{"title":"Magnetar magnes do \u0142owienia 300kg, bardzo mocny! Najlepsza jako\u015b\u0107!","description":"Magnetar magnes do \u0142owienia 300kg, bardzo mocny! Najlepsza jako\u015b\u0107! Szeroka gama produkt\u00f3w! Zapraszamy do naszego sklepu","robots":{"index":"index","follow":"follow","max-snippet":"max-snippet:-1","max-image-preview":"max-image-preview:large","max-video-preview":"max-video-preview:-1"},"canonical":"https:\/\/test.magnetarmagnets.com\/pl\/shop\/klasyczny-magnes-do-lowienia-300kg-magnes-jednostronny\/","og_locale":"pl_PL","og_type":"article","og_title":"Magnetar magnes do \u0142owienia 300kg, bardzo mocny! Najlepsza jako\u015b\u0107!","og_description":"Magnetar magnes do \u0142owienia 300kg, bardzo mocny! Najlepsza jako\u015b\u0107! Szeroka gama produkt\u00f3w! Zapraszamy do naszego sklepu","og_url":"https:\/\/test.magnetarmagnets.com\/pl\/shop\/klasyczny-magnes-do-lowienia-300kg-magnes-jednostronny\/","og_site_name":"Magnet fishing with a Magnetar fishing magnet","article_publisher":"https:\/\/www.facebook.com\/fishingmagnets\/","article_modified_time":"2025-08-11T08:09:55+00:00","og_image":[{"width":1000,"height":1000,"url":"https:\/\/test.magnetarmagnets.com\/wp-content\/uploads\/2020\/05\/Classic-250.jpg","type":"image\/jpeg"}],"twitter_card":"summary_large_image","twitter_misc":{"Szacowany czas czytania":"3 minuty"},"schema":{"@context":"https:\/\/schema.org","@graph":[{"@type":["WebPage","ItemPage"],"@id":"https:\/\/test.magnetarmagnets.com\/pl\/shop\/klasyczny-magnes-do-lowienia-300kg-magnes-jednostronny\/","url":"https:\/\/test.magnetarmagnets.com\/pl\/shop\/klasyczny-magnes-do-lowienia-300kg-magnes-jednostronny\/","name":"Magnetar magnes do \u0142owienia 300kg, bardzo mocny! Najlepsza jako\u015b\u0107!","isPartOf":{"@id":"https:\/\/test.magnetarmagnets.com\/pl\/#website"},"primaryImageOfPage":{"@id":"https:\/\/test.magnetarmagnets.com\/pl\/shop\/klasyczny-magnes-do-lowienia-300kg-magnes-jednostronny\/#primaryimage"},"image":{"@id":"https:\/\/test.magnetarmagnets.com\/pl\/shop\/klasyczny-magnes-do-lowienia-300kg-magnes-jednostronny\/#primaryimage"},"thumbnailUrl":"https:\/\/test.magnetarmagnets.com\/wp-content\/uploads\/2020\/05\/Classic-250.jpg","datePublished":"2025-06-05T07:54:40+00:00","dateModified":"2025-08-11T08:09:55+00:00","description":"Magnetar magnes do \u0142owienia 300kg, bardzo mocny! Najlepsza jako\u015b\u0107! Szeroka gama produkt\u00f3w! Zapraszamy do naszego sklepu","breadcrumb":{"@id":"https:\/\/test.magnetarmagnets.com\/pl\/shop\/klasyczny-magnes-do-lowienia-300kg-magnes-jednostronny\/#breadcrumb"},"inLanguage":"pl-PL","potentialAction":[{"@type":"ReadAction","target":["https:\/\/test.magnetarmagnets.com\/pl\/shop\/klasyczny-magnes-do-lowienia-300kg-magnes-jednostronny\/"]}]},{"@type":"ImageObject","inLanguage":"pl-PL","@id":"https:\/\/test.magnetarmagnets.com\/pl\/shop\/klasyczny-magnes-do-lowienia-300kg-magnes-jednostronny\/#primaryimage","url":"https:\/\/test.magnetarmagnets.com\/wp-content\/uploads\/2020\/05\/Classic-250.jpg","contentUrl":"https:\/\/test.magnetarmagnets.com\/wp-content\/uploads\/2020\/05\/Classic-250.jpg","width":1000,"height":1000,"caption":"Classic 300 fishing magnet"},{"@type":"BreadcrumbList","@id":"https:\/\/test.magnetarmagnets.com\/pl\/shop\/klasyczny-magnes-do-lowienia-300kg-magnes-jednostronny\/#breadcrumb","itemListElement":[{"@type":"ListItem","position":1,"name":"Home","item":"https:\/\/test.magnetarmagnets.com\/pl\/"},{"@type":"ListItem","position":2,"name":"Sklep","item":"https:\/\/test.magnetarmagnets.com\/shop\/"},{"@type":"ListItem","position":3,"name":"Magnesy do \u0142owienia","item":"https:\/\/test.magnetarmagnets.com\/pl\/collections\/magnesy-do-lowienia\/"},{"@type":"ListItem","position":4,"name":"Magnesy do \u0142owienia jednostronne","item":"https:\/\/test.magnetarmagnets.com\/pl\/collections\/magnesy-do-lowienia\/magnesy-do-lowienia-jednostronne\/"},{"@type":"ListItem","position":5,"name":"Klasyczny magnes do \u0142owienia &#8211; 300KG &#8211; magnes jednostronny"}]},{"@type":"WebSite","@id":"https:\/\/test.magnetarmagnets.com\/pl\/#website","url":"https:\/\/test.magnetarmagnets.com\/pl\/","name":"Magnet fishing with a Magnetar fishing magnet","description":"Powerful magnets for magnet fishing","publisher":{"@id":"https:\/\/test.magnetarmagnets.com\/pl\/#organization"},"potentialAction":[{"@type":"SearchAction","target":{"@type":"EntryPoint","urlTemplate":"https:\/\/test.magnetarmagnets.com\/pl\/?s={search_term_string}"},"query-input":{"@type":"PropertyValueSpecification","valueRequired":true,"valueName":"search_term_string"}}],"inLanguage":"pl-PL"},{"@type":"Organization","@id":"https:\/\/test.magnetarmagnets.com\/pl\/#organization","name":"Magnetar","url":"https:\/\/test.magnetarmagnets.com\/pl\/","logo":{"@type":"ImageObject","inLanguage":"pl-PL","@id":"https:\/\/test.magnetarmagnets.com\/pl\/#\/schema\/logo\/image\/","url":"https:\/\/magnetarmagnets.com\/wp-content\/uploads\/2021\/01\/magnetarvismagneet_logo.png","contentUrl":"https:\/\/magnetarmagnets.com\/wp-content\/uploads\/2021\/01\/magnetarvismagneet_logo.png","width":209,"height":100,"caption":"Magnetar"},"image":{"@id":"https:\/\/test.magnetarmagnets.com\/pl\/#\/schema\/logo\/image\/"},"sameAs":["https:\/\/www.facebook.com\/fishingmagnets\/","https:\/\/www.instagram.com\/magnetar_magnets\/","https:\/\/www.linkedin.com\/company\/magnetarbv\/?originalSubdomain=nl","https:\/\/www.youtube.com\/c\/MagnetarVismagneet"]}]}},"_links":{"self":[{"href":"https:\/\/test.magnetarmagnets.com\/pl\/wp-json\/wp\/v2\/product\/83656","targetHints":{"allow":["GET"]}}],"collection":[{"href":"https:\/\/test.magnetarmagnets.com\/pl\/wp-json\/wp\/v2\/product"}],"about":[{"href":"https:\/\/test.magnetarmagnets.com\/pl\/wp-json\/wp\/v2\/types\/product"}],"replies":[{"embeddable":true,"href":"https:\/\/test.magnetarmagnets.com\/pl\/wp-json\/wp\/v2\/comments?post=83656"}],"wp:featuredmedia":[{"embeddable":true,"href":"https:\/\/test.magnetarmagnets.com\/pl\/wp-json\/wp\/v2\/media\/80543"}],"wp:attachment":[{"href":"https:\/\/test.magnetarmagnets.com\/pl\/wp-json\/wp\/v2\/media?parent=83656"}],"wp:term":[{"taxonomy":"product_brand","embeddable":true,"href":"https:\/\/test.magnetarmagnets.com\/pl\/wp-json\/wp\/v2\/product_brand?post=83656"},{"taxonomy":"product_cat","embeddable":true,"href":"https:\/\/test.magnetarmagnets.com\/pl\/wp-json\/wp\/v2\/product_cat?post=83656"},{"taxonomy":"product_tag","embeddable":true,"href":"https:\/\/test.magnetarmagnets.com\/pl\/wp-json\/wp\/v2\/product_tag?post=83656"}],"curies":[{"name":"wp","href":"https:\/\/api.w.org\/{rel}","templated":true}]}}