{"id":82922,"date":"2014-03-21T18:18:31","date_gmt":"2014-03-21T17:18:31","guid":{"rendered":"https:\/\/magnetarmagnets.com\/faq-2\/"},"modified":"2025-09-08T12:00:34","modified_gmt":"2025-09-08T10:00:34","slug":"faq-2","status":"publish","type":"page","link":"https:\/\/test.magnetarmagnets.com\/pl\/faq-2\/","title":{"rendered":"FAQ"},"content":{"rendered":"\n<h2 class=\"wp-block-heading\">\u0141owienie magnesem<\/h2>\n\n<hr class=\"wp-block-separator has-css-opacity is-style-wide\"\/>\n\n<h2 class=\"wp-block-heading\">Magnesy do \u0142owienia i akcesoria<\/h2>\n\n<hr class=\"wp-block-separator has-css-opacity is-style-wide\"\/>\n\n<h2 class=\"wp-block-heading\">Nasze produkty<\/h2>\n\n<h2 class=\"wp-block-heading\">Nasza obs\u0142uga<\/h2>\n\n<p><\/p>\n","protected":false},"excerpt":{"rendered":"<p>\u0141owienie magnesem Magnesy do \u0142owienia i akcesoria Nasze produkty Nasza obs\u0142uga<\/p>\n","protected":false},"author":1,"featured_media":80512,"parent":0,"menu_order":0,"comment_status":"closed","ping_status":"closed","template":"","meta":{"_acf_changed":false,"inline_featured_image":false,"footnotes":""},"class_list":["post-82922","page","type-page","status-publish","has-post-thumbnail","hentry"],"acf":[],"yoast_head":"<!-- This site is optimized with the Yoast SEO plugin v27.6 - https:\/\/yoast.com\/product\/yoast-seo-wordpress\/ -->\n<title>Pomoc i FAQ | Magnetar \u2013 najlepsze i najskuteczniejsze magnesy do \u0142owienia<\/title>\n<meta name=\"description\" content=\"Chcesz dowiedzie\u0107 si\u0119 wi\u0119cej o naszych produktach lub obs\u0142udze klienta? Na tej stronie FAQ znajdziesz odpowiedzi na najcz\u0119\u015bciej zadawane pytania.\" \/>\n<meta name=\"robots\" content=\"noindex, nofollow\" \/>\n<meta property=\"og:locale\" content=\"pl_PL\" \/>\n<meta property=\"og:type\" content=\"article\" \/>\n<meta property=\"og:title\" content=\"Pomoc i FAQ | Magnetar \u2013 najlepsze i najskuteczniejsze magnesy do \u0142owienia\" \/>\n<meta property=\"og:description\" content=\"Chcesz dowiedzie\u0107 si\u0119 wi\u0119cej o naszych produktach lub obs\u0142udze klienta? Na tej stronie FAQ znajdziesz odpowiedzi na najcz\u0119\u015bciej zadawane pytania.\" \/>\n<meta property=\"og:url\" content=\"https:\/\/test.magnetarmagnets.com\/pl\/faq-2\/\" \/>\n<meta property=\"og:site_name\" content=\"Magnet fishing with a Magnetar fishing magnet\" \/>\n<meta property=\"article:publisher\" content=\"https:\/\/www.facebook.com\/fishingmagnets\/\" \/>\n<meta property=\"article:modified_time\" content=\"2025-09-08T10:00:34+00:00\" \/>\n<meta property=\"og:image\" content=\"https:\/\/test.magnetarmagnets.com\/wp-content\/uploads\/2024\/03\/JNF-Magnetar-B.V.-Bedrijfsfotografie-20-09-2023-Foto-2614-scaled.jpg\" \/>\n\t<meta property=\"og:image:width\" content=\"2560\" \/>\n\t<meta property=\"og:image:height\" content=\"1440\" \/>\n\t<meta property=\"og:image:type\" content=\"image\/jpeg\" \/>\n<meta name=\"twitter:card\" content=\"summary_large_image\" \/>\n<script type=\"application\/ld+json\" class=\"yoast-schema-graph\">{\"@context\":\"https:\\\/\\\/schema.org\",\"@graph\":[{\"@type\":\"WebPage\",\"@id\":\"https:\\\/\\\/test.magnetarmagnets.com\\\/pl\\\/faq-2\\\/\",\"url\":\"https:\\\/\\\/test.magnetarmagnets.com\\\/pl\\\/faq-2\\\/\",\"name\":\"Pomoc i FAQ | Magnetar \u2013 najlepsze i najskuteczniejsze magnesy do \u0142owienia\",\"isPartOf\":{\"@id\":\"https:\\\/\\\/test.magnetarmagnets.com\\\/pl\\\/#website\"},\"primaryImageOfPage\":{\"@id\":\"https:\\\/\\\/test.magnetarmagnets.com\\\/pl\\\/faq-2\\\/#primaryimage\"},\"image\":{\"@id\":\"https:\\\/\\\/test.magnetarmagnets.com\\\/pl\\\/faq-2\\\/#primaryimage\"},\"thumbnailUrl\":\"https:\\\/\\\/test.magnetarmagnets.com\\\/wp-content\\\/uploads\\\/2024\\\/03\\\/JNF-Magnetar-B.V.-Bedrijfsfotografie-20-09-2023-Foto-2614-scaled.jpg\",\"datePublished\":\"2014-03-21T17:18:31+00:00\",\"dateModified\":\"2025-09-08T10:00:34+00:00\",\"description\":\"Chcesz dowiedzie\u0107 si\u0119 wi\u0119cej o naszych produktach lub obs\u0142udze klienta? Na tej stronie FAQ znajdziesz odpowiedzi na najcz\u0119\u015bciej zadawane pytania.\",\"breadcrumb\":{\"@id\":\"https:\\\/\\\/test.magnetarmagnets.com\\\/pl\\\/faq-2\\\/#breadcrumb\"},\"inLanguage\":\"pl-PL\",\"potentialAction\":[{\"@type\":\"ReadAction\",\"target\":[\"https:\\\/\\\/test.magnetarmagnets.com\\\/pl\\\/faq-2\\\/\"]}]},{\"@type\":\"ImageObject\",\"inLanguage\":\"pl-PL\",\"@id\":\"https:\\\/\\\/test.magnetarmagnets.com\\\/pl\\\/faq-2\\\/#primaryimage\",\"url\":\"https:\\\/\\\/test.magnetarmagnets.com\\\/wp-content\\\/uploads\\\/2024\\\/03\\\/JNF-Magnetar-B.V.-Bedrijfsfotografie-20-09-2023-Foto-2614-scaled.jpg\",\"contentUrl\":\"https:\\\/\\\/test.magnetarmagnets.com\\\/wp-content\\\/uploads\\\/2024\\\/03\\\/JNF-Magnetar-B.V.-Bedrijfsfotografie-20-09-2023-Foto-2614-scaled.jpg\",\"width\":2560,\"height\":1440,\"caption\":\"FAQ pagina\"},{\"@type\":\"BreadcrumbList\",\"@id\":\"https:\\\/\\\/test.magnetarmagnets.com\\\/pl\\\/faq-2\\\/#breadcrumb\",\"itemListElement\":[{\"@type\":\"ListItem\",\"position\":1,\"name\":\"Home\",\"item\":\"https:\\\/\\\/test.magnetarmagnets.com\\\/pl\\\/\"},{\"@type\":\"ListItem\",\"position\":2,\"name\":\"FAQ\"}]},{\"@type\":\"WebSite\",\"@id\":\"https:\\\/\\\/test.magnetarmagnets.com\\\/pl\\\/#website\",\"url\":\"https:\\\/\\\/test.magnetarmagnets.com\\\/pl\\\/\",\"name\":\"Magnet fishing with a Magnetar fishing magnet\",\"description\":\"Powerful magnets for magnet fishing\",\"publisher\":{\"@id\":\"https:\\\/\\\/test.magnetarmagnets.com\\\/pl\\\/#organization\"},\"potentialAction\":[{\"@type\":\"SearchAction\",\"target\":{\"@type\":\"EntryPoint\",\"urlTemplate\":\"https:\\\/\\\/test.magnetarmagnets.com\\\/pl\\\/?s={search_term_string}\"},\"query-input\":{\"@type\":\"PropertyValueSpecification\",\"valueRequired\":true,\"valueName\":\"search_term_string\"}}],\"inLanguage\":\"pl-PL\"},{\"@type\":\"Organization\",\"@id\":\"https:\\\/\\\/test.magnetarmagnets.com\\\/pl\\\/#organization\",\"name\":\"Magnetar\",\"url\":\"https:\\\/\\\/test.magnetarmagnets.com\\\/pl\\\/\",\"logo\":{\"@type\":\"ImageObject\",\"inLanguage\":\"pl-PL\",\"@id\":\"https:\\\/\\\/test.magnetarmagnets.com\\\/pl\\\/#\\\/schema\\\/logo\\\/image\\\/\",\"url\":\"https:\\\/\\\/magnetarmagnets.com\\\/wp-content\\\/uploads\\\/2021\\\/01\\\/magnetarvismagneet_logo.png\",\"contentUrl\":\"https:\\\/\\\/magnetarmagnets.com\\\/wp-content\\\/uploads\\\/2021\\\/01\\\/magnetarvismagneet_logo.png\",\"width\":209,\"height\":100,\"caption\":\"Magnetar\"},\"image\":{\"@id\":\"https:\\\/\\\/test.magnetarmagnets.com\\\/pl\\\/#\\\/schema\\\/logo\\\/image\\\/\"},\"sameAs\":[\"https:\\\/\\\/www.facebook.com\\\/fishingmagnets\\\/\",\"https:\\\/\\\/www.instagram.com\\\/magnetar_magnets\\\/\",\"https:\\\/\\\/www.linkedin.com\\\/company\\\/magnetarbv\\\/?originalSubdomain=nl\",\"https:\\\/\\\/www.youtube.com\\\/c\\\/MagnetarVismagneet\"]}]}<\/script>\n<!-- \/ Yoast SEO plugin. -->","yoast_head_json":{"title":"Pomoc i FAQ | Magnetar \u2013 najlepsze i najskuteczniejsze magnesy do \u0142owienia","description":"Chcesz dowiedzie\u0107 si\u0119 wi\u0119cej o naszych produktach lub obs\u0142udze klienta? Na tej stronie FAQ znajdziesz odpowiedzi na najcz\u0119\u015bciej zadawane pytania.","robots":{"index":"noindex","follow":"nofollow"},"og_locale":"pl_PL","og_type":"article","og_title":"Pomoc i FAQ | Magnetar \u2013 najlepsze i najskuteczniejsze magnesy do \u0142owienia","og_description":"Chcesz dowiedzie\u0107 si\u0119 wi\u0119cej o naszych produktach lub obs\u0142udze klienta? Na tej stronie FAQ znajdziesz odpowiedzi na najcz\u0119\u015bciej zadawane pytania.","og_url":"https:\/\/test.magnetarmagnets.com\/pl\/faq-2\/","og_site_name":"Magnet fishing with a Magnetar fishing magnet","article_publisher":"https:\/\/www.facebook.com\/fishingmagnets\/","article_modified_time":"2025-09-08T10:00:34+00:00","og_image":[{"width":2560,"height":1440,"url":"https:\/\/test.magnetarmagnets.com\/wp-content\/uploads\/2024\/03\/JNF-Magnetar-B.V.-Bedrijfsfotografie-20-09-2023-Foto-2614-scaled.jpg","type":"image\/jpeg"}],"twitter_card":"summary_large_image","schema":{"@context":"https:\/\/schema.org","@graph":[{"@type":"WebPage","@id":"https:\/\/test.magnetarmagnets.com\/pl\/faq-2\/","url":"https:\/\/test.magnetarmagnets.com\/pl\/faq-2\/","name":"Pomoc i FAQ | Magnetar \u2013 najlepsze i najskuteczniejsze magnesy do \u0142owienia","isPartOf":{"@id":"https:\/\/test.magnetarmagnets.com\/pl\/#website"},"primaryImageOfPage":{"@id":"https:\/\/test.magnetarmagnets.com\/pl\/faq-2\/#primaryimage"},"image":{"@id":"https:\/\/test.magnetarmagnets.com\/pl\/faq-2\/#primaryimage"},"thumbnailUrl":"https:\/\/test.magnetarmagnets.com\/wp-content\/uploads\/2024\/03\/JNF-Magnetar-B.V.-Bedrijfsfotografie-20-09-2023-Foto-2614-scaled.jpg","datePublished":"2014-03-21T17:18:31+00:00","dateModified":"2025-09-08T10:00:34+00:00","description":"Chcesz dowiedzie\u0107 si\u0119 wi\u0119cej o naszych produktach lub obs\u0142udze klienta? Na tej stronie FAQ znajdziesz odpowiedzi na najcz\u0119\u015bciej zadawane pytania.","breadcrumb":{"@id":"https:\/\/test.magnetarmagnets.com\/pl\/faq-2\/#breadcrumb"},"inLanguage":"pl-PL","potentialAction":[{"@type":"ReadAction","target":["https:\/\/test.magnetarmagnets.com\/pl\/faq-2\/"]}]},{"@type":"ImageObject","inLanguage":"pl-PL","@id":"https:\/\/test.magnetarmagnets.com\/pl\/faq-2\/#primaryimage","url":"https:\/\/test.magnetarmagnets.com\/wp-content\/uploads\/2024\/03\/JNF-Magnetar-B.V.-Bedrijfsfotografie-20-09-2023-Foto-2614-scaled.jpg","contentUrl":"https:\/\/test.magnetarmagnets.com\/wp-content\/uploads\/2024\/03\/JNF-Magnetar-B.V.-Bedrijfsfotografie-20-09-2023-Foto-2614-scaled.jpg","width":2560,"height":1440,"caption":"FAQ pagina"},{"@type":"BreadcrumbList","@id":"https:\/\/test.magnetarmagnets.com\/pl\/faq-2\/#breadcrumb","itemListElement":[{"@type":"ListItem","position":1,"name":"Home","item":"https:\/\/test.magnetarmagnets.com\/pl\/"},{"@type":"ListItem","position":2,"name":"FAQ"}]},{"@type":"WebSite","@id":"https:\/\/test.magnetarmagnets.com\/pl\/#website","url":"https:\/\/test.magnetarmagnets.com\/pl\/","name":"Magnet fishing with a Magnetar fishing magnet","description":"Powerful magnets for magnet fishing","publisher":{"@id":"https:\/\/test.magnetarmagnets.com\/pl\/#organization"},"potentialAction":[{"@type":"SearchAction","target":{"@type":"EntryPoint","urlTemplate":"https:\/\/test.magnetarmagnets.com\/pl\/?s={search_term_string}"},"query-input":{"@type":"PropertyValueSpecification","valueRequired":true,"valueName":"search_term_string"}}],"inLanguage":"pl-PL"},{"@type":"Organization","@id":"https:\/\/test.magnetarmagnets.com\/pl\/#organization","name":"Magnetar","url":"https:\/\/test.magnetarmagnets.com\/pl\/","logo":{"@type":"ImageObject","inLanguage":"pl-PL","@id":"https:\/\/test.magnetarmagnets.com\/pl\/#\/schema\/logo\/image\/","url":"https:\/\/magnetarmagnets.com\/wp-content\/uploads\/2021\/01\/magnetarvismagneet_logo.png","contentUrl":"https:\/\/magnetarmagnets.com\/wp-content\/uploads\/2021\/01\/magnetarvismagneet_logo.png","width":209,"height":100,"caption":"Magnetar"},"image":{"@id":"https:\/\/test.magnetarmagnets.com\/pl\/#\/schema\/logo\/image\/"},"sameAs":["https:\/\/www.facebook.com\/fishingmagnets\/","https:\/\/www.instagram.com\/magnetar_magnets\/","https:\/\/www.linkedin.com\/company\/magnetarbv\/?originalSubdomain=nl","https:\/\/www.youtube.com\/c\/MagnetarVismagneet"]}]}},"_links":{"self":[{"href":"https:\/\/test.magnetarmagnets.com\/pl\/wp-json\/wp\/v2\/pages\/82922","targetHints":{"allow":["GET"]}}],"collection":[{"href":"https:\/\/test.magnetarmagnets.com\/pl\/wp-json\/wp\/v2\/pages"}],"about":[{"href":"https:\/\/test.magnetarmagnets.com\/pl\/wp-json\/wp\/v2\/types\/page"}],"author":[{"embeddable":true,"href":"https:\/\/test.magnetarmagnets.com\/pl\/wp-json\/wp\/v2\/users\/1"}],"replies":[{"embeddable":true,"href":"https:\/\/test.magnetarmagnets.com\/pl\/wp-json\/wp\/v2\/comments?post=82922"}],"version-history":[{"count":0,"href":"https:\/\/test.magnetarmagnets.com\/pl\/wp-json\/wp\/v2\/pages\/82922\/revisions"}],"wp:featuredmedia":[{"embeddable":true,"href":"https:\/\/test.magnetarmagnets.com\/pl\/wp-json\/wp\/v2\/media\/80512"}],"wp:attachment":[{"href":"https:\/\/test.magnetarmagnets.com\/pl\/wp-json\/wp\/v2\/media?parent=82922"}],"curies":[{"name":"wp","href":"https:\/\/api.w.org\/{rel}","templated":true}]}}