{"id":82871,"date":"2023-04-24T07:45:11","date_gmt":"2023-04-24T05:45:11","guid":{"rendered":"https:\/\/magnetarmagnets.com\/lowienie-magnesem-znajdz-najlepszy-magnes-do-lowienia-dla-siebie-oryginalny-magnetar\/"},"modified":"2025-10-06T16:36:49","modified_gmt":"2025-10-06T14:36:49","slug":"lowienie-magnesem-znajdz-najlepszy-magnes-do-lowienia-dla-siebie-oryginalny-magnetar","status":"publish","type":"page","link":"https:\/\/test.magnetarmagnets.com\/pl\/","title":{"rendered":"\u0141owienie magnesem? Znajd\u017a najlepszy magnes do \u0142owienia dla siebie | Oryginalny Magnetar\u00ae"},"content":{"rendered":"\n\n\n\n\n\n\n\n\n\n\n\n\n\n\n\n\n\n\n\n\n\n\n\n\n\n\n\n\n\n\n\n\n\n","protected":false},"excerpt":{"rendered":"","protected":false},"author":4466,"featured_media":0,"parent":0,"menu_order":0,"comment_status":"open","ping_status":"open","template":"elementor_header_footer","meta":{"_acf_changed":false,"inline_featured_image":false,"footnotes":""},"class_list":["post-82871","page","type-page","status-publish","hentry"],"acf":[],"yoast_head":"<!-- This site is optimized with the Yoast SEO plugin v27.6 - https:\/\/yoast.com\/product\/yoast-seo-wordpress\/ -->\n<title>Magnetar Magnets\u00ae - \u0141owienie magnesem - Mocne magnesy neodymowe<\/title>\n<meta name=\"description\" content=\"Odkryj wysokiej jako\u015bci magnesy do \u0142owienia w Magnetar Magnets. Idealne dla pocz\u0105tkuj\u0105cych i do\u015bwiadczonych \u0142owc\u00f3w magnesem. Rozpocznij swoj\u0105 przygod\u0119 ju\u017c dzi\u015b\" \/>\n<meta name=\"robots\" content=\"index, follow, max-snippet:-1, max-image-preview:large, max-video-preview:-1\" \/>\n<link rel=\"canonical\" href=\"https:\/\/test.magnetarmagnets.com\/pl\/\" \/>\n<meta property=\"og:locale\" content=\"pl_PL\" \/>\n<meta property=\"og:type\" content=\"article\" \/>\n<meta property=\"og:title\" content=\"Magnetar Magnets\u00ae - \u0141owienie magnesem - Mocne magnesy neodymowe\" \/>\n<meta property=\"og:description\" content=\"Odkryj wysokiej jako\u015bci magnesy do \u0142owienia w Magnetar Magnets. Idealne dla pocz\u0105tkuj\u0105cych i do\u015bwiadczonych \u0142owc\u00f3w magnesem. Rozpocznij swoj\u0105 przygod\u0119 ju\u017c dzi\u015b\" \/>\n<meta property=\"og:url\" content=\"https:\/\/test.magnetarmagnets.com\/pl\/\" \/>\n<meta property=\"og:site_name\" content=\"Magnet fishing with a Magnetar fishing magnet\" \/>\n<meta property=\"article:publisher\" content=\"https:\/\/www.facebook.com\/fishingmagnets\/\" \/>\n<meta property=\"article:modified_time\" content=\"2025-10-06T14:36:49+00:00\" \/>\n<meta name=\"twitter:card\" content=\"summary_large_image\" \/>\n<script type=\"application\/ld+json\" class=\"yoast-schema-graph\">{\"@context\":\"https:\\\/\\\/schema.org\",\"@graph\":[{\"@type\":\"WebPage\",\"@id\":\"https:\\\/\\\/test.magnetarmagnets.com\\\/pl\\\/\",\"url\":\"https:\\\/\\\/test.magnetarmagnets.com\\\/pl\\\/\",\"name\":\"Magnetar Magnets\u00ae - \u0141owienie magnesem - Mocne magnesy neodymowe\",\"isPartOf\":{\"@id\":\"https:\\\/\\\/test.magnetarmagnets.com\\\/pl\\\/#website\"},\"datePublished\":\"2023-04-24T05:45:11+00:00\",\"dateModified\":\"2025-10-06T14:36:49+00:00\",\"description\":\"Odkryj wysokiej jako\u015bci magnesy do \u0142owienia w Magnetar Magnets. Idealne dla pocz\u0105tkuj\u0105cych i do\u015bwiadczonych \u0142owc\u00f3w magnesem. Rozpocznij swoj\u0105 przygod\u0119 ju\u017c dzi\u015b\",\"breadcrumb\":{\"@id\":\"https:\\\/\\\/test.magnetarmagnets.com\\\/pl\\\/#breadcrumb\"},\"inLanguage\":\"pl-PL\",\"potentialAction\":[{\"@type\":\"ReadAction\",\"target\":[\"https:\\\/\\\/test.magnetarmagnets.com\\\/pl\\\/\"]}]},{\"@type\":\"BreadcrumbList\",\"@id\":\"https:\\\/\\\/test.magnetarmagnets.com\\\/pl\\\/#breadcrumb\",\"itemListElement\":[{\"@type\":\"ListItem\",\"position\":1,\"name\":\"Home\",\"item\":\"https:\\\/\\\/test.magnetarmagnets.com\\\/pl\\\/\"},{\"@type\":\"ListItem\",\"position\":2,\"name\":\"Strona g\u0142\u00f3wna\"}]},{\"@type\":\"WebSite\",\"@id\":\"https:\\\/\\\/test.magnetarmagnets.com\\\/pl\\\/#website\",\"url\":\"https:\\\/\\\/test.magnetarmagnets.com\\\/pl\\\/\",\"name\":\"Magnet fishing with a Magnetar fishing magnet\",\"description\":\"Powerful magnets for magnet fishing\",\"publisher\":{\"@id\":\"https:\\\/\\\/test.magnetarmagnets.com\\\/pl\\\/#organization\"},\"potentialAction\":[{\"@type\":\"SearchAction\",\"target\":{\"@type\":\"EntryPoint\",\"urlTemplate\":\"https:\\\/\\\/test.magnetarmagnets.com\\\/pl\\\/?s={search_term_string}\"},\"query-input\":{\"@type\":\"PropertyValueSpecification\",\"valueRequired\":true,\"valueName\":\"search_term_string\"}}],\"inLanguage\":\"pl-PL\"},{\"@type\":\"Organization\",\"@id\":\"https:\\\/\\\/test.magnetarmagnets.com\\\/pl\\\/#organization\",\"name\":\"Magnetar\",\"url\":\"https:\\\/\\\/test.magnetarmagnets.com\\\/pl\\\/\",\"logo\":{\"@type\":\"ImageObject\",\"inLanguage\":\"pl-PL\",\"@id\":\"https:\\\/\\\/test.magnetarmagnets.com\\\/pl\\\/#\\\/schema\\\/logo\\\/image\\\/\",\"url\":\"https:\\\/\\\/magnetarmagnets.com\\\/wp-content\\\/uploads\\\/2021\\\/01\\\/magnetarvismagneet_logo.png\",\"contentUrl\":\"https:\\\/\\\/magnetarmagnets.com\\\/wp-content\\\/uploads\\\/2021\\\/01\\\/magnetarvismagneet_logo.png\",\"width\":209,\"height\":100,\"caption\":\"Magnetar\"},\"image\":{\"@id\":\"https:\\\/\\\/test.magnetarmagnets.com\\\/pl\\\/#\\\/schema\\\/logo\\\/image\\\/\"},\"sameAs\":[\"https:\\\/\\\/www.facebook.com\\\/fishingmagnets\\\/\",\"https:\\\/\\\/www.instagram.com\\\/magnetar_magnets\\\/\",\"https:\\\/\\\/www.linkedin.com\\\/company\\\/magnetarbv\\\/?originalSubdomain=nl\",\"https:\\\/\\\/www.youtube.com\\\/c\\\/MagnetarVismagneet\"]}]}<\/script>\n<!-- \/ Yoast SEO plugin. -->","yoast_head_json":{"title":"Magnetar Magnets\u00ae - \u0141owienie magnesem - Mocne magnesy neodymowe","description":"Odkryj wysokiej jako\u015bci magnesy do \u0142owienia w Magnetar Magnets. Idealne dla pocz\u0105tkuj\u0105cych i do\u015bwiadczonych \u0142owc\u00f3w magnesem. Rozpocznij swoj\u0105 przygod\u0119 ju\u017c dzi\u015b","robots":{"index":"index","follow":"follow","max-snippet":"max-snippet:-1","max-image-preview":"max-image-preview:large","max-video-preview":"max-video-preview:-1"},"canonical":"https:\/\/test.magnetarmagnets.com\/pl\/","og_locale":"pl_PL","og_type":"article","og_title":"Magnetar Magnets\u00ae - \u0141owienie magnesem - Mocne magnesy neodymowe","og_description":"Odkryj wysokiej jako\u015bci magnesy do \u0142owienia w Magnetar Magnets. Idealne dla pocz\u0105tkuj\u0105cych i do\u015bwiadczonych \u0142owc\u00f3w magnesem. Rozpocznij swoj\u0105 przygod\u0119 ju\u017c dzi\u015b","og_url":"https:\/\/test.magnetarmagnets.com\/pl\/","og_site_name":"Magnet fishing with a Magnetar fishing magnet","article_publisher":"https:\/\/www.facebook.com\/fishingmagnets\/","article_modified_time":"2025-10-06T14:36:49+00:00","twitter_card":"summary_large_image","schema":{"@context":"https:\/\/schema.org","@graph":[{"@type":"WebPage","@id":"https:\/\/test.magnetarmagnets.com\/pl\/","url":"https:\/\/test.magnetarmagnets.com\/pl\/","name":"Magnetar Magnets\u00ae - \u0141owienie magnesem - Mocne magnesy neodymowe","isPartOf":{"@id":"https:\/\/test.magnetarmagnets.com\/pl\/#website"},"datePublished":"2023-04-24T05:45:11+00:00","dateModified":"2025-10-06T14:36:49+00:00","description":"Odkryj wysokiej jako\u015bci magnesy do \u0142owienia w Magnetar Magnets. Idealne dla pocz\u0105tkuj\u0105cych i do\u015bwiadczonych \u0142owc\u00f3w magnesem. Rozpocznij swoj\u0105 przygod\u0119 ju\u017c dzi\u015b","breadcrumb":{"@id":"https:\/\/test.magnetarmagnets.com\/pl\/#breadcrumb"},"inLanguage":"pl-PL","potentialAction":[{"@type":"ReadAction","target":["https:\/\/test.magnetarmagnets.com\/pl\/"]}]},{"@type":"BreadcrumbList","@id":"https:\/\/test.magnetarmagnets.com\/pl\/#breadcrumb","itemListElement":[{"@type":"ListItem","position":1,"name":"Home","item":"https:\/\/test.magnetarmagnets.com\/pl\/"},{"@type":"ListItem","position":2,"name":"Strona g\u0142\u00f3wna"}]},{"@type":"WebSite","@id":"https:\/\/test.magnetarmagnets.com\/pl\/#website","url":"https:\/\/test.magnetarmagnets.com\/pl\/","name":"Magnet fishing with a Magnetar fishing magnet","description":"Powerful magnets for magnet fishing","publisher":{"@id":"https:\/\/test.magnetarmagnets.com\/pl\/#organization"},"potentialAction":[{"@type":"SearchAction","target":{"@type":"EntryPoint","urlTemplate":"https:\/\/test.magnetarmagnets.com\/pl\/?s={search_term_string}"},"query-input":{"@type":"PropertyValueSpecification","valueRequired":true,"valueName":"search_term_string"}}],"inLanguage":"pl-PL"},{"@type":"Organization","@id":"https:\/\/test.magnetarmagnets.com\/pl\/#organization","name":"Magnetar","url":"https:\/\/test.magnetarmagnets.com\/pl\/","logo":{"@type":"ImageObject","inLanguage":"pl-PL","@id":"https:\/\/test.magnetarmagnets.com\/pl\/#\/schema\/logo\/image\/","url":"https:\/\/magnetarmagnets.com\/wp-content\/uploads\/2021\/01\/magnetarvismagneet_logo.png","contentUrl":"https:\/\/magnetarmagnets.com\/wp-content\/uploads\/2021\/01\/magnetarvismagneet_logo.png","width":209,"height":100,"caption":"Magnetar"},"image":{"@id":"https:\/\/test.magnetarmagnets.com\/pl\/#\/schema\/logo\/image\/"},"sameAs":["https:\/\/www.facebook.com\/fishingmagnets\/","https:\/\/www.instagram.com\/magnetar_magnets\/","https:\/\/www.linkedin.com\/company\/magnetarbv\/?originalSubdomain=nl","https:\/\/www.youtube.com\/c\/MagnetarVismagneet"]}]}},"_links":{"self":[{"href":"https:\/\/test.magnetarmagnets.com\/pl\/wp-json\/wp\/v2\/pages\/82871","targetHints":{"allow":["GET"]}}],"collection":[{"href":"https:\/\/test.magnetarmagnets.com\/pl\/wp-json\/wp\/v2\/pages"}],"about":[{"href":"https:\/\/test.magnetarmagnets.com\/pl\/wp-json\/wp\/v2\/types\/page"}],"author":[{"embeddable":true,"href":"https:\/\/test.magnetarmagnets.com\/pl\/wp-json\/wp\/v2\/users\/4466"}],"replies":[{"embeddable":true,"href":"https:\/\/test.magnetarmagnets.com\/pl\/wp-json\/wp\/v2\/comments?post=82871"}],"version-history":[{"count":0,"href":"https:\/\/test.magnetarmagnets.com\/pl\/wp-json\/wp\/v2\/pages\/82871\/revisions"}],"wp:attachment":[{"href":"https:\/\/test.magnetarmagnets.com\/pl\/wp-json\/wp\/v2\/media?parent=82871"}],"curies":[{"name":"wp","href":"https:\/\/api.w.org\/{rel}","templated":true}]}}