{"id":82856,"date":"2023-03-08T09:45:04","date_gmt":"2023-03-08T08:45:04","guid":{"rendered":"https:\/\/magnetarmagnets.com\/instrukcje\/"},"modified":"2025-07-15T11:01:32","modified_gmt":"2025-07-15T09:01:32","slug":"instrukcje","status":"publish","type":"page","link":"https:\/\/test.magnetarmagnets.com\/pl\/instrukcje\/","title":{"rendered":"Instrukcje"},"content":{"rendered":"\n<p>Monta\u017c magnesu do \u0142owienia magnesem? W poni\u017cszych instrukcjach oferujemy Ci przewodnik krok po kroku dotycz\u0105cy monta\u017cu magnesu do \u0142owienia magnesem Magnetar. Mamy nadziej\u0119, \u017ce te instrukcje pomog\u0105 Ci jak najszybciej rozpocz\u0105\u0107 uprawianie tego pi\u0119knego hobby.  <\/p>\n\n<p><a href=\"https:\/\/test.magnetarmagnets.com\/wp-content\/uploads\/2023\/07\/Handleiding-allround-zonder-beschermhoes-ENG2.pdf\" target=\"_blank\" rel=\"noreferrer noopener\">Pobierz instrukcj\u0119 \u2013 Magnesy do \u0142owienia magnesem Allround 360\u00b0<\/a><\/p>\n\n<p><a href=\"https:\/\/test.magnetarmagnets.com\/wp-content\/uploads\/2023\/07\/Handleiding-allround-inclusief-beschermhoes-ENG2.pdf\" target=\"_blank\" rel=\"noreferrer noopener\">Pobierz instrukcj\u0119 \u2013 Magnesy do \u0142owienia magnesem Allround 360\u00b0 z os\u0142on\u0105 ochronn\u0105<\/a><\/p>\n\n<p><a href=\"https:\/\/test.magnetarmagnets.com\/wp-content\/uploads\/2023\/07\/Handleiding-Classic-vismagneten-ENG2.pdf\" target=\"_blank\" rel=\"noreferrer noopener\">Pobierz instrukcj\u0119 \u2013 Magnesy do \u0142owienia magnesem jednostronne Classic<\/a><\/p>\n\n<p><a href=\"https:\/\/test.magnetarmagnets.com\/wp-content\/uploads\/2023\/07\/Handleiding-dubbelzijdige-vismagneten-ENG2.pdf\" target=\"_blank\" rel=\"noreferrer noopener\">Pobierz instrukcj\u0119 \u2013 Magnesy do \u0142owienia magnesem dwustronne Bulldog<\/a><\/p>\n\n<p><a href=\"https:\/\/test.magnetarmagnets.com\/wp-content\/uploads\/2023\/07\/Handleiding-vismagneet-touw-ENG2.pdf\" target=\"_blank\" rel=\"noreferrer noopener\">Pobierz instrukcj\u0119 \u2013 Lina do \u0142owienia magnesem Magnetar<\/a><\/p>\n","protected":false},"excerpt":{"rendered":"<p>Monta\u017c magnesu do \u0142owienia magnesem? W poni\u017cszych instrukcjach oferujemy Ci przewodnik krok po kroku dotycz\u0105cy monta\u017cu magnesu do \u0142owienia magnesem Magnetar. Mamy nadziej\u0119, \u017ce te instrukcje pomog\u0105 Ci jak najszybciej rozpocz\u0105\u0107 uprawianie tego pi\u0119knego hobby. Pobierz instrukcj\u0119 \u2013 Magnesy do \u0142owienia magnesem Allround 360\u00b0 Pobierz instrukcj\u0119 \u2013 Magnesy do \u0142owienia magnesem Allround 360\u00b0 z os\u0142on\u0105 [&hellip;]<\/p>\n","protected":false},"author":1,"featured_media":0,"parent":0,"menu_order":0,"comment_status":"closed","ping_status":"closed","template":"","meta":{"_acf_changed":false,"inline_featured_image":false,"footnotes":""},"class_list":["post-82856","page","type-page","status-publish","hentry"],"acf":[],"yoast_head":"<!-- This site is optimized with the Yoast SEO plugin v27.4 - https:\/\/yoast.com\/product\/yoast-seo-wordpress\/ -->\n<title>Instrukcje - Magnet fishing with a Magnetar fishing magnet<\/title>\n<meta name=\"robots\" content=\"index, follow, max-snippet:-1, max-image-preview:large, max-video-preview:-1\" \/>\n<link rel=\"canonical\" href=\"https:\/\/test.magnetarmagnets.com\/pl\/instrukcje\/\" \/>\n<meta property=\"og:locale\" content=\"pl_PL\" \/>\n<meta property=\"og:type\" content=\"article\" \/>\n<meta property=\"og:title\" content=\"Instrukcje - Magnet fishing with a Magnetar fishing magnet\" \/>\n<meta property=\"og:description\" content=\"Monta\u017c magnesu do \u0142owienia magnesem? W poni\u017cszych instrukcjach oferujemy Ci przewodnik krok po kroku dotycz\u0105cy monta\u017cu magnesu do \u0142owienia magnesem Magnetar. Mamy nadziej\u0119, \u017ce te instrukcje pomog\u0105 Ci jak najszybciej rozpocz\u0105\u0107 uprawianie tego pi\u0119knego hobby. Pobierz instrukcj\u0119 \u2013 Magnesy do \u0142owienia magnesem Allround 360\u00b0 Pobierz instrukcj\u0119 \u2013 Magnesy do \u0142owienia magnesem Allround 360\u00b0 z os\u0142on\u0105 [&hellip;]\" \/>\n<meta property=\"og:url\" content=\"https:\/\/test.magnetarmagnets.com\/pl\/instrukcje\/\" \/>\n<meta property=\"og:site_name\" content=\"Magnet fishing with a Magnetar fishing magnet\" \/>\n<meta property=\"article:publisher\" content=\"https:\/\/www.facebook.com\/fishingmagnets\/\" \/>\n<meta property=\"article:modified_time\" content=\"2025-07-15T09:01:32+00:00\" \/>\n<meta name=\"twitter:card\" content=\"summary_large_image\" \/>\n<script type=\"application\/ld+json\" class=\"yoast-schema-graph\">{\"@context\":\"https:\\\/\\\/schema.org\",\"@graph\":[{\"@type\":\"WebPage\",\"@id\":\"https:\\\/\\\/test.magnetarmagnets.com\\\/pl\\\/instrukcje\\\/\",\"url\":\"https:\\\/\\\/test.magnetarmagnets.com\\\/pl\\\/instrukcje\\\/\",\"name\":\"Instrukcje - Magnet fishing with a Magnetar fishing magnet\",\"isPartOf\":{\"@id\":\"https:\\\/\\\/test.magnetarmagnets.com\\\/pl\\\/#website\"},\"datePublished\":\"2023-03-08T08:45:04+00:00\",\"dateModified\":\"2025-07-15T09:01:32+00:00\",\"breadcrumb\":{\"@id\":\"https:\\\/\\\/test.magnetarmagnets.com\\\/pl\\\/instrukcje\\\/#breadcrumb\"},\"inLanguage\":\"pl-PL\",\"potentialAction\":[{\"@type\":\"ReadAction\",\"target\":[\"https:\\\/\\\/test.magnetarmagnets.com\\\/pl\\\/instrukcje\\\/\"]}]},{\"@type\":\"BreadcrumbList\",\"@id\":\"https:\\\/\\\/test.magnetarmagnets.com\\\/pl\\\/instrukcje\\\/#breadcrumb\",\"itemListElement\":[{\"@type\":\"ListItem\",\"position\":1,\"name\":\"Home\",\"item\":\"https:\\\/\\\/test.magnetarmagnets.com\\\/pl\\\/\"},{\"@type\":\"ListItem\",\"position\":2,\"name\":\"Instrukcje\"}]},{\"@type\":\"WebSite\",\"@id\":\"https:\\\/\\\/test.magnetarmagnets.com\\\/pl\\\/#website\",\"url\":\"https:\\\/\\\/test.magnetarmagnets.com\\\/pl\\\/\",\"name\":\"Magnet fishing with a Magnetar fishing magnet\",\"description\":\"Powerful magnets for magnet fishing\",\"publisher\":{\"@id\":\"https:\\\/\\\/test.magnetarmagnets.com\\\/pl\\\/#organization\"},\"potentialAction\":[{\"@type\":\"SearchAction\",\"target\":{\"@type\":\"EntryPoint\",\"urlTemplate\":\"https:\\\/\\\/test.magnetarmagnets.com\\\/pl\\\/?s={search_term_string}\"},\"query-input\":{\"@type\":\"PropertyValueSpecification\",\"valueRequired\":true,\"valueName\":\"search_term_string\"}}],\"inLanguage\":\"pl-PL\"},{\"@type\":\"Organization\",\"@id\":\"https:\\\/\\\/test.magnetarmagnets.com\\\/pl\\\/#organization\",\"name\":\"Magnetar\",\"url\":\"https:\\\/\\\/test.magnetarmagnets.com\\\/pl\\\/\",\"logo\":{\"@type\":\"ImageObject\",\"inLanguage\":\"pl-PL\",\"@id\":\"https:\\\/\\\/test.magnetarmagnets.com\\\/pl\\\/#\\\/schema\\\/logo\\\/image\\\/\",\"url\":\"https:\\\/\\\/magnetarmagnets.com\\\/wp-content\\\/uploads\\\/2021\\\/01\\\/magnetarvismagneet_logo.png\",\"contentUrl\":\"https:\\\/\\\/magnetarmagnets.com\\\/wp-content\\\/uploads\\\/2021\\\/01\\\/magnetarvismagneet_logo.png\",\"width\":209,\"height\":100,\"caption\":\"Magnetar\"},\"image\":{\"@id\":\"https:\\\/\\\/test.magnetarmagnets.com\\\/pl\\\/#\\\/schema\\\/logo\\\/image\\\/\"},\"sameAs\":[\"https:\\\/\\\/www.facebook.com\\\/fishingmagnets\\\/\",\"https:\\\/\\\/www.instagram.com\\\/magnetar_magnets\\\/\",\"https:\\\/\\\/www.linkedin.com\\\/company\\\/magnetarbv\\\/?originalSubdomain=nl\",\"https:\\\/\\\/www.youtube.com\\\/c\\\/MagnetarVismagneet\"]}]}<\/script>\n<!-- \/ Yoast SEO plugin. -->","yoast_head_json":{"title":"Instrukcje - Magnet fishing with a Magnetar fishing magnet","robots":{"index":"index","follow":"follow","max-snippet":"max-snippet:-1","max-image-preview":"max-image-preview:large","max-video-preview":"max-video-preview:-1"},"canonical":"https:\/\/test.magnetarmagnets.com\/pl\/instrukcje\/","og_locale":"pl_PL","og_type":"article","og_title":"Instrukcje - Magnet fishing with a Magnetar fishing magnet","og_description":"Monta\u017c magnesu do \u0142owienia magnesem? W poni\u017cszych instrukcjach oferujemy Ci przewodnik krok po kroku dotycz\u0105cy monta\u017cu magnesu do \u0142owienia magnesem Magnetar. Mamy nadziej\u0119, \u017ce te instrukcje pomog\u0105 Ci jak najszybciej rozpocz\u0105\u0107 uprawianie tego pi\u0119knego hobby. Pobierz instrukcj\u0119 \u2013 Magnesy do \u0142owienia magnesem Allround 360\u00b0 Pobierz instrukcj\u0119 \u2013 Magnesy do \u0142owienia magnesem Allround 360\u00b0 z os\u0142on\u0105 [&hellip;]","og_url":"https:\/\/test.magnetarmagnets.com\/pl\/instrukcje\/","og_site_name":"Magnet fishing with a Magnetar fishing magnet","article_publisher":"https:\/\/www.facebook.com\/fishingmagnets\/","article_modified_time":"2025-07-15T09:01:32+00:00","twitter_card":"summary_large_image","schema":{"@context":"https:\/\/schema.org","@graph":[{"@type":"WebPage","@id":"https:\/\/test.magnetarmagnets.com\/pl\/instrukcje\/","url":"https:\/\/test.magnetarmagnets.com\/pl\/instrukcje\/","name":"Instrukcje - Magnet fishing with a Magnetar fishing magnet","isPartOf":{"@id":"https:\/\/test.magnetarmagnets.com\/pl\/#website"},"datePublished":"2023-03-08T08:45:04+00:00","dateModified":"2025-07-15T09:01:32+00:00","breadcrumb":{"@id":"https:\/\/test.magnetarmagnets.com\/pl\/instrukcje\/#breadcrumb"},"inLanguage":"pl-PL","potentialAction":[{"@type":"ReadAction","target":["https:\/\/test.magnetarmagnets.com\/pl\/instrukcje\/"]}]},{"@type":"BreadcrumbList","@id":"https:\/\/test.magnetarmagnets.com\/pl\/instrukcje\/#breadcrumb","itemListElement":[{"@type":"ListItem","position":1,"name":"Home","item":"https:\/\/test.magnetarmagnets.com\/pl\/"},{"@type":"ListItem","position":2,"name":"Instrukcje"}]},{"@type":"WebSite","@id":"https:\/\/test.magnetarmagnets.com\/pl\/#website","url":"https:\/\/test.magnetarmagnets.com\/pl\/","name":"Magnet fishing with a Magnetar fishing magnet","description":"Powerful magnets for magnet fishing","publisher":{"@id":"https:\/\/test.magnetarmagnets.com\/pl\/#organization"},"potentialAction":[{"@type":"SearchAction","target":{"@type":"EntryPoint","urlTemplate":"https:\/\/test.magnetarmagnets.com\/pl\/?s={search_term_string}"},"query-input":{"@type":"PropertyValueSpecification","valueRequired":true,"valueName":"search_term_string"}}],"inLanguage":"pl-PL"},{"@type":"Organization","@id":"https:\/\/test.magnetarmagnets.com\/pl\/#organization","name":"Magnetar","url":"https:\/\/test.magnetarmagnets.com\/pl\/","logo":{"@type":"ImageObject","inLanguage":"pl-PL","@id":"https:\/\/test.magnetarmagnets.com\/pl\/#\/schema\/logo\/image\/","url":"https:\/\/magnetarmagnets.com\/wp-content\/uploads\/2021\/01\/magnetarvismagneet_logo.png","contentUrl":"https:\/\/magnetarmagnets.com\/wp-content\/uploads\/2021\/01\/magnetarvismagneet_logo.png","width":209,"height":100,"caption":"Magnetar"},"image":{"@id":"https:\/\/test.magnetarmagnets.com\/pl\/#\/schema\/logo\/image\/"},"sameAs":["https:\/\/www.facebook.com\/fishingmagnets\/","https:\/\/www.instagram.com\/magnetar_magnets\/","https:\/\/www.linkedin.com\/company\/magnetarbv\/?originalSubdomain=nl","https:\/\/www.youtube.com\/c\/MagnetarVismagneet"]}]}},"_links":{"self":[{"href":"https:\/\/test.magnetarmagnets.com\/pl\/wp-json\/wp\/v2\/pages\/82856","targetHints":{"allow":["GET"]}}],"collection":[{"href":"https:\/\/test.magnetarmagnets.com\/pl\/wp-json\/wp\/v2\/pages"}],"about":[{"href":"https:\/\/test.magnetarmagnets.com\/pl\/wp-json\/wp\/v2\/types\/page"}],"author":[{"embeddable":true,"href":"https:\/\/test.magnetarmagnets.com\/pl\/wp-json\/wp\/v2\/users\/1"}],"replies":[{"embeddable":true,"href":"https:\/\/test.magnetarmagnets.com\/pl\/wp-json\/wp\/v2\/comments?post=82856"}],"version-history":[{"count":0,"href":"https:\/\/test.magnetarmagnets.com\/pl\/wp-json\/wp\/v2\/pages\/82856\/revisions"}],"wp:attachment":[{"href":"https:\/\/test.magnetarmagnets.com\/pl\/wp-json\/wp\/v2\/media?parent=82856"}],"curies":[{"name":"wp","href":"https:\/\/api.w.org\/{rel}","templated":true}]}}