{"id":84304,"date":"2025-06-05T09:53:07","date_gmt":"2025-06-05T07:53:07","guid":{"rendered":"https:\/\/magnetarmagnets.com\/?post_type=product&#038;p=84304"},"modified":"2026-03-16T18:46:55","modified_gmt":"2026-03-16T17:46:55","slug":"oppvarmet-arbeidsvest-magma-xl","status":"publish","type":"product","link":"https:\/\/test.magnetarmagnets.com\/no\/shop\/oppvarmet-arbeidsvest-magma-xl\/","title":{"rendered":"Oppvarmet arbeidsvest Magma XL"},"content":{"rendered":"<h2><img fetchpriority=\"high\" decoding=\"async\" class=\"aligncenter size-full wp-image-51853\" src=\"https:\/\/test.magnetarmagnets.com\/wp-content\/uploads\/2021\/02\/work-vest-engels.png\" alt=\"arbeidsvest, varmevest, magnetar varme, varme kl\u00e6r, hettegenser, vest, varme kl\u00e6r\" width=\"765\" height=\"455\" srcset=\"https:\/\/test.magnetarmagnets.com\/wp-content\/uploads\/2021\/02\/work-vest-engels.png 765w, https:\/\/test.magnetarmagnets.com\/wp-content\/uploads\/2021\/02\/work-vest-engels-150x89.png 150w, https:\/\/test.magnetarmagnets.com\/wp-content\/uploads\/2021\/02\/work-vest-engels-600x357.png 600w, https:\/\/test.magnetarmagnets.com\/wp-content\/uploads\/2021\/02\/work-vest-engels-300x178.png 300w\" sizes=\"(max-width: 765px) 100vw, 765px\" \/><\/h2>\n<h2>Den beste oppvarmede arbeidsvesten<\/h2>\n<p><strong>En oppvarmet arbeidsvest?<\/strong> V\u00e5re arbeidsvester holder deg varm selv p\u00e5 de kaldere dagene. Denne batteridrevne arbeidsvesten har tre varmeinnstillinger, s\u00e5 du har alltid den komfortable temperaturen. <a href=\"https:\/\/test.magnetarmagnets.com\/no\/\" target=\"_blank\" rel=\"noopener\">Magnetfiske<\/a> hele dagen? Jobber ute p\u00e5 en kald dag? En kj\u00f8lig sommerkveld? Jobber i vind eller sent p\u00e5 kvelden? Denne komfortable, vind- og vanntette oppvarmede arbeidsvesten holder deg varm. <strong>Magnetar Heat arbeidsvesten er stor i st\u00f8rrelsen, s\u00e5 bestill en mindre st\u00f8rrelse!<\/strong><\/p>\n<h2>Produktinformasjon Oppvarmet Arbeidsvest<\/h2>\n<p>Det medf\u00f8lgende batteriet har st\u00f8rrelsen til en mobiltelefon og kan holde deg varm i <strong>opptil 9 timer<\/strong>, avhengig av varmeinnstillingen. Arbeidsvesten <strong>leveres med batteri og lader.<\/strong> Arbeidsvesten er laget av vind- og vannavst\u00f8tende bomull, og innerforet er laget av lettstelt nylonmateriale, som gir deg full bevegelsesfrihet under arbeidet ditt. Med denne oppvarmede arbeidsvesten trenger du ikke kle deg med flere lag kl\u00e6r, for eksempel n\u00e5r du jobber p\u00e5 g\u00e5rden, som veiarbeider, i byggebransjen, som maler, p\u00e5 ridesenter, driver jakt, jobber i hagen og s\u00e5 videre. Det er en arbeidsvest som gir h\u00f8y komfort og full bevegelsesfrihet.<\/p>\n<p>Varmeomr\u00e5dene gir deg behagelig varme akkurat der p\u00e5 overkroppen du trenger det, p\u00e5 brystet og ryggen. Lav, medium og h\u00f8y innstilling lar deg tilpasse deg omgivelsene og holde varmen gjennom hele dagen. S\u00e5 er det bare \u00e5 lade opp batteriet p\u00e5 3-4 timer, s\u00e5 er du klar til bruk.<\/p>\n<p>V\u00e5re arbeidsvester er laget av slitesterkt og h\u00f8ykvalitets materiale som er laget for \u00e5 holde deg varm under alle v\u00e6rforhold.<\/p>\n<h2>CE-godkjent oppvarmet vest<\/h2>\n<p>De oppvarmede arbeidsvestene er CE-godkjent. Vi st\u00e5r fullt bak produktet v\u00e5rt og tilbyr derfor <strong>1 \u00e5rs garanti<\/strong>.<\/p>\n<p><strong>Magnetar Heat arbeidsvesten er stor i st\u00f8rrelsen, s\u00e5 bestill en mindre st\u00f8rrelse!<\/strong><\/p>\n","protected":false},"excerpt":{"rendered":"<p>Dette er en oppvarmbar arbeidsvest med oppvarming og 3 varmeinnstillinger. Holder deg varm n\u00e5r du trenger det. Ekstra slitesterk.<\/p>\n","protected":false},"featured_media":77851,"comment_status":"open","ping_status":"closed","template":"","meta":{"_acf_changed":false,"inline_featured_image":false},"product_brand":[],"product_cat":[166],"product_tag":[],"class_list":{"0":"post-84304","1":"product","2":"type-product","3":"status-publish","4":"has-post-thumbnail","6":"product_cat-uncategorized","8":"first","9":"instock","10":"taxable","11":"shipping-taxable","12":"purchasable","13":"product-type-simple"},"acf":[],"yoast_head":"<!-- This site is optimized with the Yoast SEO plugin v27.6 - https:\/\/yoast.com\/product\/yoast-seo-wordpress\/ -->\n<title>Oppvarmet arbeidsvest Magma XL - Magnet fishing with a Magnetar fishing magnet<\/title>\n<meta name=\"description\" content=\"Arbeidsvest? Denne batteridrevne arbeidsvesten har tre varmeinnstillinger, s\u00e5 du har alltid en komfortabel temperatur.\" \/>\n<meta name=\"robots\" content=\"index, follow, max-snippet:-1, max-image-preview:large, max-video-preview:-1\" \/>\n<link rel=\"canonical\" href=\"https:\/\/test.magnetarmagnets.com\/no\/shop\/oppvarmet-arbeidsvest-magma-xl\/\" \/>\n<meta property=\"og:locale\" content=\"nb_NO\" \/>\n<meta property=\"og:type\" content=\"article\" \/>\n<meta property=\"og:title\" content=\"Oppvarmet arbeidsvest Magma XL - Magnet fishing with a Magnetar fishing magnet\" \/>\n<meta property=\"og:description\" content=\"Arbeidsvest? Denne batteridrevne arbeidsvesten har tre varmeinnstillinger, s\u00e5 du har alltid en komfortabel temperatur.\" \/>\n<meta property=\"og:url\" content=\"https:\/\/test.magnetarmagnets.com\/no\/shop\/oppvarmet-arbeidsvest-magma-xl\/\" \/>\n<meta property=\"og:site_name\" content=\"Magnet fishing with a Magnetar fishing magnet\" \/>\n<meta property=\"article:publisher\" content=\"https:\/\/www.facebook.com\/fishingmagnets\/\" \/>\n<meta property=\"article:modified_time\" content=\"2026-03-16T17:46:55+00:00\" \/>\n<meta property=\"og:image\" content=\"https:\/\/test.magnetarmagnets.com\/wp-content\/uploads\/2021\/02\/heated-work-jacket-scaled.jpg\" \/>\n\t<meta property=\"og:image:width\" content=\"2330\" \/>\n\t<meta property=\"og:image:height\" content=\"2560\" \/>\n\t<meta property=\"og:image:type\" content=\"image\/jpeg\" \/>\n<meta name=\"twitter:card\" content=\"summary_large_image\" \/>\n<meta name=\"twitter:label1\" content=\"Ansl. lesetid\" \/>\n\t<meta name=\"twitter:data1\" content=\"2 minutter\" \/>\n<script type=\"application\/ld+json\" class=\"yoast-schema-graph\">{\"@context\":\"https:\\\/\\\/schema.org\",\"@graph\":[{\"@type\":[\"WebPage\",\"ItemPage\"],\"@id\":\"https:\\\/\\\/test.magnetarmagnets.com\\\/no\\\/shop\\\/oppvarmet-arbeidsvest-magma-xl\\\/\",\"url\":\"https:\\\/\\\/test.magnetarmagnets.com\\\/no\\\/shop\\\/oppvarmet-arbeidsvest-magma-xl\\\/\",\"name\":\"Oppvarmet arbeidsvest Magma XL - Magnet fishing with a Magnetar fishing magnet\",\"isPartOf\":{\"@id\":\"https:\\\/\\\/test.magnetarmagnets.com\\\/no\\\/#website\"},\"primaryImageOfPage\":{\"@id\":\"https:\\\/\\\/test.magnetarmagnets.com\\\/no\\\/shop\\\/oppvarmet-arbeidsvest-magma-xl\\\/#primaryimage\"},\"image\":{\"@id\":\"https:\\\/\\\/test.magnetarmagnets.com\\\/no\\\/shop\\\/oppvarmet-arbeidsvest-magma-xl\\\/#primaryimage\"},\"thumbnailUrl\":\"https:\\\/\\\/test.magnetarmagnets.com\\\/wp-content\\\/uploads\\\/2021\\\/02\\\/heated-work-jacket-scaled.jpg\",\"datePublished\":\"2025-06-05T07:53:07+00:00\",\"dateModified\":\"2026-03-16T17:46:55+00:00\",\"description\":\"Arbeidsvest? Denne batteridrevne arbeidsvesten har tre varmeinnstillinger, s\u00e5 du har alltid en komfortabel temperatur.\",\"breadcrumb\":{\"@id\":\"https:\\\/\\\/test.magnetarmagnets.com\\\/no\\\/shop\\\/oppvarmet-arbeidsvest-magma-xl\\\/#breadcrumb\"},\"inLanguage\":\"nb-NO\",\"potentialAction\":[{\"@type\":\"ReadAction\",\"target\":[\"https:\\\/\\\/test.magnetarmagnets.com\\\/no\\\/shop\\\/oppvarmet-arbeidsvest-magma-xl\\\/\"]}]},{\"@type\":\"ImageObject\",\"inLanguage\":\"nb-NO\",\"@id\":\"https:\\\/\\\/test.magnetarmagnets.com\\\/no\\\/shop\\\/oppvarmet-arbeidsvest-magma-xl\\\/#primaryimage\",\"url\":\"https:\\\/\\\/test.magnetarmagnets.com\\\/wp-content\\\/uploads\\\/2021\\\/02\\\/heated-work-jacket-scaled.jpg\",\"contentUrl\":\"https:\\\/\\\/test.magnetarmagnets.com\\\/wp-content\\\/uploads\\\/2021\\\/02\\\/heated-work-jacket-scaled.jpg\",\"width\":2330,\"height\":2560,\"caption\":\"heated workwear jack\"},{\"@type\":\"BreadcrumbList\",\"@id\":\"https:\\\/\\\/test.magnetarmagnets.com\\\/no\\\/shop\\\/oppvarmet-arbeidsvest-magma-xl\\\/#breadcrumb\",\"itemListElement\":[{\"@type\":\"ListItem\",\"position\":1,\"name\":\"Home\",\"item\":\"https:\\\/\\\/test.magnetarmagnets.com\\\/no\\\/\"},{\"@type\":\"ListItem\",\"position\":2,\"name\":\"Butikk\",\"item\":\"https:\\\/\\\/test.magnetarmagnets.com\\\/shop\\\/\"},{\"@type\":\"ListItem\",\"position\":3,\"name\":\"All products\",\"item\":\"https:\\\/\\\/test.magnetarmagnets.com\\\/collections\\\/all-products\\\/\"},{\"@type\":\"ListItem\",\"position\":4,\"name\":\"Oppvarmet arbeidsvest Magma XL\"}]},{\"@type\":\"WebSite\",\"@id\":\"https:\\\/\\\/test.magnetarmagnets.com\\\/no\\\/#website\",\"url\":\"https:\\\/\\\/test.magnetarmagnets.com\\\/no\\\/\",\"name\":\"Magnet fishing with a Magnetar fishing magnet\",\"description\":\"Powerful magnets for magnet fishing\",\"publisher\":{\"@id\":\"https:\\\/\\\/test.magnetarmagnets.com\\\/no\\\/#organization\"},\"potentialAction\":[{\"@type\":\"SearchAction\",\"target\":{\"@type\":\"EntryPoint\",\"urlTemplate\":\"https:\\\/\\\/test.magnetarmagnets.com\\\/no\\\/?s={search_term_string}\"},\"query-input\":{\"@type\":\"PropertyValueSpecification\",\"valueRequired\":true,\"valueName\":\"search_term_string\"}}],\"inLanguage\":\"nb-NO\"},{\"@type\":\"Organization\",\"@id\":\"https:\\\/\\\/test.magnetarmagnets.com\\\/no\\\/#organization\",\"name\":\"Magnetar\",\"url\":\"https:\\\/\\\/test.magnetarmagnets.com\\\/no\\\/\",\"logo\":{\"@type\":\"ImageObject\",\"inLanguage\":\"nb-NO\",\"@id\":\"https:\\\/\\\/test.magnetarmagnets.com\\\/no\\\/#\\\/schema\\\/logo\\\/image\\\/\",\"url\":\"https:\\\/\\\/magnetarmagnets.com\\\/wp-content\\\/uploads\\\/2021\\\/01\\\/magnetarvismagneet_logo.png\",\"contentUrl\":\"https:\\\/\\\/magnetarmagnets.com\\\/wp-content\\\/uploads\\\/2021\\\/01\\\/magnetarvismagneet_logo.png\",\"width\":209,\"height\":100,\"caption\":\"Magnetar\"},\"image\":{\"@id\":\"https:\\\/\\\/test.magnetarmagnets.com\\\/no\\\/#\\\/schema\\\/logo\\\/image\\\/\"},\"sameAs\":[\"https:\\\/\\\/www.facebook.com\\\/fishingmagnets\\\/\",\"https:\\\/\\\/www.instagram.com\\\/magnetar_magnets\\\/\",\"https:\\\/\\\/www.linkedin.com\\\/company\\\/magnetarbv\\\/?originalSubdomain=nl\",\"https:\\\/\\\/www.youtube.com\\\/c\\\/MagnetarVismagneet\"]}]}<\/script>\n<!-- \/ Yoast SEO plugin. -->","yoast_head_json":{"title":"Oppvarmet arbeidsvest Magma XL - Magnet fishing with a Magnetar fishing magnet","description":"Arbeidsvest? Denne batteridrevne arbeidsvesten har tre varmeinnstillinger, s\u00e5 du har alltid en komfortabel temperatur.","robots":{"index":"index","follow":"follow","max-snippet":"max-snippet:-1","max-image-preview":"max-image-preview:large","max-video-preview":"max-video-preview:-1"},"canonical":"https:\/\/test.magnetarmagnets.com\/no\/shop\/oppvarmet-arbeidsvest-magma-xl\/","og_locale":"nb_NO","og_type":"article","og_title":"Oppvarmet arbeidsvest Magma XL - Magnet fishing with a Magnetar fishing magnet","og_description":"Arbeidsvest? Denne batteridrevne arbeidsvesten har tre varmeinnstillinger, s\u00e5 du har alltid en komfortabel temperatur.","og_url":"https:\/\/test.magnetarmagnets.com\/no\/shop\/oppvarmet-arbeidsvest-magma-xl\/","og_site_name":"Magnet fishing with a Magnetar fishing magnet","article_publisher":"https:\/\/www.facebook.com\/fishingmagnets\/","article_modified_time":"2026-03-16T17:46:55+00:00","og_image":[{"width":2330,"height":2560,"url":"https:\/\/test.magnetarmagnets.com\/wp-content\/uploads\/2021\/02\/heated-work-jacket-scaled.jpg","type":"image\/jpeg"}],"twitter_card":"summary_large_image","twitter_misc":{"Ansl. lesetid":"2 minutter"},"schema":{"@context":"https:\/\/schema.org","@graph":[{"@type":["WebPage","ItemPage"],"@id":"https:\/\/test.magnetarmagnets.com\/no\/shop\/oppvarmet-arbeidsvest-magma-xl\/","url":"https:\/\/test.magnetarmagnets.com\/no\/shop\/oppvarmet-arbeidsvest-magma-xl\/","name":"Oppvarmet arbeidsvest Magma XL - Magnet fishing with a Magnetar fishing magnet","isPartOf":{"@id":"https:\/\/test.magnetarmagnets.com\/no\/#website"},"primaryImageOfPage":{"@id":"https:\/\/test.magnetarmagnets.com\/no\/shop\/oppvarmet-arbeidsvest-magma-xl\/#primaryimage"},"image":{"@id":"https:\/\/test.magnetarmagnets.com\/no\/shop\/oppvarmet-arbeidsvest-magma-xl\/#primaryimage"},"thumbnailUrl":"https:\/\/test.magnetarmagnets.com\/wp-content\/uploads\/2021\/02\/heated-work-jacket-scaled.jpg","datePublished":"2025-06-05T07:53:07+00:00","dateModified":"2026-03-16T17:46:55+00:00","description":"Arbeidsvest? Denne batteridrevne arbeidsvesten har tre varmeinnstillinger, s\u00e5 du har alltid en komfortabel temperatur.","breadcrumb":{"@id":"https:\/\/test.magnetarmagnets.com\/no\/shop\/oppvarmet-arbeidsvest-magma-xl\/#breadcrumb"},"inLanguage":"nb-NO","potentialAction":[{"@type":"ReadAction","target":["https:\/\/test.magnetarmagnets.com\/no\/shop\/oppvarmet-arbeidsvest-magma-xl\/"]}]},{"@type":"ImageObject","inLanguage":"nb-NO","@id":"https:\/\/test.magnetarmagnets.com\/no\/shop\/oppvarmet-arbeidsvest-magma-xl\/#primaryimage","url":"https:\/\/test.magnetarmagnets.com\/wp-content\/uploads\/2021\/02\/heated-work-jacket-scaled.jpg","contentUrl":"https:\/\/test.magnetarmagnets.com\/wp-content\/uploads\/2021\/02\/heated-work-jacket-scaled.jpg","width":2330,"height":2560,"caption":"heated workwear jack"},{"@type":"BreadcrumbList","@id":"https:\/\/test.magnetarmagnets.com\/no\/shop\/oppvarmet-arbeidsvest-magma-xl\/#breadcrumb","itemListElement":[{"@type":"ListItem","position":1,"name":"Home","item":"https:\/\/test.magnetarmagnets.com\/no\/"},{"@type":"ListItem","position":2,"name":"Butikk","item":"https:\/\/test.magnetarmagnets.com\/shop\/"},{"@type":"ListItem","position":3,"name":"All products","item":"https:\/\/test.magnetarmagnets.com\/collections\/all-products\/"},{"@type":"ListItem","position":4,"name":"Oppvarmet arbeidsvest Magma XL"}]},{"@type":"WebSite","@id":"https:\/\/test.magnetarmagnets.com\/no\/#website","url":"https:\/\/test.magnetarmagnets.com\/no\/","name":"Magnet fishing with a Magnetar fishing magnet","description":"Powerful magnets for magnet fishing","publisher":{"@id":"https:\/\/test.magnetarmagnets.com\/no\/#organization"},"potentialAction":[{"@type":"SearchAction","target":{"@type":"EntryPoint","urlTemplate":"https:\/\/test.magnetarmagnets.com\/no\/?s={search_term_string}"},"query-input":{"@type":"PropertyValueSpecification","valueRequired":true,"valueName":"search_term_string"}}],"inLanguage":"nb-NO"},{"@type":"Organization","@id":"https:\/\/test.magnetarmagnets.com\/no\/#organization","name":"Magnetar","url":"https:\/\/test.magnetarmagnets.com\/no\/","logo":{"@type":"ImageObject","inLanguage":"nb-NO","@id":"https:\/\/test.magnetarmagnets.com\/no\/#\/schema\/logo\/image\/","url":"https:\/\/magnetarmagnets.com\/wp-content\/uploads\/2021\/01\/magnetarvismagneet_logo.png","contentUrl":"https:\/\/magnetarmagnets.com\/wp-content\/uploads\/2021\/01\/magnetarvismagneet_logo.png","width":209,"height":100,"caption":"Magnetar"},"image":{"@id":"https:\/\/test.magnetarmagnets.com\/no\/#\/schema\/logo\/image\/"},"sameAs":["https:\/\/www.facebook.com\/fishingmagnets\/","https:\/\/www.instagram.com\/magnetar_magnets\/","https:\/\/www.linkedin.com\/company\/magnetarbv\/?originalSubdomain=nl","https:\/\/www.youtube.com\/c\/MagnetarVismagneet"]}]}},"_links":{"self":[{"href":"https:\/\/test.magnetarmagnets.com\/no\/wp-json\/wp\/v2\/product\/84304","targetHints":{"allow":["GET"]}}],"collection":[{"href":"https:\/\/test.magnetarmagnets.com\/no\/wp-json\/wp\/v2\/product"}],"about":[{"href":"https:\/\/test.magnetarmagnets.com\/no\/wp-json\/wp\/v2\/types\/product"}],"replies":[{"embeddable":true,"href":"https:\/\/test.magnetarmagnets.com\/no\/wp-json\/wp\/v2\/comments?post=84304"}],"wp:featuredmedia":[{"embeddable":true,"href":"https:\/\/test.magnetarmagnets.com\/no\/wp-json\/wp\/v2\/media\/77851"}],"wp:attachment":[{"href":"https:\/\/test.magnetarmagnets.com\/no\/wp-json\/wp\/v2\/media?parent=84304"}],"wp:term":[{"taxonomy":"product_brand","embeddable":true,"href":"https:\/\/test.magnetarmagnets.com\/no\/wp-json\/wp\/v2\/product_brand?post=84304"},{"taxonomy":"product_cat","embeddable":true,"href":"https:\/\/test.magnetarmagnets.com\/no\/wp-json\/wp\/v2\/product_cat?post=84304"},{"taxonomy":"product_tag","embeddable":true,"href":"https:\/\/test.magnetarmagnets.com\/no\/wp-json\/wp\/v2\/product_tag?post=84304"}],"curies":[{"name":"wp","href":"https:\/\/api.w.org\/{rel}","templated":true}]}}