{"id":84271,"date":"2025-06-05T09:54:14","date_gmt":"2025-06-05T07:54:14","guid":{"rendered":"https:\/\/magnetarmagnets.com\/?post_type=product&#038;p=84271"},"modified":"2025-08-25T10:34:15","modified_gmt":"2025-08-25T08:34:15","slug":"bulldog-800-dobbeltsidig-800-kg","status":"publish","type":"product","link":"https:\/\/test.magnetarmagnets.com\/no\/shop\/bulldog-800-dobbeltsidig-800-kg\/","title":{"rendered":"Bulldog 800 &#8211; dobbeltsidig &#8211; 800 kg"},"content":{"rendered":"<p><span style=\"font-weight: 400;\">Magnetar <\/span>Bulldog 800<span style=\"font-weight: 400;\"> er storebroren til Magnetar <\/span>Bulldog 500<span style=\"font-weight: 400;\"> dobbeltsidige fiskemagnet. Bulldog 800 har en ekstra stor diameter og har en magnetisk trekkraft p\u00e5 nesten dobbelt s\u00e5 mye som Bulldog 500. Bulldog 800 er en virkelig kraftpakke. Denne magneten har en samlet magnetisk trekkraft p\u00e5 hele 880 kg. Den magnetiske trekkraften er fordelt p\u00e5 to magneter med en trekkraft p\u00e5 440 kg hver: s\u00e5 du fisker alltid med en magnetisk kraft p\u00e5 440 kg p\u00e5 hver side. Dette \u00f8ker sjansen for \u00e5 finne objekter p\u00e5 grunn av \u00f8kningen i magnetfeltet. Bulldog har dobbeltsidig magnetisk trekkraft med en ringkappe som beskytter magneten. Ser du etter en allsidig magnet? Sjekk ut v\u00e5r <a href=\"https:\/\/test.magnetarmagnets.com\/shop\/beast-magnet\/\">Beast<\/a> fiskemagnet.<\/span><\/p>\n<h2><strong>Bulldog 800<\/strong><\/h2>\n<p><span style=\"font-weight: 400;\">V\u00e5r Bulldog-magnet til magnetfiske tiltrekker seg alle objekter som er i vannet. Dette skyldes den kombinerte magnetiske trekkraften p\u00e5 880 kg. Denne trekkraften er fordelt p\u00e5 to magneter med en trekkraft p\u00e5 440 kg hver. Den lovede trekkraften p\u00e5 440 kg\/970 lb vil kun oppn\u00e5s under perfekte forhold. Disse forholdene er: flatt metall med en tykkelse p\u00e5 2 cm, ingen rust og ingen smuss mellom magneten og metallet. Du kan trekke 440 kg rett opp under disse forholdene.\u00a0<\/span><\/p>\n<p><span style=\"font-weight: 400;\">Forskjellen mellom <a href=\"https:\/\/test.magnetarmagnets.com\/double-sided-fishing-magnet\/\" target=\"_blank\" rel=\"noopener\">dobbeltsidig fiskemagnet<\/a> og <a href=\"https:\/\/test.magnetarmagnets.com\/collections\/fishing-magnets\/single-sided-classic\/\" target=\"_blank\" rel=\"noopener\">enkeltsidige fiskemagneter<\/a> er at du kan fiske p\u00e5 to m\u00e5ter i stedet for \u00e9n. Du kan feste de medf\u00f8lgende \u00f8yeboltene p\u00e5 hvilken som helst m\u00e5te du \u00f8nsker. Hvis du vil dra magneten flatt gjennom vannet (som \u00f8ker sjansen for \u00e5 finne objekter), kan du feste \u00f8yebolten p\u00e5 siden av magneten. P\u00e5 grunn av de to magnetene p\u00e5 den dobbeltsidige magneten, vil den alltid vende mot mulige skatter. <\/span><\/p>\n<p><span style=\"font-weight: 400;\">En negativ effekt av horisontalt magnetfiske er at magneten kan ut\u00f8ve mindre trekkraft p\u00e5 et objekt. Den magnetiske trekkraften er best n\u00e5r du fisker vertikalt. Hvis du \u00f8nsker ekstra magnetisk trekkraft, b\u00f8r du feste \u00f8yebolten vertikalt p\u00e5 magnetens overflate. P\u00e5 denne m\u00e5ten vil du kunne trekke opp tyngre objekter, akkurat som v\u00e5re <\/span><span style=\"font-weight: 400;\">klassiske magneter<\/span><span style=\"font-weight: 400;\">. De forskjellige bruksomr\u00e5dene for denne magneten gj\u00f8r den multifunksjonell.<\/span><\/p>\n<h2>H\u00f8y kvalitet<\/h2>\n<p>V\u00e5re neodymmagneter er laget av det beste neodymmet p\u00e5 markedet. Dette betyr at v\u00e5re <a href=\"https:\/\/test.magnetarmagnets.com\/\" target=\"_blank\" rel=\"noopener\">Magnetar fiskemagneter<\/a> beholder sin magnetiske trekkraft og vil bare miste 1 % av denne etter 100 \u00e5r! De fleste andre leverand\u00f8rer selger magneter som mister denne prosentandelen p\u00e5 bare noen f\u00e5 uker. Flere og flere av slike lavkvalitetsmagneter dukker opp i dag. Disse inneholder lavkvalitets neodymmateriale. De gj\u00f8r dette for \u00e5 senke prisen og f\u00e5 magneten til \u00e5 se st\u00f8rre ut. N\u00e5r du kj\u00f8per en slik magnet, kaster du bort penger.<\/p>\n<p>Alle v\u00e5re magneter er personlig tegnet og designet slik at du f\u00e5r mest mulig ut av magnetfiskeopplevelsen din. Vi tester magnetene v\u00e5re med profesjonelt utstyr, s\u00e5 den angitte magnetiske trekkraften er n\u00f8yaktig. Vi vet n\u00f8yaktig hva som er den beste m\u00e5ten \u00e5 designe en magnet p\u00e5, takket v\u00e6re v\u00e5r erfaring med magnetfiske. Du kan oppleve dette selv med v\u00e5re h\u00f8ykvalitets, kraftige og p\u00e5litelige fiskemagneter. Nysgjerrig p\u00e5 hvordan vi tester magnetisk trekkraft? Se v\u00e5r video <a href=\"https:\/\/www.youtube.com\/watch?v=2McW3RURDxs\" target=\"_blank\" rel=\"noopener noreferrer\">om m\u00e5linger av trekkraft.<\/a><\/p>\n<p>Ikke glem \u00e5 sjekke ut de <a href=\"https:\/\/test.magnetarmagnets.com\/magnet-fishing-kit\/\" target=\"_blank\" rel=\"noopener\">beste magnetfiskesettene<\/a> og v\u00e5rt <a href=\"https:\/\/test.magnetarmagnets.com\/accessories\/\" target=\"_blank\" rel=\"noopener\">magnetfiskeutstyr<\/a>.<\/p>\n<h2>Forsiktighet!<\/h2>\n<p>V\u00e5re neodymmagneter er ekstremt kraftige og kan sl\u00e5 seg fast p\u00e5 metallgjenstander med stor hastighet n\u00e5r de er i n\u00e6rheten. Du vil absolutt ikke ha fingrene imellom. Med noen av v\u00e5re kraftigste magneter kan du lett knuse, brekke eller f\u00e5 blemmer p\u00e5 fingrene hvis de kommer imellom en magnet og en metallgjenstand. V\u00e6r alltid forsiktig n\u00e5r du bruker magnetene v\u00e5re. Forsiktighet: Bruk av magnetene v\u00e5re skjer p\u00e5 egen risiko. Les alltid v\u00e5re sikkerhetsadvarsler f\u00f8r bruk.<\/p>\n","protected":false},"excerpt":{"rendered":"<p><span style=\"font-weight: 400;\"><strong>Ekstremt kraftig<\/strong> og <strong>to ganger s\u00e5 kraftig<\/strong> med 440 kg trekkraft.<\/span><\/p>\n","protected":false},"featured_media":80530,"comment_status":"open","ping_status":"closed","template":"","meta":{"_acf_changed":false,"inline_featured_image":false},"product_brand":[],"product_cat":[615,602,616,604,606],"product_tag":[],"class_list":{"0":"post-84271","1":"product","2":"type-product","3":"status-publish","4":"has-post-thumbnail","6":"product_cat-erfarne-eventyrere","7":"product_cat-fiskemagneter","8":"product_cat-profesjonelle","9":"product_cat-sterkeste-fiskemagneter","10":"product_cat-tosidige-fiskemagneter","12":"first","13":"instock","14":"taxable","15":"shipping-taxable","16":"purchasable","17":"product-type-simple"},"acf":[],"yoast_head":"<!-- This site is optimized with the Yoast SEO plugin v27.6 - https:\/\/yoast.com\/product\/yoast-seo-wordpress\/ -->\n<title>Magnetar Bulldog 800KG: Sterke doble magneter fra Magnetar!<\/title>\n<meta name=\"description\" content=\"Magnetar Bulldog 800 Kg - doble magneter\" \/>\n<meta name=\"robots\" content=\"index, follow, max-snippet:-1, max-image-preview:large, max-video-preview:-1\" \/>\n<link rel=\"canonical\" href=\"https:\/\/test.magnetarmagnets.com\/no\/shop\/bulldog-800-dobbeltsidig-800-kg\/\" \/>\n<meta property=\"og:locale\" content=\"nb_NO\" \/>\n<meta property=\"og:type\" content=\"article\" \/>\n<meta property=\"og:title\" content=\"Magnetar Bulldog 800KG: Sterke doble magneter fra Magnetar!\" \/>\n<meta property=\"og:description\" content=\"Magnetar Bulldog 800 Kg - doble magneter\" \/>\n<meta property=\"og:url\" content=\"https:\/\/test.magnetarmagnets.com\/no\/shop\/bulldog-800-dobbeltsidig-800-kg\/\" \/>\n<meta property=\"og:site_name\" content=\"Magnet fishing with a Magnetar fishing magnet\" \/>\n<meta property=\"article:publisher\" content=\"https:\/\/www.facebook.com\/fishingmagnets\/\" \/>\n<meta property=\"article:modified_time\" content=\"2025-08-25T08:34:15+00:00\" \/>\n<meta property=\"og:image\" content=\"https:\/\/test.magnetarmagnets.com\/wp-content\/uploads\/2020\/05\/FOTO1496.jpg\" \/>\n\t<meta property=\"og:image:width\" content=\"1000\" \/>\n\t<meta property=\"og:image:height\" content=\"1000\" \/>\n\t<meta property=\"og:image:type\" content=\"image\/jpeg\" \/>\n<meta name=\"twitter:card\" content=\"summary_large_image\" \/>\n<meta name=\"twitter:label1\" content=\"Ansl. lesetid\" \/>\n\t<meta name=\"twitter:data1\" content=\"4 minutter\" \/>\n<script type=\"application\/ld+json\" class=\"yoast-schema-graph\">{\"@context\":\"https:\\\/\\\/schema.org\",\"@graph\":[{\"@type\":[\"WebPage\",\"ItemPage\"],\"@id\":\"https:\\\/\\\/test.magnetarmagnets.com\\\/no\\\/shop\\\/bulldog-800-dobbeltsidig-800-kg\\\/\",\"url\":\"https:\\\/\\\/test.magnetarmagnets.com\\\/no\\\/shop\\\/bulldog-800-dobbeltsidig-800-kg\\\/\",\"name\":\"Magnetar Bulldog 800KG: Sterke doble magneter fra Magnetar!\",\"isPartOf\":{\"@id\":\"https:\\\/\\\/test.magnetarmagnets.com\\\/no\\\/#website\"},\"primaryImageOfPage\":{\"@id\":\"https:\\\/\\\/test.magnetarmagnets.com\\\/no\\\/shop\\\/bulldog-800-dobbeltsidig-800-kg\\\/#primaryimage\"},\"image\":{\"@id\":\"https:\\\/\\\/test.magnetarmagnets.com\\\/no\\\/shop\\\/bulldog-800-dobbeltsidig-800-kg\\\/#primaryimage\"},\"thumbnailUrl\":\"https:\\\/\\\/test.magnetarmagnets.com\\\/wp-content\\\/uploads\\\/2020\\\/05\\\/FOTO1496.jpg\",\"datePublished\":\"2025-06-05T07:54:14+00:00\",\"dateModified\":\"2025-08-25T08:34:15+00:00\",\"description\":\"Magnetar Bulldog 800 Kg - doble magneter\",\"breadcrumb\":{\"@id\":\"https:\\\/\\\/test.magnetarmagnets.com\\\/no\\\/shop\\\/bulldog-800-dobbeltsidig-800-kg\\\/#breadcrumb\"},\"inLanguage\":\"nb-NO\",\"potentialAction\":[{\"@type\":\"ReadAction\",\"target\":[\"https:\\\/\\\/test.magnetarmagnets.com\\\/no\\\/shop\\\/bulldog-800-dobbeltsidig-800-kg\\\/\"]}]},{\"@type\":\"ImageObject\",\"inLanguage\":\"nb-NO\",\"@id\":\"https:\\\/\\\/test.magnetarmagnets.com\\\/no\\\/shop\\\/bulldog-800-dobbeltsidig-800-kg\\\/#primaryimage\",\"url\":\"https:\\\/\\\/test.magnetarmagnets.com\\\/wp-content\\\/uploads\\\/2020\\\/05\\\/FOTO1496.jpg\",\"contentUrl\":\"https:\\\/\\\/test.magnetarmagnets.com\\\/wp-content\\\/uploads\\\/2020\\\/05\\\/FOTO1496.jpg\",\"width\":1000,\"height\":1000,\"caption\":\"BULLDOG 800 fishing magnet\"},{\"@type\":\"BreadcrumbList\",\"@id\":\"https:\\\/\\\/test.magnetarmagnets.com\\\/no\\\/shop\\\/bulldog-800-dobbeltsidig-800-kg\\\/#breadcrumb\",\"itemListElement\":[{\"@type\":\"ListItem\",\"position\":1,\"name\":\"Home\",\"item\":\"https:\\\/\\\/test.magnetarmagnets.com\\\/no\\\/\"},{\"@type\":\"ListItem\",\"position\":2,\"name\":\"Butikk\",\"item\":\"https:\\\/\\\/test.magnetarmagnets.com\\\/shop\\\/\"},{\"@type\":\"ListItem\",\"position\":3,\"name\":\"Fiskemagneter\",\"item\":\"https:\\\/\\\/test.magnetarmagnets.com\\\/no\\\/collections\\\/fiskemagneter\\\/\"},{\"@type\":\"ListItem\",\"position\":4,\"name\":\"sterkeste fiskemagneter\",\"item\":\"https:\\\/\\\/test.magnetarmagnets.com\\\/no\\\/collections\\\/fiskemagneter\\\/sterkeste-fiskemagneter\\\/\"},{\"@type\":\"ListItem\",\"position\":5,\"name\":\"Bulldog 800 &#8211; dobbeltsidig &#8211; 800 kg\"}]},{\"@type\":\"WebSite\",\"@id\":\"https:\\\/\\\/test.magnetarmagnets.com\\\/no\\\/#website\",\"url\":\"https:\\\/\\\/test.magnetarmagnets.com\\\/no\\\/\",\"name\":\"Magnet fishing with a Magnetar fishing magnet\",\"description\":\"Powerful magnets for magnet fishing\",\"publisher\":{\"@id\":\"https:\\\/\\\/test.magnetarmagnets.com\\\/no\\\/#organization\"},\"potentialAction\":[{\"@type\":\"SearchAction\",\"target\":{\"@type\":\"EntryPoint\",\"urlTemplate\":\"https:\\\/\\\/test.magnetarmagnets.com\\\/no\\\/?s={search_term_string}\"},\"query-input\":{\"@type\":\"PropertyValueSpecification\",\"valueRequired\":true,\"valueName\":\"search_term_string\"}}],\"inLanguage\":\"nb-NO\"},{\"@type\":\"Organization\",\"@id\":\"https:\\\/\\\/test.magnetarmagnets.com\\\/no\\\/#organization\",\"name\":\"Magnetar\",\"url\":\"https:\\\/\\\/test.magnetarmagnets.com\\\/no\\\/\",\"logo\":{\"@type\":\"ImageObject\",\"inLanguage\":\"nb-NO\",\"@id\":\"https:\\\/\\\/test.magnetarmagnets.com\\\/no\\\/#\\\/schema\\\/logo\\\/image\\\/\",\"url\":\"https:\\\/\\\/magnetarmagnets.com\\\/wp-content\\\/uploads\\\/2021\\\/01\\\/magnetarvismagneet_logo.png\",\"contentUrl\":\"https:\\\/\\\/magnetarmagnets.com\\\/wp-content\\\/uploads\\\/2021\\\/01\\\/magnetarvismagneet_logo.png\",\"width\":209,\"height\":100,\"caption\":\"Magnetar\"},\"image\":{\"@id\":\"https:\\\/\\\/test.magnetarmagnets.com\\\/no\\\/#\\\/schema\\\/logo\\\/image\\\/\"},\"sameAs\":[\"https:\\\/\\\/www.facebook.com\\\/fishingmagnets\\\/\",\"https:\\\/\\\/www.instagram.com\\\/magnetar_magnets\\\/\",\"https:\\\/\\\/www.linkedin.com\\\/company\\\/magnetarbv\\\/?originalSubdomain=nl\",\"https:\\\/\\\/www.youtube.com\\\/c\\\/MagnetarVismagneet\"]}]}<\/script>\n<!-- \/ Yoast SEO plugin. -->","yoast_head_json":{"title":"Magnetar Bulldog 800KG: Sterke doble magneter fra Magnetar!","description":"Magnetar Bulldog 800 Kg - doble magneter","robots":{"index":"index","follow":"follow","max-snippet":"max-snippet:-1","max-image-preview":"max-image-preview:large","max-video-preview":"max-video-preview:-1"},"canonical":"https:\/\/test.magnetarmagnets.com\/no\/shop\/bulldog-800-dobbeltsidig-800-kg\/","og_locale":"nb_NO","og_type":"article","og_title":"Magnetar Bulldog 800KG: Sterke doble magneter fra Magnetar!","og_description":"Magnetar Bulldog 800 Kg - doble magneter","og_url":"https:\/\/test.magnetarmagnets.com\/no\/shop\/bulldog-800-dobbeltsidig-800-kg\/","og_site_name":"Magnet fishing with a Magnetar fishing magnet","article_publisher":"https:\/\/www.facebook.com\/fishingmagnets\/","article_modified_time":"2025-08-25T08:34:15+00:00","og_image":[{"width":1000,"height":1000,"url":"https:\/\/test.magnetarmagnets.com\/wp-content\/uploads\/2020\/05\/FOTO1496.jpg","type":"image\/jpeg"}],"twitter_card":"summary_large_image","twitter_misc":{"Ansl. lesetid":"4 minutter"},"schema":{"@context":"https:\/\/schema.org","@graph":[{"@type":["WebPage","ItemPage"],"@id":"https:\/\/test.magnetarmagnets.com\/no\/shop\/bulldog-800-dobbeltsidig-800-kg\/","url":"https:\/\/test.magnetarmagnets.com\/no\/shop\/bulldog-800-dobbeltsidig-800-kg\/","name":"Magnetar Bulldog 800KG: Sterke doble magneter fra Magnetar!","isPartOf":{"@id":"https:\/\/test.magnetarmagnets.com\/no\/#website"},"primaryImageOfPage":{"@id":"https:\/\/test.magnetarmagnets.com\/no\/shop\/bulldog-800-dobbeltsidig-800-kg\/#primaryimage"},"image":{"@id":"https:\/\/test.magnetarmagnets.com\/no\/shop\/bulldog-800-dobbeltsidig-800-kg\/#primaryimage"},"thumbnailUrl":"https:\/\/test.magnetarmagnets.com\/wp-content\/uploads\/2020\/05\/FOTO1496.jpg","datePublished":"2025-06-05T07:54:14+00:00","dateModified":"2025-08-25T08:34:15+00:00","description":"Magnetar Bulldog 800 Kg - doble magneter","breadcrumb":{"@id":"https:\/\/test.magnetarmagnets.com\/no\/shop\/bulldog-800-dobbeltsidig-800-kg\/#breadcrumb"},"inLanguage":"nb-NO","potentialAction":[{"@type":"ReadAction","target":["https:\/\/test.magnetarmagnets.com\/no\/shop\/bulldog-800-dobbeltsidig-800-kg\/"]}]},{"@type":"ImageObject","inLanguage":"nb-NO","@id":"https:\/\/test.magnetarmagnets.com\/no\/shop\/bulldog-800-dobbeltsidig-800-kg\/#primaryimage","url":"https:\/\/test.magnetarmagnets.com\/wp-content\/uploads\/2020\/05\/FOTO1496.jpg","contentUrl":"https:\/\/test.magnetarmagnets.com\/wp-content\/uploads\/2020\/05\/FOTO1496.jpg","width":1000,"height":1000,"caption":"BULLDOG 800 fishing magnet"},{"@type":"BreadcrumbList","@id":"https:\/\/test.magnetarmagnets.com\/no\/shop\/bulldog-800-dobbeltsidig-800-kg\/#breadcrumb","itemListElement":[{"@type":"ListItem","position":1,"name":"Home","item":"https:\/\/test.magnetarmagnets.com\/no\/"},{"@type":"ListItem","position":2,"name":"Butikk","item":"https:\/\/test.magnetarmagnets.com\/shop\/"},{"@type":"ListItem","position":3,"name":"Fiskemagneter","item":"https:\/\/test.magnetarmagnets.com\/no\/collections\/fiskemagneter\/"},{"@type":"ListItem","position":4,"name":"sterkeste fiskemagneter","item":"https:\/\/test.magnetarmagnets.com\/no\/collections\/fiskemagneter\/sterkeste-fiskemagneter\/"},{"@type":"ListItem","position":5,"name":"Bulldog 800 &#8211; dobbeltsidig &#8211; 800 kg"}]},{"@type":"WebSite","@id":"https:\/\/test.magnetarmagnets.com\/no\/#website","url":"https:\/\/test.magnetarmagnets.com\/no\/","name":"Magnet fishing with a Magnetar fishing magnet","description":"Powerful magnets for magnet fishing","publisher":{"@id":"https:\/\/test.magnetarmagnets.com\/no\/#organization"},"potentialAction":[{"@type":"SearchAction","target":{"@type":"EntryPoint","urlTemplate":"https:\/\/test.magnetarmagnets.com\/no\/?s={search_term_string}"},"query-input":{"@type":"PropertyValueSpecification","valueRequired":true,"valueName":"search_term_string"}}],"inLanguage":"nb-NO"},{"@type":"Organization","@id":"https:\/\/test.magnetarmagnets.com\/no\/#organization","name":"Magnetar","url":"https:\/\/test.magnetarmagnets.com\/no\/","logo":{"@type":"ImageObject","inLanguage":"nb-NO","@id":"https:\/\/test.magnetarmagnets.com\/no\/#\/schema\/logo\/image\/","url":"https:\/\/magnetarmagnets.com\/wp-content\/uploads\/2021\/01\/magnetarvismagneet_logo.png","contentUrl":"https:\/\/magnetarmagnets.com\/wp-content\/uploads\/2021\/01\/magnetarvismagneet_logo.png","width":209,"height":100,"caption":"Magnetar"},"image":{"@id":"https:\/\/test.magnetarmagnets.com\/no\/#\/schema\/logo\/image\/"},"sameAs":["https:\/\/www.facebook.com\/fishingmagnets\/","https:\/\/www.instagram.com\/magnetar_magnets\/","https:\/\/www.linkedin.com\/company\/magnetarbv\/?originalSubdomain=nl","https:\/\/www.youtube.com\/c\/MagnetarVismagneet"]}]}},"_links":{"self":[{"href":"https:\/\/test.magnetarmagnets.com\/no\/wp-json\/wp\/v2\/product\/84271","targetHints":{"allow":["GET"]}}],"collection":[{"href":"https:\/\/test.magnetarmagnets.com\/no\/wp-json\/wp\/v2\/product"}],"about":[{"href":"https:\/\/test.magnetarmagnets.com\/no\/wp-json\/wp\/v2\/types\/product"}],"replies":[{"embeddable":true,"href":"https:\/\/test.magnetarmagnets.com\/no\/wp-json\/wp\/v2\/comments?post=84271"}],"wp:featuredmedia":[{"embeddable":true,"href":"https:\/\/test.magnetarmagnets.com\/no\/wp-json\/wp\/v2\/media\/80530"}],"wp:attachment":[{"href":"https:\/\/test.magnetarmagnets.com\/no\/wp-json\/wp\/v2\/media?parent=84271"}],"wp:term":[{"taxonomy":"product_brand","embeddable":true,"href":"https:\/\/test.magnetarmagnets.com\/no\/wp-json\/wp\/v2\/product_brand?post=84271"},{"taxonomy":"product_cat","embeddable":true,"href":"https:\/\/test.magnetarmagnets.com\/no\/wp-json\/wp\/v2\/product_cat?post=84271"},{"taxonomy":"product_tag","embeddable":true,"href":"https:\/\/test.magnetarmagnets.com\/no\/wp-json\/wp\/v2\/product_tag?post=84271"}],"curies":[{"name":"wp","href":"https:\/\/api.w.org\/{rel}","templated":true}]}}