{"id":84270,"date":"2025-06-05T09:54:14","date_gmt":"2025-06-05T07:54:14","guid":{"rendered":"https:\/\/magnetarmagnets.com\/?post_type=product&#038;p=84270"},"modified":"2026-01-14T21:48:22","modified_gmt":"2026-01-14T20:48:22","slug":"dobbeltsidig-magnetsett-500-kg-bulldog","status":"publish","type":"product","link":"https:\/\/test.magnetarmagnets.com\/no\/shop\/dobbeltsidig-magnetsett-500-kg-bulldog\/","title":{"rendered":"Dobbeltsidig magnetsett &#8211; 500 kg &#8211; Bulldog"},"content":{"rendered":"<p>Er du klar for \u00e5 starte med magnetfiske? Bulldog 500 magnetsettet leverer nettopp det. Dette alt-i-ett-pakken inneholder alt du trenger for \u00e5 unng\u00e5 u\u00f8nskede overraskelser ved vannkanten. V\u00e5rt dobbeltsidige Bulldog 500 fiskemagnet, hansker, et magnetfiskerop og metalllim er alle inkludert i dette komplette settet. Ser du etter en 360\u00b0 helomfattende magnet? Sjekk ut v\u00e5r <a href=\"https:\/\/test.magnetarmagnets.com\/shop\/fishmagnet-package-pro\/\"><strong>Pro <\/strong><\/a><a href=\"https:\/\/test.magnetarmagnets.com\/shop\/fishmagnet-package-pro\/\"><strong>P<\/strong><\/a><a href=\"https:\/\/test.magnetarmagnets.com\/shop\/fishmagnet-package-pro\/\"><strong>akke<\/strong><\/a>.<\/p>\n<h2>Bulldog 500 Dobbeltsidig Fiskemagnet<\/h2>\n<p>Alle v\u00e5re Bulldog fiskemagneter har to magnetiske sider. Bulldog 500 har en totalt magnetisk trekkraft p\u00e5 1100 lb \/ 500 kg, effektivt 550 lb \/ 250 kg per side. Denne fiskemagneten er kraftig nok til \u00e5 dra de mest unike gjenstandene opp av vannet. Sammenlignet med ensidige magneter \u00f8ker de to magnetiske sidene betydelig sjansene for \u00e5 finne flotte skatter.<\/p>\n<p>Dobbeltsidige magneter kan brukes p\u00e5 flere m\u00e5ter. Hvis du liker \u00e5 trekke magneten flatt gjennom vannet \u2014 noe som gir en h\u00f8yere sjanse for \u00e5 f\u00e5 tak i skatter \u2014 kan \u00f8yebolten monteres p\u00e5 magnetens side. Magnetens to magnetiske sider sikrer at det alltid er en magnetisk kraft rettet mot potensielle skatter som ligger p\u00e5 bunnen. Ulempen er at den horisontale bevegelsen av magneten ut\u00f8ver mindre trekkraft p\u00e5 funnene. Vertikalt magnetfiske gir derimot alltid en mer optimal magnetkraft.<\/p>\n<p>N\u00e5r du har funnet noe og \u00f8nsker \u00e5 bruke st\u00f8rre kraft, kan \u00f8yebolten festes vertikalt. Dette muliggj\u00f8r en sterkere vertikal kraft for \u00e5 dra opp tyngre objekter, omtrent p\u00e5 samme m\u00e5te som med v\u00e5re <a href=\"https:\/\/test.magnetarmagnets.com\/collections\/fishing-magnets\/single-sided-classic\/\"><strong>klassiske magneter<\/strong><\/a>. Den allsidige bruken av dobbeltsidige magneter, festet til et <em>magnetfiskerop<\/em>, gj\u00f8r dem til de mest multifunksjonelle magnetene vi tilbyr.<\/p>\n<p>Er den dobbeltsidige magneten det du leter etter, men er du bekymret for styrken? Sjekk ut v\u00e5r <a href=\"https:\/\/test.magnetarmagnets.com\/shop\/bulldog-800-double-sided\/\"><strong>Bulldog 800<\/strong><\/a>. Dette er en tyngre og sterkere modell med en total kombinert trekkraft p\u00e5 imponerende 1760 lb \/ 800 kg. Foretrekker du en 360\u00b0 helomfattende magnet? Ta en titt p\u00e5 <a href=\"https:\/\/test.magnetarmagnets.com\/shop\/exclusive-terror-magnet\/\"><strong>Terror<\/strong><\/a>. Ikke glem \u00e5 sjekke ut <a href=\"https:\/\/test.magnetarmagnets.com\/collections\/fishing-magnets\/magnet-fishing-kit\/\" target=\"_blank\" rel=\"noopener\">de beste magnetfiske-kitene<\/a> eller v\u00e5rt <a href=\"https:\/\/test.magnetarmagnets.com\/accessories\/\" target=\"_blank\" rel=\"noopener\">magnetfiskeutstyr<\/a>.<\/p>\n<h2>H\u00f8y kvalitet<\/h2>\n<p>Alle Magnetars fiskemagneter er laget av neodymmagnetmateriale. Dette materialet sikrer en langvarig magnetkraft. Med riktig bruk og oppbevaring mister disse magnetene kun \u00e9n prosent av kraften i l\u00f8pet av 100 \u00e5r. Derfor er vi sikre p\u00e5 at vi tilbyr de h\u00f8yest kvalitet <a href=\"https:\/\/test.magnetarmagnets.com\/collections\/fishing-magnets\/\"><strong>fiskemagneter<\/strong><\/a> p\u00e5 markedet.<\/p>\n<p>De siste \u00e5rene har markedet blitt oversv\u00f8mt av lavkvalitetsprodukter. Mange fiskemagneter fra andre selgere mister ofte kraften innen f\u00e5 uker. Generelt ser vi st\u00f8rre magneter, men laget av neodymium av lavere kvalitet, som markedsf\u00f8res med misvisende annonser. Slike produkter kan virke billige, men vil etterlate deg misforn\u00f8yd p\u00e5 lang sikt.<\/p>\n<p>Magnetar er en liten familieeid bedrift av ekte magnetfiskeentusiaster. Kvalitet kommer f\u00f8rst hos oss, og det gjenspeiles i v\u00e5re produkter. Alle v\u00e5re fiskemagneter er designet internt for \u00e5 sikre produkter i toppklasse. Ser du etter en p\u00e5litelig, effektiv og kvalitetsmessig fiskemagnet? Velg Magnetar!<\/p>\n<h2>Advarsel:<\/h2>\n<p>V\u00e5re neodymmagneter til magnetfiske er sv\u00e6rt kraftige. Dette kan f\u00f8re til at andre objekter trekkes mot magneten med h\u00f8y hastighet. \u00c5penbart kan dette f\u00f8re til potensielt farlige situasjoner, da fingre kan klemmes mellom magneten og et objekt. Vi anbefaler at du alltid h\u00e5ndterer disse magnetene med forsiktighet og understreker at du gj\u00f8r det p\u00e5 egen risiko. Les v\u00e5re sikkerhetsadvarsler f\u00f8r bruk.<\/p>\n","protected":false},"excerpt":{"rendered":"<p>Er du klar for \u00e5 starte med magnetfiske? Bulldog 500 magnetsettet leverer nettopp det. Dette alt-i-ett-pakken inneholder alt du trenger for \u00e5 unng\u00e5 u\u00f8nskede overraskelser ved vannkanten. V\u00e5rt dobbeltsidige Bulldog 500 fiskemagnet, hansker, et magnetfiskerop og metalllim er alle inkludert i dette komplette settet. Ser du etter en 360\u00b0 helomfattende magnet? Sjekk ut v\u00e5r Pro [&hellip;]<\/p>\n","protected":false},"featured_media":78870,"comment_status":"open","ping_status":"closed","template":"","meta":{"_acf_changed":false,"inline_featured_image":false},"product_brand":[],"product_cat":[615,602,608,614,606],"product_tag":[],"class_list":{"0":"post-84270","1":"product","2":"type-product","3":"status-publish","4":"has-post-thumbnail","6":"product_cat-erfarne-eventyrere","7":"product_cat-fiskemagneter","8":"product_cat-magnetfiske-sett","9":"product_cat-nybegynnere-og-barn","10":"product_cat-tosidige-fiskemagneter","12":"first","13":"instock","14":"sale","15":"taxable","16":"shipping-taxable","17":"purchasable","18":"product-type-simple"},"acf":[],"yoast_head":"<!-- This site is optimized with the Yoast SEO plugin v27.5 - https:\/\/yoast.com\/product\/yoast-seo-wordpress\/ -->\n<title>Dobbeltsidig magnetsett - 500 kg - Bulldog - Magnet fishing with a Magnetar fishing magnet<\/title>\n<meta name=\"description\" content=\"Dobbeltsidig magnet - 500 Kg - Bulldog - Magnetar\" \/>\n<meta name=\"robots\" content=\"index, follow, max-snippet:-1, max-image-preview:large, max-video-preview:-1\" \/>\n<link rel=\"canonical\" href=\"https:\/\/test.magnetarmagnets.com\/no\/shop\/dobbeltsidig-magnetsett-500-kg-bulldog\/\" \/>\n<meta property=\"og:locale\" content=\"nb_NO\" \/>\n<meta property=\"og:type\" content=\"article\" \/>\n<meta property=\"og:title\" content=\"Dobbeltsidig magnetsett - 500 kg - Bulldog - Magnet fishing with a Magnetar fishing magnet\" \/>\n<meta property=\"og:description\" content=\"Dobbeltsidig magnet - 500 Kg - Bulldog - Magnetar\" \/>\n<meta property=\"og:url\" content=\"https:\/\/test.magnetarmagnets.com\/no\/shop\/dobbeltsidig-magnetsett-500-kg-bulldog\/\" \/>\n<meta property=\"og:site_name\" content=\"Magnet fishing with a Magnetar fishing magnet\" \/>\n<meta property=\"article:publisher\" content=\"https:\/\/www.facebook.com\/fishingmagnets\/\" \/>\n<meta property=\"article:modified_time\" content=\"2026-01-14T20:48:22+00:00\" \/>\n<meta property=\"og:image\" content=\"https:\/\/test.magnetarmagnets.com\/wp-content\/uploads\/2021\/10\/MAGNETAR-BULLDOG-500-KIT-GOOGLE.jpg\" \/>\n\t<meta property=\"og:image:width\" content=\"1500\" \/>\n\t<meta property=\"og:image:height\" content=\"1500\" \/>\n\t<meta property=\"og:image:type\" content=\"image\/jpeg\" \/>\n<meta name=\"twitter:card\" content=\"summary_large_image\" \/>\n<meta name=\"twitter:label1\" content=\"Ansl. lesetid\" \/>\n\t<meta name=\"twitter:data1\" content=\"3 minutter\" \/>\n<script type=\"application\/ld+json\" class=\"yoast-schema-graph\">{\"@context\":\"https:\\\/\\\/schema.org\",\"@graph\":[{\"@type\":[\"WebPage\",\"ItemPage\"],\"@id\":\"https:\\\/\\\/test.magnetarmagnets.com\\\/no\\\/shop\\\/dobbeltsidig-magnetsett-500-kg-bulldog\\\/\",\"url\":\"https:\\\/\\\/test.magnetarmagnets.com\\\/no\\\/shop\\\/dobbeltsidig-magnetsett-500-kg-bulldog\\\/\",\"name\":\"Dobbeltsidig magnetsett - 500 kg - Bulldog - Magnet fishing with a Magnetar fishing magnet\",\"isPartOf\":{\"@id\":\"https:\\\/\\\/test.magnetarmagnets.com\\\/no\\\/#website\"},\"primaryImageOfPage\":{\"@id\":\"https:\\\/\\\/test.magnetarmagnets.com\\\/no\\\/shop\\\/dobbeltsidig-magnetsett-500-kg-bulldog\\\/#primaryimage\"},\"image\":{\"@id\":\"https:\\\/\\\/test.magnetarmagnets.com\\\/no\\\/shop\\\/dobbeltsidig-magnetsett-500-kg-bulldog\\\/#primaryimage\"},\"thumbnailUrl\":\"https:\\\/\\\/test.magnetarmagnets.com\\\/wp-content\\\/uploads\\\/2021\\\/10\\\/MAGNETAR-BULLDOG-500-KIT-GOOGLE.jpg\",\"datePublished\":\"2025-06-05T07:54:14+00:00\",\"dateModified\":\"2026-01-14T20:48:22+00:00\",\"description\":\"Dobbeltsidig magnet - 500 Kg - Bulldog - Magnetar\",\"breadcrumb\":{\"@id\":\"https:\\\/\\\/test.magnetarmagnets.com\\\/no\\\/shop\\\/dobbeltsidig-magnetsett-500-kg-bulldog\\\/#breadcrumb\"},\"inLanguage\":\"nb-NO\",\"potentialAction\":[{\"@type\":\"ReadAction\",\"target\":[\"https:\\\/\\\/test.magnetarmagnets.com\\\/no\\\/shop\\\/dobbeltsidig-magnetsett-500-kg-bulldog\\\/\"]}]},{\"@type\":\"ImageObject\",\"inLanguage\":\"nb-NO\",\"@id\":\"https:\\\/\\\/test.magnetarmagnets.com\\\/no\\\/shop\\\/dobbeltsidig-magnetsett-500-kg-bulldog\\\/#primaryimage\",\"url\":\"https:\\\/\\\/test.magnetarmagnets.com\\\/wp-content\\\/uploads\\\/2021\\\/10\\\/MAGNETAR-BULLDOG-500-KIT-GOOGLE.jpg\",\"contentUrl\":\"https:\\\/\\\/test.magnetarmagnets.com\\\/wp-content\\\/uploads\\\/2021\\\/10\\\/MAGNETAR-BULLDOG-500-KIT-GOOGLE.jpg\",\"width\":1500,\"height\":1500,\"caption\":\"MAGNETAR-BULLDOG-500-KIT\"},{\"@type\":\"BreadcrumbList\",\"@id\":\"https:\\\/\\\/test.magnetarmagnets.com\\\/no\\\/shop\\\/dobbeltsidig-magnetsett-500-kg-bulldog\\\/#breadcrumb\",\"itemListElement\":[{\"@type\":\"ListItem\",\"position\":1,\"name\":\"Home\",\"item\":\"https:\\\/\\\/test.magnetarmagnets.com\\\/no\\\/\"},{\"@type\":\"ListItem\",\"position\":2,\"name\":\"Butikk\",\"item\":\"https:\\\/\\\/test.magnetarmagnets.com\\\/shop\\\/\"},{\"@type\":\"ListItem\",\"position\":3,\"name\":\"Fiskemagneter\",\"item\":\"https:\\\/\\\/test.magnetarmagnets.com\\\/no\\\/collections\\\/fiskemagneter\\\/\"},{\"@type\":\"ListItem\",\"position\":4,\"name\":\"Tosidige fiskemagneter\",\"item\":\"https:\\\/\\\/test.magnetarmagnets.com\\\/no\\\/collections\\\/fiskemagneter\\\/tosidige-fiskemagneter\\\/\"},{\"@type\":\"ListItem\",\"position\":5,\"name\":\"Dobbeltsidig magnetsett &#8211; 500 kg &#8211; Bulldog\"}]},{\"@type\":\"WebSite\",\"@id\":\"https:\\\/\\\/test.magnetarmagnets.com\\\/no\\\/#website\",\"url\":\"https:\\\/\\\/test.magnetarmagnets.com\\\/no\\\/\",\"name\":\"Magnet fishing with a Magnetar fishing magnet\",\"description\":\"Powerful magnets for magnet fishing\",\"publisher\":{\"@id\":\"https:\\\/\\\/test.magnetarmagnets.com\\\/no\\\/#organization\"},\"potentialAction\":[{\"@type\":\"SearchAction\",\"target\":{\"@type\":\"EntryPoint\",\"urlTemplate\":\"https:\\\/\\\/test.magnetarmagnets.com\\\/no\\\/?s={search_term_string}\"},\"query-input\":{\"@type\":\"PropertyValueSpecification\",\"valueRequired\":true,\"valueName\":\"search_term_string\"}}],\"inLanguage\":\"nb-NO\"},{\"@type\":\"Organization\",\"@id\":\"https:\\\/\\\/test.magnetarmagnets.com\\\/no\\\/#organization\",\"name\":\"Magnetar\",\"url\":\"https:\\\/\\\/test.magnetarmagnets.com\\\/no\\\/\",\"logo\":{\"@type\":\"ImageObject\",\"inLanguage\":\"nb-NO\",\"@id\":\"https:\\\/\\\/test.magnetarmagnets.com\\\/no\\\/#\\\/schema\\\/logo\\\/image\\\/\",\"url\":\"https:\\\/\\\/magnetarmagnets.com\\\/wp-content\\\/uploads\\\/2021\\\/01\\\/magnetarvismagneet_logo.png\",\"contentUrl\":\"https:\\\/\\\/magnetarmagnets.com\\\/wp-content\\\/uploads\\\/2021\\\/01\\\/magnetarvismagneet_logo.png\",\"width\":209,\"height\":100,\"caption\":\"Magnetar\"},\"image\":{\"@id\":\"https:\\\/\\\/test.magnetarmagnets.com\\\/no\\\/#\\\/schema\\\/logo\\\/image\\\/\"},\"sameAs\":[\"https:\\\/\\\/www.facebook.com\\\/fishingmagnets\\\/\",\"https:\\\/\\\/www.instagram.com\\\/magnetar_magnets\\\/\",\"https:\\\/\\\/www.linkedin.com\\\/company\\\/magnetarbv\\\/?originalSubdomain=nl\",\"https:\\\/\\\/www.youtube.com\\\/c\\\/MagnetarVismagneet\"]}]}<\/script>\n<!-- \/ Yoast SEO plugin. -->","yoast_head_json":{"title":"Dobbeltsidig magnetsett - 500 kg - Bulldog - Magnet fishing with a Magnetar fishing magnet","description":"Dobbeltsidig magnet - 500 Kg - Bulldog - Magnetar","robots":{"index":"index","follow":"follow","max-snippet":"max-snippet:-1","max-image-preview":"max-image-preview:large","max-video-preview":"max-video-preview:-1"},"canonical":"https:\/\/test.magnetarmagnets.com\/no\/shop\/dobbeltsidig-magnetsett-500-kg-bulldog\/","og_locale":"nb_NO","og_type":"article","og_title":"Dobbeltsidig magnetsett - 500 kg - Bulldog - Magnet fishing with a Magnetar fishing magnet","og_description":"Dobbeltsidig magnet - 500 Kg - Bulldog - Magnetar","og_url":"https:\/\/test.magnetarmagnets.com\/no\/shop\/dobbeltsidig-magnetsett-500-kg-bulldog\/","og_site_name":"Magnet fishing with a Magnetar fishing magnet","article_publisher":"https:\/\/www.facebook.com\/fishingmagnets\/","article_modified_time":"2026-01-14T20:48:22+00:00","og_image":[{"width":1500,"height":1500,"url":"https:\/\/test.magnetarmagnets.com\/wp-content\/uploads\/2021\/10\/MAGNETAR-BULLDOG-500-KIT-GOOGLE.jpg","type":"image\/jpeg"}],"twitter_card":"summary_large_image","twitter_misc":{"Ansl. lesetid":"3 minutter"},"schema":{"@context":"https:\/\/schema.org","@graph":[{"@type":["WebPage","ItemPage"],"@id":"https:\/\/test.magnetarmagnets.com\/no\/shop\/dobbeltsidig-magnetsett-500-kg-bulldog\/","url":"https:\/\/test.magnetarmagnets.com\/no\/shop\/dobbeltsidig-magnetsett-500-kg-bulldog\/","name":"Dobbeltsidig magnetsett - 500 kg - Bulldog - Magnet fishing with a Magnetar fishing magnet","isPartOf":{"@id":"https:\/\/test.magnetarmagnets.com\/no\/#website"},"primaryImageOfPage":{"@id":"https:\/\/test.magnetarmagnets.com\/no\/shop\/dobbeltsidig-magnetsett-500-kg-bulldog\/#primaryimage"},"image":{"@id":"https:\/\/test.magnetarmagnets.com\/no\/shop\/dobbeltsidig-magnetsett-500-kg-bulldog\/#primaryimage"},"thumbnailUrl":"https:\/\/test.magnetarmagnets.com\/wp-content\/uploads\/2021\/10\/MAGNETAR-BULLDOG-500-KIT-GOOGLE.jpg","datePublished":"2025-06-05T07:54:14+00:00","dateModified":"2026-01-14T20:48:22+00:00","description":"Dobbeltsidig magnet - 500 Kg - Bulldog - Magnetar","breadcrumb":{"@id":"https:\/\/test.magnetarmagnets.com\/no\/shop\/dobbeltsidig-magnetsett-500-kg-bulldog\/#breadcrumb"},"inLanguage":"nb-NO","potentialAction":[{"@type":"ReadAction","target":["https:\/\/test.magnetarmagnets.com\/no\/shop\/dobbeltsidig-magnetsett-500-kg-bulldog\/"]}]},{"@type":"ImageObject","inLanguage":"nb-NO","@id":"https:\/\/test.magnetarmagnets.com\/no\/shop\/dobbeltsidig-magnetsett-500-kg-bulldog\/#primaryimage","url":"https:\/\/test.magnetarmagnets.com\/wp-content\/uploads\/2021\/10\/MAGNETAR-BULLDOG-500-KIT-GOOGLE.jpg","contentUrl":"https:\/\/test.magnetarmagnets.com\/wp-content\/uploads\/2021\/10\/MAGNETAR-BULLDOG-500-KIT-GOOGLE.jpg","width":1500,"height":1500,"caption":"MAGNETAR-BULLDOG-500-KIT"},{"@type":"BreadcrumbList","@id":"https:\/\/test.magnetarmagnets.com\/no\/shop\/dobbeltsidig-magnetsett-500-kg-bulldog\/#breadcrumb","itemListElement":[{"@type":"ListItem","position":1,"name":"Home","item":"https:\/\/test.magnetarmagnets.com\/no\/"},{"@type":"ListItem","position":2,"name":"Butikk","item":"https:\/\/test.magnetarmagnets.com\/shop\/"},{"@type":"ListItem","position":3,"name":"Fiskemagneter","item":"https:\/\/test.magnetarmagnets.com\/no\/collections\/fiskemagneter\/"},{"@type":"ListItem","position":4,"name":"Tosidige fiskemagneter","item":"https:\/\/test.magnetarmagnets.com\/no\/collections\/fiskemagneter\/tosidige-fiskemagneter\/"},{"@type":"ListItem","position":5,"name":"Dobbeltsidig magnetsett &#8211; 500 kg &#8211; Bulldog"}]},{"@type":"WebSite","@id":"https:\/\/test.magnetarmagnets.com\/no\/#website","url":"https:\/\/test.magnetarmagnets.com\/no\/","name":"Magnet fishing with a Magnetar fishing magnet","description":"Powerful magnets for magnet fishing","publisher":{"@id":"https:\/\/test.magnetarmagnets.com\/no\/#organization"},"potentialAction":[{"@type":"SearchAction","target":{"@type":"EntryPoint","urlTemplate":"https:\/\/test.magnetarmagnets.com\/no\/?s={search_term_string}"},"query-input":{"@type":"PropertyValueSpecification","valueRequired":true,"valueName":"search_term_string"}}],"inLanguage":"nb-NO"},{"@type":"Organization","@id":"https:\/\/test.magnetarmagnets.com\/no\/#organization","name":"Magnetar","url":"https:\/\/test.magnetarmagnets.com\/no\/","logo":{"@type":"ImageObject","inLanguage":"nb-NO","@id":"https:\/\/test.magnetarmagnets.com\/no\/#\/schema\/logo\/image\/","url":"https:\/\/magnetarmagnets.com\/wp-content\/uploads\/2021\/01\/magnetarvismagneet_logo.png","contentUrl":"https:\/\/magnetarmagnets.com\/wp-content\/uploads\/2021\/01\/magnetarvismagneet_logo.png","width":209,"height":100,"caption":"Magnetar"},"image":{"@id":"https:\/\/test.magnetarmagnets.com\/no\/#\/schema\/logo\/image\/"},"sameAs":["https:\/\/www.facebook.com\/fishingmagnets\/","https:\/\/www.instagram.com\/magnetar_magnets\/","https:\/\/www.linkedin.com\/company\/magnetarbv\/?originalSubdomain=nl","https:\/\/www.youtube.com\/c\/MagnetarVismagneet"]}]}},"_links":{"self":[{"href":"https:\/\/test.magnetarmagnets.com\/no\/wp-json\/wp\/v2\/product\/84270","targetHints":{"allow":["GET"]}}],"collection":[{"href":"https:\/\/test.magnetarmagnets.com\/no\/wp-json\/wp\/v2\/product"}],"about":[{"href":"https:\/\/test.magnetarmagnets.com\/no\/wp-json\/wp\/v2\/types\/product"}],"replies":[{"embeddable":true,"href":"https:\/\/test.magnetarmagnets.com\/no\/wp-json\/wp\/v2\/comments?post=84270"}],"wp:featuredmedia":[{"embeddable":true,"href":"https:\/\/test.magnetarmagnets.com\/no\/wp-json\/wp\/v2\/media\/78870"}],"wp:attachment":[{"href":"https:\/\/test.magnetarmagnets.com\/no\/wp-json\/wp\/v2\/media?parent=84270"}],"wp:term":[{"taxonomy":"product_brand","embeddable":true,"href":"https:\/\/test.magnetarmagnets.com\/no\/wp-json\/wp\/v2\/product_brand?post=84270"},{"taxonomy":"product_cat","embeddable":true,"href":"https:\/\/test.magnetarmagnets.com\/no\/wp-json\/wp\/v2\/product_cat?post=84270"},{"taxonomy":"product_tag","embeddable":true,"href":"https:\/\/test.magnetarmagnets.com\/no\/wp-json\/wp\/v2\/product_tag?post=84270"}],"curies":[{"name":"wp","href":"https:\/\/api.w.org\/{rel}","templated":true}]}}