{"id":84252,"date":"2025-06-05T09:54:37","date_gmt":"2025-06-05T07:54:37","guid":{"rendered":"https:\/\/magnetarmagnets.com\/?post_type=product&#038;p=84252"},"modified":"2026-02-13T10:26:08","modified_gmt":"2026-02-13T09:26:08","slug":"warrior-pakke-to-magneter-terror-beast-allround-360","status":"publish","type":"product","link":"https:\/\/test.magnetarmagnets.com\/no\/shop\/warrior-pakke-to-magneter-terror-beast-allround-360\/","title":{"rendered":"Warrior-pakke &#8211; To Magneter Terror + Beast &#8211; Allround 360\u00b0"},"content":{"rendered":"<p><b>ADVARSEL!<\/b> Dette settet inneholder ekstremt kraftige magneter. Det er av <b>stor viktighet<\/b> at du alltid holder en avstand p\u00e5 1 meter mellom disse magnetene. Ellers kan det f\u00f8re til sv\u00e6rt farlige situasjoner.<\/p>\n<p><span style=\"font-weight: 400;\">Warrior-pakken<\/span> <b>er utstyrt med de sterkeste magnetene du finner, <a href=\"https:\/\/test.magnetarmagnets.com\/shop\/exclusive-terror-magnet\/\" target=\"_blank\" rel=\"noopener\">Terror<\/a> og <a href=\"https:\/\/test.magnetarmagnets.com\/shop\/beast-magnet\/\" target=\"_blank\" rel=\"noopener\">Beast<\/a> fiskemagneter! Disse to kraftsentrene vil definitivt overbevise deg med sin allsidige magnetiske trekkraft. Dette settet er laget for avanserte magnetfiskere som \u00f8nsker \u00e5 drive magnetfiske med h\u00f8yest mulig sjanse for \u00e5 finne objekter. Pakken inkluderer ogs\u00e5 l\u00e5selim, 2x 10mm tau, 2x vanntette hansker og beskyttelsesvesker til begge magnetene. Vil du v\u00e6re en ekte warrior som magnetfisker? Kj\u00f8p da raskt denne pakken med ekstra pakketilbud.<\/span><\/p>\n<h2><b>Er du klar til \u00e5 pr\u00f8ve Beast og Terror magnetene?<\/b><\/h2>\n<p>Navnet p\u00e5 magnetene sier alt, disse magnetene er ekstreme! Terror magneten tilbyr en sv\u00e6rt langtrekkende magnetisk kraft p\u00e5 opptil 1000 kg. Beast fiskemagneten har 360\u00b0 magnetisk trekkraft p\u00e5 1400 kg. Objekter trekkes til alle sider av disse magnetene under alle undervannsforhold (leire, silt, str\u00f8m, steinete), og den setter seg ikke lett fast p\u00e5 steiner. Designet for avanserte magnetfiskere krever disse magnetene ekstra forsiktighet og oppmerksomhet.<\/p>\n<h2><b>Magnetens utvikling<\/b><\/h2>\n<p>Mange magneter har bare tiltrekningskraft p\u00e5 \u00e9n side. Denne en-sidige magneten er den klassiske fiskemagneten. Magnetar var det f\u00f8rste selskapet som videreutviklet denne klassiske magneten til en dobbeltsidig magnet. I 2016 utviklet Magnetar den allsidige fiskemagneten med 360\u00b0 magnetisk trekkraft. Magnetfiskere over hele EU har blitt tiltrukket av v\u00e5re 100 % Neodymmagneter siden da, noe som gj\u00f8r oss til Europas ledende leverand\u00f8r. V\u00e5re magneter er laget med h\u00f8yeste kvalitet, design og omtanke av et lite team magnetfiskeentusiaster. Kundene v\u00e5re kommer tilbake fordi de vet at med Magnetar f\u00e5r de mer enn bare en magnet \u2013 de fanger skatter.<\/p>\n<h2><strong>Kraftig 360\u00b0 trekkraft<\/strong><\/h2>\n<p>Beast magneten er en av de sterkeste magnetene vi tilbyr med en trekkraft p\u00e5 opptil 1400 kg. Trekkraften til Beast er kraftfull og kan tiltrekke objekter fra hele omgivelsene, i motsetning til en en-sidig magnet innkapslet i et st\u00e5lcover som fokuserer trekkraften i en retning. Nysgjerrig p\u00e5 hvordan vi m\u00e5ler trekkraft? <a href=\"https:\/\/www.youtube.com\/watch?v=2McW3RURDxs\" target=\"_blank\" rel=\"noopener\">Se v\u00e5r video om m\u00e5ling av trekkraft<\/a>.<\/p>\n","protected":false},"excerpt":{"rendered":"<p><span style=\"font-weight: 400;\">G\u00e5 <strong>stort<\/strong> og <strong>kraftfullt<\/strong> med to ekstremt sterke allsidige fiskemagneter, <strong>Terror<\/strong> og <strong>Beast<\/strong>, samlet i ett sett.<\/span><\/p>\n","protected":false},"featured_media":78914,"comment_status":"open","ping_status":"closed","template":"","meta":{"_acf_changed":false,"inline_featured_image":false},"product_brand":[],"product_cat":[607,602,608,616],"product_tag":[],"class_list":{"0":"post-84252","1":"product","2":"type-product","3":"status-publish","4":"has-post-thumbnail","6":"product_cat-allround-fiskemagneter-360","7":"product_cat-fiskemagneter","8":"product_cat-magnetfiske-sett","9":"product_cat-profesjonelle","11":"first","12":"instock","13":"sale","14":"taxable","15":"shipping-taxable","16":"purchasable","17":"product-type-simple"},"acf":[],"yoast_head":"<!-- This site is optimized with the Yoast SEO plugin v27.6 - https:\/\/yoast.com\/product\/yoast-seo-wordpress\/ -->\n<title>Warrior-pakke - To Magneter Terror + Beast - Allround 360\u00b0 - Magnet fishing with a Magnetar fishing magnet<\/title>\n<meta name=\"description\" content=\"Warrior-pakke - To Magneter: Terror + Beast - Magnetar\" \/>\n<meta name=\"robots\" content=\"index, follow, max-snippet:-1, max-image-preview:large, max-video-preview:-1\" \/>\n<link rel=\"canonical\" href=\"https:\/\/test.magnetarmagnets.com\/no\/shop\/warrior-pakke-to-magneter-terror-beast-allround-360\/\" \/>\n<meta property=\"og:locale\" content=\"nb_NO\" \/>\n<meta property=\"og:type\" content=\"article\" \/>\n<meta property=\"og:title\" content=\"Warrior-pakke - To Magneter Terror + Beast - Allround 360\u00b0 - Magnet fishing with a Magnetar fishing magnet\" \/>\n<meta property=\"og:description\" content=\"Warrior-pakke - To Magneter: Terror + Beast - Magnetar\" \/>\n<meta property=\"og:url\" content=\"https:\/\/test.magnetarmagnets.com\/no\/shop\/warrior-pakke-to-magneter-terror-beast-allround-360\/\" \/>\n<meta property=\"og:site_name\" content=\"Magnet fishing with a Magnetar fishing magnet\" \/>\n<meta property=\"article:publisher\" content=\"https:\/\/www.facebook.com\/fishingmagnets\/\" \/>\n<meta property=\"article:modified_time\" content=\"2026-02-13T09:26:08+00:00\" \/>\n<meta property=\"og:image\" content=\"https:\/\/test.magnetarmagnets.com\/wp-content\/uploads\/2021\/10\/MAGNETAR-WARRIOR-KIT-GOOGLE.jpg\" \/>\n\t<meta property=\"og:image:width\" content=\"1500\" \/>\n\t<meta property=\"og:image:height\" content=\"1500\" \/>\n\t<meta property=\"og:image:type\" content=\"image\/jpeg\" \/>\n<meta name=\"twitter:card\" content=\"summary_large_image\" \/>\n<meta name=\"twitter:label1\" content=\"Ansl. lesetid\" \/>\n\t<meta name=\"twitter:data1\" content=\"4 minutter\" \/>\n<script type=\"application\/ld+json\" class=\"yoast-schema-graph\">{\"@context\":\"https:\\\/\\\/schema.org\",\"@graph\":[{\"@type\":[\"WebPage\",\"ItemPage\"],\"@id\":\"https:\\\/\\\/test.magnetarmagnets.com\\\/no\\\/shop\\\/warrior-pakke-to-magneter-terror-beast-allround-360\\\/\",\"url\":\"https:\\\/\\\/test.magnetarmagnets.com\\\/no\\\/shop\\\/warrior-pakke-to-magneter-terror-beast-allround-360\\\/\",\"name\":\"Warrior-pakke - To Magneter Terror + Beast - Allround 360\u00b0 - Magnet fishing with a Magnetar fishing magnet\",\"isPartOf\":{\"@id\":\"https:\\\/\\\/test.magnetarmagnets.com\\\/no\\\/#website\"},\"primaryImageOfPage\":{\"@id\":\"https:\\\/\\\/test.magnetarmagnets.com\\\/no\\\/shop\\\/warrior-pakke-to-magneter-terror-beast-allround-360\\\/#primaryimage\"},\"image\":{\"@id\":\"https:\\\/\\\/test.magnetarmagnets.com\\\/no\\\/shop\\\/warrior-pakke-to-magneter-terror-beast-allround-360\\\/#primaryimage\"},\"thumbnailUrl\":\"https:\\\/\\\/test.magnetarmagnets.com\\\/wp-content\\\/uploads\\\/2021\\\/10\\\/MAGNETAR-WARRIOR-KIT-GOOGLE.jpg\",\"datePublished\":\"2025-06-05T07:54:37+00:00\",\"dateModified\":\"2026-02-13T09:26:08+00:00\",\"description\":\"Warrior-pakke - To Magneter: Terror + Beast - Magnetar\",\"breadcrumb\":{\"@id\":\"https:\\\/\\\/test.magnetarmagnets.com\\\/no\\\/shop\\\/warrior-pakke-to-magneter-terror-beast-allround-360\\\/#breadcrumb\"},\"inLanguage\":\"nb-NO\",\"potentialAction\":[{\"@type\":\"ReadAction\",\"target\":[\"https:\\\/\\\/test.magnetarmagnets.com\\\/no\\\/shop\\\/warrior-pakke-to-magneter-terror-beast-allround-360\\\/\"]}]},{\"@type\":\"ImageObject\",\"inLanguage\":\"nb-NO\",\"@id\":\"https:\\\/\\\/test.magnetarmagnets.com\\\/no\\\/shop\\\/warrior-pakke-to-magneter-terror-beast-allround-360\\\/#primaryimage\",\"url\":\"https:\\\/\\\/test.magnetarmagnets.com\\\/wp-content\\\/uploads\\\/2021\\\/10\\\/MAGNETAR-WARRIOR-KIT-GOOGLE.jpg\",\"contentUrl\":\"https:\\\/\\\/test.magnetarmagnets.com\\\/wp-content\\\/uploads\\\/2021\\\/10\\\/MAGNETAR-WARRIOR-KIT-GOOGLE.jpg\",\"width\":1500,\"height\":1500,\"caption\":\"MAGNETAR-WARRIOR-KIT\"},{\"@type\":\"BreadcrumbList\",\"@id\":\"https:\\\/\\\/test.magnetarmagnets.com\\\/no\\\/shop\\\/warrior-pakke-to-magneter-terror-beast-allround-360\\\/#breadcrumb\",\"itemListElement\":[{\"@type\":\"ListItem\",\"position\":1,\"name\":\"Home\",\"item\":\"https:\\\/\\\/test.magnetarmagnets.com\\\/no\\\/\"},{\"@type\":\"ListItem\",\"position\":2,\"name\":\"Butikk\",\"item\":\"https:\\\/\\\/test.magnetarmagnets.com\\\/shop\\\/\"},{\"@type\":\"ListItem\",\"position\":3,\"name\":\"Fiskemagneter\",\"item\":\"https:\\\/\\\/test.magnetarmagnets.com\\\/no\\\/collections\\\/fiskemagneter\\\/\"},{\"@type\":\"ListItem\",\"position\":4,\"name\":\"Allround fiskemagneter 360\u00b0\",\"item\":\"https:\\\/\\\/test.magnetarmagnets.com\\\/no\\\/collections\\\/fiskemagneter\\\/allround-fiskemagneter-360\\\/\"},{\"@type\":\"ListItem\",\"position\":5,\"name\":\"Warrior-pakke &#8211; To Magneter Terror + Beast &#8211; Allround 360\u00b0\"}]},{\"@type\":\"WebSite\",\"@id\":\"https:\\\/\\\/test.magnetarmagnets.com\\\/no\\\/#website\",\"url\":\"https:\\\/\\\/test.magnetarmagnets.com\\\/no\\\/\",\"name\":\"Magnet fishing with a Magnetar fishing magnet\",\"description\":\"Powerful magnets for magnet fishing\",\"publisher\":{\"@id\":\"https:\\\/\\\/test.magnetarmagnets.com\\\/no\\\/#organization\"},\"potentialAction\":[{\"@type\":\"SearchAction\",\"target\":{\"@type\":\"EntryPoint\",\"urlTemplate\":\"https:\\\/\\\/test.magnetarmagnets.com\\\/no\\\/?s={search_term_string}\"},\"query-input\":{\"@type\":\"PropertyValueSpecification\",\"valueRequired\":true,\"valueName\":\"search_term_string\"}}],\"inLanguage\":\"nb-NO\"},{\"@type\":\"Organization\",\"@id\":\"https:\\\/\\\/test.magnetarmagnets.com\\\/no\\\/#organization\",\"name\":\"Magnetar\",\"url\":\"https:\\\/\\\/test.magnetarmagnets.com\\\/no\\\/\",\"logo\":{\"@type\":\"ImageObject\",\"inLanguage\":\"nb-NO\",\"@id\":\"https:\\\/\\\/test.magnetarmagnets.com\\\/no\\\/#\\\/schema\\\/logo\\\/image\\\/\",\"url\":\"https:\\\/\\\/magnetarmagnets.com\\\/wp-content\\\/uploads\\\/2021\\\/01\\\/magnetarvismagneet_logo.png\",\"contentUrl\":\"https:\\\/\\\/magnetarmagnets.com\\\/wp-content\\\/uploads\\\/2021\\\/01\\\/magnetarvismagneet_logo.png\",\"width\":209,\"height\":100,\"caption\":\"Magnetar\"},\"image\":{\"@id\":\"https:\\\/\\\/test.magnetarmagnets.com\\\/no\\\/#\\\/schema\\\/logo\\\/image\\\/\"},\"sameAs\":[\"https:\\\/\\\/www.facebook.com\\\/fishingmagnets\\\/\",\"https:\\\/\\\/www.instagram.com\\\/magnetar_magnets\\\/\",\"https:\\\/\\\/www.linkedin.com\\\/company\\\/magnetarbv\\\/?originalSubdomain=nl\",\"https:\\\/\\\/www.youtube.com\\\/c\\\/MagnetarVismagneet\"]}]}<\/script>\n<!-- \/ Yoast SEO plugin. -->","yoast_head_json":{"title":"Warrior-pakke - To Magneter Terror + Beast - Allround 360\u00b0 - Magnet fishing with a Magnetar fishing magnet","description":"Warrior-pakke - To Magneter: Terror + Beast - Magnetar","robots":{"index":"index","follow":"follow","max-snippet":"max-snippet:-1","max-image-preview":"max-image-preview:large","max-video-preview":"max-video-preview:-1"},"canonical":"https:\/\/test.magnetarmagnets.com\/no\/shop\/warrior-pakke-to-magneter-terror-beast-allround-360\/","og_locale":"nb_NO","og_type":"article","og_title":"Warrior-pakke - To Magneter Terror + Beast - Allround 360\u00b0 - Magnet fishing with a Magnetar fishing magnet","og_description":"Warrior-pakke - To Magneter: Terror + Beast - Magnetar","og_url":"https:\/\/test.magnetarmagnets.com\/no\/shop\/warrior-pakke-to-magneter-terror-beast-allround-360\/","og_site_name":"Magnet fishing with a Magnetar fishing magnet","article_publisher":"https:\/\/www.facebook.com\/fishingmagnets\/","article_modified_time":"2026-02-13T09:26:08+00:00","og_image":[{"width":1500,"height":1500,"url":"https:\/\/test.magnetarmagnets.com\/wp-content\/uploads\/2021\/10\/MAGNETAR-WARRIOR-KIT-GOOGLE.jpg","type":"image\/jpeg"}],"twitter_card":"summary_large_image","twitter_misc":{"Ansl. lesetid":"4 minutter"},"schema":{"@context":"https:\/\/schema.org","@graph":[{"@type":["WebPage","ItemPage"],"@id":"https:\/\/test.magnetarmagnets.com\/no\/shop\/warrior-pakke-to-magneter-terror-beast-allround-360\/","url":"https:\/\/test.magnetarmagnets.com\/no\/shop\/warrior-pakke-to-magneter-terror-beast-allround-360\/","name":"Warrior-pakke - To Magneter Terror + Beast - Allround 360\u00b0 - Magnet fishing with a Magnetar fishing magnet","isPartOf":{"@id":"https:\/\/test.magnetarmagnets.com\/no\/#website"},"primaryImageOfPage":{"@id":"https:\/\/test.magnetarmagnets.com\/no\/shop\/warrior-pakke-to-magneter-terror-beast-allround-360\/#primaryimage"},"image":{"@id":"https:\/\/test.magnetarmagnets.com\/no\/shop\/warrior-pakke-to-magneter-terror-beast-allround-360\/#primaryimage"},"thumbnailUrl":"https:\/\/test.magnetarmagnets.com\/wp-content\/uploads\/2021\/10\/MAGNETAR-WARRIOR-KIT-GOOGLE.jpg","datePublished":"2025-06-05T07:54:37+00:00","dateModified":"2026-02-13T09:26:08+00:00","description":"Warrior-pakke - To Magneter: Terror + Beast - Magnetar","breadcrumb":{"@id":"https:\/\/test.magnetarmagnets.com\/no\/shop\/warrior-pakke-to-magneter-terror-beast-allround-360\/#breadcrumb"},"inLanguage":"nb-NO","potentialAction":[{"@type":"ReadAction","target":["https:\/\/test.magnetarmagnets.com\/no\/shop\/warrior-pakke-to-magneter-terror-beast-allround-360\/"]}]},{"@type":"ImageObject","inLanguage":"nb-NO","@id":"https:\/\/test.magnetarmagnets.com\/no\/shop\/warrior-pakke-to-magneter-terror-beast-allround-360\/#primaryimage","url":"https:\/\/test.magnetarmagnets.com\/wp-content\/uploads\/2021\/10\/MAGNETAR-WARRIOR-KIT-GOOGLE.jpg","contentUrl":"https:\/\/test.magnetarmagnets.com\/wp-content\/uploads\/2021\/10\/MAGNETAR-WARRIOR-KIT-GOOGLE.jpg","width":1500,"height":1500,"caption":"MAGNETAR-WARRIOR-KIT"},{"@type":"BreadcrumbList","@id":"https:\/\/test.magnetarmagnets.com\/no\/shop\/warrior-pakke-to-magneter-terror-beast-allround-360\/#breadcrumb","itemListElement":[{"@type":"ListItem","position":1,"name":"Home","item":"https:\/\/test.magnetarmagnets.com\/no\/"},{"@type":"ListItem","position":2,"name":"Butikk","item":"https:\/\/test.magnetarmagnets.com\/shop\/"},{"@type":"ListItem","position":3,"name":"Fiskemagneter","item":"https:\/\/test.magnetarmagnets.com\/no\/collections\/fiskemagneter\/"},{"@type":"ListItem","position":4,"name":"Allround fiskemagneter 360\u00b0","item":"https:\/\/test.magnetarmagnets.com\/no\/collections\/fiskemagneter\/allround-fiskemagneter-360\/"},{"@type":"ListItem","position":5,"name":"Warrior-pakke &#8211; To Magneter Terror + Beast &#8211; Allround 360\u00b0"}]},{"@type":"WebSite","@id":"https:\/\/test.magnetarmagnets.com\/no\/#website","url":"https:\/\/test.magnetarmagnets.com\/no\/","name":"Magnet fishing with a Magnetar fishing magnet","description":"Powerful magnets for magnet fishing","publisher":{"@id":"https:\/\/test.magnetarmagnets.com\/no\/#organization"},"potentialAction":[{"@type":"SearchAction","target":{"@type":"EntryPoint","urlTemplate":"https:\/\/test.magnetarmagnets.com\/no\/?s={search_term_string}"},"query-input":{"@type":"PropertyValueSpecification","valueRequired":true,"valueName":"search_term_string"}}],"inLanguage":"nb-NO"},{"@type":"Organization","@id":"https:\/\/test.magnetarmagnets.com\/no\/#organization","name":"Magnetar","url":"https:\/\/test.magnetarmagnets.com\/no\/","logo":{"@type":"ImageObject","inLanguage":"nb-NO","@id":"https:\/\/test.magnetarmagnets.com\/no\/#\/schema\/logo\/image\/","url":"https:\/\/magnetarmagnets.com\/wp-content\/uploads\/2021\/01\/magnetarvismagneet_logo.png","contentUrl":"https:\/\/magnetarmagnets.com\/wp-content\/uploads\/2021\/01\/magnetarvismagneet_logo.png","width":209,"height":100,"caption":"Magnetar"},"image":{"@id":"https:\/\/test.magnetarmagnets.com\/no\/#\/schema\/logo\/image\/"},"sameAs":["https:\/\/www.facebook.com\/fishingmagnets\/","https:\/\/www.instagram.com\/magnetar_magnets\/","https:\/\/www.linkedin.com\/company\/magnetarbv\/?originalSubdomain=nl","https:\/\/www.youtube.com\/c\/MagnetarVismagneet"]}]}},"_links":{"self":[{"href":"https:\/\/test.magnetarmagnets.com\/no\/wp-json\/wp\/v2\/product\/84252","targetHints":{"allow":["GET"]}}],"collection":[{"href":"https:\/\/test.magnetarmagnets.com\/no\/wp-json\/wp\/v2\/product"}],"about":[{"href":"https:\/\/test.magnetarmagnets.com\/no\/wp-json\/wp\/v2\/types\/product"}],"replies":[{"embeddable":true,"href":"https:\/\/test.magnetarmagnets.com\/no\/wp-json\/wp\/v2\/comments?post=84252"}],"wp:featuredmedia":[{"embeddable":true,"href":"https:\/\/test.magnetarmagnets.com\/no\/wp-json\/wp\/v2\/media\/78914"}],"wp:attachment":[{"href":"https:\/\/test.magnetarmagnets.com\/no\/wp-json\/wp\/v2\/media?parent=84252"}],"wp:term":[{"taxonomy":"product_brand","embeddable":true,"href":"https:\/\/test.magnetarmagnets.com\/no\/wp-json\/wp\/v2\/product_brand?post=84252"},{"taxonomy":"product_cat","embeddable":true,"href":"https:\/\/test.magnetarmagnets.com\/no\/wp-json\/wp\/v2\/product_cat?post=84252"},{"taxonomy":"product_tag","embeddable":true,"href":"https:\/\/test.magnetarmagnets.com\/no\/wp-json\/wp\/v2\/product_tag?post=84252"}],"curies":[{"name":"wp","href":"https:\/\/api.w.org\/{rel}","templated":true}]}}