{"id":82934,"date":"2018-02-15T19:59:07","date_gmt":"2018-02-15T18:59:07","guid":{"rendered":"https:\/\/magnetarmagnets.com\/om-oss\/"},"modified":"2025-07-16T14:22:47","modified_gmt":"2025-07-16T12:22:47","slug":"om-oss","status":"publish","type":"page","link":"https:\/\/test.magnetarmagnets.com\/no\/om-oss\/","title":{"rendered":"Om oss"},"content":{"rendered":"\n<p>I over 10 \u00e5r har v\u00e5r familiebedrift solgt fiskemagneter til folk som elsker hobbyen like mye som oss. <\/p>\n\n<figure class=\"wp-block-image aligncenter size-large\"><img fetchpriority=\"high\" decoding=\"async\" width=\"1024\" height=\"576\" src=\"https:\/\/test.magnetarmagnets.com\/wp-content\/uploads\/2023\/10\/magnetar-team-1024x576.jpg\" alt=\"\" class=\"wp-image-58869\" srcset=\"https:\/\/test.magnetarmagnets.com\/wp-content\/uploads\/2023\/10\/magnetar-team-1024x576.jpg 1024w, https:\/\/test.magnetarmagnets.com\/wp-content\/uploads\/2023\/10\/magnetar-team-150x84.jpg 150w, https:\/\/test.magnetarmagnets.com\/wp-content\/uploads\/2023\/10\/magnetar-team-800x450.jpg 800w, https:\/\/test.magnetarmagnets.com\/wp-content\/uploads\/2023\/10\/magnetar-team-300x169.jpg 300w, https:\/\/test.magnetarmagnets.com\/wp-content\/uploads\/2023\/10\/magnetar-team-768x432.jpg 768w, https:\/\/test.magnetarmagnets.com\/wp-content\/uploads\/2023\/10\/magnetar-team.jpg 1280w\" sizes=\"(max-width: 1024px) 100vw, 1024px\" \/><\/figure>\n\n<p>V\u00e5r grunnlegger Reinout Volkers har alltid elsket magnetfiske siden han var 16 \u00e5r gammel. Under studiene i Small Business &amp; Retail Management startet han Magnetar i foreldrenes skur med dr\u00f8mmen om \u00e5 gj\u00f8re lidenskapen sin til sitt yrke. Ved \u00e5 tilby magnetfiskere de beste og mest effektive produktene p\u00e5 markedet, har virksomheten hans solgt over 20 000 magneter i mer enn 50 land med lokale forhandlere over hele verden. Magnetar er den ledende leverand\u00f8ren av fiskemagneter i Europa og sender n\u00e5 ogs\u00e5 til Nord-Amerika!    <\/p>\n\n<p>Vi vet at frakt kan medf\u00f8re uventede kostnader. Vi tilbyr gratis frakt til utvalgte land og tilbyr en 30 dagers returperiode for alle v\u00e5re kunder. Enten du har sp\u00f8rsm\u00e5l om v\u00e5re produkter, tjenester eller levering, hjelper vi deg gjerne! For mer informasjon eller for \u00e5 dele dine funn med oss, kontakt info@test.magnetarmagnets.com.   <\/p>\n\n<h2 class=\"wp-block-heading\">V\u00e5rt team<\/h2>\n\n<p>Magnetar ble startet med m\u00e5let om \u00e5 tilby lidenskapelige magnetfiskere de beste fiskemagnetene, tilbeh\u00f8ret og servicen. Vi \u00f8nsker at du skal ha den beste opplevelsen med v\u00e5re produkter, derfor har vi brukt flere \u00e5r p\u00e5 \u00e5 innovere, designe og produsere kraftige, sterke 360\u00ba neodymmagneter. Vi er et lidenskapelig og dedikert team p\u00e5 5 personer som elsker magnetfiske, og forh\u00e5pentligvis vil ogs\u00e5 Reinout og Annelies\u2019 nyf\u00f8dte, Jurre, gj\u00f8re det! Vi gleder oss til \u00e5 h\u00f8re fra v\u00e5re kunder om hva de finner med Magnetar-magneter.   <\/p>\n\n<p><\/p>\n\n<p>Har du sp\u00f8rsm\u00e5l om magnetfiske eller bestillingen din? V\u00e5r kollega Peter er her for \u00e5 hjelpe deg! Du kan stille dine sp\u00f8rsm\u00e5l til <a href=\"mailto:info@test.magnetarmagnets.com\">info@test.magnetarmagnets.com<\/a>, s\u00e5 f\u00e5r du svar s\u00e5 raskt som mulig.  <\/p>\n\n<h2 class=\"wp-block-heading\">V\u00e5re kunder<\/h2>\n\n<figure class=\"wp-block-pullquote\"><blockquote><p>Marc (36): \u201cF\u00f8r kj\u00f8pte jeg billigere magneter andre steder. Senere en Magnetar-magnet\u2026 for en stor forskjell! S\u00e5 mange flere funn! Jeg har tjent inn magneten flere ganger via skrapjern og spesielle funn. Fantastisk kvalitet!    <\/p><\/blockquote><\/figure>\n\n<figure class=\"wp-block-pullquote\"><blockquote><p>Fred: &laquo;Supert utstyr, rask levering og f\u00f8rsteklasses service! Jeg bare sier det: du klarer deg ikke uten godt utstyr!&raquo;<\/p><\/blockquote><\/figure>\n\n<figure class=\"wp-block-pullquote\"><blockquote><p>Gerard: \u201cFor en flott service! Topp hjelp og tydelig forklaring! Noen som tar arbeidet\/hobbyen sin p\u00e5 alvor. Vi kommer definitivt tilbake.\u201d<\/p><\/blockquote><\/figure>\n","protected":false},"excerpt":{"rendered":"<p>I over 10 \u00e5r har v\u00e5r familiebedrift solgt fiskemagneter til folk som elsker hobbyen like mye som oss. V\u00e5r grunnlegger Reinout Volkers har alltid elsket magnetfiske siden han var 16 \u00e5r gammel. Under studiene i Small Business &amp; Retail Management startet han Magnetar i foreldrenes skur med dr\u00f8mmen om \u00e5 gj\u00f8re lidenskapen sin til sitt [&hellip;]<\/p>\n","protected":false},"author":1,"featured_media":0,"parent":0,"menu_order":0,"comment_status":"open","ping_status":"open","template":"","meta":{"_acf_changed":false,"inline_featured_image":false,"footnotes":""},"class_list":["post-82934","page","type-page","status-publish","hentry"],"acf":[],"yoast_head":"<!-- This site is optimized with the Yoast SEO plugin v27.5 - https:\/\/yoast.com\/product\/yoast-seo-wordpress\/ -->\n<title>Om oss | Magnetar-familien<\/title>\n<meta name=\"robots\" content=\"index, follow, max-snippet:-1, max-image-preview:large, max-video-preview:-1\" \/>\n<link rel=\"canonical\" href=\"https:\/\/test.magnetarmagnets.com\/no\/om-oss\/\" \/>\n<meta property=\"og:locale\" content=\"nb_NO\" \/>\n<meta property=\"og:type\" content=\"article\" \/>\n<meta property=\"og:title\" content=\"Om oss | Magnetar-familien\" \/>\n<meta property=\"og:description\" content=\"I over 10 \u00e5r har v\u00e5r familiebedrift solgt fiskemagneter til folk som elsker hobbyen like mye som oss. V\u00e5r grunnlegger Reinout Volkers har alltid elsket magnetfiske siden han var 16 \u00e5r gammel. Under studiene i Small Business &amp; Retail Management startet han Magnetar i foreldrenes skur med dr\u00f8mmen om \u00e5 gj\u00f8re lidenskapen sin til sitt [&hellip;]\" \/>\n<meta property=\"og:url\" content=\"https:\/\/test.magnetarmagnets.com\/no\/om-oss\/\" \/>\n<meta property=\"og:site_name\" content=\"Magnet fishing with a Magnetar fishing magnet\" \/>\n<meta property=\"article:publisher\" content=\"https:\/\/www.facebook.com\/fishingmagnets\/\" \/>\n<meta property=\"article:modified_time\" content=\"2025-07-16T12:22:47+00:00\" \/>\n<meta property=\"og:image\" content=\"https:\/\/test.magnetarmagnets.com\/wp-content\/uploads\/2023\/10\/magnetar-team-1024x576.jpg\" \/>\n<meta name=\"twitter:card\" content=\"summary_large_image\" \/>\n<meta name=\"twitter:label1\" content=\"Ansl. lesetid\" \/>\n\t<meta name=\"twitter:data1\" content=\"2 minutter\" \/>\n<script type=\"application\/ld+json\" class=\"yoast-schema-graph\">{\"@context\":\"https:\\\/\\\/schema.org\",\"@graph\":[{\"@type\":\"WebPage\",\"@id\":\"https:\\\/\\\/test.magnetarmagnets.com\\\/no\\\/om-oss\\\/\",\"url\":\"https:\\\/\\\/test.magnetarmagnets.com\\\/no\\\/om-oss\\\/\",\"name\":\"Om oss | Magnetar-familien\",\"isPartOf\":{\"@id\":\"https:\\\/\\\/test.magnetarmagnets.com\\\/no\\\/#website\"},\"primaryImageOfPage\":{\"@id\":\"https:\\\/\\\/test.magnetarmagnets.com\\\/no\\\/om-oss\\\/#primaryimage\"},\"image\":{\"@id\":\"https:\\\/\\\/test.magnetarmagnets.com\\\/no\\\/om-oss\\\/#primaryimage\"},\"thumbnailUrl\":\"https:\\\/\\\/test.magnetarmagnets.com\\\/wp-content\\\/uploads\\\/2023\\\/10\\\/magnetar-team-1024x576.jpg\",\"datePublished\":\"2018-02-15T18:59:07+00:00\",\"dateModified\":\"2025-07-16T12:22:47+00:00\",\"breadcrumb\":{\"@id\":\"https:\\\/\\\/test.magnetarmagnets.com\\\/no\\\/om-oss\\\/#breadcrumb\"},\"inLanguage\":\"nb-NO\",\"potentialAction\":[{\"@type\":\"ReadAction\",\"target\":[\"https:\\\/\\\/test.magnetarmagnets.com\\\/no\\\/om-oss\\\/\"]}]},{\"@type\":\"ImageObject\",\"inLanguage\":\"nb-NO\",\"@id\":\"https:\\\/\\\/test.magnetarmagnets.com\\\/no\\\/om-oss\\\/#primaryimage\",\"url\":\"https:\\\/\\\/test.magnetarmagnets.com\\\/wp-content\\\/uploads\\\/2023\\\/10\\\/magnetar-team-1024x576.jpg\",\"contentUrl\":\"https:\\\/\\\/test.magnetarmagnets.com\\\/wp-content\\\/uploads\\\/2023\\\/10\\\/magnetar-team-1024x576.jpg\"},{\"@type\":\"BreadcrumbList\",\"@id\":\"https:\\\/\\\/test.magnetarmagnets.com\\\/no\\\/om-oss\\\/#breadcrumb\",\"itemListElement\":[{\"@type\":\"ListItem\",\"position\":1,\"name\":\"Home\",\"item\":\"https:\\\/\\\/test.magnetarmagnets.com\\\/no\\\/\"},{\"@type\":\"ListItem\",\"position\":2,\"name\":\"Om oss\"}]},{\"@type\":\"WebSite\",\"@id\":\"https:\\\/\\\/test.magnetarmagnets.com\\\/no\\\/#website\",\"url\":\"https:\\\/\\\/test.magnetarmagnets.com\\\/no\\\/\",\"name\":\"Magnet fishing with a Magnetar fishing magnet\",\"description\":\"Powerful magnets for magnet fishing\",\"publisher\":{\"@id\":\"https:\\\/\\\/test.magnetarmagnets.com\\\/no\\\/#organization\"},\"potentialAction\":[{\"@type\":\"SearchAction\",\"target\":{\"@type\":\"EntryPoint\",\"urlTemplate\":\"https:\\\/\\\/test.magnetarmagnets.com\\\/no\\\/?s={search_term_string}\"},\"query-input\":{\"@type\":\"PropertyValueSpecification\",\"valueRequired\":true,\"valueName\":\"search_term_string\"}}],\"inLanguage\":\"nb-NO\"},{\"@type\":\"Organization\",\"@id\":\"https:\\\/\\\/test.magnetarmagnets.com\\\/no\\\/#organization\",\"name\":\"Magnetar\",\"url\":\"https:\\\/\\\/test.magnetarmagnets.com\\\/no\\\/\",\"logo\":{\"@type\":\"ImageObject\",\"inLanguage\":\"nb-NO\",\"@id\":\"https:\\\/\\\/test.magnetarmagnets.com\\\/no\\\/#\\\/schema\\\/logo\\\/image\\\/\",\"url\":\"https:\\\/\\\/magnetarmagnets.com\\\/wp-content\\\/uploads\\\/2021\\\/01\\\/magnetarvismagneet_logo.png\",\"contentUrl\":\"https:\\\/\\\/magnetarmagnets.com\\\/wp-content\\\/uploads\\\/2021\\\/01\\\/magnetarvismagneet_logo.png\",\"width\":209,\"height\":100,\"caption\":\"Magnetar\"},\"image\":{\"@id\":\"https:\\\/\\\/test.magnetarmagnets.com\\\/no\\\/#\\\/schema\\\/logo\\\/image\\\/\"},\"sameAs\":[\"https:\\\/\\\/www.facebook.com\\\/fishingmagnets\\\/\",\"https:\\\/\\\/www.instagram.com\\\/magnetar_magnets\\\/\",\"https:\\\/\\\/www.linkedin.com\\\/company\\\/magnetarbv\\\/?originalSubdomain=nl\",\"https:\\\/\\\/www.youtube.com\\\/c\\\/MagnetarVismagneet\"]}]}<\/script>\n<!-- \/ Yoast SEO plugin. -->","yoast_head_json":{"title":"Om oss | Magnetar-familien","robots":{"index":"index","follow":"follow","max-snippet":"max-snippet:-1","max-image-preview":"max-image-preview:large","max-video-preview":"max-video-preview:-1"},"canonical":"https:\/\/test.magnetarmagnets.com\/no\/om-oss\/","og_locale":"nb_NO","og_type":"article","og_title":"Om oss | Magnetar-familien","og_description":"I over 10 \u00e5r har v\u00e5r familiebedrift solgt fiskemagneter til folk som elsker hobbyen like mye som oss. V\u00e5r grunnlegger Reinout Volkers har alltid elsket magnetfiske siden han var 16 \u00e5r gammel. Under studiene i Small Business &amp; Retail Management startet han Magnetar i foreldrenes skur med dr\u00f8mmen om \u00e5 gj\u00f8re lidenskapen sin til sitt [&hellip;]","og_url":"https:\/\/test.magnetarmagnets.com\/no\/om-oss\/","og_site_name":"Magnet fishing with a Magnetar fishing magnet","article_publisher":"https:\/\/www.facebook.com\/fishingmagnets\/","article_modified_time":"2025-07-16T12:22:47+00:00","og_image":[{"url":"https:\/\/test.magnetarmagnets.com\/wp-content\/uploads\/2023\/10\/magnetar-team-1024x576.jpg","type":"","width":"","height":""}],"twitter_card":"summary_large_image","twitter_misc":{"Ansl. lesetid":"2 minutter"},"schema":{"@context":"https:\/\/schema.org","@graph":[{"@type":"WebPage","@id":"https:\/\/test.magnetarmagnets.com\/no\/om-oss\/","url":"https:\/\/test.magnetarmagnets.com\/no\/om-oss\/","name":"Om oss | Magnetar-familien","isPartOf":{"@id":"https:\/\/test.magnetarmagnets.com\/no\/#website"},"primaryImageOfPage":{"@id":"https:\/\/test.magnetarmagnets.com\/no\/om-oss\/#primaryimage"},"image":{"@id":"https:\/\/test.magnetarmagnets.com\/no\/om-oss\/#primaryimage"},"thumbnailUrl":"https:\/\/test.magnetarmagnets.com\/wp-content\/uploads\/2023\/10\/magnetar-team-1024x576.jpg","datePublished":"2018-02-15T18:59:07+00:00","dateModified":"2025-07-16T12:22:47+00:00","breadcrumb":{"@id":"https:\/\/test.magnetarmagnets.com\/no\/om-oss\/#breadcrumb"},"inLanguage":"nb-NO","potentialAction":[{"@type":"ReadAction","target":["https:\/\/test.magnetarmagnets.com\/no\/om-oss\/"]}]},{"@type":"ImageObject","inLanguage":"nb-NO","@id":"https:\/\/test.magnetarmagnets.com\/no\/om-oss\/#primaryimage","url":"https:\/\/test.magnetarmagnets.com\/wp-content\/uploads\/2023\/10\/magnetar-team-1024x576.jpg","contentUrl":"https:\/\/test.magnetarmagnets.com\/wp-content\/uploads\/2023\/10\/magnetar-team-1024x576.jpg"},{"@type":"BreadcrumbList","@id":"https:\/\/test.magnetarmagnets.com\/no\/om-oss\/#breadcrumb","itemListElement":[{"@type":"ListItem","position":1,"name":"Home","item":"https:\/\/test.magnetarmagnets.com\/no\/"},{"@type":"ListItem","position":2,"name":"Om oss"}]},{"@type":"WebSite","@id":"https:\/\/test.magnetarmagnets.com\/no\/#website","url":"https:\/\/test.magnetarmagnets.com\/no\/","name":"Magnet fishing with a Magnetar fishing magnet","description":"Powerful magnets for magnet fishing","publisher":{"@id":"https:\/\/test.magnetarmagnets.com\/no\/#organization"},"potentialAction":[{"@type":"SearchAction","target":{"@type":"EntryPoint","urlTemplate":"https:\/\/test.magnetarmagnets.com\/no\/?s={search_term_string}"},"query-input":{"@type":"PropertyValueSpecification","valueRequired":true,"valueName":"search_term_string"}}],"inLanguage":"nb-NO"},{"@type":"Organization","@id":"https:\/\/test.magnetarmagnets.com\/no\/#organization","name":"Magnetar","url":"https:\/\/test.magnetarmagnets.com\/no\/","logo":{"@type":"ImageObject","inLanguage":"nb-NO","@id":"https:\/\/test.magnetarmagnets.com\/no\/#\/schema\/logo\/image\/","url":"https:\/\/magnetarmagnets.com\/wp-content\/uploads\/2021\/01\/magnetarvismagneet_logo.png","contentUrl":"https:\/\/magnetarmagnets.com\/wp-content\/uploads\/2021\/01\/magnetarvismagneet_logo.png","width":209,"height":100,"caption":"Magnetar"},"image":{"@id":"https:\/\/test.magnetarmagnets.com\/no\/#\/schema\/logo\/image\/"},"sameAs":["https:\/\/www.facebook.com\/fishingmagnets\/","https:\/\/www.instagram.com\/magnetar_magnets\/","https:\/\/www.linkedin.com\/company\/magnetarbv\/?originalSubdomain=nl","https:\/\/www.youtube.com\/c\/MagnetarVismagneet"]}]}},"_links":{"self":[{"href":"https:\/\/test.magnetarmagnets.com\/no\/wp-json\/wp\/v2\/pages\/82934","targetHints":{"allow":["GET"]}}],"collection":[{"href":"https:\/\/test.magnetarmagnets.com\/no\/wp-json\/wp\/v2\/pages"}],"about":[{"href":"https:\/\/test.magnetarmagnets.com\/no\/wp-json\/wp\/v2\/types\/page"}],"author":[{"embeddable":true,"href":"https:\/\/test.magnetarmagnets.com\/no\/wp-json\/wp\/v2\/users\/1"}],"replies":[{"embeddable":true,"href":"https:\/\/test.magnetarmagnets.com\/no\/wp-json\/wp\/v2\/comments?post=82934"}],"version-history":[{"count":0,"href":"https:\/\/test.magnetarmagnets.com\/no\/wp-json\/wp\/v2\/pages\/82934\/revisions"}],"wp:attachment":[{"href":"https:\/\/test.magnetarmagnets.com\/no\/wp-json\/wp\/v2\/media?parent=82934"}],"curies":[{"name":"wp","href":"https:\/\/api.w.org\/{rel}","templated":true}]}}