{"id":81887,"date":"2025-06-05T09:53:03","date_gmt":"2025-06-05T07:53:03","guid":{"rendered":"https:\/\/magnetarmagnets.com\/?post_type=product&#038;p=81887"},"modified":"2026-01-13T13:36:30","modified_gmt":"2026-01-13T12:36:30","slug":"kit-cube-magnete-da-pesca-a-blocco-360-da-1350-kg","status":"publish","type":"product","link":"https:\/\/test.magnetarmagnets.com\/it\/shop\/kit-cube-magnete-da-pesca-a-blocco-360-da-1350-kg\/","title":{"rendered":"Kit CUBE\u2122 magnete da pesca a blocco 360\u00b0 da 1350 kg"},"content":{"rendered":"<p>Il CUBE\u2122 \u00e8 uno dei magneti da pesca pi\u00f9 potenti al mondo. Con sei potenti superfici di contatto magnetico, hai le massime possibilit\u00e0 di recupero. Il nostro magnete da pesca a blocco \u00e8 un&#8217;opzione eccellente per il pescatore magnetico professionista. Vuoi ancora pi\u00f9 potenza? Allora dai un\u2019occhiata al <a href=\"https:\/\/test.magnetarmagnets.com\/shop\/megacube\/\">MEGACUBE\u2122<\/a>.<\/p>\n<h2>Perch\u00e9 scegliere il CUBE\u2122?<\/h2>\n<p>Sono disponibili molti magneti da pesca potenti. Quindi perch\u00e9 scegliere il CUBE\u2122 invece di un <a href=\"https:\/\/test.magnetarmagnets.com\/collections\/fishing-magnets\/single-sided-classic\/\">magnete singolo faccia<\/a>, <a href=\"https:\/\/test.magnetarmagnets.com\/double-sided-fishing-magnet\/\">doppio<\/a> o <a href=\"https:\/\/test.magnetarmagnets.com\/collections\/fishing-magnets\/allround-magnets-360\/\">magnete universale 360\u00b0<\/a>?<\/p>\n<ul>\n<li><strong>Maggiore possibilit\u00e0 di recupero<\/strong>: il CUBE\u2122 \u00e8 magnetico su tutti e sei i lati, offrendo un campo magnetico significativamente pi\u00f9 ampio;<\/li>\n<li><strong>Design<\/strong>: le sei superfici piane offrono maggiore presa rispetto ai magneti rotondi, facilitando il recupero di oggetti come casseforti;<\/li>\n<li><strong>Indistruttibile<\/strong>: a differenza di altri magneti in neodimio da pesca, questo magnete a blocco \u00e8 protetto al 100% e mantiene tutta la sua forza di trazione;<\/li>\n<li><strong>Maggiore distanza di attrazione<\/strong>: la distanza di attrazione \u00e8 di ben 17 cm, notevolmente superiore ad altri magneti da pesca;<\/li>\n<li><strong>Pronto all\u2019uso<\/strong>: completamente assemblato, incollato e sicuro, il CUBE\u2122 \u00e8 pronto per l&#8217;uso immediato;<\/li>\n<li><strong>Completo<\/strong>: il CUBE\u2122 viene fornito con una robusta custodia, <a href=\"https:\/\/test.magnetarmagnets.com\/shop\/magnet-fishing-rope\/\">corda da 8 mm<\/a> e <a href=\"https:\/\/test.magnetarmagnets.com\/shop\/magnet-fishing-glove\/\">guanti<\/a>.<\/li>\n<\/ul>\n<h2>Game-changer in the world of magnet fishing<\/h2>\n<p class=\"x_elementToProof\" data-ogsb=\"rgb(255, 255, 255)\"><em>Protected by Registered Community Design (015054920-0001 \/ -0004)<\/em><\/p>\n","protected":false},"excerpt":{"rendered":"<p>Scopri il rivoluzionario CUBE\u2122. Questo magnete da pesca a blocco \u00e8 uno dei magneti da pesca pi\u00f9 potenti al mondo e viene fornito in un kit completo con valigetta professionale, corda e guanti.<\/p>\n","protected":false},"featured_media":74204,"comment_status":"open","ping_status":"closed","template":"","meta":{"_acf_changed":false,"inline_featured_image":false},"product_brand":[],"product_cat":[475,480,473,488,481,483],"product_tag":[],"class_list":{"0":"post-81887","1":"product","2":"type-product","3":"status-publish","4":"has-post-thumbnail","6":"product_cat-blocchi-magneti-da-pesca-360","7":"product_cat-kit-per-la-pesca-magnetica","8":"product_cat-magneti-da-pesca","9":"product_cat-magneti-da-pesca-piu-potenti","10":"product_cat-per-avventurieri-esperti","11":"product_cat-per-professionisti","13":"first","14":"onbackorder","15":"taxable","16":"shipping-taxable","17":"purchasable","18":"product-type-simple"},"acf":[],"yoast_head":"<!-- This site is optimized with the Yoast SEO plugin v27.6 - https:\/\/yoast.com\/product\/yoast-seo-wordpress\/ -->\n<title>Kit CUBE\u2122 magnete da pesca a blocco 360\u00b0 da 1350 kg - Magnet fishing with a Magnetar fishing magnet<\/title>\n<meta name=\"description\" content=\"Il CUBE\u2122 \u00e8 uno dei magneti da pesca pi\u00f9 potenti al mondo. Questo magnete a blocco viene fornito in un kit completo. La scelta migliore per la pesca con magnete.\" \/>\n<meta name=\"robots\" content=\"index, follow, max-snippet:-1, max-image-preview:large, max-video-preview:-1\" \/>\n<link rel=\"canonical\" href=\"https:\/\/test.magnetarmagnets.com\/it\/shop\/kit-cube-magnete-da-pesca-a-blocco-360-da-1350-kg\/\" \/>\n<meta property=\"og:locale\" content=\"it_IT\" \/>\n<meta property=\"og:type\" content=\"article\" \/>\n<meta property=\"og:title\" content=\"Kit CUBE\u2122 magnete da pesca a blocco 360\u00b0 da 1350 kg - Magnet fishing with a Magnetar fishing magnet\" \/>\n<meta property=\"og:description\" content=\"Il CUBE\u2122 \u00e8 uno dei magneti da pesca pi\u00f9 potenti al mondo. Questo magnete a blocco viene fornito in un kit completo. La scelta migliore per la pesca con magnete.\" \/>\n<meta property=\"og:url\" content=\"https:\/\/test.magnetarmagnets.com\/it\/shop\/kit-cube-magnete-da-pesca-a-blocco-360-da-1350-kg\/\" \/>\n<meta property=\"og:site_name\" content=\"Magnet fishing with a Magnetar fishing magnet\" \/>\n<meta property=\"article:publisher\" content=\"https:\/\/www.facebook.com\/fishingmagnets\/\" \/>\n<meta property=\"article:modified_time\" content=\"2026-01-13T12:36:30+00:00\" \/>\n<meta property=\"og:image\" content=\"https:\/\/test.magnetarmagnets.com\/wp-content\/uploads\/2024\/04\/4.png\" \/>\n\t<meta property=\"og:image:width\" content=\"1500\" \/>\n\t<meta property=\"og:image:height\" content=\"1500\" \/>\n\t<meta property=\"og:image:type\" content=\"image\/png\" \/>\n<meta name=\"twitter:card\" content=\"summary_large_image\" \/>\n<meta name=\"twitter:label1\" content=\"Tempo di lettura stimato\" \/>\n\t<meta name=\"twitter:data1\" content=\"2 minuti\" \/>\n<script type=\"application\/ld+json\" class=\"yoast-schema-graph\">{\"@context\":\"https:\\\/\\\/schema.org\",\"@graph\":[{\"@type\":[\"WebPage\",\"ItemPage\"],\"@id\":\"https:\\\/\\\/test.magnetarmagnets.com\\\/it\\\/shop\\\/kit-cube-magnete-da-pesca-a-blocco-360-da-1350-kg\\\/\",\"url\":\"https:\\\/\\\/test.magnetarmagnets.com\\\/it\\\/shop\\\/kit-cube-magnete-da-pesca-a-blocco-360-da-1350-kg\\\/\",\"name\":\"Kit CUBE\u2122 magnete da pesca a blocco 360\u00b0 da 1350 kg - Magnet fishing with a Magnetar fishing magnet\",\"isPartOf\":{\"@id\":\"https:\\\/\\\/test.magnetarmagnets.com\\\/it\\\/#website\"},\"primaryImageOfPage\":{\"@id\":\"https:\\\/\\\/test.magnetarmagnets.com\\\/it\\\/shop\\\/kit-cube-magnete-da-pesca-a-blocco-360-da-1350-kg\\\/#primaryimage\"},\"image\":{\"@id\":\"https:\\\/\\\/test.magnetarmagnets.com\\\/it\\\/shop\\\/kit-cube-magnete-da-pesca-a-blocco-360-da-1350-kg\\\/#primaryimage\"},\"thumbnailUrl\":\"https:\\\/\\\/test.magnetarmagnets.com\\\/wp-content\\\/uploads\\\/2024\\\/04\\\/4.png\",\"datePublished\":\"2025-06-05T07:53:03+00:00\",\"dateModified\":\"2026-01-13T12:36:30+00:00\",\"description\":\"Il CUBE\u2122 \u00e8 uno dei magneti da pesca pi\u00f9 potenti al mondo. Questo magnete a blocco viene fornito in un kit completo. La scelta migliore per la pesca con magnete.\",\"breadcrumb\":{\"@id\":\"https:\\\/\\\/test.magnetarmagnets.com\\\/it\\\/shop\\\/kit-cube-magnete-da-pesca-a-blocco-360-da-1350-kg\\\/#breadcrumb\"},\"inLanguage\":\"it-IT\",\"potentialAction\":[{\"@type\":\"ReadAction\",\"target\":[\"https:\\\/\\\/test.magnetarmagnets.com\\\/it\\\/shop\\\/kit-cube-magnete-da-pesca-a-blocco-360-da-1350-kg\\\/\"]}]},{\"@type\":\"ImageObject\",\"inLanguage\":\"it-IT\",\"@id\":\"https:\\\/\\\/test.magnetarmagnets.com\\\/it\\\/shop\\\/kit-cube-magnete-da-pesca-a-blocco-360-da-1350-kg\\\/#primaryimage\",\"url\":\"https:\\\/\\\/test.magnetarmagnets.com\\\/wp-content\\\/uploads\\\/2024\\\/04\\\/4.png\",\"contentUrl\":\"https:\\\/\\\/test.magnetarmagnets.com\\\/wp-content\\\/uploads\\\/2024\\\/04\\\/4.png\",\"width\":1500,\"height\":1500,\"caption\":\"CUBE KIT\"},{\"@type\":\"BreadcrumbList\",\"@id\":\"https:\\\/\\\/test.magnetarmagnets.com\\\/it\\\/shop\\\/kit-cube-magnete-da-pesca-a-blocco-360-da-1350-kg\\\/#breadcrumb\",\"itemListElement\":[{\"@type\":\"ListItem\",\"position\":1,\"name\":\"Home\",\"item\":\"https:\\\/\\\/test.magnetarmagnets.com\\\/it\\\/\"},{\"@type\":\"ListItem\",\"position\":2,\"name\":\"negozio\",\"item\":\"https:\\\/\\\/test.magnetarmagnets.com\\\/it\\\/negozio\\\/\"},{\"@type\":\"ListItem\",\"position\":3,\"name\":\"Magneti da Pesca\",\"item\":\"https:\\\/\\\/test.magnetarmagnets.com\\\/it\\\/collections\\\/magneti-da-pesca\\\/\"},{\"@type\":\"ListItem\",\"position\":4,\"name\":\"Blocchi Magneti da Pesca 360\u00b0\",\"item\":\"https:\\\/\\\/test.magnetarmagnets.com\\\/it\\\/collections\\\/magneti-da-pesca\\\/blocchi-magneti-da-pesca-360\\\/\"},{\"@type\":\"ListItem\",\"position\":5,\"name\":\"Kit CUBE\u2122 magnete da pesca a blocco 360\u00b0 da 1350 kg\"}]},{\"@type\":\"WebSite\",\"@id\":\"https:\\\/\\\/test.magnetarmagnets.com\\\/it\\\/#website\",\"url\":\"https:\\\/\\\/test.magnetarmagnets.com\\\/it\\\/\",\"name\":\"Magnet fishing with a Magnetar fishing magnet\",\"description\":\"Powerful magnets for magnet fishing\",\"publisher\":{\"@id\":\"https:\\\/\\\/test.magnetarmagnets.com\\\/it\\\/#organization\"},\"potentialAction\":[{\"@type\":\"SearchAction\",\"target\":{\"@type\":\"EntryPoint\",\"urlTemplate\":\"https:\\\/\\\/test.magnetarmagnets.com\\\/it\\\/?s={search_term_string}\"},\"query-input\":{\"@type\":\"PropertyValueSpecification\",\"valueRequired\":true,\"valueName\":\"search_term_string\"}}],\"inLanguage\":\"it-IT\"},{\"@type\":\"Organization\",\"@id\":\"https:\\\/\\\/test.magnetarmagnets.com\\\/it\\\/#organization\",\"name\":\"Magnetar\",\"url\":\"https:\\\/\\\/test.magnetarmagnets.com\\\/it\\\/\",\"logo\":{\"@type\":\"ImageObject\",\"inLanguage\":\"it-IT\",\"@id\":\"https:\\\/\\\/test.magnetarmagnets.com\\\/it\\\/#\\\/schema\\\/logo\\\/image\\\/\",\"url\":\"https:\\\/\\\/magnetarmagnets.com\\\/wp-content\\\/uploads\\\/2021\\\/01\\\/magnetarvismagneet_logo.png\",\"contentUrl\":\"https:\\\/\\\/magnetarmagnets.com\\\/wp-content\\\/uploads\\\/2021\\\/01\\\/magnetarvismagneet_logo.png\",\"width\":209,\"height\":100,\"caption\":\"Magnetar\"},\"image\":{\"@id\":\"https:\\\/\\\/test.magnetarmagnets.com\\\/it\\\/#\\\/schema\\\/logo\\\/image\\\/\"},\"sameAs\":[\"https:\\\/\\\/www.facebook.com\\\/fishingmagnets\\\/\",\"https:\\\/\\\/www.instagram.com\\\/magnetar_magnets\\\/\",\"https:\\\/\\\/www.linkedin.com\\\/company\\\/magnetarbv\\\/?originalSubdomain=nl\",\"https:\\\/\\\/www.youtube.com\\\/c\\\/MagnetarVismagneet\"]}]}<\/script>\n<!-- \/ Yoast SEO plugin. -->","yoast_head_json":{"title":"Kit CUBE\u2122 magnete da pesca a blocco 360\u00b0 da 1350 kg - Magnet fishing with a Magnetar fishing magnet","description":"Il CUBE\u2122 \u00e8 uno dei magneti da pesca pi\u00f9 potenti al mondo. Questo magnete a blocco viene fornito in un kit completo. La scelta migliore per la pesca con magnete.","robots":{"index":"index","follow":"follow","max-snippet":"max-snippet:-1","max-image-preview":"max-image-preview:large","max-video-preview":"max-video-preview:-1"},"canonical":"https:\/\/test.magnetarmagnets.com\/it\/shop\/kit-cube-magnete-da-pesca-a-blocco-360-da-1350-kg\/","og_locale":"it_IT","og_type":"article","og_title":"Kit CUBE\u2122 magnete da pesca a blocco 360\u00b0 da 1350 kg - Magnet fishing with a Magnetar fishing magnet","og_description":"Il CUBE\u2122 \u00e8 uno dei magneti da pesca pi\u00f9 potenti al mondo. Questo magnete a blocco viene fornito in un kit completo. La scelta migliore per la pesca con magnete.","og_url":"https:\/\/test.magnetarmagnets.com\/it\/shop\/kit-cube-magnete-da-pesca-a-blocco-360-da-1350-kg\/","og_site_name":"Magnet fishing with a Magnetar fishing magnet","article_publisher":"https:\/\/www.facebook.com\/fishingmagnets\/","article_modified_time":"2026-01-13T12:36:30+00:00","og_image":[{"width":1500,"height":1500,"url":"https:\/\/test.magnetarmagnets.com\/wp-content\/uploads\/2024\/04\/4.png","type":"image\/png"}],"twitter_card":"summary_large_image","twitter_misc":{"Tempo di lettura stimato":"2 minuti"},"schema":{"@context":"https:\/\/schema.org","@graph":[{"@type":["WebPage","ItemPage"],"@id":"https:\/\/test.magnetarmagnets.com\/it\/shop\/kit-cube-magnete-da-pesca-a-blocco-360-da-1350-kg\/","url":"https:\/\/test.magnetarmagnets.com\/it\/shop\/kit-cube-magnete-da-pesca-a-blocco-360-da-1350-kg\/","name":"Kit CUBE\u2122 magnete da pesca a blocco 360\u00b0 da 1350 kg - Magnet fishing with a Magnetar fishing magnet","isPartOf":{"@id":"https:\/\/test.magnetarmagnets.com\/it\/#website"},"primaryImageOfPage":{"@id":"https:\/\/test.magnetarmagnets.com\/it\/shop\/kit-cube-magnete-da-pesca-a-blocco-360-da-1350-kg\/#primaryimage"},"image":{"@id":"https:\/\/test.magnetarmagnets.com\/it\/shop\/kit-cube-magnete-da-pesca-a-blocco-360-da-1350-kg\/#primaryimage"},"thumbnailUrl":"https:\/\/test.magnetarmagnets.com\/wp-content\/uploads\/2024\/04\/4.png","datePublished":"2025-06-05T07:53:03+00:00","dateModified":"2026-01-13T12:36:30+00:00","description":"Il CUBE\u2122 \u00e8 uno dei magneti da pesca pi\u00f9 potenti al mondo. Questo magnete a blocco viene fornito in un kit completo. La scelta migliore per la pesca con magnete.","breadcrumb":{"@id":"https:\/\/test.magnetarmagnets.com\/it\/shop\/kit-cube-magnete-da-pesca-a-blocco-360-da-1350-kg\/#breadcrumb"},"inLanguage":"it-IT","potentialAction":[{"@type":"ReadAction","target":["https:\/\/test.magnetarmagnets.com\/it\/shop\/kit-cube-magnete-da-pesca-a-blocco-360-da-1350-kg\/"]}]},{"@type":"ImageObject","inLanguage":"it-IT","@id":"https:\/\/test.magnetarmagnets.com\/it\/shop\/kit-cube-magnete-da-pesca-a-blocco-360-da-1350-kg\/#primaryimage","url":"https:\/\/test.magnetarmagnets.com\/wp-content\/uploads\/2024\/04\/4.png","contentUrl":"https:\/\/test.magnetarmagnets.com\/wp-content\/uploads\/2024\/04\/4.png","width":1500,"height":1500,"caption":"CUBE KIT"},{"@type":"BreadcrumbList","@id":"https:\/\/test.magnetarmagnets.com\/it\/shop\/kit-cube-magnete-da-pesca-a-blocco-360-da-1350-kg\/#breadcrumb","itemListElement":[{"@type":"ListItem","position":1,"name":"Home","item":"https:\/\/test.magnetarmagnets.com\/it\/"},{"@type":"ListItem","position":2,"name":"negozio","item":"https:\/\/test.magnetarmagnets.com\/it\/negozio\/"},{"@type":"ListItem","position":3,"name":"Magneti da Pesca","item":"https:\/\/test.magnetarmagnets.com\/it\/collections\/magneti-da-pesca\/"},{"@type":"ListItem","position":4,"name":"Blocchi Magneti da Pesca 360\u00b0","item":"https:\/\/test.magnetarmagnets.com\/it\/collections\/magneti-da-pesca\/blocchi-magneti-da-pesca-360\/"},{"@type":"ListItem","position":5,"name":"Kit CUBE\u2122 magnete da pesca a blocco 360\u00b0 da 1350 kg"}]},{"@type":"WebSite","@id":"https:\/\/test.magnetarmagnets.com\/it\/#website","url":"https:\/\/test.magnetarmagnets.com\/it\/","name":"Magnet fishing with a Magnetar fishing magnet","description":"Powerful magnets for magnet fishing","publisher":{"@id":"https:\/\/test.magnetarmagnets.com\/it\/#organization"},"potentialAction":[{"@type":"SearchAction","target":{"@type":"EntryPoint","urlTemplate":"https:\/\/test.magnetarmagnets.com\/it\/?s={search_term_string}"},"query-input":{"@type":"PropertyValueSpecification","valueRequired":true,"valueName":"search_term_string"}}],"inLanguage":"it-IT"},{"@type":"Organization","@id":"https:\/\/test.magnetarmagnets.com\/it\/#organization","name":"Magnetar","url":"https:\/\/test.magnetarmagnets.com\/it\/","logo":{"@type":"ImageObject","inLanguage":"it-IT","@id":"https:\/\/test.magnetarmagnets.com\/it\/#\/schema\/logo\/image\/","url":"https:\/\/magnetarmagnets.com\/wp-content\/uploads\/2021\/01\/magnetarvismagneet_logo.png","contentUrl":"https:\/\/magnetarmagnets.com\/wp-content\/uploads\/2021\/01\/magnetarvismagneet_logo.png","width":209,"height":100,"caption":"Magnetar"},"image":{"@id":"https:\/\/test.magnetarmagnets.com\/it\/#\/schema\/logo\/image\/"},"sameAs":["https:\/\/www.facebook.com\/fishingmagnets\/","https:\/\/www.instagram.com\/magnetar_magnets\/","https:\/\/www.linkedin.com\/company\/magnetarbv\/?originalSubdomain=nl","https:\/\/www.youtube.com\/c\/MagnetarVismagneet"]}]}},"_links":{"self":[{"href":"https:\/\/test.magnetarmagnets.com\/it\/wp-json\/wp\/v2\/product\/81887","targetHints":{"allow":["GET"]}}],"collection":[{"href":"https:\/\/test.magnetarmagnets.com\/it\/wp-json\/wp\/v2\/product"}],"about":[{"href":"https:\/\/test.magnetarmagnets.com\/it\/wp-json\/wp\/v2\/types\/product"}],"replies":[{"embeddable":true,"href":"https:\/\/test.magnetarmagnets.com\/it\/wp-json\/wp\/v2\/comments?post=81887"}],"wp:featuredmedia":[{"embeddable":true,"href":"https:\/\/test.magnetarmagnets.com\/it\/wp-json\/wp\/v2\/media\/74204"}],"wp:attachment":[{"href":"https:\/\/test.magnetarmagnets.com\/it\/wp-json\/wp\/v2\/media?parent=81887"}],"wp:term":[{"taxonomy":"product_brand","embeddable":true,"href":"https:\/\/test.magnetarmagnets.com\/it\/wp-json\/wp\/v2\/product_brand?post=81887"},{"taxonomy":"product_cat","embeddable":true,"href":"https:\/\/test.magnetarmagnets.com\/it\/wp-json\/wp\/v2\/product_cat?post=81887"},{"taxonomy":"product_tag","embeddable":true,"href":"https:\/\/test.magnetarmagnets.com\/it\/wp-json\/wp\/v2\/product_tag?post=81887"}],"curies":[{"name":"wp","href":"https:\/\/api.w.org\/{rel}","templated":true}]}}