{"id":81863,"date":"2025-06-05T09:53:06","date_gmt":"2025-06-05T07:53:06","guid":{"rendered":"https:\/\/magnetarmagnets.com\/?post_type=product&#038;p=81863"},"modified":"2026-03-18T18:25:40","modified_gmt":"2026-03-18T17:25:40","slug":"sollevatore-magnetico-per-chiusini-con-martello","status":"publish","type":"product","link":"https:\/\/test.magnetarmagnets.com\/it\/shop\/sollevatore-magnetico-per-chiusini-con-martello\/","title":{"rendered":"Sollevatore magnetico per chiusini con martello"},"content":{"rendered":"<p>Ti capita spesso di aprire chiusini? Questo sollevatore magnetico per chiusini render\u00e0 il tuo flusso di lavoro molto pi\u00f9 agevole. Aprire tombini pu\u00f2 essere un&#8217;operazione laboriosa. Ecco perch\u00e9 abbiamo creato il Magnetar THOR, progettato per aprire diversi tipi di chiusini con la sua forza magnetica, fare leva per estrarli o \u2013quando sono bloccati\u2013 sbatterli per staccarli.<\/p>\n<p>Mentre i sollevatori tradizionali per chiusini ti costringono a chinarti, il Magnetar THOR ti permette di sollevare tutti i tipi di coperchi restando in piedi. L&#8217;utilizzo di questo sollevatore magnetico per chiusini con magnete e gancio render\u00e0 sicuramente il tuo lavoro meno faticoso a livello fisico.<\/p>\n<h2>Descrizione del prodotto<\/h2>\n<p>Il Magnetar THOR \u00e8 in una categoria a s\u00e9. Questo sollevatore magnetico per chiusini \u00e8 dotato di un potente magnete in neodimio. Inoltre, \u00e8 munito di un tradizionale gancio di sollevamento e di un martello. Tutti questi strumenti integrati facilitano il sollevamento, la leva o il colpo su qualsiasi tipo di coperchio. Il tutto da una posizione ergonomica, per rendere questa mansione ripetitiva meno dispendiosa in termini di forza e sforzo. Semplice, no?<\/p>\n<h2>Magnetar THOR, superiore ai sollevatori tradizionali per chiusini<\/h2>\n<p>Chi deve gestire numerosi pozzetti, tombini di manutenzione, scarichi o altri tipi di aperture di dimensioni importanti possiede senza dubbio un sollevatore tradizionale per chiusini, un gancio o un attrezzo simile. L&#8217;uso di questi prodotti richiede spesso un notevole dispendio di energie. Aprire coperchi pesanti pu\u00f2 risultare davvero faticoso. In alcuni casi, ci\u00f2 pu\u00f2 persino causare infortuni, situazione che sarebbe meglio evitare a ogni costo.<\/p>\n<p>Il Magnetar THOR adotta un approccio diverso. Grazie al potente magnete, sar\u00e0 possibile sollevare la maggior parte dei chiusini restando in posizione eretta. In questo modo, servir\u00e0 molta meno forza nelle gambe e nella schiena. Il che, a lungo termine, favorir\u00e0 la tua salute.<\/p>\n<h2>Le tre caratteristiche del Magnetar THOR<\/h2>\n<p>Con il Magnetar THOR abbiamo combinato in un unico prodotto gancio per chiusini, sollevatore e martello. In questo modo sarai pronto per ogni situazione, eviterai lo sforzo fisico e risparmierai spazio prezioso. Il prodotto si distingue per queste tre caratteristiche principali.<\/p>\n<ul>\n<li>Sollevamento<\/li>\n<li>Leva<\/li>\n<li>Colpo<\/li>\n<\/ul>\n<p>Devi aprire un chiusino? Nella maggior parte dei casi, sar\u00e0 possibile farlo con un potente magnete in neodimio, simile a quelli che utilizziamo come magneti da pesca. Questi magneti hanno una forza di trazione di circa 300 kg. Ruotando il THOR, impugnando il gancio e il martello, potrai facilmente estrarre il coperchio dal suo anello.<\/p>\n<p>L&#8217;uso del solo magnete potrebbe non essere sufficiente in alcune circostanze. In tal caso, il gancio pu\u00f2 essere utilizzato per fare leva e staccare i coperchi incastrati. Inoltre, \u00e8 possibile generare una forza di sollevamento sufficiente sfruttando la leva data dalla lunghezza dell&#8217;asta da\u00a0 67 cm. Noti un movimento nel coperchio? Ora \u00e8 il momento di utilizzare il magnete per sollevarlo.<\/p>\n<p>Quando il coperchio non si muove affatto, colpirlo con il martello \u00e8 un&#8217;opzione. Questo aiuta a creare gioco nell&#8217;anello, e pu\u00f2 essere seguito dalla leva con il gancio e dal sollevamento con il magnete.<\/p>\n<h2>Caratteristiche del sollevatore magnetico per chiusini<\/h2>\n<p>Il Magnetar THOR \u00e8 un sollevatore magnetico compatto per chiusini con martello. Lo strumento ha una lunghezza di\u00a0 67 cm e una larghezza di poco pi\u00f9 di\u00a0 21 cm, il che garantisce che il prodotto possa essere facilmente riposto e trasportato. Questo attrezzo \u00e8 realizzato in acciaio zincato e pesa circa 4 kg , rendendolo un oggetto estremamente robusto e durevole. Infine, l&#8217;asta ha un diametro di circa 20 mm, che la rende altamente resistente a qualsiasi urto.<\/p>\n<h2>Conservazione del Magnetar THOR<\/h2>\n<p>Il magnete in neodimio rende il nostro sollevatore magnetico per chiusini estremamente pratico. Tuttavia, gli utenti devono tenere presente che questo attrezzo non pu\u00f2 essere riposto ovunque. Non vorresti che un oggetto qualsiasi o un veicolo si attaccasse al magnete. Quando riponi il Magnetar THOR in un veicolo aziendale, \u00e8 consigliabile appendere il lato magnetico in uno spazio libero da ostacoli.<\/p>\n<h2>Quando posso aspettarmi la consegna del mio sollevatore per chiusini?<\/h2>\n<p>La consegna negli Stati Uniti, Canada e Messico avverr\u00e0 entro 2\/4 giorni lavorativi, se riceviamo il tuo ordine del Magnetar THOR entro le <em>14:00 EST<\/em>.<\/p>\n<h2>Quanto coster\u00e0 la spedizione?<\/h2>\n<p>Visita la nostra pagina &#8216;Dati di spedizione&#8217; per informazioni sulle spedizioni del Magnetar THOR.<\/p>\n","protected":false},"excerpt":{"rendered":"<p>Ti occupi regolarmente di <strong>chiusini<\/strong>? Allora il nostro <strong>gancio magnetico per chiusini con martello<\/strong> render\u00e0 il tuo lavoro molto pi\u00f9 semplice.<\/p>\n<p>Dove i sollevatori tradizionali per chiusini ti costringono a chinarti, il Magnetar THOR ti permette di <strong>aprire vari tombini stando in piedi<\/strong>. Utilizzare questo sollevatore per chiusini con magnete e gancio render\u00e0 il tuo lavoro <strong>molto meno faticoso<\/strong>.<\/p>\n","protected":false},"featured_media":73659,"comment_status":"open","ping_status":"closed","template":"","meta":{"_acf_changed":false,"inline_featured_image":false},"product_brand":[],"product_cat":[485,474,487],"product_tag":[],"class_list":{"0":"post-81863","1":"product","2":"type-product","3":"status-publish","4":"has-post-thumbnail","6":"product_cat-accessori-magnetici","7":"product_cat-attrezzatura","8":"product_cat-varie","10":"first","11":"instock","12":"sale","13":"taxable","14":"shipping-taxable","15":"purchasable","16":"product-type-variable"},"acf":[],"yoast_head":"<!-- This site is optimized with the Yoast SEO plugin v27.6 - https:\/\/yoast.com\/product\/yoast-seo-wordpress\/ -->\n<title>Sollevatore magnetico per chiusini con martello - Magnetar THOR<\/title>\n<meta name=\"description\" content=\"Apri regolarmente i chiusini? Il sollevatore magnetico per chiusini Magnetar THOR render\u00e0 il tuo flusso di lavoro molto pi\u00f9 agevole.\" \/>\n<meta name=\"robots\" content=\"index, follow, max-snippet:-1, max-image-preview:large, max-video-preview:-1\" \/>\n<link rel=\"canonical\" href=\"https:\/\/test.magnetarmagnets.com\/it\/shop\/sollevatore-magnetico-per-chiusini-con-martello\/\" \/>\n<meta property=\"og:locale\" content=\"it_IT\" \/>\n<meta property=\"og:type\" content=\"article\" \/>\n<meta property=\"og:title\" content=\"Sollevatore magnetico per chiusini con martello - Magnetar THOR\" \/>\n<meta property=\"og:description\" content=\"Apri regolarmente i chiusini? Il sollevatore magnetico per chiusini Magnetar THOR render\u00e0 il tuo flusso di lavoro molto pi\u00f9 agevole.\" \/>\n<meta property=\"og:url\" content=\"https:\/\/test.magnetarmagnets.com\/it\/shop\/sollevatore-magnetico-per-chiusini-con-martello\/\" \/>\n<meta property=\"og:site_name\" content=\"Magnet fishing with a Magnetar fishing magnet\" \/>\n<meta property=\"article:publisher\" content=\"https:\/\/www.facebook.com\/fishingmagnets\/\" \/>\n<meta property=\"article:modified_time\" content=\"2026-03-18T17:25:40+00:00\" \/>\n<meta property=\"og:image\" content=\"https:\/\/test.magnetarmagnets.com\/wp-content\/uploads\/2023\/09\/JNF-Magnetar-Bedrijfsfotografie-01-09-2023-Foto-9955.jpg\" \/>\n\t<meta property=\"og:image:width\" content=\"1000\" \/>\n\t<meta property=\"og:image:height\" content=\"1000\" \/>\n\t<meta property=\"og:image:type\" content=\"image\/jpeg\" \/>\n<meta name=\"twitter:card\" content=\"summary_large_image\" \/>\n<meta name=\"twitter:label1\" content=\"Tempo di lettura stimato\" \/>\n\t<meta name=\"twitter:data1\" content=\"4 minuti\" \/>\n<script type=\"application\/ld+json\" class=\"yoast-schema-graph\">{\"@context\":\"https:\\\/\\\/schema.org\",\"@graph\":[{\"@type\":[\"WebPage\",\"ItemPage\"],\"@id\":\"https:\\\/\\\/test.magnetarmagnets.com\\\/it\\\/shop\\\/sollevatore-magnetico-per-chiusini-con-martello\\\/\",\"url\":\"https:\\\/\\\/test.magnetarmagnets.com\\\/it\\\/shop\\\/sollevatore-magnetico-per-chiusini-con-martello\\\/\",\"name\":\"Sollevatore magnetico per chiusini con martello - Magnetar THOR\",\"isPartOf\":{\"@id\":\"https:\\\/\\\/test.magnetarmagnets.com\\\/it\\\/#website\"},\"primaryImageOfPage\":{\"@id\":\"https:\\\/\\\/test.magnetarmagnets.com\\\/it\\\/shop\\\/sollevatore-magnetico-per-chiusini-con-martello\\\/#primaryimage\"},\"image\":{\"@id\":\"https:\\\/\\\/test.magnetarmagnets.com\\\/it\\\/shop\\\/sollevatore-magnetico-per-chiusini-con-martello\\\/#primaryimage\"},\"thumbnailUrl\":\"https:\\\/\\\/test.magnetarmagnets.com\\\/wp-content\\\/uploads\\\/2023\\\/09\\\/JNF-Magnetar-Bedrijfsfotografie-01-09-2023-Foto-9955.jpg\",\"datePublished\":\"2025-06-05T07:53:06+00:00\",\"dateModified\":\"2026-03-18T17:25:40+00:00\",\"description\":\"Apri regolarmente i chiusini? Il sollevatore magnetico per chiusini Magnetar THOR render\u00e0 il tuo flusso di lavoro molto pi\u00f9 agevole.\",\"breadcrumb\":{\"@id\":\"https:\\\/\\\/test.magnetarmagnets.com\\\/it\\\/shop\\\/sollevatore-magnetico-per-chiusini-con-martello\\\/#breadcrumb\"},\"inLanguage\":\"it-IT\",\"potentialAction\":[{\"@type\":\"ReadAction\",\"target\":[\"https:\\\/\\\/test.magnetarmagnets.com\\\/it\\\/shop\\\/sollevatore-magnetico-per-chiusini-con-martello\\\/\"]}]},{\"@type\":\"ImageObject\",\"inLanguage\":\"it-IT\",\"@id\":\"https:\\\/\\\/test.magnetarmagnets.com\\\/it\\\/shop\\\/sollevatore-magnetico-per-chiusini-con-martello\\\/#primaryimage\",\"url\":\"https:\\\/\\\/test.magnetarmagnets.com\\\/wp-content\\\/uploads\\\/2023\\\/09\\\/JNF-Magnetar-Bedrijfsfotografie-01-09-2023-Foto-9955.jpg\",\"contentUrl\":\"https:\\\/\\\/test.magnetarmagnets.com\\\/wp-content\\\/uploads\\\/2023\\\/09\\\/JNF-Magnetar-Bedrijfsfotografie-01-09-2023-Foto-9955.jpg\",\"width\":1000,\"height\":1000,\"caption\":\"The Magnetar THOR is the best magnetic manhole cover lifter.\"},{\"@type\":\"BreadcrumbList\",\"@id\":\"https:\\\/\\\/test.magnetarmagnets.com\\\/it\\\/shop\\\/sollevatore-magnetico-per-chiusini-con-martello\\\/#breadcrumb\",\"itemListElement\":[{\"@type\":\"ListItem\",\"position\":1,\"name\":\"Home\",\"item\":\"https:\\\/\\\/test.magnetarmagnets.com\\\/it\\\/\"},{\"@type\":\"ListItem\",\"position\":2,\"name\":\"negozio\",\"item\":\"https:\\\/\\\/test.magnetarmagnets.com\\\/it\\\/negozio\\\/\"},{\"@type\":\"ListItem\",\"position\":3,\"name\":\"Attrezzatura\",\"item\":\"https:\\\/\\\/test.magnetarmagnets.com\\\/it\\\/collections\\\/attrezzatura\\\/\"},{\"@type\":\"ListItem\",\"position\":4,\"name\":\"Accessori Magnetici\",\"item\":\"https:\\\/\\\/test.magnetarmagnets.com\\\/it\\\/collections\\\/attrezzatura\\\/accessori-magnetici\\\/\"},{\"@type\":\"ListItem\",\"position\":5,\"name\":\"Sollevatore magnetico per chiusini con martello\"}]},{\"@type\":\"WebSite\",\"@id\":\"https:\\\/\\\/test.magnetarmagnets.com\\\/it\\\/#website\",\"url\":\"https:\\\/\\\/test.magnetarmagnets.com\\\/it\\\/\",\"name\":\"Magnet fishing with a Magnetar fishing magnet\",\"description\":\"Powerful magnets for magnet fishing\",\"publisher\":{\"@id\":\"https:\\\/\\\/test.magnetarmagnets.com\\\/it\\\/#organization\"},\"potentialAction\":[{\"@type\":\"SearchAction\",\"target\":{\"@type\":\"EntryPoint\",\"urlTemplate\":\"https:\\\/\\\/test.magnetarmagnets.com\\\/it\\\/?s={search_term_string}\"},\"query-input\":{\"@type\":\"PropertyValueSpecification\",\"valueRequired\":true,\"valueName\":\"search_term_string\"}}],\"inLanguage\":\"it-IT\"},{\"@type\":\"Organization\",\"@id\":\"https:\\\/\\\/test.magnetarmagnets.com\\\/it\\\/#organization\",\"name\":\"Magnetar\",\"url\":\"https:\\\/\\\/test.magnetarmagnets.com\\\/it\\\/\",\"logo\":{\"@type\":\"ImageObject\",\"inLanguage\":\"it-IT\",\"@id\":\"https:\\\/\\\/test.magnetarmagnets.com\\\/it\\\/#\\\/schema\\\/logo\\\/image\\\/\",\"url\":\"https:\\\/\\\/magnetarmagnets.com\\\/wp-content\\\/uploads\\\/2021\\\/01\\\/magnetarvismagneet_logo.png\",\"contentUrl\":\"https:\\\/\\\/magnetarmagnets.com\\\/wp-content\\\/uploads\\\/2021\\\/01\\\/magnetarvismagneet_logo.png\",\"width\":209,\"height\":100,\"caption\":\"Magnetar\"},\"image\":{\"@id\":\"https:\\\/\\\/test.magnetarmagnets.com\\\/it\\\/#\\\/schema\\\/logo\\\/image\\\/\"},\"sameAs\":[\"https:\\\/\\\/www.facebook.com\\\/fishingmagnets\\\/\",\"https:\\\/\\\/www.instagram.com\\\/magnetar_magnets\\\/\",\"https:\\\/\\\/www.linkedin.com\\\/company\\\/magnetarbv\\\/?originalSubdomain=nl\",\"https:\\\/\\\/www.youtube.com\\\/c\\\/MagnetarVismagneet\"]}]}<\/script>\n<!-- \/ Yoast SEO plugin. -->","yoast_head_json":{"title":"Sollevatore magnetico per chiusini con martello - Magnetar THOR","description":"Apri regolarmente i chiusini? Il sollevatore magnetico per chiusini Magnetar THOR render\u00e0 il tuo flusso di lavoro molto pi\u00f9 agevole.","robots":{"index":"index","follow":"follow","max-snippet":"max-snippet:-1","max-image-preview":"max-image-preview:large","max-video-preview":"max-video-preview:-1"},"canonical":"https:\/\/test.magnetarmagnets.com\/it\/shop\/sollevatore-magnetico-per-chiusini-con-martello\/","og_locale":"it_IT","og_type":"article","og_title":"Sollevatore magnetico per chiusini con martello - Magnetar THOR","og_description":"Apri regolarmente i chiusini? Il sollevatore magnetico per chiusini Magnetar THOR render\u00e0 il tuo flusso di lavoro molto pi\u00f9 agevole.","og_url":"https:\/\/test.magnetarmagnets.com\/it\/shop\/sollevatore-magnetico-per-chiusini-con-martello\/","og_site_name":"Magnet fishing with a Magnetar fishing magnet","article_publisher":"https:\/\/www.facebook.com\/fishingmagnets\/","article_modified_time":"2026-03-18T17:25:40+00:00","og_image":[{"width":1000,"height":1000,"url":"https:\/\/test.magnetarmagnets.com\/wp-content\/uploads\/2023\/09\/JNF-Magnetar-Bedrijfsfotografie-01-09-2023-Foto-9955.jpg","type":"image\/jpeg"}],"twitter_card":"summary_large_image","twitter_misc":{"Tempo di lettura stimato":"4 minuti"},"schema":{"@context":"https:\/\/schema.org","@graph":[{"@type":["WebPage","ItemPage"],"@id":"https:\/\/test.magnetarmagnets.com\/it\/shop\/sollevatore-magnetico-per-chiusini-con-martello\/","url":"https:\/\/test.magnetarmagnets.com\/it\/shop\/sollevatore-magnetico-per-chiusini-con-martello\/","name":"Sollevatore magnetico per chiusini con martello - Magnetar THOR","isPartOf":{"@id":"https:\/\/test.magnetarmagnets.com\/it\/#website"},"primaryImageOfPage":{"@id":"https:\/\/test.magnetarmagnets.com\/it\/shop\/sollevatore-magnetico-per-chiusini-con-martello\/#primaryimage"},"image":{"@id":"https:\/\/test.magnetarmagnets.com\/it\/shop\/sollevatore-magnetico-per-chiusini-con-martello\/#primaryimage"},"thumbnailUrl":"https:\/\/test.magnetarmagnets.com\/wp-content\/uploads\/2023\/09\/JNF-Magnetar-Bedrijfsfotografie-01-09-2023-Foto-9955.jpg","datePublished":"2025-06-05T07:53:06+00:00","dateModified":"2026-03-18T17:25:40+00:00","description":"Apri regolarmente i chiusini? Il sollevatore magnetico per chiusini Magnetar THOR render\u00e0 il tuo flusso di lavoro molto pi\u00f9 agevole.","breadcrumb":{"@id":"https:\/\/test.magnetarmagnets.com\/it\/shop\/sollevatore-magnetico-per-chiusini-con-martello\/#breadcrumb"},"inLanguage":"it-IT","potentialAction":[{"@type":"ReadAction","target":["https:\/\/test.magnetarmagnets.com\/it\/shop\/sollevatore-magnetico-per-chiusini-con-martello\/"]}]},{"@type":"ImageObject","inLanguage":"it-IT","@id":"https:\/\/test.magnetarmagnets.com\/it\/shop\/sollevatore-magnetico-per-chiusini-con-martello\/#primaryimage","url":"https:\/\/test.magnetarmagnets.com\/wp-content\/uploads\/2023\/09\/JNF-Magnetar-Bedrijfsfotografie-01-09-2023-Foto-9955.jpg","contentUrl":"https:\/\/test.magnetarmagnets.com\/wp-content\/uploads\/2023\/09\/JNF-Magnetar-Bedrijfsfotografie-01-09-2023-Foto-9955.jpg","width":1000,"height":1000,"caption":"The Magnetar THOR is the best magnetic manhole cover lifter."},{"@type":"BreadcrumbList","@id":"https:\/\/test.magnetarmagnets.com\/it\/shop\/sollevatore-magnetico-per-chiusini-con-martello\/#breadcrumb","itemListElement":[{"@type":"ListItem","position":1,"name":"Home","item":"https:\/\/test.magnetarmagnets.com\/it\/"},{"@type":"ListItem","position":2,"name":"negozio","item":"https:\/\/test.magnetarmagnets.com\/it\/negozio\/"},{"@type":"ListItem","position":3,"name":"Attrezzatura","item":"https:\/\/test.magnetarmagnets.com\/it\/collections\/attrezzatura\/"},{"@type":"ListItem","position":4,"name":"Accessori Magnetici","item":"https:\/\/test.magnetarmagnets.com\/it\/collections\/attrezzatura\/accessori-magnetici\/"},{"@type":"ListItem","position":5,"name":"Sollevatore magnetico per chiusini con martello"}]},{"@type":"WebSite","@id":"https:\/\/test.magnetarmagnets.com\/it\/#website","url":"https:\/\/test.magnetarmagnets.com\/it\/","name":"Magnet fishing with a Magnetar fishing magnet","description":"Powerful magnets for magnet fishing","publisher":{"@id":"https:\/\/test.magnetarmagnets.com\/it\/#organization"},"potentialAction":[{"@type":"SearchAction","target":{"@type":"EntryPoint","urlTemplate":"https:\/\/test.magnetarmagnets.com\/it\/?s={search_term_string}"},"query-input":{"@type":"PropertyValueSpecification","valueRequired":true,"valueName":"search_term_string"}}],"inLanguage":"it-IT"},{"@type":"Organization","@id":"https:\/\/test.magnetarmagnets.com\/it\/#organization","name":"Magnetar","url":"https:\/\/test.magnetarmagnets.com\/it\/","logo":{"@type":"ImageObject","inLanguage":"it-IT","@id":"https:\/\/test.magnetarmagnets.com\/it\/#\/schema\/logo\/image\/","url":"https:\/\/magnetarmagnets.com\/wp-content\/uploads\/2021\/01\/magnetarvismagneet_logo.png","contentUrl":"https:\/\/magnetarmagnets.com\/wp-content\/uploads\/2021\/01\/magnetarvismagneet_logo.png","width":209,"height":100,"caption":"Magnetar"},"image":{"@id":"https:\/\/test.magnetarmagnets.com\/it\/#\/schema\/logo\/image\/"},"sameAs":["https:\/\/www.facebook.com\/fishingmagnets\/","https:\/\/www.instagram.com\/magnetar_magnets\/","https:\/\/www.linkedin.com\/company\/magnetarbv\/?originalSubdomain=nl","https:\/\/www.youtube.com\/c\/MagnetarVismagneet"]}]}},"_links":{"self":[{"href":"https:\/\/test.magnetarmagnets.com\/it\/wp-json\/wp\/v2\/product\/81863","targetHints":{"allow":["GET"]}}],"collection":[{"href":"https:\/\/test.magnetarmagnets.com\/it\/wp-json\/wp\/v2\/product"}],"about":[{"href":"https:\/\/test.magnetarmagnets.com\/it\/wp-json\/wp\/v2\/types\/product"}],"replies":[{"embeddable":true,"href":"https:\/\/test.magnetarmagnets.com\/it\/wp-json\/wp\/v2\/comments?post=81863"}],"wp:featuredmedia":[{"embeddable":true,"href":"https:\/\/test.magnetarmagnets.com\/it\/wp-json\/wp\/v2\/media\/73659"}],"wp:attachment":[{"href":"https:\/\/test.magnetarmagnets.com\/it\/wp-json\/wp\/v2\/media?parent=81863"}],"wp:term":[{"taxonomy":"product_brand","embeddable":true,"href":"https:\/\/test.magnetarmagnets.com\/it\/wp-json\/wp\/v2\/product_brand?post=81863"},{"taxonomy":"product_cat","embeddable":true,"href":"https:\/\/test.magnetarmagnets.com\/it\/wp-json\/wp\/v2\/product_cat?post=81863"},{"taxonomy":"product_tag","embeddable":true,"href":"https:\/\/test.magnetarmagnets.com\/it\/wp-json\/wp\/v2\/product_tag?post=81863"}],"curies":[{"name":"wp","href":"https:\/\/api.w.org\/{rel}","templated":true}]}}