{"id":81845,"date":"2025-06-05T09:53:07","date_gmt":"2025-06-05T07:53:07","guid":{"rendered":"https:\/\/magnetarmagnets.com\/?post_type=product&#038;p=81845"},"modified":"2026-03-16T18:46:16","modified_gmt":"2026-03-16T17:46:16","slug":"gilet-riscaldato-da-lavoro-magma-xl","status":"publish","type":"product","link":"https:\/\/test.magnetarmagnets.com\/it\/shop\/gilet-riscaldato-da-lavoro-magma-xl\/","title":{"rendered":"Gilet riscaldato da lavoro Magma XL"},"content":{"rendered":"<h2><img fetchpriority=\"high\" decoding=\"async\" class=\"aligncenter size-full wp-image-51853\" src=\"https:\/\/test.magnetarmagnets.com\/wp-content\/uploads\/2021\/02\/work-vest-engels.png\" alt=\"work vest, heat vest, magnetar heat, warm clothes, hoodie, vest, heating clothes\" width=\"765\" height=\"455\" srcset=\"https:\/\/test.magnetarmagnets.com\/wp-content\/uploads\/2021\/02\/work-vest-engels.png 765w, https:\/\/test.magnetarmagnets.com\/wp-content\/uploads\/2021\/02\/work-vest-engels-150x89.png 150w, https:\/\/test.magnetarmagnets.com\/wp-content\/uploads\/2021\/02\/work-vest-engels-600x357.png 600w, https:\/\/test.magnetarmagnets.com\/wp-content\/uploads\/2021\/02\/work-vest-engels-300x178.png 300w\" sizes=\"(max-width: 765px) 100vw, 765px\" \/><\/h2>\n<h2>Il miglior gilet riscaldante da lavoro<\/h2>\n<p><strong>Un gilet da lavoro riscaldabile?<\/strong> I nostri gilet da lavoro riscaldati ti mantengono al caldo anche durante le giornate pi\u00f9 fredde. Questo gilet con batteria offre tre livelli di temperatura, per scegliere sempre il livello di comfort ideale. <a href=\"https:\/\/test.magnetarmagnets.com\/it\/\" target=\"_blank\" rel=\"noopener\">Pesca con calamita<\/a> tutto il giorno? Lavori all&#8217;aperto in una giornata fredda? Una fresca serata estiva? Lavori al vento o fino a tarda notte? Questo gilet riscaldante, antivento e impermeabile ti mantiene al caldo. <strong>Il gilet Magnetar Heat veste grande, quindi scegli una taglia pi\u00f9 piccola!<\/strong><\/p>\n<h2>Informazioni sul prodotto: Gilet da lavoro riscaldato<\/h2>\n<p>La batteria inclusa ha le dimensioni di un telefono cellulare e pu\u00f2 mantenerti al caldo per <strong>fino a 9 ore<\/strong>, a seconda dell&#8217;impostazione di calore. Il gilet <strong>include batteria e caricatore.<\/strong> Il gilet da lavoro \u00e8 realizzato in cotone antivento e impermeabile, e la fodera interna \u00e8 in nylon facile da pulire, garantendoti completa libert\u00e0 di movimento durante il lavoro. Con questo gilet riscaldante non dovrai pi\u00f9 indossare diversi strati di abiti, ad esempio quando lavori in fattoria, sulla strada, in costruzione, come pittore, in una scuderia, in caccia, in giardino e cos\u00ec via. \u00c8 un gilet da lavoro che offre massimo comfort e completa libert\u00e0 di movimento.<\/p>\n<p>Le zone di riscaldamento ti assicurano calore confortevole esattamente nelle parti del busto di cui hai bisogno, petto e schiena. Le impostazioni bassa, media e alta ti permettono di adattarti all&#8217;ambiente e mantenere il calore per tutta la giornata. Successivamente, ricarica la batteria in 3-4 ore e sei pronto a ripartire.<\/p>\n<p>I nostri gilet da lavoro sono realizzati con materiali durevoli e di alta qualit\u00e0, progettati per mantenerti al caldo in tutte le condizioni atmosferiche.<\/p>\n<h2>Gilet riscaldante omologato CE<\/h2>\n<p>I gilet riscaldanti sono omologati CE. Sosteniamo pienamente il nostro prodotto e offriamo una <strong>garanzia di 1 anno<\/strong>.<\/p>\n<p><strong>Il gilet Magnetar Heat veste grande, quindi scegli una taglia pi\u00f9 piccola!<\/strong><\/p>\n","protected":false},"excerpt":{"rendered":"<p><span style=\"font-weight: 400;\">Questo \u00e8 un gilet da lavoro riscaldabile con riscaldamento e 3 impostazioni di calore. Ti mantiene al caldo quando ne hai bisogno. Estremamente resistente all&#8217;abrasione.<\/span><\/p>\n","protected":false},"featured_media":71560,"comment_status":"open","ping_status":"closed","template":"","meta":{"_acf_changed":false,"inline_featured_image":false},"product_brand":[],"product_cat":[1005],"product_tag":[],"class_list":{"0":"post-81845","1":"product","2":"type-product","3":"status-publish","4":"has-post-thumbnail","6":"product_cat-tutti-i-prodotti","8":"first","9":"instock","10":"taxable","11":"shipping-taxable","12":"purchasable","13":"product-type-simple"},"acf":[],"yoast_head":"<!-- This site is optimized with the Yoast SEO plugin v27.6 - https:\/\/yoast.com\/product\/yoast-seo-wordpress\/ -->\n<title>Gilet riscaldato da lavoro Magma XL - Magnet fishing with a Magnetar fishing magnet<\/title>\n<meta name=\"description\" content=\"Gilet da lavoro riscaldabile? Questo gilet con batteria offre tre impostazioni di calore, per assicurarti sempre la temperatura ideale.\" \/>\n<meta name=\"robots\" content=\"index, follow, max-snippet:-1, max-image-preview:large, max-video-preview:-1\" \/>\n<link rel=\"canonical\" href=\"https:\/\/test.magnetarmagnets.com\/it\/shop\/gilet-riscaldato-da-lavoro-magma-xl\/\" \/>\n<meta property=\"og:locale\" content=\"it_IT\" \/>\n<meta property=\"og:type\" content=\"article\" \/>\n<meta property=\"og:title\" content=\"Gilet riscaldato da lavoro Magma XL - Magnet fishing with a Magnetar fishing magnet\" \/>\n<meta property=\"og:description\" content=\"Gilet da lavoro riscaldabile? Questo gilet con batteria offre tre impostazioni di calore, per assicurarti sempre la temperatura ideale.\" \/>\n<meta property=\"og:url\" content=\"https:\/\/test.magnetarmagnets.com\/it\/shop\/gilet-riscaldato-da-lavoro-magma-xl\/\" \/>\n<meta property=\"og:site_name\" content=\"Magnet fishing with a Magnetar fishing magnet\" \/>\n<meta property=\"article:publisher\" content=\"https:\/\/www.facebook.com\/fishingmagnets\/\" \/>\n<meta property=\"article:modified_time\" content=\"2026-03-16T17:46:16+00:00\" \/>\n<meta property=\"og:image\" content=\"https:\/\/test.magnetarmagnets.com\/wp-content\/uploads\/2021\/02\/heated-work-jacket-scaled.jpg\" \/>\n\t<meta property=\"og:image:width\" content=\"2330\" \/>\n\t<meta property=\"og:image:height\" content=\"2560\" \/>\n\t<meta property=\"og:image:type\" content=\"image\/jpeg\" \/>\n<meta name=\"twitter:card\" content=\"summary_large_image\" \/>\n<meta name=\"twitter:label1\" content=\"Tempo di lettura stimato\" \/>\n\t<meta name=\"twitter:data1\" content=\"2 minuti\" \/>\n<script type=\"application\/ld+json\" class=\"yoast-schema-graph\">{\"@context\":\"https:\\\/\\\/schema.org\",\"@graph\":[{\"@type\":[\"WebPage\",\"ItemPage\"],\"@id\":\"https:\\\/\\\/test.magnetarmagnets.com\\\/it\\\/shop\\\/gilet-riscaldato-da-lavoro-magma-xl\\\/\",\"url\":\"https:\\\/\\\/test.magnetarmagnets.com\\\/it\\\/shop\\\/gilet-riscaldato-da-lavoro-magma-xl\\\/\",\"name\":\"Gilet riscaldato da lavoro Magma XL - Magnet fishing with a Magnetar fishing magnet\",\"isPartOf\":{\"@id\":\"https:\\\/\\\/test.magnetarmagnets.com\\\/it\\\/#website\"},\"primaryImageOfPage\":{\"@id\":\"https:\\\/\\\/test.magnetarmagnets.com\\\/it\\\/shop\\\/gilet-riscaldato-da-lavoro-magma-xl\\\/#primaryimage\"},\"image\":{\"@id\":\"https:\\\/\\\/test.magnetarmagnets.com\\\/it\\\/shop\\\/gilet-riscaldato-da-lavoro-magma-xl\\\/#primaryimage\"},\"thumbnailUrl\":\"https:\\\/\\\/test.magnetarmagnets.com\\\/wp-content\\\/uploads\\\/2021\\\/02\\\/heated-work-jacket-scaled.jpg\",\"datePublished\":\"2025-06-05T07:53:07+00:00\",\"dateModified\":\"2026-03-16T17:46:16+00:00\",\"description\":\"Gilet da lavoro riscaldabile? Questo gilet con batteria offre tre impostazioni di calore, per assicurarti sempre la temperatura ideale.\",\"breadcrumb\":{\"@id\":\"https:\\\/\\\/test.magnetarmagnets.com\\\/it\\\/shop\\\/gilet-riscaldato-da-lavoro-magma-xl\\\/#breadcrumb\"},\"inLanguage\":\"it-IT\",\"potentialAction\":[{\"@type\":\"ReadAction\",\"target\":[\"https:\\\/\\\/test.magnetarmagnets.com\\\/it\\\/shop\\\/gilet-riscaldato-da-lavoro-magma-xl\\\/\"]}]},{\"@type\":\"ImageObject\",\"inLanguage\":\"it-IT\",\"@id\":\"https:\\\/\\\/test.magnetarmagnets.com\\\/it\\\/shop\\\/gilet-riscaldato-da-lavoro-magma-xl\\\/#primaryimage\",\"url\":\"https:\\\/\\\/test.magnetarmagnets.com\\\/wp-content\\\/uploads\\\/2021\\\/02\\\/heated-work-jacket-scaled.jpg\",\"contentUrl\":\"https:\\\/\\\/test.magnetarmagnets.com\\\/wp-content\\\/uploads\\\/2021\\\/02\\\/heated-work-jacket-scaled.jpg\",\"width\":2330,\"height\":2560,\"caption\":\"heated workwear jack\"},{\"@type\":\"BreadcrumbList\",\"@id\":\"https:\\\/\\\/test.magnetarmagnets.com\\\/it\\\/shop\\\/gilet-riscaldato-da-lavoro-magma-xl\\\/#breadcrumb\",\"itemListElement\":[{\"@type\":\"ListItem\",\"position\":1,\"name\":\"Home\",\"item\":\"https:\\\/\\\/test.magnetarmagnets.com\\\/it\\\/\"},{\"@type\":\"ListItem\",\"position\":2,\"name\":\"negozio\",\"item\":\"https:\\\/\\\/test.magnetarmagnets.com\\\/it\\\/negozio\\\/\"},{\"@type\":\"ListItem\",\"position\":3,\"name\":\"Tutti i prodotti\",\"item\":\"https:\\\/\\\/test.magnetarmagnets.com\\\/it\\\/collections\\\/tutti-i-prodotti\\\/\"},{\"@type\":\"ListItem\",\"position\":4,\"name\":\"Gilet riscaldato da lavoro Magma XL\"}]},{\"@type\":\"WebSite\",\"@id\":\"https:\\\/\\\/test.magnetarmagnets.com\\\/it\\\/#website\",\"url\":\"https:\\\/\\\/test.magnetarmagnets.com\\\/it\\\/\",\"name\":\"Magnet fishing with a Magnetar fishing magnet\",\"description\":\"Powerful magnets for magnet fishing\",\"publisher\":{\"@id\":\"https:\\\/\\\/test.magnetarmagnets.com\\\/it\\\/#organization\"},\"potentialAction\":[{\"@type\":\"SearchAction\",\"target\":{\"@type\":\"EntryPoint\",\"urlTemplate\":\"https:\\\/\\\/test.magnetarmagnets.com\\\/it\\\/?s={search_term_string}\"},\"query-input\":{\"@type\":\"PropertyValueSpecification\",\"valueRequired\":true,\"valueName\":\"search_term_string\"}}],\"inLanguage\":\"it-IT\"},{\"@type\":\"Organization\",\"@id\":\"https:\\\/\\\/test.magnetarmagnets.com\\\/it\\\/#organization\",\"name\":\"Magnetar\",\"url\":\"https:\\\/\\\/test.magnetarmagnets.com\\\/it\\\/\",\"logo\":{\"@type\":\"ImageObject\",\"inLanguage\":\"it-IT\",\"@id\":\"https:\\\/\\\/test.magnetarmagnets.com\\\/it\\\/#\\\/schema\\\/logo\\\/image\\\/\",\"url\":\"https:\\\/\\\/magnetarmagnets.com\\\/wp-content\\\/uploads\\\/2021\\\/01\\\/magnetarvismagneet_logo.png\",\"contentUrl\":\"https:\\\/\\\/magnetarmagnets.com\\\/wp-content\\\/uploads\\\/2021\\\/01\\\/magnetarvismagneet_logo.png\",\"width\":209,\"height\":100,\"caption\":\"Magnetar\"},\"image\":{\"@id\":\"https:\\\/\\\/test.magnetarmagnets.com\\\/it\\\/#\\\/schema\\\/logo\\\/image\\\/\"},\"sameAs\":[\"https:\\\/\\\/www.facebook.com\\\/fishingmagnets\\\/\",\"https:\\\/\\\/www.instagram.com\\\/magnetar_magnets\\\/\",\"https:\\\/\\\/www.linkedin.com\\\/company\\\/magnetarbv\\\/?originalSubdomain=nl\",\"https:\\\/\\\/www.youtube.com\\\/c\\\/MagnetarVismagneet\"]}]}<\/script>\n<!-- \/ Yoast SEO plugin. -->","yoast_head_json":{"title":"Gilet riscaldato da lavoro Magma XL - Magnet fishing with a Magnetar fishing magnet","description":"Gilet da lavoro riscaldabile? Questo gilet con batteria offre tre impostazioni di calore, per assicurarti sempre la temperatura ideale.","robots":{"index":"index","follow":"follow","max-snippet":"max-snippet:-1","max-image-preview":"max-image-preview:large","max-video-preview":"max-video-preview:-1"},"canonical":"https:\/\/test.magnetarmagnets.com\/it\/shop\/gilet-riscaldato-da-lavoro-magma-xl\/","og_locale":"it_IT","og_type":"article","og_title":"Gilet riscaldato da lavoro Magma XL - Magnet fishing with a Magnetar fishing magnet","og_description":"Gilet da lavoro riscaldabile? Questo gilet con batteria offre tre impostazioni di calore, per assicurarti sempre la temperatura ideale.","og_url":"https:\/\/test.magnetarmagnets.com\/it\/shop\/gilet-riscaldato-da-lavoro-magma-xl\/","og_site_name":"Magnet fishing with a Magnetar fishing magnet","article_publisher":"https:\/\/www.facebook.com\/fishingmagnets\/","article_modified_time":"2026-03-16T17:46:16+00:00","og_image":[{"width":2330,"height":2560,"url":"https:\/\/test.magnetarmagnets.com\/wp-content\/uploads\/2021\/02\/heated-work-jacket-scaled.jpg","type":"image\/jpeg"}],"twitter_card":"summary_large_image","twitter_misc":{"Tempo di lettura stimato":"2 minuti"},"schema":{"@context":"https:\/\/schema.org","@graph":[{"@type":["WebPage","ItemPage"],"@id":"https:\/\/test.magnetarmagnets.com\/it\/shop\/gilet-riscaldato-da-lavoro-magma-xl\/","url":"https:\/\/test.magnetarmagnets.com\/it\/shop\/gilet-riscaldato-da-lavoro-magma-xl\/","name":"Gilet riscaldato da lavoro Magma XL - Magnet fishing with a Magnetar fishing magnet","isPartOf":{"@id":"https:\/\/test.magnetarmagnets.com\/it\/#website"},"primaryImageOfPage":{"@id":"https:\/\/test.magnetarmagnets.com\/it\/shop\/gilet-riscaldato-da-lavoro-magma-xl\/#primaryimage"},"image":{"@id":"https:\/\/test.magnetarmagnets.com\/it\/shop\/gilet-riscaldato-da-lavoro-magma-xl\/#primaryimage"},"thumbnailUrl":"https:\/\/test.magnetarmagnets.com\/wp-content\/uploads\/2021\/02\/heated-work-jacket-scaled.jpg","datePublished":"2025-06-05T07:53:07+00:00","dateModified":"2026-03-16T17:46:16+00:00","description":"Gilet da lavoro riscaldabile? Questo gilet con batteria offre tre impostazioni di calore, per assicurarti sempre la temperatura ideale.","breadcrumb":{"@id":"https:\/\/test.magnetarmagnets.com\/it\/shop\/gilet-riscaldato-da-lavoro-magma-xl\/#breadcrumb"},"inLanguage":"it-IT","potentialAction":[{"@type":"ReadAction","target":["https:\/\/test.magnetarmagnets.com\/it\/shop\/gilet-riscaldato-da-lavoro-magma-xl\/"]}]},{"@type":"ImageObject","inLanguage":"it-IT","@id":"https:\/\/test.magnetarmagnets.com\/it\/shop\/gilet-riscaldato-da-lavoro-magma-xl\/#primaryimage","url":"https:\/\/test.magnetarmagnets.com\/wp-content\/uploads\/2021\/02\/heated-work-jacket-scaled.jpg","contentUrl":"https:\/\/test.magnetarmagnets.com\/wp-content\/uploads\/2021\/02\/heated-work-jacket-scaled.jpg","width":2330,"height":2560,"caption":"heated workwear jack"},{"@type":"BreadcrumbList","@id":"https:\/\/test.magnetarmagnets.com\/it\/shop\/gilet-riscaldato-da-lavoro-magma-xl\/#breadcrumb","itemListElement":[{"@type":"ListItem","position":1,"name":"Home","item":"https:\/\/test.magnetarmagnets.com\/it\/"},{"@type":"ListItem","position":2,"name":"negozio","item":"https:\/\/test.magnetarmagnets.com\/it\/negozio\/"},{"@type":"ListItem","position":3,"name":"Tutti i prodotti","item":"https:\/\/test.magnetarmagnets.com\/it\/collections\/tutti-i-prodotti\/"},{"@type":"ListItem","position":4,"name":"Gilet riscaldato da lavoro Magma XL"}]},{"@type":"WebSite","@id":"https:\/\/test.magnetarmagnets.com\/it\/#website","url":"https:\/\/test.magnetarmagnets.com\/it\/","name":"Magnet fishing with a Magnetar fishing magnet","description":"Powerful magnets for magnet fishing","publisher":{"@id":"https:\/\/test.magnetarmagnets.com\/it\/#organization"},"potentialAction":[{"@type":"SearchAction","target":{"@type":"EntryPoint","urlTemplate":"https:\/\/test.magnetarmagnets.com\/it\/?s={search_term_string}"},"query-input":{"@type":"PropertyValueSpecification","valueRequired":true,"valueName":"search_term_string"}}],"inLanguage":"it-IT"},{"@type":"Organization","@id":"https:\/\/test.magnetarmagnets.com\/it\/#organization","name":"Magnetar","url":"https:\/\/test.magnetarmagnets.com\/it\/","logo":{"@type":"ImageObject","inLanguage":"it-IT","@id":"https:\/\/test.magnetarmagnets.com\/it\/#\/schema\/logo\/image\/","url":"https:\/\/magnetarmagnets.com\/wp-content\/uploads\/2021\/01\/magnetarvismagneet_logo.png","contentUrl":"https:\/\/magnetarmagnets.com\/wp-content\/uploads\/2021\/01\/magnetarvismagneet_logo.png","width":209,"height":100,"caption":"Magnetar"},"image":{"@id":"https:\/\/test.magnetarmagnets.com\/it\/#\/schema\/logo\/image\/"},"sameAs":["https:\/\/www.facebook.com\/fishingmagnets\/","https:\/\/www.instagram.com\/magnetar_magnets\/","https:\/\/www.linkedin.com\/company\/magnetarbv\/?originalSubdomain=nl","https:\/\/www.youtube.com\/c\/MagnetarVismagneet"]}]}},"_links":{"self":[{"href":"https:\/\/test.magnetarmagnets.com\/it\/wp-json\/wp\/v2\/product\/81845","targetHints":{"allow":["GET"]}}],"collection":[{"href":"https:\/\/test.magnetarmagnets.com\/it\/wp-json\/wp\/v2\/product"}],"about":[{"href":"https:\/\/test.magnetarmagnets.com\/it\/wp-json\/wp\/v2\/types\/product"}],"replies":[{"embeddable":true,"href":"https:\/\/test.magnetarmagnets.com\/it\/wp-json\/wp\/v2\/comments?post=81845"}],"wp:featuredmedia":[{"embeddable":true,"href":"https:\/\/test.magnetarmagnets.com\/it\/wp-json\/wp\/v2\/media\/71560"}],"wp:attachment":[{"href":"https:\/\/test.magnetarmagnets.com\/it\/wp-json\/wp\/v2\/media?parent=81845"}],"wp:term":[{"taxonomy":"product_brand","embeddable":true,"href":"https:\/\/test.magnetarmagnets.com\/it\/wp-json\/wp\/v2\/product_brand?post=81845"},{"taxonomy":"product_cat","embeddable":true,"href":"https:\/\/test.magnetarmagnets.com\/it\/wp-json\/wp\/v2\/product_cat?post=81845"},{"taxonomy":"product_tag","embeddable":true,"href":"https:\/\/test.magnetarmagnets.com\/it\/wp-json\/wp\/v2\/product_tag?post=81845"}],"curies":[{"name":"wp","href":"https:\/\/api.w.org\/{rel}","templated":true}]}}