{"id":81832,"date":"2025-06-05T09:53:46","date_gmt":"2025-06-05T07:53:46","guid":{"rendered":"https:\/\/magnetarmagnets.com\/?post_type=product&#038;p=81832"},"modified":"2026-03-18T19:04:30","modified_gmt":"2026-03-18T18:04:30","slug":"gilet-termico-da-lavoro-magma","status":"publish","type":"product","link":"https:\/\/test.magnetarmagnets.com\/it\/shop\/gilet-termico-da-lavoro-magma\/","title":{"rendered":"Gilet termico da lavoro Magma"},"content":{"rendered":"<h2><img fetchpriority=\"high\" decoding=\"async\" class=\"aligncenter size-full wp-image-51853\" src=\"https:\/\/test.magnetarmagnets.com\/wp-content\/uploads\/2021\/02\/work-vest-engels.png\" alt=\"work vest, heat vest, magnetar heat, warm clothes, hoodie, vest, heating clothes\" width=\"765\" height=\"455\" srcset=\"https:\/\/test.magnetarmagnets.com\/wp-content\/uploads\/2021\/02\/work-vest-engels.png 765w, https:\/\/test.magnetarmagnets.com\/wp-content\/uploads\/2021\/02\/work-vest-engels-150x89.png 150w, https:\/\/test.magnetarmagnets.com\/wp-content\/uploads\/2021\/02\/work-vest-engels-600x357.png 600w, https:\/\/test.magnetarmagnets.com\/wp-content\/uploads\/2021\/02\/work-vest-engels-300x178.png 300w\" sizes=\"(max-width: 765px) 100vw, 765px\" \/><\/h2>\n<h2>Il miglior gilet termico da lavoro<\/h2>\n<p><strong>Un gilet termico da lavoro?<\/strong> I nostri gilet da lavoro ti tengono al caldo anche nei giorni pi\u00f9 freddi. Questo gilet da lavoro riscaldato a batteria ha tre impostazioni di calore, per garantirti sempre la temperatura ideale. Lavori all&#8217;aperto in una giornata fredda? Una fresca serata estiva? Lavori al vento o di notte? Questo gilet termico da lavoro, antivento e impermeabile, ti mantiene caldo. <strong>Il gilet Magnetar Heat veste abbondante, quindi ordina una taglia in meno!<\/strong><\/p>\n<h2>Informazioni sul prodotto gilet termico da lavoro<\/h2>\n<p>La batteria inclusa ha le dimensioni di uno smartphone e pu\u00f2 mantenerti caldo fino a <strong>9 ore<\/strong>, a seconda dell&#8217;impostazione di calore. Il gilet da lavoro <strong>include batteria e caricabatterie.<\/strong> Il gilet \u00e8 realizzato in cotone resistente al vento e all&#8217;acqua, mentre l&#8217;imbottitura interna \u00e8 in nylon facile da pulire, offrendoti completa libert\u00e0 di movimento durante il lavoro. Con questo gilet termico non dovrai pi\u00f9 indossare diversi strati di abbigliamento, ad esempio quando lavori in fattoria, come operaio stradale, in edilizia, come imbianchino, in un maneggio, durante la caccia, in giardino e cos\u00ec via. \u00c8 un gilet da lavoro che offre grande comfort e piena libert\u00e0 di movimento.<\/p>\n<p>Le zone riscaldanti ti offrono calore dove ne hai pi\u00f9 bisogno, sul petto e sulla schiena. Le impostazioni bassa, media e alta ti permettono di adattarti alle condizioni ambientali e rimanere caldo per tutto il giorno. Poi ricarica la batteria in 3-4 ore e sei pronto a ripartire.<\/p>\n<p>I nostri gilet da lavoro sono realizzati con materiali durevoli e di alta qualit\u00e0 per mantenerti caldo in tutte le condizioni atmosferiche.<\/p>\n<h2>Gilet termico certificato CE<\/h2>\n<p>I gilet termici da lavoro sono certificati CE. Sosteniamo completamente il nostro prodotto e offriamo una <strong>garanzia di 1 anno<\/strong>.<\/p>\n<p><strong>Il gilet Magnetar Heat veste abbondante, quindi ordina una taglia in meno!<\/strong><\/p>\n","protected":false},"excerpt":{"rendered":"<p><span style=\"font-weight: 400;\">Questo \u00e8 un gilet riscaldabile da lavoro con riscaldamento e 3 livelli di calore. Ti mantiene al caldo quando ne hai bisogno. Estremamente resistente all&#8217;abrasione.<\/span><\/p>\n","protected":false},"featured_media":88303,"comment_status":"open","ping_status":"closed","template":"","meta":{"_acf_changed":false,"inline_featured_image":false},"product_brand":[],"product_cat":[489,474],"product_tag":[],"class_list":{"0":"post-81832","1":"product","2":"type-product","3":"status-publish","4":"has-post-thumbnail","6":"product_cat-abbigliamento-termico","7":"product_cat-attrezzatura","9":"first","10":"instock","11":"taxable","12":"shipping-taxable","13":"product-type-grouped"},"acf":[],"yoast_head":"<!-- This site is optimized with the Yoast SEO plugin v27.6 - https:\/\/yoast.com\/product\/yoast-seo-wordpress\/ -->\n<title>Gilet termico da lavoro Magma - Magnet fishing with a Magnetar fishing magnet<\/title>\n<meta name=\"description\" content=\"Gilet termico da lavoro Magma - Rimani al caldo con Magnetar\" \/>\n<meta name=\"robots\" content=\"index, follow, max-snippet:-1, max-image-preview:large, max-video-preview:-1\" \/>\n<link rel=\"canonical\" href=\"https:\/\/test.magnetarmagnets.com\/it\/shop\/gilet-termico-da-lavoro-magma\/\" \/>\n<meta property=\"og:locale\" content=\"it_IT\" \/>\n<meta property=\"og:type\" content=\"article\" \/>\n<meta property=\"og:title\" content=\"Gilet termico da lavoro Magma - Magnet fishing with a Magnetar fishing magnet\" \/>\n<meta property=\"og:description\" content=\"Gilet termico da lavoro Magma - Rimani al caldo con Magnetar\" \/>\n<meta property=\"og:url\" content=\"https:\/\/test.magnetarmagnets.com\/it\/shop\/gilet-termico-da-lavoro-magma\/\" \/>\n<meta property=\"og:site_name\" content=\"Magnet fishing with a Magnetar fishing magnet\" \/>\n<meta property=\"article:publisher\" content=\"https:\/\/www.facebook.com\/fishingmagnets\/\" \/>\n<meta property=\"article:modified_time\" content=\"2026-03-18T18:04:30+00:00\" \/>\n<meta property=\"og:image\" content=\"https:\/\/test.magnetarmagnets.com\/wp-content\/uploads\/2025\/06\/44.jpg\" \/>\n\t<meta property=\"og:image:width\" content=\"1000\" \/>\n\t<meta property=\"og:image:height\" content=\"1000\" \/>\n\t<meta property=\"og:image:type\" content=\"image\/jpeg\" \/>\n<meta name=\"twitter:card\" content=\"summary_large_image\" \/>\n<meta name=\"twitter:label1\" content=\"Tempo di lettura stimato\" \/>\n\t<meta name=\"twitter:data1\" content=\"2 minuti\" \/>\n<script type=\"application\/ld+json\" class=\"yoast-schema-graph\">{\"@context\":\"https:\\\/\\\/schema.org\",\"@graph\":[{\"@type\":[\"WebPage\",\"ItemPage\"],\"@id\":\"https:\\\/\\\/test.magnetarmagnets.com\\\/it\\\/shop\\\/gilet-termico-da-lavoro-magma\\\/\",\"url\":\"https:\\\/\\\/test.magnetarmagnets.com\\\/it\\\/shop\\\/gilet-termico-da-lavoro-magma\\\/\",\"name\":\"Gilet termico da lavoro Magma - Magnet fishing with a Magnetar fishing magnet\",\"isPartOf\":{\"@id\":\"https:\\\/\\\/test.magnetarmagnets.com\\\/it\\\/#website\"},\"primaryImageOfPage\":{\"@id\":\"https:\\\/\\\/test.magnetarmagnets.com\\\/it\\\/shop\\\/gilet-termico-da-lavoro-magma\\\/#primaryimage\"},\"image\":{\"@id\":\"https:\\\/\\\/test.magnetarmagnets.com\\\/it\\\/shop\\\/gilet-termico-da-lavoro-magma\\\/#primaryimage\"},\"thumbnailUrl\":\"https:\\\/\\\/test.magnetarmagnets.com\\\/wp-content\\\/uploads\\\/2025\\\/06\\\/44.jpg\",\"datePublished\":\"2025-06-05T07:53:46+00:00\",\"dateModified\":\"2026-03-18T18:04:30+00:00\",\"description\":\"Gilet termico da lavoro Magma - Rimani al caldo con Magnetar\",\"breadcrumb\":{\"@id\":\"https:\\\/\\\/test.magnetarmagnets.com\\\/it\\\/shop\\\/gilet-termico-da-lavoro-magma\\\/#breadcrumb\"},\"inLanguage\":\"it-IT\",\"potentialAction\":[{\"@type\":\"ReadAction\",\"target\":[\"https:\\\/\\\/test.magnetarmagnets.com\\\/it\\\/shop\\\/gilet-termico-da-lavoro-magma\\\/\"]}]},{\"@type\":\"ImageObject\",\"inLanguage\":\"it-IT\",\"@id\":\"https:\\\/\\\/test.magnetarmagnets.com\\\/it\\\/shop\\\/gilet-termico-da-lavoro-magma\\\/#primaryimage\",\"url\":\"https:\\\/\\\/test.magnetarmagnets.com\\\/wp-content\\\/uploads\\\/2025\\\/06\\\/44.jpg\",\"contentUrl\":\"https:\\\/\\\/test.magnetarmagnets.com\\\/wp-content\\\/uploads\\\/2025\\\/06\\\/44.jpg\",\"width\":1000,\"height\":1000},{\"@type\":\"BreadcrumbList\",\"@id\":\"https:\\\/\\\/test.magnetarmagnets.com\\\/it\\\/shop\\\/gilet-termico-da-lavoro-magma\\\/#breadcrumb\",\"itemListElement\":[{\"@type\":\"ListItem\",\"position\":1,\"name\":\"Home\",\"item\":\"https:\\\/\\\/test.magnetarmagnets.com\\\/it\\\/\"},{\"@type\":\"ListItem\",\"position\":2,\"name\":\"negozio\",\"item\":\"https:\\\/\\\/test.magnetarmagnets.com\\\/it\\\/negozio\\\/\"},{\"@type\":\"ListItem\",\"position\":3,\"name\":\"Attrezzatura\",\"item\":\"https:\\\/\\\/test.magnetarmagnets.com\\\/it\\\/collections\\\/attrezzatura\\\/\"},{\"@type\":\"ListItem\",\"position\":4,\"name\":\"Abbigliamento Termico\",\"item\":\"https:\\\/\\\/test.magnetarmagnets.com\\\/it\\\/collections\\\/attrezzatura\\\/abbigliamento-termico\\\/\"},{\"@type\":\"ListItem\",\"position\":5,\"name\":\"Gilet termico da lavoro Magma\"}]},{\"@type\":\"WebSite\",\"@id\":\"https:\\\/\\\/test.magnetarmagnets.com\\\/it\\\/#website\",\"url\":\"https:\\\/\\\/test.magnetarmagnets.com\\\/it\\\/\",\"name\":\"Magnet fishing with a Magnetar fishing magnet\",\"description\":\"Powerful magnets for magnet fishing\",\"publisher\":{\"@id\":\"https:\\\/\\\/test.magnetarmagnets.com\\\/it\\\/#organization\"},\"potentialAction\":[{\"@type\":\"SearchAction\",\"target\":{\"@type\":\"EntryPoint\",\"urlTemplate\":\"https:\\\/\\\/test.magnetarmagnets.com\\\/it\\\/?s={search_term_string}\"},\"query-input\":{\"@type\":\"PropertyValueSpecification\",\"valueRequired\":true,\"valueName\":\"search_term_string\"}}],\"inLanguage\":\"it-IT\"},{\"@type\":\"Organization\",\"@id\":\"https:\\\/\\\/test.magnetarmagnets.com\\\/it\\\/#organization\",\"name\":\"Magnetar\",\"url\":\"https:\\\/\\\/test.magnetarmagnets.com\\\/it\\\/\",\"logo\":{\"@type\":\"ImageObject\",\"inLanguage\":\"it-IT\",\"@id\":\"https:\\\/\\\/test.magnetarmagnets.com\\\/it\\\/#\\\/schema\\\/logo\\\/image\\\/\",\"url\":\"https:\\\/\\\/magnetarmagnets.com\\\/wp-content\\\/uploads\\\/2021\\\/01\\\/magnetarvismagneet_logo.png\",\"contentUrl\":\"https:\\\/\\\/magnetarmagnets.com\\\/wp-content\\\/uploads\\\/2021\\\/01\\\/magnetarvismagneet_logo.png\",\"width\":209,\"height\":100,\"caption\":\"Magnetar\"},\"image\":{\"@id\":\"https:\\\/\\\/test.magnetarmagnets.com\\\/it\\\/#\\\/schema\\\/logo\\\/image\\\/\"},\"sameAs\":[\"https:\\\/\\\/www.facebook.com\\\/fishingmagnets\\\/\",\"https:\\\/\\\/www.instagram.com\\\/magnetar_magnets\\\/\",\"https:\\\/\\\/www.linkedin.com\\\/company\\\/magnetarbv\\\/?originalSubdomain=nl\",\"https:\\\/\\\/www.youtube.com\\\/c\\\/MagnetarVismagneet\"]}]}<\/script>\n<!-- \/ Yoast SEO plugin. -->","yoast_head_json":{"title":"Gilet termico da lavoro Magma - Magnet fishing with a Magnetar fishing magnet","description":"Gilet termico da lavoro Magma - Rimani al caldo con Magnetar","robots":{"index":"index","follow":"follow","max-snippet":"max-snippet:-1","max-image-preview":"max-image-preview:large","max-video-preview":"max-video-preview:-1"},"canonical":"https:\/\/test.magnetarmagnets.com\/it\/shop\/gilet-termico-da-lavoro-magma\/","og_locale":"it_IT","og_type":"article","og_title":"Gilet termico da lavoro Magma - Magnet fishing with a Magnetar fishing magnet","og_description":"Gilet termico da lavoro Magma - Rimani al caldo con Magnetar","og_url":"https:\/\/test.magnetarmagnets.com\/it\/shop\/gilet-termico-da-lavoro-magma\/","og_site_name":"Magnet fishing with a Magnetar fishing magnet","article_publisher":"https:\/\/www.facebook.com\/fishingmagnets\/","article_modified_time":"2026-03-18T18:04:30+00:00","og_image":[{"width":1000,"height":1000,"url":"https:\/\/test.magnetarmagnets.com\/wp-content\/uploads\/2025\/06\/44.jpg","type":"image\/jpeg"}],"twitter_card":"summary_large_image","twitter_misc":{"Tempo di lettura stimato":"2 minuti"},"schema":{"@context":"https:\/\/schema.org","@graph":[{"@type":["WebPage","ItemPage"],"@id":"https:\/\/test.magnetarmagnets.com\/it\/shop\/gilet-termico-da-lavoro-magma\/","url":"https:\/\/test.magnetarmagnets.com\/it\/shop\/gilet-termico-da-lavoro-magma\/","name":"Gilet termico da lavoro Magma - Magnet fishing with a Magnetar fishing magnet","isPartOf":{"@id":"https:\/\/test.magnetarmagnets.com\/it\/#website"},"primaryImageOfPage":{"@id":"https:\/\/test.magnetarmagnets.com\/it\/shop\/gilet-termico-da-lavoro-magma\/#primaryimage"},"image":{"@id":"https:\/\/test.magnetarmagnets.com\/it\/shop\/gilet-termico-da-lavoro-magma\/#primaryimage"},"thumbnailUrl":"https:\/\/test.magnetarmagnets.com\/wp-content\/uploads\/2025\/06\/44.jpg","datePublished":"2025-06-05T07:53:46+00:00","dateModified":"2026-03-18T18:04:30+00:00","description":"Gilet termico da lavoro Magma - Rimani al caldo con Magnetar","breadcrumb":{"@id":"https:\/\/test.magnetarmagnets.com\/it\/shop\/gilet-termico-da-lavoro-magma\/#breadcrumb"},"inLanguage":"it-IT","potentialAction":[{"@type":"ReadAction","target":["https:\/\/test.magnetarmagnets.com\/it\/shop\/gilet-termico-da-lavoro-magma\/"]}]},{"@type":"ImageObject","inLanguage":"it-IT","@id":"https:\/\/test.magnetarmagnets.com\/it\/shop\/gilet-termico-da-lavoro-magma\/#primaryimage","url":"https:\/\/test.magnetarmagnets.com\/wp-content\/uploads\/2025\/06\/44.jpg","contentUrl":"https:\/\/test.magnetarmagnets.com\/wp-content\/uploads\/2025\/06\/44.jpg","width":1000,"height":1000},{"@type":"BreadcrumbList","@id":"https:\/\/test.magnetarmagnets.com\/it\/shop\/gilet-termico-da-lavoro-magma\/#breadcrumb","itemListElement":[{"@type":"ListItem","position":1,"name":"Home","item":"https:\/\/test.magnetarmagnets.com\/it\/"},{"@type":"ListItem","position":2,"name":"negozio","item":"https:\/\/test.magnetarmagnets.com\/it\/negozio\/"},{"@type":"ListItem","position":3,"name":"Attrezzatura","item":"https:\/\/test.magnetarmagnets.com\/it\/collections\/attrezzatura\/"},{"@type":"ListItem","position":4,"name":"Abbigliamento Termico","item":"https:\/\/test.magnetarmagnets.com\/it\/collections\/attrezzatura\/abbigliamento-termico\/"},{"@type":"ListItem","position":5,"name":"Gilet termico da lavoro Magma"}]},{"@type":"WebSite","@id":"https:\/\/test.magnetarmagnets.com\/it\/#website","url":"https:\/\/test.magnetarmagnets.com\/it\/","name":"Magnet fishing with a Magnetar fishing magnet","description":"Powerful magnets for magnet fishing","publisher":{"@id":"https:\/\/test.magnetarmagnets.com\/it\/#organization"},"potentialAction":[{"@type":"SearchAction","target":{"@type":"EntryPoint","urlTemplate":"https:\/\/test.magnetarmagnets.com\/it\/?s={search_term_string}"},"query-input":{"@type":"PropertyValueSpecification","valueRequired":true,"valueName":"search_term_string"}}],"inLanguage":"it-IT"},{"@type":"Organization","@id":"https:\/\/test.magnetarmagnets.com\/it\/#organization","name":"Magnetar","url":"https:\/\/test.magnetarmagnets.com\/it\/","logo":{"@type":"ImageObject","inLanguage":"it-IT","@id":"https:\/\/test.magnetarmagnets.com\/it\/#\/schema\/logo\/image\/","url":"https:\/\/magnetarmagnets.com\/wp-content\/uploads\/2021\/01\/magnetarvismagneet_logo.png","contentUrl":"https:\/\/magnetarmagnets.com\/wp-content\/uploads\/2021\/01\/magnetarvismagneet_logo.png","width":209,"height":100,"caption":"Magnetar"},"image":{"@id":"https:\/\/test.magnetarmagnets.com\/it\/#\/schema\/logo\/image\/"},"sameAs":["https:\/\/www.facebook.com\/fishingmagnets\/","https:\/\/www.instagram.com\/magnetar_magnets\/","https:\/\/www.linkedin.com\/company\/magnetarbv\/?originalSubdomain=nl","https:\/\/www.youtube.com\/c\/MagnetarVismagneet"]}]}},"_links":{"self":[{"href":"https:\/\/test.magnetarmagnets.com\/it\/wp-json\/wp\/v2\/product\/81832","targetHints":{"allow":["GET"]}}],"collection":[{"href":"https:\/\/test.magnetarmagnets.com\/it\/wp-json\/wp\/v2\/product"}],"about":[{"href":"https:\/\/test.magnetarmagnets.com\/it\/wp-json\/wp\/v2\/types\/product"}],"replies":[{"embeddable":true,"href":"https:\/\/test.magnetarmagnets.com\/it\/wp-json\/wp\/v2\/comments?post=81832"}],"wp:featuredmedia":[{"embeddable":true,"href":"https:\/\/test.magnetarmagnets.com\/it\/wp-json\/wp\/v2\/media\/88303"}],"wp:attachment":[{"href":"https:\/\/test.magnetarmagnets.com\/it\/wp-json\/wp\/v2\/media?parent=81832"}],"wp:term":[{"taxonomy":"product_brand","embeddable":true,"href":"https:\/\/test.magnetarmagnets.com\/it\/wp-json\/wp\/v2\/product_brand?post=81832"},{"taxonomy":"product_cat","embeddable":true,"href":"https:\/\/test.magnetarmagnets.com\/it\/wp-json\/wp\/v2\/product_cat?post=81832"},{"taxonomy":"product_tag","embeddable":true,"href":"https:\/\/test.magnetarmagnets.com\/it\/wp-json\/wp\/v2\/product_tag?post=81832"}],"curies":[{"name":"wp","href":"https:\/\/api.w.org\/{rel}","templated":true}]}}