{"id":81821,"date":"2025-06-05T09:53:48","date_gmt":"2025-06-05T07:53:48","guid":{"rendered":"https:\/\/magnetarmagnets.com\/?post_type=product&#038;p=81821"},"modified":"2026-01-13T14:11:46","modified_gmt":"2026-01-13T13:11:46","slug":"set-di-adesivi-per-pesca-con-magnete","status":"publish","type":"product","link":"https:\/\/test.magnetarmagnets.com\/it\/shop\/set-di-adesivi-per-pesca-con-magnete\/","title":{"rendered":"Set di adesivi per pesca con magnete"},"content":{"rendered":"<h2>Kit di adesivi Magnetar<\/h2>\n<p>Questo kit di adesivi Magnetar ispirato alla pesca con magnete contiene due fogli di adesivi su cui sono raffigurati un pescatore con magnete e il logo Magnetar.<\/p>\n<p>Questi adesivi sono dotati di uno strato protettivo, che li rende adatti sia all&#8217;uso interno che esterno. I due fogli sono impermeabili e possono essere utilizzati su molteplici superfici lisce e pulite.<\/p>\n<p><strong>Specifiche:<\/strong><\/p>\n<p>&#8211; 1 adesivo logo Magnetar 25 cm x 16,5 cm (extra large!)<\/p>\n<p>&#8211; 1 adesivo pescatore con magnete Magnetar 25 cm x 12,5 cm<\/p>\n<p>&#8211; Facili da applicare<\/p>\n<p>&#8211; Adesivi transfer<\/p>\n<p>&#8211; Impermeabili<\/p>\n<p>&#8211; Colore: Bianco<\/p>\n<h2>Pimp your ride!<\/h2>\n<p>Rendi unica la tua auto, personalizzala con originalit\u00e0 e personalit\u00e0, cos\u00ec tutti sapranno chi sei grazie ai tuoi adesivi Magnetar!<\/p>\n<p>Questi adesivi sono perfetti per essere usati come decalcomanie per auto. Ad esempio, puoi applicare gli adesivi Magnetar anche sulla tua moto, scooter o rimorchio. I nostri adesivi per auto resistono a tutte le condizioni atmosferiche e sono di alta qualit\u00e0.<\/p>\n<h2>Attira l&#8217;attenzione con il tuo adesivo per finestra, contenitore &#8230;<\/h2>\n<p>Oltre all&#8217;auto, ci sono molti altri posti in cui questi adesivi Magnetar si adattano perfettamente. Pensa, ad esempio, alla finestra di casa tua, al capanno o alla porta. Un altro luogo in cui i nostri adesivi sono spesso utilizzati \u00e8 sui contenitori e sui bidoni della spazzatura. Riconosci rapidamente il tuo bidone con un bel adesivo che rappresenta il tuo hobby: <a href=\"https:\/\/test.magnetarmagnets.com\/\" target=\"_blank\" rel=\"noopener\">pesca con magnete<\/a>! Questi adesivi resistenti alle intemperie sono facili da applicare su tutte le superfici piane. Anche in ambienti interni, su porte o armadietti, per esempio.<\/p>\n<h2>Suggerimenti per il supporto e l&#8217;applicazione<\/h2>\n<ol>\n<li>Scegli sempre una superficie liscia\/planare;<\/li>\n<li>Pulisci la superficie in modo che non ci sia pi\u00f9 polvere o grasso;<\/li>\n<li>Asciuga la superficie;<\/li>\n<li>Applica l&#8217;adesivo sulla superficie pulita;<\/li>\n<li>Poi liscia l&#8217;adesivo (con un cartoncino resistente o con una carta come quella del bancomat);<\/li>\n<li>Ripeti pi\u00f9 volte e verifica che non si siano formate bolle d&#8217;aria. Se s\u00ec, eliminale;<\/li>\n<li>Stacca il retro dell&#8217;adesivo diagonalmente dall&#8217;alto a sinistra verso il basso a destra;<\/li>\n<li>Poi goditi il risultato finale!<\/li>\n<\/ol>\n","protected":false},"excerpt":{"rendered":"<p>Questo set contiene <strong>due fogli di adesivi separati<\/strong>. Il logo del pesce Magnetar\u00ae e il pescatore con magnete mostrano a tutti che sei un vero appassionato di pesca con magnete! Un<strong> ottimo complemento<\/strong> per il tuo veicolo, la tua borsa frigo, la tua casa o il tuo ufficio, questo adesivo Magnetar \u00e8 stampato su vinile con inchiostri resistenti ai raggi UV per <strong>una resa duratura<\/strong>. Inoltre, il <strong>nastro adesivo permanente<\/strong> garantisce che questo decal resti sempre al suo posto.<\/p>\n","protected":false},"featured_media":71783,"comment_status":"open","ping_status":"closed","template":"","meta":{"_acf_changed":false,"inline_featured_image":false},"product_brand":[],"product_cat":[486,474,1005],"product_tag":[],"class_list":{"0":"post-81821","1":"product","2":"type-product","3":"status-publish","4":"has-post-thumbnail","6":"product_cat-articoli-promozionali","7":"product_cat-attrezzatura","8":"product_cat-tutti-i-prodotti","10":"first","11":"instock","12":"sale","13":"taxable","14":"shipping-taxable","15":"purchasable","16":"product-type-simple"},"acf":[],"yoast_head":"<!-- This site is optimized with the Yoast SEO plugin v27.6 - https:\/\/yoast.com\/product\/yoast-seo-wordpress\/ -->\n<title>Set di adesivi per pesca con magnete - Magnet fishing with a Magnetar fishing magnet<\/title>\n<meta name=\"description\" content=\"Set di adesivi pesca con magnete - personalizza con Magnetar\" \/>\n<meta name=\"robots\" content=\"index, follow, max-snippet:-1, max-image-preview:large, max-video-preview:-1\" \/>\n<link rel=\"canonical\" href=\"https:\/\/test.magnetarmagnets.com\/it\/shop\/set-di-adesivi-per-pesca-con-magnete\/\" \/>\n<meta property=\"og:locale\" content=\"it_IT\" \/>\n<meta property=\"og:type\" content=\"article\" \/>\n<meta property=\"og:title\" content=\"Set di adesivi per pesca con magnete - Magnet fishing with a Magnetar fishing magnet\" \/>\n<meta property=\"og:description\" content=\"Set di adesivi pesca con magnete - personalizza con Magnetar\" \/>\n<meta property=\"og:url\" content=\"https:\/\/test.magnetarmagnets.com\/it\/shop\/set-di-adesivi-per-pesca-con-magnete\/\" \/>\n<meta property=\"og:site_name\" content=\"Magnet fishing with a Magnetar fishing magnet\" \/>\n<meta property=\"article:publisher\" content=\"https:\/\/www.facebook.com\/fishingmagnets\/\" \/>\n<meta property=\"article:modified_time\" content=\"2026-01-13T13:11:46+00:00\" \/>\n<meta property=\"og:image\" content=\"https:\/\/test.magnetarmagnets.com\/wp-content\/uploads\/2021\/04\/magnetar-car-sticker.jpg\" \/>\n\t<meta property=\"og:image:width\" content=\"1000\" \/>\n\t<meta property=\"og:image:height\" content=\"1000\" \/>\n\t<meta property=\"og:image:type\" content=\"image\/jpeg\" \/>\n<meta name=\"twitter:card\" content=\"summary_large_image\" \/>\n<meta name=\"twitter:label1\" content=\"Tempo di lettura stimato\" \/>\n\t<meta name=\"twitter:data1\" content=\"2 minuti\" \/>\n<script type=\"application\/ld+json\" class=\"yoast-schema-graph\">{\"@context\":\"https:\\\/\\\/schema.org\",\"@graph\":[{\"@type\":[\"WebPage\",\"ItemPage\"],\"@id\":\"https:\\\/\\\/test.magnetarmagnets.com\\\/it\\\/shop\\\/set-di-adesivi-per-pesca-con-magnete\\\/\",\"url\":\"https:\\\/\\\/test.magnetarmagnets.com\\\/it\\\/shop\\\/set-di-adesivi-per-pesca-con-magnete\\\/\",\"name\":\"Set di adesivi per pesca con magnete - Magnet fishing with a Magnetar fishing magnet\",\"isPartOf\":{\"@id\":\"https:\\\/\\\/test.magnetarmagnets.com\\\/it\\\/#website\"},\"primaryImageOfPage\":{\"@id\":\"https:\\\/\\\/test.magnetarmagnets.com\\\/it\\\/shop\\\/set-di-adesivi-per-pesca-con-magnete\\\/#primaryimage\"},\"image\":{\"@id\":\"https:\\\/\\\/test.magnetarmagnets.com\\\/it\\\/shop\\\/set-di-adesivi-per-pesca-con-magnete\\\/#primaryimage\"},\"thumbnailUrl\":\"https:\\\/\\\/test.magnetarmagnets.com\\\/wp-content\\\/uploads\\\/2021\\\/04\\\/magnetar-car-sticker.jpg\",\"datePublished\":\"2025-06-05T07:53:48+00:00\",\"dateModified\":\"2026-01-13T13:11:46+00:00\",\"description\":\"Set di adesivi pesca con magnete - personalizza con Magnetar\",\"breadcrumb\":{\"@id\":\"https:\\\/\\\/test.magnetarmagnets.com\\\/it\\\/shop\\\/set-di-adesivi-per-pesca-con-magnete\\\/#breadcrumb\"},\"inLanguage\":\"it-IT\",\"potentialAction\":[{\"@type\":\"ReadAction\",\"target\":[\"https:\\\/\\\/test.magnetarmagnets.com\\\/it\\\/shop\\\/set-di-adesivi-per-pesca-con-magnete\\\/\"]}]},{\"@type\":\"ImageObject\",\"inLanguage\":\"it-IT\",\"@id\":\"https:\\\/\\\/test.magnetarmagnets.com\\\/it\\\/shop\\\/set-di-adesivi-per-pesca-con-magnete\\\/#primaryimage\",\"url\":\"https:\\\/\\\/test.magnetarmagnets.com\\\/wp-content\\\/uploads\\\/2021\\\/04\\\/magnetar-car-sticker.jpg\",\"contentUrl\":\"https:\\\/\\\/test.magnetarmagnets.com\\\/wp-content\\\/uploads\\\/2021\\\/04\\\/magnetar-car-sticker.jpg\",\"width\":1000,\"height\":1000,\"caption\":\"magnetar car sticker\"},{\"@type\":\"BreadcrumbList\",\"@id\":\"https:\\\/\\\/test.magnetarmagnets.com\\\/it\\\/shop\\\/set-di-adesivi-per-pesca-con-magnete\\\/#breadcrumb\",\"itemListElement\":[{\"@type\":\"ListItem\",\"position\":1,\"name\":\"Home\",\"item\":\"https:\\\/\\\/test.magnetarmagnets.com\\\/it\\\/\"},{\"@type\":\"ListItem\",\"position\":2,\"name\":\"negozio\",\"item\":\"https:\\\/\\\/test.magnetarmagnets.com\\\/it\\\/negozio\\\/\"},{\"@type\":\"ListItem\",\"position\":3,\"name\":\"Tutti i prodotti\",\"item\":\"https:\\\/\\\/test.magnetarmagnets.com\\\/it\\\/collections\\\/tutti-i-prodotti\\\/\"},{\"@type\":\"ListItem\",\"position\":4,\"name\":\"Set di adesivi per pesca con magnete\"}]},{\"@type\":\"WebSite\",\"@id\":\"https:\\\/\\\/test.magnetarmagnets.com\\\/it\\\/#website\",\"url\":\"https:\\\/\\\/test.magnetarmagnets.com\\\/it\\\/\",\"name\":\"Magnet fishing with a Magnetar fishing magnet\",\"description\":\"Powerful magnets for magnet fishing\",\"publisher\":{\"@id\":\"https:\\\/\\\/test.magnetarmagnets.com\\\/it\\\/#organization\"},\"potentialAction\":[{\"@type\":\"SearchAction\",\"target\":{\"@type\":\"EntryPoint\",\"urlTemplate\":\"https:\\\/\\\/test.magnetarmagnets.com\\\/it\\\/?s={search_term_string}\"},\"query-input\":{\"@type\":\"PropertyValueSpecification\",\"valueRequired\":true,\"valueName\":\"search_term_string\"}}],\"inLanguage\":\"it-IT\"},{\"@type\":\"Organization\",\"@id\":\"https:\\\/\\\/test.magnetarmagnets.com\\\/it\\\/#organization\",\"name\":\"Magnetar\",\"url\":\"https:\\\/\\\/test.magnetarmagnets.com\\\/it\\\/\",\"logo\":{\"@type\":\"ImageObject\",\"inLanguage\":\"it-IT\",\"@id\":\"https:\\\/\\\/test.magnetarmagnets.com\\\/it\\\/#\\\/schema\\\/logo\\\/image\\\/\",\"url\":\"https:\\\/\\\/magnetarmagnets.com\\\/wp-content\\\/uploads\\\/2021\\\/01\\\/magnetarvismagneet_logo.png\",\"contentUrl\":\"https:\\\/\\\/magnetarmagnets.com\\\/wp-content\\\/uploads\\\/2021\\\/01\\\/magnetarvismagneet_logo.png\",\"width\":209,\"height\":100,\"caption\":\"Magnetar\"},\"image\":{\"@id\":\"https:\\\/\\\/test.magnetarmagnets.com\\\/it\\\/#\\\/schema\\\/logo\\\/image\\\/\"},\"sameAs\":[\"https:\\\/\\\/www.facebook.com\\\/fishingmagnets\\\/\",\"https:\\\/\\\/www.instagram.com\\\/magnetar_magnets\\\/\",\"https:\\\/\\\/www.linkedin.com\\\/company\\\/magnetarbv\\\/?originalSubdomain=nl\",\"https:\\\/\\\/www.youtube.com\\\/c\\\/MagnetarVismagneet\"]}]}<\/script>\n<!-- \/ Yoast SEO plugin. -->","yoast_head_json":{"title":"Set di adesivi per pesca con magnete - Magnet fishing with a Magnetar fishing magnet","description":"Set di adesivi pesca con magnete - personalizza con Magnetar","robots":{"index":"index","follow":"follow","max-snippet":"max-snippet:-1","max-image-preview":"max-image-preview:large","max-video-preview":"max-video-preview:-1"},"canonical":"https:\/\/test.magnetarmagnets.com\/it\/shop\/set-di-adesivi-per-pesca-con-magnete\/","og_locale":"it_IT","og_type":"article","og_title":"Set di adesivi per pesca con magnete - Magnet fishing with a Magnetar fishing magnet","og_description":"Set di adesivi pesca con magnete - personalizza con Magnetar","og_url":"https:\/\/test.magnetarmagnets.com\/it\/shop\/set-di-adesivi-per-pesca-con-magnete\/","og_site_name":"Magnet fishing with a Magnetar fishing magnet","article_publisher":"https:\/\/www.facebook.com\/fishingmagnets\/","article_modified_time":"2026-01-13T13:11:46+00:00","og_image":[{"width":1000,"height":1000,"url":"https:\/\/test.magnetarmagnets.com\/wp-content\/uploads\/2021\/04\/magnetar-car-sticker.jpg","type":"image\/jpeg"}],"twitter_card":"summary_large_image","twitter_misc":{"Tempo di lettura stimato":"2 minuti"},"schema":{"@context":"https:\/\/schema.org","@graph":[{"@type":["WebPage","ItemPage"],"@id":"https:\/\/test.magnetarmagnets.com\/it\/shop\/set-di-adesivi-per-pesca-con-magnete\/","url":"https:\/\/test.magnetarmagnets.com\/it\/shop\/set-di-adesivi-per-pesca-con-magnete\/","name":"Set di adesivi per pesca con magnete - Magnet fishing with a Magnetar fishing magnet","isPartOf":{"@id":"https:\/\/test.magnetarmagnets.com\/it\/#website"},"primaryImageOfPage":{"@id":"https:\/\/test.magnetarmagnets.com\/it\/shop\/set-di-adesivi-per-pesca-con-magnete\/#primaryimage"},"image":{"@id":"https:\/\/test.magnetarmagnets.com\/it\/shop\/set-di-adesivi-per-pesca-con-magnete\/#primaryimage"},"thumbnailUrl":"https:\/\/test.magnetarmagnets.com\/wp-content\/uploads\/2021\/04\/magnetar-car-sticker.jpg","datePublished":"2025-06-05T07:53:48+00:00","dateModified":"2026-01-13T13:11:46+00:00","description":"Set di adesivi pesca con magnete - personalizza con Magnetar","breadcrumb":{"@id":"https:\/\/test.magnetarmagnets.com\/it\/shop\/set-di-adesivi-per-pesca-con-magnete\/#breadcrumb"},"inLanguage":"it-IT","potentialAction":[{"@type":"ReadAction","target":["https:\/\/test.magnetarmagnets.com\/it\/shop\/set-di-adesivi-per-pesca-con-magnete\/"]}]},{"@type":"ImageObject","inLanguage":"it-IT","@id":"https:\/\/test.magnetarmagnets.com\/it\/shop\/set-di-adesivi-per-pesca-con-magnete\/#primaryimage","url":"https:\/\/test.magnetarmagnets.com\/wp-content\/uploads\/2021\/04\/magnetar-car-sticker.jpg","contentUrl":"https:\/\/test.magnetarmagnets.com\/wp-content\/uploads\/2021\/04\/magnetar-car-sticker.jpg","width":1000,"height":1000,"caption":"magnetar car sticker"},{"@type":"BreadcrumbList","@id":"https:\/\/test.magnetarmagnets.com\/it\/shop\/set-di-adesivi-per-pesca-con-magnete\/#breadcrumb","itemListElement":[{"@type":"ListItem","position":1,"name":"Home","item":"https:\/\/test.magnetarmagnets.com\/it\/"},{"@type":"ListItem","position":2,"name":"negozio","item":"https:\/\/test.magnetarmagnets.com\/it\/negozio\/"},{"@type":"ListItem","position":3,"name":"Tutti i prodotti","item":"https:\/\/test.magnetarmagnets.com\/it\/collections\/tutti-i-prodotti\/"},{"@type":"ListItem","position":4,"name":"Set di adesivi per pesca con magnete"}]},{"@type":"WebSite","@id":"https:\/\/test.magnetarmagnets.com\/it\/#website","url":"https:\/\/test.magnetarmagnets.com\/it\/","name":"Magnet fishing with a Magnetar fishing magnet","description":"Powerful magnets for magnet fishing","publisher":{"@id":"https:\/\/test.magnetarmagnets.com\/it\/#organization"},"potentialAction":[{"@type":"SearchAction","target":{"@type":"EntryPoint","urlTemplate":"https:\/\/test.magnetarmagnets.com\/it\/?s={search_term_string}"},"query-input":{"@type":"PropertyValueSpecification","valueRequired":true,"valueName":"search_term_string"}}],"inLanguage":"it-IT"},{"@type":"Organization","@id":"https:\/\/test.magnetarmagnets.com\/it\/#organization","name":"Magnetar","url":"https:\/\/test.magnetarmagnets.com\/it\/","logo":{"@type":"ImageObject","inLanguage":"it-IT","@id":"https:\/\/test.magnetarmagnets.com\/it\/#\/schema\/logo\/image\/","url":"https:\/\/magnetarmagnets.com\/wp-content\/uploads\/2021\/01\/magnetarvismagneet_logo.png","contentUrl":"https:\/\/magnetarmagnets.com\/wp-content\/uploads\/2021\/01\/magnetarvismagneet_logo.png","width":209,"height":100,"caption":"Magnetar"},"image":{"@id":"https:\/\/test.magnetarmagnets.com\/it\/#\/schema\/logo\/image\/"},"sameAs":["https:\/\/www.facebook.com\/fishingmagnets\/","https:\/\/www.instagram.com\/magnetar_magnets\/","https:\/\/www.linkedin.com\/company\/magnetarbv\/?originalSubdomain=nl","https:\/\/www.youtube.com\/c\/MagnetarVismagneet"]}]}},"_links":{"self":[{"href":"https:\/\/test.magnetarmagnets.com\/it\/wp-json\/wp\/v2\/product\/81821","targetHints":{"allow":["GET"]}}],"collection":[{"href":"https:\/\/test.magnetarmagnets.com\/it\/wp-json\/wp\/v2\/product"}],"about":[{"href":"https:\/\/test.magnetarmagnets.com\/it\/wp-json\/wp\/v2\/types\/product"}],"replies":[{"embeddable":true,"href":"https:\/\/test.magnetarmagnets.com\/it\/wp-json\/wp\/v2\/comments?post=81821"}],"wp:featuredmedia":[{"embeddable":true,"href":"https:\/\/test.magnetarmagnets.com\/it\/wp-json\/wp\/v2\/media\/71783"}],"wp:attachment":[{"href":"https:\/\/test.magnetarmagnets.com\/it\/wp-json\/wp\/v2\/media?parent=81821"}],"wp:term":[{"taxonomy":"product_brand","embeddable":true,"href":"https:\/\/test.magnetarmagnets.com\/it\/wp-json\/wp\/v2\/product_brand?post=81821"},{"taxonomy":"product_cat","embeddable":true,"href":"https:\/\/test.magnetarmagnets.com\/it\/wp-json\/wp\/v2\/product_cat?post=81821"},{"taxonomy":"product_tag","embeddable":true,"href":"https:\/\/test.magnetarmagnets.com\/it\/wp-json\/wp\/v2\/product_tag?post=81821"}],"curies":[{"name":"wp","href":"https:\/\/api.w.org\/{rel}","templated":true}]}}