{"id":68567,"date":"2014-03-21T18:18:31","date_gmt":"2014-03-21T17:18:31","guid":{"rendered":"https:\/\/magnetarmagnets.com\/faq-2\/"},"modified":"2026-01-13T14:35:05","modified_gmt":"2026-01-13T13:35:05","slug":"faq-2","status":"publish","type":"page","link":"https:\/\/test.magnetarmagnets.com\/it\/faq-2\/","title":{"rendered":"FAQ"},"content":{"rendered":"\n<h2 class=\"wp-block-heading\">Pesca con magnete<\/h2>\n\n\n\n\n\n<hr class=\"wp-block-separator has-css-opacity is-style-wide\"\/>\n\n\n\n<h2 class=\"wp-block-heading\">Magneti da pesca &amp; Accessori<\/h2>\n\n\n\n\n\n<hr class=\"wp-block-separator has-css-opacity is-style-wide\"\/>\n\n\n\n<h2 class=\"wp-block-heading\">I nostri prodotti<\/h2>\n\n\n\n\n\n<h2 class=\"wp-block-heading\">Il nostro servizio<\/h2>\n\n\n\n\n\n<p><\/p>\n","protected":false},"excerpt":{"rendered":"<p>Pesca con magnete Magneti da pesca &amp; Accessori I nostri prodotti Il nostro servizio<\/p>\n","protected":false},"author":1,"featured_media":68577,"parent":0,"menu_order":0,"comment_status":"closed","ping_status":"closed","template":"","meta":{"_acf_changed":false,"inline_featured_image":false,"footnotes":""},"class_list":["post-68567","page","type-page","status-publish","has-post-thumbnail","hentry"],"acf":[],"yoast_head":"<!-- This site is optimized with the Yoast SEO plugin v27.6 - https:\/\/yoast.com\/product\/yoast-seo-wordpress\/ -->\n<title>Consulta anche la nostra sezione Help &amp; FAQ per saperne di pi\u00f9 sui nostri prodotti e sul servizio clienti.<\/title>\n<meta name=\"description\" content=\"Vuoi saperne di pi\u00f9 sui nostri prodotti e sul servizio clienti? In questa pagina FAQ troverai le domande pi\u00f9 frequenti con le relative risposte.\" \/>\n<meta name=\"robots\" content=\"noindex, nofollow\" \/>\n<meta property=\"og:locale\" content=\"it_IT\" \/>\n<meta property=\"og:type\" content=\"article\" \/>\n<meta property=\"og:title\" content=\"Consulta anche la nostra sezione Help &amp; FAQ per saperne di pi\u00f9 sui nostri prodotti e sul servizio clienti.\" \/>\n<meta property=\"og:description\" content=\"Vuoi saperne di pi\u00f9 sui nostri prodotti e sul servizio clienti? In questa pagina FAQ troverai le domande pi\u00f9 frequenti con le relative risposte.\" \/>\n<meta property=\"og:url\" content=\"https:\/\/test.magnetarmagnets.com\/it\/faq-2\/\" \/>\n<meta property=\"og:site_name\" content=\"Magnet fishing with a Magnetar fishing magnet\" \/>\n<meta property=\"article:publisher\" content=\"https:\/\/www.facebook.com\/fishingmagnets\/\" \/>\n<meta property=\"article:modified_time\" content=\"2026-01-13T13:35:05+00:00\" \/>\n<meta property=\"og:image\" content=\"https:\/\/test.magnetarmagnets.com\/wp-content\/uploads\/2024\/03\/JNF-Magnetar-B.V.-Bedrijfsfotografie-20-09-2023-Foto-2614-scaled.jpg\" \/>\n\t<meta property=\"og:image:width\" content=\"2560\" \/>\n\t<meta property=\"og:image:height\" content=\"1440\" \/>\n\t<meta property=\"og:image:type\" content=\"image\/jpeg\" \/>\n<meta name=\"twitter:card\" content=\"summary_large_image\" \/>\n<meta name=\"twitter:label1\" content=\"Tempo di lettura stimato\" \/>\n\t<meta name=\"twitter:data1\" content=\"1 minuto\" \/>\n<script type=\"application\/ld+json\" class=\"yoast-schema-graph\">{\"@context\":\"https:\\\/\\\/schema.org\",\"@graph\":[{\"@type\":\"WebPage\",\"@id\":\"https:\\\/\\\/test.magnetarmagnets.com\\\/it\\\/faq-2\\\/\",\"url\":\"https:\\\/\\\/test.magnetarmagnets.com\\\/it\\\/faq-2\\\/\",\"name\":\"Consulta anche la nostra sezione Help & FAQ per saperne di pi\u00f9 sui nostri prodotti e sul servizio clienti.\",\"isPartOf\":{\"@id\":\"https:\\\/\\\/test.magnetarmagnets.com\\\/it\\\/#website\"},\"primaryImageOfPage\":{\"@id\":\"https:\\\/\\\/test.magnetarmagnets.com\\\/it\\\/faq-2\\\/#primaryimage\"},\"image\":{\"@id\":\"https:\\\/\\\/test.magnetarmagnets.com\\\/it\\\/faq-2\\\/#primaryimage\"},\"thumbnailUrl\":\"https:\\\/\\\/test.magnetarmagnets.com\\\/wp-content\\\/uploads\\\/2024\\\/03\\\/JNF-Magnetar-B.V.-Bedrijfsfotografie-20-09-2023-Foto-2614-scaled.jpg\",\"datePublished\":\"2014-03-21T17:18:31+00:00\",\"dateModified\":\"2026-01-13T13:35:05+00:00\",\"description\":\"Vuoi saperne di pi\u00f9 sui nostri prodotti e sul servizio clienti? In questa pagina FAQ troverai le domande pi\u00f9 frequenti con le relative risposte.\",\"breadcrumb\":{\"@id\":\"https:\\\/\\\/test.magnetarmagnets.com\\\/it\\\/faq-2\\\/#breadcrumb\"},\"inLanguage\":\"it-IT\",\"potentialAction\":[{\"@type\":\"ReadAction\",\"target\":[\"https:\\\/\\\/test.magnetarmagnets.com\\\/it\\\/faq-2\\\/\"]}]},{\"@type\":\"ImageObject\",\"inLanguage\":\"it-IT\",\"@id\":\"https:\\\/\\\/test.magnetarmagnets.com\\\/it\\\/faq-2\\\/#primaryimage\",\"url\":\"https:\\\/\\\/test.magnetarmagnets.com\\\/wp-content\\\/uploads\\\/2024\\\/03\\\/JNF-Magnetar-B.V.-Bedrijfsfotografie-20-09-2023-Foto-2614-scaled.jpg\",\"contentUrl\":\"https:\\\/\\\/test.magnetarmagnets.com\\\/wp-content\\\/uploads\\\/2024\\\/03\\\/JNF-Magnetar-B.V.-Bedrijfsfotografie-20-09-2023-Foto-2614-scaled.jpg\",\"width\":2560,\"height\":1440,\"caption\":\"FAQ pagina\"},{\"@type\":\"BreadcrumbList\",\"@id\":\"https:\\\/\\\/test.magnetarmagnets.com\\\/it\\\/faq-2\\\/#breadcrumb\",\"itemListElement\":[{\"@type\":\"ListItem\",\"position\":1,\"name\":\"Home\",\"item\":\"https:\\\/\\\/test.magnetarmagnets.com\\\/it\\\/\"},{\"@type\":\"ListItem\",\"position\":2,\"name\":\"FAQ\"}]},{\"@type\":\"WebSite\",\"@id\":\"https:\\\/\\\/test.magnetarmagnets.com\\\/it\\\/#website\",\"url\":\"https:\\\/\\\/test.magnetarmagnets.com\\\/it\\\/\",\"name\":\"Magnet fishing with a Magnetar fishing magnet\",\"description\":\"Powerful magnets for magnet fishing\",\"publisher\":{\"@id\":\"https:\\\/\\\/test.magnetarmagnets.com\\\/it\\\/#organization\"},\"potentialAction\":[{\"@type\":\"SearchAction\",\"target\":{\"@type\":\"EntryPoint\",\"urlTemplate\":\"https:\\\/\\\/test.magnetarmagnets.com\\\/it\\\/?s={search_term_string}\"},\"query-input\":{\"@type\":\"PropertyValueSpecification\",\"valueRequired\":true,\"valueName\":\"search_term_string\"}}],\"inLanguage\":\"it-IT\"},{\"@type\":\"Organization\",\"@id\":\"https:\\\/\\\/test.magnetarmagnets.com\\\/it\\\/#organization\",\"name\":\"Magnetar\",\"url\":\"https:\\\/\\\/test.magnetarmagnets.com\\\/it\\\/\",\"logo\":{\"@type\":\"ImageObject\",\"inLanguage\":\"it-IT\",\"@id\":\"https:\\\/\\\/test.magnetarmagnets.com\\\/it\\\/#\\\/schema\\\/logo\\\/image\\\/\",\"url\":\"https:\\\/\\\/magnetarmagnets.com\\\/wp-content\\\/uploads\\\/2021\\\/01\\\/magnetarvismagneet_logo.png\",\"contentUrl\":\"https:\\\/\\\/magnetarmagnets.com\\\/wp-content\\\/uploads\\\/2021\\\/01\\\/magnetarvismagneet_logo.png\",\"width\":209,\"height\":100,\"caption\":\"Magnetar\"},\"image\":{\"@id\":\"https:\\\/\\\/test.magnetarmagnets.com\\\/it\\\/#\\\/schema\\\/logo\\\/image\\\/\"},\"sameAs\":[\"https:\\\/\\\/www.facebook.com\\\/fishingmagnets\\\/\",\"https:\\\/\\\/www.instagram.com\\\/magnetar_magnets\\\/\",\"https:\\\/\\\/www.linkedin.com\\\/company\\\/magnetarbv\\\/?originalSubdomain=nl\",\"https:\\\/\\\/www.youtube.com\\\/c\\\/MagnetarVismagneet\"]}]}<\/script>\n<!-- \/ Yoast SEO plugin. -->","yoast_head_json":{"title":"Consulta anche la nostra sezione Help & FAQ per saperne di pi\u00f9 sui nostri prodotti e sul servizio clienti.","description":"Vuoi saperne di pi\u00f9 sui nostri prodotti e sul servizio clienti? In questa pagina FAQ troverai le domande pi\u00f9 frequenti con le relative risposte.","robots":{"index":"noindex","follow":"nofollow"},"og_locale":"it_IT","og_type":"article","og_title":"Consulta anche la nostra sezione Help & FAQ per saperne di pi\u00f9 sui nostri prodotti e sul servizio clienti.","og_description":"Vuoi saperne di pi\u00f9 sui nostri prodotti e sul servizio clienti? In questa pagina FAQ troverai le domande pi\u00f9 frequenti con le relative risposte.","og_url":"https:\/\/test.magnetarmagnets.com\/it\/faq-2\/","og_site_name":"Magnet fishing with a Magnetar fishing magnet","article_publisher":"https:\/\/www.facebook.com\/fishingmagnets\/","article_modified_time":"2026-01-13T13:35:05+00:00","og_image":[{"width":2560,"height":1440,"url":"https:\/\/test.magnetarmagnets.com\/wp-content\/uploads\/2024\/03\/JNF-Magnetar-B.V.-Bedrijfsfotografie-20-09-2023-Foto-2614-scaled.jpg","type":"image\/jpeg"}],"twitter_card":"summary_large_image","twitter_misc":{"Tempo di lettura stimato":"1 minuto"},"schema":{"@context":"https:\/\/schema.org","@graph":[{"@type":"WebPage","@id":"https:\/\/test.magnetarmagnets.com\/it\/faq-2\/","url":"https:\/\/test.magnetarmagnets.com\/it\/faq-2\/","name":"Consulta anche la nostra sezione Help & FAQ per saperne di pi\u00f9 sui nostri prodotti e sul servizio clienti.","isPartOf":{"@id":"https:\/\/test.magnetarmagnets.com\/it\/#website"},"primaryImageOfPage":{"@id":"https:\/\/test.magnetarmagnets.com\/it\/faq-2\/#primaryimage"},"image":{"@id":"https:\/\/test.magnetarmagnets.com\/it\/faq-2\/#primaryimage"},"thumbnailUrl":"https:\/\/test.magnetarmagnets.com\/wp-content\/uploads\/2024\/03\/JNF-Magnetar-B.V.-Bedrijfsfotografie-20-09-2023-Foto-2614-scaled.jpg","datePublished":"2014-03-21T17:18:31+00:00","dateModified":"2026-01-13T13:35:05+00:00","description":"Vuoi saperne di pi\u00f9 sui nostri prodotti e sul servizio clienti? In questa pagina FAQ troverai le domande pi\u00f9 frequenti con le relative risposte.","breadcrumb":{"@id":"https:\/\/test.magnetarmagnets.com\/it\/faq-2\/#breadcrumb"},"inLanguage":"it-IT","potentialAction":[{"@type":"ReadAction","target":["https:\/\/test.magnetarmagnets.com\/it\/faq-2\/"]}]},{"@type":"ImageObject","inLanguage":"it-IT","@id":"https:\/\/test.magnetarmagnets.com\/it\/faq-2\/#primaryimage","url":"https:\/\/test.magnetarmagnets.com\/wp-content\/uploads\/2024\/03\/JNF-Magnetar-B.V.-Bedrijfsfotografie-20-09-2023-Foto-2614-scaled.jpg","contentUrl":"https:\/\/test.magnetarmagnets.com\/wp-content\/uploads\/2024\/03\/JNF-Magnetar-B.V.-Bedrijfsfotografie-20-09-2023-Foto-2614-scaled.jpg","width":2560,"height":1440,"caption":"FAQ pagina"},{"@type":"BreadcrumbList","@id":"https:\/\/test.magnetarmagnets.com\/it\/faq-2\/#breadcrumb","itemListElement":[{"@type":"ListItem","position":1,"name":"Home","item":"https:\/\/test.magnetarmagnets.com\/it\/"},{"@type":"ListItem","position":2,"name":"FAQ"}]},{"@type":"WebSite","@id":"https:\/\/test.magnetarmagnets.com\/it\/#website","url":"https:\/\/test.magnetarmagnets.com\/it\/","name":"Magnet fishing with a Magnetar fishing magnet","description":"Powerful magnets for magnet fishing","publisher":{"@id":"https:\/\/test.magnetarmagnets.com\/it\/#organization"},"potentialAction":[{"@type":"SearchAction","target":{"@type":"EntryPoint","urlTemplate":"https:\/\/test.magnetarmagnets.com\/it\/?s={search_term_string}"},"query-input":{"@type":"PropertyValueSpecification","valueRequired":true,"valueName":"search_term_string"}}],"inLanguage":"it-IT"},{"@type":"Organization","@id":"https:\/\/test.magnetarmagnets.com\/it\/#organization","name":"Magnetar","url":"https:\/\/test.magnetarmagnets.com\/it\/","logo":{"@type":"ImageObject","inLanguage":"it-IT","@id":"https:\/\/test.magnetarmagnets.com\/it\/#\/schema\/logo\/image\/","url":"https:\/\/magnetarmagnets.com\/wp-content\/uploads\/2021\/01\/magnetarvismagneet_logo.png","contentUrl":"https:\/\/magnetarmagnets.com\/wp-content\/uploads\/2021\/01\/magnetarvismagneet_logo.png","width":209,"height":100,"caption":"Magnetar"},"image":{"@id":"https:\/\/test.magnetarmagnets.com\/it\/#\/schema\/logo\/image\/"},"sameAs":["https:\/\/www.facebook.com\/fishingmagnets\/","https:\/\/www.instagram.com\/magnetar_magnets\/","https:\/\/www.linkedin.com\/company\/magnetarbv\/?originalSubdomain=nl","https:\/\/www.youtube.com\/c\/MagnetarVismagneet"]}]}},"_links":{"self":[{"href":"https:\/\/test.magnetarmagnets.com\/it\/wp-json\/wp\/v2\/pages\/68567","targetHints":{"allow":["GET"]}}],"collection":[{"href":"https:\/\/test.magnetarmagnets.com\/it\/wp-json\/wp\/v2\/pages"}],"about":[{"href":"https:\/\/test.magnetarmagnets.com\/it\/wp-json\/wp\/v2\/types\/page"}],"author":[{"embeddable":true,"href":"https:\/\/test.magnetarmagnets.com\/it\/wp-json\/wp\/v2\/users\/1"}],"replies":[{"embeddable":true,"href":"https:\/\/test.magnetarmagnets.com\/it\/wp-json\/wp\/v2\/comments?post=68567"}],"version-history":[{"count":0,"href":"https:\/\/test.magnetarmagnets.com\/it\/wp-json\/wp\/v2\/pages\/68567\/revisions"}],"wp:featuredmedia":[{"embeddable":true,"href":"https:\/\/test.magnetarmagnets.com\/it\/wp-json\/wp\/v2\/media\/68577"}],"wp:attachment":[{"href":"https:\/\/test.magnetarmagnets.com\/it\/wp-json\/wp\/v2\/media?parent=68567"}],"curies":[{"name":"wp","href":"https:\/\/api.w.org\/{rel}","templated":true}]}}