{"id":82667,"date":"2025-06-05T09:53:04","date_gmt":"2025-06-05T07:53:04","guid":{"rendered":"https:\/\/magnetarmagnets.com\/?post_type=product&#038;p=82667"},"modified":"2026-03-18T16:13:01","modified_gmt":"2026-03-18T15:13:01","slug":"double-impact-magnes-horgasz-szett","status":"publish","type":"product","link":"https:\/\/test.magnetarmagnets.com\/hu\/shop\/double-impact-magnes-horgasz-szett\/","title":{"rendered":"Double Impact m\u00e1gnes horg\u00e1sz szett"},"content":{"rendered":"<p>Haszn\u00e1lni nem egy, hanem k\u00e9t m\u00e1gnest m\u00e1gnes horg\u00e1szat k\u00f6zben? Els\u0151re szokatlannak t\u0171nhet, de a Double Impact kipr\u00f3b\u00e1l\u00e1sa ut\u00e1n m\u00e1sk\u00e9pp gondolkodsz majd! Ez a csomag lehet\u0151v\u00e9 teszi, hogy k\u00e9t Magnetar horg\u00e1sz m\u00e1gnessel keresd a gy\u00f6ny\u00f6r\u0171 v\u00edz alatti kincseket.<\/p>\n<h2>N\u00f6veld a fog\u00e1si potenci\u00e1lodat a Double Impact csomagokkal<\/h2>\n<p>Ha m\u00e1r haszn\u00e1lsz Magnetar horg\u00e1sz m\u00e1gnest, tudod, hogy k\u00f6nnyed\u00e9n kiemelheted a legt\u00f6bb t\u00e1rgyat a v\u00edzb\u0151l. Mindazon\u00e1ltal mindig keres\u00fcnk m\u00f3dot a m\u00e1gnes horg\u00e1szat fog\u00e1si potenci\u00e1lj\u00e1nak n\u00f6vel\u00e9s\u00e9re, \u00e9s ebben seg\u00edtenek a Double Impact csomagok.<\/p>\n<p>A Double Impact egy \u00faj eszk\u00f6z a m\u00e1gnes horg\u00e1szat sz\u00e1m\u00e1ra. Egy gy\u0171r\u0171b\u0151l \u00e1ll, amely k\u00e9t f\u00e9mrudat k\u00f6t \u00f6ssze. A csomagban tal\u00e1lhat\u00f3 k\u00e9t Magnetar horg\u00e1sz m\u00e1gnest ezekre a rudakra r\u00f6gz\u00edtheted.<\/p>\n<p>A Double Impact haszn\u00e1lat\u00e1val k\u00e9tszeres fog\u00e1si potenci\u00e1lt kapsz. A horg\u00e1sz m\u00e1gnese m\u00e1gneses mez\u0151i tasz\u00edtj\u00e1k egym\u00e1st, ami jelent\u0151sen megn\u00f6veli az \u00f6sszm\u00e1gneses teret, ez\u00e1ltal emeli a fog\u00e1si es\u00e9lyeket. A nagyobb m\u00e1gneses t\u00e9r mellett k\u00e9t m\u00e1gnes dolgozik egy\u00fctt, \u00edgy m\u00e9g nagyobb t\u00e1rgyakat is kiemelhetsz a v\u00edzb\u0151l.<\/p>\n<h2>Hogyan haszn\u00e1ljam a Double Impact-et?<\/h2>\n<p>A m\u00e1gnes horg\u00e1szatot t\u00f6bbf\u00e9lek\u00e9ppen is v\u00e9gezheted, \u00e9s a Double Impact-et is t\u00f6bb m\u00f3don haszn\u00e1lhatod. Ez az eszk\u00f6z azonban a legjobb eredm\u00e9nyt h\u00faz\u00f3s m\u00f3dszerrel ny\u00fajtja, \u00edgy k\u00f6nnyed\u00e9n lefedhetsz nagyobb ter\u00fcletet a v\u00edzben.<\/p>\n<h2>Double Impact csomag 1 \u00e9s csomag 2<\/h2>\n<p>K\u00e9t Double Impact csomag \u00e9rhet\u0151 el. Az els\u0151 csomag a k\u00f6vetkez\u0151ket tartalmazza: k\u00e9t <a href=\"https:\/\/test.magnetarmagnets.com\/shop\/easy-magnet\">Easy<\/a> horg\u00e1sz m\u00e1gnest, k\u00e9t Easy v\u00e9d\u0151bor\u00edt\u00e1st, egy tubus ragaszt\u00f3t, egy p\u00e1r keszty\u0171t \u00e9s egy 6 mm-es k\u00f6telet.<\/p>\n<p>A m\u00e1sodik, er\u0151sebb csomag a k\u00f6vetkez\u0151kb\u0151l \u00e1ll: k\u00e9t <a href=\"https:\/\/test.magnetarmagnets.com\/shop\/hardcore-magnet-2\">Hardcore<\/a> horg\u00e1sz m\u00e1gnest, k\u00e9t Hardcore v\u00e9d\u0151bor\u00edt\u00e1st, egy tubus ragaszt\u00f3t, egy p\u00e1r keszty\u0171t \u00e9s egy 8 mm-es k\u00f6telet.<\/p>\n<h2>Biztons\u00e1gi figyelmeztet\u00e9s<\/h2>\n<p>A Magnetar sz\u00e1m\u00e1ra az els\u0151 a biztons\u00e1g. Ez\u00e9rt szeretn\u00e9nk felh\u00edvni a figyelmedet a Double Impact haszn\u00e1lata el\u0151tt. Nagy teljes\u00edtm\u00e9ny\u0171 m\u00e1gnesek k\u00f6zel\u00edt\u00e9se vesz\u00e9lyes helyzeteket teremthet. Legy\u00e9l tiszt\u00e1ban az \u00f6sszeszerel\u00e9s sor\u00e1n felmer\u00fcl\u0151 kock\u00e1zatokkal. A Magnetar nem v\u00e1llal felel\u0151ss\u00e9get a gondatlan haszn\u00e1latb\u00f3l ered\u0151 s\u00e9r\u00fcl\u00e9sek\u00e9rt.<\/p>\n<p>Elvileg haszn\u00e1lhat\u00f3 a Double Impact a <a href=\"https:\/\/test.magnetarmagnets.com\/shop\/exclusive-terror-magnet\">Terror<\/a>, <a href=\"https:\/\/test.magnetarmagnets.com\/shop\/beast-magnet\">Beast<\/a> \u00e9s <a href=\"https:\/\/test.magnetarmagnets.com\/shop\/barbarian-magnet\">Barbarian<\/a> m\u00e1gnesekkel is, de ebben az esetben a Magnetar nem v\u00e1llal felel\u0151ss\u00e9get semmilyen baleset\u00e9rt.<\/p>\n","protected":false},"excerpt":{"rendered":"<p><strong>Dupl\u00e1zd meg az es\u00e9lyeidet<\/strong> a m\u00e1gnes horg\u00e1szat sor\u00e1n a Magnetar <strong>Double Impact csomagjaival<\/strong>! Ezzel a kieg\u00e9sz\u00edt\u0151vel <strong>k\u00e9t horg\u00e1sz m\u00e1gnest kombin\u00e1lhatsz<\/strong>.<\/p>\n","protected":false},"featured_media":73943,"comment_status":"open","ping_status":"closed","template":"","meta":{"_acf_changed":false,"inline_featured_image":false},"product_brand":[],"product_cat":[534,528,533,530,1004,543],"product_tag":[],"class_list":{"0":"post-82667","1":"product","2":"type-product","3":"status-publish","4":"has-post-thumbnail","6":"product_cat-horgasz-magnes-keszlet","7":"product_cat-horgasz-magnesek","8":"product_cat-horgasz-magnesek-360","9":"product_cat-legerosebb-horgasz-magnesek","10":"product_cat-osszes-termek","11":"product_cat-profik","13":"first","14":"instock","15":"sale","16":"taxable","17":"shipping-taxable","18":"purchasable","19":"product-type-variable"},"acf":[],"yoast_head":"<!-- This site is optimized with the Yoast SEO plugin v27.6 - https:\/\/yoast.com\/product\/yoast-seo-wordpress\/ -->\n<title>Double Impact m\u00e1gnes horg\u00e1sz szett - Magnet fishing with a Magnetar fishing magnet<\/title>\n<meta name=\"description\" content=\"Double Impact csomag - Magnetar horg\u00e1sz alapfelszerel\u00e9s\" \/>\n<meta name=\"robots\" content=\"index, follow, max-snippet:-1, max-image-preview:large, max-video-preview:-1\" \/>\n<link rel=\"canonical\" href=\"https:\/\/test.magnetarmagnets.com\/hu\/shop\/double-impact-magnes-horgasz-szett\/\" \/>\n<meta property=\"og:locale\" content=\"hu_HU\" \/>\n<meta property=\"og:type\" content=\"article\" \/>\n<meta property=\"og:title\" content=\"Double Impact m\u00e1gnes horg\u00e1sz szett - Magnet fishing with a Magnetar fishing magnet\" \/>\n<meta property=\"og:description\" content=\"Double Impact csomag - Magnetar horg\u00e1sz alapfelszerel\u00e9s\" \/>\n<meta property=\"og:url\" content=\"https:\/\/test.magnetarmagnets.com\/hu\/shop\/double-impact-magnes-horgasz-szett\/\" \/>\n<meta property=\"og:site_name\" content=\"Magnet fishing with a Magnetar fishing magnet\" \/>\n<meta property=\"article:publisher\" content=\"https:\/\/www.facebook.com\/fishingmagnets\/\" \/>\n<meta property=\"article:modified_time\" content=\"2026-03-18T15:13:01+00:00\" \/>\n<meta property=\"og:image\" content=\"https:\/\/test.magnetarmagnets.com\/wp-content\/uploads\/2023\/10\/DOUBLE-TROUBLE-HARDCORE.png\" \/>\n\t<meta property=\"og:image:width\" content=\"1500\" \/>\n\t<meta property=\"og:image:height\" content=\"1500\" \/>\n\t<meta property=\"og:image:type\" content=\"image\/png\" \/>\n<meta name=\"twitter:card\" content=\"summary_large_image\" \/>\n<meta name=\"twitter:label1\" content=\"Becs\u00fclt olvas\u00e1si id\u0151\" \/>\n\t<meta name=\"twitter:data1\" content=\"2 perc\" \/>\n<script type=\"application\/ld+json\" class=\"yoast-schema-graph\">{\"@context\":\"https:\\\/\\\/schema.org\",\"@graph\":[{\"@type\":[\"WebPage\",\"ItemPage\"],\"@id\":\"https:\\\/\\\/test.magnetarmagnets.com\\\/hu\\\/shop\\\/double-impact-magnes-horgasz-szett\\\/\",\"url\":\"https:\\\/\\\/test.magnetarmagnets.com\\\/hu\\\/shop\\\/double-impact-magnes-horgasz-szett\\\/\",\"name\":\"Double Impact m\u00e1gnes horg\u00e1sz szett - Magnet fishing with a Magnetar fishing magnet\",\"isPartOf\":{\"@id\":\"https:\\\/\\\/test.magnetarmagnets.com\\\/hu\\\/#website\"},\"primaryImageOfPage\":{\"@id\":\"https:\\\/\\\/test.magnetarmagnets.com\\\/hu\\\/shop\\\/double-impact-magnes-horgasz-szett\\\/#primaryimage\"},\"image\":{\"@id\":\"https:\\\/\\\/test.magnetarmagnets.com\\\/hu\\\/shop\\\/double-impact-magnes-horgasz-szett\\\/#primaryimage\"},\"thumbnailUrl\":\"https:\\\/\\\/test.magnetarmagnets.com\\\/wp-content\\\/uploads\\\/2023\\\/10\\\/DOUBLE-TROUBLE-HARDCORE.png\",\"datePublished\":\"2025-06-05T07:53:04+00:00\",\"dateModified\":\"2026-03-18T15:13:01+00:00\",\"description\":\"Double Impact csomag - Magnetar horg\u00e1sz alapfelszerel\u00e9s\",\"breadcrumb\":{\"@id\":\"https:\\\/\\\/test.magnetarmagnets.com\\\/hu\\\/shop\\\/double-impact-magnes-horgasz-szett\\\/#breadcrumb\"},\"inLanguage\":\"hu\",\"potentialAction\":[{\"@type\":\"ReadAction\",\"target\":[\"https:\\\/\\\/test.magnetarmagnets.com\\\/hu\\\/shop\\\/double-impact-magnes-horgasz-szett\\\/\"]}]},{\"@type\":\"ImageObject\",\"inLanguage\":\"hu\",\"@id\":\"https:\\\/\\\/test.magnetarmagnets.com\\\/hu\\\/shop\\\/double-impact-magnes-horgasz-szett\\\/#primaryimage\",\"url\":\"https:\\\/\\\/test.magnetarmagnets.com\\\/wp-content\\\/uploads\\\/2023\\\/10\\\/DOUBLE-TROUBLE-HARDCORE.png\",\"contentUrl\":\"https:\\\/\\\/test.magnetarmagnets.com\\\/wp-content\\\/uploads\\\/2023\\\/10\\\/DOUBLE-TROUBLE-HARDCORE.png\",\"width\":1500,\"height\":1500,\"caption\":\"Double package 360 magnet\"},{\"@type\":\"BreadcrumbList\",\"@id\":\"https:\\\/\\\/test.magnetarmagnets.com\\\/hu\\\/shop\\\/double-impact-magnes-horgasz-szett\\\/#breadcrumb\",\"itemListElement\":[{\"@type\":\"ListItem\",\"position\":1,\"name\":\"Home\",\"item\":\"https:\\\/\\\/test.magnetarmagnets.com\\\/hu\\\/\"},{\"@type\":\"ListItem\",\"position\":2,\"name\":\"Webshop\",\"item\":\"https:\\\/\\\/test.magnetarmagnets.com\\\/hu\\\/webshop\\\/\"},{\"@type\":\"ListItem\",\"position\":3,\"name\":\"Horg\u00e1sz m\u00e1gnesek\",\"item\":\"https:\\\/\\\/test.magnetarmagnets.com\\\/hu\\\/collections\\\/horgasz-magnesek\\\/\"},{\"@type\":\"ListItem\",\"position\":4,\"name\":\"Horg\u00e1sz m\u00e1gnes k\u00e9szlet\",\"item\":\"https:\\\/\\\/test.magnetarmagnets.com\\\/hu\\\/collections\\\/horgasz-magnesek\\\/horgasz-magnes-keszlet\\\/\"},{\"@type\":\"ListItem\",\"position\":5,\"name\":\"Double Impact m\u00e1gnes horg\u00e1sz szett\"}]},{\"@type\":\"WebSite\",\"@id\":\"https:\\\/\\\/test.magnetarmagnets.com\\\/hu\\\/#website\",\"url\":\"https:\\\/\\\/test.magnetarmagnets.com\\\/hu\\\/\",\"name\":\"Magnet fishing with a Magnetar fishing magnet\",\"description\":\"Powerful magnets for magnet fishing\",\"publisher\":{\"@id\":\"https:\\\/\\\/test.magnetarmagnets.com\\\/hu\\\/#organization\"},\"potentialAction\":[{\"@type\":\"SearchAction\",\"target\":{\"@type\":\"EntryPoint\",\"urlTemplate\":\"https:\\\/\\\/test.magnetarmagnets.com\\\/hu\\\/?s={search_term_string}\"},\"query-input\":{\"@type\":\"PropertyValueSpecification\",\"valueRequired\":true,\"valueName\":\"search_term_string\"}}],\"inLanguage\":\"hu\"},{\"@type\":\"Organization\",\"@id\":\"https:\\\/\\\/test.magnetarmagnets.com\\\/hu\\\/#organization\",\"name\":\"Magnetar\",\"url\":\"https:\\\/\\\/test.magnetarmagnets.com\\\/hu\\\/\",\"logo\":{\"@type\":\"ImageObject\",\"inLanguage\":\"hu\",\"@id\":\"https:\\\/\\\/test.magnetarmagnets.com\\\/hu\\\/#\\\/schema\\\/logo\\\/image\\\/\",\"url\":\"https:\\\/\\\/magnetarmagnets.com\\\/wp-content\\\/uploads\\\/2021\\\/01\\\/magnetarvismagneet_logo.png\",\"contentUrl\":\"https:\\\/\\\/magnetarmagnets.com\\\/wp-content\\\/uploads\\\/2021\\\/01\\\/magnetarvismagneet_logo.png\",\"width\":209,\"height\":100,\"caption\":\"Magnetar\"},\"image\":{\"@id\":\"https:\\\/\\\/test.magnetarmagnets.com\\\/hu\\\/#\\\/schema\\\/logo\\\/image\\\/\"},\"sameAs\":[\"https:\\\/\\\/www.facebook.com\\\/fishingmagnets\\\/\",\"https:\\\/\\\/www.instagram.com\\\/magnetar_magnets\\\/\",\"https:\\\/\\\/www.linkedin.com\\\/company\\\/magnetarbv\\\/?originalSubdomain=nl\",\"https:\\\/\\\/www.youtube.com\\\/c\\\/MagnetarVismagneet\"]}]}<\/script>\n<!-- \/ Yoast SEO plugin. -->","yoast_head_json":{"title":"Double Impact m\u00e1gnes horg\u00e1sz szett - Magnet fishing with a Magnetar fishing magnet","description":"Double Impact csomag - Magnetar horg\u00e1sz alapfelszerel\u00e9s","robots":{"index":"index","follow":"follow","max-snippet":"max-snippet:-1","max-image-preview":"max-image-preview:large","max-video-preview":"max-video-preview:-1"},"canonical":"https:\/\/test.magnetarmagnets.com\/hu\/shop\/double-impact-magnes-horgasz-szett\/","og_locale":"hu_HU","og_type":"article","og_title":"Double Impact m\u00e1gnes horg\u00e1sz szett - Magnet fishing with a Magnetar fishing magnet","og_description":"Double Impact csomag - Magnetar horg\u00e1sz alapfelszerel\u00e9s","og_url":"https:\/\/test.magnetarmagnets.com\/hu\/shop\/double-impact-magnes-horgasz-szett\/","og_site_name":"Magnet fishing with a Magnetar fishing magnet","article_publisher":"https:\/\/www.facebook.com\/fishingmagnets\/","article_modified_time":"2026-03-18T15:13:01+00:00","og_image":[{"width":1500,"height":1500,"url":"https:\/\/test.magnetarmagnets.com\/wp-content\/uploads\/2023\/10\/DOUBLE-TROUBLE-HARDCORE.png","type":"image\/png"}],"twitter_card":"summary_large_image","twitter_misc":{"Becs\u00fclt olvas\u00e1si id\u0151":"2 perc"},"schema":{"@context":"https:\/\/schema.org","@graph":[{"@type":["WebPage","ItemPage"],"@id":"https:\/\/test.magnetarmagnets.com\/hu\/shop\/double-impact-magnes-horgasz-szett\/","url":"https:\/\/test.magnetarmagnets.com\/hu\/shop\/double-impact-magnes-horgasz-szett\/","name":"Double Impact m\u00e1gnes horg\u00e1sz szett - Magnet fishing with a Magnetar fishing magnet","isPartOf":{"@id":"https:\/\/test.magnetarmagnets.com\/hu\/#website"},"primaryImageOfPage":{"@id":"https:\/\/test.magnetarmagnets.com\/hu\/shop\/double-impact-magnes-horgasz-szett\/#primaryimage"},"image":{"@id":"https:\/\/test.magnetarmagnets.com\/hu\/shop\/double-impact-magnes-horgasz-szett\/#primaryimage"},"thumbnailUrl":"https:\/\/test.magnetarmagnets.com\/wp-content\/uploads\/2023\/10\/DOUBLE-TROUBLE-HARDCORE.png","datePublished":"2025-06-05T07:53:04+00:00","dateModified":"2026-03-18T15:13:01+00:00","description":"Double Impact csomag - Magnetar horg\u00e1sz alapfelszerel\u00e9s","breadcrumb":{"@id":"https:\/\/test.magnetarmagnets.com\/hu\/shop\/double-impact-magnes-horgasz-szett\/#breadcrumb"},"inLanguage":"hu","potentialAction":[{"@type":"ReadAction","target":["https:\/\/test.magnetarmagnets.com\/hu\/shop\/double-impact-magnes-horgasz-szett\/"]}]},{"@type":"ImageObject","inLanguage":"hu","@id":"https:\/\/test.magnetarmagnets.com\/hu\/shop\/double-impact-magnes-horgasz-szett\/#primaryimage","url":"https:\/\/test.magnetarmagnets.com\/wp-content\/uploads\/2023\/10\/DOUBLE-TROUBLE-HARDCORE.png","contentUrl":"https:\/\/test.magnetarmagnets.com\/wp-content\/uploads\/2023\/10\/DOUBLE-TROUBLE-HARDCORE.png","width":1500,"height":1500,"caption":"Double package 360 magnet"},{"@type":"BreadcrumbList","@id":"https:\/\/test.magnetarmagnets.com\/hu\/shop\/double-impact-magnes-horgasz-szett\/#breadcrumb","itemListElement":[{"@type":"ListItem","position":1,"name":"Home","item":"https:\/\/test.magnetarmagnets.com\/hu\/"},{"@type":"ListItem","position":2,"name":"Webshop","item":"https:\/\/test.magnetarmagnets.com\/hu\/webshop\/"},{"@type":"ListItem","position":3,"name":"Horg\u00e1sz m\u00e1gnesek","item":"https:\/\/test.magnetarmagnets.com\/hu\/collections\/horgasz-magnesek\/"},{"@type":"ListItem","position":4,"name":"Horg\u00e1sz m\u00e1gnes k\u00e9szlet","item":"https:\/\/test.magnetarmagnets.com\/hu\/collections\/horgasz-magnesek\/horgasz-magnes-keszlet\/"},{"@type":"ListItem","position":5,"name":"Double Impact m\u00e1gnes horg\u00e1sz szett"}]},{"@type":"WebSite","@id":"https:\/\/test.magnetarmagnets.com\/hu\/#website","url":"https:\/\/test.magnetarmagnets.com\/hu\/","name":"Magnet fishing with a Magnetar fishing magnet","description":"Powerful magnets for magnet fishing","publisher":{"@id":"https:\/\/test.magnetarmagnets.com\/hu\/#organization"},"potentialAction":[{"@type":"SearchAction","target":{"@type":"EntryPoint","urlTemplate":"https:\/\/test.magnetarmagnets.com\/hu\/?s={search_term_string}"},"query-input":{"@type":"PropertyValueSpecification","valueRequired":true,"valueName":"search_term_string"}}],"inLanguage":"hu"},{"@type":"Organization","@id":"https:\/\/test.magnetarmagnets.com\/hu\/#organization","name":"Magnetar","url":"https:\/\/test.magnetarmagnets.com\/hu\/","logo":{"@type":"ImageObject","inLanguage":"hu","@id":"https:\/\/test.magnetarmagnets.com\/hu\/#\/schema\/logo\/image\/","url":"https:\/\/magnetarmagnets.com\/wp-content\/uploads\/2021\/01\/magnetarvismagneet_logo.png","contentUrl":"https:\/\/magnetarmagnets.com\/wp-content\/uploads\/2021\/01\/magnetarvismagneet_logo.png","width":209,"height":100,"caption":"Magnetar"},"image":{"@id":"https:\/\/test.magnetarmagnets.com\/hu\/#\/schema\/logo\/image\/"},"sameAs":["https:\/\/www.facebook.com\/fishingmagnets\/","https:\/\/www.instagram.com\/magnetar_magnets\/","https:\/\/www.linkedin.com\/company\/magnetarbv\/?originalSubdomain=nl","https:\/\/www.youtube.com\/c\/MagnetarVismagneet"]}]}},"_links":{"self":[{"href":"https:\/\/test.magnetarmagnets.com\/hu\/wp-json\/wp\/v2\/product\/82667","targetHints":{"allow":["GET"]}}],"collection":[{"href":"https:\/\/test.magnetarmagnets.com\/hu\/wp-json\/wp\/v2\/product"}],"about":[{"href":"https:\/\/test.magnetarmagnets.com\/hu\/wp-json\/wp\/v2\/types\/product"}],"replies":[{"embeddable":true,"href":"https:\/\/test.magnetarmagnets.com\/hu\/wp-json\/wp\/v2\/comments?post=82667"}],"wp:featuredmedia":[{"embeddable":true,"href":"https:\/\/test.magnetarmagnets.com\/hu\/wp-json\/wp\/v2\/media\/73943"}],"wp:attachment":[{"href":"https:\/\/test.magnetarmagnets.com\/hu\/wp-json\/wp\/v2\/media?parent=82667"}],"wp:term":[{"taxonomy":"product_brand","embeddable":true,"href":"https:\/\/test.magnetarmagnets.com\/hu\/wp-json\/wp\/v2\/product_brand?post=82667"},{"taxonomy":"product_cat","embeddable":true,"href":"https:\/\/test.magnetarmagnets.com\/hu\/wp-json\/wp\/v2\/product_cat?post=82667"},{"taxonomy":"product_tag","embeddable":true,"href":"https:\/\/test.magnetarmagnets.com\/hu\/wp-json\/wp\/v2\/product_tag?post=82667"}],"curies":[{"name":"wp","href":"https:\/\/api.w.org\/{rel}","templated":true}]}}