{"id":82631,"date":"2025-06-05T09:53:07","date_gmt":"2025-06-05T07:53:07","guid":{"rendered":"https:\/\/magnetarmagnets.com\/?post_type=product&#038;p=82631"},"modified":"2026-03-16T18:55:08","modified_gmt":"2026-03-16T17:55:08","slug":"futheto-munkamelleny-magma-m","status":"publish","type":"product","link":"https:\/\/test.magnetarmagnets.com\/hu\/shop\/futheto-munkamelleny-magma-m\/","title":{"rendered":"F\u0171thet\u0151 munkamell\u00e9ny Magma M"},"content":{"rendered":"<h2><img fetchpriority=\"high\" decoding=\"async\" class=\"aligncenter size-full wp-image-51853\" src=\"https:\/\/test.magnetarmagnets.com\/wp-content\/uploads\/2021\/02\/work-vest-engels.png\" alt=\"work vest, heat vest, magnetar heat, warm clothes, hoodie, vest, heating clothes\" width=\"765\" height=\"455\" srcset=\"https:\/\/test.magnetarmagnets.com\/wp-content\/uploads\/2021\/02\/work-vest-engels.png 765w, https:\/\/test.magnetarmagnets.com\/wp-content\/uploads\/2021\/02\/work-vest-engels-150x89.png 150w, https:\/\/test.magnetarmagnets.com\/wp-content\/uploads\/2021\/02\/work-vest-engels-600x357.png 600w, https:\/\/test.magnetarmagnets.com\/wp-content\/uploads\/2021\/02\/work-vest-engels-300x178.png 300w\" sizes=\"(max-width: 765px) 100vw, 765px\" \/><\/h2>\n<h2>A legjobb f\u0171thet\u0151 munkamell\u00e9ny<\/h2>\n<p><strong>Egy f\u0171thet\u0151 munkamell\u00e9ny?<\/strong> Munkamell\u00e9nyeink m\u00e9g a hidegebb napokon is melegen tartanak. Ez az akkumul\u00e1toros munkamell\u00e9ny h\u00e1rom h\u0151fokozattal rendelkezik, \u00edgy mindig k\u00e9nyelmes h\u0151m\u00e9rs\u00e9kletet biztos\u00edt. Eg\u00e9sz nap <a href=\"https:\/\/test.magnetarmagnets.com\/hu\/\" target=\"_blank\" rel=\"noopener\">M\u00e1gneshorg\u00e1szat<\/a>? Kint dolgozol hideg napokon? H\u0171v\u00f6s ny\u00e1ri este? Szeles vagy \u00e9jszakai munka? Ez a k\u00e9nyelmes, sz\u00e9l- \u00e9s v\u00edz\u00e1ll\u00f3 f\u0171thet\u0151 munkamell\u00e9ny melegen tart. <strong>A Magnetar Heat munkamell\u00e9ny nagy m\u00e9retez\u00e9s\u0171, ez\u00e9rt v\u00e1lassz kisebbet!<\/strong><\/p>\n<h2>F\u0171thet\u0151 munkamell\u00e9ny term\u00e9kinform\u00e1ci\u00f3<\/h2>\n<p>A csomagolt akkumul\u00e1tor m\u00e9rete egy mobiltelefon\u00e9val egyezik, \u00e9s a h\u0151fokozatt\u00f3l f\u00fcgg\u0151en <strong>ak\u00e1r 9 \u00f3r\u00e1n \u00e1t<\/strong> melegen tart. A munkamell\u00e9ny <strong>akkumul\u00e1tort \u00e9s t\u00f6lt\u0151t is tartalmaz.<\/strong> A mell\u00e9ny k\u00fcls\u0151 anyaga sz\u00e9l- \u00e9s v\u00edz\u00e1ll\u00f3 pamut, a b\u00e9l\u00e9s k\u00f6nnyen tiszt\u00edthat\u00f3 nejlonb\u00f3l k\u00e9sz\u00fclt, teljes mozg\u00e1sszabads\u00e1got biztos\u00edtva munk\u00e1d sor\u00e1n. Ezzel a f\u0171thet\u0151 munkamell\u00e9nnyel nem kell t\u00f6bb r\u00e9teg ruh\u00e1t magadra pakolnod, legyen sz\u00f3 mez\u0151gazdas\u00e1gi munk\u00e1r\u00f3l, \u00fat\u00e9p\u00edt\u00e9sr\u0151l, \u00e9p\u00edtkez\u00e9sr\u0151l, fest\u00e9sr\u0151l, lovardai munk\u00e1r\u00f3l, vad\u00e1szatr\u00f3l, kert\u00e9szked\u00e9sr\u0151l \u00e9s hasonl\u00f3 tev\u00e9kenys\u00e9gekr\u0151l. Ez a munkamell\u00e9ny magas k\u00e9nyelmet \u00e9s teljes mozg\u00e1sszabads\u00e1got ny\u00fajt.<\/p>\n<p>A f\u0171t\u0151z\u00f3n\u00e1k pontosan ott biztos\u00edtanak kellemes meleget a fels\u0151testednek, ahol sz\u00fcks\u00e9ged van r\u00e1, a mellkason \u00e9s a h\u00e1ton. Az alacsony, k\u00f6zepes \u00e9s magas be\u00e1ll\u00edt\u00e1sok lehet\u0151v\u00e9 teszik, hogy alkalmazkodj a k\u00f6rnyezethez, \u00e9s v\u00e9gig melegen maradj a nap folyam\u00e1n. Ezut\u00e1n csak t\u00f6ltsd fel az akkumul\u00e1tort 3-4 \u00f3ra alatt, \u00e9s m\u00e1r haszn\u00e1latra k\u00e9sz is vagy.<\/p>\n<p>Munkamell\u00e9nyeink tart\u00f3s \u00e9s kiv\u00e1l\u00f3 min\u0151s\u00e9g\u0171 anyagokb\u00f3l k\u00e9sz\u00fclnek, hogy minden id\u0151j\u00e1r\u00e1si k\u00f6r\u00fclm\u00e9ny k\u00f6z\u00f6tt melegen tartsanak.<\/p>\n<h2>CE tan\u00fas\u00edtv\u00e1nnyal rendelkez\u0151 f\u0171thet\u0151 mell\u00e9ny<\/h2>\n<p>A f\u0171thet\u0151 munkamell\u00e9nyek CE tan\u00fas\u00edtv\u00e1nnyal rendelkeznek. Teljes m\u00e9rt\u00e9kben t\u00e1mogatjuk term\u00e9k\u00fcnket, ez\u00e9rt <strong>1 \u00e9v garanci\u00e1t<\/strong> biztos\u00edtunk.<\/p>\n<p><strong>A Magnetar Heat munkamell\u00e9ny nagy m\u00e9retez\u00e9s\u0171, ez\u00e9rt v\u00e1lassz kisebb m\u00e9retet!<\/strong><\/p>\n","protected":false},"excerpt":{"rendered":"<p><span style=\"font-weight: 400;\">Ez egy f\u0171thet\u0151 munkamell\u00e9ny, f\u0171t\u00e9ssel \u00e9s 3 h\u0151fokozattal. Melegen tart, amikor csak sz\u00fcks\u00e9ged van r\u00e1. Extra kop\u00e1s\u00e1ll\u00f3.<\/span><\/p>\n","protected":false},"featured_media":71559,"comment_status":"open","ping_status":"closed","template":"","meta":{"_acf_changed":false,"inline_featured_image":false},"product_brand":[],"product_cat":[1004],"product_tag":[],"class_list":{"0":"post-82631","1":"product","2":"type-product","3":"status-publish","4":"has-post-thumbnail","6":"product_cat-osszes-termek","8":"first","9":"outofstock","10":"taxable","11":"shipping-taxable","12":"purchasable","13":"product-type-simple"},"acf":[],"yoast_head":"<!-- This site is optimized with the Yoast SEO plugin v27.6 - https:\/\/yoast.com\/product\/yoast-seo-wordpress\/ -->\n<title>F\u0171thet\u0151 munkamell\u00e9ny Magma M - Magnet fishing with a Magnetar fishing magnet<\/title>\n<meta name=\"description\" content=\"Munkamell\u00e9ny? Ez az akkumul\u00e1toros munkamell\u00e9ny h\u00e1rom h\u0151fokozattal rendelkezik, \u00edgy mindig k\u00e9nyelmes h\u0151m\u00e9rs\u00e9kletet \u00e9lvezhetsz.\" \/>\n<meta name=\"robots\" content=\"index, follow, max-snippet:-1, max-image-preview:large, max-video-preview:-1\" \/>\n<link rel=\"canonical\" href=\"https:\/\/test.magnetarmagnets.com\/hu\/shop\/futheto-munkamelleny-magma-m\/\" \/>\n<meta property=\"og:locale\" content=\"hu_HU\" \/>\n<meta property=\"og:type\" content=\"article\" \/>\n<meta property=\"og:title\" content=\"F\u0171thet\u0151 munkamell\u00e9ny Magma M - Magnet fishing with a Magnetar fishing magnet\" \/>\n<meta property=\"og:description\" content=\"Munkamell\u00e9ny? Ez az akkumul\u00e1toros munkamell\u00e9ny h\u00e1rom h\u0151fokozattal rendelkezik, \u00edgy mindig k\u00e9nyelmes h\u0151m\u00e9rs\u00e9kletet \u00e9lvezhetsz.\" \/>\n<meta property=\"og:url\" content=\"https:\/\/test.magnetarmagnets.com\/hu\/shop\/futheto-munkamelleny-magma-m\/\" \/>\n<meta property=\"og:site_name\" content=\"Magnet fishing with a Magnetar fishing magnet\" \/>\n<meta property=\"article:publisher\" content=\"https:\/\/www.facebook.com\/fishingmagnets\/\" \/>\n<meta property=\"article:modified_time\" content=\"2026-03-16T17:55:08+00:00\" \/>\n<meta property=\"og:image\" content=\"https:\/\/test.magnetarmagnets.com\/wp-content\/uploads\/2021\/02\/heated-work-jacket-scaled.jpg\" \/>\n\t<meta property=\"og:image:width\" content=\"2330\" \/>\n\t<meta property=\"og:image:height\" content=\"2560\" \/>\n\t<meta property=\"og:image:type\" content=\"image\/jpeg\" \/>\n<meta name=\"twitter:card\" content=\"summary_large_image\" \/>\n<meta name=\"twitter:label1\" content=\"Becs\u00fclt olvas\u00e1si id\u0151\" \/>\n\t<meta name=\"twitter:data1\" content=\"2 perc\" \/>\n<script type=\"application\/ld+json\" class=\"yoast-schema-graph\">{\"@context\":\"https:\\\/\\\/schema.org\",\"@graph\":[{\"@type\":[\"WebPage\",\"ItemPage\"],\"@id\":\"https:\\\/\\\/test.magnetarmagnets.com\\\/hu\\\/shop\\\/futheto-munkamelleny-magma-m\\\/\",\"url\":\"https:\\\/\\\/test.magnetarmagnets.com\\\/hu\\\/shop\\\/futheto-munkamelleny-magma-m\\\/\",\"name\":\"F\u0171thet\u0151 munkamell\u00e9ny Magma M - Magnet fishing with a Magnetar fishing magnet\",\"isPartOf\":{\"@id\":\"https:\\\/\\\/test.magnetarmagnets.com\\\/hu\\\/#website\"},\"primaryImageOfPage\":{\"@id\":\"https:\\\/\\\/test.magnetarmagnets.com\\\/hu\\\/shop\\\/futheto-munkamelleny-magma-m\\\/#primaryimage\"},\"image\":{\"@id\":\"https:\\\/\\\/test.magnetarmagnets.com\\\/hu\\\/shop\\\/futheto-munkamelleny-magma-m\\\/#primaryimage\"},\"thumbnailUrl\":\"https:\\\/\\\/test.magnetarmagnets.com\\\/wp-content\\\/uploads\\\/2021\\\/02\\\/heated-work-jacket-scaled.jpg\",\"datePublished\":\"2025-06-05T07:53:07+00:00\",\"dateModified\":\"2026-03-16T17:55:08+00:00\",\"description\":\"Munkamell\u00e9ny? Ez az akkumul\u00e1toros munkamell\u00e9ny h\u00e1rom h\u0151fokozattal rendelkezik, \u00edgy mindig k\u00e9nyelmes h\u0151m\u00e9rs\u00e9kletet \u00e9lvezhetsz.\",\"breadcrumb\":{\"@id\":\"https:\\\/\\\/test.magnetarmagnets.com\\\/hu\\\/shop\\\/futheto-munkamelleny-magma-m\\\/#breadcrumb\"},\"inLanguage\":\"hu\",\"potentialAction\":[{\"@type\":\"ReadAction\",\"target\":[\"https:\\\/\\\/test.magnetarmagnets.com\\\/hu\\\/shop\\\/futheto-munkamelleny-magma-m\\\/\"]}]},{\"@type\":\"ImageObject\",\"inLanguage\":\"hu\",\"@id\":\"https:\\\/\\\/test.magnetarmagnets.com\\\/hu\\\/shop\\\/futheto-munkamelleny-magma-m\\\/#primaryimage\",\"url\":\"https:\\\/\\\/test.magnetarmagnets.com\\\/wp-content\\\/uploads\\\/2021\\\/02\\\/heated-work-jacket-scaled.jpg\",\"contentUrl\":\"https:\\\/\\\/test.magnetarmagnets.com\\\/wp-content\\\/uploads\\\/2021\\\/02\\\/heated-work-jacket-scaled.jpg\",\"width\":2330,\"height\":2560,\"caption\":\"heated workwear jack\"},{\"@type\":\"BreadcrumbList\",\"@id\":\"https:\\\/\\\/test.magnetarmagnets.com\\\/hu\\\/shop\\\/futheto-munkamelleny-magma-m\\\/#breadcrumb\",\"itemListElement\":[{\"@type\":\"ListItem\",\"position\":1,\"name\":\"Home\",\"item\":\"https:\\\/\\\/test.magnetarmagnets.com\\\/hu\\\/\"},{\"@type\":\"ListItem\",\"position\":2,\"name\":\"Webshop\",\"item\":\"https:\\\/\\\/test.magnetarmagnets.com\\\/hu\\\/webshop\\\/\"},{\"@type\":\"ListItem\",\"position\":3,\"name\":\"\u00d6sszes term\u00e9k\",\"item\":\"https:\\\/\\\/test.magnetarmagnets.com\\\/hu\\\/collections\\\/osszes-termek\\\/\"},{\"@type\":\"ListItem\",\"position\":4,\"name\":\"F\u0171thet\u0151 munkamell\u00e9ny Magma M\"}]},{\"@type\":\"WebSite\",\"@id\":\"https:\\\/\\\/test.magnetarmagnets.com\\\/hu\\\/#website\",\"url\":\"https:\\\/\\\/test.magnetarmagnets.com\\\/hu\\\/\",\"name\":\"Magnet fishing with a Magnetar fishing magnet\",\"description\":\"Powerful magnets for magnet fishing\",\"publisher\":{\"@id\":\"https:\\\/\\\/test.magnetarmagnets.com\\\/hu\\\/#organization\"},\"potentialAction\":[{\"@type\":\"SearchAction\",\"target\":{\"@type\":\"EntryPoint\",\"urlTemplate\":\"https:\\\/\\\/test.magnetarmagnets.com\\\/hu\\\/?s={search_term_string}\"},\"query-input\":{\"@type\":\"PropertyValueSpecification\",\"valueRequired\":true,\"valueName\":\"search_term_string\"}}],\"inLanguage\":\"hu\"},{\"@type\":\"Organization\",\"@id\":\"https:\\\/\\\/test.magnetarmagnets.com\\\/hu\\\/#organization\",\"name\":\"Magnetar\",\"url\":\"https:\\\/\\\/test.magnetarmagnets.com\\\/hu\\\/\",\"logo\":{\"@type\":\"ImageObject\",\"inLanguage\":\"hu\",\"@id\":\"https:\\\/\\\/test.magnetarmagnets.com\\\/hu\\\/#\\\/schema\\\/logo\\\/image\\\/\",\"url\":\"https:\\\/\\\/magnetarmagnets.com\\\/wp-content\\\/uploads\\\/2021\\\/01\\\/magnetarvismagneet_logo.png\",\"contentUrl\":\"https:\\\/\\\/magnetarmagnets.com\\\/wp-content\\\/uploads\\\/2021\\\/01\\\/magnetarvismagneet_logo.png\",\"width\":209,\"height\":100,\"caption\":\"Magnetar\"},\"image\":{\"@id\":\"https:\\\/\\\/test.magnetarmagnets.com\\\/hu\\\/#\\\/schema\\\/logo\\\/image\\\/\"},\"sameAs\":[\"https:\\\/\\\/www.facebook.com\\\/fishingmagnets\\\/\",\"https:\\\/\\\/www.instagram.com\\\/magnetar_magnets\\\/\",\"https:\\\/\\\/www.linkedin.com\\\/company\\\/magnetarbv\\\/?originalSubdomain=nl\",\"https:\\\/\\\/www.youtube.com\\\/c\\\/MagnetarVismagneet\"]}]}<\/script>\n<!-- \/ Yoast SEO plugin. -->","yoast_head_json":{"title":"F\u0171thet\u0151 munkamell\u00e9ny Magma M - Magnet fishing with a Magnetar fishing magnet","description":"Munkamell\u00e9ny? Ez az akkumul\u00e1toros munkamell\u00e9ny h\u00e1rom h\u0151fokozattal rendelkezik, \u00edgy mindig k\u00e9nyelmes h\u0151m\u00e9rs\u00e9kletet \u00e9lvezhetsz.","robots":{"index":"index","follow":"follow","max-snippet":"max-snippet:-1","max-image-preview":"max-image-preview:large","max-video-preview":"max-video-preview:-1"},"canonical":"https:\/\/test.magnetarmagnets.com\/hu\/shop\/futheto-munkamelleny-magma-m\/","og_locale":"hu_HU","og_type":"article","og_title":"F\u0171thet\u0151 munkamell\u00e9ny Magma M - Magnet fishing with a Magnetar fishing magnet","og_description":"Munkamell\u00e9ny? Ez az akkumul\u00e1toros munkamell\u00e9ny h\u00e1rom h\u0151fokozattal rendelkezik, \u00edgy mindig k\u00e9nyelmes h\u0151m\u00e9rs\u00e9kletet \u00e9lvezhetsz.","og_url":"https:\/\/test.magnetarmagnets.com\/hu\/shop\/futheto-munkamelleny-magma-m\/","og_site_name":"Magnet fishing with a Magnetar fishing magnet","article_publisher":"https:\/\/www.facebook.com\/fishingmagnets\/","article_modified_time":"2026-03-16T17:55:08+00:00","og_image":[{"width":2330,"height":2560,"url":"https:\/\/test.magnetarmagnets.com\/wp-content\/uploads\/2021\/02\/heated-work-jacket-scaled.jpg","type":"image\/jpeg"}],"twitter_card":"summary_large_image","twitter_misc":{"Becs\u00fclt olvas\u00e1si id\u0151":"2 perc"},"schema":{"@context":"https:\/\/schema.org","@graph":[{"@type":["WebPage","ItemPage"],"@id":"https:\/\/test.magnetarmagnets.com\/hu\/shop\/futheto-munkamelleny-magma-m\/","url":"https:\/\/test.magnetarmagnets.com\/hu\/shop\/futheto-munkamelleny-magma-m\/","name":"F\u0171thet\u0151 munkamell\u00e9ny Magma M - Magnet fishing with a Magnetar fishing magnet","isPartOf":{"@id":"https:\/\/test.magnetarmagnets.com\/hu\/#website"},"primaryImageOfPage":{"@id":"https:\/\/test.magnetarmagnets.com\/hu\/shop\/futheto-munkamelleny-magma-m\/#primaryimage"},"image":{"@id":"https:\/\/test.magnetarmagnets.com\/hu\/shop\/futheto-munkamelleny-magma-m\/#primaryimage"},"thumbnailUrl":"https:\/\/test.magnetarmagnets.com\/wp-content\/uploads\/2021\/02\/heated-work-jacket-scaled.jpg","datePublished":"2025-06-05T07:53:07+00:00","dateModified":"2026-03-16T17:55:08+00:00","description":"Munkamell\u00e9ny? Ez az akkumul\u00e1toros munkamell\u00e9ny h\u00e1rom h\u0151fokozattal rendelkezik, \u00edgy mindig k\u00e9nyelmes h\u0151m\u00e9rs\u00e9kletet \u00e9lvezhetsz.","breadcrumb":{"@id":"https:\/\/test.magnetarmagnets.com\/hu\/shop\/futheto-munkamelleny-magma-m\/#breadcrumb"},"inLanguage":"hu","potentialAction":[{"@type":"ReadAction","target":["https:\/\/test.magnetarmagnets.com\/hu\/shop\/futheto-munkamelleny-magma-m\/"]}]},{"@type":"ImageObject","inLanguage":"hu","@id":"https:\/\/test.magnetarmagnets.com\/hu\/shop\/futheto-munkamelleny-magma-m\/#primaryimage","url":"https:\/\/test.magnetarmagnets.com\/wp-content\/uploads\/2021\/02\/heated-work-jacket-scaled.jpg","contentUrl":"https:\/\/test.magnetarmagnets.com\/wp-content\/uploads\/2021\/02\/heated-work-jacket-scaled.jpg","width":2330,"height":2560,"caption":"heated workwear jack"},{"@type":"BreadcrumbList","@id":"https:\/\/test.magnetarmagnets.com\/hu\/shop\/futheto-munkamelleny-magma-m\/#breadcrumb","itemListElement":[{"@type":"ListItem","position":1,"name":"Home","item":"https:\/\/test.magnetarmagnets.com\/hu\/"},{"@type":"ListItem","position":2,"name":"Webshop","item":"https:\/\/test.magnetarmagnets.com\/hu\/webshop\/"},{"@type":"ListItem","position":3,"name":"\u00d6sszes term\u00e9k","item":"https:\/\/test.magnetarmagnets.com\/hu\/collections\/osszes-termek\/"},{"@type":"ListItem","position":4,"name":"F\u0171thet\u0151 munkamell\u00e9ny Magma M"}]},{"@type":"WebSite","@id":"https:\/\/test.magnetarmagnets.com\/hu\/#website","url":"https:\/\/test.magnetarmagnets.com\/hu\/","name":"Magnet fishing with a Magnetar fishing magnet","description":"Powerful magnets for magnet fishing","publisher":{"@id":"https:\/\/test.magnetarmagnets.com\/hu\/#organization"},"potentialAction":[{"@type":"SearchAction","target":{"@type":"EntryPoint","urlTemplate":"https:\/\/test.magnetarmagnets.com\/hu\/?s={search_term_string}"},"query-input":{"@type":"PropertyValueSpecification","valueRequired":true,"valueName":"search_term_string"}}],"inLanguage":"hu"},{"@type":"Organization","@id":"https:\/\/test.magnetarmagnets.com\/hu\/#organization","name":"Magnetar","url":"https:\/\/test.magnetarmagnets.com\/hu\/","logo":{"@type":"ImageObject","inLanguage":"hu","@id":"https:\/\/test.magnetarmagnets.com\/hu\/#\/schema\/logo\/image\/","url":"https:\/\/magnetarmagnets.com\/wp-content\/uploads\/2021\/01\/magnetarvismagneet_logo.png","contentUrl":"https:\/\/magnetarmagnets.com\/wp-content\/uploads\/2021\/01\/magnetarvismagneet_logo.png","width":209,"height":100,"caption":"Magnetar"},"image":{"@id":"https:\/\/test.magnetarmagnets.com\/hu\/#\/schema\/logo\/image\/"},"sameAs":["https:\/\/www.facebook.com\/fishingmagnets\/","https:\/\/www.instagram.com\/magnetar_magnets\/","https:\/\/www.linkedin.com\/company\/magnetarbv\/?originalSubdomain=nl","https:\/\/www.youtube.com\/c\/MagnetarVismagneet"]}]}},"_links":{"self":[{"href":"https:\/\/test.magnetarmagnets.com\/hu\/wp-json\/wp\/v2\/product\/82631","targetHints":{"allow":["GET"]}}],"collection":[{"href":"https:\/\/test.magnetarmagnets.com\/hu\/wp-json\/wp\/v2\/product"}],"about":[{"href":"https:\/\/test.magnetarmagnets.com\/hu\/wp-json\/wp\/v2\/types\/product"}],"replies":[{"embeddable":true,"href":"https:\/\/test.magnetarmagnets.com\/hu\/wp-json\/wp\/v2\/comments?post=82631"}],"wp:featuredmedia":[{"embeddable":true,"href":"https:\/\/test.magnetarmagnets.com\/hu\/wp-json\/wp\/v2\/media\/71559"}],"wp:attachment":[{"href":"https:\/\/test.magnetarmagnets.com\/hu\/wp-json\/wp\/v2\/media?parent=82631"}],"wp:term":[{"taxonomy":"product_brand","embeddable":true,"href":"https:\/\/test.magnetarmagnets.com\/hu\/wp-json\/wp\/v2\/product_brand?post=82631"},{"taxonomy":"product_cat","embeddable":true,"href":"https:\/\/test.magnetarmagnets.com\/hu\/wp-json\/wp\/v2\/product_cat?post=82631"},{"taxonomy":"product_tag","embeddable":true,"href":"https:\/\/test.magnetarmagnets.com\/hu\/wp-json\/wp\/v2\/product_tag?post=82631"}],"curies":[{"name":"wp","href":"https:\/\/api.w.org\/{rel}","templated":true}]}}