{"id":82620,"date":"2025-06-05T09:53:46","date_gmt":"2025-06-05T07:53:46","guid":{"rendered":"https:\/\/magnetarmagnets.com\/?post_type=product&#038;p=82620"},"modified":"2026-03-18T19:03:55","modified_gmt":"2026-03-18T18:03:55","slug":"magma-futheto-munkamelleny","status":"publish","type":"product","link":"https:\/\/test.magnetarmagnets.com\/hu\/shop\/magma-futheto-munkamelleny\/","title":{"rendered":"Magma f\u0171thet\u0151 munkamell\u00e9ny"},"content":{"rendered":"<h2><img fetchpriority=\"high\" decoding=\"async\" class=\"aligncenter size-full wp-image-51853\" src=\"https:\/\/test.magnetarmagnets.com\/wp-content\/uploads\/2021\/02\/work-vest-engels.png\" alt=\"work vest, heat vest, magnetar heat, warm clothes, hoodie, vest, heating clothes\" width=\"765\" height=\"455\" srcset=\"https:\/\/test.magnetarmagnets.com\/wp-content\/uploads\/2021\/02\/work-vest-engels.png 765w, https:\/\/test.magnetarmagnets.com\/wp-content\/uploads\/2021\/02\/work-vest-engels-150x89.png 150w, https:\/\/test.magnetarmagnets.com\/wp-content\/uploads\/2021\/02\/work-vest-engels-600x357.png 600w, https:\/\/test.magnetarmagnets.com\/wp-content\/uploads\/2021\/02\/work-vest-engels-300x178.png 300w\" sizes=\"(max-width: 765px) 100vw, 765px\" \/><\/h2>\n<h2>A legjobb f\u0171thet\u0151 munkamell\u00e9ny<\/h2>\n<p><strong>F\u0171thet\u0151 munkamell\u00e9ny?<\/strong> Munkamell\u00e9nyeink m\u00e9g a leghidegebb napokon is melegen tartanak. Ez az akkumul\u00e1toros munkamell\u00e9ny h\u00e1rom h\u0151fokozattal rendelkezik, \u00edgy mindig megtal\u00e1lja az \u00d6nnek k\u00e9nyelmes h\u0151m\u00e9rs\u00e9kletet. Kint dolgozik hidegben? H\u0171v\u00f6s ny\u00e1ri est\u00e9n? Szeles vagy \u00e9jszakai munkav\u00e9gz\u00e9s k\u00f6zben? Ez a k\u00e9nyelmes, sz\u00e9l- \u00e9s v\u00edz\u00e1ll\u00f3 f\u0171thet\u0151 munkamell\u00e9ny melegen tartja \u00d6nt. <strong>A Magnetar Heat munkamell\u00e9ny nagy m\u00e9retez\u00e9s\u0171, ez\u00e9rt v\u00e1lasszon egyel kisebbet!<\/strong><\/p>\n<h2>Term\u00e9kinform\u00e1ci\u00f3k a f\u0171thet\u0151 munkamell\u00e9nyr\u0151l<\/h2>\n<p>A mell\u00e9kelt akkumul\u00e1tor m\u00e9rete egy mobiltelefon\u00e9val egyezik, \u00e9s a v\u00e1lasztott h\u0151fokozatt\u00f3l f\u00fcgg\u0151en ak\u00e1r <strong>9 \u00f3r\u00e1n \u00e1t<\/strong> is melegen tart. A munkamell\u00e9ny <strong>akkumul\u00e1torral \u00e9s t\u00f6lt\u0151vel egy\u00fctt<\/strong> ker\u00fcl sz\u00e1ll\u00edt\u00e1sra. A munkamell\u00e9ny sz\u00e9l- \u00e9s v\u00edz\u00e1ll\u00f3 pamutb\u00f3l k\u00e9sz\u00fclt, a b\u00e9l\u00e9s k\u00f6nnyen tiszt\u00edthat\u00f3 nejlonanyagb\u00f3l, \u00edgy munk\u00e1ja k\u00f6zben teljes mozg\u00e1sszabads\u00e1got biztos\u00edt. Ezzel a f\u0171thet\u0151 munkamell\u00e9nnyel nincs sz\u00fcks\u00e9g t\u00f6bb r\u00e9teg ruha visel\u00e9s\u00e9re, legyen sz\u00f3 gazdas\u00e1gi munk\u00e1r\u00f3l, \u00fat\u00e9p\u00edt\u00e9sr\u0151l, \u00e9p\u00edtkez\u00e9sr\u0151l, fest\u00e9sr\u0151l, lovastany\u00e1n v\u00e9gzett munk\u00e1r\u00f3l, vad\u00e1szatr\u00f3l, kert\u00e9szked\u00e9sr\u0151l stb. Ez egy olyan munkamell\u00e9ny, amely kiemelked\u0151 k\u00e9nyelmet \u00e9s teljes mozg\u00e1sszabads\u00e1got ny\u00fajt.<\/p>\n<p>A f\u0171t\u0151z\u00f3n\u00e1k pontosan ott biztos\u00edtanak kellemes meleget a t\u00f6rzs\u00f6n, ahol sz\u00fcks\u00e9ge van r\u00e1, a mellkasn\u00e1l \u00e9s a h\u00e1tn\u00e1l. Az alacsony, k\u00f6zepes \u00e9s magas fokozatok seg\u00edts\u00e9g\u00e9vel k\u00f6nnyed\u00e9n alkalmazkodhat a k\u00f6r\u00fclm\u00e9nyekhez, \u00e9s eg\u00e9sz nap melegen maradhat. Ezut\u00e1n az akkumul\u00e1tort 3\u20134 \u00f3ra alatt \u00fajrat\u00f6ltheti, \u00e9s m\u00e1r indulhat is.<\/p>\n<p>Munkamell\u00e9nyeink tart\u00f3s, magas min\u0151s\u00e9g\u0171 anyagb\u00f3l k\u00e9sz\u00fclnek, hogy minden id\u0151j\u00e1r\u00e1si k\u00f6r\u00fclm\u00e9nyek k\u00f6z\u00f6tt melegen tartsa \u00d6nt.<\/p>\n<h2>CE tan\u00fas\u00edtv\u00e1nnyal rendelkez\u0151 f\u0171thet\u0151 mell\u00e9ny<\/h2>\n<p>A f\u0171thet\u0151 munkamell\u00e9nyek CE tan\u00fas\u00edtv\u00e1nnyal rendelkeznek. Teljes k\u00f6r\u0171 t\u00e1mogat\u00e1st ny\u00fajtunk term\u00e9k\u00fcnkh\u00f6z, ez\u00e9rt <strong>1 \u00e9v garanci\u00e1t<\/strong> v\u00e1llalunk.<\/p>\n<p><strong>A Magnetar Heat munkamell\u00e9ny nagy m\u00e9retez\u00e9s\u0171, ez\u00e9rt v\u00e1lasszon egyel kisebbet!<\/strong><\/p>\n","protected":false},"excerpt":{"rendered":"<p><span style=\"font-weight: 400;\">Ez egy f\u0171thet\u0151 munkamell\u00e9ny f\u0171t\u0151funkci\u00f3val \u00e9s 3 h\u0151fokozattal. Melegen tartja, amikor sz\u00fcks\u00e9ge van r\u00e1. K\u00fcl\u00f6n\u00f6sen kop\u00e1s\u00e1ll\u00f3.<\/span><\/p>\n","protected":false},"featured_media":88302,"comment_status":"open","ping_status":"closed","template":"","meta":{"_acf_changed":false,"inline_featured_image":false},"product_brand":[],"product_cat":[536,539],"product_tag":[],"class_list":{"0":"post-82620","1":"product","2":"type-product","3":"status-publish","4":"has-post-thumbnail","6":"product_cat-felszereles","7":"product_cat-futheto-ruhazat","9":"first","10":"instock","11":"taxable","12":"shipping-taxable","13":"product-type-grouped"},"acf":[],"yoast_head":"<!-- This site is optimized with the Yoast SEO plugin v27.6 - https:\/\/yoast.com\/product\/yoast-seo-wordpress\/ -->\n<title>Magma f\u0171thet\u0151 munkamell\u00e9ny - Magnet fishing with a Magnetar fishing magnet<\/title>\n<meta name=\"description\" content=\"Magma f\u0171thet\u0151 munkamell\u00e9ny \u2013 Maradjon melegben a Magnetarral\" \/>\n<meta name=\"robots\" content=\"index, follow, max-snippet:-1, max-image-preview:large, max-video-preview:-1\" \/>\n<link rel=\"canonical\" href=\"https:\/\/test.magnetarmagnets.com\/hu\/shop\/magma-futheto-munkamelleny\/\" \/>\n<meta property=\"og:locale\" content=\"hu_HU\" \/>\n<meta property=\"og:type\" content=\"article\" \/>\n<meta property=\"og:title\" content=\"Magma f\u0171thet\u0151 munkamell\u00e9ny - Magnet fishing with a Magnetar fishing magnet\" \/>\n<meta property=\"og:description\" content=\"Magma f\u0171thet\u0151 munkamell\u00e9ny \u2013 Maradjon melegben a Magnetarral\" \/>\n<meta property=\"og:url\" content=\"https:\/\/test.magnetarmagnets.com\/hu\/shop\/magma-futheto-munkamelleny\/\" \/>\n<meta property=\"og:site_name\" content=\"Magnet fishing with a Magnetar fishing magnet\" \/>\n<meta property=\"article:publisher\" content=\"https:\/\/www.facebook.com\/fishingmagnets\/\" \/>\n<meta property=\"article:modified_time\" content=\"2026-03-18T18:03:55+00:00\" \/>\n<meta property=\"og:image\" content=\"https:\/\/test.magnetarmagnets.com\/wp-content\/uploads\/2025\/06\/44.jpg\" \/>\n\t<meta property=\"og:image:width\" content=\"1000\" \/>\n\t<meta property=\"og:image:height\" content=\"1000\" \/>\n\t<meta property=\"og:image:type\" content=\"image\/jpeg\" \/>\n<meta name=\"twitter:card\" content=\"summary_large_image\" \/>\n<meta name=\"twitter:label1\" content=\"Becs\u00fclt olvas\u00e1si id\u0151\" \/>\n\t<meta name=\"twitter:data1\" content=\"2 perc\" \/>\n<script type=\"application\/ld+json\" class=\"yoast-schema-graph\">{\"@context\":\"https:\\\/\\\/schema.org\",\"@graph\":[{\"@type\":[\"WebPage\",\"ItemPage\"],\"@id\":\"https:\\\/\\\/test.magnetarmagnets.com\\\/hu\\\/shop\\\/magma-futheto-munkamelleny\\\/\",\"url\":\"https:\\\/\\\/test.magnetarmagnets.com\\\/hu\\\/shop\\\/magma-futheto-munkamelleny\\\/\",\"name\":\"Magma f\u0171thet\u0151 munkamell\u00e9ny - Magnet fishing with a Magnetar fishing magnet\",\"isPartOf\":{\"@id\":\"https:\\\/\\\/test.magnetarmagnets.com\\\/hu\\\/#website\"},\"primaryImageOfPage\":{\"@id\":\"https:\\\/\\\/test.magnetarmagnets.com\\\/hu\\\/shop\\\/magma-futheto-munkamelleny\\\/#primaryimage\"},\"image\":{\"@id\":\"https:\\\/\\\/test.magnetarmagnets.com\\\/hu\\\/shop\\\/magma-futheto-munkamelleny\\\/#primaryimage\"},\"thumbnailUrl\":\"https:\\\/\\\/test.magnetarmagnets.com\\\/wp-content\\\/uploads\\\/2025\\\/06\\\/44.jpg\",\"datePublished\":\"2025-06-05T07:53:46+00:00\",\"dateModified\":\"2026-03-18T18:03:55+00:00\",\"description\":\"Magma f\u0171thet\u0151 munkamell\u00e9ny \u2013 Maradjon melegben a Magnetarral\",\"breadcrumb\":{\"@id\":\"https:\\\/\\\/test.magnetarmagnets.com\\\/hu\\\/shop\\\/magma-futheto-munkamelleny\\\/#breadcrumb\"},\"inLanguage\":\"hu\",\"potentialAction\":[{\"@type\":\"ReadAction\",\"target\":[\"https:\\\/\\\/test.magnetarmagnets.com\\\/hu\\\/shop\\\/magma-futheto-munkamelleny\\\/\"]}]},{\"@type\":\"ImageObject\",\"inLanguage\":\"hu\",\"@id\":\"https:\\\/\\\/test.magnetarmagnets.com\\\/hu\\\/shop\\\/magma-futheto-munkamelleny\\\/#primaryimage\",\"url\":\"https:\\\/\\\/test.magnetarmagnets.com\\\/wp-content\\\/uploads\\\/2025\\\/06\\\/44.jpg\",\"contentUrl\":\"https:\\\/\\\/test.magnetarmagnets.com\\\/wp-content\\\/uploads\\\/2025\\\/06\\\/44.jpg\",\"width\":1000,\"height\":1000},{\"@type\":\"BreadcrumbList\",\"@id\":\"https:\\\/\\\/test.magnetarmagnets.com\\\/hu\\\/shop\\\/magma-futheto-munkamelleny\\\/#breadcrumb\",\"itemListElement\":[{\"@type\":\"ListItem\",\"position\":1,\"name\":\"Home\",\"item\":\"https:\\\/\\\/test.magnetarmagnets.com\\\/hu\\\/\"},{\"@type\":\"ListItem\",\"position\":2,\"name\":\"Webshop\",\"item\":\"https:\\\/\\\/test.magnetarmagnets.com\\\/hu\\\/webshop\\\/\"},{\"@type\":\"ListItem\",\"position\":3,\"name\":\"Felszerel\u00e9s\",\"item\":\"https:\\\/\\\/test.magnetarmagnets.com\\\/hu\\\/collections\\\/felszereles\\\/\"},{\"@type\":\"ListItem\",\"position\":4,\"name\":\"F\u0171thet\u0151 ruh\u00e1zat\",\"item\":\"https:\\\/\\\/test.magnetarmagnets.com\\\/hu\\\/collections\\\/felszereles\\\/futheto-ruhazat\\\/\"},{\"@type\":\"ListItem\",\"position\":5,\"name\":\"Magma f\u0171thet\u0151 munkamell\u00e9ny\"}]},{\"@type\":\"WebSite\",\"@id\":\"https:\\\/\\\/test.magnetarmagnets.com\\\/hu\\\/#website\",\"url\":\"https:\\\/\\\/test.magnetarmagnets.com\\\/hu\\\/\",\"name\":\"Magnet fishing with a Magnetar fishing magnet\",\"description\":\"Powerful magnets for magnet fishing\",\"publisher\":{\"@id\":\"https:\\\/\\\/test.magnetarmagnets.com\\\/hu\\\/#organization\"},\"potentialAction\":[{\"@type\":\"SearchAction\",\"target\":{\"@type\":\"EntryPoint\",\"urlTemplate\":\"https:\\\/\\\/test.magnetarmagnets.com\\\/hu\\\/?s={search_term_string}\"},\"query-input\":{\"@type\":\"PropertyValueSpecification\",\"valueRequired\":true,\"valueName\":\"search_term_string\"}}],\"inLanguage\":\"hu\"},{\"@type\":\"Organization\",\"@id\":\"https:\\\/\\\/test.magnetarmagnets.com\\\/hu\\\/#organization\",\"name\":\"Magnetar\",\"url\":\"https:\\\/\\\/test.magnetarmagnets.com\\\/hu\\\/\",\"logo\":{\"@type\":\"ImageObject\",\"inLanguage\":\"hu\",\"@id\":\"https:\\\/\\\/test.magnetarmagnets.com\\\/hu\\\/#\\\/schema\\\/logo\\\/image\\\/\",\"url\":\"https:\\\/\\\/magnetarmagnets.com\\\/wp-content\\\/uploads\\\/2021\\\/01\\\/magnetarvismagneet_logo.png\",\"contentUrl\":\"https:\\\/\\\/magnetarmagnets.com\\\/wp-content\\\/uploads\\\/2021\\\/01\\\/magnetarvismagneet_logo.png\",\"width\":209,\"height\":100,\"caption\":\"Magnetar\"},\"image\":{\"@id\":\"https:\\\/\\\/test.magnetarmagnets.com\\\/hu\\\/#\\\/schema\\\/logo\\\/image\\\/\"},\"sameAs\":[\"https:\\\/\\\/www.facebook.com\\\/fishingmagnets\\\/\",\"https:\\\/\\\/www.instagram.com\\\/magnetar_magnets\\\/\",\"https:\\\/\\\/www.linkedin.com\\\/company\\\/magnetarbv\\\/?originalSubdomain=nl\",\"https:\\\/\\\/www.youtube.com\\\/c\\\/MagnetarVismagneet\"]}]}<\/script>\n<!-- \/ Yoast SEO plugin. -->","yoast_head_json":{"title":"Magma f\u0171thet\u0151 munkamell\u00e9ny - Magnet fishing with a Magnetar fishing magnet","description":"Magma f\u0171thet\u0151 munkamell\u00e9ny \u2013 Maradjon melegben a Magnetarral","robots":{"index":"index","follow":"follow","max-snippet":"max-snippet:-1","max-image-preview":"max-image-preview:large","max-video-preview":"max-video-preview:-1"},"canonical":"https:\/\/test.magnetarmagnets.com\/hu\/shop\/magma-futheto-munkamelleny\/","og_locale":"hu_HU","og_type":"article","og_title":"Magma f\u0171thet\u0151 munkamell\u00e9ny - Magnet fishing with a Magnetar fishing magnet","og_description":"Magma f\u0171thet\u0151 munkamell\u00e9ny \u2013 Maradjon melegben a Magnetarral","og_url":"https:\/\/test.magnetarmagnets.com\/hu\/shop\/magma-futheto-munkamelleny\/","og_site_name":"Magnet fishing with a Magnetar fishing magnet","article_publisher":"https:\/\/www.facebook.com\/fishingmagnets\/","article_modified_time":"2026-03-18T18:03:55+00:00","og_image":[{"width":1000,"height":1000,"url":"https:\/\/test.magnetarmagnets.com\/wp-content\/uploads\/2025\/06\/44.jpg","type":"image\/jpeg"}],"twitter_card":"summary_large_image","twitter_misc":{"Becs\u00fclt olvas\u00e1si id\u0151":"2 perc"},"schema":{"@context":"https:\/\/schema.org","@graph":[{"@type":["WebPage","ItemPage"],"@id":"https:\/\/test.magnetarmagnets.com\/hu\/shop\/magma-futheto-munkamelleny\/","url":"https:\/\/test.magnetarmagnets.com\/hu\/shop\/magma-futheto-munkamelleny\/","name":"Magma f\u0171thet\u0151 munkamell\u00e9ny - Magnet fishing with a Magnetar fishing magnet","isPartOf":{"@id":"https:\/\/test.magnetarmagnets.com\/hu\/#website"},"primaryImageOfPage":{"@id":"https:\/\/test.magnetarmagnets.com\/hu\/shop\/magma-futheto-munkamelleny\/#primaryimage"},"image":{"@id":"https:\/\/test.magnetarmagnets.com\/hu\/shop\/magma-futheto-munkamelleny\/#primaryimage"},"thumbnailUrl":"https:\/\/test.magnetarmagnets.com\/wp-content\/uploads\/2025\/06\/44.jpg","datePublished":"2025-06-05T07:53:46+00:00","dateModified":"2026-03-18T18:03:55+00:00","description":"Magma f\u0171thet\u0151 munkamell\u00e9ny \u2013 Maradjon melegben a Magnetarral","breadcrumb":{"@id":"https:\/\/test.magnetarmagnets.com\/hu\/shop\/magma-futheto-munkamelleny\/#breadcrumb"},"inLanguage":"hu","potentialAction":[{"@type":"ReadAction","target":["https:\/\/test.magnetarmagnets.com\/hu\/shop\/magma-futheto-munkamelleny\/"]}]},{"@type":"ImageObject","inLanguage":"hu","@id":"https:\/\/test.magnetarmagnets.com\/hu\/shop\/magma-futheto-munkamelleny\/#primaryimage","url":"https:\/\/test.magnetarmagnets.com\/wp-content\/uploads\/2025\/06\/44.jpg","contentUrl":"https:\/\/test.magnetarmagnets.com\/wp-content\/uploads\/2025\/06\/44.jpg","width":1000,"height":1000},{"@type":"BreadcrumbList","@id":"https:\/\/test.magnetarmagnets.com\/hu\/shop\/magma-futheto-munkamelleny\/#breadcrumb","itemListElement":[{"@type":"ListItem","position":1,"name":"Home","item":"https:\/\/test.magnetarmagnets.com\/hu\/"},{"@type":"ListItem","position":2,"name":"Webshop","item":"https:\/\/test.magnetarmagnets.com\/hu\/webshop\/"},{"@type":"ListItem","position":3,"name":"Felszerel\u00e9s","item":"https:\/\/test.magnetarmagnets.com\/hu\/collections\/felszereles\/"},{"@type":"ListItem","position":4,"name":"F\u0171thet\u0151 ruh\u00e1zat","item":"https:\/\/test.magnetarmagnets.com\/hu\/collections\/felszereles\/futheto-ruhazat\/"},{"@type":"ListItem","position":5,"name":"Magma f\u0171thet\u0151 munkamell\u00e9ny"}]},{"@type":"WebSite","@id":"https:\/\/test.magnetarmagnets.com\/hu\/#website","url":"https:\/\/test.magnetarmagnets.com\/hu\/","name":"Magnet fishing with a Magnetar fishing magnet","description":"Powerful magnets for magnet fishing","publisher":{"@id":"https:\/\/test.magnetarmagnets.com\/hu\/#organization"},"potentialAction":[{"@type":"SearchAction","target":{"@type":"EntryPoint","urlTemplate":"https:\/\/test.magnetarmagnets.com\/hu\/?s={search_term_string}"},"query-input":{"@type":"PropertyValueSpecification","valueRequired":true,"valueName":"search_term_string"}}],"inLanguage":"hu"},{"@type":"Organization","@id":"https:\/\/test.magnetarmagnets.com\/hu\/#organization","name":"Magnetar","url":"https:\/\/test.magnetarmagnets.com\/hu\/","logo":{"@type":"ImageObject","inLanguage":"hu","@id":"https:\/\/test.magnetarmagnets.com\/hu\/#\/schema\/logo\/image\/","url":"https:\/\/magnetarmagnets.com\/wp-content\/uploads\/2021\/01\/magnetarvismagneet_logo.png","contentUrl":"https:\/\/magnetarmagnets.com\/wp-content\/uploads\/2021\/01\/magnetarvismagneet_logo.png","width":209,"height":100,"caption":"Magnetar"},"image":{"@id":"https:\/\/test.magnetarmagnets.com\/hu\/#\/schema\/logo\/image\/"},"sameAs":["https:\/\/www.facebook.com\/fishingmagnets\/","https:\/\/www.instagram.com\/magnetar_magnets\/","https:\/\/www.linkedin.com\/company\/magnetarbv\/?originalSubdomain=nl","https:\/\/www.youtube.com\/c\/MagnetarVismagneet"]}]}},"_links":{"self":[{"href":"https:\/\/test.magnetarmagnets.com\/hu\/wp-json\/wp\/v2\/product\/82620","targetHints":{"allow":["GET"]}}],"collection":[{"href":"https:\/\/test.magnetarmagnets.com\/hu\/wp-json\/wp\/v2\/product"}],"about":[{"href":"https:\/\/test.magnetarmagnets.com\/hu\/wp-json\/wp\/v2\/types\/product"}],"replies":[{"embeddable":true,"href":"https:\/\/test.magnetarmagnets.com\/hu\/wp-json\/wp\/v2\/comments?post=82620"}],"wp:featuredmedia":[{"embeddable":true,"href":"https:\/\/test.magnetarmagnets.com\/hu\/wp-json\/wp\/v2\/media\/88302"}],"wp:attachment":[{"href":"https:\/\/test.magnetarmagnets.com\/hu\/wp-json\/wp\/v2\/media?parent=82620"}],"wp:term":[{"taxonomy":"product_brand","embeddable":true,"href":"https:\/\/test.magnetarmagnets.com\/hu\/wp-json\/wp\/v2\/product_brand?post=82620"},{"taxonomy":"product_cat","embeddable":true,"href":"https:\/\/test.magnetarmagnets.com\/hu\/wp-json\/wp\/v2\/product_cat?post=82620"},{"taxonomy":"product_tag","embeddable":true,"href":"https:\/\/test.magnetarmagnets.com\/hu\/wp-json\/wp\/v2\/product_tag?post=82620"}],"curies":[{"name":"wp","href":"https:\/\/api.w.org\/{rel}","templated":true}]}}