{"id":82570,"date":"2025-06-05T09:54:40","date_gmt":"2025-06-05T07:54:40","guid":{"rendered":"https:\/\/magnetarmagnets.com\/?post_type=product&#038;p=82570"},"modified":"2025-07-14T13:43:18","modified_gmt":"2025-07-14T11:43:18","slug":"classic-horgasz-magnes-300-kg-egyoldalas","status":"publish","type":"product","link":"https:\/\/test.magnetarmagnets.com\/hu\/shop\/classic-horgasz-magnes-300-kg-egyoldalas\/","title":{"rendered":"Classic horg\u00e1sz m\u00e1gnes \u2013 300 kg \u2013 egyoldalas"},"content":{"rendered":"<p>A Classic 300 horg\u00e1szm\u00e1gnes egy egyr\u00e9teg\u0171 neod\u00edmium m\u00e1gnes. H\u00faz\u00f3ereje ak\u00e1r 660 lb\/300 kg. A Classic 300 horg\u00e1szm\u00e1gnes ide\u00e1lis v\u00e1laszt\u00e1s a m\u00e1gnes horg\u00e1szat kezd\u0151knek, akik nagyobb t\u00e1rgyakat szeretn\u00e9nek kih\u00fazni a v\u00edzb\u0151l. A m\u00e1gnes \u00fct\u00e9s\u00e1ll\u00f3, ac\u00e9lh\u00e1zzal bor\u00edtott, \u00edgy v\u00e9dve van az \u00fct\u0151d\u00e9sekkel szemben. Ha megfizethet\u0151 \u00e1ron olyan horg\u00e1sz m\u00e1gnesre v\u00e1gysz, amelyet az eg\u00e9sz csal\u00e1d is haszn\u00e1lhat, ez a horg\u00e1sz m\u00e1gnes t\u00f6k\u00e9letes v\u00e1laszt\u00e1s.<\/p>\n<h2><strong>Er\u0151teljes, egyoldalas horg\u00e1sz m\u00e1gnes 660 lb\/300 kg<\/strong><\/h2>\n<p>A m\u00e1gnes \u00fct\u00e9s- \u00e9s lees\u00e9s elleni v\u00e9d\u0151h\u00e1zat kapott. Ennek k\u00f6sz\u00f6nhet\u0151en a m\u00e1gnes csak az als\u00f3 r\u00e9sz\u00e9n m\u00e1gneses. Minden h\u00faz\u00f3er\u0151 lefel\u00e9 ir\u00e1nyul, ami rendk\u00edv\u00fcl er\u0151ss\u00e9 teszi a m\u00e1gnest. <span style=\"font-weight: 400;\">Ha olyan univerz\u00e1lis m\u00e1gnest keresel, nagyobb potenci\u00e1llal, n\u00e9zd meg <a href=\"https:\/\/test.magnetarmagnets.com\/shop\/easy-magnet\">Easy<\/a> \u00e9s <a href=\"https:\/\/test.magnetarmagnets.com\/shop\/hardcore-magnet-2\/\" target=\"_blank\" rel=\"noopener noreferrer\">Hardcore<\/a> m\u00e1gneseinket.<\/span><\/p>\n<h2>Nem t\u00fal nagy ez a h\u00faz\u00f3er\u0151?<\/h2>\n<p>Ne agg\u00f3dj!! A hirdetett 660 lb\/300 kg h\u00faz\u00f3er\u0151 csak t\u00f6k\u00e9letes k\u00f6r\u00fclm\u00e9nyek k\u00f6z\u00f6tt \u00e9rhet\u0151 el. Ezek a k\u00f6r\u00fclm\u00e9nyek: sima, 2 cm vastag f\u00e9mfel\u00fclet, rozsda n\u00e9lk\u00fcl \u00e9s nincs szennyez\u0151d\u00e9s a m\u00e1gnes \u00e9s a f\u00e9m k\u00f6z\u00f6tt. Kis az es\u00e9lye, hogy a v\u00edzben ilyen tiszta f\u00e9mlemezbe botlasz. A legt\u00f6bbsz\u00f6r rozsda bor\u00edtja a v\u00edzi kincseket.<\/p>\n<h2><b>Kiv\u00e1l\u00f3 min\u0151s\u00e9g<\/b><\/h2>\n<p>Horg\u00e1szm\u00e1gneseink neod\u00edmiumb\u00f3l k\u00e9sz\u00fclnek. A Magnetar m\u00e1gnesek m\u00e1gneses h\u00faz\u00f3erej\u00fcket \u00e9vtizedeken \u00e1t megtartj\u00e1k, \u00e9vente mind\u00f6ssze 0,01% vesztes\u00e9ggel (megfelel\u0151 t\u00e1rol\u00e1s, gondoz\u00e1s \u00e9s v\u00e9delem mellett). Ez\u00e9rt \u00e1ruljuk az egyik <a href=\"https:\/\/test.magnetarmagnets.com\/\" target=\"_blank\" rel=\"noopener\">legjobb horg\u00e1sz m\u00e1gnest<\/a> a piacon.<\/p>\n<p>A legt\u00f6bb m\u00e1s m\u00e1gnessz\u00e1ll\u00edt\u00f3 m\u00e1r n\u00e9h\u00e1ny h\u00e9t ut\u00e1n is cs\u00f6kken\u0151 h\u00faz\u00f3er\u0151t mutat. Az ut\u00f3bbi \u00e9vekben egyre t\u00f6bb alacsony min\u0151s\u00e9g\u0171 m\u00e1gnes jelent meg a piacon: nagyobb m\u00e9ret, de kisebb h\u00faz\u00f3er\u0151, sil\u00e1ny neod\u00edmium \u00e9s f\u00e9lrevezet\u0151 rekl\u00e1mok. Ha ilyen m\u00e1gnest veszel alacsonyabb \u00e1ron vagy egy nagyv\u00e1llalatn\u00e1l, csal\u00f3dni fogsz, m\u00e9g ha sp\u00f3rolt\u00e1l is.<\/p>\n<p>A Magnetar egy kis, csal\u00e1di v\u00e1llalkoz\u00e1s, ahol a min\u0151s\u00e9g az els\u0151. Minden m\u00e1gnes\u00fcnket a csapatunk tervezi, gy\u00e1rtja \u00e9s teszteli, hogy a lehet\u0151 legjobb \u00e9rt\u00e9ket kapd. Ha megb\u00edzhat\u00f3, hat\u00e9kony \u00e9s er\u0151s horg\u00e1sz m\u00e1gnesre v\u00e1gysz, j\u00f3 helyen j\u00e1rsz. Sz\u00edvesen v\u00e1rjuk visszajelz\u00e9sedet, <a href=\"mailto:info@magnetarmagnets.nl\">\u00edrj nek\u00fcnk<\/a>.<\/p>\n<h2><b>\u00d3vatosan haszn\u00e1ld<\/b><\/h2>\n<p>A neod\u00edmium m\u00e1gnesek rendk\u00edv\u00fcl er\u0151sek, \u00e9s nagy sebess\u00e9ggel vonz\u00f3dhatnak vas t\u00e1rgyakhoz, ha k\u00f6zel ker\u00fclnek. Az er\u0151sebb m\u00e1gnesekn\u00e9l, mint a 360\u00b0-os univerz\u00e1lis t\u00edpus, fenn\u00e1ll a vesz\u00e9lye, hogy az ujjaid beszorulnak a m\u00e1gnes \u00e9s m\u00e1s t\u00e1rgyak k\u00f6z\u00e9. Kezeld gondosan a m\u00e1gnest, \u00e9s haszn\u00e1ld saj\u00e1t felel\u0151ss\u00e9gre. Mindig olvasd el a biztons\u00e1gi figyelmeztet\u00e9seket haszn\u00e1lat el\u0151tt.<\/p>\n<p>* A gyerekek csak sz\u00fcl\u0151i fel\u00fcgyelettel haszn\u00e1lhatj\u00e1k a m\u00e1gnest.<\/p>\n<p>Ne felejtsd el megn\u00e9zni <a href=\"https:\/\/test.magnetarmagnets.com\/magnet-fishing-kit\/\" target=\"_blank\" rel=\"noopener\">m\u00e1gneses horg\u00e1szk\u00e9szleteinket<\/a> \u00e9s <a href=\"https:\/\/test.magnetarmagnets.com\/accessories\/\" target=\"_blank\" rel=\"noopener\">m\u00e1gneses horg\u00e1szeszk\u00f6zeinket<\/a>.<\/p>\n","protected":false},"excerpt":{"rendered":"<p>Kezdd el k\u00f6vetkez\u0151 kalandodat ezzel a <strong>egyr\u00e9teg\u0171 horg\u00e1sz m\u00e1gnessel<\/strong>. Ez a m\u00e1gnes <strong>\u00fct\u00e9s\u00e1ll\u00f3<\/strong>, az eg\u00e9sz csal\u00e1d sz\u00e1m\u00e1ra <strong>alkalmas<\/strong> \u00e9s <strong>k\u00f6nnyen haszn\u00e1lhat\u00f3<\/strong>. A Classic 300 horg\u00e1sz m\u00e1gnes megb\u00edzhat\u00f3nak bizonyult.<\/p>\n","protected":false},"featured_media":80541,"comment_status":"open","ping_status":"closed","template":"","meta":{"_acf_changed":false,"inline_featured_image":false},"product_brand":[],"product_cat":[531,542,528,541,1004],"product_tag":[],"class_list":{"0":"post-82570","1":"product","2":"type-product","3":"status-publish","4":"has-post-thumbnail","6":"product_cat-egyoldalas-horgasz-magnesek","7":"product_cat-halado-kalandorok","8":"product_cat-horgasz-magnesek","9":"product_cat-kezdok-es-gyerekek","10":"product_cat-osszes-termek","12":"first","13":"instock","14":"taxable","15":"shipping-taxable","16":"purchasable","17":"product-type-simple"},"acf":[],"yoast_head":"<!-- This site is optimized with the Yoast SEO plugin v27.6 - https:\/\/yoast.com\/product\/yoast-seo-wordpress\/ -->\n<title>Magnetar horg\u00e1sz m\u00e1gnes 300 kg, rendk\u00edv\u00fcl er\u0151s! Kiv\u00e1l\u00f3 min\u0151s\u00e9g!<\/title>\n<meta name=\"description\" content=\"Magnetar horg\u00e1sz m\u00e1gnes 300 kg m\u00e1gnes horg\u00e1szathoz, rendk\u00edv\u00fcl er\u0151s! Kiv\u00e1l\u00f3 min\u0151s\u00e9g! Sz\u00e9les term\u00e9kv\u00e1laszt\u00e9k! N\u00e9zd meg boltunkat!\" \/>\n<meta name=\"robots\" content=\"index, follow, max-snippet:-1, max-image-preview:large, max-video-preview:-1\" \/>\n<link rel=\"canonical\" href=\"https:\/\/test.magnetarmagnets.com\/hu\/shop\/classic-horgasz-magnes-300-kg-egyoldalas\/\" \/>\n<meta property=\"og:locale\" content=\"hu_HU\" \/>\n<meta property=\"og:type\" content=\"article\" \/>\n<meta property=\"og:title\" content=\"Magnetar horg\u00e1sz m\u00e1gnes 300 kg, rendk\u00edv\u00fcl er\u0151s! Kiv\u00e1l\u00f3 min\u0151s\u00e9g!\" \/>\n<meta property=\"og:description\" content=\"Magnetar horg\u00e1sz m\u00e1gnes 300 kg m\u00e1gnes horg\u00e1szathoz, rendk\u00edv\u00fcl er\u0151s! Kiv\u00e1l\u00f3 min\u0151s\u00e9g! Sz\u00e9les term\u00e9kv\u00e1laszt\u00e9k! N\u00e9zd meg boltunkat!\" \/>\n<meta property=\"og:url\" content=\"https:\/\/test.magnetarmagnets.com\/hu\/shop\/classic-horgasz-magnes-300-kg-egyoldalas\/\" \/>\n<meta property=\"og:site_name\" content=\"Magnet fishing with a Magnetar fishing magnet\" \/>\n<meta property=\"article:publisher\" content=\"https:\/\/www.facebook.com\/fishingmagnets\/\" \/>\n<meta property=\"article:modified_time\" content=\"2025-07-14T11:43:18+00:00\" \/>\n<meta property=\"og:image\" content=\"https:\/\/test.magnetarmagnets.com\/wp-content\/uploads\/2020\/05\/Classic-250.jpg\" \/>\n\t<meta property=\"og:image:width\" content=\"1000\" \/>\n\t<meta property=\"og:image:height\" content=\"1000\" \/>\n\t<meta property=\"og:image:type\" content=\"image\/jpeg\" \/>\n<meta name=\"twitter:card\" content=\"summary_large_image\" \/>\n<meta name=\"twitter:label1\" content=\"Becs\u00fclt olvas\u00e1si id\u0151\" \/>\n\t<meta name=\"twitter:data1\" content=\"3 perc\" \/>\n<script type=\"application\/ld+json\" class=\"yoast-schema-graph\">{\"@context\":\"https:\\\/\\\/schema.org\",\"@graph\":[{\"@type\":[\"WebPage\",\"ItemPage\"],\"@id\":\"https:\\\/\\\/test.magnetarmagnets.com\\\/hu\\\/shop\\\/classic-horgasz-magnes-300-kg-egyoldalas\\\/\",\"url\":\"https:\\\/\\\/test.magnetarmagnets.com\\\/hu\\\/shop\\\/classic-horgasz-magnes-300-kg-egyoldalas\\\/\",\"name\":\"Magnetar horg\u00e1sz m\u00e1gnes 300 kg, rendk\u00edv\u00fcl er\u0151s! Kiv\u00e1l\u00f3 min\u0151s\u00e9g!\",\"isPartOf\":{\"@id\":\"https:\\\/\\\/test.magnetarmagnets.com\\\/hu\\\/#website\"},\"primaryImageOfPage\":{\"@id\":\"https:\\\/\\\/test.magnetarmagnets.com\\\/hu\\\/shop\\\/classic-horgasz-magnes-300-kg-egyoldalas\\\/#primaryimage\"},\"image\":{\"@id\":\"https:\\\/\\\/test.magnetarmagnets.com\\\/hu\\\/shop\\\/classic-horgasz-magnes-300-kg-egyoldalas\\\/#primaryimage\"},\"thumbnailUrl\":\"https:\\\/\\\/test.magnetarmagnets.com\\\/wp-content\\\/uploads\\\/2020\\\/05\\\/Classic-250.jpg\",\"datePublished\":\"2025-06-05T07:54:40+00:00\",\"dateModified\":\"2025-07-14T11:43:18+00:00\",\"description\":\"Magnetar horg\u00e1sz m\u00e1gnes 300 kg m\u00e1gnes horg\u00e1szathoz, rendk\u00edv\u00fcl er\u0151s! Kiv\u00e1l\u00f3 min\u0151s\u00e9g! Sz\u00e9les term\u00e9kv\u00e1laszt\u00e9k! N\u00e9zd meg boltunkat!\",\"breadcrumb\":{\"@id\":\"https:\\\/\\\/test.magnetarmagnets.com\\\/hu\\\/shop\\\/classic-horgasz-magnes-300-kg-egyoldalas\\\/#breadcrumb\"},\"inLanguage\":\"hu\",\"potentialAction\":[{\"@type\":\"ReadAction\",\"target\":[\"https:\\\/\\\/test.magnetarmagnets.com\\\/hu\\\/shop\\\/classic-horgasz-magnes-300-kg-egyoldalas\\\/\"]}]},{\"@type\":\"ImageObject\",\"inLanguage\":\"hu\",\"@id\":\"https:\\\/\\\/test.magnetarmagnets.com\\\/hu\\\/shop\\\/classic-horgasz-magnes-300-kg-egyoldalas\\\/#primaryimage\",\"url\":\"https:\\\/\\\/test.magnetarmagnets.com\\\/wp-content\\\/uploads\\\/2020\\\/05\\\/Classic-250.jpg\",\"contentUrl\":\"https:\\\/\\\/test.magnetarmagnets.com\\\/wp-content\\\/uploads\\\/2020\\\/05\\\/Classic-250.jpg\",\"width\":1000,\"height\":1000,\"caption\":\"Classic 300 fishing magnet\"},{\"@type\":\"BreadcrumbList\",\"@id\":\"https:\\\/\\\/test.magnetarmagnets.com\\\/hu\\\/shop\\\/classic-horgasz-magnes-300-kg-egyoldalas\\\/#breadcrumb\",\"itemListElement\":[{\"@type\":\"ListItem\",\"position\":1,\"name\":\"Home\",\"item\":\"https:\\\/\\\/test.magnetarmagnets.com\\\/hu\\\/\"},{\"@type\":\"ListItem\",\"position\":2,\"name\":\"Webshop\",\"item\":\"https:\\\/\\\/test.magnetarmagnets.com\\\/hu\\\/webshop\\\/\"},{\"@type\":\"ListItem\",\"position\":3,\"name\":\"Horg\u00e1sz m\u00e1gnesek\",\"item\":\"https:\\\/\\\/test.magnetarmagnets.com\\\/hu\\\/collections\\\/horgasz-magnesek\\\/\"},{\"@type\":\"ListItem\",\"position\":4,\"name\":\"Egyoldalas horg\u00e1sz m\u00e1gnesek\",\"item\":\"https:\\\/\\\/test.magnetarmagnets.com\\\/hu\\\/collections\\\/horgasz-magnesek\\\/egyoldalas-horgasz-magnesek\\\/\"},{\"@type\":\"ListItem\",\"position\":5,\"name\":\"Classic horg\u00e1sz m\u00e1gnes \u2013 300 kg \u2013 egyoldalas\"}]},{\"@type\":\"WebSite\",\"@id\":\"https:\\\/\\\/test.magnetarmagnets.com\\\/hu\\\/#website\",\"url\":\"https:\\\/\\\/test.magnetarmagnets.com\\\/hu\\\/\",\"name\":\"Magnet fishing with a Magnetar fishing magnet\",\"description\":\"Powerful magnets for magnet fishing\",\"publisher\":{\"@id\":\"https:\\\/\\\/test.magnetarmagnets.com\\\/hu\\\/#organization\"},\"potentialAction\":[{\"@type\":\"SearchAction\",\"target\":{\"@type\":\"EntryPoint\",\"urlTemplate\":\"https:\\\/\\\/test.magnetarmagnets.com\\\/hu\\\/?s={search_term_string}\"},\"query-input\":{\"@type\":\"PropertyValueSpecification\",\"valueRequired\":true,\"valueName\":\"search_term_string\"}}],\"inLanguage\":\"hu\"},{\"@type\":\"Organization\",\"@id\":\"https:\\\/\\\/test.magnetarmagnets.com\\\/hu\\\/#organization\",\"name\":\"Magnetar\",\"url\":\"https:\\\/\\\/test.magnetarmagnets.com\\\/hu\\\/\",\"logo\":{\"@type\":\"ImageObject\",\"inLanguage\":\"hu\",\"@id\":\"https:\\\/\\\/test.magnetarmagnets.com\\\/hu\\\/#\\\/schema\\\/logo\\\/image\\\/\",\"url\":\"https:\\\/\\\/magnetarmagnets.com\\\/wp-content\\\/uploads\\\/2021\\\/01\\\/magnetarvismagneet_logo.png\",\"contentUrl\":\"https:\\\/\\\/magnetarmagnets.com\\\/wp-content\\\/uploads\\\/2021\\\/01\\\/magnetarvismagneet_logo.png\",\"width\":209,\"height\":100,\"caption\":\"Magnetar\"},\"image\":{\"@id\":\"https:\\\/\\\/test.magnetarmagnets.com\\\/hu\\\/#\\\/schema\\\/logo\\\/image\\\/\"},\"sameAs\":[\"https:\\\/\\\/www.facebook.com\\\/fishingmagnets\\\/\",\"https:\\\/\\\/www.instagram.com\\\/magnetar_magnets\\\/\",\"https:\\\/\\\/www.linkedin.com\\\/company\\\/magnetarbv\\\/?originalSubdomain=nl\",\"https:\\\/\\\/www.youtube.com\\\/c\\\/MagnetarVismagneet\"]}]}<\/script>\n<!-- \/ Yoast SEO plugin. -->","yoast_head_json":{"title":"Magnetar horg\u00e1sz m\u00e1gnes 300 kg, rendk\u00edv\u00fcl er\u0151s! Kiv\u00e1l\u00f3 min\u0151s\u00e9g!","description":"Magnetar horg\u00e1sz m\u00e1gnes 300 kg m\u00e1gnes horg\u00e1szathoz, rendk\u00edv\u00fcl er\u0151s! Kiv\u00e1l\u00f3 min\u0151s\u00e9g! Sz\u00e9les term\u00e9kv\u00e1laszt\u00e9k! N\u00e9zd meg boltunkat!","robots":{"index":"index","follow":"follow","max-snippet":"max-snippet:-1","max-image-preview":"max-image-preview:large","max-video-preview":"max-video-preview:-1"},"canonical":"https:\/\/test.magnetarmagnets.com\/hu\/shop\/classic-horgasz-magnes-300-kg-egyoldalas\/","og_locale":"hu_HU","og_type":"article","og_title":"Magnetar horg\u00e1sz m\u00e1gnes 300 kg, rendk\u00edv\u00fcl er\u0151s! Kiv\u00e1l\u00f3 min\u0151s\u00e9g!","og_description":"Magnetar horg\u00e1sz m\u00e1gnes 300 kg m\u00e1gnes horg\u00e1szathoz, rendk\u00edv\u00fcl er\u0151s! Kiv\u00e1l\u00f3 min\u0151s\u00e9g! Sz\u00e9les term\u00e9kv\u00e1laszt\u00e9k! N\u00e9zd meg boltunkat!","og_url":"https:\/\/test.magnetarmagnets.com\/hu\/shop\/classic-horgasz-magnes-300-kg-egyoldalas\/","og_site_name":"Magnet fishing with a Magnetar fishing magnet","article_publisher":"https:\/\/www.facebook.com\/fishingmagnets\/","article_modified_time":"2025-07-14T11:43:18+00:00","og_image":[{"width":1000,"height":1000,"url":"https:\/\/test.magnetarmagnets.com\/wp-content\/uploads\/2020\/05\/Classic-250.jpg","type":"image\/jpeg"}],"twitter_card":"summary_large_image","twitter_misc":{"Becs\u00fclt olvas\u00e1si id\u0151":"3 perc"},"schema":{"@context":"https:\/\/schema.org","@graph":[{"@type":["WebPage","ItemPage"],"@id":"https:\/\/test.magnetarmagnets.com\/hu\/shop\/classic-horgasz-magnes-300-kg-egyoldalas\/","url":"https:\/\/test.magnetarmagnets.com\/hu\/shop\/classic-horgasz-magnes-300-kg-egyoldalas\/","name":"Magnetar horg\u00e1sz m\u00e1gnes 300 kg, rendk\u00edv\u00fcl er\u0151s! Kiv\u00e1l\u00f3 min\u0151s\u00e9g!","isPartOf":{"@id":"https:\/\/test.magnetarmagnets.com\/hu\/#website"},"primaryImageOfPage":{"@id":"https:\/\/test.magnetarmagnets.com\/hu\/shop\/classic-horgasz-magnes-300-kg-egyoldalas\/#primaryimage"},"image":{"@id":"https:\/\/test.magnetarmagnets.com\/hu\/shop\/classic-horgasz-magnes-300-kg-egyoldalas\/#primaryimage"},"thumbnailUrl":"https:\/\/test.magnetarmagnets.com\/wp-content\/uploads\/2020\/05\/Classic-250.jpg","datePublished":"2025-06-05T07:54:40+00:00","dateModified":"2025-07-14T11:43:18+00:00","description":"Magnetar horg\u00e1sz m\u00e1gnes 300 kg m\u00e1gnes horg\u00e1szathoz, rendk\u00edv\u00fcl er\u0151s! Kiv\u00e1l\u00f3 min\u0151s\u00e9g! Sz\u00e9les term\u00e9kv\u00e1laszt\u00e9k! N\u00e9zd meg boltunkat!","breadcrumb":{"@id":"https:\/\/test.magnetarmagnets.com\/hu\/shop\/classic-horgasz-magnes-300-kg-egyoldalas\/#breadcrumb"},"inLanguage":"hu","potentialAction":[{"@type":"ReadAction","target":["https:\/\/test.magnetarmagnets.com\/hu\/shop\/classic-horgasz-magnes-300-kg-egyoldalas\/"]}]},{"@type":"ImageObject","inLanguage":"hu","@id":"https:\/\/test.magnetarmagnets.com\/hu\/shop\/classic-horgasz-magnes-300-kg-egyoldalas\/#primaryimage","url":"https:\/\/test.magnetarmagnets.com\/wp-content\/uploads\/2020\/05\/Classic-250.jpg","contentUrl":"https:\/\/test.magnetarmagnets.com\/wp-content\/uploads\/2020\/05\/Classic-250.jpg","width":1000,"height":1000,"caption":"Classic 300 fishing magnet"},{"@type":"BreadcrumbList","@id":"https:\/\/test.magnetarmagnets.com\/hu\/shop\/classic-horgasz-magnes-300-kg-egyoldalas\/#breadcrumb","itemListElement":[{"@type":"ListItem","position":1,"name":"Home","item":"https:\/\/test.magnetarmagnets.com\/hu\/"},{"@type":"ListItem","position":2,"name":"Webshop","item":"https:\/\/test.magnetarmagnets.com\/hu\/webshop\/"},{"@type":"ListItem","position":3,"name":"Horg\u00e1sz m\u00e1gnesek","item":"https:\/\/test.magnetarmagnets.com\/hu\/collections\/horgasz-magnesek\/"},{"@type":"ListItem","position":4,"name":"Egyoldalas horg\u00e1sz m\u00e1gnesek","item":"https:\/\/test.magnetarmagnets.com\/hu\/collections\/horgasz-magnesek\/egyoldalas-horgasz-magnesek\/"},{"@type":"ListItem","position":5,"name":"Classic horg\u00e1sz m\u00e1gnes \u2013 300 kg \u2013 egyoldalas"}]},{"@type":"WebSite","@id":"https:\/\/test.magnetarmagnets.com\/hu\/#website","url":"https:\/\/test.magnetarmagnets.com\/hu\/","name":"Magnet fishing with a Magnetar fishing magnet","description":"Powerful magnets for magnet fishing","publisher":{"@id":"https:\/\/test.magnetarmagnets.com\/hu\/#organization"},"potentialAction":[{"@type":"SearchAction","target":{"@type":"EntryPoint","urlTemplate":"https:\/\/test.magnetarmagnets.com\/hu\/?s={search_term_string}"},"query-input":{"@type":"PropertyValueSpecification","valueRequired":true,"valueName":"search_term_string"}}],"inLanguage":"hu"},{"@type":"Organization","@id":"https:\/\/test.magnetarmagnets.com\/hu\/#organization","name":"Magnetar","url":"https:\/\/test.magnetarmagnets.com\/hu\/","logo":{"@type":"ImageObject","inLanguage":"hu","@id":"https:\/\/test.magnetarmagnets.com\/hu\/#\/schema\/logo\/image\/","url":"https:\/\/magnetarmagnets.com\/wp-content\/uploads\/2021\/01\/magnetarvismagneet_logo.png","contentUrl":"https:\/\/magnetarmagnets.com\/wp-content\/uploads\/2021\/01\/magnetarvismagneet_logo.png","width":209,"height":100,"caption":"Magnetar"},"image":{"@id":"https:\/\/test.magnetarmagnets.com\/hu\/#\/schema\/logo\/image\/"},"sameAs":["https:\/\/www.facebook.com\/fishingmagnets\/","https:\/\/www.instagram.com\/magnetar_magnets\/","https:\/\/www.linkedin.com\/company\/magnetarbv\/?originalSubdomain=nl","https:\/\/www.youtube.com\/c\/MagnetarVismagneet"]}]}},"_links":{"self":[{"href":"https:\/\/test.magnetarmagnets.com\/hu\/wp-json\/wp\/v2\/product\/82570","targetHints":{"allow":["GET"]}}],"collection":[{"href":"https:\/\/test.magnetarmagnets.com\/hu\/wp-json\/wp\/v2\/product"}],"about":[{"href":"https:\/\/test.magnetarmagnets.com\/hu\/wp-json\/wp\/v2\/types\/product"}],"replies":[{"embeddable":true,"href":"https:\/\/test.magnetarmagnets.com\/hu\/wp-json\/wp\/v2\/comments?post=82570"}],"wp:featuredmedia":[{"embeddable":true,"href":"https:\/\/test.magnetarmagnets.com\/hu\/wp-json\/wp\/v2\/media\/80541"}],"wp:attachment":[{"href":"https:\/\/test.magnetarmagnets.com\/hu\/wp-json\/wp\/v2\/media?parent=82570"}],"wp:term":[{"taxonomy":"product_brand","embeddable":true,"href":"https:\/\/test.magnetarmagnets.com\/hu\/wp-json\/wp\/v2\/product_brand?post=82570"},{"taxonomy":"product_cat","embeddable":true,"href":"https:\/\/test.magnetarmagnets.com\/hu\/wp-json\/wp\/v2\/product_cat?post=82570"},{"taxonomy":"product_tag","embeddable":true,"href":"https:\/\/test.magnetarmagnets.com\/hu\/wp-json\/wp\/v2\/product_tag?post=82570"}],"curies":[{"name":"wp","href":"https:\/\/api.w.org\/{rel}","templated":true}]}}