{"id":74994,"date":"2014-03-21T18:18:31","date_gmt":"2014-03-21T17:18:31","guid":{"rendered":"https:\/\/magnetarmagnets.com\/gyik\/"},"modified":"2025-09-08T11:50:04","modified_gmt":"2025-09-08T09:50:04","slug":"gyik","status":"publish","type":"page","link":"https:\/\/test.magnetarmagnets.com\/hu\/gyik\/","title":{"rendered":"GYIK"},"content":{"rendered":"\n<h2 class=\"wp-block-heading\">M\u00e1gnes horg\u00e1szat<\/h2>\n\n<hr class=\"wp-block-separator has-css-opacity is-style-wide\"\/>\n\n<h2 class=\"wp-block-heading\">Horg\u00e1sz m\u00e1gnesek \u00e9s kieg\u00e9sz\u00edt\u0151k<\/h2>\n\n<hr class=\"wp-block-separator has-css-opacity is-style-wide\"\/>\n\n<h2 class=\"wp-block-heading\">Term\u00e9keink<\/h2>\n\n<h2 class=\"wp-block-heading\">Szolg\u00e1ltat\u00e1saink<\/h2>\n\n<p><\/p>\n","protected":false},"excerpt":{"rendered":"<p>M\u00e1gnes horg\u00e1szat Horg\u00e1sz m\u00e1gnesek \u00e9s kieg\u00e9sz\u00edt\u0151k Term\u00e9keink Szolg\u00e1ltat\u00e1saink<\/p>\n","protected":false},"author":1,"featured_media":74110,"parent":0,"menu_order":0,"comment_status":"closed","ping_status":"closed","template":"","meta":{"_acf_changed":false,"inline_featured_image":false,"footnotes":""},"class_list":["post-74994","page","type-page","status-publish","has-post-thumbnail","hentry"],"acf":[],"yoast_head":"<!-- This site is optimized with the Yoast SEO plugin v27.5 - https:\/\/yoast.com\/product\/yoast-seo-wordpress\/ -->\n<title>Seg\u00edts\u00e9g &amp; GYIK | Magnetar \u2013 a legjobb \u00e9s leghat\u00e9konyabb horg\u00e1sz m\u00e1gnes<\/title>\n<meta name=\"description\" content=\"T\u00f6bbet szeretn\u00e9l tudni term\u00e9keinkr\u0151l \u00e9s \u00fcgyf\u00e9lszolg\u00e1latunkr\u00f3l? GYIK oldalunkon a leggyakoribb k\u00e9rd\u00e9sekre adunk v\u00e1laszt.\" \/>\n<meta name=\"robots\" content=\"noindex, nofollow\" \/>\n<meta property=\"og:locale\" content=\"hu_HU\" \/>\n<meta property=\"og:type\" content=\"article\" \/>\n<meta property=\"og:title\" content=\"Seg\u00edts\u00e9g &amp; GYIK | Magnetar \u2013 a legjobb \u00e9s leghat\u00e9konyabb horg\u00e1sz m\u00e1gnes\" \/>\n<meta property=\"og:description\" content=\"T\u00f6bbet szeretn\u00e9l tudni term\u00e9keinkr\u0151l \u00e9s \u00fcgyf\u00e9lszolg\u00e1latunkr\u00f3l? GYIK oldalunkon a leggyakoribb k\u00e9rd\u00e9sekre adunk v\u00e1laszt.\" \/>\n<meta property=\"og:url\" content=\"https:\/\/test.magnetarmagnets.com\/hu\/gyik\/\" \/>\n<meta property=\"og:site_name\" content=\"Magnet fishing with a Magnetar fishing magnet\" \/>\n<meta property=\"article:publisher\" content=\"https:\/\/www.facebook.com\/fishingmagnets\/\" \/>\n<meta property=\"article:modified_time\" content=\"2025-09-08T09:50:04+00:00\" \/>\n<meta property=\"og:image\" content=\"https:\/\/test.magnetarmagnets.com\/wp-content\/uploads\/2024\/03\/JNF-Magnetar-B.V.-Bedrijfsfotografie-20-09-2023-Foto-2614-scaled.jpg\" \/>\n\t<meta property=\"og:image:width\" content=\"2560\" \/>\n\t<meta property=\"og:image:height\" content=\"1440\" \/>\n\t<meta property=\"og:image:type\" content=\"image\/jpeg\" \/>\n<meta name=\"twitter:card\" content=\"summary_large_image\" \/>\n<script type=\"application\/ld+json\" class=\"yoast-schema-graph\">{\"@context\":\"https:\\\/\\\/schema.org\",\"@graph\":[{\"@type\":\"WebPage\",\"@id\":\"https:\\\/\\\/test.magnetarmagnets.com\\\/hu\\\/gyik\\\/\",\"url\":\"https:\\\/\\\/test.magnetarmagnets.com\\\/hu\\\/gyik\\\/\",\"name\":\"Seg\u00edts\u00e9g & GYIK | Magnetar \u2013 a legjobb \u00e9s leghat\u00e9konyabb horg\u00e1sz m\u00e1gnes\",\"isPartOf\":{\"@id\":\"https:\\\/\\\/test.magnetarmagnets.com\\\/hu\\\/#website\"},\"primaryImageOfPage\":{\"@id\":\"https:\\\/\\\/test.magnetarmagnets.com\\\/hu\\\/gyik\\\/#primaryimage\"},\"image\":{\"@id\":\"https:\\\/\\\/test.magnetarmagnets.com\\\/hu\\\/gyik\\\/#primaryimage\"},\"thumbnailUrl\":\"https:\\\/\\\/test.magnetarmagnets.com\\\/wp-content\\\/uploads\\\/2024\\\/03\\\/JNF-Magnetar-B.V.-Bedrijfsfotografie-20-09-2023-Foto-2614-scaled.jpg\",\"datePublished\":\"2014-03-21T17:18:31+00:00\",\"dateModified\":\"2025-09-08T09:50:04+00:00\",\"description\":\"T\u00f6bbet szeretn\u00e9l tudni term\u00e9keinkr\u0151l \u00e9s \u00fcgyf\u00e9lszolg\u00e1latunkr\u00f3l? GYIK oldalunkon a leggyakoribb k\u00e9rd\u00e9sekre adunk v\u00e1laszt.\",\"breadcrumb\":{\"@id\":\"https:\\\/\\\/test.magnetarmagnets.com\\\/hu\\\/gyik\\\/#breadcrumb\"},\"inLanguage\":\"hu\",\"potentialAction\":[{\"@type\":\"ReadAction\",\"target\":[\"https:\\\/\\\/test.magnetarmagnets.com\\\/hu\\\/gyik\\\/\"]}]},{\"@type\":\"ImageObject\",\"inLanguage\":\"hu\",\"@id\":\"https:\\\/\\\/test.magnetarmagnets.com\\\/hu\\\/gyik\\\/#primaryimage\",\"url\":\"https:\\\/\\\/test.magnetarmagnets.com\\\/wp-content\\\/uploads\\\/2024\\\/03\\\/JNF-Magnetar-B.V.-Bedrijfsfotografie-20-09-2023-Foto-2614-scaled.jpg\",\"contentUrl\":\"https:\\\/\\\/test.magnetarmagnets.com\\\/wp-content\\\/uploads\\\/2024\\\/03\\\/JNF-Magnetar-B.V.-Bedrijfsfotografie-20-09-2023-Foto-2614-scaled.jpg\",\"width\":2560,\"height\":1440,\"caption\":\"FAQ pagina\"},{\"@type\":\"BreadcrumbList\",\"@id\":\"https:\\\/\\\/test.magnetarmagnets.com\\\/hu\\\/gyik\\\/#breadcrumb\",\"itemListElement\":[{\"@type\":\"ListItem\",\"position\":1,\"name\":\"Home\",\"item\":\"https:\\\/\\\/test.magnetarmagnets.com\\\/hu\\\/\"},{\"@type\":\"ListItem\",\"position\":2,\"name\":\"GYIK\"}]},{\"@type\":\"WebSite\",\"@id\":\"https:\\\/\\\/test.magnetarmagnets.com\\\/hu\\\/#website\",\"url\":\"https:\\\/\\\/test.magnetarmagnets.com\\\/hu\\\/\",\"name\":\"Magnet fishing with a Magnetar fishing magnet\",\"description\":\"Powerful magnets for magnet fishing\",\"publisher\":{\"@id\":\"https:\\\/\\\/test.magnetarmagnets.com\\\/hu\\\/#organization\"},\"potentialAction\":[{\"@type\":\"SearchAction\",\"target\":{\"@type\":\"EntryPoint\",\"urlTemplate\":\"https:\\\/\\\/test.magnetarmagnets.com\\\/hu\\\/?s={search_term_string}\"},\"query-input\":{\"@type\":\"PropertyValueSpecification\",\"valueRequired\":true,\"valueName\":\"search_term_string\"}}],\"inLanguage\":\"hu\"},{\"@type\":\"Organization\",\"@id\":\"https:\\\/\\\/test.magnetarmagnets.com\\\/hu\\\/#organization\",\"name\":\"Magnetar\",\"url\":\"https:\\\/\\\/test.magnetarmagnets.com\\\/hu\\\/\",\"logo\":{\"@type\":\"ImageObject\",\"inLanguage\":\"hu\",\"@id\":\"https:\\\/\\\/test.magnetarmagnets.com\\\/hu\\\/#\\\/schema\\\/logo\\\/image\\\/\",\"url\":\"https:\\\/\\\/magnetarmagnets.com\\\/wp-content\\\/uploads\\\/2021\\\/01\\\/magnetarvismagneet_logo.png\",\"contentUrl\":\"https:\\\/\\\/magnetarmagnets.com\\\/wp-content\\\/uploads\\\/2021\\\/01\\\/magnetarvismagneet_logo.png\",\"width\":209,\"height\":100,\"caption\":\"Magnetar\"},\"image\":{\"@id\":\"https:\\\/\\\/test.magnetarmagnets.com\\\/hu\\\/#\\\/schema\\\/logo\\\/image\\\/\"},\"sameAs\":[\"https:\\\/\\\/www.facebook.com\\\/fishingmagnets\\\/\",\"https:\\\/\\\/www.instagram.com\\\/magnetar_magnets\\\/\",\"https:\\\/\\\/www.linkedin.com\\\/company\\\/magnetarbv\\\/?originalSubdomain=nl\",\"https:\\\/\\\/www.youtube.com\\\/c\\\/MagnetarVismagneet\"]}]}<\/script>\n<!-- \/ Yoast SEO plugin. -->","yoast_head_json":{"title":"Seg\u00edts\u00e9g & GYIK | Magnetar \u2013 a legjobb \u00e9s leghat\u00e9konyabb horg\u00e1sz m\u00e1gnes","description":"T\u00f6bbet szeretn\u00e9l tudni term\u00e9keinkr\u0151l \u00e9s \u00fcgyf\u00e9lszolg\u00e1latunkr\u00f3l? GYIK oldalunkon a leggyakoribb k\u00e9rd\u00e9sekre adunk v\u00e1laszt.","robots":{"index":"noindex","follow":"nofollow"},"og_locale":"hu_HU","og_type":"article","og_title":"Seg\u00edts\u00e9g & GYIK | Magnetar \u2013 a legjobb \u00e9s leghat\u00e9konyabb horg\u00e1sz m\u00e1gnes","og_description":"T\u00f6bbet szeretn\u00e9l tudni term\u00e9keinkr\u0151l \u00e9s \u00fcgyf\u00e9lszolg\u00e1latunkr\u00f3l? GYIK oldalunkon a leggyakoribb k\u00e9rd\u00e9sekre adunk v\u00e1laszt.","og_url":"https:\/\/test.magnetarmagnets.com\/hu\/gyik\/","og_site_name":"Magnet fishing with a Magnetar fishing magnet","article_publisher":"https:\/\/www.facebook.com\/fishingmagnets\/","article_modified_time":"2025-09-08T09:50:04+00:00","og_image":[{"width":2560,"height":1440,"url":"https:\/\/test.magnetarmagnets.com\/wp-content\/uploads\/2024\/03\/JNF-Magnetar-B.V.-Bedrijfsfotografie-20-09-2023-Foto-2614-scaled.jpg","type":"image\/jpeg"}],"twitter_card":"summary_large_image","schema":{"@context":"https:\/\/schema.org","@graph":[{"@type":"WebPage","@id":"https:\/\/test.magnetarmagnets.com\/hu\/gyik\/","url":"https:\/\/test.magnetarmagnets.com\/hu\/gyik\/","name":"Seg\u00edts\u00e9g & GYIK | Magnetar \u2013 a legjobb \u00e9s leghat\u00e9konyabb horg\u00e1sz m\u00e1gnes","isPartOf":{"@id":"https:\/\/test.magnetarmagnets.com\/hu\/#website"},"primaryImageOfPage":{"@id":"https:\/\/test.magnetarmagnets.com\/hu\/gyik\/#primaryimage"},"image":{"@id":"https:\/\/test.magnetarmagnets.com\/hu\/gyik\/#primaryimage"},"thumbnailUrl":"https:\/\/test.magnetarmagnets.com\/wp-content\/uploads\/2024\/03\/JNF-Magnetar-B.V.-Bedrijfsfotografie-20-09-2023-Foto-2614-scaled.jpg","datePublished":"2014-03-21T17:18:31+00:00","dateModified":"2025-09-08T09:50:04+00:00","description":"T\u00f6bbet szeretn\u00e9l tudni term\u00e9keinkr\u0151l \u00e9s \u00fcgyf\u00e9lszolg\u00e1latunkr\u00f3l? GYIK oldalunkon a leggyakoribb k\u00e9rd\u00e9sekre adunk v\u00e1laszt.","breadcrumb":{"@id":"https:\/\/test.magnetarmagnets.com\/hu\/gyik\/#breadcrumb"},"inLanguage":"hu","potentialAction":[{"@type":"ReadAction","target":["https:\/\/test.magnetarmagnets.com\/hu\/gyik\/"]}]},{"@type":"ImageObject","inLanguage":"hu","@id":"https:\/\/test.magnetarmagnets.com\/hu\/gyik\/#primaryimage","url":"https:\/\/test.magnetarmagnets.com\/wp-content\/uploads\/2024\/03\/JNF-Magnetar-B.V.-Bedrijfsfotografie-20-09-2023-Foto-2614-scaled.jpg","contentUrl":"https:\/\/test.magnetarmagnets.com\/wp-content\/uploads\/2024\/03\/JNF-Magnetar-B.V.-Bedrijfsfotografie-20-09-2023-Foto-2614-scaled.jpg","width":2560,"height":1440,"caption":"FAQ pagina"},{"@type":"BreadcrumbList","@id":"https:\/\/test.magnetarmagnets.com\/hu\/gyik\/#breadcrumb","itemListElement":[{"@type":"ListItem","position":1,"name":"Home","item":"https:\/\/test.magnetarmagnets.com\/hu\/"},{"@type":"ListItem","position":2,"name":"GYIK"}]},{"@type":"WebSite","@id":"https:\/\/test.magnetarmagnets.com\/hu\/#website","url":"https:\/\/test.magnetarmagnets.com\/hu\/","name":"Magnet fishing with a Magnetar fishing magnet","description":"Powerful magnets for magnet fishing","publisher":{"@id":"https:\/\/test.magnetarmagnets.com\/hu\/#organization"},"potentialAction":[{"@type":"SearchAction","target":{"@type":"EntryPoint","urlTemplate":"https:\/\/test.magnetarmagnets.com\/hu\/?s={search_term_string}"},"query-input":{"@type":"PropertyValueSpecification","valueRequired":true,"valueName":"search_term_string"}}],"inLanguage":"hu"},{"@type":"Organization","@id":"https:\/\/test.magnetarmagnets.com\/hu\/#organization","name":"Magnetar","url":"https:\/\/test.magnetarmagnets.com\/hu\/","logo":{"@type":"ImageObject","inLanguage":"hu","@id":"https:\/\/test.magnetarmagnets.com\/hu\/#\/schema\/logo\/image\/","url":"https:\/\/magnetarmagnets.com\/wp-content\/uploads\/2021\/01\/magnetarvismagneet_logo.png","contentUrl":"https:\/\/magnetarmagnets.com\/wp-content\/uploads\/2021\/01\/magnetarvismagneet_logo.png","width":209,"height":100,"caption":"Magnetar"},"image":{"@id":"https:\/\/test.magnetarmagnets.com\/hu\/#\/schema\/logo\/image\/"},"sameAs":["https:\/\/www.facebook.com\/fishingmagnets\/","https:\/\/www.instagram.com\/magnetar_magnets\/","https:\/\/www.linkedin.com\/company\/magnetarbv\/?originalSubdomain=nl","https:\/\/www.youtube.com\/c\/MagnetarVismagneet"]}]}},"_links":{"self":[{"href":"https:\/\/test.magnetarmagnets.com\/hu\/wp-json\/wp\/v2\/pages\/74994","targetHints":{"allow":["GET"]}}],"collection":[{"href":"https:\/\/test.magnetarmagnets.com\/hu\/wp-json\/wp\/v2\/pages"}],"about":[{"href":"https:\/\/test.magnetarmagnets.com\/hu\/wp-json\/wp\/v2\/types\/page"}],"author":[{"embeddable":true,"href":"https:\/\/test.magnetarmagnets.com\/hu\/wp-json\/wp\/v2\/users\/1"}],"replies":[{"embeddable":true,"href":"https:\/\/test.magnetarmagnets.com\/hu\/wp-json\/wp\/v2\/comments?post=74994"}],"version-history":[{"count":0,"href":"https:\/\/test.magnetarmagnets.com\/hu\/wp-json\/wp\/v2\/pages\/74994\/revisions"}],"wp:featuredmedia":[{"embeddable":true,"href":"https:\/\/test.magnetarmagnets.com\/hu\/wp-json\/wp\/v2\/media\/74110"}],"wp:attachment":[{"href":"https:\/\/test.magnetarmagnets.com\/hu\/wp-json\/wp\/v2\/media?parent=74994"}],"curies":[{"name":"wp","href":"https:\/\/api.w.org\/{rel}","templated":true}]}}