{"id":85501,"date":"2025-06-05T09:54:15","date_gmt":"2025-06-05T07:54:15","guid":{"rendered":"https:\/\/magnetarmagnets.com\/?post_type=product&#038;p=85501"},"modified":"2026-03-17T18:47:31","modified_gmt":"2026-03-17T17:47:31","slug":"suojakuori-360-allround-magneetille","status":"publish","type":"product","link":"https:\/\/test.magnetarmagnets.com\/fi\/shop\/suojakuori-360-allround-magneetille\/","title":{"rendered":"Suojakuori 360\u00b0 allround -magneetille"},"content":{"rendered":"<h2><strong>Suojakuoret 360\u00b0 allround -magneeteille<\/strong><\/h2>\n<p>T\u00e4ydellinen varuste magneettikalastajille, jotka haluavat suojata neodyymimagneettinsa k\u00e4yt\u00f6n aikana. N\u00e4m\u00e4 kest\u00e4v\u00e4t suojakuoret on suunniteltu sopimaan t\u00e4ydellisesti magneetin p\u00e4\u00e4lle ja tarjoamaan lis\u00e4suojakerroksen naarmuja, murtumia ja muita vaurioita vastaan. Suojakuoremme on tehty kest\u00e4m\u00e4\u00e4n ja ne kest\u00e4v\u00e4t jopa kovimmat olosuhteet. Suojakuori on valmistettu ruostumattomasta ter\u00e4ksest\u00e4. T\u00e4m\u00e4 varmistaa, ett\u00e4 magneettisi pysyy 360\u00b0 magneettisena (vedonvoimasta menetet\u00e4\u00e4n enint\u00e4\u00e4n 5 %). N\u00e4iden suojakuorien avulla voit nauttia magneettikalastuksesta ilman huolta arvokkaan kalastusmagneettisi vaurioitumisesta. Tilaa suojakuorisi jo t\u00e4n\u00e4\u00e4n ja koe mielenrauha, jonka tuo tiet\u00e4mys magneettisi suojauksesta.<\/p>\n<p>(Huomioi, ett\u00e4 magneetin pohja ei ole suojattu kuorella)<\/p>\n<p>Magnetar\u00ae 360\u00b0 magneetit ovat hauraita, mik\u00e4 ei ole valmistusvirhe vaan tuotteen ominaisuus. Magneetit on valmistettu magneettijauheesta (neodyymi), joka on puristettu yhteen. Kun suojaamaton magneetti heitet\u00e4\u00e4n kive\u00e4 vasten, osia voi irrota. Siksi suojakuori on t\u00e4rke\u00e4 magneetin suojaamiseksi ja sen k\u00e4ytt\u00f6i\u00e4n pident\u00e4miseksi. Suojakuori alentaa vetoa noin 5 %.<\/p>\n<h2><strong>Suosittelemme vahvasti suojakuoriemme k\u00e4ytt\u00f6\u00e4:<\/strong><\/h2>\n<p><span lang=\"fi\">\u2022 Pident\u00e4\u00e4 magneetin k\u00e4ytt\u00f6ik\u00e4\u00e4<\/span><\/p>\n<p>\u2022 <span lang=\"fi\">\u2022 V\u00e4hemm\u00e4n vaurioita pudotessa<\/span><\/p>\n<p><span lang=\"fi\">\u2022 Suojaa murenemista vastaan.<\/span><\/p>\n<p>&nbsp;<\/p>\n<p>Tutustu my\u00f6s <a href=\"https:\/\/test.magnetarmagnets.com\/fi\/\" target=\"_blank\" rel=\"noopener\">magneettikalastusvalikoimaamme<\/a> ja <a href=\"https:\/\/test.magnetarmagnets.com\/fi\/collections\/kalastusmagneetit\/kalastusmagneettipaketti\/\" target=\"_blank\" rel=\"noopener\">magneettikalastussetteihimme<\/a>. Suojakuori kuuluu kaikkiin 360\u00b0 magneettipaketteihin.<\/p>\n","protected":false},"excerpt":{"rendered":"<p><span style=\"font-weight: 400;\">Suosittelemme <strong>suojaamaan<\/strong> 360\u00b0 allround kalastusmagneettisi.<\/span><\/p>\n","protected":false},"featured_media":77022,"comment_status":"open","ping_status":"closed","template":"","meta":{"_acf_changed":false,"inline_featured_image":false},"product_brand":[],"product_cat":[1002,720,718],"product_tag":[],"class_list":{"0":"post-85501","1":"product","2":"type-product","3":"status-publish","4":"has-post-thumbnail","6":"product_cat-kaikki-tuotteet","7":"product_cat-kalastusmagneettivarusteet","8":"product_cat-varusteet","10":"first","11":"instock","12":"taxable","13":"shipping-taxable","14":"purchasable","15":"product-type-variable"},"acf":[],"yoast_head":"<!-- This site is optimized with the Yoast SEO plugin v27.6 - https:\/\/yoast.com\/product\/yoast-seo-wordpress\/ -->\n<title>Suojakuori 360\u00b0 allround -magneetille - Magnet fishing with a Magnetar fishing magnet<\/title>\n<meta name=\"description\" content=\"Suojakuoret 360\u00b0 allround -magneeteille - Magnetar\" \/>\n<meta name=\"robots\" content=\"index, follow, max-snippet:-1, max-image-preview:large, max-video-preview:-1\" \/>\n<link rel=\"canonical\" href=\"https:\/\/test.magnetarmagnets.com\/fi\/shop\/suojakuori-360-allround-magneetille\/\" \/>\n<meta property=\"og:locale\" content=\"fi_FI\" \/>\n<meta property=\"og:type\" content=\"article\" \/>\n<meta property=\"og:title\" content=\"Suojakuori 360\u00b0 allround -magneetille - Magnet fishing with a Magnetar fishing magnet\" \/>\n<meta property=\"og:description\" content=\"Suojakuoret 360\u00b0 allround -magneeteille - Magnetar\" \/>\n<meta property=\"og:url\" content=\"https:\/\/test.magnetarmagnets.com\/fi\/shop\/suojakuori-360-allround-magneetille\/\" \/>\n<meta property=\"og:site_name\" content=\"Magnet fishing with a Magnetar fishing magnet\" \/>\n<meta property=\"article:publisher\" content=\"https:\/\/www.facebook.com\/fishingmagnets\/\" \/>\n<meta property=\"article:modified_time\" content=\"2026-03-17T17:47:31+00:00\" \/>\n<meta property=\"og:image\" content=\"https:\/\/test.magnetarmagnets.com\/wp-content\/uploads\/2018\/09\/2887.jpg\" \/>\n\t<meta property=\"og:image:width\" content=\"1000\" \/>\n\t<meta property=\"og:image:height\" content=\"1000\" \/>\n\t<meta property=\"og:image:type\" content=\"image\/jpeg\" \/>\n<meta name=\"twitter:card\" content=\"summary_large_image\" \/>\n<meta name=\"twitter:label1\" content=\"Arvioitu lukuaika\" \/>\n\t<meta name=\"twitter:data1\" content=\"1 minuutti\" \/>\n<script type=\"application\/ld+json\" class=\"yoast-schema-graph\">{\"@context\":\"https:\\\/\\\/schema.org\",\"@graph\":[{\"@type\":[\"WebPage\",\"ItemPage\"],\"@id\":\"https:\\\/\\\/test.magnetarmagnets.com\\\/fi\\\/shop\\\/suojakuori-360-allround-magneetille\\\/\",\"url\":\"https:\\\/\\\/test.magnetarmagnets.com\\\/fi\\\/shop\\\/suojakuori-360-allround-magneetille\\\/\",\"name\":\"Suojakuori 360\u00b0 allround -magneetille - Magnet fishing with a Magnetar fishing magnet\",\"isPartOf\":{\"@id\":\"https:\\\/\\\/test.magnetarmagnets.com\\\/fi\\\/#website\"},\"primaryImageOfPage\":{\"@id\":\"https:\\\/\\\/test.magnetarmagnets.com\\\/fi\\\/shop\\\/suojakuori-360-allround-magneetille\\\/#primaryimage\"},\"image\":{\"@id\":\"https:\\\/\\\/test.magnetarmagnets.com\\\/fi\\\/shop\\\/suojakuori-360-allround-magneetille\\\/#primaryimage\"},\"thumbnailUrl\":\"https:\\\/\\\/test.magnetarmagnets.com\\\/wp-content\\\/uploads\\\/2018\\\/09\\\/2887.jpg\",\"datePublished\":\"2025-06-05T07:54:15+00:00\",\"dateModified\":\"2026-03-17T17:47:31+00:00\",\"description\":\"Suojakuoret 360\u00b0 allround -magneeteille - Magnetar\",\"breadcrumb\":{\"@id\":\"https:\\\/\\\/test.magnetarmagnets.com\\\/fi\\\/shop\\\/suojakuori-360-allround-magneetille\\\/#breadcrumb\"},\"inLanguage\":\"fi\",\"potentialAction\":[{\"@type\":\"ReadAction\",\"target\":[\"https:\\\/\\\/test.magnetarmagnets.com\\\/fi\\\/shop\\\/suojakuori-360-allround-magneetille\\\/\"]}]},{\"@type\":\"ImageObject\",\"inLanguage\":\"fi\",\"@id\":\"https:\\\/\\\/test.magnetarmagnets.com\\\/fi\\\/shop\\\/suojakuori-360-allround-magneetille\\\/#primaryimage\",\"url\":\"https:\\\/\\\/test.magnetarmagnets.com\\\/wp-content\\\/uploads\\\/2018\\\/09\\\/2887.jpg\",\"contentUrl\":\"https:\\\/\\\/test.magnetarmagnets.com\\\/wp-content\\\/uploads\\\/2018\\\/09\\\/2887.jpg\",\"width\":1000,\"height\":1000,\"caption\":\"Protection cover fishing magnets\"},{\"@type\":\"BreadcrumbList\",\"@id\":\"https:\\\/\\\/test.magnetarmagnets.com\\\/fi\\\/shop\\\/suojakuori-360-allround-magneetille\\\/#breadcrumb\",\"itemListElement\":[{\"@type\":\"ListItem\",\"position\":1,\"name\":\"Home\",\"item\":\"https:\\\/\\\/test.magnetarmagnets.com\\\/fi\\\/\"},{\"@type\":\"ListItem\",\"position\":2,\"name\":\"Verkkokauppa\",\"item\":\"https:\\\/\\\/test.magnetarmagnets.com\\\/shop\\\/\"},{\"@type\":\"ListItem\",\"position\":3,\"name\":\"Varusteet\",\"item\":\"https:\\\/\\\/test.magnetarmagnets.com\\\/fi\\\/collections\\\/varusteet\\\/\"},{\"@type\":\"ListItem\",\"position\":4,\"name\":\"Kalastusmagneettivarusteet\",\"item\":\"https:\\\/\\\/test.magnetarmagnets.com\\\/fi\\\/collections\\\/varusteet\\\/kalastusmagneettivarusteet\\\/\"},{\"@type\":\"ListItem\",\"position\":5,\"name\":\"Suojakuori 360\u00b0 allround -magneetille\"}]},{\"@type\":\"WebSite\",\"@id\":\"https:\\\/\\\/test.magnetarmagnets.com\\\/fi\\\/#website\",\"url\":\"https:\\\/\\\/test.magnetarmagnets.com\\\/fi\\\/\",\"name\":\"Magnet fishing with a Magnetar fishing magnet\",\"description\":\"Powerful magnets for magnet fishing\",\"publisher\":{\"@id\":\"https:\\\/\\\/test.magnetarmagnets.com\\\/fi\\\/#organization\"},\"potentialAction\":[{\"@type\":\"SearchAction\",\"target\":{\"@type\":\"EntryPoint\",\"urlTemplate\":\"https:\\\/\\\/test.magnetarmagnets.com\\\/fi\\\/?s={search_term_string}\"},\"query-input\":{\"@type\":\"PropertyValueSpecification\",\"valueRequired\":true,\"valueName\":\"search_term_string\"}}],\"inLanguage\":\"fi\"},{\"@type\":\"Organization\",\"@id\":\"https:\\\/\\\/test.magnetarmagnets.com\\\/fi\\\/#organization\",\"name\":\"Magnetar\",\"url\":\"https:\\\/\\\/test.magnetarmagnets.com\\\/fi\\\/\",\"logo\":{\"@type\":\"ImageObject\",\"inLanguage\":\"fi\",\"@id\":\"https:\\\/\\\/test.magnetarmagnets.com\\\/fi\\\/#\\\/schema\\\/logo\\\/image\\\/\",\"url\":\"https:\\\/\\\/magnetarmagnets.com\\\/wp-content\\\/uploads\\\/2021\\\/01\\\/magnetarvismagneet_logo.png\",\"contentUrl\":\"https:\\\/\\\/magnetarmagnets.com\\\/wp-content\\\/uploads\\\/2021\\\/01\\\/magnetarvismagneet_logo.png\",\"width\":209,\"height\":100,\"caption\":\"Magnetar\"},\"image\":{\"@id\":\"https:\\\/\\\/test.magnetarmagnets.com\\\/fi\\\/#\\\/schema\\\/logo\\\/image\\\/\"},\"sameAs\":[\"https:\\\/\\\/www.facebook.com\\\/fishingmagnets\\\/\",\"https:\\\/\\\/www.instagram.com\\\/magnetar_magnets\\\/\",\"https:\\\/\\\/www.linkedin.com\\\/company\\\/magnetarbv\\\/?originalSubdomain=nl\",\"https:\\\/\\\/www.youtube.com\\\/c\\\/MagnetarVismagneet\"]}]}<\/script>\n<!-- \/ Yoast SEO plugin. -->","yoast_head_json":{"title":"Suojakuori 360\u00b0 allround -magneetille - Magnet fishing with a Magnetar fishing magnet","description":"Suojakuoret 360\u00b0 allround -magneeteille - Magnetar","robots":{"index":"index","follow":"follow","max-snippet":"max-snippet:-1","max-image-preview":"max-image-preview:large","max-video-preview":"max-video-preview:-1"},"canonical":"https:\/\/test.magnetarmagnets.com\/fi\/shop\/suojakuori-360-allround-magneetille\/","og_locale":"fi_FI","og_type":"article","og_title":"Suojakuori 360\u00b0 allround -magneetille - Magnet fishing with a Magnetar fishing magnet","og_description":"Suojakuoret 360\u00b0 allround -magneeteille - Magnetar","og_url":"https:\/\/test.magnetarmagnets.com\/fi\/shop\/suojakuori-360-allround-magneetille\/","og_site_name":"Magnet fishing with a Magnetar fishing magnet","article_publisher":"https:\/\/www.facebook.com\/fishingmagnets\/","article_modified_time":"2026-03-17T17:47:31+00:00","og_image":[{"width":1000,"height":1000,"url":"https:\/\/test.magnetarmagnets.com\/wp-content\/uploads\/2018\/09\/2887.jpg","type":"image\/jpeg"}],"twitter_card":"summary_large_image","twitter_misc":{"Arvioitu lukuaika":"1 minuutti"},"schema":{"@context":"https:\/\/schema.org","@graph":[{"@type":["WebPage","ItemPage"],"@id":"https:\/\/test.magnetarmagnets.com\/fi\/shop\/suojakuori-360-allround-magneetille\/","url":"https:\/\/test.magnetarmagnets.com\/fi\/shop\/suojakuori-360-allround-magneetille\/","name":"Suojakuori 360\u00b0 allround -magneetille - Magnet fishing with a Magnetar fishing magnet","isPartOf":{"@id":"https:\/\/test.magnetarmagnets.com\/fi\/#website"},"primaryImageOfPage":{"@id":"https:\/\/test.magnetarmagnets.com\/fi\/shop\/suojakuori-360-allround-magneetille\/#primaryimage"},"image":{"@id":"https:\/\/test.magnetarmagnets.com\/fi\/shop\/suojakuori-360-allround-magneetille\/#primaryimage"},"thumbnailUrl":"https:\/\/test.magnetarmagnets.com\/wp-content\/uploads\/2018\/09\/2887.jpg","datePublished":"2025-06-05T07:54:15+00:00","dateModified":"2026-03-17T17:47:31+00:00","description":"Suojakuoret 360\u00b0 allround -magneeteille - Magnetar","breadcrumb":{"@id":"https:\/\/test.magnetarmagnets.com\/fi\/shop\/suojakuori-360-allround-magneetille\/#breadcrumb"},"inLanguage":"fi","potentialAction":[{"@type":"ReadAction","target":["https:\/\/test.magnetarmagnets.com\/fi\/shop\/suojakuori-360-allround-magneetille\/"]}]},{"@type":"ImageObject","inLanguage":"fi","@id":"https:\/\/test.magnetarmagnets.com\/fi\/shop\/suojakuori-360-allround-magneetille\/#primaryimage","url":"https:\/\/test.magnetarmagnets.com\/wp-content\/uploads\/2018\/09\/2887.jpg","contentUrl":"https:\/\/test.magnetarmagnets.com\/wp-content\/uploads\/2018\/09\/2887.jpg","width":1000,"height":1000,"caption":"Protection cover fishing magnets"},{"@type":"BreadcrumbList","@id":"https:\/\/test.magnetarmagnets.com\/fi\/shop\/suojakuori-360-allround-magneetille\/#breadcrumb","itemListElement":[{"@type":"ListItem","position":1,"name":"Home","item":"https:\/\/test.magnetarmagnets.com\/fi\/"},{"@type":"ListItem","position":2,"name":"Verkkokauppa","item":"https:\/\/test.magnetarmagnets.com\/shop\/"},{"@type":"ListItem","position":3,"name":"Varusteet","item":"https:\/\/test.magnetarmagnets.com\/fi\/collections\/varusteet\/"},{"@type":"ListItem","position":4,"name":"Kalastusmagneettivarusteet","item":"https:\/\/test.magnetarmagnets.com\/fi\/collections\/varusteet\/kalastusmagneettivarusteet\/"},{"@type":"ListItem","position":5,"name":"Suojakuori 360\u00b0 allround -magneetille"}]},{"@type":"WebSite","@id":"https:\/\/test.magnetarmagnets.com\/fi\/#website","url":"https:\/\/test.magnetarmagnets.com\/fi\/","name":"Magnet fishing with a Magnetar fishing magnet","description":"Powerful magnets for magnet fishing","publisher":{"@id":"https:\/\/test.magnetarmagnets.com\/fi\/#organization"},"potentialAction":[{"@type":"SearchAction","target":{"@type":"EntryPoint","urlTemplate":"https:\/\/test.magnetarmagnets.com\/fi\/?s={search_term_string}"},"query-input":{"@type":"PropertyValueSpecification","valueRequired":true,"valueName":"search_term_string"}}],"inLanguage":"fi"},{"@type":"Organization","@id":"https:\/\/test.magnetarmagnets.com\/fi\/#organization","name":"Magnetar","url":"https:\/\/test.magnetarmagnets.com\/fi\/","logo":{"@type":"ImageObject","inLanguage":"fi","@id":"https:\/\/test.magnetarmagnets.com\/fi\/#\/schema\/logo\/image\/","url":"https:\/\/magnetarmagnets.com\/wp-content\/uploads\/2021\/01\/magnetarvismagneet_logo.png","contentUrl":"https:\/\/magnetarmagnets.com\/wp-content\/uploads\/2021\/01\/magnetarvismagneet_logo.png","width":209,"height":100,"caption":"Magnetar"},"image":{"@id":"https:\/\/test.magnetarmagnets.com\/fi\/#\/schema\/logo\/image\/"},"sameAs":["https:\/\/www.facebook.com\/fishingmagnets\/","https:\/\/www.instagram.com\/magnetar_magnets\/","https:\/\/www.linkedin.com\/company\/magnetarbv\/?originalSubdomain=nl","https:\/\/www.youtube.com\/c\/MagnetarVismagneet"]}]}},"_links":{"self":[{"href":"https:\/\/test.magnetarmagnets.com\/fi\/wp-json\/wp\/v2\/product\/85501","targetHints":{"allow":["GET"]}}],"collection":[{"href":"https:\/\/test.magnetarmagnets.com\/fi\/wp-json\/wp\/v2\/product"}],"about":[{"href":"https:\/\/test.magnetarmagnets.com\/fi\/wp-json\/wp\/v2\/types\/product"}],"replies":[{"embeddable":true,"href":"https:\/\/test.magnetarmagnets.com\/fi\/wp-json\/wp\/v2\/comments?post=85501"}],"wp:featuredmedia":[{"embeddable":true,"href":"https:\/\/test.magnetarmagnets.com\/fi\/wp-json\/wp\/v2\/media\/77022"}],"wp:attachment":[{"href":"https:\/\/test.magnetarmagnets.com\/fi\/wp-json\/wp\/v2\/media?parent=85501"}],"wp:term":[{"taxonomy":"product_brand","embeddable":true,"href":"https:\/\/test.magnetarmagnets.com\/fi\/wp-json\/wp\/v2\/product_brand?post=85501"},{"taxonomy":"product_cat","embeddable":true,"href":"https:\/\/test.magnetarmagnets.com\/fi\/wp-json\/wp\/v2\/product_cat?post=85501"},{"taxonomy":"product_tag","embeddable":true,"href":"https:\/\/test.magnetarmagnets.com\/fi\/wp-json\/wp\/v2\/product_tag?post=85501"}],"curies":[{"name":"wp","href":"https:\/\/api.w.org\/{rel}","templated":true}]}}