{"id":85450,"date":"2025-06-05T09:53:07","date_gmt":"2025-06-05T07:53:07","guid":{"rendered":"https:\/\/magnetarmagnets.com\/?post_type=product&#038;p=85450"},"modified":"2026-03-16T18:30:03","modified_gmt":"2026-03-16T17:30:03","slug":"lammitettava-tyoliivi-magma-xxl","status":"publish","type":"product","link":"https:\/\/test.magnetarmagnets.com\/fi\/shop\/lammitettava-tyoliivi-magma-xxl\/","title":{"rendered":"L\u00e4mmitett\u00e4v\u00e4 ty\u00f6liivi Magma XXL"},"content":{"rendered":"<h2><img fetchpriority=\"high\" decoding=\"async\" class=\"aligncenter size-full wp-image-51853\" src=\"https:\/\/test.magnetarmagnets.com\/wp-content\/uploads\/2021\/02\/work-vest-engels.png\" alt=\"ty\u00f6liivi, l\u00e4mmitett\u00e4v\u00e4 liivi, magnetar heat, l\u00e4mpim\u00e4t vaatteet, huppari, liivi, l\u00e4mmitysvaatteet\" width=\"765\" height=\"455\" srcset=\"https:\/\/test.magnetarmagnets.com\/wp-content\/uploads\/2021\/02\/work-vest-engels.png 765w, https:\/\/test.magnetarmagnets.com\/wp-content\/uploads\/2021\/02\/work-vest-engels-150x89.png 150w, https:\/\/test.magnetarmagnets.com\/wp-content\/uploads\/2021\/02\/work-vest-engels-600x357.png 600w, https:\/\/test.magnetarmagnets.com\/wp-content\/uploads\/2021\/02\/work-vest-engels-300x178.png 300w\" sizes=\"(max-width: 765px) 100vw, 765px\" \/><\/h2>\n<h2>Paras l\u00e4mmitett\u00e4v\u00e4 ty\u00f6liivi<\/h2>\n<p><strong>L\u00e4mmitett\u00e4v\u00e4 ty\u00f6liivi?<\/strong> Ty\u00f6liivimme pit\u00e4v\u00e4t sinut l\u00e4mpim\u00e4n\u00e4 my\u00f6s kylmin\u00e4 p\u00e4ivin\u00e4. T\u00e4m\u00e4 akulla toimiva ty\u00f6liivi tarjoaa kolme l\u00e4mp\u00f6tilas\u00e4\u00e4t\u00f6\u00e4, joten l\u00f6yd\u00e4t aina miellytt\u00e4v\u00e4n l\u00e4mm\u00f6n. <a href=\"https:\/\/test.magnetarmagnets.com\/fi\/\" target=\"_blank\" rel=\"noopener\">Magneettikalastus<\/a> koko p\u00e4iv\u00e4n? Ty\u00f6skenteletk\u00f6 ulkona viile\u00e4n\u00e4 p\u00e4iv\u00e4n\u00e4? Viile\u00e4 kes\u00e4ilta? Ty\u00f6skentely tuulessa tai my\u00f6h\u00e4\u00e4n y\u00f6ll\u00e4? T\u00e4m\u00e4 mukava, tuulta ja vett\u00e4 hylkiv\u00e4 l\u00e4mmitett\u00e4v\u00e4 ty\u00f6liivi pit\u00e4\u00e4 sinut l\u00e4mpim\u00e4n\u00e4. <strong>Magnetar Heat -ty\u00f6liivi on reilun kokoinen, tilaa siksi pienempi koko!<\/strong><\/p>\n<h2>Tuotetiedot l\u00e4mmitett\u00e4v\u00e4st\u00e4 ty\u00f6liivist\u00e4<\/h2>\n<p>Mukana tuleva akku on puhelimen kokoinen ja voi pit\u00e4\u00e4 l\u00e4mpim\u00e4n\u00e4 jopa <strong>9 tuntia<\/strong> l\u00e4mmitystasosta riippuen. Ty\u00f6liivi <strong>sis\u00e4lt\u00e4\u00e4 akun ja laturin.<\/strong> Ty\u00f6liivi on valmistettu tuulta ja vett\u00e4 hylkiv\u00e4st\u00e4 puuvillasta, ja sen vuori on helposti puhdistettavaa nylonia, mik\u00e4 antaa sinulle t\u00e4ydellisen liikkumavapauden ty\u00f6ss\u00e4si. T\u00e4m\u00e4n l\u00e4mmitett\u00e4v\u00e4n ty\u00f6liivin avulla sinun ei tarvitse pukeutua useisiin kerroksiin esimerkiksi maatilalla ty\u00f6skennelless\u00e4si, tienrakennuksessa, rakennusty\u00f6ss\u00e4, maalarina, ratsastustallilla, mets\u00e4styksess\u00e4, puutarhat\u00f6iss\u00e4 ja niin edelleen. Se on ty\u00f6liivi, joka tarjoaa korkeaa mukavuutta ja t\u00e4ydellisen liikkumavapauden.<\/p>\n<p>L\u00e4mmitysvy\u00f6hykkeet tarjoavat miellytt\u00e4v\u00e4\u00e4 l\u00e4mp\u00f6\u00e4 juuri niill\u00e4 yl\u00e4kehon alueilla, joissa sit\u00e4 tarvitset, rinnan ja sel\u00e4n kohdalla. Matala, keskitaso ja korkea l\u00e4mmitystaso mahdollistavat ymp\u00e4rist\u00f6n mukaan s\u00e4\u00e4d\u00f6n ja l\u00e4mpim\u00e4n\u00e4 pysymisen koko p\u00e4iv\u00e4n. Lataa akku 3\u20134 tunnissa uudelleen, niin olet taas valmis liikkeelle.<\/p>\n<p>Ty\u00f6liivimme on valmistettu kest\u00e4v\u00e4st\u00e4 ja laadukkaasta materiaalista, joka pit\u00e4\u00e4 sinut l\u00e4mpim\u00e4n\u00e4 kaikissa s\u00e4\u00e4olosuhteissa.<\/p>\n<h2>CE-hyv\u00e4ksytty l\u00e4mmitett\u00e4v\u00e4 liivi<\/h2>\n<p>L\u00e4mmitett\u00e4v\u00e4t ty\u00f6liivit ovat CE-hyv\u00e4ksyttyj\u00e4. Tuemme tuotettamme t\u00e4ysill\u00e4 ja tarjoamme siksi <strong>1 vuoden takuun<\/strong>.<\/p>\n<p><strong>Magnetar Heat -ty\u00f6liivi on reilun kokoinen, tilaa siksi pienempi!<\/strong><\/p>\n","protected":false},"excerpt":{"rendered":"<p>T\u00e4m\u00e4 on l\u00e4mmitett\u00e4v\u00e4 ty\u00f6liivi, jossa on l\u00e4mmitys ja kolme l\u00e4mmitystasoa. Pid\u00e4 itsesi l\u00e4mpim\u00e4n\u00e4 silloin kun tarvitset. Extra kulutuksenkest\u00e4v\u00e4.<\/p>\n","protected":false},"featured_media":77850,"comment_status":"open","ping_status":"closed","template":"","meta":{"_acf_changed":false,"inline_featured_image":false},"product_brand":[],"product_cat":[1002],"product_tag":[],"class_list":{"0":"post-85450","1":"product","2":"type-product","3":"status-publish","4":"has-post-thumbnail","6":"product_cat-kaikki-tuotteet","8":"first","9":"instock","10":"taxable","11":"shipping-taxable","12":"purchasable","13":"product-type-simple"},"acf":[],"yoast_head":"<!-- This site is optimized with the Yoast SEO plugin v27.5 - https:\/\/yoast.com\/product\/yoast-seo-wordpress\/ -->\n<title>L\u00e4mmitett\u00e4v\u00e4 ty\u00f6liivi Magma XXL - Magnet fishing with a Magnetar fishing magnet<\/title>\n<meta name=\"description\" content=\"Ty\u00f6liivi? T\u00e4m\u00e4 akulla toimivassa ty\u00f6liiviss\u00e4 on kolme l\u00e4mmitystasoa, joten l\u00e4mp\u00f6tila on aina miellytt\u00e4v\u00e4.\" \/>\n<meta name=\"robots\" content=\"index, follow, max-snippet:-1, max-image-preview:large, max-video-preview:-1\" \/>\n<link rel=\"canonical\" href=\"https:\/\/test.magnetarmagnets.com\/fi\/shop\/lammitettava-tyoliivi-magma-xxl\/\" \/>\n<meta property=\"og:locale\" content=\"fi_FI\" \/>\n<meta property=\"og:type\" content=\"article\" \/>\n<meta property=\"og:title\" content=\"L\u00e4mmitett\u00e4v\u00e4 ty\u00f6liivi Magma XXL - Magnet fishing with a Magnetar fishing magnet\" \/>\n<meta property=\"og:description\" content=\"Ty\u00f6liivi? T\u00e4m\u00e4 akulla toimivassa ty\u00f6liiviss\u00e4 on kolme l\u00e4mmitystasoa, joten l\u00e4mp\u00f6tila on aina miellytt\u00e4v\u00e4.\" \/>\n<meta property=\"og:url\" content=\"https:\/\/test.magnetarmagnets.com\/fi\/shop\/lammitettava-tyoliivi-magma-xxl\/\" \/>\n<meta property=\"og:site_name\" content=\"Magnet fishing with a Magnetar fishing magnet\" \/>\n<meta property=\"article:publisher\" content=\"https:\/\/www.facebook.com\/fishingmagnets\/\" \/>\n<meta property=\"article:modified_time\" content=\"2026-03-16T17:30:03+00:00\" \/>\n<meta property=\"og:image\" content=\"https:\/\/test.magnetarmagnets.com\/wp-content\/uploads\/2021\/02\/heated-work-jacket-scaled.jpg\" \/>\n\t<meta property=\"og:image:width\" content=\"2330\" \/>\n\t<meta property=\"og:image:height\" content=\"2560\" \/>\n\t<meta property=\"og:image:type\" content=\"image\/jpeg\" \/>\n<meta name=\"twitter:card\" content=\"summary_large_image\" \/>\n<meta name=\"twitter:label1\" content=\"Arvioitu lukuaika\" \/>\n\t<meta name=\"twitter:data1\" content=\"2 minuuttia\" \/>\n<script type=\"application\/ld+json\" class=\"yoast-schema-graph\">{\"@context\":\"https:\\\/\\\/schema.org\",\"@graph\":[{\"@type\":[\"WebPage\",\"ItemPage\"],\"@id\":\"https:\\\/\\\/test.magnetarmagnets.com\\\/fi\\\/shop\\\/lammitettava-tyoliivi-magma-xxl\\\/\",\"url\":\"https:\\\/\\\/test.magnetarmagnets.com\\\/fi\\\/shop\\\/lammitettava-tyoliivi-magma-xxl\\\/\",\"name\":\"L\u00e4mmitett\u00e4v\u00e4 ty\u00f6liivi Magma XXL - Magnet fishing with a Magnetar fishing magnet\",\"isPartOf\":{\"@id\":\"https:\\\/\\\/test.magnetarmagnets.com\\\/fi\\\/#website\"},\"primaryImageOfPage\":{\"@id\":\"https:\\\/\\\/test.magnetarmagnets.com\\\/fi\\\/shop\\\/lammitettava-tyoliivi-magma-xxl\\\/#primaryimage\"},\"image\":{\"@id\":\"https:\\\/\\\/test.magnetarmagnets.com\\\/fi\\\/shop\\\/lammitettava-tyoliivi-magma-xxl\\\/#primaryimage\"},\"thumbnailUrl\":\"https:\\\/\\\/test.magnetarmagnets.com\\\/wp-content\\\/uploads\\\/2021\\\/02\\\/heated-work-jacket-scaled.jpg\",\"datePublished\":\"2025-06-05T07:53:07+00:00\",\"dateModified\":\"2026-03-16T17:30:03+00:00\",\"description\":\"Ty\u00f6liivi? T\u00e4m\u00e4 akulla toimivassa ty\u00f6liiviss\u00e4 on kolme l\u00e4mmitystasoa, joten l\u00e4mp\u00f6tila on aina miellytt\u00e4v\u00e4.\",\"breadcrumb\":{\"@id\":\"https:\\\/\\\/test.magnetarmagnets.com\\\/fi\\\/shop\\\/lammitettava-tyoliivi-magma-xxl\\\/#breadcrumb\"},\"inLanguage\":\"fi\",\"potentialAction\":[{\"@type\":\"ReadAction\",\"target\":[\"https:\\\/\\\/test.magnetarmagnets.com\\\/fi\\\/shop\\\/lammitettava-tyoliivi-magma-xxl\\\/\"]}]},{\"@type\":\"ImageObject\",\"inLanguage\":\"fi\",\"@id\":\"https:\\\/\\\/test.magnetarmagnets.com\\\/fi\\\/shop\\\/lammitettava-tyoliivi-magma-xxl\\\/#primaryimage\",\"url\":\"https:\\\/\\\/test.magnetarmagnets.com\\\/wp-content\\\/uploads\\\/2021\\\/02\\\/heated-work-jacket-scaled.jpg\",\"contentUrl\":\"https:\\\/\\\/test.magnetarmagnets.com\\\/wp-content\\\/uploads\\\/2021\\\/02\\\/heated-work-jacket-scaled.jpg\",\"width\":2330,\"height\":2560,\"caption\":\"heated workwear jack\"},{\"@type\":\"BreadcrumbList\",\"@id\":\"https:\\\/\\\/test.magnetarmagnets.com\\\/fi\\\/shop\\\/lammitettava-tyoliivi-magma-xxl\\\/#breadcrumb\",\"itemListElement\":[{\"@type\":\"ListItem\",\"position\":1,\"name\":\"Home\",\"item\":\"https:\\\/\\\/test.magnetarmagnets.com\\\/fi\\\/\"},{\"@type\":\"ListItem\",\"position\":2,\"name\":\"Verkkokauppa\",\"item\":\"https:\\\/\\\/test.magnetarmagnets.com\\\/shop\\\/\"},{\"@type\":\"ListItem\",\"position\":3,\"name\":\"Kaikki tuotteet\",\"item\":\"https:\\\/\\\/test.magnetarmagnets.com\\\/fi\\\/collections\\\/kaikki-tuotteet\\\/\"},{\"@type\":\"ListItem\",\"position\":4,\"name\":\"L\u00e4mmitett\u00e4v\u00e4 ty\u00f6liivi Magma XXL\"}]},{\"@type\":\"WebSite\",\"@id\":\"https:\\\/\\\/test.magnetarmagnets.com\\\/fi\\\/#website\",\"url\":\"https:\\\/\\\/test.magnetarmagnets.com\\\/fi\\\/\",\"name\":\"Magnet fishing with a Magnetar fishing magnet\",\"description\":\"Powerful magnets for magnet fishing\",\"publisher\":{\"@id\":\"https:\\\/\\\/test.magnetarmagnets.com\\\/fi\\\/#organization\"},\"potentialAction\":[{\"@type\":\"SearchAction\",\"target\":{\"@type\":\"EntryPoint\",\"urlTemplate\":\"https:\\\/\\\/test.magnetarmagnets.com\\\/fi\\\/?s={search_term_string}\"},\"query-input\":{\"@type\":\"PropertyValueSpecification\",\"valueRequired\":true,\"valueName\":\"search_term_string\"}}],\"inLanguage\":\"fi\"},{\"@type\":\"Organization\",\"@id\":\"https:\\\/\\\/test.magnetarmagnets.com\\\/fi\\\/#organization\",\"name\":\"Magnetar\",\"url\":\"https:\\\/\\\/test.magnetarmagnets.com\\\/fi\\\/\",\"logo\":{\"@type\":\"ImageObject\",\"inLanguage\":\"fi\",\"@id\":\"https:\\\/\\\/test.magnetarmagnets.com\\\/fi\\\/#\\\/schema\\\/logo\\\/image\\\/\",\"url\":\"https:\\\/\\\/magnetarmagnets.com\\\/wp-content\\\/uploads\\\/2021\\\/01\\\/magnetarvismagneet_logo.png\",\"contentUrl\":\"https:\\\/\\\/magnetarmagnets.com\\\/wp-content\\\/uploads\\\/2021\\\/01\\\/magnetarvismagneet_logo.png\",\"width\":209,\"height\":100,\"caption\":\"Magnetar\"},\"image\":{\"@id\":\"https:\\\/\\\/test.magnetarmagnets.com\\\/fi\\\/#\\\/schema\\\/logo\\\/image\\\/\"},\"sameAs\":[\"https:\\\/\\\/www.facebook.com\\\/fishingmagnets\\\/\",\"https:\\\/\\\/www.instagram.com\\\/magnetar_magnets\\\/\",\"https:\\\/\\\/www.linkedin.com\\\/company\\\/magnetarbv\\\/?originalSubdomain=nl\",\"https:\\\/\\\/www.youtube.com\\\/c\\\/MagnetarVismagneet\"]}]}<\/script>\n<!-- \/ Yoast SEO plugin. -->","yoast_head_json":{"title":"L\u00e4mmitett\u00e4v\u00e4 ty\u00f6liivi Magma XXL - Magnet fishing with a Magnetar fishing magnet","description":"Ty\u00f6liivi? T\u00e4m\u00e4 akulla toimivassa ty\u00f6liiviss\u00e4 on kolme l\u00e4mmitystasoa, joten l\u00e4mp\u00f6tila on aina miellytt\u00e4v\u00e4.","robots":{"index":"index","follow":"follow","max-snippet":"max-snippet:-1","max-image-preview":"max-image-preview:large","max-video-preview":"max-video-preview:-1"},"canonical":"https:\/\/test.magnetarmagnets.com\/fi\/shop\/lammitettava-tyoliivi-magma-xxl\/","og_locale":"fi_FI","og_type":"article","og_title":"L\u00e4mmitett\u00e4v\u00e4 ty\u00f6liivi Magma XXL - Magnet fishing with a Magnetar fishing magnet","og_description":"Ty\u00f6liivi? T\u00e4m\u00e4 akulla toimivassa ty\u00f6liiviss\u00e4 on kolme l\u00e4mmitystasoa, joten l\u00e4mp\u00f6tila on aina miellytt\u00e4v\u00e4.","og_url":"https:\/\/test.magnetarmagnets.com\/fi\/shop\/lammitettava-tyoliivi-magma-xxl\/","og_site_name":"Magnet fishing with a Magnetar fishing magnet","article_publisher":"https:\/\/www.facebook.com\/fishingmagnets\/","article_modified_time":"2026-03-16T17:30:03+00:00","og_image":[{"width":2330,"height":2560,"url":"https:\/\/test.magnetarmagnets.com\/wp-content\/uploads\/2021\/02\/heated-work-jacket-scaled.jpg","type":"image\/jpeg"}],"twitter_card":"summary_large_image","twitter_misc":{"Arvioitu lukuaika":"2 minuuttia"},"schema":{"@context":"https:\/\/schema.org","@graph":[{"@type":["WebPage","ItemPage"],"@id":"https:\/\/test.magnetarmagnets.com\/fi\/shop\/lammitettava-tyoliivi-magma-xxl\/","url":"https:\/\/test.magnetarmagnets.com\/fi\/shop\/lammitettava-tyoliivi-magma-xxl\/","name":"L\u00e4mmitett\u00e4v\u00e4 ty\u00f6liivi Magma XXL - Magnet fishing with a Magnetar fishing magnet","isPartOf":{"@id":"https:\/\/test.magnetarmagnets.com\/fi\/#website"},"primaryImageOfPage":{"@id":"https:\/\/test.magnetarmagnets.com\/fi\/shop\/lammitettava-tyoliivi-magma-xxl\/#primaryimage"},"image":{"@id":"https:\/\/test.magnetarmagnets.com\/fi\/shop\/lammitettava-tyoliivi-magma-xxl\/#primaryimage"},"thumbnailUrl":"https:\/\/test.magnetarmagnets.com\/wp-content\/uploads\/2021\/02\/heated-work-jacket-scaled.jpg","datePublished":"2025-06-05T07:53:07+00:00","dateModified":"2026-03-16T17:30:03+00:00","description":"Ty\u00f6liivi? T\u00e4m\u00e4 akulla toimivassa ty\u00f6liiviss\u00e4 on kolme l\u00e4mmitystasoa, joten l\u00e4mp\u00f6tila on aina miellytt\u00e4v\u00e4.","breadcrumb":{"@id":"https:\/\/test.magnetarmagnets.com\/fi\/shop\/lammitettava-tyoliivi-magma-xxl\/#breadcrumb"},"inLanguage":"fi","potentialAction":[{"@type":"ReadAction","target":["https:\/\/test.magnetarmagnets.com\/fi\/shop\/lammitettava-tyoliivi-magma-xxl\/"]}]},{"@type":"ImageObject","inLanguage":"fi","@id":"https:\/\/test.magnetarmagnets.com\/fi\/shop\/lammitettava-tyoliivi-magma-xxl\/#primaryimage","url":"https:\/\/test.magnetarmagnets.com\/wp-content\/uploads\/2021\/02\/heated-work-jacket-scaled.jpg","contentUrl":"https:\/\/test.magnetarmagnets.com\/wp-content\/uploads\/2021\/02\/heated-work-jacket-scaled.jpg","width":2330,"height":2560,"caption":"heated workwear jack"},{"@type":"BreadcrumbList","@id":"https:\/\/test.magnetarmagnets.com\/fi\/shop\/lammitettava-tyoliivi-magma-xxl\/#breadcrumb","itemListElement":[{"@type":"ListItem","position":1,"name":"Home","item":"https:\/\/test.magnetarmagnets.com\/fi\/"},{"@type":"ListItem","position":2,"name":"Verkkokauppa","item":"https:\/\/test.magnetarmagnets.com\/shop\/"},{"@type":"ListItem","position":3,"name":"Kaikki tuotteet","item":"https:\/\/test.magnetarmagnets.com\/fi\/collections\/kaikki-tuotteet\/"},{"@type":"ListItem","position":4,"name":"L\u00e4mmitett\u00e4v\u00e4 ty\u00f6liivi Magma XXL"}]},{"@type":"WebSite","@id":"https:\/\/test.magnetarmagnets.com\/fi\/#website","url":"https:\/\/test.magnetarmagnets.com\/fi\/","name":"Magnet fishing with a Magnetar fishing magnet","description":"Powerful magnets for magnet fishing","publisher":{"@id":"https:\/\/test.magnetarmagnets.com\/fi\/#organization"},"potentialAction":[{"@type":"SearchAction","target":{"@type":"EntryPoint","urlTemplate":"https:\/\/test.magnetarmagnets.com\/fi\/?s={search_term_string}"},"query-input":{"@type":"PropertyValueSpecification","valueRequired":true,"valueName":"search_term_string"}}],"inLanguage":"fi"},{"@type":"Organization","@id":"https:\/\/test.magnetarmagnets.com\/fi\/#organization","name":"Magnetar","url":"https:\/\/test.magnetarmagnets.com\/fi\/","logo":{"@type":"ImageObject","inLanguage":"fi","@id":"https:\/\/test.magnetarmagnets.com\/fi\/#\/schema\/logo\/image\/","url":"https:\/\/magnetarmagnets.com\/wp-content\/uploads\/2021\/01\/magnetarvismagneet_logo.png","contentUrl":"https:\/\/magnetarmagnets.com\/wp-content\/uploads\/2021\/01\/magnetarvismagneet_logo.png","width":209,"height":100,"caption":"Magnetar"},"image":{"@id":"https:\/\/test.magnetarmagnets.com\/fi\/#\/schema\/logo\/image\/"},"sameAs":["https:\/\/www.facebook.com\/fishingmagnets\/","https:\/\/www.instagram.com\/magnetar_magnets\/","https:\/\/www.linkedin.com\/company\/magnetarbv\/?originalSubdomain=nl","https:\/\/www.youtube.com\/c\/MagnetarVismagneet"]}]}},"_links":{"self":[{"href":"https:\/\/test.magnetarmagnets.com\/fi\/wp-json\/wp\/v2\/product\/85450","targetHints":{"allow":["GET"]}}],"collection":[{"href":"https:\/\/test.magnetarmagnets.com\/fi\/wp-json\/wp\/v2\/product"}],"about":[{"href":"https:\/\/test.magnetarmagnets.com\/fi\/wp-json\/wp\/v2\/types\/product"}],"replies":[{"embeddable":true,"href":"https:\/\/test.magnetarmagnets.com\/fi\/wp-json\/wp\/v2\/comments?post=85450"}],"wp:featuredmedia":[{"embeddable":true,"href":"https:\/\/test.magnetarmagnets.com\/fi\/wp-json\/wp\/v2\/media\/77850"}],"wp:attachment":[{"href":"https:\/\/test.magnetarmagnets.com\/fi\/wp-json\/wp\/v2\/media?parent=85450"}],"wp:term":[{"taxonomy":"product_brand","embeddable":true,"href":"https:\/\/test.magnetarmagnets.com\/fi\/wp-json\/wp\/v2\/product_brand?post=85450"},{"taxonomy":"product_cat","embeddable":true,"href":"https:\/\/test.magnetarmagnets.com\/fi\/wp-json\/wp\/v2\/product_cat?post=85450"},{"taxonomy":"product_tag","embeddable":true,"href":"https:\/\/test.magnetarmagnets.com\/fi\/wp-json\/wp\/v2\/product_tag?post=85450"}],"curies":[{"name":"wp","href":"https:\/\/api.w.org\/{rel}","templated":true}]}}