{"id":85448,"date":"2025-06-05T09:53:44","date_gmt":"2025-06-05T07:53:44","guid":{"rendered":"https:\/\/magnetarmagnets.com\/?post_type=product&#038;p=85448"},"modified":"2026-03-16T19:02:22","modified_gmt":"2026-03-16T18:02:22","slug":"lammitettava-tyoliivi-magma-l","status":"publish","type":"product","link":"https:\/\/test.magnetarmagnets.com\/fi\/shop\/lammitettava-tyoliivi-magma-l\/","title":{"rendered":"L\u00e4mmitett\u00e4v\u00e4 ty\u00f6liivi Magma L"},"content":{"rendered":"<h2><img fetchpriority=\"high\" decoding=\"async\" class=\"aligncenter size-full wp-image-51853\" src=\"https:\/\/test.magnetarmagnets.com\/wp-content\/uploads\/2021\/02\/work-vest-engels.png\" alt=\"ty\u00f6liivi, l\u00e4mmitett\u00e4v\u00e4 liivi, Magnetar Heat, l\u00e4mpim\u00e4t vaatteet, huppari, liivi, l\u00e4mmitt\u00e4v\u00e4t vaatteet\" width=\"765\" height=\"455\" srcset=\"https:\/\/test.magnetarmagnets.com\/wp-content\/uploads\/2021\/02\/work-vest-engels.png 765w, https:\/\/test.magnetarmagnets.com\/wp-content\/uploads\/2021\/02\/work-vest-engels-150x89.png 150w, https:\/\/test.magnetarmagnets.com\/wp-content\/uploads\/2021\/02\/work-vest-engels-600x357.png 600w, https:\/\/test.magnetarmagnets.com\/wp-content\/uploads\/2021\/02\/work-vest-engels-300x178.png 300w\" sizes=\"(max-width: 765px) 100vw, 765px\" \/><\/h2>\n<h2>Paras l\u00e4mmitett\u00e4v\u00e4 ty\u00f6liivi<\/h2>\n<p><strong>L\u00e4mmitett\u00e4v\u00e4 ty\u00f6liivi?<\/strong> Ty\u00f6liivimme pit\u00e4v\u00e4t sinut l\u00e4mpim\u00e4n\u00e4 my\u00f6s viile\u00e4mpin\u00e4 p\u00e4ivin\u00e4. T\u00e4m\u00e4 ladattava ty\u00f6liivi sis\u00e4lt\u00e4\u00e4 kolme l\u00e4mp\u00f6asetusta, joten l\u00f6yd\u00e4t aina mukavan l\u00e4mp\u00f6tilan. <a href=\"https:\/\/test.magnetarmagnets.com\/fi\/\" target=\"_blank\" rel=\"noopener\">Magneettikalastus<\/a> koko p\u00e4iv\u00e4n? Ty\u00f6skenteletk\u00f6 ulkona kylm\u00e4ll\u00e4 s\u00e4\u00e4ll\u00e4? Viile\u00e4 kes\u00e4ilta? Tuulessa tai my\u00f6h\u00e4\u00e4n illalla? T\u00e4m\u00e4 mukava, tuulen- ja vedenkest\u00e4v\u00e4 l\u00e4mmitett\u00e4v\u00e4 ty\u00f6liivi pit\u00e4\u00e4 sinut l\u00e4mpim\u00e4n\u00e4. <strong>Magnetar Heat ty\u00f6liivit ovat v\u00e4lj\u00e4hk\u00f6j\u00e4, joten tilaa mieluummin pienempi koko!<\/strong><\/p>\n<h2>Tiedot l\u00e4mmitett\u00e4v\u00e4st\u00e4 ty\u00f6liivist\u00e4<\/h2>\n<p>Mukana tuleva akku on k\u00e4nnyk\u00e4n kokoinen ja pit\u00e4\u00e4 sinut l\u00e4mpim\u00e4n\u00e4 jopa <strong>9 tuntia<\/strong> l\u00e4mp\u00f6asetuksesta riippuen. Ty\u00f6liivi <strong>toimitetaan akun ja laturin kanssa.<\/strong> Ty\u00f6liivi on valmistettu tuuli- ja vedenkest\u00e4v\u00e4st\u00e4 puuvillasta ja sis\u00e4vuori on helppohoitoista nylonmateriaalia, mik\u00e4 antaa t\u00e4yden liikkumisvapauden ty\u00f6ss\u00e4si. T\u00e4m\u00e4n l\u00e4mmitett\u00e4v\u00e4n ty\u00f6liivin ansiosta sinun ei tarvitse pukeutua useisiin kerroksiin esimerkiksi maatilalla ty\u00f6skennelless\u00e4si, tiety\u00f6maalla, rakentamisessa, maalarina, ratsastustallilla, mets\u00e4styksess\u00e4, puutarhassa ja muissa t\u00f6iss\u00e4. Se tarjoaa korkeaa k\u00e4ytt\u00f6mukavuutta ja t\u00e4ydellisen liikkumisvapauden.<\/p>\n<p>L\u00e4mp\u00f6vy\u00f6hykkeet tuovat mukavaa l\u00e4mp\u00f6\u00e4 juuri niihin yl\u00e4vartalosi osiin, joissa sit\u00e4 tarvitset: rintaan ja selk\u00e4\u00e4n. Matala, keskitaso ja korkea l\u00e4mp\u00f6tila auttavat sinua sopeutumaan ymp\u00e4rist\u00f6\u00f6n ja pysym\u00e4\u00e4n l\u00e4mpim\u00e4n\u00e4 koko p\u00e4iv\u00e4n ajan. Lataa akku vain 3-4 tunnissa ja olet taas valmis k\u00e4ytt\u00e4m\u00e4\u00e4n liivi\u00e4.<\/p>\n<p>Ty\u00f6liivit on valmistettu kest\u00e4vist\u00e4 ja laadukkaista materiaaleista, jotka pit\u00e4v\u00e4t sinut l\u00e4mpim\u00e4n\u00e4 kaikissa s\u00e4\u00e4olosuhteissa.<\/p>\n<h2>CE-hyv\u00e4ksytty l\u00e4mmitett\u00e4v\u00e4 ty\u00f6liivi<\/h2>\n<p>L\u00e4mmitett\u00e4v\u00e4t ty\u00f6liivit ovat CE-hyv\u00e4ksyttyj\u00e4. Tuemme tuotettamme t\u00e4ysin ja tarjoamme <strong>1 vuoden takuun<\/strong>.<\/p>\n<p><strong>Magnetar Heat ty\u00f6liivit ovat v\u00e4lj\u00e4hk\u00f6j\u00e4, joten tilaa mieluummin pienempi koko!<\/strong><\/p>\n","protected":false},"excerpt":{"rendered":"<p><span style=\"font-weight: 400;\">T\u00e4m\u00e4 on l\u00e4mmitett\u00e4v\u00e4 ty\u00f6liivi, jossa on kolme l\u00e4mmitystasoa. Pit\u00e4\u00e4 sinut l\u00e4mpim\u00e4n\u00e4 silloin kun tarvitset. Lis\u00e4ksi eritt\u00e4in kulutusta kest\u00e4v\u00e4.<\/span><\/p>\n","protected":false},"featured_media":77850,"comment_status":"open","ping_status":"closed","template":"","meta":{"_acf_changed":false,"inline_featured_image":false},"product_brand":[],"product_cat":[1002],"product_tag":[],"class_list":{"0":"post-85448","1":"product","2":"type-product","3":"status-publish","4":"has-post-thumbnail","6":"product_cat-kaikki-tuotteet","8":"first","9":"instock","10":"taxable","11":"shipping-taxable","12":"purchasable","13":"product-type-simple"},"acf":[],"yoast_head":"<!-- This site is optimized with the Yoast SEO plugin v27.6 - https:\/\/yoast.com\/product\/yoast-seo-wordpress\/ -->\n<title>L\u00e4mmitett\u00e4v\u00e4 ty\u00f6liivi Magma L - Magnet fishing with a Magnetar fishing magnet<\/title>\n<meta name=\"description\" content=\"Ty\u00f6liivi? T\u00e4m\u00e4 ladattava ty\u00f6liivi sis\u00e4lt\u00e4\u00e4 kolme l\u00e4mmitystasoa, joten sinulla on aina mukava l\u00e4mp\u00f6tila.\" \/>\n<meta name=\"robots\" content=\"index, follow, max-snippet:-1, max-image-preview:large, max-video-preview:-1\" \/>\n<link rel=\"canonical\" href=\"https:\/\/test.magnetarmagnets.com\/fi\/shop\/lammitettava-tyoliivi-magma-l\/\" \/>\n<meta property=\"og:locale\" content=\"fi_FI\" \/>\n<meta property=\"og:type\" content=\"article\" \/>\n<meta property=\"og:title\" content=\"L\u00e4mmitett\u00e4v\u00e4 ty\u00f6liivi Magma L - Magnet fishing with a Magnetar fishing magnet\" \/>\n<meta property=\"og:description\" content=\"Ty\u00f6liivi? T\u00e4m\u00e4 ladattava ty\u00f6liivi sis\u00e4lt\u00e4\u00e4 kolme l\u00e4mmitystasoa, joten sinulla on aina mukava l\u00e4mp\u00f6tila.\" \/>\n<meta property=\"og:url\" content=\"https:\/\/test.magnetarmagnets.com\/fi\/shop\/lammitettava-tyoliivi-magma-l\/\" \/>\n<meta property=\"og:site_name\" content=\"Magnet fishing with a Magnetar fishing magnet\" \/>\n<meta property=\"article:publisher\" content=\"https:\/\/www.facebook.com\/fishingmagnets\/\" \/>\n<meta property=\"article:modified_time\" content=\"2026-03-16T18:02:22+00:00\" \/>\n<meta property=\"og:image\" content=\"https:\/\/test.magnetarmagnets.com\/wp-content\/uploads\/2021\/02\/heated-work-jacket-scaled.jpg\" \/>\n\t<meta property=\"og:image:width\" content=\"2330\" \/>\n\t<meta property=\"og:image:height\" content=\"2560\" \/>\n\t<meta property=\"og:image:type\" content=\"image\/jpeg\" \/>\n<meta name=\"twitter:card\" content=\"summary_large_image\" \/>\n<meta name=\"twitter:label1\" content=\"Arvioitu lukuaika\" \/>\n\t<meta name=\"twitter:data1\" content=\"2 minuuttia\" \/>\n<script type=\"application\/ld+json\" class=\"yoast-schema-graph\">{\"@context\":\"https:\\\/\\\/schema.org\",\"@graph\":[{\"@type\":[\"WebPage\",\"ItemPage\"],\"@id\":\"https:\\\/\\\/test.magnetarmagnets.com\\\/fi\\\/shop\\\/lammitettava-tyoliivi-magma-l\\\/\",\"url\":\"https:\\\/\\\/test.magnetarmagnets.com\\\/fi\\\/shop\\\/lammitettava-tyoliivi-magma-l\\\/\",\"name\":\"L\u00e4mmitett\u00e4v\u00e4 ty\u00f6liivi Magma L - Magnet fishing with a Magnetar fishing magnet\",\"isPartOf\":{\"@id\":\"https:\\\/\\\/test.magnetarmagnets.com\\\/fi\\\/#website\"},\"primaryImageOfPage\":{\"@id\":\"https:\\\/\\\/test.magnetarmagnets.com\\\/fi\\\/shop\\\/lammitettava-tyoliivi-magma-l\\\/#primaryimage\"},\"image\":{\"@id\":\"https:\\\/\\\/test.magnetarmagnets.com\\\/fi\\\/shop\\\/lammitettava-tyoliivi-magma-l\\\/#primaryimage\"},\"thumbnailUrl\":\"https:\\\/\\\/test.magnetarmagnets.com\\\/wp-content\\\/uploads\\\/2021\\\/02\\\/heated-work-jacket-scaled.jpg\",\"datePublished\":\"2025-06-05T07:53:44+00:00\",\"dateModified\":\"2026-03-16T18:02:22+00:00\",\"description\":\"Ty\u00f6liivi? T\u00e4m\u00e4 ladattava ty\u00f6liivi sis\u00e4lt\u00e4\u00e4 kolme l\u00e4mmitystasoa, joten sinulla on aina mukava l\u00e4mp\u00f6tila.\",\"breadcrumb\":{\"@id\":\"https:\\\/\\\/test.magnetarmagnets.com\\\/fi\\\/shop\\\/lammitettava-tyoliivi-magma-l\\\/#breadcrumb\"},\"inLanguage\":\"fi\",\"potentialAction\":[{\"@type\":\"ReadAction\",\"target\":[\"https:\\\/\\\/test.magnetarmagnets.com\\\/fi\\\/shop\\\/lammitettava-tyoliivi-magma-l\\\/\"]}]},{\"@type\":\"ImageObject\",\"inLanguage\":\"fi\",\"@id\":\"https:\\\/\\\/test.magnetarmagnets.com\\\/fi\\\/shop\\\/lammitettava-tyoliivi-magma-l\\\/#primaryimage\",\"url\":\"https:\\\/\\\/test.magnetarmagnets.com\\\/wp-content\\\/uploads\\\/2021\\\/02\\\/heated-work-jacket-scaled.jpg\",\"contentUrl\":\"https:\\\/\\\/test.magnetarmagnets.com\\\/wp-content\\\/uploads\\\/2021\\\/02\\\/heated-work-jacket-scaled.jpg\",\"width\":2330,\"height\":2560,\"caption\":\"heated workwear jack\"},{\"@type\":\"BreadcrumbList\",\"@id\":\"https:\\\/\\\/test.magnetarmagnets.com\\\/fi\\\/shop\\\/lammitettava-tyoliivi-magma-l\\\/#breadcrumb\",\"itemListElement\":[{\"@type\":\"ListItem\",\"position\":1,\"name\":\"Home\",\"item\":\"https:\\\/\\\/test.magnetarmagnets.com\\\/fi\\\/\"},{\"@type\":\"ListItem\",\"position\":2,\"name\":\"Verkkokauppa\",\"item\":\"https:\\\/\\\/test.magnetarmagnets.com\\\/shop\\\/\"},{\"@type\":\"ListItem\",\"position\":3,\"name\":\"Kaikki tuotteet\",\"item\":\"https:\\\/\\\/test.magnetarmagnets.com\\\/fi\\\/collections\\\/kaikki-tuotteet\\\/\"},{\"@type\":\"ListItem\",\"position\":4,\"name\":\"L\u00e4mmitett\u00e4v\u00e4 ty\u00f6liivi Magma L\"}]},{\"@type\":\"WebSite\",\"@id\":\"https:\\\/\\\/test.magnetarmagnets.com\\\/fi\\\/#website\",\"url\":\"https:\\\/\\\/test.magnetarmagnets.com\\\/fi\\\/\",\"name\":\"Magnet fishing with a Magnetar fishing magnet\",\"description\":\"Powerful magnets for magnet fishing\",\"publisher\":{\"@id\":\"https:\\\/\\\/test.magnetarmagnets.com\\\/fi\\\/#organization\"},\"potentialAction\":[{\"@type\":\"SearchAction\",\"target\":{\"@type\":\"EntryPoint\",\"urlTemplate\":\"https:\\\/\\\/test.magnetarmagnets.com\\\/fi\\\/?s={search_term_string}\"},\"query-input\":{\"@type\":\"PropertyValueSpecification\",\"valueRequired\":true,\"valueName\":\"search_term_string\"}}],\"inLanguage\":\"fi\"},{\"@type\":\"Organization\",\"@id\":\"https:\\\/\\\/test.magnetarmagnets.com\\\/fi\\\/#organization\",\"name\":\"Magnetar\",\"url\":\"https:\\\/\\\/test.magnetarmagnets.com\\\/fi\\\/\",\"logo\":{\"@type\":\"ImageObject\",\"inLanguage\":\"fi\",\"@id\":\"https:\\\/\\\/test.magnetarmagnets.com\\\/fi\\\/#\\\/schema\\\/logo\\\/image\\\/\",\"url\":\"https:\\\/\\\/magnetarmagnets.com\\\/wp-content\\\/uploads\\\/2021\\\/01\\\/magnetarvismagneet_logo.png\",\"contentUrl\":\"https:\\\/\\\/magnetarmagnets.com\\\/wp-content\\\/uploads\\\/2021\\\/01\\\/magnetarvismagneet_logo.png\",\"width\":209,\"height\":100,\"caption\":\"Magnetar\"},\"image\":{\"@id\":\"https:\\\/\\\/test.magnetarmagnets.com\\\/fi\\\/#\\\/schema\\\/logo\\\/image\\\/\"},\"sameAs\":[\"https:\\\/\\\/www.facebook.com\\\/fishingmagnets\\\/\",\"https:\\\/\\\/www.instagram.com\\\/magnetar_magnets\\\/\",\"https:\\\/\\\/www.linkedin.com\\\/company\\\/magnetarbv\\\/?originalSubdomain=nl\",\"https:\\\/\\\/www.youtube.com\\\/c\\\/MagnetarVismagneet\"]}]}<\/script>\n<!-- \/ Yoast SEO plugin. -->","yoast_head_json":{"title":"L\u00e4mmitett\u00e4v\u00e4 ty\u00f6liivi Magma L - Magnet fishing with a Magnetar fishing magnet","description":"Ty\u00f6liivi? T\u00e4m\u00e4 ladattava ty\u00f6liivi sis\u00e4lt\u00e4\u00e4 kolme l\u00e4mmitystasoa, joten sinulla on aina mukava l\u00e4mp\u00f6tila.","robots":{"index":"index","follow":"follow","max-snippet":"max-snippet:-1","max-image-preview":"max-image-preview:large","max-video-preview":"max-video-preview:-1"},"canonical":"https:\/\/test.magnetarmagnets.com\/fi\/shop\/lammitettava-tyoliivi-magma-l\/","og_locale":"fi_FI","og_type":"article","og_title":"L\u00e4mmitett\u00e4v\u00e4 ty\u00f6liivi Magma L - Magnet fishing with a Magnetar fishing magnet","og_description":"Ty\u00f6liivi? T\u00e4m\u00e4 ladattava ty\u00f6liivi sis\u00e4lt\u00e4\u00e4 kolme l\u00e4mmitystasoa, joten sinulla on aina mukava l\u00e4mp\u00f6tila.","og_url":"https:\/\/test.magnetarmagnets.com\/fi\/shop\/lammitettava-tyoliivi-magma-l\/","og_site_name":"Magnet fishing with a Magnetar fishing magnet","article_publisher":"https:\/\/www.facebook.com\/fishingmagnets\/","article_modified_time":"2026-03-16T18:02:22+00:00","og_image":[{"width":2330,"height":2560,"url":"https:\/\/test.magnetarmagnets.com\/wp-content\/uploads\/2021\/02\/heated-work-jacket-scaled.jpg","type":"image\/jpeg"}],"twitter_card":"summary_large_image","twitter_misc":{"Arvioitu lukuaika":"2 minuuttia"},"schema":{"@context":"https:\/\/schema.org","@graph":[{"@type":["WebPage","ItemPage"],"@id":"https:\/\/test.magnetarmagnets.com\/fi\/shop\/lammitettava-tyoliivi-magma-l\/","url":"https:\/\/test.magnetarmagnets.com\/fi\/shop\/lammitettava-tyoliivi-magma-l\/","name":"L\u00e4mmitett\u00e4v\u00e4 ty\u00f6liivi Magma L - Magnet fishing with a Magnetar fishing magnet","isPartOf":{"@id":"https:\/\/test.magnetarmagnets.com\/fi\/#website"},"primaryImageOfPage":{"@id":"https:\/\/test.magnetarmagnets.com\/fi\/shop\/lammitettava-tyoliivi-magma-l\/#primaryimage"},"image":{"@id":"https:\/\/test.magnetarmagnets.com\/fi\/shop\/lammitettava-tyoliivi-magma-l\/#primaryimage"},"thumbnailUrl":"https:\/\/test.magnetarmagnets.com\/wp-content\/uploads\/2021\/02\/heated-work-jacket-scaled.jpg","datePublished":"2025-06-05T07:53:44+00:00","dateModified":"2026-03-16T18:02:22+00:00","description":"Ty\u00f6liivi? T\u00e4m\u00e4 ladattava ty\u00f6liivi sis\u00e4lt\u00e4\u00e4 kolme l\u00e4mmitystasoa, joten sinulla on aina mukava l\u00e4mp\u00f6tila.","breadcrumb":{"@id":"https:\/\/test.magnetarmagnets.com\/fi\/shop\/lammitettava-tyoliivi-magma-l\/#breadcrumb"},"inLanguage":"fi","potentialAction":[{"@type":"ReadAction","target":["https:\/\/test.magnetarmagnets.com\/fi\/shop\/lammitettava-tyoliivi-magma-l\/"]}]},{"@type":"ImageObject","inLanguage":"fi","@id":"https:\/\/test.magnetarmagnets.com\/fi\/shop\/lammitettava-tyoliivi-magma-l\/#primaryimage","url":"https:\/\/test.magnetarmagnets.com\/wp-content\/uploads\/2021\/02\/heated-work-jacket-scaled.jpg","contentUrl":"https:\/\/test.magnetarmagnets.com\/wp-content\/uploads\/2021\/02\/heated-work-jacket-scaled.jpg","width":2330,"height":2560,"caption":"heated workwear jack"},{"@type":"BreadcrumbList","@id":"https:\/\/test.magnetarmagnets.com\/fi\/shop\/lammitettava-tyoliivi-magma-l\/#breadcrumb","itemListElement":[{"@type":"ListItem","position":1,"name":"Home","item":"https:\/\/test.magnetarmagnets.com\/fi\/"},{"@type":"ListItem","position":2,"name":"Verkkokauppa","item":"https:\/\/test.magnetarmagnets.com\/shop\/"},{"@type":"ListItem","position":3,"name":"Kaikki tuotteet","item":"https:\/\/test.magnetarmagnets.com\/fi\/collections\/kaikki-tuotteet\/"},{"@type":"ListItem","position":4,"name":"L\u00e4mmitett\u00e4v\u00e4 ty\u00f6liivi Magma L"}]},{"@type":"WebSite","@id":"https:\/\/test.magnetarmagnets.com\/fi\/#website","url":"https:\/\/test.magnetarmagnets.com\/fi\/","name":"Magnet fishing with a Magnetar fishing magnet","description":"Powerful magnets for magnet fishing","publisher":{"@id":"https:\/\/test.magnetarmagnets.com\/fi\/#organization"},"potentialAction":[{"@type":"SearchAction","target":{"@type":"EntryPoint","urlTemplate":"https:\/\/test.magnetarmagnets.com\/fi\/?s={search_term_string}"},"query-input":{"@type":"PropertyValueSpecification","valueRequired":true,"valueName":"search_term_string"}}],"inLanguage":"fi"},{"@type":"Organization","@id":"https:\/\/test.magnetarmagnets.com\/fi\/#organization","name":"Magnetar","url":"https:\/\/test.magnetarmagnets.com\/fi\/","logo":{"@type":"ImageObject","inLanguage":"fi","@id":"https:\/\/test.magnetarmagnets.com\/fi\/#\/schema\/logo\/image\/","url":"https:\/\/magnetarmagnets.com\/wp-content\/uploads\/2021\/01\/magnetarvismagneet_logo.png","contentUrl":"https:\/\/magnetarmagnets.com\/wp-content\/uploads\/2021\/01\/magnetarvismagneet_logo.png","width":209,"height":100,"caption":"Magnetar"},"image":{"@id":"https:\/\/test.magnetarmagnets.com\/fi\/#\/schema\/logo\/image\/"},"sameAs":["https:\/\/www.facebook.com\/fishingmagnets\/","https:\/\/www.instagram.com\/magnetar_magnets\/","https:\/\/www.linkedin.com\/company\/magnetarbv\/?originalSubdomain=nl","https:\/\/www.youtube.com\/c\/MagnetarVismagneet"]}]}},"_links":{"self":[{"href":"https:\/\/test.magnetarmagnets.com\/fi\/wp-json\/wp\/v2\/product\/85448","targetHints":{"allow":["GET"]}}],"collection":[{"href":"https:\/\/test.magnetarmagnets.com\/fi\/wp-json\/wp\/v2\/product"}],"about":[{"href":"https:\/\/test.magnetarmagnets.com\/fi\/wp-json\/wp\/v2\/types\/product"}],"replies":[{"embeddable":true,"href":"https:\/\/test.magnetarmagnets.com\/fi\/wp-json\/wp\/v2\/comments?post=85448"}],"wp:featuredmedia":[{"embeddable":true,"href":"https:\/\/test.magnetarmagnets.com\/fi\/wp-json\/wp\/v2\/media\/77850"}],"wp:attachment":[{"href":"https:\/\/test.magnetarmagnets.com\/fi\/wp-json\/wp\/v2\/media?parent=85448"}],"wp:term":[{"taxonomy":"product_brand","embeddable":true,"href":"https:\/\/test.magnetarmagnets.com\/fi\/wp-json\/wp\/v2\/product_brand?post=85448"},{"taxonomy":"product_cat","embeddable":true,"href":"https:\/\/test.magnetarmagnets.com\/fi\/wp-json\/wp\/v2\/product_cat?post=85448"},{"taxonomy":"product_tag","embeddable":true,"href":"https:\/\/test.magnetarmagnets.com\/fi\/wp-json\/wp\/v2\/product_tag?post=85448"}],"curies":[{"name":"wp","href":"https:\/\/api.w.org\/{rel}","templated":true}]}}