{"id":85402,"date":"2025-06-05T09:54:14","date_gmt":"2025-06-05T07:54:14","guid":{"rendered":"https:\/\/magnetarmagnets.com\/?post_type=product&#038;p=85402"},"modified":"2025-08-26T12:05:19","modified_gmt":"2025-08-26T10:05:19","slug":"bulldog-800-kaksipuolinen-800-kg","status":"publish","type":"product","link":"https:\/\/test.magnetarmagnets.com\/fi\/shop\/bulldog-800-kaksipuolinen-800-kg\/","title":{"rendered":"Bulldog 800 &#8211; kaksipuolinen &#8211; 800 kg"},"content":{"rendered":"<p><span style=\"font-weight: 400;\">Magnetar <\/span>Bulldog 800<span style=\"font-weight: 400;\"> on Magnetar Bulldog 500 -kaksipuolisen kalastusmagneetin isoveli. Bulldog 800:ssa on suurempi halkaisija, joka tarjoaa l\u00e4hes kaksinkertaisen magneettisen vetovoiman verrattuna Bulldog 500:aan. Bulldog 800 on todellinen tehopakkaus. T\u00e4m\u00e4 magneetti tarjoaa yhteens\u00e4 per\u00e4ti 880 kg vetovoiman. Magneettinen vetovoima jakautuu kahdelle magneetille, joista kummallakin on 440 kg vetovoima, eli kalastat aina 440 kg vetovoimalla kummallakin puolella. T\u00e4m\u00e4 lis\u00e4\u00e4 esineiden l\u00f6yt\u00e4misen todenn\u00e4k\u00f6isyytt\u00e4 magneettikent\u00e4n laajenemisen vuoksi. Bulldogilla on kaksipuolinen magneettinen vetovoima ja rengaskotelo suojaa magneettia. Etsitk\u00f6 monipuolista magneettia? Tutustu <a href=\"https:\/\/test.magnetarmagnets.com\/shop\/beast-magnet\/\">Beast<\/a>-kalastusmagneettiin.<\/span><\/p>\n<h2><strong>Bulldog 800<\/strong><\/h2>\n<p><span style=\"font-weight: 400;\">Bulldog-magneettimme vet\u00e4\u00e4 puoleensa kaikki vedess\u00e4 olevat metalliesineet. T\u00e4m\u00e4 johtuu sen yhteisest\u00e4 880 kg magneettisesta vetovoimasta, joka jakautuu kahteen 440 kg vetovoimaiseen magneettiin. Luvatun 440 kg\/970 lb vetovoiman saavuttaminen edellytt\u00e4\u00e4 t\u00e4ydellisi\u00e4 olosuhteita: tasainen metalli, 2 cm paksu, ruosteeton ja ilman likaa magneetin ja metallin v\u00e4lill\u00e4. N\u00e4iss\u00e4 olosuhteissa voit vet\u00e4\u00e4 suoraan yl\u00f6s 440 kg\/970 lb.<\/span><\/p>\n<p><span style=\"font-weight: 400;\">Kaksipuolisen kalastusmagneetin (<a href=\"https:\/\/test.magnetarmagnets.com\/double-sided-fishing-magnet\/\" target=\"_blank\" rel=\"noopener\">double sided fishing magnet<\/a>) ja yksipuolisten kalastusmagneettien (<a href=\"https:\/\/test.magnetarmagnets.com\/collections\/fishing-magnets\/single-sided-classic\/\" target=\"_blank\" rel=\"noopener\">single sided fishing magnets<\/a>) ero on se, ett\u00e4 voit kalastaa kahdella tavalla yhden sijaan. Mukana tulevat silmukkaruuvit voi kiinnitt\u00e4\u00e4 haluamallasi tavalla. Jos haluat vet\u00e4\u00e4 magneettia vaakatasossa veden l\u00e4pi (joka parantaa esineiden l\u00f6ytymisen mahdollisuutta), voit kiinnitt\u00e4\u00e4 silmukkaruuvin magneetin sivulle. Kaksipuolisen magneetin takia magneetti k\u00e4\u00e4ntyy aina mahdollisia aarteita kohti.<\/span><\/p>\n<p><span style=\"font-weight: 400;\">Vaikutus vaakasuoraan kalastukseen on, ett\u00e4 magneetti voi vet\u00e4\u00e4 esinett\u00e4 v\u00e4hemm\u00e4n voimakkaasti. Magneettinen vetovoima on parhaimmillaan pystysuorassa kalastuksessa. Jos haluat lis\u00e4vetovoimaa, kiinnit\u00e4 silmukkaruuvi pystysuoraan magneetin pinnalle. N\u00e4in pystyt vet\u00e4m\u00e4\u00e4n raskaampia esineit\u00e4, aivan kuten klassisilla magneeteillamme. Magneetin erilaiset k\u00e4ytt\u00f6tavat tekev\u00e4t siit\u00e4 monik\u00e4ytt\u00f6isen.<\/span><\/p>\n<h2>Korkea laatu<\/h2>\n<p><span style=\"font-weight: 400;\">Magneettimme on valmistettu parhaasta neodyymista. T\u00e4m\u00e4 tarkoittaa, ett\u00e4 Magnetar-kalastusmagneettimme yll\u00e4pit\u00e4v\u00e4t magneettista vetovoimaansa ja menett\u00e4v\u00e4t siit\u00e4 vain 1 % 100 vuodessa! Useimmat muut toimittajat myyv\u00e4t magneetteja, jotka menett\u00e4v\u00e4t vastaavan m\u00e4\u00e4r\u00e4n vain muutamassa viikossa. Yh\u00e4 useammat t\u00e4llaiset heikkolaatuiset magneetit ovat nyky\u00e4\u00e4n markkinoilla. Niiss\u00e4 on heikkolaatuista neodyymi\u00e4, jotta hinta saadaan alas ja magneetti n\u00e4ytt\u00e4\u00e4 suuremmalta. T\u00e4llaisen magneetin oston j\u00e4lkeen heit\u00e4t rahaa hukkaan.<\/span><\/p>\n<p><span style=\"font-weight: 400;\">Kaikki magneettimme on suunniteltu henkil\u00f6kohtaisesti siten, ett\u00e4 saat kalastuskokemuksestasi parhaan mahdollisen. Testaamme magneettejamme ammattimaisilla laitteilla varmistaaksemme, ett\u00e4 lupaamamme magneettinen vetovoima on tarkka. Tied\u00e4mme kokemuksestamme magneettikalastuksessa, mik\u00e4 on paras tapa suunnitella magneetti\u00e4. Voit kokea t\u00e4m\u00e4n itse korkealaatuisilla, tehokkailla ja luotettavilla kalastusmagneeteillamme. Kiinnostunut vetovoiman testausmenetelmist\u00e4? Katso videosamme <a href=\"https:\/\/www.youtube.com\/watch?v=2McW3RURDxs\" target=\"_blank\" rel=\"noopener noreferrer\">vetovoimamittauksesta.<\/a><\/span><\/p>\n<p><span style=\"font-weight: 400;\">\u00c4l\u00e4 unohda tutustua parhaisiin <a href=\"https:\/\/test.magnetarmagnets.com\/magnet-fishing-kit\/\" target=\"_blank\" rel=\"noopener\">magneettikalastussarjoihin<\/a> ja kalastusmagneettivarusteisiimme <a href=\"https:\/\/test.magnetarmagnets.com\/accessories\/\" target=\"_blank\" rel=\"noopener\">t\u00e4\u00e4lt\u00e4<\/a>.<\/span><\/p>\n<h2>Varoitus!<\/h2>\n<p><span style=\"font-weight: 400;\">Neodyymmagneettimme ovat eritt\u00e4in voimakkaita ja niiden l\u00e4heisyydess\u00e4 metalliobjektit voivat tarttua niihin suuralla nopeudella. \u00c4l\u00e4 koskaan anna sormiesi j\u00e4\u00e4d\u00e4 v\u00e4liin. Joidenkin voimakkaimpien magneettien kanssa voit helposti murskata, rikkoa tai saada rakkuloita sormillesi, jos j\u00e4\u00e4v\u00e4t magneetin ja metalliesineen v\u00e4liin. Ole aina varovainen magneettejamme k\u00e4ytt\u00e4ess\u00e4si. Varoitus: magneettien k\u00e4ytt\u00f6 on omalla vastuulla. Lue aina k\u00e4ytt\u00f6ohjeet ja turvallisuusohjeet ennen k\u00e4ytt\u00f6\u00e4.<\/span><\/p>\n","protected":false},"excerpt":{"rendered":"<p><span style=\"font-weight: 400;\"><strong>Eritt\u00e4in vahva<\/strong> ja <strong>kaksinkertaisesti tehokkaampi<\/strong> 440 kg vetovoimalla.<\/span><\/p>\n","protected":false},"featured_media":65431,"comment_status":"open","ping_status":"closed","template":"","meta":{"_acf_changed":false,"inline_featured_image":false},"product_brand":[],"product_cat":[726,716,712,725,714],"product_tag":[],"class_list":{"0":"post-85402","1":"product","2":"type-product","3":"status-publish","4":"has-post-thumbnail","6":"product_cat-ammattilaiset","7":"product_cat-kaksipuoliset-kalastusmagneetit","8":"product_cat-kalastusmagneetit","9":"product_cat-kokeneet-seikkailijat","10":"product_cat-vahvimmat-kalastusmagneetit","12":"first","13":"instock","14":"taxable","15":"shipping-taxable","16":"purchasable","17":"product-type-simple"},"acf":[],"yoast_head":"<!-- This site is optimized with the Yoast SEO plugin v27.6 - https:\/\/yoast.com\/product\/yoast-seo-wordpress\/ -->\n<title>Magnetar Bulldog 800 kg: Vahvat kaksipuoliset magneetit Magnetarilta!<\/title>\n<meta name=\"description\" content=\"Magnetar Bulldog 800 kg - kaksipuoliset magneetit\" \/>\n<meta name=\"robots\" content=\"index, follow, max-snippet:-1, max-image-preview:large, max-video-preview:-1\" \/>\n<link rel=\"canonical\" href=\"https:\/\/test.magnetarmagnets.com\/fi\/shop\/bulldog-800-kaksipuolinen-800-kg\/\" \/>\n<meta property=\"og:locale\" content=\"fi_FI\" \/>\n<meta property=\"og:type\" content=\"article\" \/>\n<meta property=\"og:title\" content=\"Magnetar Bulldog 800 kg: Vahvat kaksipuoliset magneetit Magnetarilta!\" \/>\n<meta property=\"og:description\" content=\"Magnetar Bulldog 800 kg - kaksipuoliset magneetit\" \/>\n<meta property=\"og:url\" content=\"https:\/\/test.magnetarmagnets.com\/fi\/shop\/bulldog-800-kaksipuolinen-800-kg\/\" \/>\n<meta property=\"og:site_name\" content=\"Magnet fishing with a Magnetar fishing magnet\" \/>\n<meta property=\"article:publisher\" content=\"https:\/\/www.facebook.com\/fishingmagnets\/\" \/>\n<meta property=\"article:modified_time\" content=\"2025-08-26T10:05:19+00:00\" \/>\n<meta property=\"og:image\" content=\"https:\/\/test.magnetarmagnets.com\/wp-content\/uploads\/2020\/05\/FOTO1496.jpg\" \/>\n\t<meta property=\"og:image:width\" content=\"1000\" \/>\n\t<meta property=\"og:image:height\" content=\"1000\" \/>\n\t<meta property=\"og:image:type\" content=\"image\/jpeg\" \/>\n<meta name=\"twitter:card\" content=\"summary_large_image\" \/>\n<meta name=\"twitter:label1\" content=\"Arvioitu lukuaika\" \/>\n\t<meta name=\"twitter:data1\" content=\"4 minuuttia\" \/>\n<script type=\"application\/ld+json\" class=\"yoast-schema-graph\">{\"@context\":\"https:\\\/\\\/schema.org\",\"@graph\":[{\"@type\":[\"WebPage\",\"ItemPage\"],\"@id\":\"https:\\\/\\\/test.magnetarmagnets.com\\\/fi\\\/shop\\\/bulldog-800-kaksipuolinen-800-kg\\\/\",\"url\":\"https:\\\/\\\/test.magnetarmagnets.com\\\/fi\\\/shop\\\/bulldog-800-kaksipuolinen-800-kg\\\/\",\"name\":\"Magnetar Bulldog 800 kg: Vahvat kaksipuoliset magneetit Magnetarilta!\",\"isPartOf\":{\"@id\":\"https:\\\/\\\/test.magnetarmagnets.com\\\/fi\\\/#website\"},\"primaryImageOfPage\":{\"@id\":\"https:\\\/\\\/test.magnetarmagnets.com\\\/fi\\\/shop\\\/bulldog-800-kaksipuolinen-800-kg\\\/#primaryimage\"},\"image\":{\"@id\":\"https:\\\/\\\/test.magnetarmagnets.com\\\/fi\\\/shop\\\/bulldog-800-kaksipuolinen-800-kg\\\/#primaryimage\"},\"thumbnailUrl\":\"https:\\\/\\\/test.magnetarmagnets.com\\\/wp-content\\\/uploads\\\/2020\\\/05\\\/FOTO1496.jpg\",\"datePublished\":\"2025-06-05T07:54:14+00:00\",\"dateModified\":\"2025-08-26T10:05:19+00:00\",\"description\":\"Magnetar Bulldog 800 kg - kaksipuoliset magneetit\",\"breadcrumb\":{\"@id\":\"https:\\\/\\\/test.magnetarmagnets.com\\\/fi\\\/shop\\\/bulldog-800-kaksipuolinen-800-kg\\\/#breadcrumb\"},\"inLanguage\":\"fi\",\"potentialAction\":[{\"@type\":\"ReadAction\",\"target\":[\"https:\\\/\\\/test.magnetarmagnets.com\\\/fi\\\/shop\\\/bulldog-800-kaksipuolinen-800-kg\\\/\"]}]},{\"@type\":\"ImageObject\",\"inLanguage\":\"fi\",\"@id\":\"https:\\\/\\\/test.magnetarmagnets.com\\\/fi\\\/shop\\\/bulldog-800-kaksipuolinen-800-kg\\\/#primaryimage\",\"url\":\"https:\\\/\\\/test.magnetarmagnets.com\\\/wp-content\\\/uploads\\\/2020\\\/05\\\/FOTO1496.jpg\",\"contentUrl\":\"https:\\\/\\\/test.magnetarmagnets.com\\\/wp-content\\\/uploads\\\/2020\\\/05\\\/FOTO1496.jpg\",\"width\":1000,\"height\":1000},{\"@type\":\"BreadcrumbList\",\"@id\":\"https:\\\/\\\/test.magnetarmagnets.com\\\/fi\\\/shop\\\/bulldog-800-kaksipuolinen-800-kg\\\/#breadcrumb\",\"itemListElement\":[{\"@type\":\"ListItem\",\"position\":1,\"name\":\"Home\",\"item\":\"https:\\\/\\\/test.magnetarmagnets.com\\\/fi\\\/\"},{\"@type\":\"ListItem\",\"position\":2,\"name\":\"Verkkokauppa\",\"item\":\"https:\\\/\\\/test.magnetarmagnets.com\\\/shop\\\/\"},{\"@type\":\"ListItem\",\"position\":3,\"name\":\"Kalastusmagneetit\",\"item\":\"https:\\\/\\\/test.magnetarmagnets.com\\\/fi\\\/collections\\\/kalastusmagneetit\\\/\"},{\"@type\":\"ListItem\",\"position\":4,\"name\":\"Kaksipuoliset kalastusmagneetit\",\"item\":\"https:\\\/\\\/test.magnetarmagnets.com\\\/fi\\\/collections\\\/kalastusmagneetit\\\/kaksipuoliset-kalastusmagneetit\\\/\"},{\"@type\":\"ListItem\",\"position\":5,\"name\":\"Bulldog 800 &#8211; kaksipuolinen &#8211; 800 kg\"}]},{\"@type\":\"WebSite\",\"@id\":\"https:\\\/\\\/test.magnetarmagnets.com\\\/fi\\\/#website\",\"url\":\"https:\\\/\\\/test.magnetarmagnets.com\\\/fi\\\/\",\"name\":\"Magnet fishing with a Magnetar fishing magnet\",\"description\":\"Powerful magnets for magnet fishing\",\"publisher\":{\"@id\":\"https:\\\/\\\/test.magnetarmagnets.com\\\/fi\\\/#organization\"},\"potentialAction\":[{\"@type\":\"SearchAction\",\"target\":{\"@type\":\"EntryPoint\",\"urlTemplate\":\"https:\\\/\\\/test.magnetarmagnets.com\\\/fi\\\/?s={search_term_string}\"},\"query-input\":{\"@type\":\"PropertyValueSpecification\",\"valueRequired\":true,\"valueName\":\"search_term_string\"}}],\"inLanguage\":\"fi\"},{\"@type\":\"Organization\",\"@id\":\"https:\\\/\\\/test.magnetarmagnets.com\\\/fi\\\/#organization\",\"name\":\"Magnetar\",\"url\":\"https:\\\/\\\/test.magnetarmagnets.com\\\/fi\\\/\",\"logo\":{\"@type\":\"ImageObject\",\"inLanguage\":\"fi\",\"@id\":\"https:\\\/\\\/test.magnetarmagnets.com\\\/fi\\\/#\\\/schema\\\/logo\\\/image\\\/\",\"url\":\"https:\\\/\\\/magnetarmagnets.com\\\/wp-content\\\/uploads\\\/2021\\\/01\\\/magnetarvismagneet_logo.png\",\"contentUrl\":\"https:\\\/\\\/magnetarmagnets.com\\\/wp-content\\\/uploads\\\/2021\\\/01\\\/magnetarvismagneet_logo.png\",\"width\":209,\"height\":100,\"caption\":\"Magnetar\"},\"image\":{\"@id\":\"https:\\\/\\\/test.magnetarmagnets.com\\\/fi\\\/#\\\/schema\\\/logo\\\/image\\\/\"},\"sameAs\":[\"https:\\\/\\\/www.facebook.com\\\/fishingmagnets\\\/\",\"https:\\\/\\\/www.instagram.com\\\/magnetar_magnets\\\/\",\"https:\\\/\\\/www.linkedin.com\\\/company\\\/magnetarbv\\\/?originalSubdomain=nl\",\"https:\\\/\\\/www.youtube.com\\\/c\\\/MagnetarVismagneet\"]}]}<\/script>\n<!-- \/ Yoast SEO plugin. -->","yoast_head_json":{"title":"Magnetar Bulldog 800 kg: Vahvat kaksipuoliset magneetit Magnetarilta!","description":"Magnetar Bulldog 800 kg - kaksipuoliset magneetit","robots":{"index":"index","follow":"follow","max-snippet":"max-snippet:-1","max-image-preview":"max-image-preview:large","max-video-preview":"max-video-preview:-1"},"canonical":"https:\/\/test.magnetarmagnets.com\/fi\/shop\/bulldog-800-kaksipuolinen-800-kg\/","og_locale":"fi_FI","og_type":"article","og_title":"Magnetar Bulldog 800 kg: Vahvat kaksipuoliset magneetit Magnetarilta!","og_description":"Magnetar Bulldog 800 kg - kaksipuoliset magneetit","og_url":"https:\/\/test.magnetarmagnets.com\/fi\/shop\/bulldog-800-kaksipuolinen-800-kg\/","og_site_name":"Magnet fishing with a Magnetar fishing magnet","article_publisher":"https:\/\/www.facebook.com\/fishingmagnets\/","article_modified_time":"2025-08-26T10:05:19+00:00","og_image":[{"width":1000,"height":1000,"url":"https:\/\/test.magnetarmagnets.com\/wp-content\/uploads\/2020\/05\/FOTO1496.jpg","type":"image\/jpeg"}],"twitter_card":"summary_large_image","twitter_misc":{"Arvioitu lukuaika":"4 minuuttia"},"schema":{"@context":"https:\/\/schema.org","@graph":[{"@type":["WebPage","ItemPage"],"@id":"https:\/\/test.magnetarmagnets.com\/fi\/shop\/bulldog-800-kaksipuolinen-800-kg\/","url":"https:\/\/test.magnetarmagnets.com\/fi\/shop\/bulldog-800-kaksipuolinen-800-kg\/","name":"Magnetar Bulldog 800 kg: Vahvat kaksipuoliset magneetit Magnetarilta!","isPartOf":{"@id":"https:\/\/test.magnetarmagnets.com\/fi\/#website"},"primaryImageOfPage":{"@id":"https:\/\/test.magnetarmagnets.com\/fi\/shop\/bulldog-800-kaksipuolinen-800-kg\/#primaryimage"},"image":{"@id":"https:\/\/test.magnetarmagnets.com\/fi\/shop\/bulldog-800-kaksipuolinen-800-kg\/#primaryimage"},"thumbnailUrl":"https:\/\/test.magnetarmagnets.com\/wp-content\/uploads\/2020\/05\/FOTO1496.jpg","datePublished":"2025-06-05T07:54:14+00:00","dateModified":"2025-08-26T10:05:19+00:00","description":"Magnetar Bulldog 800 kg - kaksipuoliset magneetit","breadcrumb":{"@id":"https:\/\/test.magnetarmagnets.com\/fi\/shop\/bulldog-800-kaksipuolinen-800-kg\/#breadcrumb"},"inLanguage":"fi","potentialAction":[{"@type":"ReadAction","target":["https:\/\/test.magnetarmagnets.com\/fi\/shop\/bulldog-800-kaksipuolinen-800-kg\/"]}]},{"@type":"ImageObject","inLanguage":"fi","@id":"https:\/\/test.magnetarmagnets.com\/fi\/shop\/bulldog-800-kaksipuolinen-800-kg\/#primaryimage","url":"https:\/\/test.magnetarmagnets.com\/wp-content\/uploads\/2020\/05\/FOTO1496.jpg","contentUrl":"https:\/\/test.magnetarmagnets.com\/wp-content\/uploads\/2020\/05\/FOTO1496.jpg","width":1000,"height":1000},{"@type":"BreadcrumbList","@id":"https:\/\/test.magnetarmagnets.com\/fi\/shop\/bulldog-800-kaksipuolinen-800-kg\/#breadcrumb","itemListElement":[{"@type":"ListItem","position":1,"name":"Home","item":"https:\/\/test.magnetarmagnets.com\/fi\/"},{"@type":"ListItem","position":2,"name":"Verkkokauppa","item":"https:\/\/test.magnetarmagnets.com\/shop\/"},{"@type":"ListItem","position":3,"name":"Kalastusmagneetit","item":"https:\/\/test.magnetarmagnets.com\/fi\/collections\/kalastusmagneetit\/"},{"@type":"ListItem","position":4,"name":"Kaksipuoliset kalastusmagneetit","item":"https:\/\/test.magnetarmagnets.com\/fi\/collections\/kalastusmagneetit\/kaksipuoliset-kalastusmagneetit\/"},{"@type":"ListItem","position":5,"name":"Bulldog 800 &#8211; kaksipuolinen &#8211; 800 kg"}]},{"@type":"WebSite","@id":"https:\/\/test.magnetarmagnets.com\/fi\/#website","url":"https:\/\/test.magnetarmagnets.com\/fi\/","name":"Magnet fishing with a Magnetar fishing magnet","description":"Powerful magnets for magnet fishing","publisher":{"@id":"https:\/\/test.magnetarmagnets.com\/fi\/#organization"},"potentialAction":[{"@type":"SearchAction","target":{"@type":"EntryPoint","urlTemplate":"https:\/\/test.magnetarmagnets.com\/fi\/?s={search_term_string}"},"query-input":{"@type":"PropertyValueSpecification","valueRequired":true,"valueName":"search_term_string"}}],"inLanguage":"fi"},{"@type":"Organization","@id":"https:\/\/test.magnetarmagnets.com\/fi\/#organization","name":"Magnetar","url":"https:\/\/test.magnetarmagnets.com\/fi\/","logo":{"@type":"ImageObject","inLanguage":"fi","@id":"https:\/\/test.magnetarmagnets.com\/fi\/#\/schema\/logo\/image\/","url":"https:\/\/magnetarmagnets.com\/wp-content\/uploads\/2021\/01\/magnetarvismagneet_logo.png","contentUrl":"https:\/\/magnetarmagnets.com\/wp-content\/uploads\/2021\/01\/magnetarvismagneet_logo.png","width":209,"height":100,"caption":"Magnetar"},"image":{"@id":"https:\/\/test.magnetarmagnets.com\/fi\/#\/schema\/logo\/image\/"},"sameAs":["https:\/\/www.facebook.com\/fishingmagnets\/","https:\/\/www.instagram.com\/magnetar_magnets\/","https:\/\/www.linkedin.com\/company\/magnetarbv\/?originalSubdomain=nl","https:\/\/www.youtube.com\/c\/MagnetarVismagneet"]}]}},"_links":{"self":[{"href":"https:\/\/test.magnetarmagnets.com\/fi\/wp-json\/wp\/v2\/product\/85402","targetHints":{"allow":["GET"]}}],"collection":[{"href":"https:\/\/test.magnetarmagnets.com\/fi\/wp-json\/wp\/v2\/product"}],"about":[{"href":"https:\/\/test.magnetarmagnets.com\/fi\/wp-json\/wp\/v2\/types\/product"}],"replies":[{"embeddable":true,"href":"https:\/\/test.magnetarmagnets.com\/fi\/wp-json\/wp\/v2\/comments?post=85402"}],"wp:featuredmedia":[{"embeddable":true,"href":"https:\/\/test.magnetarmagnets.com\/fi\/wp-json\/wp\/v2\/media\/65431"}],"wp:attachment":[{"href":"https:\/\/test.magnetarmagnets.com\/fi\/wp-json\/wp\/v2\/media?parent=85402"}],"wp:term":[{"taxonomy":"product_brand","embeddable":true,"href":"https:\/\/test.magnetarmagnets.com\/fi\/wp-json\/wp\/v2\/product_brand?post=85402"},{"taxonomy":"product_cat","embeddable":true,"href":"https:\/\/test.magnetarmagnets.com\/fi\/wp-json\/wp\/v2\/product_cat?post=85402"},{"taxonomy":"product_tag","embeddable":true,"href":"https:\/\/test.magnetarmagnets.com\/fi\/wp-json\/wp\/v2\/product_tag?post=85402"}],"curies":[{"name":"wp","href":"https:\/\/api.w.org\/{rel}","templated":true}]}}