{"id":82973,"date":"2018-02-15T19:59:07","date_gmt":"2018-02-15T18:59:07","guid":{"rendered":"https:\/\/magnetarmagnets.com\/meista\/"},"modified":"2025-07-16T16:53:50","modified_gmt":"2025-07-16T14:53:50","slug":"meista","status":"publish","type":"page","link":"https:\/\/test.magnetarmagnets.com\/fi\/meista\/","title":{"rendered":"Meist\u00e4"},"content":{"rendered":"\n<p>Yli 10 vuoden ajan perheyrityksemme on myynyt kalastusmagneetteja ihmisille, jotka rakastavat t\u00e4t\u00e4 harrastusta yht\u00e4 paljon kuin me. <\/p>\n\n<figure class=\"wp-block-image aligncenter size-large\"><img fetchpriority=\"high\" decoding=\"async\" width=\"1024\" height=\"576\" src=\"https:\/\/test.magnetarmagnets.com\/wp-content\/uploads\/2023\/10\/magnetar-team-1024x576.jpg\" alt=\"\" class=\"wp-image-58869\" srcset=\"https:\/\/test.magnetarmagnets.com\/wp-content\/uploads\/2023\/10\/magnetar-team-1024x576.jpg 1024w, https:\/\/test.magnetarmagnets.com\/wp-content\/uploads\/2023\/10\/magnetar-team-150x84.jpg 150w, https:\/\/test.magnetarmagnets.com\/wp-content\/uploads\/2023\/10\/magnetar-team-800x450.jpg 800w, https:\/\/test.magnetarmagnets.com\/wp-content\/uploads\/2023\/10\/magnetar-team-300x169.jpg 300w, https:\/\/test.magnetarmagnets.com\/wp-content\/uploads\/2023\/10\/magnetar-team-768x432.jpg 768w, https:\/\/test.magnetarmagnets.com\/wp-content\/uploads\/2023\/10\/magnetar-team.jpg 1280w\" sizes=\"(max-width: 1024px) 100vw, 1024px\" \/><\/figure>\n\n<p>Perustajamme Reinout Volkers on rakastanut kalastusmagneetteja jo 16-vuotiaasta l\u00e4htien. Opiskellessaan pienyritys- ja v\u00e4hitt\u00e4iskaupan johtamista h\u00e4n perusti Magnetarin vanhempiensa vajaan haaveenaan muuttaa intohimonsa ammatikseen. Tarjoamalla magneettikalastajille parhaita ja tehokkaimpia tuotteita markkinoilla, h\u00e4nen yrityksens\u00e4 on myynyt yli 20 000 magneettia yli 50 maahan paikallisten j\u00e4lleenmyyjien kautta ymp\u00e4ri maailmaa. Magnetar on Euroopan johtava kalastusmagneettien toimittaja ja toimittaa nyt my\u00f6s Pohjois-Amerikkaan!    <\/p>\n\n<p>Tied\u00e4mme, ett\u00e4 toimituksiin voi liitty\u00e4 odottamattomia kustannuksia. Tarjoamme ilmaisen toimituksen valittuihin maihin sek\u00e4 30 p\u00e4iv\u00e4n palautusoikeuden kaikille asiakkaillemme. Olipa sinulla kysytt\u00e4v\u00e4\u00e4 tuotteistamme, palvelustamme tai toimituksista, autamme sinua mielell\u00e4mme! Lis\u00e4tietoja tai l\u00f6yd\u00f6ksi\u00e4si jakaaksesi ota yhteytt\u00e4 osoitteeseen info@test.magnetarmagnets.com.   <\/p>\n\n<h2 class=\"wp-block-heading\">Tiimimme<\/h2>\n\n<p>Magnetar aloitti tavoitteena tarjota intohimoisille kalastajille korkealaatuisimpia kalastusmagneetteja, tarvikkeita ja palvelua. Haluamme, ett\u00e4 sinulla on paras mahdollinen kokemus tuotteistamme, mink\u00e4 vuoksi olemme vuosien ajan kehitt\u00e4neet, suunnitelleet ja valmistaneet tehokkaita ja vahvoja 360\u00ba neodyymimagneetteja. Olemme intohimoinen ja omistautunut viiden hengen tiimi, joka rakastaa magneettikalastusta \u2013 ja toivottavasti Reinoutin ja Anneliesin vastasyntynyt Jurrekin innostuu aikanaan! Olemme todella innoissamme kuulemaan asiakkaidemme l\u00f6yt\u00e4mist\u00e4 aarteista Magnetarin magneeteilla.   <\/p>\n\n<p><\/p>\n\n<p>Onko sinulla kysytt\u00e4v\u00e4\u00e4 magneettikalastuksesta tai tilauksestasi? Kollegamme Peter on t\u00e4\u00e4ll\u00e4 auttamassa! Voit l\u00e4hett\u00e4\u00e4 kysymyksesi osoitteeseen <a href=\"mailto:info@test.magnetarmagnets.com\">info@test.magnetarmagnets.com<\/a>, ja h\u00e4n vastaa sinulle mahdollisimman pian.  <\/p>\n\n<h2 class=\"wp-block-heading\">Asiakkaamme<\/h2>\n\n<figure class=\"wp-block-pullquote\"><blockquote><p>Marc (36): \u201dOstin ensin halvemmat magneetit muualta. My\u00f6hemmin hankin Magnetar-magneetin&#8230; mik\u00e4 ero! Niin paljon enemm\u00e4n saaliita! Olen ansainnut magneetin hinnan takaisin useammin kuin kerran romuraudalla ja erikoisl\u00f6yd\u00f6ill\u00e4. Upea laatu!\u201d    <\/p><\/blockquote><\/figure>\n\n<figure class=\"wp-block-pullquote\"><blockquote><p>Fred: \u201dMahtavat tuotteet, nopea toimitus ja huippuluokan palvelu! Sanon vain: ilman hyvi\u00e4 varusteita et tee mit\u00e4\u00e4n!\u201d<\/p><\/blockquote><\/figure>\n\n<figure class=\"wp-block-pullquote\"><blockquote><p>Gerard: \u201dTodella loistava palvelu! Erinomaista apua ja selke\u00e4t ohjeet! Joku, joka suhtautuu ty\u00f6h\u00f6ns\u00e4\/harrastukseensa vakavasti. Palaamme varmasti uudelleen.\u201d<\/p><\/blockquote><\/figure>\n","protected":false},"excerpt":{"rendered":"<p>Yli 10 vuoden ajan perheyrityksemme on myynyt kalastusmagneetteja ihmisille, jotka rakastavat t\u00e4t\u00e4 harrastusta yht\u00e4 paljon kuin me. Perustajamme Reinout Volkers on rakastanut kalastusmagneetteja jo 16-vuotiaasta l\u00e4htien. Opiskellessaan pienyritys- ja v\u00e4hitt\u00e4iskaupan johtamista h\u00e4n perusti Magnetarin vanhempiensa vajaan haaveenaan muuttaa intohimonsa ammatikseen. Tarjoamalla magneettikalastajille parhaita ja tehokkaimpia tuotteita markkinoilla, h\u00e4nen yrityksens\u00e4 on myynyt yli 20 000 magneettia [&hellip;]<\/p>\n","protected":false},"author":1,"featured_media":0,"parent":0,"menu_order":0,"comment_status":"open","ping_status":"open","template":"","meta":{"_acf_changed":false,"inline_featured_image":false,"footnotes":""},"class_list":["post-82973","page","type-page","status-publish","hentry"],"acf":[],"yoast_head":"<!-- This site is optimized with the Yoast SEO plugin v27.6 - https:\/\/yoast.com\/product\/yoast-seo-wordpress\/ -->\n<title>Meist\u00e4 | Magnetar-perhe<\/title>\n<meta name=\"robots\" content=\"index, follow, max-snippet:-1, max-image-preview:large, max-video-preview:-1\" \/>\n<link rel=\"canonical\" href=\"https:\/\/test.magnetarmagnets.com\/fi\/meista\/\" \/>\n<meta property=\"og:locale\" content=\"fi_FI\" \/>\n<meta property=\"og:type\" content=\"article\" \/>\n<meta property=\"og:title\" content=\"Meist\u00e4 | Magnetar-perhe\" \/>\n<meta property=\"og:description\" content=\"Yli 10 vuoden ajan perheyrityksemme on myynyt kalastusmagneetteja ihmisille, jotka rakastavat t\u00e4t\u00e4 harrastusta yht\u00e4 paljon kuin me. Perustajamme Reinout Volkers on rakastanut kalastusmagneetteja jo 16-vuotiaasta l\u00e4htien. Opiskellessaan pienyritys- ja v\u00e4hitt\u00e4iskaupan johtamista h\u00e4n perusti Magnetarin vanhempiensa vajaan haaveenaan muuttaa intohimonsa ammatikseen. Tarjoamalla magneettikalastajille parhaita ja tehokkaimpia tuotteita markkinoilla, h\u00e4nen yrityksens\u00e4 on myynyt yli 20 000 magneettia [&hellip;]\" \/>\n<meta property=\"og:url\" content=\"https:\/\/test.magnetarmagnets.com\/fi\/meista\/\" \/>\n<meta property=\"og:site_name\" content=\"Magnet fishing with a Magnetar fishing magnet\" \/>\n<meta property=\"article:publisher\" content=\"https:\/\/www.facebook.com\/fishingmagnets\/\" \/>\n<meta property=\"article:modified_time\" content=\"2025-07-16T14:53:50+00:00\" \/>\n<meta property=\"og:image\" content=\"https:\/\/test.magnetarmagnets.com\/wp-content\/uploads\/2023\/10\/magnetar-team-1024x576.jpg\" \/>\n<meta name=\"twitter:card\" content=\"summary_large_image\" \/>\n<meta name=\"twitter:label1\" content=\"Arvioitu lukuaika\" \/>\n\t<meta name=\"twitter:data1\" content=\"1 minuutti\" \/>\n<script type=\"application\/ld+json\" class=\"yoast-schema-graph\">{\"@context\":\"https:\\\/\\\/schema.org\",\"@graph\":[{\"@type\":\"WebPage\",\"@id\":\"https:\\\/\\\/test.magnetarmagnets.com\\\/fi\\\/meista\\\/\",\"url\":\"https:\\\/\\\/test.magnetarmagnets.com\\\/fi\\\/meista\\\/\",\"name\":\"Meist\u00e4 | Magnetar-perhe\",\"isPartOf\":{\"@id\":\"https:\\\/\\\/test.magnetarmagnets.com\\\/fi\\\/#website\"},\"primaryImageOfPage\":{\"@id\":\"https:\\\/\\\/test.magnetarmagnets.com\\\/fi\\\/meista\\\/#primaryimage\"},\"image\":{\"@id\":\"https:\\\/\\\/test.magnetarmagnets.com\\\/fi\\\/meista\\\/#primaryimage\"},\"thumbnailUrl\":\"https:\\\/\\\/test.magnetarmagnets.com\\\/wp-content\\\/uploads\\\/2023\\\/10\\\/magnetar-team-1024x576.jpg\",\"datePublished\":\"2018-02-15T18:59:07+00:00\",\"dateModified\":\"2025-07-16T14:53:50+00:00\",\"breadcrumb\":{\"@id\":\"https:\\\/\\\/test.magnetarmagnets.com\\\/fi\\\/meista\\\/#breadcrumb\"},\"inLanguage\":\"fi\",\"potentialAction\":[{\"@type\":\"ReadAction\",\"target\":[\"https:\\\/\\\/test.magnetarmagnets.com\\\/fi\\\/meista\\\/\"]}]},{\"@type\":\"ImageObject\",\"inLanguage\":\"fi\",\"@id\":\"https:\\\/\\\/test.magnetarmagnets.com\\\/fi\\\/meista\\\/#primaryimage\",\"url\":\"https:\\\/\\\/test.magnetarmagnets.com\\\/wp-content\\\/uploads\\\/2023\\\/10\\\/magnetar-team-1024x576.jpg\",\"contentUrl\":\"https:\\\/\\\/test.magnetarmagnets.com\\\/wp-content\\\/uploads\\\/2023\\\/10\\\/magnetar-team-1024x576.jpg\"},{\"@type\":\"BreadcrumbList\",\"@id\":\"https:\\\/\\\/test.magnetarmagnets.com\\\/fi\\\/meista\\\/#breadcrumb\",\"itemListElement\":[{\"@type\":\"ListItem\",\"position\":1,\"name\":\"Home\",\"item\":\"https:\\\/\\\/test.magnetarmagnets.com\\\/fi\\\/\"},{\"@type\":\"ListItem\",\"position\":2,\"name\":\"Meist\u00e4\"}]},{\"@type\":\"WebSite\",\"@id\":\"https:\\\/\\\/test.magnetarmagnets.com\\\/fi\\\/#website\",\"url\":\"https:\\\/\\\/test.magnetarmagnets.com\\\/fi\\\/\",\"name\":\"Magnet fishing with a Magnetar fishing magnet\",\"description\":\"Powerful magnets for magnet fishing\",\"publisher\":{\"@id\":\"https:\\\/\\\/test.magnetarmagnets.com\\\/fi\\\/#organization\"},\"potentialAction\":[{\"@type\":\"SearchAction\",\"target\":{\"@type\":\"EntryPoint\",\"urlTemplate\":\"https:\\\/\\\/test.magnetarmagnets.com\\\/fi\\\/?s={search_term_string}\"},\"query-input\":{\"@type\":\"PropertyValueSpecification\",\"valueRequired\":true,\"valueName\":\"search_term_string\"}}],\"inLanguage\":\"fi\"},{\"@type\":\"Organization\",\"@id\":\"https:\\\/\\\/test.magnetarmagnets.com\\\/fi\\\/#organization\",\"name\":\"Magnetar\",\"url\":\"https:\\\/\\\/test.magnetarmagnets.com\\\/fi\\\/\",\"logo\":{\"@type\":\"ImageObject\",\"inLanguage\":\"fi\",\"@id\":\"https:\\\/\\\/test.magnetarmagnets.com\\\/fi\\\/#\\\/schema\\\/logo\\\/image\\\/\",\"url\":\"https:\\\/\\\/magnetarmagnets.com\\\/wp-content\\\/uploads\\\/2021\\\/01\\\/magnetarvismagneet_logo.png\",\"contentUrl\":\"https:\\\/\\\/magnetarmagnets.com\\\/wp-content\\\/uploads\\\/2021\\\/01\\\/magnetarvismagneet_logo.png\",\"width\":209,\"height\":100,\"caption\":\"Magnetar\"},\"image\":{\"@id\":\"https:\\\/\\\/test.magnetarmagnets.com\\\/fi\\\/#\\\/schema\\\/logo\\\/image\\\/\"},\"sameAs\":[\"https:\\\/\\\/www.facebook.com\\\/fishingmagnets\\\/\",\"https:\\\/\\\/www.instagram.com\\\/magnetar_magnets\\\/\",\"https:\\\/\\\/www.linkedin.com\\\/company\\\/magnetarbv\\\/?originalSubdomain=nl\",\"https:\\\/\\\/www.youtube.com\\\/c\\\/MagnetarVismagneet\"]}]}<\/script>\n<!-- \/ Yoast SEO plugin. -->","yoast_head_json":{"title":"Meist\u00e4 | Magnetar-perhe","robots":{"index":"index","follow":"follow","max-snippet":"max-snippet:-1","max-image-preview":"max-image-preview:large","max-video-preview":"max-video-preview:-1"},"canonical":"https:\/\/test.magnetarmagnets.com\/fi\/meista\/","og_locale":"fi_FI","og_type":"article","og_title":"Meist\u00e4 | Magnetar-perhe","og_description":"Yli 10 vuoden ajan perheyrityksemme on myynyt kalastusmagneetteja ihmisille, jotka rakastavat t\u00e4t\u00e4 harrastusta yht\u00e4 paljon kuin me. Perustajamme Reinout Volkers on rakastanut kalastusmagneetteja jo 16-vuotiaasta l\u00e4htien. Opiskellessaan pienyritys- ja v\u00e4hitt\u00e4iskaupan johtamista h\u00e4n perusti Magnetarin vanhempiensa vajaan haaveenaan muuttaa intohimonsa ammatikseen. Tarjoamalla magneettikalastajille parhaita ja tehokkaimpia tuotteita markkinoilla, h\u00e4nen yrityksens\u00e4 on myynyt yli 20 000 magneettia [&hellip;]","og_url":"https:\/\/test.magnetarmagnets.com\/fi\/meista\/","og_site_name":"Magnet fishing with a Magnetar fishing magnet","article_publisher":"https:\/\/www.facebook.com\/fishingmagnets\/","article_modified_time":"2025-07-16T14:53:50+00:00","og_image":[{"url":"https:\/\/test.magnetarmagnets.com\/wp-content\/uploads\/2023\/10\/magnetar-team-1024x576.jpg","type":"","width":"","height":""}],"twitter_card":"summary_large_image","twitter_misc":{"Arvioitu lukuaika":"1 minuutti"},"schema":{"@context":"https:\/\/schema.org","@graph":[{"@type":"WebPage","@id":"https:\/\/test.magnetarmagnets.com\/fi\/meista\/","url":"https:\/\/test.magnetarmagnets.com\/fi\/meista\/","name":"Meist\u00e4 | Magnetar-perhe","isPartOf":{"@id":"https:\/\/test.magnetarmagnets.com\/fi\/#website"},"primaryImageOfPage":{"@id":"https:\/\/test.magnetarmagnets.com\/fi\/meista\/#primaryimage"},"image":{"@id":"https:\/\/test.magnetarmagnets.com\/fi\/meista\/#primaryimage"},"thumbnailUrl":"https:\/\/test.magnetarmagnets.com\/wp-content\/uploads\/2023\/10\/magnetar-team-1024x576.jpg","datePublished":"2018-02-15T18:59:07+00:00","dateModified":"2025-07-16T14:53:50+00:00","breadcrumb":{"@id":"https:\/\/test.magnetarmagnets.com\/fi\/meista\/#breadcrumb"},"inLanguage":"fi","potentialAction":[{"@type":"ReadAction","target":["https:\/\/test.magnetarmagnets.com\/fi\/meista\/"]}]},{"@type":"ImageObject","inLanguage":"fi","@id":"https:\/\/test.magnetarmagnets.com\/fi\/meista\/#primaryimage","url":"https:\/\/test.magnetarmagnets.com\/wp-content\/uploads\/2023\/10\/magnetar-team-1024x576.jpg","contentUrl":"https:\/\/test.magnetarmagnets.com\/wp-content\/uploads\/2023\/10\/magnetar-team-1024x576.jpg"},{"@type":"BreadcrumbList","@id":"https:\/\/test.magnetarmagnets.com\/fi\/meista\/#breadcrumb","itemListElement":[{"@type":"ListItem","position":1,"name":"Home","item":"https:\/\/test.magnetarmagnets.com\/fi\/"},{"@type":"ListItem","position":2,"name":"Meist\u00e4"}]},{"@type":"WebSite","@id":"https:\/\/test.magnetarmagnets.com\/fi\/#website","url":"https:\/\/test.magnetarmagnets.com\/fi\/","name":"Magnet fishing with a Magnetar fishing magnet","description":"Powerful magnets for magnet fishing","publisher":{"@id":"https:\/\/test.magnetarmagnets.com\/fi\/#organization"},"potentialAction":[{"@type":"SearchAction","target":{"@type":"EntryPoint","urlTemplate":"https:\/\/test.magnetarmagnets.com\/fi\/?s={search_term_string}"},"query-input":{"@type":"PropertyValueSpecification","valueRequired":true,"valueName":"search_term_string"}}],"inLanguage":"fi"},{"@type":"Organization","@id":"https:\/\/test.magnetarmagnets.com\/fi\/#organization","name":"Magnetar","url":"https:\/\/test.magnetarmagnets.com\/fi\/","logo":{"@type":"ImageObject","inLanguage":"fi","@id":"https:\/\/test.magnetarmagnets.com\/fi\/#\/schema\/logo\/image\/","url":"https:\/\/magnetarmagnets.com\/wp-content\/uploads\/2021\/01\/magnetarvismagneet_logo.png","contentUrl":"https:\/\/magnetarmagnets.com\/wp-content\/uploads\/2021\/01\/magnetarvismagneet_logo.png","width":209,"height":100,"caption":"Magnetar"},"image":{"@id":"https:\/\/test.magnetarmagnets.com\/fi\/#\/schema\/logo\/image\/"},"sameAs":["https:\/\/www.facebook.com\/fishingmagnets\/","https:\/\/www.instagram.com\/magnetar_magnets\/","https:\/\/www.linkedin.com\/company\/magnetarbv\/?originalSubdomain=nl","https:\/\/www.youtube.com\/c\/MagnetarVismagneet"]}]}},"_links":{"self":[{"href":"https:\/\/test.magnetarmagnets.com\/fi\/wp-json\/wp\/v2\/pages\/82973","targetHints":{"allow":["GET"]}}],"collection":[{"href":"https:\/\/test.magnetarmagnets.com\/fi\/wp-json\/wp\/v2\/pages"}],"about":[{"href":"https:\/\/test.magnetarmagnets.com\/fi\/wp-json\/wp\/v2\/types\/page"}],"author":[{"embeddable":true,"href":"https:\/\/test.magnetarmagnets.com\/fi\/wp-json\/wp\/v2\/users\/1"}],"replies":[{"embeddable":true,"href":"https:\/\/test.magnetarmagnets.com\/fi\/wp-json\/wp\/v2\/comments?post=82973"}],"version-history":[{"count":0,"href":"https:\/\/test.magnetarmagnets.com\/fi\/wp-json\/wp\/v2\/pages\/82973\/revisions"}],"wp:attachment":[{"href":"https:\/\/test.magnetarmagnets.com\/fi\/wp-json\/wp\/v2\/media?parent=82973"}],"curies":[{"name":"wp","href":"https:\/\/api.w.org\/{rel}","templated":true}]}}