{"id":81676,"date":"2025-06-05T09:53:04","date_gmt":"2025-06-05T07:53:04","guid":{"rendered":"https:\/\/magnetarmagnets.com\/shop\/soojendusega-vest\/"},"modified":"2026-03-18T17:32:11","modified_gmt":"2026-03-18T16:32:11","slug":"soojendusega-vest","status":"publish","type":"product","link":"https:\/\/test.magnetarmagnets.com\/et\/shop\/soojendusega-vest\/","title":{"rendered":"K\u00fcttega vest"},"content":{"rendered":"<p>S\u00fcgisel ja talvel kohtad palju k\u00fclmi ja karmi ilmadega p\u00e4evi. Kas soovid sellel perioodil k\u00fclmale trotsida? Seda v\u00f5imaldab Magnetar Heati Lava k\u00fcttevest. Magnetar Heat\u2019i riided hoiavad su keha mugavalt soojas. Imesta kolme k\u00fctteala, tugeva aku ja suurep\u00e4rase kvaliteedi \u00fcle.<\/p>\n<h2>Kolm k\u00fctteala ja kuumusastmed<\/h2>\n<p>K\u00fcttevest Lava on varustatud kolme k\u00fcttealaga. Kaks asetsevad ees ja \u00fcks taga, tagades kogu torso mugava soojana p\u00fcsimise. Alaid saab s\u00e4ttida kolmele erinevale temperatuurile: 40 \u00b0C, 50 \u00b0C ja 60 \u00b0C.<\/p>\n<p>Kuumusastmete reguleerimine on \u00fcllatavalt lihtne. Seda teostatakse vestil ees oleva nupu abil. \u00dcks vajutus aktiveerib k\u00fctte ja iga j\u00e4rgneva vajutusega suureneb temperatuur \u00fche taseme v\u00f5rra. Kui sul j\u00e4\u00e4b liiga palavaks, saad vesti kergesti v\u00e4lja l\u00fclitada.<\/p>\n<h2>P\u00fcsiv soojus t\u00e4nu v\u00f5imsale akule<\/h2>\n<p>Nauti sooja keha kogu p\u00e4evaks Magnetar Heatiga. V\u00f5imas aku tagab kuni muljetavaldava 10 tunni soojuse. T\u00e4pne kestvus s\u00f5ltub kuumusastmest. Siin on \u00fclevaade aku kestusest vastavalt kuumusastmetele:<\/p>\n<ul>\n<li>40 \u00b0C: 10 tundi<\/li>\n<li>50 \u00b0C: 8 tundi<\/li>\n<li>60 \u00b0C: 6 tundi<\/li>\n<\/ul>\n<p>Aku\/powerbank (6700 mAh) tuleb laadijaga ja on lihtsalt vahetatav. See t\u00e4hendab, et teoreetiliselt saad kasutada mitut akut, et Lava k\u00fcttevesti sooja veelgi kauem nautida. Lisaks on akul USB ja 4.0 DC v\u00e4ljund ning USB-C sisend.<\/p>\n<h2>Tuule- ja veekindel<\/h2>\n<p>Tuul ja vesi ei suuda sellele k\u00fcttevestile vastu panna. Tootmisel on kasutatud kvaliteetset nailonit nii sees kui v\u00e4ljas. Nailon tagab, et vest j\u00e4\u00e4b kerge ning tundub nagu tavaline kvaliteetne vest.<\/p>\n<h2>Pesumasinak\u00f5lblik<\/h2>\n<p>P\u00e4rast p\u00e4eva \u00f5ues, kui vest vajab puhastamist, v\u00f5id selle julgelt pesumasinasse panna. Pidage meeles eemaldada enne aku!<\/p>\n","protected":false},"excerpt":{"rendered":"<p>See <strong>k\u00fcttega<\/strong> <strong>vest<\/strong> hoiab sinu keha \u00f5iges temperatuuris t\u00e4nu <strong>kolmele k\u00fcttealale<\/strong>, <strong>v\u00f5imsale akule<\/strong> ja <strong>kolmele kuumusastmele<\/strong>.<\/p>\n","protected":false},"featured_media":88109,"comment_status":"open","ping_status":"closed","template":"","meta":{"_acf_changed":false,"inline_featured_image":false},"product_brand":[],"product_cat":[423,422],"product_tag":[],"class_list":{"0":"post-81676","1":"product","2":"type-product","3":"status-publish","4":"has-post-thumbnail","6":"product_cat-soojariided","7":"product_cat-varustus","9":"first","10":"instock","11":"taxable","12":"shipping-taxable","13":"purchasable","14":"product-type-variable"},"acf":[],"yoast_head":"<!-- This site is optimized with the Yoast SEO plugin v27.6 - https:\/\/yoast.com\/product\/yoast-seo-wordpress\/ -->\n<title>K\u00fcttega vest - Magnet fishing with a Magnetar fishing magnet<\/title>\n<meta name=\"description\" content=\"K\u00fcttega vest \u2013 hoia end magnetp\u00fc\u00fcgi ajal soojas\" \/>\n<meta name=\"robots\" content=\"index, follow, max-snippet:-1, max-image-preview:large, max-video-preview:-1\" \/>\n<link rel=\"canonical\" href=\"https:\/\/test.magnetarmagnets.com\/et\/shop\/soojendusega-vest\/\" \/>\n<meta property=\"og:locale\" content=\"et_EE\" \/>\n<meta property=\"og:type\" content=\"article\" \/>\n<meta property=\"og:title\" content=\"K\u00fcttega vest - Magnet fishing with a Magnetar fishing magnet\" \/>\n<meta property=\"og:description\" content=\"K\u00fcttega vest \u2013 hoia end magnetp\u00fc\u00fcgi ajal soojas\" \/>\n<meta property=\"og:url\" content=\"https:\/\/test.magnetarmagnets.com\/et\/shop\/soojendusega-vest\/\" \/>\n<meta property=\"og:site_name\" content=\"Magnet fishing with a Magnetar fishing magnet\" \/>\n<meta property=\"article:publisher\" content=\"https:\/\/www.facebook.com\/fishingmagnets\/\" \/>\n<meta property=\"article:modified_time\" content=\"2026-03-18T16:32:11+00:00\" \/>\n<meta property=\"og:image\" content=\"https:\/\/test.magnetarmagnets.com\/wp-content\/uploads\/2025\/06\/LAVA-BLACK-HEATED-VOOR-ACHTER.jpg\" \/>\n\t<meta property=\"og:image:width\" content=\"1000\" \/>\n\t<meta property=\"og:image:height\" content=\"1000\" \/>\n\t<meta property=\"og:image:type\" content=\"image\/jpeg\" \/>\n<meta name=\"twitter:card\" content=\"summary_large_image\" \/>\n<meta name=\"twitter:label1\" content=\"Est. reading time\" \/>\n\t<meta name=\"twitter:data1\" content=\"2 minutit\" \/>\n<script type=\"application\/ld+json\" class=\"yoast-schema-graph\">{\"@context\":\"https:\\\/\\\/schema.org\",\"@graph\":[{\"@type\":[\"WebPage\",\"ItemPage\"],\"@id\":\"https:\\\/\\\/test.magnetarmagnets.com\\\/et\\\/shop\\\/soojendusega-vest\\\/\",\"url\":\"https:\\\/\\\/test.magnetarmagnets.com\\\/et\\\/shop\\\/soojendusega-vest\\\/\",\"name\":\"K\u00fcttega vest - Magnet fishing with a Magnetar fishing magnet\",\"isPartOf\":{\"@id\":\"https:\\\/\\\/test.magnetarmagnets.com\\\/et\\\/#website\"},\"primaryImageOfPage\":{\"@id\":\"https:\\\/\\\/test.magnetarmagnets.com\\\/et\\\/shop\\\/soojendusega-vest\\\/#primaryimage\"},\"image\":{\"@id\":\"https:\\\/\\\/test.magnetarmagnets.com\\\/et\\\/shop\\\/soojendusega-vest\\\/#primaryimage\"},\"thumbnailUrl\":\"https:\\\/\\\/test.magnetarmagnets.com\\\/wp-content\\\/uploads\\\/2025\\\/06\\\/LAVA-BLACK-HEATED-VOOR-ACHTER.jpg\",\"datePublished\":\"2025-06-05T07:53:04+00:00\",\"dateModified\":\"2026-03-18T16:32:11+00:00\",\"description\":\"K\u00fcttega vest \u2013 hoia end magnetp\u00fc\u00fcgi ajal soojas\",\"breadcrumb\":{\"@id\":\"https:\\\/\\\/test.magnetarmagnets.com\\\/et\\\/shop\\\/soojendusega-vest\\\/#breadcrumb\"},\"inLanguage\":\"et\",\"potentialAction\":[{\"@type\":\"ReadAction\",\"target\":[\"https:\\\/\\\/test.magnetarmagnets.com\\\/et\\\/shop\\\/soojendusega-vest\\\/\"]}]},{\"@type\":\"ImageObject\",\"inLanguage\":\"et\",\"@id\":\"https:\\\/\\\/test.magnetarmagnets.com\\\/et\\\/shop\\\/soojendusega-vest\\\/#primaryimage\",\"url\":\"https:\\\/\\\/test.magnetarmagnets.com\\\/wp-content\\\/uploads\\\/2025\\\/06\\\/LAVA-BLACK-HEATED-VOOR-ACHTER.jpg\",\"contentUrl\":\"https:\\\/\\\/test.magnetarmagnets.com\\\/wp-content\\\/uploads\\\/2025\\\/06\\\/LAVA-BLACK-HEATED-VOOR-ACHTER.jpg\",\"width\":1000,\"height\":1000},{\"@type\":\"BreadcrumbList\",\"@id\":\"https:\\\/\\\/test.magnetarmagnets.com\\\/et\\\/shop\\\/soojendusega-vest\\\/#breadcrumb\",\"itemListElement\":[{\"@type\":\"ListItem\",\"position\":1,\"name\":\"Home\",\"item\":\"https:\\\/\\\/test.magnetarmagnets.com\\\/et\\\/\"},{\"@type\":\"ListItem\",\"position\":2,\"name\":\"pood\",\"item\":\"https:\\\/\\\/test.magnetarmagnets.com\\\/et\\\/pood\\\/\"},{\"@type\":\"ListItem\",\"position\":3,\"name\":\"Varustus\",\"item\":\"https:\\\/\\\/test.magnetarmagnets.com\\\/et\\\/collections\\\/varustus\\\/\"},{\"@type\":\"ListItem\",\"position\":4,\"name\":\"Soojariided\",\"item\":\"https:\\\/\\\/test.magnetarmagnets.com\\\/et\\\/collections\\\/varustus\\\/soojariided\\\/\"},{\"@type\":\"ListItem\",\"position\":5,\"name\":\"K\u00fcttega vest\"}]},{\"@type\":\"WebSite\",\"@id\":\"https:\\\/\\\/test.magnetarmagnets.com\\\/et\\\/#website\",\"url\":\"https:\\\/\\\/test.magnetarmagnets.com\\\/et\\\/\",\"name\":\"Magnet fishing with a Magnetar fishing magnet\",\"description\":\"Powerful magnets for magnet fishing\",\"publisher\":{\"@id\":\"https:\\\/\\\/test.magnetarmagnets.com\\\/et\\\/#organization\"},\"potentialAction\":[{\"@type\":\"SearchAction\",\"target\":{\"@type\":\"EntryPoint\",\"urlTemplate\":\"https:\\\/\\\/test.magnetarmagnets.com\\\/et\\\/?s={search_term_string}\"},\"query-input\":{\"@type\":\"PropertyValueSpecification\",\"valueRequired\":true,\"valueName\":\"search_term_string\"}}],\"inLanguage\":\"et\"},{\"@type\":\"Organization\",\"@id\":\"https:\\\/\\\/test.magnetarmagnets.com\\\/et\\\/#organization\",\"name\":\"Magnetar\",\"url\":\"https:\\\/\\\/test.magnetarmagnets.com\\\/et\\\/\",\"logo\":{\"@type\":\"ImageObject\",\"inLanguage\":\"et\",\"@id\":\"https:\\\/\\\/test.magnetarmagnets.com\\\/et\\\/#\\\/schema\\\/logo\\\/image\\\/\",\"url\":\"https:\\\/\\\/magnetarmagnets.com\\\/wp-content\\\/uploads\\\/2021\\\/01\\\/magnetarvismagneet_logo.png\",\"contentUrl\":\"https:\\\/\\\/magnetarmagnets.com\\\/wp-content\\\/uploads\\\/2021\\\/01\\\/magnetarvismagneet_logo.png\",\"width\":209,\"height\":100,\"caption\":\"Magnetar\"},\"image\":{\"@id\":\"https:\\\/\\\/test.magnetarmagnets.com\\\/et\\\/#\\\/schema\\\/logo\\\/image\\\/\"},\"sameAs\":[\"https:\\\/\\\/www.facebook.com\\\/fishingmagnets\\\/\",\"https:\\\/\\\/www.instagram.com\\\/magnetar_magnets\\\/\",\"https:\\\/\\\/www.linkedin.com\\\/company\\\/magnetarbv\\\/?originalSubdomain=nl\",\"https:\\\/\\\/www.youtube.com\\\/c\\\/MagnetarVismagneet\"]}]}<\/script>\n<!-- \/ Yoast SEO plugin. -->","yoast_head_json":{"title":"K\u00fcttega vest - Magnet fishing with a Magnetar fishing magnet","description":"K\u00fcttega vest \u2013 hoia end magnetp\u00fc\u00fcgi ajal soojas","robots":{"index":"index","follow":"follow","max-snippet":"max-snippet:-1","max-image-preview":"max-image-preview:large","max-video-preview":"max-video-preview:-1"},"canonical":"https:\/\/test.magnetarmagnets.com\/et\/shop\/soojendusega-vest\/","og_locale":"et_EE","og_type":"article","og_title":"K\u00fcttega vest - Magnet fishing with a Magnetar fishing magnet","og_description":"K\u00fcttega vest \u2013 hoia end magnetp\u00fc\u00fcgi ajal soojas","og_url":"https:\/\/test.magnetarmagnets.com\/et\/shop\/soojendusega-vest\/","og_site_name":"Magnet fishing with a Magnetar fishing magnet","article_publisher":"https:\/\/www.facebook.com\/fishingmagnets\/","article_modified_time":"2026-03-18T16:32:11+00:00","og_image":[{"width":1000,"height":1000,"url":"https:\/\/test.magnetarmagnets.com\/wp-content\/uploads\/2025\/06\/LAVA-BLACK-HEATED-VOOR-ACHTER.jpg","type":"image\/jpeg"}],"twitter_card":"summary_large_image","twitter_misc":{"Est. reading time":"2 minutit"},"schema":{"@context":"https:\/\/schema.org","@graph":[{"@type":["WebPage","ItemPage"],"@id":"https:\/\/test.magnetarmagnets.com\/et\/shop\/soojendusega-vest\/","url":"https:\/\/test.magnetarmagnets.com\/et\/shop\/soojendusega-vest\/","name":"K\u00fcttega vest - Magnet fishing with a Magnetar fishing magnet","isPartOf":{"@id":"https:\/\/test.magnetarmagnets.com\/et\/#website"},"primaryImageOfPage":{"@id":"https:\/\/test.magnetarmagnets.com\/et\/shop\/soojendusega-vest\/#primaryimage"},"image":{"@id":"https:\/\/test.magnetarmagnets.com\/et\/shop\/soojendusega-vest\/#primaryimage"},"thumbnailUrl":"https:\/\/test.magnetarmagnets.com\/wp-content\/uploads\/2025\/06\/LAVA-BLACK-HEATED-VOOR-ACHTER.jpg","datePublished":"2025-06-05T07:53:04+00:00","dateModified":"2026-03-18T16:32:11+00:00","description":"K\u00fcttega vest \u2013 hoia end magnetp\u00fc\u00fcgi ajal soojas","breadcrumb":{"@id":"https:\/\/test.magnetarmagnets.com\/et\/shop\/soojendusega-vest\/#breadcrumb"},"inLanguage":"et","potentialAction":[{"@type":"ReadAction","target":["https:\/\/test.magnetarmagnets.com\/et\/shop\/soojendusega-vest\/"]}]},{"@type":"ImageObject","inLanguage":"et","@id":"https:\/\/test.magnetarmagnets.com\/et\/shop\/soojendusega-vest\/#primaryimage","url":"https:\/\/test.magnetarmagnets.com\/wp-content\/uploads\/2025\/06\/LAVA-BLACK-HEATED-VOOR-ACHTER.jpg","contentUrl":"https:\/\/test.magnetarmagnets.com\/wp-content\/uploads\/2025\/06\/LAVA-BLACK-HEATED-VOOR-ACHTER.jpg","width":1000,"height":1000},{"@type":"BreadcrumbList","@id":"https:\/\/test.magnetarmagnets.com\/et\/shop\/soojendusega-vest\/#breadcrumb","itemListElement":[{"@type":"ListItem","position":1,"name":"Home","item":"https:\/\/test.magnetarmagnets.com\/et\/"},{"@type":"ListItem","position":2,"name":"pood","item":"https:\/\/test.magnetarmagnets.com\/et\/pood\/"},{"@type":"ListItem","position":3,"name":"Varustus","item":"https:\/\/test.magnetarmagnets.com\/et\/collections\/varustus\/"},{"@type":"ListItem","position":4,"name":"Soojariided","item":"https:\/\/test.magnetarmagnets.com\/et\/collections\/varustus\/soojariided\/"},{"@type":"ListItem","position":5,"name":"K\u00fcttega vest"}]},{"@type":"WebSite","@id":"https:\/\/test.magnetarmagnets.com\/et\/#website","url":"https:\/\/test.magnetarmagnets.com\/et\/","name":"Magnet fishing with a Magnetar fishing magnet","description":"Powerful magnets for magnet fishing","publisher":{"@id":"https:\/\/test.magnetarmagnets.com\/et\/#organization"},"potentialAction":[{"@type":"SearchAction","target":{"@type":"EntryPoint","urlTemplate":"https:\/\/test.magnetarmagnets.com\/et\/?s={search_term_string}"},"query-input":{"@type":"PropertyValueSpecification","valueRequired":true,"valueName":"search_term_string"}}],"inLanguage":"et"},{"@type":"Organization","@id":"https:\/\/test.magnetarmagnets.com\/et\/#organization","name":"Magnetar","url":"https:\/\/test.magnetarmagnets.com\/et\/","logo":{"@type":"ImageObject","inLanguage":"et","@id":"https:\/\/test.magnetarmagnets.com\/et\/#\/schema\/logo\/image\/","url":"https:\/\/magnetarmagnets.com\/wp-content\/uploads\/2021\/01\/magnetarvismagneet_logo.png","contentUrl":"https:\/\/magnetarmagnets.com\/wp-content\/uploads\/2021\/01\/magnetarvismagneet_logo.png","width":209,"height":100,"caption":"Magnetar"},"image":{"@id":"https:\/\/test.magnetarmagnets.com\/et\/#\/schema\/logo\/image\/"},"sameAs":["https:\/\/www.facebook.com\/fishingmagnets\/","https:\/\/www.instagram.com\/magnetar_magnets\/","https:\/\/www.linkedin.com\/company\/magnetarbv\/?originalSubdomain=nl","https:\/\/www.youtube.com\/c\/MagnetarVismagneet"]}]}},"_links":{"self":[{"href":"https:\/\/test.magnetarmagnets.com\/et\/wp-json\/wp\/v2\/product\/81676","targetHints":{"allow":["GET"]}}],"collection":[{"href":"https:\/\/test.magnetarmagnets.com\/et\/wp-json\/wp\/v2\/product"}],"about":[{"href":"https:\/\/test.magnetarmagnets.com\/et\/wp-json\/wp\/v2\/types\/product"}],"replies":[{"embeddable":true,"href":"https:\/\/test.magnetarmagnets.com\/et\/wp-json\/wp\/v2\/comments?post=81676"}],"wp:featuredmedia":[{"embeddable":true,"href":"https:\/\/test.magnetarmagnets.com\/et\/wp-json\/wp\/v2\/media\/88109"}],"wp:attachment":[{"href":"https:\/\/test.magnetarmagnets.com\/et\/wp-json\/wp\/v2\/media?parent=81676"}],"wp:term":[{"taxonomy":"product_brand","embeddable":true,"href":"https:\/\/test.magnetarmagnets.com\/et\/wp-json\/wp\/v2\/product_brand?post=81676"},{"taxonomy":"product_cat","embeddable":true,"href":"https:\/\/test.magnetarmagnets.com\/et\/wp-json\/wp\/v2\/product_cat?post=81676"},{"taxonomy":"product_tag","embeddable":true,"href":"https:\/\/test.magnetarmagnets.com\/et\/wp-json\/wp\/v2\/product_tag?post=81676"}],"curies":[{"name":"wp","href":"https:\/\/api.w.org\/{rel}","templated":true}]}}