{"id":81627,"date":"2025-06-05T09:53:07","date_gmt":"2025-06-05T07:53:07","guid":{"rendered":"https:\/\/magnetarmagnets.com\/?post_type=product&#038;p=81627"},"modified":"2026-03-16T18:28:59","modified_gmt":"2026-03-16T17:28:59","slug":"kuttega-toovest-magma-xxl","status":"publish","type":"product","link":"https:\/\/test.magnetarmagnets.com\/et\/shop\/kuttega-toovest-magma-xxl\/","title":{"rendered":"K\u00fcttega t\u00f6\u00f6vest Magma XXL"},"content":{"rendered":"<h2><img fetchpriority=\"high\" decoding=\"async\" class=\"aligncenter size-full wp-image-51853\" src=\"https:\/\/test.magnetarmagnets.com\/wp-content\/uploads\/2021\/02\/work-vest-engels.png\" alt=\"work vest, heat vest, magnetar heat, warm clothes, hoodie, vest, heating clothes\" width=\"765\" height=\"455\" srcset=\"https:\/\/test.magnetarmagnets.com\/wp-content\/uploads\/2021\/02\/work-vest-engels.png 765w, https:\/\/test.magnetarmagnets.com\/wp-content\/uploads\/2021\/02\/work-vest-engels-150x89.png 150w, https:\/\/test.magnetarmagnets.com\/wp-content\/uploads\/2021\/02\/work-vest-engels-600x357.png 600w, https:\/\/test.magnetarmagnets.com\/wp-content\/uploads\/2021\/02\/work-vest-engels-300x178.png 300w\" sizes=\"(max-width: 765px) 100vw, 765px\" \/><\/h2>\n<h2>Parim k\u00fcttega t\u00f6\u00f6vest<\/h2>\n<p><strong>K\u00fcttega t\u00f6\u00f6vest?<\/strong> Meie t\u00f6\u00f6vestid hoiavad teid soojas isegi k\u00fclmematel p\u00e4evadel. See patareitoitega t\u00f6\u00f6vest on varustatud kolme soojuss\u00e4ttega, nii et teil on alati mugav temperatuur. <a href=\"https:\/\/test.magnetarmagnets.com\/et\/\" target=\"_blank\" rel=\"noopener\">Magnetp\u00fc\u00fck<\/a> terve p\u00e4eva? T\u00f6\u00f6 v\u00e4ljas jahedamal p\u00e4eval? Jahe suve\u00f5htu? T\u00f6\u00f6 tuule k\u00e4es v\u00f5i hilis\u00f5htul? See mugav, tuule- ja veekindel k\u00fcttega t\u00f6\u00f6vest hoiab teid soojas. <strong>Magnetar Heat t\u00f6\u00f6vest on suuruses suurem, seega tellige v\u00e4iksem!<\/strong><\/p>\n<h2>Tooteinfo k\u00fcttega t\u00f6\u00f6vesti kohta<\/h2>\n<p>Kaasasolev aku on mobiiltelefoni suurune ja hoiab teid soojas kuni 9 tundi, s\u00f5ltuvalt soojuss\u00e4tetest. T\u00f6\u00f6vest sisaldab akut ja laadijat. T\u00f6\u00f6vest on valmistatud tuule- ja veekindlast puuvillast ning sisemine vooder on lihtsasti puhastatavast nailonist, tagades t\u00f6\u00f6 ajal t\u00e4ieliku liikumisvabaduse. Selle k\u00fcttega t\u00f6\u00f6vestiga ei pea te end mitme riidekihiga pakendama, n\u00e4iteks t\u00f6\u00f6l talus, teemeistrina, ehitusel, maalrijana, hobusetallis, jahil v\u00f5i aednikuna. See on t\u00f6\u00f6vest, mis pakub suurep\u00e4rast mugavust ja t\u00e4ielikku liikumisvabadust.<\/p>\n<p>Kuumutuspiirkonnad pakuvad soojust t\u00e4pselt \u00fclemise kehaosa osades, kus seda vajate \u2013 rinnal ja seljal. Madal, keskmine ja k\u00f5rge kuumusaste v\u00f5imaldavad teil kohaneda keskkonnaga ja p\u00fcsida kogu p\u00e4eva soojas. Seej\u00e4rel laadige aku 3\u20134 tunniga uuesti t\u00e4is ja olete valmis.<\/p>\n<p>Meie t\u00f6\u00f6vestid on valmistatud vastupidavast ja kvaliteetsest materjalist, mis hoiab teid soojas igas ilmastikutingimuses.<\/p>\n<h2>CE-ga heaks kiidetud k\u00fcttevest<\/h2>\n<p>K\u00fcttega t\u00f6\u00f6vestid on CE-ga heaks kiidetud. Toetame oma toodet t\u00e4ielikult ja pakume seega 1-aastast garantiid.<\/p>\n<p><strong>Magnetar Heat t\u00f6\u00f6vest on suuruses suurem, seega tellige v\u00e4iksem!<\/strong><\/p>\n","protected":false},"excerpt":{"rendered":"<p><span style=\"font-weight: 400;\">See on k\u00fcttega t\u00f6\u00f6vest kolme kuumusastmega. Hoiab teid soojas siis, kui vaja. Eriti kulumiskindel.<\/span><\/p>\n","protected":false},"featured_media":71557,"comment_status":"open","ping_status":"closed","template":"","meta":{"_acf_changed":false,"inline_featured_image":false},"product_brand":[],"product_cat":[1001],"product_tag":[],"class_list":{"0":"post-81627","1":"product","2":"type-product","3":"status-publish","4":"has-post-thumbnail","6":"product_cat-koik-tooted","8":"first","9":"instock","10":"taxable","11":"shipping-taxable","12":"purchasable","13":"product-type-simple"},"acf":[],"yoast_head":"<!-- This site is optimized with the Yoast SEO plugin v27.6 - https:\/\/yoast.com\/product\/yoast-seo-wordpress\/ -->\n<title>K\u00fcttega t\u00f6\u00f6vest Magma XXL - Magnet fishing with a Magnetar fishing magnet<\/title>\n<meta name=\"description\" content=\"T\u00f6\u00f6vest? See patareitoitega t\u00f6\u00f6vest on varustatud kolme soojuss\u00e4ttega, et teil oleks alati mugav temperatuur.\" \/>\n<meta name=\"robots\" content=\"index, follow, max-snippet:-1, max-image-preview:large, max-video-preview:-1\" \/>\n<link rel=\"canonical\" href=\"https:\/\/test.magnetarmagnets.com\/et\/shop\/kuttega-toovest-magma-xxl\/\" \/>\n<meta property=\"og:locale\" content=\"et_EE\" \/>\n<meta property=\"og:type\" content=\"article\" \/>\n<meta property=\"og:title\" content=\"K\u00fcttega t\u00f6\u00f6vest Magma XXL - Magnet fishing with a Magnetar fishing magnet\" \/>\n<meta property=\"og:description\" content=\"T\u00f6\u00f6vest? See patareitoitega t\u00f6\u00f6vest on varustatud kolme soojuss\u00e4ttega, et teil oleks alati mugav temperatuur.\" \/>\n<meta property=\"og:url\" content=\"https:\/\/test.magnetarmagnets.com\/et\/shop\/kuttega-toovest-magma-xxl\/\" \/>\n<meta property=\"og:site_name\" content=\"Magnet fishing with a Magnetar fishing magnet\" \/>\n<meta property=\"article:publisher\" content=\"https:\/\/www.facebook.com\/fishingmagnets\/\" \/>\n<meta property=\"article:modified_time\" content=\"2026-03-16T17:28:59+00:00\" \/>\n<meta property=\"og:image\" content=\"https:\/\/test.magnetarmagnets.com\/wp-content\/uploads\/2021\/02\/heated-work-jacket-scaled.jpg\" \/>\n\t<meta property=\"og:image:width\" content=\"2330\" \/>\n\t<meta property=\"og:image:height\" content=\"2560\" \/>\n\t<meta property=\"og:image:type\" content=\"image\/jpeg\" \/>\n<meta name=\"twitter:card\" content=\"summary_large_image\" \/>\n<meta name=\"twitter:label1\" content=\"Est. reading time\" \/>\n\t<meta name=\"twitter:data1\" content=\"2 minutit\" \/>\n<script type=\"application\/ld+json\" class=\"yoast-schema-graph\">{\"@context\":\"https:\\\/\\\/schema.org\",\"@graph\":[{\"@type\":[\"WebPage\",\"ItemPage\"],\"@id\":\"https:\\\/\\\/test.magnetarmagnets.com\\\/et\\\/shop\\\/kuttega-toovest-magma-xxl\\\/\",\"url\":\"https:\\\/\\\/test.magnetarmagnets.com\\\/et\\\/shop\\\/kuttega-toovest-magma-xxl\\\/\",\"name\":\"K\u00fcttega t\u00f6\u00f6vest Magma XXL - Magnet fishing with a Magnetar fishing magnet\",\"isPartOf\":{\"@id\":\"https:\\\/\\\/test.magnetarmagnets.com\\\/et\\\/#website\"},\"primaryImageOfPage\":{\"@id\":\"https:\\\/\\\/test.magnetarmagnets.com\\\/et\\\/shop\\\/kuttega-toovest-magma-xxl\\\/#primaryimage\"},\"image\":{\"@id\":\"https:\\\/\\\/test.magnetarmagnets.com\\\/et\\\/shop\\\/kuttega-toovest-magma-xxl\\\/#primaryimage\"},\"thumbnailUrl\":\"https:\\\/\\\/test.magnetarmagnets.com\\\/wp-content\\\/uploads\\\/2021\\\/02\\\/heated-work-jacket-scaled.jpg\",\"datePublished\":\"2025-06-05T07:53:07+00:00\",\"dateModified\":\"2026-03-16T17:28:59+00:00\",\"description\":\"T\u00f6\u00f6vest? See patareitoitega t\u00f6\u00f6vest on varustatud kolme soojuss\u00e4ttega, et teil oleks alati mugav temperatuur.\",\"breadcrumb\":{\"@id\":\"https:\\\/\\\/test.magnetarmagnets.com\\\/et\\\/shop\\\/kuttega-toovest-magma-xxl\\\/#breadcrumb\"},\"inLanguage\":\"et\",\"potentialAction\":[{\"@type\":\"ReadAction\",\"target\":[\"https:\\\/\\\/test.magnetarmagnets.com\\\/et\\\/shop\\\/kuttega-toovest-magma-xxl\\\/\"]}]},{\"@type\":\"ImageObject\",\"inLanguage\":\"et\",\"@id\":\"https:\\\/\\\/test.magnetarmagnets.com\\\/et\\\/shop\\\/kuttega-toovest-magma-xxl\\\/#primaryimage\",\"url\":\"https:\\\/\\\/test.magnetarmagnets.com\\\/wp-content\\\/uploads\\\/2021\\\/02\\\/heated-work-jacket-scaled.jpg\",\"contentUrl\":\"https:\\\/\\\/test.magnetarmagnets.com\\\/wp-content\\\/uploads\\\/2021\\\/02\\\/heated-work-jacket-scaled.jpg\",\"width\":2330,\"height\":2560,\"caption\":\"heated workwear jack\"},{\"@type\":\"BreadcrumbList\",\"@id\":\"https:\\\/\\\/test.magnetarmagnets.com\\\/et\\\/shop\\\/kuttega-toovest-magma-xxl\\\/#breadcrumb\",\"itemListElement\":[{\"@type\":\"ListItem\",\"position\":1,\"name\":\"Home\",\"item\":\"https:\\\/\\\/test.magnetarmagnets.com\\\/et\\\/\"},{\"@type\":\"ListItem\",\"position\":2,\"name\":\"pood\",\"item\":\"https:\\\/\\\/test.magnetarmagnets.com\\\/et\\\/pood\\\/\"},{\"@type\":\"ListItem\",\"position\":3,\"name\":\"K\u00f5ik tooted\",\"item\":\"https:\\\/\\\/test.magnetarmagnets.com\\\/et\\\/collections\\\/koik-tooted\\\/\"},{\"@type\":\"ListItem\",\"position\":4,\"name\":\"K\u00fcttega t\u00f6\u00f6vest Magma XXL\"}]},{\"@type\":\"WebSite\",\"@id\":\"https:\\\/\\\/test.magnetarmagnets.com\\\/et\\\/#website\",\"url\":\"https:\\\/\\\/test.magnetarmagnets.com\\\/et\\\/\",\"name\":\"Magnet fishing with a Magnetar fishing magnet\",\"description\":\"Powerful magnets for magnet fishing\",\"publisher\":{\"@id\":\"https:\\\/\\\/test.magnetarmagnets.com\\\/et\\\/#organization\"},\"potentialAction\":[{\"@type\":\"SearchAction\",\"target\":{\"@type\":\"EntryPoint\",\"urlTemplate\":\"https:\\\/\\\/test.magnetarmagnets.com\\\/et\\\/?s={search_term_string}\"},\"query-input\":{\"@type\":\"PropertyValueSpecification\",\"valueRequired\":true,\"valueName\":\"search_term_string\"}}],\"inLanguage\":\"et\"},{\"@type\":\"Organization\",\"@id\":\"https:\\\/\\\/test.magnetarmagnets.com\\\/et\\\/#organization\",\"name\":\"Magnetar\",\"url\":\"https:\\\/\\\/test.magnetarmagnets.com\\\/et\\\/\",\"logo\":{\"@type\":\"ImageObject\",\"inLanguage\":\"et\",\"@id\":\"https:\\\/\\\/test.magnetarmagnets.com\\\/et\\\/#\\\/schema\\\/logo\\\/image\\\/\",\"url\":\"https:\\\/\\\/magnetarmagnets.com\\\/wp-content\\\/uploads\\\/2021\\\/01\\\/magnetarvismagneet_logo.png\",\"contentUrl\":\"https:\\\/\\\/magnetarmagnets.com\\\/wp-content\\\/uploads\\\/2021\\\/01\\\/magnetarvismagneet_logo.png\",\"width\":209,\"height\":100,\"caption\":\"Magnetar\"},\"image\":{\"@id\":\"https:\\\/\\\/test.magnetarmagnets.com\\\/et\\\/#\\\/schema\\\/logo\\\/image\\\/\"},\"sameAs\":[\"https:\\\/\\\/www.facebook.com\\\/fishingmagnets\\\/\",\"https:\\\/\\\/www.instagram.com\\\/magnetar_magnets\\\/\",\"https:\\\/\\\/www.linkedin.com\\\/company\\\/magnetarbv\\\/?originalSubdomain=nl\",\"https:\\\/\\\/www.youtube.com\\\/c\\\/MagnetarVismagneet\"]}]}<\/script>\n<!-- \/ Yoast SEO plugin. -->","yoast_head_json":{"title":"K\u00fcttega t\u00f6\u00f6vest Magma XXL - Magnet fishing with a Magnetar fishing magnet","description":"T\u00f6\u00f6vest? See patareitoitega t\u00f6\u00f6vest on varustatud kolme soojuss\u00e4ttega, et teil oleks alati mugav temperatuur.","robots":{"index":"index","follow":"follow","max-snippet":"max-snippet:-1","max-image-preview":"max-image-preview:large","max-video-preview":"max-video-preview:-1"},"canonical":"https:\/\/test.magnetarmagnets.com\/et\/shop\/kuttega-toovest-magma-xxl\/","og_locale":"et_EE","og_type":"article","og_title":"K\u00fcttega t\u00f6\u00f6vest Magma XXL - Magnet fishing with a Magnetar fishing magnet","og_description":"T\u00f6\u00f6vest? See patareitoitega t\u00f6\u00f6vest on varustatud kolme soojuss\u00e4ttega, et teil oleks alati mugav temperatuur.","og_url":"https:\/\/test.magnetarmagnets.com\/et\/shop\/kuttega-toovest-magma-xxl\/","og_site_name":"Magnet fishing with a Magnetar fishing magnet","article_publisher":"https:\/\/www.facebook.com\/fishingmagnets\/","article_modified_time":"2026-03-16T17:28:59+00:00","og_image":[{"width":2330,"height":2560,"url":"https:\/\/test.magnetarmagnets.com\/wp-content\/uploads\/2021\/02\/heated-work-jacket-scaled.jpg","type":"image\/jpeg"}],"twitter_card":"summary_large_image","twitter_misc":{"Est. reading time":"2 minutit"},"schema":{"@context":"https:\/\/schema.org","@graph":[{"@type":["WebPage","ItemPage"],"@id":"https:\/\/test.magnetarmagnets.com\/et\/shop\/kuttega-toovest-magma-xxl\/","url":"https:\/\/test.magnetarmagnets.com\/et\/shop\/kuttega-toovest-magma-xxl\/","name":"K\u00fcttega t\u00f6\u00f6vest Magma XXL - Magnet fishing with a Magnetar fishing magnet","isPartOf":{"@id":"https:\/\/test.magnetarmagnets.com\/et\/#website"},"primaryImageOfPage":{"@id":"https:\/\/test.magnetarmagnets.com\/et\/shop\/kuttega-toovest-magma-xxl\/#primaryimage"},"image":{"@id":"https:\/\/test.magnetarmagnets.com\/et\/shop\/kuttega-toovest-magma-xxl\/#primaryimage"},"thumbnailUrl":"https:\/\/test.magnetarmagnets.com\/wp-content\/uploads\/2021\/02\/heated-work-jacket-scaled.jpg","datePublished":"2025-06-05T07:53:07+00:00","dateModified":"2026-03-16T17:28:59+00:00","description":"T\u00f6\u00f6vest? See patareitoitega t\u00f6\u00f6vest on varustatud kolme soojuss\u00e4ttega, et teil oleks alati mugav temperatuur.","breadcrumb":{"@id":"https:\/\/test.magnetarmagnets.com\/et\/shop\/kuttega-toovest-magma-xxl\/#breadcrumb"},"inLanguage":"et","potentialAction":[{"@type":"ReadAction","target":["https:\/\/test.magnetarmagnets.com\/et\/shop\/kuttega-toovest-magma-xxl\/"]}]},{"@type":"ImageObject","inLanguage":"et","@id":"https:\/\/test.magnetarmagnets.com\/et\/shop\/kuttega-toovest-magma-xxl\/#primaryimage","url":"https:\/\/test.magnetarmagnets.com\/wp-content\/uploads\/2021\/02\/heated-work-jacket-scaled.jpg","contentUrl":"https:\/\/test.magnetarmagnets.com\/wp-content\/uploads\/2021\/02\/heated-work-jacket-scaled.jpg","width":2330,"height":2560,"caption":"heated workwear jack"},{"@type":"BreadcrumbList","@id":"https:\/\/test.magnetarmagnets.com\/et\/shop\/kuttega-toovest-magma-xxl\/#breadcrumb","itemListElement":[{"@type":"ListItem","position":1,"name":"Home","item":"https:\/\/test.magnetarmagnets.com\/et\/"},{"@type":"ListItem","position":2,"name":"pood","item":"https:\/\/test.magnetarmagnets.com\/et\/pood\/"},{"@type":"ListItem","position":3,"name":"K\u00f5ik tooted","item":"https:\/\/test.magnetarmagnets.com\/et\/collections\/koik-tooted\/"},{"@type":"ListItem","position":4,"name":"K\u00fcttega t\u00f6\u00f6vest Magma XXL"}]},{"@type":"WebSite","@id":"https:\/\/test.magnetarmagnets.com\/et\/#website","url":"https:\/\/test.magnetarmagnets.com\/et\/","name":"Magnet fishing with a Magnetar fishing magnet","description":"Powerful magnets for magnet fishing","publisher":{"@id":"https:\/\/test.magnetarmagnets.com\/et\/#organization"},"potentialAction":[{"@type":"SearchAction","target":{"@type":"EntryPoint","urlTemplate":"https:\/\/test.magnetarmagnets.com\/et\/?s={search_term_string}"},"query-input":{"@type":"PropertyValueSpecification","valueRequired":true,"valueName":"search_term_string"}}],"inLanguage":"et"},{"@type":"Organization","@id":"https:\/\/test.magnetarmagnets.com\/et\/#organization","name":"Magnetar","url":"https:\/\/test.magnetarmagnets.com\/et\/","logo":{"@type":"ImageObject","inLanguage":"et","@id":"https:\/\/test.magnetarmagnets.com\/et\/#\/schema\/logo\/image\/","url":"https:\/\/magnetarmagnets.com\/wp-content\/uploads\/2021\/01\/magnetarvismagneet_logo.png","contentUrl":"https:\/\/magnetarmagnets.com\/wp-content\/uploads\/2021\/01\/magnetarvismagneet_logo.png","width":209,"height":100,"caption":"Magnetar"},"image":{"@id":"https:\/\/test.magnetarmagnets.com\/et\/#\/schema\/logo\/image\/"},"sameAs":["https:\/\/www.facebook.com\/fishingmagnets\/","https:\/\/www.instagram.com\/magnetar_magnets\/","https:\/\/www.linkedin.com\/company\/magnetarbv\/?originalSubdomain=nl","https:\/\/www.youtube.com\/c\/MagnetarVismagneet"]}]}},"_links":{"self":[{"href":"https:\/\/test.magnetarmagnets.com\/et\/wp-json\/wp\/v2\/product\/81627","targetHints":{"allow":["GET"]}}],"collection":[{"href":"https:\/\/test.magnetarmagnets.com\/et\/wp-json\/wp\/v2\/product"}],"about":[{"href":"https:\/\/test.magnetarmagnets.com\/et\/wp-json\/wp\/v2\/types\/product"}],"replies":[{"embeddable":true,"href":"https:\/\/test.magnetarmagnets.com\/et\/wp-json\/wp\/v2\/comments?post=81627"}],"wp:featuredmedia":[{"embeddable":true,"href":"https:\/\/test.magnetarmagnets.com\/et\/wp-json\/wp\/v2\/media\/71557"}],"wp:attachment":[{"href":"https:\/\/test.magnetarmagnets.com\/et\/wp-json\/wp\/v2\/media?parent=81627"}],"wp:term":[{"taxonomy":"product_brand","embeddable":true,"href":"https:\/\/test.magnetarmagnets.com\/et\/wp-json\/wp\/v2\/product_brand?post=81627"},{"taxonomy":"product_cat","embeddable":true,"href":"https:\/\/test.magnetarmagnets.com\/et\/wp-json\/wp\/v2\/product_cat?post=81627"},{"taxonomy":"product_tag","embeddable":true,"href":"https:\/\/test.magnetarmagnets.com\/et\/wp-json\/wp\/v2\/product_tag?post=81627"}],"curies":[{"name":"wp","href":"https:\/\/api.w.org\/{rel}","templated":true}]}}