{"id":81626,"date":"2025-06-05T09:53:07","date_gmt":"2025-06-05T07:53:07","guid":{"rendered":"https:\/\/magnetarmagnets.com\/?post_type=product&#038;p=81626"},"modified":"2026-03-16T18:42:31","modified_gmt":"2026-03-16T17:42:31","slug":"kuttega-toovest-magma-xl","status":"publish","type":"product","link":"https:\/\/test.magnetarmagnets.com\/et\/shop\/kuttega-toovest-magma-xl\/","title":{"rendered":"K\u00fcttega t\u00f6\u00f6vest Magma XL"},"content":{"rendered":"<h2><img fetchpriority=\"high\" decoding=\"async\" class=\"aligncenter size-full wp-image-51853\" src=\"https:\/\/test.magnetarmagnets.com\/wp-content\/uploads\/2021\/02\/work-vest-engels.png\" alt=\"work vest, heat vest, magnetar heat, warm clothes, hoodie, vest, heating clothes\" width=\"765\" height=\"455\" srcset=\"https:\/\/test.magnetarmagnets.com\/wp-content\/uploads\/2021\/02\/work-vest-engels.png 765w, https:\/\/test.magnetarmagnets.com\/wp-content\/uploads\/2021\/02\/work-vest-engels-150x89.png 150w, https:\/\/test.magnetarmagnets.com\/wp-content\/uploads\/2021\/02\/work-vest-engels-600x357.png 600w, https:\/\/test.magnetarmagnets.com\/wp-content\/uploads\/2021\/02\/work-vest-engels-300x178.png 300w\" sizes=\"(max-width: 765px) 100vw, 765px\" \/><\/h2>\n<h2>Parim k\u00fcttega t\u00f6\u00f6vest<\/h2>\n<p><strong>K\u00fcttega t\u00f6\u00f6vest?<\/strong> Meie t\u00f6\u00f6vestid hoiavad sind soojas isegi k\u00fclmematel p\u00e4evadel. Sellel patareiga t\u00f6\u00f6taval t\u00f6\u00f6vestil on kolm soojusre\u017eiimi, nii et valitud temperatuur on alati mugav. <a href=\"https:\/\/test.magnetarmagnets.com\/et\/\" target=\"_blank\" rel=\"noopener\">Magnet fishing<\/a> kogu p\u00e4eva? T\u00f6\u00f6 v\u00e4litingimustes k\u00fclmal p\u00e4eval? Jahe suve\u00f5htu? T\u00f6\u00f6 tuule k\u00e4es v\u00f5i hilis\u00f5htul? See mugav, tuule- ja veekindel k\u00fcttega t\u00f6\u00f6vest hoiab sind soojas. <strong>Magnetar Heat t\u00f6\u00f6vest on avaram, seega vali v\u00e4iksem suurus!<\/strong><\/p>\n<h2>K\u00fcttega t\u00f6\u00f6vesti tooteinfo<\/h2>\n<p>Kaasasolev aku on mobiiltelefoni suurune ja v\u00f5ib vastavalt soojusre\u017eiimile hoida sind soojas <strong>kuni 9 tundi<\/strong>. T\u00f6\u00f6vest <strong>sisaldab akut ja laadijat<\/strong>. Vest on valmistatud tuule- ja veekindlast puuvillast ning sisevooder lihtsasti puhastatavast nailonist, pakkudes sulle liikuvusvabadust t\u00f6\u00f6 ajal. Selle k\u00fcttega t\u00f6\u00f6vestiga ei pea end mitme riidekihiga kokku m\u00e4ssima, olgu sa talus t\u00f6\u00f6taja, teemees, ehitaja, maalrit\u00f6\u00f6line, ratsafarmis t\u00f6\u00f6taja, jahimees v\u00f5i aednik. See vest pakub k\u00f5rget mugavust ja t\u00e4ielikku liikumisvabadust.<\/p>\n<p>K\u00fcttealad pakuvad meeldivat soojust t\u00e4pselt seal, kus seda vaja \u2013 rinnal ja seljal. Madal, keskmine ja k\u00f5rge re\u017eiim v\u00f5imaldavad kohanduda keskkonnaga ja hoida sind soojas kogu p\u00e4eva. Seej\u00e4rel lae aku 3\u20134 tunniga uuesti ja oled valmis j\u00e4tkama.<\/p>\n<p>Meie t\u00f6\u00f6vestid on valmistatud vastupidavast ja kvaliteetsest materjalist, et hoida sind soojas igas ilmastikutingimuses.<\/p>\n<h2>CE sertifitseeritud k\u00fcttevest<\/h2>\n<p>K\u00fcttega t\u00f6\u00f6vestid on CE sertifitseeritud. Me usaldame oma toodet t\u00e4ielikult ja pakume seet\u00f5ttu <strong>1-aastast garantiid<\/strong>.<\/p>\n<p><strong>Magnetar Heat t\u00f6\u00f6vest on avaram, seega vali v\u00e4iksem suurus!<\/strong><\/p>\n","protected":false},"excerpt":{"rendered":"<p><span style=\"font-weight: 400;\">See on soojendatav t\u00f6\u00f6stusvest, millel on kolm soojusre\u017eiimi. Hoiab sind soojas just siis, kui seda vajad. V\u00e4ga kulumiskindel.<\/span><\/p>\n","protected":false},"featured_media":71557,"comment_status":"open","ping_status":"closed","template":"","meta":{"_acf_changed":false,"inline_featured_image":false},"product_brand":[],"product_cat":[1001],"product_tag":[],"class_list":{"0":"post-81626","1":"product","2":"type-product","3":"status-publish","4":"has-post-thumbnail","6":"product_cat-koik-tooted","8":"first","9":"instock","10":"taxable","11":"shipping-taxable","12":"purchasable","13":"product-type-simple"},"acf":[],"yoast_head":"<!-- This site is optimized with the Yoast SEO plugin v27.6 - https:\/\/yoast.com\/product\/yoast-seo-wordpress\/ -->\n<title>K\u00fcttega t\u00f6\u00f6vest Magma XL - Magnet fishing with a Magnetar fishing magnet<\/title>\n<meta name=\"description\" content=\"T\u00f6\u00f6vest? Sellel patareivestil on kolm soojusre\u017eiimi, nii et saad alati mugava temperatuuri.\" \/>\n<meta name=\"robots\" content=\"index, follow, max-snippet:-1, max-image-preview:large, max-video-preview:-1\" \/>\n<link rel=\"canonical\" href=\"https:\/\/test.magnetarmagnets.com\/et\/shop\/kuttega-toovest-magma-xl\/\" \/>\n<meta property=\"og:locale\" content=\"et_EE\" \/>\n<meta property=\"og:type\" content=\"article\" \/>\n<meta property=\"og:title\" content=\"K\u00fcttega t\u00f6\u00f6vest Magma XL - Magnet fishing with a Magnetar fishing magnet\" \/>\n<meta property=\"og:description\" content=\"T\u00f6\u00f6vest? Sellel patareivestil on kolm soojusre\u017eiimi, nii et saad alati mugava temperatuuri.\" \/>\n<meta property=\"og:url\" content=\"https:\/\/test.magnetarmagnets.com\/et\/shop\/kuttega-toovest-magma-xl\/\" \/>\n<meta property=\"og:site_name\" content=\"Magnet fishing with a Magnetar fishing magnet\" \/>\n<meta property=\"article:publisher\" content=\"https:\/\/www.facebook.com\/fishingmagnets\/\" \/>\n<meta property=\"article:modified_time\" content=\"2026-03-16T17:42:31+00:00\" \/>\n<meta property=\"og:image\" content=\"https:\/\/test.magnetarmagnets.com\/wp-content\/uploads\/2021\/02\/heated-work-jacket-scaled.jpg\" \/>\n\t<meta property=\"og:image:width\" content=\"2330\" \/>\n\t<meta property=\"og:image:height\" content=\"2560\" \/>\n\t<meta property=\"og:image:type\" content=\"image\/jpeg\" \/>\n<meta name=\"twitter:card\" content=\"summary_large_image\" \/>\n<meta name=\"twitter:label1\" content=\"Est. reading time\" \/>\n\t<meta name=\"twitter:data1\" content=\"2 minutit\" \/>\n<script type=\"application\/ld+json\" class=\"yoast-schema-graph\">{\"@context\":\"https:\\\/\\\/schema.org\",\"@graph\":[{\"@type\":[\"WebPage\",\"ItemPage\"],\"@id\":\"https:\\\/\\\/test.magnetarmagnets.com\\\/et\\\/shop\\\/kuttega-toovest-magma-xl\\\/\",\"url\":\"https:\\\/\\\/test.magnetarmagnets.com\\\/et\\\/shop\\\/kuttega-toovest-magma-xl\\\/\",\"name\":\"K\u00fcttega t\u00f6\u00f6vest Magma XL - Magnet fishing with a Magnetar fishing magnet\",\"isPartOf\":{\"@id\":\"https:\\\/\\\/test.magnetarmagnets.com\\\/et\\\/#website\"},\"primaryImageOfPage\":{\"@id\":\"https:\\\/\\\/test.magnetarmagnets.com\\\/et\\\/shop\\\/kuttega-toovest-magma-xl\\\/#primaryimage\"},\"image\":{\"@id\":\"https:\\\/\\\/test.magnetarmagnets.com\\\/et\\\/shop\\\/kuttega-toovest-magma-xl\\\/#primaryimage\"},\"thumbnailUrl\":\"https:\\\/\\\/test.magnetarmagnets.com\\\/wp-content\\\/uploads\\\/2021\\\/02\\\/heated-work-jacket-scaled.jpg\",\"datePublished\":\"2025-06-05T07:53:07+00:00\",\"dateModified\":\"2026-03-16T17:42:31+00:00\",\"description\":\"T\u00f6\u00f6vest? Sellel patareivestil on kolm soojusre\u017eiimi, nii et saad alati mugava temperatuuri.\",\"breadcrumb\":{\"@id\":\"https:\\\/\\\/test.magnetarmagnets.com\\\/et\\\/shop\\\/kuttega-toovest-magma-xl\\\/#breadcrumb\"},\"inLanguage\":\"et\",\"potentialAction\":[{\"@type\":\"ReadAction\",\"target\":[\"https:\\\/\\\/test.magnetarmagnets.com\\\/et\\\/shop\\\/kuttega-toovest-magma-xl\\\/\"]}]},{\"@type\":\"ImageObject\",\"inLanguage\":\"et\",\"@id\":\"https:\\\/\\\/test.magnetarmagnets.com\\\/et\\\/shop\\\/kuttega-toovest-magma-xl\\\/#primaryimage\",\"url\":\"https:\\\/\\\/test.magnetarmagnets.com\\\/wp-content\\\/uploads\\\/2021\\\/02\\\/heated-work-jacket-scaled.jpg\",\"contentUrl\":\"https:\\\/\\\/test.magnetarmagnets.com\\\/wp-content\\\/uploads\\\/2021\\\/02\\\/heated-work-jacket-scaled.jpg\",\"width\":2330,\"height\":2560,\"caption\":\"heated workwear jack\"},{\"@type\":\"BreadcrumbList\",\"@id\":\"https:\\\/\\\/test.magnetarmagnets.com\\\/et\\\/shop\\\/kuttega-toovest-magma-xl\\\/#breadcrumb\",\"itemListElement\":[{\"@type\":\"ListItem\",\"position\":1,\"name\":\"Home\",\"item\":\"https:\\\/\\\/test.magnetarmagnets.com\\\/et\\\/\"},{\"@type\":\"ListItem\",\"position\":2,\"name\":\"pood\",\"item\":\"https:\\\/\\\/test.magnetarmagnets.com\\\/et\\\/pood\\\/\"},{\"@type\":\"ListItem\",\"position\":3,\"name\":\"K\u00f5ik tooted\",\"item\":\"https:\\\/\\\/test.magnetarmagnets.com\\\/et\\\/collections\\\/koik-tooted\\\/\"},{\"@type\":\"ListItem\",\"position\":4,\"name\":\"K\u00fcttega t\u00f6\u00f6vest Magma XL\"}]},{\"@type\":\"WebSite\",\"@id\":\"https:\\\/\\\/test.magnetarmagnets.com\\\/et\\\/#website\",\"url\":\"https:\\\/\\\/test.magnetarmagnets.com\\\/et\\\/\",\"name\":\"Magnet fishing with a Magnetar fishing magnet\",\"description\":\"Powerful magnets for magnet fishing\",\"publisher\":{\"@id\":\"https:\\\/\\\/test.magnetarmagnets.com\\\/et\\\/#organization\"},\"potentialAction\":[{\"@type\":\"SearchAction\",\"target\":{\"@type\":\"EntryPoint\",\"urlTemplate\":\"https:\\\/\\\/test.magnetarmagnets.com\\\/et\\\/?s={search_term_string}\"},\"query-input\":{\"@type\":\"PropertyValueSpecification\",\"valueRequired\":true,\"valueName\":\"search_term_string\"}}],\"inLanguage\":\"et\"},{\"@type\":\"Organization\",\"@id\":\"https:\\\/\\\/test.magnetarmagnets.com\\\/et\\\/#organization\",\"name\":\"Magnetar\",\"url\":\"https:\\\/\\\/test.magnetarmagnets.com\\\/et\\\/\",\"logo\":{\"@type\":\"ImageObject\",\"inLanguage\":\"et\",\"@id\":\"https:\\\/\\\/test.magnetarmagnets.com\\\/et\\\/#\\\/schema\\\/logo\\\/image\\\/\",\"url\":\"https:\\\/\\\/magnetarmagnets.com\\\/wp-content\\\/uploads\\\/2021\\\/01\\\/magnetarvismagneet_logo.png\",\"contentUrl\":\"https:\\\/\\\/magnetarmagnets.com\\\/wp-content\\\/uploads\\\/2021\\\/01\\\/magnetarvismagneet_logo.png\",\"width\":209,\"height\":100,\"caption\":\"Magnetar\"},\"image\":{\"@id\":\"https:\\\/\\\/test.magnetarmagnets.com\\\/et\\\/#\\\/schema\\\/logo\\\/image\\\/\"},\"sameAs\":[\"https:\\\/\\\/www.facebook.com\\\/fishingmagnets\\\/\",\"https:\\\/\\\/www.instagram.com\\\/magnetar_magnets\\\/\",\"https:\\\/\\\/www.linkedin.com\\\/company\\\/magnetarbv\\\/?originalSubdomain=nl\",\"https:\\\/\\\/www.youtube.com\\\/c\\\/MagnetarVismagneet\"]}]}<\/script>\n<!-- \/ Yoast SEO plugin. -->","yoast_head_json":{"title":"K\u00fcttega t\u00f6\u00f6vest Magma XL - Magnet fishing with a Magnetar fishing magnet","description":"T\u00f6\u00f6vest? Sellel patareivestil on kolm soojusre\u017eiimi, nii et saad alati mugava temperatuuri.","robots":{"index":"index","follow":"follow","max-snippet":"max-snippet:-1","max-image-preview":"max-image-preview:large","max-video-preview":"max-video-preview:-1"},"canonical":"https:\/\/test.magnetarmagnets.com\/et\/shop\/kuttega-toovest-magma-xl\/","og_locale":"et_EE","og_type":"article","og_title":"K\u00fcttega t\u00f6\u00f6vest Magma XL - Magnet fishing with a Magnetar fishing magnet","og_description":"T\u00f6\u00f6vest? Sellel patareivestil on kolm soojusre\u017eiimi, nii et saad alati mugava temperatuuri.","og_url":"https:\/\/test.magnetarmagnets.com\/et\/shop\/kuttega-toovest-magma-xl\/","og_site_name":"Magnet fishing with a Magnetar fishing magnet","article_publisher":"https:\/\/www.facebook.com\/fishingmagnets\/","article_modified_time":"2026-03-16T17:42:31+00:00","og_image":[{"width":2330,"height":2560,"url":"https:\/\/test.magnetarmagnets.com\/wp-content\/uploads\/2021\/02\/heated-work-jacket-scaled.jpg","type":"image\/jpeg"}],"twitter_card":"summary_large_image","twitter_misc":{"Est. reading time":"2 minutit"},"schema":{"@context":"https:\/\/schema.org","@graph":[{"@type":["WebPage","ItemPage"],"@id":"https:\/\/test.magnetarmagnets.com\/et\/shop\/kuttega-toovest-magma-xl\/","url":"https:\/\/test.magnetarmagnets.com\/et\/shop\/kuttega-toovest-magma-xl\/","name":"K\u00fcttega t\u00f6\u00f6vest Magma XL - Magnet fishing with a Magnetar fishing magnet","isPartOf":{"@id":"https:\/\/test.magnetarmagnets.com\/et\/#website"},"primaryImageOfPage":{"@id":"https:\/\/test.magnetarmagnets.com\/et\/shop\/kuttega-toovest-magma-xl\/#primaryimage"},"image":{"@id":"https:\/\/test.magnetarmagnets.com\/et\/shop\/kuttega-toovest-magma-xl\/#primaryimage"},"thumbnailUrl":"https:\/\/test.magnetarmagnets.com\/wp-content\/uploads\/2021\/02\/heated-work-jacket-scaled.jpg","datePublished":"2025-06-05T07:53:07+00:00","dateModified":"2026-03-16T17:42:31+00:00","description":"T\u00f6\u00f6vest? Sellel patareivestil on kolm soojusre\u017eiimi, nii et saad alati mugava temperatuuri.","breadcrumb":{"@id":"https:\/\/test.magnetarmagnets.com\/et\/shop\/kuttega-toovest-magma-xl\/#breadcrumb"},"inLanguage":"et","potentialAction":[{"@type":"ReadAction","target":["https:\/\/test.magnetarmagnets.com\/et\/shop\/kuttega-toovest-magma-xl\/"]}]},{"@type":"ImageObject","inLanguage":"et","@id":"https:\/\/test.magnetarmagnets.com\/et\/shop\/kuttega-toovest-magma-xl\/#primaryimage","url":"https:\/\/test.magnetarmagnets.com\/wp-content\/uploads\/2021\/02\/heated-work-jacket-scaled.jpg","contentUrl":"https:\/\/test.magnetarmagnets.com\/wp-content\/uploads\/2021\/02\/heated-work-jacket-scaled.jpg","width":2330,"height":2560,"caption":"heated workwear jack"},{"@type":"BreadcrumbList","@id":"https:\/\/test.magnetarmagnets.com\/et\/shop\/kuttega-toovest-magma-xl\/#breadcrumb","itemListElement":[{"@type":"ListItem","position":1,"name":"Home","item":"https:\/\/test.magnetarmagnets.com\/et\/"},{"@type":"ListItem","position":2,"name":"pood","item":"https:\/\/test.magnetarmagnets.com\/et\/pood\/"},{"@type":"ListItem","position":3,"name":"K\u00f5ik tooted","item":"https:\/\/test.magnetarmagnets.com\/et\/collections\/koik-tooted\/"},{"@type":"ListItem","position":4,"name":"K\u00fcttega t\u00f6\u00f6vest Magma XL"}]},{"@type":"WebSite","@id":"https:\/\/test.magnetarmagnets.com\/et\/#website","url":"https:\/\/test.magnetarmagnets.com\/et\/","name":"Magnet fishing with a Magnetar fishing magnet","description":"Powerful magnets for magnet fishing","publisher":{"@id":"https:\/\/test.magnetarmagnets.com\/et\/#organization"},"potentialAction":[{"@type":"SearchAction","target":{"@type":"EntryPoint","urlTemplate":"https:\/\/test.magnetarmagnets.com\/et\/?s={search_term_string}"},"query-input":{"@type":"PropertyValueSpecification","valueRequired":true,"valueName":"search_term_string"}}],"inLanguage":"et"},{"@type":"Organization","@id":"https:\/\/test.magnetarmagnets.com\/et\/#organization","name":"Magnetar","url":"https:\/\/test.magnetarmagnets.com\/et\/","logo":{"@type":"ImageObject","inLanguage":"et","@id":"https:\/\/test.magnetarmagnets.com\/et\/#\/schema\/logo\/image\/","url":"https:\/\/magnetarmagnets.com\/wp-content\/uploads\/2021\/01\/magnetarvismagneet_logo.png","contentUrl":"https:\/\/magnetarmagnets.com\/wp-content\/uploads\/2021\/01\/magnetarvismagneet_logo.png","width":209,"height":100,"caption":"Magnetar"},"image":{"@id":"https:\/\/test.magnetarmagnets.com\/et\/#\/schema\/logo\/image\/"},"sameAs":["https:\/\/www.facebook.com\/fishingmagnets\/","https:\/\/www.instagram.com\/magnetar_magnets\/","https:\/\/www.linkedin.com\/company\/magnetarbv\/?originalSubdomain=nl","https:\/\/www.youtube.com\/c\/MagnetarVismagneet"]}]}},"_links":{"self":[{"href":"https:\/\/test.magnetarmagnets.com\/et\/wp-json\/wp\/v2\/product\/81626","targetHints":{"allow":["GET"]}}],"collection":[{"href":"https:\/\/test.magnetarmagnets.com\/et\/wp-json\/wp\/v2\/product"}],"about":[{"href":"https:\/\/test.magnetarmagnets.com\/et\/wp-json\/wp\/v2\/types\/product"}],"replies":[{"embeddable":true,"href":"https:\/\/test.magnetarmagnets.com\/et\/wp-json\/wp\/v2\/comments?post=81626"}],"wp:featuredmedia":[{"embeddable":true,"href":"https:\/\/test.magnetarmagnets.com\/et\/wp-json\/wp\/v2\/media\/71557"}],"wp:attachment":[{"href":"https:\/\/test.magnetarmagnets.com\/et\/wp-json\/wp\/v2\/media?parent=81626"}],"wp:term":[{"taxonomy":"product_brand","embeddable":true,"href":"https:\/\/test.magnetarmagnets.com\/et\/wp-json\/wp\/v2\/product_brand?post=81626"},{"taxonomy":"product_cat","embeddable":true,"href":"https:\/\/test.magnetarmagnets.com\/et\/wp-json\/wp\/v2\/product_cat?post=81626"},{"taxonomy":"product_tag","embeddable":true,"href":"https:\/\/test.magnetarmagnets.com\/et\/wp-json\/wp\/v2\/product_tag?post=81626"}],"curies":[{"name":"wp","href":"https:\/\/api.w.org\/{rel}","templated":true}]}}