{"id":81620,"date":"2025-06-05T09:53:45","date_gmt":"2025-06-05T07:53:45","guid":{"rendered":"https:\/\/magnetarmagnets.com\/?post_type=product&#038;p=81620"},"modified":"2026-03-18T19:17:10","modified_gmt":"2026-03-18T18:17:10","slug":"vulcan-soojendatav-jakk","status":"publish","type":"product","link":"https:\/\/test.magnetarmagnets.com\/et\/shop\/vulcan-soojendatav-jakk\/","title":{"rendered":"Vulcani soojendusega jope"},"content":{"rendered":"<p><img fetchpriority=\"high\" decoding=\"async\" class=\"aligncenter size-full wp-image-51844\" src=\"https:\/\/test.magnetarmagnets.com\/wp-content\/uploads\/2021\/02\/Softshell-engels.png\" alt=\"heated jacket, warm jacket, magnetar heat, softshell, heat, working jacket\" width=\"764\" height=\"436\" srcset=\"https:\/\/test.magnetarmagnets.com\/wp-content\/uploads\/2021\/02\/Softshell-engels.png 764w, https:\/\/test.magnetarmagnets.com\/wp-content\/uploads\/2021\/02\/Softshell-engels-150x86.png 150w, https:\/\/test.magnetarmagnets.com\/wp-content\/uploads\/2021\/02\/Softshell-engels-600x342.png 600w, https:\/\/test.magnetarmagnets.com\/wp-content\/uploads\/2021\/02\/Softshell-engels-300x171.png 300w\" sizes=\"(max-width: 764px) 100vw, 764px\" \/><\/p>\n<h2>Parimad soojendusega joped<\/h2>\n<p><strong>Soojendusega jope?<\/strong> Meie soojendusega joped hoiavad sind soojas isegi k\u00fclmematel p\u00e4evadel. See patareiga soojendatav jope pakub kolme soojendusre\u017eiimi, et tagada alati meeldiv temperatuur. T\u00f6\u00f6tad v\u00e4ljas k\u00fclmemal p\u00e4eval? V\u00e4rskel suve\u00f5htul? See mugav, tuule- ja veekindel soojendusega jope hoiab sind soojas.<\/p>\n<h2>Tooteinfo: soojendusega jope<\/h2>\n<p>Kaasasolev aku on mobiiltelefoni suurune ja suudab hoida sind soojas <strong>kuni 10 tundi<\/strong>, s\u00f5ltuvalt valitud soojendusre\u017eiimist. Jope sisaldab <strong>akut ja laadijat<\/strong>. Jope on valmistatud tuule- ja veekindlast kangast ning sellel on sees lisapehmest polaarfliisvoodrist, v\u00f5imaldades sul v\u00e4litegevuste ajal t\u00e4ielikku liikumisvabadust. Selle jopega ei pea sa k\u00fclma eest mitu riidekihti selga panema, n\u00e4iteks jalutades, aias t\u00f6\u00f6tades, kalal k\u00e4ies v\u00f5i jalgrattaga s\u00f5ites.<\/p>\n<p>Soojenduspiirkonnad annavad mugava soojustunde just nendes \u00fclakeha osades, kus seda vajate \u2013 rinnal ja seljal. Madal, keskmine ja k\u00f5rge re\u017eiim v\u00f5imaldavad kohandada temperatuuri vastavalt keskkonnale ja hoida sind soojas kogu p\u00e4eva. Lae aku seej\u00e4rel 3\u20134 tunniga \u00fcles ja oled valmis minema.<\/p>\n<p>Meie joped on valmistatud vastupidavast ja kvaliteetsest materjalist, mis hoiab sind soojana igas ilmastikutingimuses.<\/p>\n<h2>CE-sertifitseeritud soojendusega joped<\/h2>\n<p>Soojendusega joped on CE-sertifitseeritud. Toetame oma toodet t\u00e4ielikult ja pakume seet\u00f5ttu <strong>1 aasta garantiid<\/strong>.<\/p>\n","protected":false},"excerpt":{"rendered":"<p><span style=\"font-weight: 400;\">See on soojendatav jope k\u00fcttekehaga ja kolme soojendusastmega. Hoiab sind soojas siis, kui seda vajad.<\/span><\/p>\n","protected":false},"featured_media":74659,"comment_status":"open","ping_status":"closed","template":"","meta":{"_acf_changed":false,"inline_featured_image":false},"product_brand":[],"product_cat":[423,422],"product_tag":[],"class_list":{"0":"post-81620","1":"product","2":"type-product","3":"status-publish","4":"has-post-thumbnail","6":"product_cat-soojariided","7":"product_cat-varustus","9":"first","10":"instock","11":"taxable","12":"shipping-taxable","13":"product-type-grouped"},"acf":[],"yoast_head":"<!-- This site is optimized with the Yoast SEO plugin v27.6 - https:\/\/yoast.com\/product\/yoast-seo-wordpress\/ -->\n<title>Vulcani soojendusega jope - Magnet fishing with a Magnetar fishing magnet<\/title>\n<meta name=\"description\" content=\"Vulcani soojendusega jope \u2013 Hoia end soojas koos Magnetariga\" \/>\n<meta name=\"robots\" content=\"index, follow, max-snippet:-1, max-image-preview:large, max-video-preview:-1\" \/>\n<link rel=\"canonical\" href=\"https:\/\/test.magnetarmagnets.com\/et\/shop\/vulcan-soojendatav-jakk\/\" \/>\n<meta property=\"og:locale\" content=\"et_EE\" \/>\n<meta property=\"og:type\" content=\"article\" \/>\n<meta property=\"og:title\" content=\"Vulcani soojendusega jope - Magnet fishing with a Magnetar fishing magnet\" \/>\n<meta property=\"og:description\" content=\"Vulcani soojendusega jope \u2013 Hoia end soojas koos Magnetariga\" \/>\n<meta property=\"og:url\" content=\"https:\/\/test.magnetarmagnets.com\/et\/shop\/vulcan-soojendatav-jakk\/\" \/>\n<meta property=\"og:site_name\" content=\"Magnet fishing with a Magnetar fishing magnet\" \/>\n<meta property=\"article:publisher\" content=\"https:\/\/www.facebook.com\/fishingmagnets\/\" \/>\n<meta property=\"article:modified_time\" content=\"2026-03-18T18:17:10+00:00\" \/>\n<meta property=\"og:image\" content=\"https:\/\/test.magnetarmagnets.com\/wp-content\/uploads\/2023\/09\/1-3.jpg\" \/>\n\t<meta property=\"og:image:width\" content=\"1500\" \/>\n\t<meta property=\"og:image:height\" content=\"1500\" \/>\n\t<meta property=\"og:image:type\" content=\"image\/jpeg\" \/>\n<meta name=\"twitter:card\" content=\"summary_large_image\" \/>\n<meta name=\"twitter:label1\" content=\"Est. reading time\" \/>\n\t<meta name=\"twitter:data1\" content=\"2 minutit\" \/>\n<script type=\"application\/ld+json\" class=\"yoast-schema-graph\">{\"@context\":\"https:\\\/\\\/schema.org\",\"@graph\":[{\"@type\":[\"WebPage\",\"ItemPage\"],\"@id\":\"https:\\\/\\\/test.magnetarmagnets.com\\\/et\\\/shop\\\/vulcan-soojendatav-jakk\\\/\",\"url\":\"https:\\\/\\\/test.magnetarmagnets.com\\\/et\\\/shop\\\/vulcan-soojendatav-jakk\\\/\",\"name\":\"Vulcani soojendusega jope - Magnet fishing with a Magnetar fishing magnet\",\"isPartOf\":{\"@id\":\"https:\\\/\\\/test.magnetarmagnets.com\\\/et\\\/#website\"},\"primaryImageOfPage\":{\"@id\":\"https:\\\/\\\/test.magnetarmagnets.com\\\/et\\\/shop\\\/vulcan-soojendatav-jakk\\\/#primaryimage\"},\"image\":{\"@id\":\"https:\\\/\\\/test.magnetarmagnets.com\\\/et\\\/shop\\\/vulcan-soojendatav-jakk\\\/#primaryimage\"},\"thumbnailUrl\":\"https:\\\/\\\/test.magnetarmagnets.com\\\/wp-content\\\/uploads\\\/2023\\\/09\\\/1-3.jpg\",\"datePublished\":\"2025-06-05T07:53:45+00:00\",\"dateModified\":\"2026-03-18T18:17:10+00:00\",\"description\":\"Vulcani soojendusega jope \u2013 Hoia end soojas koos Magnetariga\",\"breadcrumb\":{\"@id\":\"https:\\\/\\\/test.magnetarmagnets.com\\\/et\\\/shop\\\/vulcan-soojendatav-jakk\\\/#breadcrumb\"},\"inLanguage\":\"et\",\"potentialAction\":[{\"@type\":\"ReadAction\",\"target\":[\"https:\\\/\\\/test.magnetarmagnets.com\\\/et\\\/shop\\\/vulcan-soojendatav-jakk\\\/\"]}]},{\"@type\":\"ImageObject\",\"inLanguage\":\"et\",\"@id\":\"https:\\\/\\\/test.magnetarmagnets.com\\\/et\\\/shop\\\/vulcan-soojendatav-jakk\\\/#primaryimage\",\"url\":\"https:\\\/\\\/test.magnetarmagnets.com\\\/wp-content\\\/uploads\\\/2023\\\/09\\\/1-3.jpg\",\"contentUrl\":\"https:\\\/\\\/test.magnetarmagnets.com\\\/wp-content\\\/uploads\\\/2023\\\/09\\\/1-3.jpg\",\"width\":1500,\"height\":1500,\"caption\":\"VULCAN Heated Jacket Magnetar Heat Front\"},{\"@type\":\"BreadcrumbList\",\"@id\":\"https:\\\/\\\/test.magnetarmagnets.com\\\/et\\\/shop\\\/vulcan-soojendatav-jakk\\\/#breadcrumb\",\"itemListElement\":[{\"@type\":\"ListItem\",\"position\":1,\"name\":\"Home\",\"item\":\"https:\\\/\\\/test.magnetarmagnets.com\\\/et\\\/\"},{\"@type\":\"ListItem\",\"position\":2,\"name\":\"pood\",\"item\":\"https:\\\/\\\/test.magnetarmagnets.com\\\/et\\\/pood\\\/\"},{\"@type\":\"ListItem\",\"position\":3,\"name\":\"Varustus\",\"item\":\"https:\\\/\\\/test.magnetarmagnets.com\\\/et\\\/collections\\\/varustus\\\/\"},{\"@type\":\"ListItem\",\"position\":4,\"name\":\"Soojariided\",\"item\":\"https:\\\/\\\/test.magnetarmagnets.com\\\/et\\\/collections\\\/varustus\\\/soojariided\\\/\"},{\"@type\":\"ListItem\",\"position\":5,\"name\":\"Vulcani soojendusega jope\"}]},{\"@type\":\"WebSite\",\"@id\":\"https:\\\/\\\/test.magnetarmagnets.com\\\/et\\\/#website\",\"url\":\"https:\\\/\\\/test.magnetarmagnets.com\\\/et\\\/\",\"name\":\"Magnet fishing with a Magnetar fishing magnet\",\"description\":\"Powerful magnets for magnet fishing\",\"publisher\":{\"@id\":\"https:\\\/\\\/test.magnetarmagnets.com\\\/et\\\/#organization\"},\"potentialAction\":[{\"@type\":\"SearchAction\",\"target\":{\"@type\":\"EntryPoint\",\"urlTemplate\":\"https:\\\/\\\/test.magnetarmagnets.com\\\/et\\\/?s={search_term_string}\"},\"query-input\":{\"@type\":\"PropertyValueSpecification\",\"valueRequired\":true,\"valueName\":\"search_term_string\"}}],\"inLanguage\":\"et\"},{\"@type\":\"Organization\",\"@id\":\"https:\\\/\\\/test.magnetarmagnets.com\\\/et\\\/#organization\",\"name\":\"Magnetar\",\"url\":\"https:\\\/\\\/test.magnetarmagnets.com\\\/et\\\/\",\"logo\":{\"@type\":\"ImageObject\",\"inLanguage\":\"et\",\"@id\":\"https:\\\/\\\/test.magnetarmagnets.com\\\/et\\\/#\\\/schema\\\/logo\\\/image\\\/\",\"url\":\"https:\\\/\\\/magnetarmagnets.com\\\/wp-content\\\/uploads\\\/2021\\\/01\\\/magnetarvismagneet_logo.png\",\"contentUrl\":\"https:\\\/\\\/magnetarmagnets.com\\\/wp-content\\\/uploads\\\/2021\\\/01\\\/magnetarvismagneet_logo.png\",\"width\":209,\"height\":100,\"caption\":\"Magnetar\"},\"image\":{\"@id\":\"https:\\\/\\\/test.magnetarmagnets.com\\\/et\\\/#\\\/schema\\\/logo\\\/image\\\/\"},\"sameAs\":[\"https:\\\/\\\/www.facebook.com\\\/fishingmagnets\\\/\",\"https:\\\/\\\/www.instagram.com\\\/magnetar_magnets\\\/\",\"https:\\\/\\\/www.linkedin.com\\\/company\\\/magnetarbv\\\/?originalSubdomain=nl\",\"https:\\\/\\\/www.youtube.com\\\/c\\\/MagnetarVismagneet\"]}]}<\/script>\n<!-- \/ Yoast SEO plugin. -->","yoast_head_json":{"title":"Vulcani soojendusega jope - Magnet fishing with a Magnetar fishing magnet","description":"Vulcani soojendusega jope \u2013 Hoia end soojas koos Magnetariga","robots":{"index":"index","follow":"follow","max-snippet":"max-snippet:-1","max-image-preview":"max-image-preview:large","max-video-preview":"max-video-preview:-1"},"canonical":"https:\/\/test.magnetarmagnets.com\/et\/shop\/vulcan-soojendatav-jakk\/","og_locale":"et_EE","og_type":"article","og_title":"Vulcani soojendusega jope - Magnet fishing with a Magnetar fishing magnet","og_description":"Vulcani soojendusega jope \u2013 Hoia end soojas koos Magnetariga","og_url":"https:\/\/test.magnetarmagnets.com\/et\/shop\/vulcan-soojendatav-jakk\/","og_site_name":"Magnet fishing with a Magnetar fishing magnet","article_publisher":"https:\/\/www.facebook.com\/fishingmagnets\/","article_modified_time":"2026-03-18T18:17:10+00:00","og_image":[{"width":1500,"height":1500,"url":"https:\/\/test.magnetarmagnets.com\/wp-content\/uploads\/2023\/09\/1-3.jpg","type":"image\/jpeg"}],"twitter_card":"summary_large_image","twitter_misc":{"Est. reading time":"2 minutit"},"schema":{"@context":"https:\/\/schema.org","@graph":[{"@type":["WebPage","ItemPage"],"@id":"https:\/\/test.magnetarmagnets.com\/et\/shop\/vulcan-soojendatav-jakk\/","url":"https:\/\/test.magnetarmagnets.com\/et\/shop\/vulcan-soojendatav-jakk\/","name":"Vulcani soojendusega jope - Magnet fishing with a Magnetar fishing magnet","isPartOf":{"@id":"https:\/\/test.magnetarmagnets.com\/et\/#website"},"primaryImageOfPage":{"@id":"https:\/\/test.magnetarmagnets.com\/et\/shop\/vulcan-soojendatav-jakk\/#primaryimage"},"image":{"@id":"https:\/\/test.magnetarmagnets.com\/et\/shop\/vulcan-soojendatav-jakk\/#primaryimage"},"thumbnailUrl":"https:\/\/test.magnetarmagnets.com\/wp-content\/uploads\/2023\/09\/1-3.jpg","datePublished":"2025-06-05T07:53:45+00:00","dateModified":"2026-03-18T18:17:10+00:00","description":"Vulcani soojendusega jope \u2013 Hoia end soojas koos Magnetariga","breadcrumb":{"@id":"https:\/\/test.magnetarmagnets.com\/et\/shop\/vulcan-soojendatav-jakk\/#breadcrumb"},"inLanguage":"et","potentialAction":[{"@type":"ReadAction","target":["https:\/\/test.magnetarmagnets.com\/et\/shop\/vulcan-soojendatav-jakk\/"]}]},{"@type":"ImageObject","inLanguage":"et","@id":"https:\/\/test.magnetarmagnets.com\/et\/shop\/vulcan-soojendatav-jakk\/#primaryimage","url":"https:\/\/test.magnetarmagnets.com\/wp-content\/uploads\/2023\/09\/1-3.jpg","contentUrl":"https:\/\/test.magnetarmagnets.com\/wp-content\/uploads\/2023\/09\/1-3.jpg","width":1500,"height":1500,"caption":"VULCAN Heated Jacket Magnetar Heat Front"},{"@type":"BreadcrumbList","@id":"https:\/\/test.magnetarmagnets.com\/et\/shop\/vulcan-soojendatav-jakk\/#breadcrumb","itemListElement":[{"@type":"ListItem","position":1,"name":"Home","item":"https:\/\/test.magnetarmagnets.com\/et\/"},{"@type":"ListItem","position":2,"name":"pood","item":"https:\/\/test.magnetarmagnets.com\/et\/pood\/"},{"@type":"ListItem","position":3,"name":"Varustus","item":"https:\/\/test.magnetarmagnets.com\/et\/collections\/varustus\/"},{"@type":"ListItem","position":4,"name":"Soojariided","item":"https:\/\/test.magnetarmagnets.com\/et\/collections\/varustus\/soojariided\/"},{"@type":"ListItem","position":5,"name":"Vulcani soojendusega jope"}]},{"@type":"WebSite","@id":"https:\/\/test.magnetarmagnets.com\/et\/#website","url":"https:\/\/test.magnetarmagnets.com\/et\/","name":"Magnet fishing with a Magnetar fishing magnet","description":"Powerful magnets for magnet fishing","publisher":{"@id":"https:\/\/test.magnetarmagnets.com\/et\/#organization"},"potentialAction":[{"@type":"SearchAction","target":{"@type":"EntryPoint","urlTemplate":"https:\/\/test.magnetarmagnets.com\/et\/?s={search_term_string}"},"query-input":{"@type":"PropertyValueSpecification","valueRequired":true,"valueName":"search_term_string"}}],"inLanguage":"et"},{"@type":"Organization","@id":"https:\/\/test.magnetarmagnets.com\/et\/#organization","name":"Magnetar","url":"https:\/\/test.magnetarmagnets.com\/et\/","logo":{"@type":"ImageObject","inLanguage":"et","@id":"https:\/\/test.magnetarmagnets.com\/et\/#\/schema\/logo\/image\/","url":"https:\/\/magnetarmagnets.com\/wp-content\/uploads\/2021\/01\/magnetarvismagneet_logo.png","contentUrl":"https:\/\/magnetarmagnets.com\/wp-content\/uploads\/2021\/01\/magnetarvismagneet_logo.png","width":209,"height":100,"caption":"Magnetar"},"image":{"@id":"https:\/\/test.magnetarmagnets.com\/et\/#\/schema\/logo\/image\/"},"sameAs":["https:\/\/www.facebook.com\/fishingmagnets\/","https:\/\/www.instagram.com\/magnetar_magnets\/","https:\/\/www.linkedin.com\/company\/magnetarbv\/?originalSubdomain=nl","https:\/\/www.youtube.com\/c\/MagnetarVismagneet"]}]}},"_links":{"self":[{"href":"https:\/\/test.magnetarmagnets.com\/et\/wp-json\/wp\/v2\/product\/81620","targetHints":{"allow":["GET"]}}],"collection":[{"href":"https:\/\/test.magnetarmagnets.com\/et\/wp-json\/wp\/v2\/product"}],"about":[{"href":"https:\/\/test.magnetarmagnets.com\/et\/wp-json\/wp\/v2\/types\/product"}],"replies":[{"embeddable":true,"href":"https:\/\/test.magnetarmagnets.com\/et\/wp-json\/wp\/v2\/comments?post=81620"}],"wp:featuredmedia":[{"embeddable":true,"href":"https:\/\/test.magnetarmagnets.com\/et\/wp-json\/wp\/v2\/media\/74659"}],"wp:attachment":[{"href":"https:\/\/test.magnetarmagnets.com\/et\/wp-json\/wp\/v2\/media?parent=81620"}],"wp:term":[{"taxonomy":"product_brand","embeddable":true,"href":"https:\/\/test.magnetarmagnets.com\/et\/wp-json\/wp\/v2\/product_brand?post=81620"},{"taxonomy":"product_cat","embeddable":true,"href":"https:\/\/test.magnetarmagnets.com\/et\/wp-json\/wp\/v2\/product_cat?post=81620"},{"taxonomy":"product_tag","embeddable":true,"href":"https:\/\/test.magnetarmagnets.com\/et\/wp-json\/wp\/v2\/product_tag?post=81620"}],"curies":[{"name":"wp","href":"https:\/\/api.w.org\/{rel}","templated":true}]}}