{"id":81593,"date":"2025-06-05T09:54:14","date_gmt":"2025-06-05T07:54:14","guid":{"rendered":"https:\/\/magnetarmagnets.com\/?post_type=product&#038;p=81593"},"modified":"2025-07-15T14:58:29","modified_gmt":"2025-07-15T12:58:29","slug":"bulldog-800-kahepoolne-neoduummagnet-800-kg","status":"publish","type":"product","link":"https:\/\/test.magnetarmagnets.com\/et\/shop\/bulldog-800-kahepoolne-neoduummagnet-800-kg\/","title":{"rendered":"Bulldog 800 \u2013 kahepoolne neod\u00fc\u00fcmmagnet \u2013 800 kg"},"content":{"rendered":"<p><span style=\"font-weight: 400;\">Magnetar Bulldog 800 on Magnetar Bulldog 500 topeltpoolse magnetp\u00fc\u00fcgimagneti vanem vend. Bulldog 800 omab tunduvalt suuremat diameetrit ja peaaegu kaks korda suuremat t\u00f5mbej\u00f5udu kui Bulldog 500. Tegemist on t\u00f5elise v\u00f5imsusmonsteriga \u2013 kogut\u00f5mbej\u00f5ud 880 kg. T\u00f5mbej\u00f5ud on jaotatud kahe magneti vahel, kummalgi 440 kg, seega magnetp\u00fc\u00fck toimub alati 440 kg t\u00f5mbej\u00f5uga m\u00f5lemal k\u00fcljel. See laiendab magnetv\u00e4lja ja suurendab esemete leidmise t\u00f5en\u00e4osust. Bulldogil on topeltpoolne t\u00f5mbej\u00f5ud ja kaitser\u00f5ngaga korpus, mis hoiab magneti turvalisena. Otsid universaalset magnetit? Vaata meie <a href=\"https:\/\/test.magnetarmagnets.com\/shop\/beast-magnet\/\">Beast<\/a> magnetp\u00fc\u00fcgimagnetit.<\/span><\/p>\n<h2><strong>Bulldog 800<\/strong><\/h2>\n<p><span style=\"font-weight: 400;\">Meie Bulldog magnet meelitab vees olevaid metallesineid t\u00e4nu kogut\u00f5mbej\u00f5ule 880 kg. T\u00f5mbej\u00f5ud on jaotatud kahe magneti vahel, kummalgi 440 kg. Lubatud 440 kg\/970 lb t\u00f5mbej\u00f5ud saavutatakse vaid ideaalses olukorras: 2 cm paksuse, lameda ja roostevaba metallpinnaga ning ilma takistusteta magneti ja metalli vahel. Nendes tingimustes on v\u00f5imalik t\u00f5mmata 440 kg otse \u00fcles.<\/span><\/p>\n<p><span style=\"font-weight: 400;\">Topeltpoolse magnetp\u00fc\u00fcgimagneti ja \u00fchespoole magnetite erinevus seisneb p\u00fc\u00fcgiviisides. Lisatud silmusega konksu saab paigaldada vastavalt soovile. Kui soovid magneti horisontaalselt vee alt l\u00e4bi t\u00f5mmata (mis suurendab leiut\u00f5en\u00e4osust), kinnita silmus magneti k\u00fcljele. T\u00e4nu kahele magnetile p\u00f6\u00f6rdub topeltpoolne magnet alati v\u00f5imaliku aarde suunas.<\/span><\/p>\n<p><span style=\"font-weight: 400;\">Horisontaalse magnetp\u00fc\u00fcgi miinus on v\u00e4hene t\u00f5mbej\u00f5ud esemele. T\u00f5mbej\u00f5ud on parim vertikaalse p\u00fc\u00fcgi ajal. Lisat\u00f5mbej\u00f5u saamiseks paiguta silmusega konks vertikaalselt magneti pinnale, nii on v\u00f5imalik v\u00e4lja t\u00f5mmata ka raskemaid esemeid, nagu meie klassikaliste magnetitega. Erinevad kasutusv\u00f5imalused muudavad selle magneti mitmek\u00fclgseks.<\/span><\/p>\n","protected":false},"excerpt":{"rendered":"<p><span style=\"font-weight: 400;\"><strong>Ekstreemselt tugev<\/strong> ja <strong>kaks korda v\u00f5imsam<\/strong>, t\u00f5mbej\u00f5uga 440 kg.<\/span><\/p>\n","protected":false},"featured_media":74130,"comment_status":"open","ping_status":"closed","template":"","meta":{"_acf_changed":false,"inline_featured_image":false},"product_brand":[],"product_cat":[496,414,493,416,498],"product_tag":[],"class_list":{"0":"post-81593","1":"product","2":"type-product","3":"status-publish","4":"has-post-thumbnail","6":"product_cat-kahepoolse-tombega-otsingumagnetid","7":"product_cat-kogenud-seiklejatele","8":"product_cat-otsingumagnetid","9":"product_cat-professionaalidele","10":"product_cat-tugevaimad-otsingumagneti","12":"first","13":"instock","14":"taxable","15":"shipping-taxable","16":"purchasable","17":"product-type-simple"},"acf":[],"yoast_head":"<!-- This site is optimized with the Yoast SEO plugin v27.6 - https:\/\/yoast.com\/product\/yoast-seo-wordpress\/ -->\n<title>Magnetar Bulldog 800 kg: tugevad topeltmagnetid Magnetarilt!<\/title>\n<meta name=\"description\" content=\"Magnetar Bulldog 800 kg \u2013 topeltmagnetid\" \/>\n<meta name=\"robots\" content=\"index, follow, max-snippet:-1, max-image-preview:large, max-video-preview:-1\" \/>\n<link rel=\"canonical\" href=\"https:\/\/test.magnetarmagnets.com\/et\/shop\/bulldog-800-kahepoolne-neoduummagnet-800-kg\/\" \/>\n<meta property=\"og:locale\" content=\"et_EE\" \/>\n<meta property=\"og:type\" content=\"article\" \/>\n<meta property=\"og:title\" content=\"Magnetar Bulldog 800 kg: tugevad topeltmagnetid Magnetarilt!\" \/>\n<meta property=\"og:description\" content=\"Magnetar Bulldog 800 kg \u2013 topeltmagnetid\" \/>\n<meta property=\"og:url\" content=\"https:\/\/test.magnetarmagnets.com\/et\/shop\/bulldog-800-kahepoolne-neoduummagnet-800-kg\/\" \/>\n<meta property=\"og:site_name\" content=\"Magnet fishing with a Magnetar fishing magnet\" \/>\n<meta property=\"article:publisher\" content=\"https:\/\/www.facebook.com\/fishingmagnets\/\" \/>\n<meta property=\"article:modified_time\" content=\"2025-07-15T12:58:29+00:00\" \/>\n<meta property=\"og:image\" content=\"https:\/\/test.magnetarmagnets.com\/wp-content\/uploads\/2020\/05\/FOTO1496.jpg\" \/>\n\t<meta property=\"og:image:width\" content=\"1000\" \/>\n\t<meta property=\"og:image:height\" content=\"1000\" \/>\n\t<meta property=\"og:image:type\" content=\"image\/jpeg\" \/>\n<meta name=\"twitter:card\" content=\"summary_large_image\" \/>\n<meta name=\"twitter:label1\" content=\"Est. reading time\" \/>\n\t<meta name=\"twitter:data1\" content=\"4 minutit\" \/>\n<script type=\"application\/ld+json\" class=\"yoast-schema-graph\">{\"@context\":\"https:\\\/\\\/schema.org\",\"@graph\":[{\"@type\":[\"WebPage\",\"ItemPage\"],\"@id\":\"https:\\\/\\\/test.magnetarmagnets.com\\\/et\\\/shop\\\/bulldog-800-kahepoolne-neoduummagnet-800-kg\\\/\",\"url\":\"https:\\\/\\\/test.magnetarmagnets.com\\\/et\\\/shop\\\/bulldog-800-kahepoolne-neoduummagnet-800-kg\\\/\",\"name\":\"Magnetar Bulldog 800 kg: tugevad topeltmagnetid Magnetarilt!\",\"isPartOf\":{\"@id\":\"https:\\\/\\\/test.magnetarmagnets.com\\\/et\\\/#website\"},\"primaryImageOfPage\":{\"@id\":\"https:\\\/\\\/test.magnetarmagnets.com\\\/et\\\/shop\\\/bulldog-800-kahepoolne-neoduummagnet-800-kg\\\/#primaryimage\"},\"image\":{\"@id\":\"https:\\\/\\\/test.magnetarmagnets.com\\\/et\\\/shop\\\/bulldog-800-kahepoolne-neoduummagnet-800-kg\\\/#primaryimage\"},\"thumbnailUrl\":\"https:\\\/\\\/test.magnetarmagnets.com\\\/wp-content\\\/uploads\\\/2020\\\/05\\\/FOTO1496.jpg\",\"datePublished\":\"2025-06-05T07:54:14+00:00\",\"dateModified\":\"2025-07-15T12:58:29+00:00\",\"description\":\"Magnetar Bulldog 800 kg \u2013 topeltmagnetid\",\"breadcrumb\":{\"@id\":\"https:\\\/\\\/test.magnetarmagnets.com\\\/et\\\/shop\\\/bulldog-800-kahepoolne-neoduummagnet-800-kg\\\/#breadcrumb\"},\"inLanguage\":\"et\",\"potentialAction\":[{\"@type\":\"ReadAction\",\"target\":[\"https:\\\/\\\/test.magnetarmagnets.com\\\/et\\\/shop\\\/bulldog-800-kahepoolne-neoduummagnet-800-kg\\\/\"]}]},{\"@type\":\"ImageObject\",\"inLanguage\":\"et\",\"@id\":\"https:\\\/\\\/test.magnetarmagnets.com\\\/et\\\/shop\\\/bulldog-800-kahepoolne-neoduummagnet-800-kg\\\/#primaryimage\",\"url\":\"https:\\\/\\\/test.magnetarmagnets.com\\\/wp-content\\\/uploads\\\/2020\\\/05\\\/FOTO1496.jpg\",\"contentUrl\":\"https:\\\/\\\/test.magnetarmagnets.com\\\/wp-content\\\/uploads\\\/2020\\\/05\\\/FOTO1496.jpg\",\"width\":1000,\"height\":1000,\"caption\":\"BULLDOG 800 fishing magnet\"},{\"@type\":\"BreadcrumbList\",\"@id\":\"https:\\\/\\\/test.magnetarmagnets.com\\\/et\\\/shop\\\/bulldog-800-kahepoolne-neoduummagnet-800-kg\\\/#breadcrumb\",\"itemListElement\":[{\"@type\":\"ListItem\",\"position\":1,\"name\":\"Home\",\"item\":\"https:\\\/\\\/test.magnetarmagnets.com\\\/et\\\/\"},{\"@type\":\"ListItem\",\"position\":2,\"name\":\"pood\",\"item\":\"https:\\\/\\\/test.magnetarmagnets.com\\\/et\\\/pood\\\/\"},{\"@type\":\"ListItem\",\"position\":3,\"name\":\"Otsingumagnetid\",\"item\":\"https:\\\/\\\/test.magnetarmagnets.com\\\/et\\\/collections\\\/otsingumagnetid\\\/\"},{\"@type\":\"ListItem\",\"position\":4,\"name\":\"Kahepoolse t\u00f5mbega otsingumagnetid\",\"item\":\"https:\\\/\\\/test.magnetarmagnets.com\\\/et\\\/collections\\\/otsingumagnetid\\\/kahepoolse-tombega-otsingumagnetid\\\/\"},{\"@type\":\"ListItem\",\"position\":5,\"name\":\"Bulldog 800 \u2013 kahepoolne neod\u00fc\u00fcmmagnet \u2013 800 kg\"}]},{\"@type\":\"WebSite\",\"@id\":\"https:\\\/\\\/test.magnetarmagnets.com\\\/et\\\/#website\",\"url\":\"https:\\\/\\\/test.magnetarmagnets.com\\\/et\\\/\",\"name\":\"Magnet fishing with a Magnetar fishing magnet\",\"description\":\"Powerful magnets for magnet fishing\",\"publisher\":{\"@id\":\"https:\\\/\\\/test.magnetarmagnets.com\\\/et\\\/#organization\"},\"potentialAction\":[{\"@type\":\"SearchAction\",\"target\":{\"@type\":\"EntryPoint\",\"urlTemplate\":\"https:\\\/\\\/test.magnetarmagnets.com\\\/et\\\/?s={search_term_string}\"},\"query-input\":{\"@type\":\"PropertyValueSpecification\",\"valueRequired\":true,\"valueName\":\"search_term_string\"}}],\"inLanguage\":\"et\"},{\"@type\":\"Organization\",\"@id\":\"https:\\\/\\\/test.magnetarmagnets.com\\\/et\\\/#organization\",\"name\":\"Magnetar\",\"url\":\"https:\\\/\\\/test.magnetarmagnets.com\\\/et\\\/\",\"logo\":{\"@type\":\"ImageObject\",\"inLanguage\":\"et\",\"@id\":\"https:\\\/\\\/test.magnetarmagnets.com\\\/et\\\/#\\\/schema\\\/logo\\\/image\\\/\",\"url\":\"https:\\\/\\\/magnetarmagnets.com\\\/wp-content\\\/uploads\\\/2021\\\/01\\\/magnetarvismagneet_logo.png\",\"contentUrl\":\"https:\\\/\\\/magnetarmagnets.com\\\/wp-content\\\/uploads\\\/2021\\\/01\\\/magnetarvismagneet_logo.png\",\"width\":209,\"height\":100,\"caption\":\"Magnetar\"},\"image\":{\"@id\":\"https:\\\/\\\/test.magnetarmagnets.com\\\/et\\\/#\\\/schema\\\/logo\\\/image\\\/\"},\"sameAs\":[\"https:\\\/\\\/www.facebook.com\\\/fishingmagnets\\\/\",\"https:\\\/\\\/www.instagram.com\\\/magnetar_magnets\\\/\",\"https:\\\/\\\/www.linkedin.com\\\/company\\\/magnetarbv\\\/?originalSubdomain=nl\",\"https:\\\/\\\/www.youtube.com\\\/c\\\/MagnetarVismagneet\"]}]}<\/script>\n<!-- \/ Yoast SEO plugin. -->","yoast_head_json":{"title":"Magnetar Bulldog 800 kg: tugevad topeltmagnetid Magnetarilt!","description":"Magnetar Bulldog 800 kg \u2013 topeltmagnetid","robots":{"index":"index","follow":"follow","max-snippet":"max-snippet:-1","max-image-preview":"max-image-preview:large","max-video-preview":"max-video-preview:-1"},"canonical":"https:\/\/test.magnetarmagnets.com\/et\/shop\/bulldog-800-kahepoolne-neoduummagnet-800-kg\/","og_locale":"et_EE","og_type":"article","og_title":"Magnetar Bulldog 800 kg: tugevad topeltmagnetid Magnetarilt!","og_description":"Magnetar Bulldog 800 kg \u2013 topeltmagnetid","og_url":"https:\/\/test.magnetarmagnets.com\/et\/shop\/bulldog-800-kahepoolne-neoduummagnet-800-kg\/","og_site_name":"Magnet fishing with a Magnetar fishing magnet","article_publisher":"https:\/\/www.facebook.com\/fishingmagnets\/","article_modified_time":"2025-07-15T12:58:29+00:00","og_image":[{"width":1000,"height":1000,"url":"https:\/\/test.magnetarmagnets.com\/wp-content\/uploads\/2020\/05\/FOTO1496.jpg","type":"image\/jpeg"}],"twitter_card":"summary_large_image","twitter_misc":{"Est. reading time":"4 minutit"},"schema":{"@context":"https:\/\/schema.org","@graph":[{"@type":["WebPage","ItemPage"],"@id":"https:\/\/test.magnetarmagnets.com\/et\/shop\/bulldog-800-kahepoolne-neoduummagnet-800-kg\/","url":"https:\/\/test.magnetarmagnets.com\/et\/shop\/bulldog-800-kahepoolne-neoduummagnet-800-kg\/","name":"Magnetar Bulldog 800 kg: tugevad topeltmagnetid Magnetarilt!","isPartOf":{"@id":"https:\/\/test.magnetarmagnets.com\/et\/#website"},"primaryImageOfPage":{"@id":"https:\/\/test.magnetarmagnets.com\/et\/shop\/bulldog-800-kahepoolne-neoduummagnet-800-kg\/#primaryimage"},"image":{"@id":"https:\/\/test.magnetarmagnets.com\/et\/shop\/bulldog-800-kahepoolne-neoduummagnet-800-kg\/#primaryimage"},"thumbnailUrl":"https:\/\/test.magnetarmagnets.com\/wp-content\/uploads\/2020\/05\/FOTO1496.jpg","datePublished":"2025-06-05T07:54:14+00:00","dateModified":"2025-07-15T12:58:29+00:00","description":"Magnetar Bulldog 800 kg \u2013 topeltmagnetid","breadcrumb":{"@id":"https:\/\/test.magnetarmagnets.com\/et\/shop\/bulldog-800-kahepoolne-neoduummagnet-800-kg\/#breadcrumb"},"inLanguage":"et","potentialAction":[{"@type":"ReadAction","target":["https:\/\/test.magnetarmagnets.com\/et\/shop\/bulldog-800-kahepoolne-neoduummagnet-800-kg\/"]}]},{"@type":"ImageObject","inLanguage":"et","@id":"https:\/\/test.magnetarmagnets.com\/et\/shop\/bulldog-800-kahepoolne-neoduummagnet-800-kg\/#primaryimage","url":"https:\/\/test.magnetarmagnets.com\/wp-content\/uploads\/2020\/05\/FOTO1496.jpg","contentUrl":"https:\/\/test.magnetarmagnets.com\/wp-content\/uploads\/2020\/05\/FOTO1496.jpg","width":1000,"height":1000,"caption":"BULLDOG 800 fishing magnet"},{"@type":"BreadcrumbList","@id":"https:\/\/test.magnetarmagnets.com\/et\/shop\/bulldog-800-kahepoolne-neoduummagnet-800-kg\/#breadcrumb","itemListElement":[{"@type":"ListItem","position":1,"name":"Home","item":"https:\/\/test.magnetarmagnets.com\/et\/"},{"@type":"ListItem","position":2,"name":"pood","item":"https:\/\/test.magnetarmagnets.com\/et\/pood\/"},{"@type":"ListItem","position":3,"name":"Otsingumagnetid","item":"https:\/\/test.magnetarmagnets.com\/et\/collections\/otsingumagnetid\/"},{"@type":"ListItem","position":4,"name":"Kahepoolse t\u00f5mbega otsingumagnetid","item":"https:\/\/test.magnetarmagnets.com\/et\/collections\/otsingumagnetid\/kahepoolse-tombega-otsingumagnetid\/"},{"@type":"ListItem","position":5,"name":"Bulldog 800 \u2013 kahepoolne neod\u00fc\u00fcmmagnet \u2013 800 kg"}]},{"@type":"WebSite","@id":"https:\/\/test.magnetarmagnets.com\/et\/#website","url":"https:\/\/test.magnetarmagnets.com\/et\/","name":"Magnet fishing with a Magnetar fishing magnet","description":"Powerful magnets for magnet fishing","publisher":{"@id":"https:\/\/test.magnetarmagnets.com\/et\/#organization"},"potentialAction":[{"@type":"SearchAction","target":{"@type":"EntryPoint","urlTemplate":"https:\/\/test.magnetarmagnets.com\/et\/?s={search_term_string}"},"query-input":{"@type":"PropertyValueSpecification","valueRequired":true,"valueName":"search_term_string"}}],"inLanguage":"et"},{"@type":"Organization","@id":"https:\/\/test.magnetarmagnets.com\/et\/#organization","name":"Magnetar","url":"https:\/\/test.magnetarmagnets.com\/et\/","logo":{"@type":"ImageObject","inLanguage":"et","@id":"https:\/\/test.magnetarmagnets.com\/et\/#\/schema\/logo\/image\/","url":"https:\/\/magnetarmagnets.com\/wp-content\/uploads\/2021\/01\/magnetarvismagneet_logo.png","contentUrl":"https:\/\/magnetarmagnets.com\/wp-content\/uploads\/2021\/01\/magnetarvismagneet_logo.png","width":209,"height":100,"caption":"Magnetar"},"image":{"@id":"https:\/\/test.magnetarmagnets.com\/et\/#\/schema\/logo\/image\/"},"sameAs":["https:\/\/www.facebook.com\/fishingmagnets\/","https:\/\/www.instagram.com\/magnetar_magnets\/","https:\/\/www.linkedin.com\/company\/magnetarbv\/?originalSubdomain=nl","https:\/\/www.youtube.com\/c\/MagnetarVismagneet"]}]}},"_links":{"self":[{"href":"https:\/\/test.magnetarmagnets.com\/et\/wp-json\/wp\/v2\/product\/81593","targetHints":{"allow":["GET"]}}],"collection":[{"href":"https:\/\/test.magnetarmagnets.com\/et\/wp-json\/wp\/v2\/product"}],"about":[{"href":"https:\/\/test.magnetarmagnets.com\/et\/wp-json\/wp\/v2\/types\/product"}],"replies":[{"embeddable":true,"href":"https:\/\/test.magnetarmagnets.com\/et\/wp-json\/wp\/v2\/comments?post=81593"}],"wp:featuredmedia":[{"embeddable":true,"href":"https:\/\/test.magnetarmagnets.com\/et\/wp-json\/wp\/v2\/media\/74130"}],"wp:attachment":[{"href":"https:\/\/test.magnetarmagnets.com\/et\/wp-json\/wp\/v2\/media?parent=81593"}],"wp:term":[{"taxonomy":"product_brand","embeddable":true,"href":"https:\/\/test.magnetarmagnets.com\/et\/wp-json\/wp\/v2\/product_brand?post=81593"},{"taxonomy":"product_cat","embeddable":true,"href":"https:\/\/test.magnetarmagnets.com\/et\/wp-json\/wp\/v2\/product_cat?post=81593"},{"taxonomy":"product_tag","embeddable":true,"href":"https:\/\/test.magnetarmagnets.com\/et\/wp-json\/wp\/v2\/product_tag?post=81593"}],"curies":[{"name":"wp","href":"https:\/\/api.w.org\/{rel}","templated":true}]}}