{"id":81592,"date":"2025-06-05T09:54:14","date_gmt":"2025-06-05T07:54:14","guid":{"rendered":"https:\/\/magnetarmagnets.com\/?post_type=product&#038;p=81592"},"modified":"2025-07-15T14:58:40","modified_gmt":"2025-07-15T12:58:40","slug":"kahepoolsed-neoduummagnetid-500-kg-bulldog-kalapuugimagnetikomplekt","status":"publish","type":"product","link":"https:\/\/test.magnetarmagnets.com\/et\/shop\/kahepoolsed-neoduummagnetid-500-kg-bulldog-kalapuugimagnetikomplekt\/","title":{"rendered":"Bulldog 500 kahek\u00fclgne otsingumagneti komplekt \u2013 500 kg"},"content":{"rendered":"<p>Kas soovid alustada magnetp\u00fc\u00fcgiga? Bulldog 500 otsingumagneti komplekt annab sulle just selle v\u00f5imaluse. See k\u00f5ik-\u00fches pakett sisaldab k\u00f5iki vajalikke tarvikuid, et v\u00e4ltida ebameeldivaid \u00fcllatusi kaldal. Meie kahek\u00fclgne Bulldog 500 neod\u00fc\u00fcmmagnet, kindad, magnetp\u00fc\u00fcgik\u00f6is ja metalliliim on k\u00f5ik selles p\u00f5hjalikus komplektis. Otsid 360\u00b0 ringmagnetit? Vaata meie <a href=\"https:\/\/test.magnetarmagnets.com\/shop\/fishmagnet-package-pro\/\"><strong>Pro <\/strong><\/a><a href=\"https:\/\/test.magnetarmagnets.com\/shop\/fishmagnet-package-pro\/\"><strong>P<\/strong><\/a><a href=\"https:\/\/test.magnetarmagnets.com\/shop\/fishmagnet-package-pro\/\"><strong>ackage<\/strong><\/a>.<\/p>\n<h2>Bulldog 500 kahek\u00fclgne magnetp\u00fc\u00fcgimagnet<\/h2>\n<p>K\u00f5igil meie Bulldog magnetp\u00fc\u00fcgimagnetitel on kaks magnetilist k\u00fclge. Bulldog 500 kogut\u00f5mbej\u00f5ud on 1100 lb \/ 500 kg, mis teeb efektseks 550 lb \/ 250 kg kummalgi k\u00fcljel. See magnet on piisavalt tugev, et t\u00f5mmata veest v\u00e4lja k\u00f5ige erakordsemaid esemeid. \u00dcksikpoolsete magnetite k\u00f5rval suurendab kahe magnetilise k\u00fclje olemasolu oluliselt t\u00f5en\u00e4osust leida aardeid.<\/p>\n<p>Kahek\u00fclgne magnetit saab kasutada mitmel viisil. Kui eelistad magneti horisontaalselt l\u00e4bi vee t\u00f5mmata \u2014mis suurendab t\u00f5en\u00e4osust, et magnet j\u00e4\u00e4b aaretele k\u00fclge\u2014 saab silmusega konksu paigaldada magneti k\u00fcljele. Magneti kaks k\u00fclge tagavad, et magnetiline j\u00f5ud suunatakse alati p\u00f5hjas peituvale aarele. Miinuseks on see, et horisontaalne liikumine avaldab esemetele v\u00e4hem t\u00f5mbej\u00f5udu. Vertikaalne magnetp\u00fc\u00fck seevastu tagab alati optimaalse magnetj\u00f5u.<\/p>\n<p>Kui tunned, et oled millelegi ligi ja soovid kasutada rohkem j\u00f5udu, saab silmusega konksu kinnitada vertikaalselt. See v\u00f5imaldab tugevamat vertikaalset t\u00f5mbej\u00f5udu raskemate esemete \u00fclespoole t\u00f5mbamiseks, peaaegu samamoodi nagu meie <a href=\"https:\/\/test.magnetarmagnets.com\/collections\/fishing-magnets\/single-sided-classic\/\"><strong>classic magnets<\/strong><\/a>. Kahek\u00fclgsete magnetite mitmek\u00fclgne kasutus, kui need on kinnitatud silmusega konksu k\u00fclge, muudab need meie k\u00f5ige multifunktsionaalsemateks magnetiteks.<\/p>\n<p>Kas otsid kahek\u00fclgset magnetit, kuid tunned muret selle tugevuse p\u00e4rast? Tutvu meie <a href=\"https:\/\/test.magnetarmagnets.com\/shop\/bulldog-800-double-sided\/\"><strong>Bulldog 800<\/strong><\/a> mudeliga. See on raskem ja tugevam mudel, mille kogut\u00f5mbej\u00f5ud on muljetavaldav 1760 lb \/ 800 kg. Eelistad 360\u00b0 ringmagnetit? Vaata <a href=\"https:\/\/test.magnetarmagnets.com\/shop\/exclusive-terror-magnet\/\"><strong>Terror<\/strong><\/a>. \u00c4ra unusta sirvida ka <a href=\"https:\/\/test.magnetarmagnets.com\/collections\/fishing-magnets\/magnet-fishing-kit\/\" target=\"_blank\" rel=\"noopener\">parimaid magnetp\u00fc\u00fcgikomplekte<\/a> v\u00f5i meie <a href=\"https:\/\/test.magnetarmagnets.com\/accessories\/\" target=\"_blank\" rel=\"noopener\">magnetp\u00fc\u00fcgitarvikuid<\/a>.<\/p>\n<h2>K\u00f5rge kvaliteet<\/h2>\n<p>K\u00f5ik Magnetari magnetp\u00fc\u00fcgimagnetid on valmistatud neod\u00fc\u00fcmist. See materjal tagab pikaajalise magnetj\u00f5u. \u00d5ige kasutuse ja ladustamise korral kaotavad need magnetid 100 aasta jooksul vaid \u00fche protsendi oma j\u00f5ust. Seet\u00f5ttu oleme kindlad, et pakume turu k\u00f5ige kvaliteetsemaid <a href=\"https:\/\/test.magnetarmagnets.com\/collections\/fishing-magnets\/\"><strong>magnetp\u00fc\u00fcgimagneteid<\/strong><\/a>.<\/p>\n<p>Viimastel aastatel on turg \u00fcle ujutatud madala kvaliteediga toodetega. Paljud teiste m\u00fc\u00fcjate magnetp\u00fc\u00fcgimagnette kaotavad sageli oma j\u00f5u juba n\u00e4dalatega. Tavaliselt n\u00e4eme suuremaid magneteid, kuid madalama kvaliteediga neod\u00fc\u00fcmist, mida turustatakse eksitavate reklaamidega. Need tooted v\u00f5ivad tunduda odavad, kuid pikas perspektiivis j\u00e4tavad nad kasutajad pettunuks.<\/p>\n<p>Magnetar on v\u00e4ike perettev\u00f5te t\u00f5eliste magnetp\u00fc\u00fcgif\u00e4nnide juhitav. Meie jaoks on kvaliteet esmat\u00e4htis ja see peegeldub meie toodetes. K\u00f5ik meie magnetp\u00fc\u00fcgimagnetid on disainitud ettev\u00f5ttesiseselt, et tagada tipptasemel tooted. Kas otsid usaldusv\u00e4\u00e4rset, t\u00f5husat ja kvaliteetset magnetp\u00fc\u00fcgimagnetit? Vali Magnetar!<\/p>\n<h2>Hoiatus:<\/h2>\n<p>Meie neod\u00fc\u00fcmmagnetid on v\u00e4ga v\u00f5imsad. Need v\u00f5ivad t\u00f5mmata teisi esemeid magneti poole suurel kiirusel. See v\u00f5ib tekitada ohtlikke olukordi, kuna s\u00f5rmed v\u00f5ivad j\u00e4\u00e4da kinni magneti ja objekti vahele. Soovitame magnetitega tegutseda alati ettevaatlikult ning r\u00f5hutame, et teed seda omal vastutusel. Loe enne kasutamist meie ohutusjuhiseid.<\/p>\n","protected":false},"excerpt":{"rendered":"<p>Kas soovid alustada magnetp\u00fc\u00fcgiga? Bulldog 500 otsingumagneti komplekt annab sulle just selle v\u00f5imaluse. See k\u00f5ik-\u00fches pakett sisaldab k\u00f5iki vajalikke tarvikuid, et v\u00e4ltida ebameeldivaid \u00fcllatusi kaldal. Meie kahek\u00fclgne Bulldog 500 neod\u00fc\u00fcmmagnet, kindad, magnetp\u00fc\u00fcgik\u00f6is ja metalliliim on k\u00f5ik selles p\u00f5hjalikus komplektis. Otsid 360\u00b0 ringmagnetit? Vaata meie Pro Package. Bulldog 500 kahek\u00fclgne magnetp\u00fc\u00fcgimagnet K\u00f5igil meie Bulldog magnetp\u00fc\u00fcgimagnetitel on [&hellip;]<\/p>\n","protected":false},"featured_media":72547,"comment_status":"open","ping_status":"closed","template":"","meta":{"_acf_changed":false,"inline_featured_image":false},"product_brand":[],"product_cat":[415,496,414,1001,497,493],"product_tag":[],"class_list":{"0":"post-81592","1":"product","2":"type-product","3":"status-publish","4":"has-post-thumbnail","6":"product_cat-algajatele-ja-lastele","7":"product_cat-kahepoolse-tombega-otsingumagnetid","8":"product_cat-kogenud-seiklejatele","9":"product_cat-koik-tooted","10":"product_cat-otsingumagneti-komplekt","11":"product_cat-otsingumagnetid","13":"first","14":"instock","15":"sale","16":"taxable","17":"shipping-taxable","18":"purchasable","19":"product-type-simple"},"acf":[],"yoast_head":"<!-- This site is optimized with the Yoast SEO plugin v27.6 - https:\/\/yoast.com\/product\/yoast-seo-wordpress\/ -->\n<title>Bulldog 500 kahek\u00fclgne otsingumagneti komplekt \u2013 500 kg - Magnet fishing with a Magnetar fishing magnet<\/title>\n<meta name=\"description\" content=\"Kahek\u00fclgne magnet \u2013 500 kg \u2013 Bulldog \u2013 Magnetar\" \/>\n<meta name=\"robots\" content=\"index, follow, max-snippet:-1, max-image-preview:large, max-video-preview:-1\" \/>\n<link rel=\"canonical\" href=\"https:\/\/test.magnetarmagnets.com\/et\/shop\/kahepoolsed-neoduummagnetid-500-kg-bulldog-kalapuugimagnetikomplekt\/\" \/>\n<meta property=\"og:locale\" content=\"et_EE\" \/>\n<meta property=\"og:type\" content=\"article\" \/>\n<meta property=\"og:title\" content=\"Bulldog 500 kahek\u00fclgne otsingumagneti komplekt \u2013 500 kg - Magnet fishing with a Magnetar fishing magnet\" \/>\n<meta property=\"og:description\" content=\"Kahek\u00fclgne magnet \u2013 500 kg \u2013 Bulldog \u2013 Magnetar\" \/>\n<meta property=\"og:url\" content=\"https:\/\/test.magnetarmagnets.com\/et\/shop\/kahepoolsed-neoduummagnetid-500-kg-bulldog-kalapuugimagnetikomplekt\/\" \/>\n<meta property=\"og:site_name\" content=\"Magnet fishing with a Magnetar fishing magnet\" \/>\n<meta property=\"article:publisher\" content=\"https:\/\/www.facebook.com\/fishingmagnets\/\" \/>\n<meta property=\"article:modified_time\" content=\"2025-07-15T12:58:40+00:00\" \/>\n<meta property=\"og:image\" content=\"https:\/\/test.magnetarmagnets.com\/wp-content\/uploads\/2021\/10\/MAGNETAR-BULLDOG-500-KIT-GOOGLE.jpg\" \/>\n\t<meta property=\"og:image:width\" content=\"1500\" \/>\n\t<meta property=\"og:image:height\" content=\"1500\" \/>\n\t<meta property=\"og:image:type\" content=\"image\/jpeg\" \/>\n<meta name=\"twitter:card\" content=\"summary_large_image\" \/>\n<meta name=\"twitter:label1\" content=\"Est. reading time\" \/>\n\t<meta name=\"twitter:data1\" content=\"3 minutit\" \/>\n<script type=\"application\/ld+json\" class=\"yoast-schema-graph\">{\"@context\":\"https:\\\/\\\/schema.org\",\"@graph\":[{\"@type\":[\"WebPage\",\"ItemPage\"],\"@id\":\"https:\\\/\\\/test.magnetarmagnets.com\\\/et\\\/shop\\\/kahepoolsed-neoduummagnetid-500-kg-bulldog-kalapuugimagnetikomplekt\\\/\",\"url\":\"https:\\\/\\\/test.magnetarmagnets.com\\\/et\\\/shop\\\/kahepoolsed-neoduummagnetid-500-kg-bulldog-kalapuugimagnetikomplekt\\\/\",\"name\":\"Bulldog 500 kahek\u00fclgne otsingumagneti komplekt \u2013 500 kg - Magnet fishing with a Magnetar fishing magnet\",\"isPartOf\":{\"@id\":\"https:\\\/\\\/test.magnetarmagnets.com\\\/et\\\/#website\"},\"primaryImageOfPage\":{\"@id\":\"https:\\\/\\\/test.magnetarmagnets.com\\\/et\\\/shop\\\/kahepoolsed-neoduummagnetid-500-kg-bulldog-kalapuugimagnetikomplekt\\\/#primaryimage\"},\"image\":{\"@id\":\"https:\\\/\\\/test.magnetarmagnets.com\\\/et\\\/shop\\\/kahepoolsed-neoduummagnetid-500-kg-bulldog-kalapuugimagnetikomplekt\\\/#primaryimage\"},\"thumbnailUrl\":\"https:\\\/\\\/test.magnetarmagnets.com\\\/wp-content\\\/uploads\\\/2021\\\/10\\\/MAGNETAR-BULLDOG-500-KIT-GOOGLE.jpg\",\"datePublished\":\"2025-06-05T07:54:14+00:00\",\"dateModified\":\"2025-07-15T12:58:40+00:00\",\"description\":\"Kahek\u00fclgne magnet \u2013 500 kg \u2013 Bulldog \u2013 Magnetar\",\"breadcrumb\":{\"@id\":\"https:\\\/\\\/test.magnetarmagnets.com\\\/et\\\/shop\\\/kahepoolsed-neoduummagnetid-500-kg-bulldog-kalapuugimagnetikomplekt\\\/#breadcrumb\"},\"inLanguage\":\"et\",\"potentialAction\":[{\"@type\":\"ReadAction\",\"target\":[\"https:\\\/\\\/test.magnetarmagnets.com\\\/et\\\/shop\\\/kahepoolsed-neoduummagnetid-500-kg-bulldog-kalapuugimagnetikomplekt\\\/\"]}]},{\"@type\":\"ImageObject\",\"inLanguage\":\"et\",\"@id\":\"https:\\\/\\\/test.magnetarmagnets.com\\\/et\\\/shop\\\/kahepoolsed-neoduummagnetid-500-kg-bulldog-kalapuugimagnetikomplekt\\\/#primaryimage\",\"url\":\"https:\\\/\\\/test.magnetarmagnets.com\\\/wp-content\\\/uploads\\\/2021\\\/10\\\/MAGNETAR-BULLDOG-500-KIT-GOOGLE.jpg\",\"contentUrl\":\"https:\\\/\\\/test.magnetarmagnets.com\\\/wp-content\\\/uploads\\\/2021\\\/10\\\/MAGNETAR-BULLDOG-500-KIT-GOOGLE.jpg\",\"width\":1500,\"height\":1500,\"caption\":\"MAGNETAR-BULLDOG-500-KIT\"},{\"@type\":\"BreadcrumbList\",\"@id\":\"https:\\\/\\\/test.magnetarmagnets.com\\\/et\\\/shop\\\/kahepoolsed-neoduummagnetid-500-kg-bulldog-kalapuugimagnetikomplekt\\\/#breadcrumb\",\"itemListElement\":[{\"@type\":\"ListItem\",\"position\":1,\"name\":\"Home\",\"item\":\"https:\\\/\\\/test.magnetarmagnets.com\\\/et\\\/\"},{\"@type\":\"ListItem\",\"position\":2,\"name\":\"pood\",\"item\":\"https:\\\/\\\/test.magnetarmagnets.com\\\/et\\\/pood\\\/\"},{\"@type\":\"ListItem\",\"position\":3,\"name\":\"Otsingumagnetid\",\"item\":\"https:\\\/\\\/test.magnetarmagnets.com\\\/et\\\/collections\\\/otsingumagnetid\\\/\"},{\"@type\":\"ListItem\",\"position\":4,\"name\":\"Otsingumagneti komplekt\",\"item\":\"https:\\\/\\\/test.magnetarmagnets.com\\\/et\\\/collections\\\/otsingumagnetid\\\/otsingumagneti-komplekt\\\/\"},{\"@type\":\"ListItem\",\"position\":5,\"name\":\"Bulldog 500 kahek\u00fclgne otsingumagneti komplekt \u2013 500 kg\"}]},{\"@type\":\"WebSite\",\"@id\":\"https:\\\/\\\/test.magnetarmagnets.com\\\/et\\\/#website\",\"url\":\"https:\\\/\\\/test.magnetarmagnets.com\\\/et\\\/\",\"name\":\"Magnet fishing with a Magnetar fishing magnet\",\"description\":\"Powerful magnets for magnet fishing\",\"publisher\":{\"@id\":\"https:\\\/\\\/test.magnetarmagnets.com\\\/et\\\/#organization\"},\"potentialAction\":[{\"@type\":\"SearchAction\",\"target\":{\"@type\":\"EntryPoint\",\"urlTemplate\":\"https:\\\/\\\/test.magnetarmagnets.com\\\/et\\\/?s={search_term_string}\"},\"query-input\":{\"@type\":\"PropertyValueSpecification\",\"valueRequired\":true,\"valueName\":\"search_term_string\"}}],\"inLanguage\":\"et\"},{\"@type\":\"Organization\",\"@id\":\"https:\\\/\\\/test.magnetarmagnets.com\\\/et\\\/#organization\",\"name\":\"Magnetar\",\"url\":\"https:\\\/\\\/test.magnetarmagnets.com\\\/et\\\/\",\"logo\":{\"@type\":\"ImageObject\",\"inLanguage\":\"et\",\"@id\":\"https:\\\/\\\/test.magnetarmagnets.com\\\/et\\\/#\\\/schema\\\/logo\\\/image\\\/\",\"url\":\"https:\\\/\\\/magnetarmagnets.com\\\/wp-content\\\/uploads\\\/2021\\\/01\\\/magnetarvismagneet_logo.png\",\"contentUrl\":\"https:\\\/\\\/magnetarmagnets.com\\\/wp-content\\\/uploads\\\/2021\\\/01\\\/magnetarvismagneet_logo.png\",\"width\":209,\"height\":100,\"caption\":\"Magnetar\"},\"image\":{\"@id\":\"https:\\\/\\\/test.magnetarmagnets.com\\\/et\\\/#\\\/schema\\\/logo\\\/image\\\/\"},\"sameAs\":[\"https:\\\/\\\/www.facebook.com\\\/fishingmagnets\\\/\",\"https:\\\/\\\/www.instagram.com\\\/magnetar_magnets\\\/\",\"https:\\\/\\\/www.linkedin.com\\\/company\\\/magnetarbv\\\/?originalSubdomain=nl\",\"https:\\\/\\\/www.youtube.com\\\/c\\\/MagnetarVismagneet\"]}]}<\/script>\n<!-- \/ Yoast SEO plugin. -->","yoast_head_json":{"title":"Bulldog 500 kahek\u00fclgne otsingumagneti komplekt \u2013 500 kg - Magnet fishing with a Magnetar fishing magnet","description":"Kahek\u00fclgne magnet \u2013 500 kg \u2013 Bulldog \u2013 Magnetar","robots":{"index":"index","follow":"follow","max-snippet":"max-snippet:-1","max-image-preview":"max-image-preview:large","max-video-preview":"max-video-preview:-1"},"canonical":"https:\/\/test.magnetarmagnets.com\/et\/shop\/kahepoolsed-neoduummagnetid-500-kg-bulldog-kalapuugimagnetikomplekt\/","og_locale":"et_EE","og_type":"article","og_title":"Bulldog 500 kahek\u00fclgne otsingumagneti komplekt \u2013 500 kg - Magnet fishing with a Magnetar fishing magnet","og_description":"Kahek\u00fclgne magnet \u2013 500 kg \u2013 Bulldog \u2013 Magnetar","og_url":"https:\/\/test.magnetarmagnets.com\/et\/shop\/kahepoolsed-neoduummagnetid-500-kg-bulldog-kalapuugimagnetikomplekt\/","og_site_name":"Magnet fishing with a Magnetar fishing magnet","article_publisher":"https:\/\/www.facebook.com\/fishingmagnets\/","article_modified_time":"2025-07-15T12:58:40+00:00","og_image":[{"width":1500,"height":1500,"url":"https:\/\/test.magnetarmagnets.com\/wp-content\/uploads\/2021\/10\/MAGNETAR-BULLDOG-500-KIT-GOOGLE.jpg","type":"image\/jpeg"}],"twitter_card":"summary_large_image","twitter_misc":{"Est. reading time":"3 minutit"},"schema":{"@context":"https:\/\/schema.org","@graph":[{"@type":["WebPage","ItemPage"],"@id":"https:\/\/test.magnetarmagnets.com\/et\/shop\/kahepoolsed-neoduummagnetid-500-kg-bulldog-kalapuugimagnetikomplekt\/","url":"https:\/\/test.magnetarmagnets.com\/et\/shop\/kahepoolsed-neoduummagnetid-500-kg-bulldog-kalapuugimagnetikomplekt\/","name":"Bulldog 500 kahek\u00fclgne otsingumagneti komplekt \u2013 500 kg - Magnet fishing with a Magnetar fishing magnet","isPartOf":{"@id":"https:\/\/test.magnetarmagnets.com\/et\/#website"},"primaryImageOfPage":{"@id":"https:\/\/test.magnetarmagnets.com\/et\/shop\/kahepoolsed-neoduummagnetid-500-kg-bulldog-kalapuugimagnetikomplekt\/#primaryimage"},"image":{"@id":"https:\/\/test.magnetarmagnets.com\/et\/shop\/kahepoolsed-neoduummagnetid-500-kg-bulldog-kalapuugimagnetikomplekt\/#primaryimage"},"thumbnailUrl":"https:\/\/test.magnetarmagnets.com\/wp-content\/uploads\/2021\/10\/MAGNETAR-BULLDOG-500-KIT-GOOGLE.jpg","datePublished":"2025-06-05T07:54:14+00:00","dateModified":"2025-07-15T12:58:40+00:00","description":"Kahek\u00fclgne magnet \u2013 500 kg \u2013 Bulldog \u2013 Magnetar","breadcrumb":{"@id":"https:\/\/test.magnetarmagnets.com\/et\/shop\/kahepoolsed-neoduummagnetid-500-kg-bulldog-kalapuugimagnetikomplekt\/#breadcrumb"},"inLanguage":"et","potentialAction":[{"@type":"ReadAction","target":["https:\/\/test.magnetarmagnets.com\/et\/shop\/kahepoolsed-neoduummagnetid-500-kg-bulldog-kalapuugimagnetikomplekt\/"]}]},{"@type":"ImageObject","inLanguage":"et","@id":"https:\/\/test.magnetarmagnets.com\/et\/shop\/kahepoolsed-neoduummagnetid-500-kg-bulldog-kalapuugimagnetikomplekt\/#primaryimage","url":"https:\/\/test.magnetarmagnets.com\/wp-content\/uploads\/2021\/10\/MAGNETAR-BULLDOG-500-KIT-GOOGLE.jpg","contentUrl":"https:\/\/test.magnetarmagnets.com\/wp-content\/uploads\/2021\/10\/MAGNETAR-BULLDOG-500-KIT-GOOGLE.jpg","width":1500,"height":1500,"caption":"MAGNETAR-BULLDOG-500-KIT"},{"@type":"BreadcrumbList","@id":"https:\/\/test.magnetarmagnets.com\/et\/shop\/kahepoolsed-neoduummagnetid-500-kg-bulldog-kalapuugimagnetikomplekt\/#breadcrumb","itemListElement":[{"@type":"ListItem","position":1,"name":"Home","item":"https:\/\/test.magnetarmagnets.com\/et\/"},{"@type":"ListItem","position":2,"name":"pood","item":"https:\/\/test.magnetarmagnets.com\/et\/pood\/"},{"@type":"ListItem","position":3,"name":"Otsingumagnetid","item":"https:\/\/test.magnetarmagnets.com\/et\/collections\/otsingumagnetid\/"},{"@type":"ListItem","position":4,"name":"Otsingumagneti komplekt","item":"https:\/\/test.magnetarmagnets.com\/et\/collections\/otsingumagnetid\/otsingumagneti-komplekt\/"},{"@type":"ListItem","position":5,"name":"Bulldog 500 kahek\u00fclgne otsingumagneti komplekt \u2013 500 kg"}]},{"@type":"WebSite","@id":"https:\/\/test.magnetarmagnets.com\/et\/#website","url":"https:\/\/test.magnetarmagnets.com\/et\/","name":"Magnet fishing with a Magnetar fishing magnet","description":"Powerful magnets for magnet fishing","publisher":{"@id":"https:\/\/test.magnetarmagnets.com\/et\/#organization"},"potentialAction":[{"@type":"SearchAction","target":{"@type":"EntryPoint","urlTemplate":"https:\/\/test.magnetarmagnets.com\/et\/?s={search_term_string}"},"query-input":{"@type":"PropertyValueSpecification","valueRequired":true,"valueName":"search_term_string"}}],"inLanguage":"et"},{"@type":"Organization","@id":"https:\/\/test.magnetarmagnets.com\/et\/#organization","name":"Magnetar","url":"https:\/\/test.magnetarmagnets.com\/et\/","logo":{"@type":"ImageObject","inLanguage":"et","@id":"https:\/\/test.magnetarmagnets.com\/et\/#\/schema\/logo\/image\/","url":"https:\/\/magnetarmagnets.com\/wp-content\/uploads\/2021\/01\/magnetarvismagneet_logo.png","contentUrl":"https:\/\/magnetarmagnets.com\/wp-content\/uploads\/2021\/01\/magnetarvismagneet_logo.png","width":209,"height":100,"caption":"Magnetar"},"image":{"@id":"https:\/\/test.magnetarmagnets.com\/et\/#\/schema\/logo\/image\/"},"sameAs":["https:\/\/www.facebook.com\/fishingmagnets\/","https:\/\/www.instagram.com\/magnetar_magnets\/","https:\/\/www.linkedin.com\/company\/magnetarbv\/?originalSubdomain=nl","https:\/\/www.youtube.com\/c\/MagnetarVismagneet"]}]}},"_links":{"self":[{"href":"https:\/\/test.magnetarmagnets.com\/et\/wp-json\/wp\/v2\/product\/81592","targetHints":{"allow":["GET"]}}],"collection":[{"href":"https:\/\/test.magnetarmagnets.com\/et\/wp-json\/wp\/v2\/product"}],"about":[{"href":"https:\/\/test.magnetarmagnets.com\/et\/wp-json\/wp\/v2\/types\/product"}],"replies":[{"embeddable":true,"href":"https:\/\/test.magnetarmagnets.com\/et\/wp-json\/wp\/v2\/comments?post=81592"}],"wp:featuredmedia":[{"embeddable":true,"href":"https:\/\/test.magnetarmagnets.com\/et\/wp-json\/wp\/v2\/media\/72547"}],"wp:attachment":[{"href":"https:\/\/test.magnetarmagnets.com\/et\/wp-json\/wp\/v2\/media?parent=81592"}],"wp:term":[{"taxonomy":"product_brand","embeddable":true,"href":"https:\/\/test.magnetarmagnets.com\/et\/wp-json\/wp\/v2\/product_brand?post=81592"},{"taxonomy":"product_cat","embeddable":true,"href":"https:\/\/test.magnetarmagnets.com\/et\/wp-json\/wp\/v2\/product_cat?post=81592"},{"taxonomy":"product_tag","embeddable":true,"href":"https:\/\/test.magnetarmagnets.com\/et\/wp-json\/wp\/v2\/product_tag?post=81592"}],"curies":[{"name":"wp","href":"https:\/\/api.w.org\/{rel}","templated":true}]}}