{"id":81579,"date":"2025-06-19T13:55:40","date_gmt":"2025-06-19T11:55:40","guid":{"rendered":"https:\/\/magnetarmagnets.com\/?post_type=product&#038;p=81579"},"modified":"2026-03-17T18:13:22","modified_gmt":"2026-03-17T17:13:22","slug":"magnetkalapuugi-kois-20-meetrit-65-jalga","status":"publish","type":"product","link":"https:\/\/test.magnetarmagnets.com\/et\/shop\/magnetkalapuugi-kois-20-meetrit-65-jalga\/","title":{"rendered":"Magnetp\u00fc\u00fcgin\u00f6\u00f6r || 65 jalga \/ 20 meetrit"},"content":{"rendered":"<p><span style=\"font-weight: 400;\">Parim n\u00f6\u00f6r <a href=\"https:\/\/test.magnetarmagnets.com\/et\/\" target=\"_blank\" rel=\"noopener\">magnetp\u00fc\u00fcgiks<\/a>. Topeltpunutis n\u00f6\u00f6r kannab kuni 4000 lbs. Vaata selle YouTube&#8217;i \u00fclevaadet. Kingitusena karabiiner ja tasuta transport valitud sihtkohtadesse\u2026<\/span><\/p>\n<p><span style=\"font-weight: 400;\">N\u00f6\u00f6ri v\u00f5i k\u00f6ie osana on see magnetp\u00fc\u00fcgiks h\u00e4davajalik varustus. Magnetp\u00fc\u00fcgin\u00f6\u00f6r peab olema piisavalt tugev ka raskete metallide kandmiseks ning ei tohi nakerdamisel katki minna. Nii nagu kvaliteetse p\u00fc\u00fcgimagneti ostmisel, tuleb veenduda ka kvaliteetse magnetp\u00fc\u00fcgin\u00f6\u00f6ri valimises. Magnetp\u00fc\u00fcgin\u00f6\u00f6r on n\u00f6\u00f6r, mille kinnitate oma magnetile. Metallobjektide t\u00f5mbamiseks veest vajate n\u00f6\u00f6ri, millel on k\u00f5rge t\u00f5mbej\u00f5ud ja pikkus umbes 65 jalga (20 m).<\/span><\/p>\n<h2><strong>Magnetp\u00fc\u00fcgin\u00f6\u00f6r, miks seda vaja on?<\/strong><\/h2>\n<p><span style=\"font-weight: 400;\">Enamik magnetp\u00fc\u00fcgihuvilisi keskendub ainult parima magneti ostmisele. Teine sama oluline varustuse osa, mis v\u00f5ib magnetp\u00fc\u00fcgis edu m\u00e4\u00e4rata, on n\u00f6\u00f6r.<\/span><\/p>\n<h2><strong>Milliseid omadusi otsida magnetp\u00fc\u00fcgin\u00f6\u00f6ris?<\/strong><\/h2>\n<p><span style=\"font-weight: 400;\">On \u00e4\u00e4rmiselt oluline valida tugev, mitteelastne topeltpunutis n\u00f6\u00f6r, vastasel juhul on suur t\u00f5en\u00e4osus, et magnet vee all kaob. Odav v\u00f5i elastne n\u00f6\u00f6r ei hoia magnetit kindlalt kinni ning v\u00f5ib teravate pindadega kokku puutudes vabaks p\u00e4\u00e4seda v\u00f5i lihtsalt katki minna.<\/span><\/p>\n<p><span style=\"font-weight: 400;\">Magnetp\u00fc\u00fcgiks m\u00f5eldud n\u00f6\u00f6ridel peab olema k\u00f5rge t\u00f5mbej\u00f5ud. Pikem n\u00f6\u00f6r v\u00f5imaldab magnetit vees kaugele visata ja korduvalt kaldale t\u00f5mmata. Enamik magnetp\u00fc\u00fcdjaid peab t\u00e4iuslikuks pikkuseks umbes 65 jalga (20 m).<\/span><\/p>\n<p><span style=\"font-weight: 400;\">On alati meeldiv, kui n\u00f6\u00f6r on spetsiaalselt magnetp\u00fc\u00fcgiks disainitud, mitte et peaksite ronimisn\u00f6\u00f6ri kasutama. Magnetp\u00fc\u00fcgin\u00f6\u00f6rid pakuvad rohkem soovitud omadusi, kui v\u00e4ljas magnetp\u00fc\u00fcgile l\u00e4hete.<\/span><\/p>\n<h2><strong>Kuidas n\u00f6\u00f6ri kasutada?<\/strong><\/h2>\n<p><span style=\"font-weight: 400;\">Vaata allolevat samm-sammult juhendit oma <strong>oran\u017ei<\/strong> n\u00f6\u00f6ri magnetile kinnitamiseks:<\/span><\/p>\n<ol>\n<li style=\"font-weight: 400;\"><span style=\"font-weight: 400;\"><img decoding=\"async\" class=\"\" src=\"https:\/\/test.magnetarmagnets.com\/wp-content\/uploads\/2021\/09\/0435-300x300-1.png\" alt=\"vismagneet touw\" width=\"78\" height=\"78\" \/>V\u00f5ta pakendist Magnetar p\u00fc\u00fcgiv\u00f6\u00f6 n\u00f6\u00f6r ja t\u00f5sta oma p\u00fc\u00fcgimagnet v\u00e4lja;<\/span><\/li>\n<li style=\"font-weight: 400;\"><span style=\"font-weight: 400;\"><img decoding=\"async\" class=\"\" src=\"https:\/\/test.magnetarmagnets.com\/wp-content\/uploads\/2021\/09\/0436-300x300-1.png\" alt=\"magneetvis touw\" width=\"78\" height=\"78\" \/>S\u00f5lmi n\u00f6\u00f6r l\u00e4bi magneti silmuse;<\/span><\/li>\n<li style=\"font-weight: 400;\"><span style=\"font-weight: 400;\"><img decoding=\"async\" class=\"\" src=\"https:\/\/test.magnetarmagnets.com\/wp-content\/uploads\/2021\/09\/0437-300x300-1.png\" alt=\"touw voor magneetvissen\" width=\"77\" height=\"77\" \/>T\u00f5mba n\u00f6\u00f6r magneti alla enne magnetp\u00fc\u00fcki;<\/span><\/li>\n<li style=\"font-weight: 400;\"><span style=\"font-weight: 400;\"><img loading=\"lazy\" decoding=\"async\" class=\"\" src=\"https:\/\/test.magnetarmagnets.com\/wp-content\/uploads\/2021\/09\/0438-300x300-1.png\" alt=\"touw magneetvissen\" width=\"79\" height=\"79\" \/>T\u00f5mba n\u00f6\u00f6r pingule. Nii isestringub n\u00f6\u00f6r enda \u00fcmber. Head magnetp\u00fc\u00fcki!<\/span><\/li>\n<\/ol>\n<p><span style=\"font-weight: 400;\"><strong>Hoiatus<\/strong>: Kas kinnitad n\u00f6\u00f6ri ja magneti karabiiniga? Seda saab teha, aga veendu, et silmus oleks magneti k\u00fclge lukustuva liimiga kinnitatud. Pinguta silmus korralikult. Karabiini t\u00f5ttu on magnetil rohkem liikumisruumi, seega kinnita silmus kindlalt.<\/span><\/p>\n<p><span style=\"font-weight: 400;\"><strong>Hoiatus<\/strong>: Kui sul on suurem universaalne magnet ja silmus ei mahu magneti silmusesse, l\u00f5ika silmus nuga abil l\u00e4bi ja vaata seda <a href=\"https:\/\/www.youtube.com\/watch?v=CNox7cn2-Gs&amp;t=9s\" target=\"_blank\" rel=\"noopener\">videot<\/a>.<\/span><\/p>\n<p><span style=\"font-weight: 400;\">V\u00f5id n\u00f6\u00f6ri otsast magnetile teha Palomari s\u00f5lme, kuid see ei pruugi k\u00f5igis tingimustes pidada. Eelistame kasutada tugevat karabiini, seet\u00f5ttu lisame selle igale n\u00f6\u00f6rile kaasa.<\/span><\/p>\n<p><span style=\"font-weight: 400;\">Vaata <a href=\"https:\/\/www.youtube.com\/watch?v=1izvqgYbtd8\" target=\"_blank\" rel=\"noopener\">seda videot<\/a>, et n\u00e4ha, kuidas tunnustatud <i><span style=\"font-weight: 400;\">Magnet Fishing A to Z<\/span><\/i> kasutab meie oran\u017ei n\u00f6\u00f6ri koos 360\u00b0 universaalse magnetiga.<\/span><\/p>\n<h2><strong>Mul on neod\u00fc\u00fcmmagnet ja n\u00f6\u00f6r, kas mul on veel midagi vaja magnetp\u00fc\u00fcgiks?<\/strong><\/h2>\n<p><span style=\"font-weight: 400;\">Kui sul on tugev magnet ja konks, veendu, et sul oleks kaks n\u00f6\u00f6ri, et kasutada magnetit ja konksu samaaegselt. Parima haarde tagamiseks kanna \u00f5igeid kindaid. Kindad pole kohustuslikud, kuid kaitsevad k\u00e4si k\u00f6ie k\u00f5rvetuste, villide, musta vee ja teravate esemete eest.<\/span><\/p>\n<h2><strong>Miks on Magnetari n\u00f6\u00f6r parim magnetp\u00fc\u00fcgiks?<\/strong><\/h2>\n<p><span style=\"font-weight: 400;\">Magnetari tugev n\u00f6\u00f6r on nutika disainiga ja lihtsasti kasutatav. M\u00f5ned omadused, mis teevad sellest parima magnetp\u00fc\u00fcgin\u00f6\u00f6ri:<\/span><\/p>\n<ul>\n<li style=\"font-weight: 400;\"><span style=\"font-weight: 400;\"><strong>Materjalid:<\/strong> mitteelastne nailon ja vastupidavust lisavad pol\u00fcestertraadid<\/span><\/li>\n<li style=\"font-weight: 400;\"><span style=\"font-weight: 400;\"><strong>Tugevus:<\/strong> suudab t\u00f5sta raskeid esemeid t\u00e4nu \u00fclisuurele murdumisj\u00f5ule (meie 10mm n\u00f6\u00f6r kannab kuni 2000 kg!)<\/span><\/li>\n<li style=\"font-weight: 400;\"><span style=\"font-weight: 400;\"><strong>Kvaliteet:<\/strong> vastupidav hallitusele, UV-kiirte, m\u00e4danemise ja vee suhtes<\/span><\/li>\n<li style=\"font-weight: 400;\"><span style=\"font-weight: 400;\"><strong>Kasutamine:<\/strong> universaalne n\u00f6\u00f6r<\/span><\/li>\n<li style=\"font-weight: 400;\"><span style=\"font-weight: 400;\"><strong>Lisa:<\/strong> igale n\u00f6\u00f6rile lisame roostevabast terasest karabiini<\/span><\/li>\n<\/ul>\n<p><span style=\"font-weight: 400;\">Nagu varem mainitud, vajad sa tugevat n\u00f6\u00f6ri, et \u00fcles t\u00f5sta aardeid, millega kokku puutud. V\u00f5id kasutada mistahes n\u00f6\u00f6ri, aga spetsiaalne magnetp\u00fc\u00fcgin\u00f6\u00f6r tagab, et saad magneti ja objekti turvaliselt veest v\u00e4lja.<\/span><\/p>\n<p><span style=\"font-weight: 400;\">Magnetari n\u00f6\u00f6r pakub k\u00f5iki neid eeliseid ja igale ostule kuulub tasuta karabiiner. Pole enam s\u00f5lmi ja 100% kvaliteedigarantii! Valmis kasutamiseks \u00f5ige pikkuse ja suure t\u00f5mbej\u00f5uga n\u00f6\u00f6r.<\/span><\/p>\n<h2><strong>Mis on maksimaalne raskus, mida mu n\u00f6\u00f6r suudab t\u00f5sta?<\/strong><\/h2>\n<ul>\n<li style=\"font-weight: 400;\"><span style=\"font-weight: 400;\">6mm n\u00f6\u00f6r = 1587 lbs<\/span><\/li>\n<li style=\"font-weight: 400;\"><span style=\"font-weight: 400;\">8mm n\u00f6\u00f6r = 2866 lbs<\/span><\/li>\n<li style=\"font-weight: 400;\"><span style=\"font-weight: 400;\">10mm n\u00f6\u00f6r = 4409 lbs<\/span><\/li>\n<\/ul>\n","protected":false},"excerpt":{"rendered":"<p><span style=\"font-weight: 400;\">Eriotstarbeline magnetp\u00fc\u00fcgin\u00f6\u00f6r <strong>silmuse<\/strong> ja <strong>karabiineriga<\/strong>. Pole enam s\u00f5lmi ning <strong>100% kvaliteedigarantii<\/strong>.<\/span><\/p>\n","protected":false},"featured_media":68071,"comment_status":"open","ping_status":"closed","template":"","meta":{"_acf_changed":false,"inline_featured_image":false},"product_brand":[],"product_cat":[1001,500,422],"product_tag":[],"class_list":{"0":"post-81579","1":"product","2":"type-product","3":"status-publish","4":"has-post-thumbnail","6":"product_cat-koik-tooted","7":"product_cat-otsingumagneti-varustus","8":"product_cat-varustus","10":"first","11":"instock","12":"taxable","13":"shipping-taxable","14":"purchasable","15":"product-type-variable"},"acf":[],"yoast_head":"<!-- This site is optimized with the Yoast SEO plugin v27.6 - https:\/\/yoast.com\/product\/yoast-seo-wordpress\/ -->\n<title>Magnetp\u00fc\u00fcgin\u00f6\u00f6r \u2013 Magnetar \u00ae [OSTA KOHE]<\/title>\n<meta name=\"description\" content=\"Osta parim magnetp\u00fc\u00fcgin\u00f6\u00f6r \u27a4 Magnetar \u00ae. K\u00f5ik magnetp\u00fc\u00fcgivarustuse tarvikud \u00fches kohas. L\u00e4hetatakse samal p\u00e4eval!\" \/>\n<meta name=\"robots\" content=\"index, follow, max-snippet:-1, max-image-preview:large, max-video-preview:-1\" \/>\n<link rel=\"canonical\" href=\"https:\/\/test.magnetarmagnets.com\/et\/shop\/magnetkalapuugi-kois-20-meetrit-65-jalga\/\" \/>\n<meta property=\"og:locale\" content=\"et_EE\" \/>\n<meta property=\"og:type\" content=\"article\" \/>\n<meta property=\"og:title\" content=\"Magnetp\u00fc\u00fcgin\u00f6\u00f6r \u2013 Magnetar \u00ae [OSTA KOHE]\" \/>\n<meta property=\"og:description\" content=\"Osta parim magnetp\u00fc\u00fcgin\u00f6\u00f6r \u27a4 Magnetar \u00ae. K\u00f5ik magnetp\u00fc\u00fcgivarustuse tarvikud \u00fches kohas. L\u00e4hetatakse samal p\u00e4eval!\" \/>\n<meta property=\"og:url\" content=\"https:\/\/test.magnetarmagnets.com\/et\/shop\/magnetkalapuugi-kois-20-meetrit-65-jalga\/\" \/>\n<meta property=\"og:site_name\" content=\"Magnet fishing with a Magnetar fishing magnet\" \/>\n<meta property=\"article:publisher\" content=\"https:\/\/www.facebook.com\/fishingmagnets\/\" \/>\n<meta property=\"article:modified_time\" content=\"2026-03-17T17:13:22+00:00\" \/>\n<meta property=\"og:image\" content=\"https:\/\/test.magnetarmagnets.com\/wp-content\/uploads\/2014\/04\/Vismagneet-touw-1.jpg\" \/>\n\t<meta property=\"og:image:width\" content=\"1000\" \/>\n\t<meta property=\"og:image:height\" content=\"1000\" \/>\n\t<meta property=\"og:image:type\" content=\"image\/jpeg\" \/>\n<meta name=\"twitter:card\" content=\"summary_large_image\" \/>\n<meta name=\"twitter:label1\" content=\"Est. reading time\" \/>\n\t<meta name=\"twitter:data1\" content=\"4 minutit\" \/>\n<script type=\"application\/ld+json\" class=\"yoast-schema-graph\">{\"@context\":\"https:\\\/\\\/schema.org\",\"@graph\":[{\"@type\":[\"WebPage\",\"ItemPage\"],\"@id\":\"https:\\\/\\\/test.magnetarmagnets.com\\\/et\\\/shop\\\/magnetkalapuugi-kois-20-meetrit-65-jalga\\\/\",\"url\":\"https:\\\/\\\/test.magnetarmagnets.com\\\/et\\\/shop\\\/magnetkalapuugi-kois-20-meetrit-65-jalga\\\/\",\"name\":\"Magnetp\u00fc\u00fcgin\u00f6\u00f6r \u2013 Magnetar \u00ae [OSTA KOHE]\",\"isPartOf\":{\"@id\":\"https:\\\/\\\/test.magnetarmagnets.com\\\/et\\\/#website\"},\"primaryImageOfPage\":{\"@id\":\"https:\\\/\\\/test.magnetarmagnets.com\\\/et\\\/shop\\\/magnetkalapuugi-kois-20-meetrit-65-jalga\\\/#primaryimage\"},\"image\":{\"@id\":\"https:\\\/\\\/test.magnetarmagnets.com\\\/et\\\/shop\\\/magnetkalapuugi-kois-20-meetrit-65-jalga\\\/#primaryimage\"},\"thumbnailUrl\":\"https:\\\/\\\/test.magnetarmagnets.com\\\/wp-content\\\/uploads\\\/2014\\\/04\\\/Vismagneet-touw-1.jpg\",\"datePublished\":\"2025-06-19T11:55:40+00:00\",\"dateModified\":\"2026-03-17T17:13:22+00:00\",\"description\":\"Osta parim magnetp\u00fc\u00fcgin\u00f6\u00f6r \u27a4 Magnetar \u00ae. K\u00f5ik magnetp\u00fc\u00fcgivarustuse tarvikud \u00fches kohas. L\u00e4hetatakse samal p\u00e4eval!\",\"breadcrumb\":{\"@id\":\"https:\\\/\\\/test.magnetarmagnets.com\\\/et\\\/shop\\\/magnetkalapuugi-kois-20-meetrit-65-jalga\\\/#breadcrumb\"},\"inLanguage\":\"et\",\"potentialAction\":[{\"@type\":\"ReadAction\",\"target\":[\"https:\\\/\\\/test.magnetarmagnets.com\\\/et\\\/shop\\\/magnetkalapuugi-kois-20-meetrit-65-jalga\\\/\"]}]},{\"@type\":\"ImageObject\",\"inLanguage\":\"et\",\"@id\":\"https:\\\/\\\/test.magnetarmagnets.com\\\/et\\\/shop\\\/magnetkalapuugi-kois-20-meetrit-65-jalga\\\/#primaryimage\",\"url\":\"https:\\\/\\\/test.magnetarmagnets.com\\\/wp-content\\\/uploads\\\/2014\\\/04\\\/Vismagneet-touw-1.jpg\",\"contentUrl\":\"https:\\\/\\\/test.magnetarmagnets.com\\\/wp-content\\\/uploads\\\/2014\\\/04\\\/Vismagneet-touw-1.jpg\",\"width\":1000,\"height\":1000,\"caption\":\"fish magnet rope\"},{\"@type\":\"BreadcrumbList\",\"@id\":\"https:\\\/\\\/test.magnetarmagnets.com\\\/et\\\/shop\\\/magnetkalapuugi-kois-20-meetrit-65-jalga\\\/#breadcrumb\",\"itemListElement\":[{\"@type\":\"ListItem\",\"position\":1,\"name\":\"Home\",\"item\":\"https:\\\/\\\/test.magnetarmagnets.com\\\/et\\\/\"},{\"@type\":\"ListItem\",\"position\":2,\"name\":\"pood\",\"item\":\"https:\\\/\\\/test.magnetarmagnets.com\\\/et\\\/pood\\\/\"},{\"@type\":\"ListItem\",\"position\":3,\"name\":\"Varustus\",\"item\":\"https:\\\/\\\/test.magnetarmagnets.com\\\/et\\\/collections\\\/varustus\\\/\"},{\"@type\":\"ListItem\",\"position\":4,\"name\":\"Otsingumagneti varustus\",\"item\":\"https:\\\/\\\/test.magnetarmagnets.com\\\/et\\\/collections\\\/varustus\\\/otsingumagneti-varustus\\\/\"},{\"@type\":\"ListItem\",\"position\":5,\"name\":\"Magnetp\u00fc\u00fcgin\u00f6\u00f6r || 65 jalga \\\/ 20 meetrit\"}]},{\"@type\":\"WebSite\",\"@id\":\"https:\\\/\\\/test.magnetarmagnets.com\\\/et\\\/#website\",\"url\":\"https:\\\/\\\/test.magnetarmagnets.com\\\/et\\\/\",\"name\":\"Magnet fishing with a Magnetar fishing magnet\",\"description\":\"Powerful magnets for magnet fishing\",\"publisher\":{\"@id\":\"https:\\\/\\\/test.magnetarmagnets.com\\\/et\\\/#organization\"},\"potentialAction\":[{\"@type\":\"SearchAction\",\"target\":{\"@type\":\"EntryPoint\",\"urlTemplate\":\"https:\\\/\\\/test.magnetarmagnets.com\\\/et\\\/?s={search_term_string}\"},\"query-input\":{\"@type\":\"PropertyValueSpecification\",\"valueRequired\":true,\"valueName\":\"search_term_string\"}}],\"inLanguage\":\"et\"},{\"@type\":\"Organization\",\"@id\":\"https:\\\/\\\/test.magnetarmagnets.com\\\/et\\\/#organization\",\"name\":\"Magnetar\",\"url\":\"https:\\\/\\\/test.magnetarmagnets.com\\\/et\\\/\",\"logo\":{\"@type\":\"ImageObject\",\"inLanguage\":\"et\",\"@id\":\"https:\\\/\\\/test.magnetarmagnets.com\\\/et\\\/#\\\/schema\\\/logo\\\/image\\\/\",\"url\":\"https:\\\/\\\/magnetarmagnets.com\\\/wp-content\\\/uploads\\\/2021\\\/01\\\/magnetarvismagneet_logo.png\",\"contentUrl\":\"https:\\\/\\\/magnetarmagnets.com\\\/wp-content\\\/uploads\\\/2021\\\/01\\\/magnetarvismagneet_logo.png\",\"width\":209,\"height\":100,\"caption\":\"Magnetar\"},\"image\":{\"@id\":\"https:\\\/\\\/test.magnetarmagnets.com\\\/et\\\/#\\\/schema\\\/logo\\\/image\\\/\"},\"sameAs\":[\"https:\\\/\\\/www.facebook.com\\\/fishingmagnets\\\/\",\"https:\\\/\\\/www.instagram.com\\\/magnetar_magnets\\\/\",\"https:\\\/\\\/www.linkedin.com\\\/company\\\/magnetarbv\\\/?originalSubdomain=nl\",\"https:\\\/\\\/www.youtube.com\\\/c\\\/MagnetarVismagneet\"]}]}<\/script>\n<!-- \/ Yoast SEO plugin. -->","yoast_head_json":{"title":"Magnetp\u00fc\u00fcgin\u00f6\u00f6r \u2013 Magnetar \u00ae [OSTA KOHE]","description":"Osta parim magnetp\u00fc\u00fcgin\u00f6\u00f6r \u27a4 Magnetar \u00ae. K\u00f5ik magnetp\u00fc\u00fcgivarustuse tarvikud \u00fches kohas. L\u00e4hetatakse samal p\u00e4eval!","robots":{"index":"index","follow":"follow","max-snippet":"max-snippet:-1","max-image-preview":"max-image-preview:large","max-video-preview":"max-video-preview:-1"},"canonical":"https:\/\/test.magnetarmagnets.com\/et\/shop\/magnetkalapuugi-kois-20-meetrit-65-jalga\/","og_locale":"et_EE","og_type":"article","og_title":"Magnetp\u00fc\u00fcgin\u00f6\u00f6r \u2013 Magnetar \u00ae [OSTA KOHE]","og_description":"Osta parim magnetp\u00fc\u00fcgin\u00f6\u00f6r \u27a4 Magnetar \u00ae. K\u00f5ik magnetp\u00fc\u00fcgivarustuse tarvikud \u00fches kohas. L\u00e4hetatakse samal p\u00e4eval!","og_url":"https:\/\/test.magnetarmagnets.com\/et\/shop\/magnetkalapuugi-kois-20-meetrit-65-jalga\/","og_site_name":"Magnet fishing with a Magnetar fishing magnet","article_publisher":"https:\/\/www.facebook.com\/fishingmagnets\/","article_modified_time":"2026-03-17T17:13:22+00:00","og_image":[{"width":1000,"height":1000,"url":"https:\/\/test.magnetarmagnets.com\/wp-content\/uploads\/2014\/04\/Vismagneet-touw-1.jpg","type":"image\/jpeg"}],"twitter_card":"summary_large_image","twitter_misc":{"Est. reading time":"4 minutit"},"schema":{"@context":"https:\/\/schema.org","@graph":[{"@type":["WebPage","ItemPage"],"@id":"https:\/\/test.magnetarmagnets.com\/et\/shop\/magnetkalapuugi-kois-20-meetrit-65-jalga\/","url":"https:\/\/test.magnetarmagnets.com\/et\/shop\/magnetkalapuugi-kois-20-meetrit-65-jalga\/","name":"Magnetp\u00fc\u00fcgin\u00f6\u00f6r \u2013 Magnetar \u00ae [OSTA KOHE]","isPartOf":{"@id":"https:\/\/test.magnetarmagnets.com\/et\/#website"},"primaryImageOfPage":{"@id":"https:\/\/test.magnetarmagnets.com\/et\/shop\/magnetkalapuugi-kois-20-meetrit-65-jalga\/#primaryimage"},"image":{"@id":"https:\/\/test.magnetarmagnets.com\/et\/shop\/magnetkalapuugi-kois-20-meetrit-65-jalga\/#primaryimage"},"thumbnailUrl":"https:\/\/test.magnetarmagnets.com\/wp-content\/uploads\/2014\/04\/Vismagneet-touw-1.jpg","datePublished":"2025-06-19T11:55:40+00:00","dateModified":"2026-03-17T17:13:22+00:00","description":"Osta parim magnetp\u00fc\u00fcgin\u00f6\u00f6r \u27a4 Magnetar \u00ae. K\u00f5ik magnetp\u00fc\u00fcgivarustuse tarvikud \u00fches kohas. L\u00e4hetatakse samal p\u00e4eval!","breadcrumb":{"@id":"https:\/\/test.magnetarmagnets.com\/et\/shop\/magnetkalapuugi-kois-20-meetrit-65-jalga\/#breadcrumb"},"inLanguage":"et","potentialAction":[{"@type":"ReadAction","target":["https:\/\/test.magnetarmagnets.com\/et\/shop\/magnetkalapuugi-kois-20-meetrit-65-jalga\/"]}]},{"@type":"ImageObject","inLanguage":"et","@id":"https:\/\/test.magnetarmagnets.com\/et\/shop\/magnetkalapuugi-kois-20-meetrit-65-jalga\/#primaryimage","url":"https:\/\/test.magnetarmagnets.com\/wp-content\/uploads\/2014\/04\/Vismagneet-touw-1.jpg","contentUrl":"https:\/\/test.magnetarmagnets.com\/wp-content\/uploads\/2014\/04\/Vismagneet-touw-1.jpg","width":1000,"height":1000,"caption":"fish magnet rope"},{"@type":"BreadcrumbList","@id":"https:\/\/test.magnetarmagnets.com\/et\/shop\/magnetkalapuugi-kois-20-meetrit-65-jalga\/#breadcrumb","itemListElement":[{"@type":"ListItem","position":1,"name":"Home","item":"https:\/\/test.magnetarmagnets.com\/et\/"},{"@type":"ListItem","position":2,"name":"pood","item":"https:\/\/test.magnetarmagnets.com\/et\/pood\/"},{"@type":"ListItem","position":3,"name":"Varustus","item":"https:\/\/test.magnetarmagnets.com\/et\/collections\/varustus\/"},{"@type":"ListItem","position":4,"name":"Otsingumagneti varustus","item":"https:\/\/test.magnetarmagnets.com\/et\/collections\/varustus\/otsingumagneti-varustus\/"},{"@type":"ListItem","position":5,"name":"Magnetp\u00fc\u00fcgin\u00f6\u00f6r || 65 jalga \/ 20 meetrit"}]},{"@type":"WebSite","@id":"https:\/\/test.magnetarmagnets.com\/et\/#website","url":"https:\/\/test.magnetarmagnets.com\/et\/","name":"Magnet fishing with a Magnetar fishing magnet","description":"Powerful magnets for magnet fishing","publisher":{"@id":"https:\/\/test.magnetarmagnets.com\/et\/#organization"},"potentialAction":[{"@type":"SearchAction","target":{"@type":"EntryPoint","urlTemplate":"https:\/\/test.magnetarmagnets.com\/et\/?s={search_term_string}"},"query-input":{"@type":"PropertyValueSpecification","valueRequired":true,"valueName":"search_term_string"}}],"inLanguage":"et"},{"@type":"Organization","@id":"https:\/\/test.magnetarmagnets.com\/et\/#organization","name":"Magnetar","url":"https:\/\/test.magnetarmagnets.com\/et\/","logo":{"@type":"ImageObject","inLanguage":"et","@id":"https:\/\/test.magnetarmagnets.com\/et\/#\/schema\/logo\/image\/","url":"https:\/\/magnetarmagnets.com\/wp-content\/uploads\/2021\/01\/magnetarvismagneet_logo.png","contentUrl":"https:\/\/magnetarmagnets.com\/wp-content\/uploads\/2021\/01\/magnetarvismagneet_logo.png","width":209,"height":100,"caption":"Magnetar"},"image":{"@id":"https:\/\/test.magnetarmagnets.com\/et\/#\/schema\/logo\/image\/"},"sameAs":["https:\/\/www.facebook.com\/fishingmagnets\/","https:\/\/www.instagram.com\/magnetar_magnets\/","https:\/\/www.linkedin.com\/company\/magnetarbv\/?originalSubdomain=nl","https:\/\/www.youtube.com\/c\/MagnetarVismagneet"]}]}},"_links":{"self":[{"href":"https:\/\/test.magnetarmagnets.com\/et\/wp-json\/wp\/v2\/product\/81579","targetHints":{"allow":["GET"]}}],"collection":[{"href":"https:\/\/test.magnetarmagnets.com\/et\/wp-json\/wp\/v2\/product"}],"about":[{"href":"https:\/\/test.magnetarmagnets.com\/et\/wp-json\/wp\/v2\/types\/product"}],"replies":[{"embeddable":true,"href":"https:\/\/test.magnetarmagnets.com\/et\/wp-json\/wp\/v2\/comments?post=81579"}],"wp:featuredmedia":[{"embeddable":true,"href":"https:\/\/test.magnetarmagnets.com\/et\/wp-json\/wp\/v2\/media\/68071"}],"wp:attachment":[{"href":"https:\/\/test.magnetarmagnets.com\/et\/wp-json\/wp\/v2\/media?parent=81579"}],"wp:term":[{"taxonomy":"product_brand","embeddable":true,"href":"https:\/\/test.magnetarmagnets.com\/et\/wp-json\/wp\/v2\/product_brand?post=81579"},{"taxonomy":"product_cat","embeddable":true,"href":"https:\/\/test.magnetarmagnets.com\/et\/wp-json\/wp\/v2\/product_cat?post=81579"},{"taxonomy":"product_tag","embeddable":true,"href":"https:\/\/test.magnetarmagnets.com\/et\/wp-json\/wp\/v2\/product_tag?post=81579"}],"curies":[{"name":"wp","href":"https:\/\/api.w.org\/{rel}","templated":true}]}}