{"id":81573,"date":"2025-06-05T09:54:37","date_gmt":"2025-06-05T07:54:37","guid":{"rendered":"https:\/\/magnetarmagnets.com\/?post_type=product&#038;p=81573"},"modified":"2026-02-13T10:27:31","modified_gmt":"2026-02-13T09:27:31","slug":"warrior-pakett-kaks-neoduummagnetit-terror-ja-beast-360-koiksuunaline","status":"publish","type":"product","link":"https:\/\/test.magnetarmagnets.com\/et\/shop\/warrior-pakett-kaks-neoduummagnetit-terror-ja-beast-360-koiksuunaline\/","title":{"rendered":"Warrior pakett \u2013 kaks tugevat neod\u00fc\u00fcmmagneti (Terror ja Beast) \u2013 360\u00b0 allround otsingumagneti komplekt"},"content":{"rendered":"<p><b>HOIATUS!<\/b> See komplekt sisaldab \u00e4\u00e4rmiselt v\u00f5imsaid magnete. On <b>\u00e4\u00e4rmiselt oluline<\/b>, et hoiate magnetide vahel alati v\u00e4hemalt 1 meetri vahemaad. Vastasel juhul v\u00f5ivad tekkida v\u00e4ga ohtlikud olukorrad.<\/p>\n<p><span style=\"font-weight: 400;\">Warrior pakett on varustatud tugevaimate magnetitega, mida leiate \u2013 <a href=\"https:\/\/test.magnetarmagnets.com\/shop\/exclusive-terror-magnet\/\" target=\"_blank\" rel=\"noopener\">Terror<\/a> ja <a href=\"https:\/\/test.magnetarmagnets.com\/shop\/beast-magnet\/\" target=\"_blank\" rel=\"noopener\">Beast<\/a> p\u00fcsimagnetidega! Need kaks j\u00f5ujaama veenavad teid kindlasti oma 360\u00b0 j\u00f5ulises magnett\u00f5mbej\u00f5us. See komplekt on m\u00f5eldud edasij\u00f5udnud magnetp\u00fc\u00fcgihuvilistele, kes soovivad magnetp\u00fc\u00fcgil maksimaalselt esemeid leida. Komplekti kuuluvad ka lukustusliim, 2x 10 mm n\u00f6\u00f6r, 2x veekindlad kindad ja kaitsekatted m\u00f5lema magneti jaoks. Tahad olla t\u00f5eline magnetp\u00fc\u00fcgi s\u00f5dalane? Osta see komplekt kohe lisasoodustusega.<\/span><\/p>\n<h2><b>Oled valmis proovima Beast ja Terror magnetit?<\/b><\/h2>\n<p>Magnetite nimed r\u00e4\u00e4givad enda eest \u2013 need on \u00e4\u00e4rmiselt v\u00f5imsad! Terror magnet pakub v\u00e4ga kaugele ulatuvat magnett\u00f5mbej\u00f5udu kuni 1000 kg. Beast p\u00fcsimagnetil on 360\u00b0 t\u00f5mbej\u00f5ud 1400 kg. Esemed t\u00f5mbuvad nende magnetite k\u00fclge igas veealuses keskkonnas (mud, liiv, vool, kivine) ega j\u00e4\u00e4 kergesti kividel kinni. Need magnetid on m\u00f5eldud edasij\u00f5udnud magnetp\u00fc\u00fcdjatele ning vajavad t\u00e4iendavat hoolt ja t\u00e4helepanu.<\/p>\n<h2><b>Magneti evolutsioon<\/b><\/h2>\n<p>Paljud magnetid t\u00f5mbavad ainult \u00fche poolse magnetpinnaga \u2013 klassikaline p\u00fc\u00fcgimagnet. Magnetar oli esimene, kes arendas selle topeltpoolseks. 2016. aastal l\u00f5i Magnetar 360\u00b0 allround p\u00fc\u00fcgimagneti. Magnetp\u00fc\u00fcgihuvilised kogu ELis on meie 100% neod\u00fc\u00fcmmagnetite j\u00e4rele hullunud, muutes meid Euroopa #1 tarnijaks. Meie magnetid on valmistatud k\u00f5rgeima kvaliteediga v\u00e4ikeses magnetp\u00fc\u00fcgif\u00e4nnide tiimis. Kliendid tulevad tagasi, sest Magnetariga saate rohkem kui magneti \u2013 leitakse aardeid.<\/p>\n<h2><strong>V\u00f5imas 360\u00b0 t\u00f5mbej\u00f5ud<\/strong><\/h2>\n<p>Beast magnet on \u00fcks tugevaimaid magneteid, mida pakume, t\u00f5mbej\u00f5ud kuni 1400 kg. Beasti t\u00f5mbej\u00f5ud on j\u00f5uline ja suudab ligi meelitada esemeid kogu \u00fcmbruskonnast, erinevalt \u00fchepoolsetest teraskattega magnetitest, mis suunavad t\u00f5mbej\u00f5u \u00fchte suunda. Soovid teada meie t\u00f5mbej\u00f5u m\u00f5\u00f5tmise kohta? <a href=\"https:\/\/www.youtube.com\/watch?v=2McW3RURDxs\" target=\"_blank\" rel=\"noopener\">Vaata meie videot t\u00f5mbej\u00f5u m\u00f5\u00f5tmisest<\/a>.<\/p>\n","protected":false},"excerpt":{"rendered":"<p><span style=\"font-weight: 400;\">Mine <strong>suurelt<\/strong> ja <strong>v\u00f5imsalt<\/strong> kahe \u00e4\u00e4rmiselt tugeva neod\u00fc\u00fcmmagnetiga \u2013 Terrori ja Beasti \u2013 k\u00f5ik \u00fches otsingumagneti komplektis.<\/span><\/p>\n","protected":false},"featured_media":72591,"comment_status":"open","ping_status":"closed","template":"","meta":{"_acf_changed":false,"inline_featured_image":false},"product_brand":[],"product_cat":[266,167,267,261,280],"product_tag":[],"class_list":{"0":"post-81573","1":"product","2":"type-product","3":"status-publish","4":"has-post-thumbnail","6":"product_cat-allround-360-fiske-magneter","7":"product_cat-okategoriserad","8":"product_cat-magnetfiske-kit","9":"product_cat-fiske-magneter","10":"product_cat-for-proffs","12":"first","13":"instock","14":"sale","15":"taxable","16":"shipping-taxable","17":"purchasable","18":"product-type-simple"},"acf":[],"yoast_head":"<!-- This site is optimized with the Yoast SEO plugin v27.6 - https:\/\/yoast.com\/product\/yoast-seo-wordpress\/ -->\n<title>Warrior pakett \u2013 kaks tugevat neod\u00fc\u00fcmmagneti (Terror ja Beast) \u2013 360\u00b0 allround otsingumagneti komplekt - Magnet fishing with a Magnetar fishing magnet<\/title>\n<meta name=\"description\" content=\"Warrior pakett \u2013 kaks neod\u00fc\u00fcmmagneti (Terror ja Beast) \u2013 Magnetar\" \/>\n<meta name=\"robots\" content=\"index, follow, max-snippet:-1, max-image-preview:large, max-video-preview:-1\" \/>\n<link rel=\"canonical\" href=\"https:\/\/test.magnetarmagnets.com\/et\/shop\/warrior-pakett-kaks-neoduummagnetit-terror-ja-beast-360-koiksuunaline\/\" \/>\n<meta property=\"og:locale\" content=\"et_EE\" \/>\n<meta property=\"og:type\" content=\"article\" \/>\n<meta property=\"og:title\" content=\"Warrior pakett \u2013 kaks tugevat neod\u00fc\u00fcmmagneti (Terror ja Beast) \u2013 360\u00b0 allround otsingumagneti komplekt - Magnet fishing with a Magnetar fishing magnet\" \/>\n<meta property=\"og:description\" content=\"Warrior pakett \u2013 kaks neod\u00fc\u00fcmmagneti (Terror ja Beast) \u2013 Magnetar\" \/>\n<meta property=\"og:url\" content=\"https:\/\/test.magnetarmagnets.com\/et\/shop\/warrior-pakett-kaks-neoduummagnetit-terror-ja-beast-360-koiksuunaline\/\" \/>\n<meta property=\"og:site_name\" content=\"Magnet fishing with a Magnetar fishing magnet\" \/>\n<meta property=\"article:publisher\" content=\"https:\/\/www.facebook.com\/fishingmagnets\/\" \/>\n<meta property=\"article:modified_time\" content=\"2026-02-13T09:27:31+00:00\" \/>\n<meta property=\"og:image\" content=\"https:\/\/test.magnetarmagnets.com\/wp-content\/uploads\/2021\/10\/MAGNETAR-WARRIOR-KIT-GOOGLE.jpg\" \/>\n\t<meta property=\"og:image:width\" content=\"1500\" \/>\n\t<meta property=\"og:image:height\" content=\"1500\" \/>\n\t<meta property=\"og:image:type\" content=\"image\/jpeg\" \/>\n<meta name=\"twitter:card\" content=\"summary_large_image\" \/>\n<meta name=\"twitter:label1\" content=\"Est. reading time\" \/>\n\t<meta name=\"twitter:data1\" content=\"2 minutit\" \/>\n<script type=\"application\/ld+json\" class=\"yoast-schema-graph\">{\"@context\":\"https:\\\/\\\/schema.org\",\"@graph\":[{\"@type\":[\"WebPage\",\"ItemPage\"],\"@id\":\"https:\\\/\\\/test.magnetarmagnets.com\\\/et\\\/shop\\\/warrior-pakett-kaks-neoduummagnetit-terror-ja-beast-360-koiksuunaline\\\/\",\"url\":\"https:\\\/\\\/test.magnetarmagnets.com\\\/et\\\/shop\\\/warrior-pakett-kaks-neoduummagnetit-terror-ja-beast-360-koiksuunaline\\\/\",\"name\":\"Warrior pakett \u2013 kaks tugevat neod\u00fc\u00fcmmagneti (Terror ja Beast) \u2013 360\u00b0 allround otsingumagneti komplekt - Magnet fishing with a Magnetar fishing magnet\",\"isPartOf\":{\"@id\":\"https:\\\/\\\/test.magnetarmagnets.com\\\/et\\\/#website\"},\"primaryImageOfPage\":{\"@id\":\"https:\\\/\\\/test.magnetarmagnets.com\\\/et\\\/shop\\\/warrior-pakett-kaks-neoduummagnetit-terror-ja-beast-360-koiksuunaline\\\/#primaryimage\"},\"image\":{\"@id\":\"https:\\\/\\\/test.magnetarmagnets.com\\\/et\\\/shop\\\/warrior-pakett-kaks-neoduummagnetit-terror-ja-beast-360-koiksuunaline\\\/#primaryimage\"},\"thumbnailUrl\":\"https:\\\/\\\/test.magnetarmagnets.com\\\/wp-content\\\/uploads\\\/2021\\\/10\\\/MAGNETAR-WARRIOR-KIT-GOOGLE.jpg\",\"datePublished\":\"2025-06-05T07:54:37+00:00\",\"dateModified\":\"2026-02-13T09:27:31+00:00\",\"description\":\"Warrior pakett \u2013 kaks neod\u00fc\u00fcmmagneti (Terror ja Beast) \u2013 Magnetar\",\"breadcrumb\":{\"@id\":\"https:\\\/\\\/test.magnetarmagnets.com\\\/et\\\/shop\\\/warrior-pakett-kaks-neoduummagnetit-terror-ja-beast-360-koiksuunaline\\\/#breadcrumb\"},\"inLanguage\":\"et\",\"potentialAction\":[{\"@type\":\"ReadAction\",\"target\":[\"https:\\\/\\\/test.magnetarmagnets.com\\\/et\\\/shop\\\/warrior-pakett-kaks-neoduummagnetit-terror-ja-beast-360-koiksuunaline\\\/\"]}]},{\"@type\":\"ImageObject\",\"inLanguage\":\"et\",\"@id\":\"https:\\\/\\\/test.magnetarmagnets.com\\\/et\\\/shop\\\/warrior-pakett-kaks-neoduummagnetit-terror-ja-beast-360-koiksuunaline\\\/#primaryimage\",\"url\":\"https:\\\/\\\/test.magnetarmagnets.com\\\/wp-content\\\/uploads\\\/2021\\\/10\\\/MAGNETAR-WARRIOR-KIT-GOOGLE.jpg\",\"contentUrl\":\"https:\\\/\\\/test.magnetarmagnets.com\\\/wp-content\\\/uploads\\\/2021\\\/10\\\/MAGNETAR-WARRIOR-KIT-GOOGLE.jpg\",\"width\":1500,\"height\":1500,\"caption\":\"MAGNETAR-WARRIOR-KIT\"},{\"@type\":\"BreadcrumbList\",\"@id\":\"https:\\\/\\\/test.magnetarmagnets.com\\\/et\\\/shop\\\/warrior-pakett-kaks-neoduummagnetit-terror-ja-beast-360-koiksuunaline\\\/#breadcrumb\",\"itemListElement\":[{\"@type\":\"ListItem\",\"position\":1,\"name\":\"Home\",\"item\":\"https:\\\/\\\/test.magnetarmagnets.com\\\/et\\\/\"},{\"@type\":\"ListItem\",\"position\":2,\"name\":\"pood\",\"item\":\"https:\\\/\\\/test.magnetarmagnets.com\\\/et\\\/pood\\\/\"},{\"@type\":\"ListItem\",\"position\":3,\"name\":\"Otsingumagnetid\",\"item\":\"https:\\\/\\\/test.magnetarmagnets.com\\\/et\\\/collections\\\/otsingumagnetid\\\/\"},{\"@type\":\"ListItem\",\"position\":4,\"name\":\"Allround 360 otsingumagnetid\",\"item\":\"https:\\\/\\\/test.magnetarmagnets.com\\\/et\\\/collections\\\/otsingumagnetid\\\/allround-360-otsingumagnetid\\\/\"},{\"@type\":\"ListItem\",\"position\":5,\"name\":\"Warrior pakett \u2013 kaks tugevat neod\u00fc\u00fcmmagneti (Terror ja Beast) \u2013 360\u00b0 allround otsingumagneti komplekt\"}]},{\"@type\":\"WebSite\",\"@id\":\"https:\\\/\\\/test.magnetarmagnets.com\\\/et\\\/#website\",\"url\":\"https:\\\/\\\/test.magnetarmagnets.com\\\/et\\\/\",\"name\":\"Magnet fishing with a Magnetar fishing magnet\",\"description\":\"Powerful magnets for magnet fishing\",\"publisher\":{\"@id\":\"https:\\\/\\\/test.magnetarmagnets.com\\\/et\\\/#organization\"},\"potentialAction\":[{\"@type\":\"SearchAction\",\"target\":{\"@type\":\"EntryPoint\",\"urlTemplate\":\"https:\\\/\\\/test.magnetarmagnets.com\\\/et\\\/?s={search_term_string}\"},\"query-input\":{\"@type\":\"PropertyValueSpecification\",\"valueRequired\":true,\"valueName\":\"search_term_string\"}}],\"inLanguage\":\"et\"},{\"@type\":\"Organization\",\"@id\":\"https:\\\/\\\/test.magnetarmagnets.com\\\/et\\\/#organization\",\"name\":\"Magnetar\",\"url\":\"https:\\\/\\\/test.magnetarmagnets.com\\\/et\\\/\",\"logo\":{\"@type\":\"ImageObject\",\"inLanguage\":\"et\",\"@id\":\"https:\\\/\\\/test.magnetarmagnets.com\\\/et\\\/#\\\/schema\\\/logo\\\/image\\\/\",\"url\":\"https:\\\/\\\/magnetarmagnets.com\\\/wp-content\\\/uploads\\\/2021\\\/01\\\/magnetarvismagneet_logo.png\",\"contentUrl\":\"https:\\\/\\\/magnetarmagnets.com\\\/wp-content\\\/uploads\\\/2021\\\/01\\\/magnetarvismagneet_logo.png\",\"width\":209,\"height\":100,\"caption\":\"Magnetar\"},\"image\":{\"@id\":\"https:\\\/\\\/test.magnetarmagnets.com\\\/et\\\/#\\\/schema\\\/logo\\\/image\\\/\"},\"sameAs\":[\"https:\\\/\\\/www.facebook.com\\\/fishingmagnets\\\/\",\"https:\\\/\\\/www.instagram.com\\\/magnetar_magnets\\\/\",\"https:\\\/\\\/www.linkedin.com\\\/company\\\/magnetarbv\\\/?originalSubdomain=nl\",\"https:\\\/\\\/www.youtube.com\\\/c\\\/MagnetarVismagneet\"]}]}<\/script>\n<!-- \/ Yoast SEO plugin. -->","yoast_head_json":{"title":"Warrior pakett \u2013 kaks tugevat neod\u00fc\u00fcmmagneti (Terror ja Beast) \u2013 360\u00b0 allround otsingumagneti komplekt - Magnet fishing with a Magnetar fishing magnet","description":"Warrior pakett \u2013 kaks neod\u00fc\u00fcmmagneti (Terror ja Beast) \u2013 Magnetar","robots":{"index":"index","follow":"follow","max-snippet":"max-snippet:-1","max-image-preview":"max-image-preview:large","max-video-preview":"max-video-preview:-1"},"canonical":"https:\/\/test.magnetarmagnets.com\/et\/shop\/warrior-pakett-kaks-neoduummagnetit-terror-ja-beast-360-koiksuunaline\/","og_locale":"et_EE","og_type":"article","og_title":"Warrior pakett \u2013 kaks tugevat neod\u00fc\u00fcmmagneti (Terror ja Beast) \u2013 360\u00b0 allround otsingumagneti komplekt - Magnet fishing with a Magnetar fishing magnet","og_description":"Warrior pakett \u2013 kaks neod\u00fc\u00fcmmagneti (Terror ja Beast) \u2013 Magnetar","og_url":"https:\/\/test.magnetarmagnets.com\/et\/shop\/warrior-pakett-kaks-neoduummagnetit-terror-ja-beast-360-koiksuunaline\/","og_site_name":"Magnet fishing with a Magnetar fishing magnet","article_publisher":"https:\/\/www.facebook.com\/fishingmagnets\/","article_modified_time":"2026-02-13T09:27:31+00:00","og_image":[{"width":1500,"height":1500,"url":"https:\/\/test.magnetarmagnets.com\/wp-content\/uploads\/2021\/10\/MAGNETAR-WARRIOR-KIT-GOOGLE.jpg","type":"image\/jpeg"}],"twitter_card":"summary_large_image","twitter_misc":{"Est. reading time":"2 minutit"},"schema":{"@context":"https:\/\/schema.org","@graph":[{"@type":["WebPage","ItemPage"],"@id":"https:\/\/test.magnetarmagnets.com\/et\/shop\/warrior-pakett-kaks-neoduummagnetit-terror-ja-beast-360-koiksuunaline\/","url":"https:\/\/test.magnetarmagnets.com\/et\/shop\/warrior-pakett-kaks-neoduummagnetit-terror-ja-beast-360-koiksuunaline\/","name":"Warrior pakett \u2013 kaks tugevat neod\u00fc\u00fcmmagneti (Terror ja Beast) \u2013 360\u00b0 allround otsingumagneti komplekt - Magnet fishing with a Magnetar fishing magnet","isPartOf":{"@id":"https:\/\/test.magnetarmagnets.com\/et\/#website"},"primaryImageOfPage":{"@id":"https:\/\/test.magnetarmagnets.com\/et\/shop\/warrior-pakett-kaks-neoduummagnetit-terror-ja-beast-360-koiksuunaline\/#primaryimage"},"image":{"@id":"https:\/\/test.magnetarmagnets.com\/et\/shop\/warrior-pakett-kaks-neoduummagnetit-terror-ja-beast-360-koiksuunaline\/#primaryimage"},"thumbnailUrl":"https:\/\/test.magnetarmagnets.com\/wp-content\/uploads\/2021\/10\/MAGNETAR-WARRIOR-KIT-GOOGLE.jpg","datePublished":"2025-06-05T07:54:37+00:00","dateModified":"2026-02-13T09:27:31+00:00","description":"Warrior pakett \u2013 kaks neod\u00fc\u00fcmmagneti (Terror ja Beast) \u2013 Magnetar","breadcrumb":{"@id":"https:\/\/test.magnetarmagnets.com\/et\/shop\/warrior-pakett-kaks-neoduummagnetit-terror-ja-beast-360-koiksuunaline\/#breadcrumb"},"inLanguage":"et","potentialAction":[{"@type":"ReadAction","target":["https:\/\/test.magnetarmagnets.com\/et\/shop\/warrior-pakett-kaks-neoduummagnetit-terror-ja-beast-360-koiksuunaline\/"]}]},{"@type":"ImageObject","inLanguage":"et","@id":"https:\/\/test.magnetarmagnets.com\/et\/shop\/warrior-pakett-kaks-neoduummagnetit-terror-ja-beast-360-koiksuunaline\/#primaryimage","url":"https:\/\/test.magnetarmagnets.com\/wp-content\/uploads\/2021\/10\/MAGNETAR-WARRIOR-KIT-GOOGLE.jpg","contentUrl":"https:\/\/test.magnetarmagnets.com\/wp-content\/uploads\/2021\/10\/MAGNETAR-WARRIOR-KIT-GOOGLE.jpg","width":1500,"height":1500,"caption":"MAGNETAR-WARRIOR-KIT"},{"@type":"BreadcrumbList","@id":"https:\/\/test.magnetarmagnets.com\/et\/shop\/warrior-pakett-kaks-neoduummagnetit-terror-ja-beast-360-koiksuunaline\/#breadcrumb","itemListElement":[{"@type":"ListItem","position":1,"name":"Home","item":"https:\/\/test.magnetarmagnets.com\/et\/"},{"@type":"ListItem","position":2,"name":"pood","item":"https:\/\/test.magnetarmagnets.com\/et\/pood\/"},{"@type":"ListItem","position":3,"name":"Otsingumagnetid","item":"https:\/\/test.magnetarmagnets.com\/et\/collections\/otsingumagnetid\/"},{"@type":"ListItem","position":4,"name":"Allround 360 otsingumagnetid","item":"https:\/\/test.magnetarmagnets.com\/et\/collections\/otsingumagnetid\/allround-360-otsingumagnetid\/"},{"@type":"ListItem","position":5,"name":"Warrior pakett \u2013 kaks tugevat neod\u00fc\u00fcmmagneti (Terror ja Beast) \u2013 360\u00b0 allround otsingumagneti komplekt"}]},{"@type":"WebSite","@id":"https:\/\/test.magnetarmagnets.com\/et\/#website","url":"https:\/\/test.magnetarmagnets.com\/et\/","name":"Magnet fishing with a Magnetar fishing magnet","description":"Powerful magnets for magnet fishing","publisher":{"@id":"https:\/\/test.magnetarmagnets.com\/et\/#organization"},"potentialAction":[{"@type":"SearchAction","target":{"@type":"EntryPoint","urlTemplate":"https:\/\/test.magnetarmagnets.com\/et\/?s={search_term_string}"},"query-input":{"@type":"PropertyValueSpecification","valueRequired":true,"valueName":"search_term_string"}}],"inLanguage":"et"},{"@type":"Organization","@id":"https:\/\/test.magnetarmagnets.com\/et\/#organization","name":"Magnetar","url":"https:\/\/test.magnetarmagnets.com\/et\/","logo":{"@type":"ImageObject","inLanguage":"et","@id":"https:\/\/test.magnetarmagnets.com\/et\/#\/schema\/logo\/image\/","url":"https:\/\/magnetarmagnets.com\/wp-content\/uploads\/2021\/01\/magnetarvismagneet_logo.png","contentUrl":"https:\/\/magnetarmagnets.com\/wp-content\/uploads\/2021\/01\/magnetarvismagneet_logo.png","width":209,"height":100,"caption":"Magnetar"},"image":{"@id":"https:\/\/test.magnetarmagnets.com\/et\/#\/schema\/logo\/image\/"},"sameAs":["https:\/\/www.facebook.com\/fishingmagnets\/","https:\/\/www.instagram.com\/magnetar_magnets\/","https:\/\/www.linkedin.com\/company\/magnetarbv\/?originalSubdomain=nl","https:\/\/www.youtube.com\/c\/MagnetarVismagneet"]}]}},"_links":{"self":[{"href":"https:\/\/test.magnetarmagnets.com\/et\/wp-json\/wp\/v2\/product\/81573","targetHints":{"allow":["GET"]}}],"collection":[{"href":"https:\/\/test.magnetarmagnets.com\/et\/wp-json\/wp\/v2\/product"}],"about":[{"href":"https:\/\/test.magnetarmagnets.com\/et\/wp-json\/wp\/v2\/types\/product"}],"replies":[{"embeddable":true,"href":"https:\/\/test.magnetarmagnets.com\/et\/wp-json\/wp\/v2\/comments?post=81573"}],"wp:featuredmedia":[{"embeddable":true,"href":"https:\/\/test.magnetarmagnets.com\/et\/wp-json\/wp\/v2\/media\/72591"}],"wp:attachment":[{"href":"https:\/\/test.magnetarmagnets.com\/et\/wp-json\/wp\/v2\/media?parent=81573"}],"wp:term":[{"taxonomy":"product_brand","embeddable":true,"href":"https:\/\/test.magnetarmagnets.com\/et\/wp-json\/wp\/v2\/product_brand?post=81573"},{"taxonomy":"product_cat","embeddable":true,"href":"https:\/\/test.magnetarmagnets.com\/et\/wp-json\/wp\/v2\/product_cat?post=81573"},{"taxonomy":"product_tag","embeddable":true,"href":"https:\/\/test.magnetarmagnets.com\/et\/wp-json\/wp\/v2\/product_tag?post=81573"}],"curies":[{"name":"wp","href":"https:\/\/api.w.org\/{rel}","templated":true}]}}